{"id":5151,"date":"2022-02-20T21:07:35","date_gmt":"2022-02-20T21:07:35","guid":{"rendered":"https:\/\/medicinasinc.com\/pl\/?post_type=product&#038;p=5151"},"modified":"2022-03-22T01:03:13","modified_gmt":"2022-03-22T01:03:13","slug":"kup-diazepam-10-mg","status":"publish","type":"product","link":"https:\/\/medicinasinc.com\/pl\/product\/kup-diazepam-10-mg\/","title":{"rendered":"Kup Diazepam 10 mg"},"content":{"rendered":"<p>Kup 10 mg Dextripam online (Diazepam)<\/p>\n<p>Diazepam 10 mg na sprzeda\u017c online w Wielkiej Brytanii, w Europie w najlepszej cenie jest dost\u0119pny tutaj. Legalne leki s\u0105 dost\u0119pne w zaufanej aptece internetowej bestglobalmeds.com. Mo\u017cesz zaoszcz\u0119dzi\u0107 czas i pieni\u0105dze, sk\u0142adaj\u0105c zam\u00f3wienie online.<\/p>\n<p>Tabletki Dextripam 10 mg mo\u017cna kupi\u0107 online. Diazepam to lek stosowany w leczeniu l\u0119ku, objaw\u00f3w odstawienia alkoholu lub skurcz\u00f3w mi\u0119\u015bni.<\/p>\n<p>Diazepam w dawce 10 mg mo\u017cna kupi\u0107 w Wielkiej Brytanii. Diazepam (Valium 10 mg) mo\u017cna kupi\u0107 na bestsleepingtablets.com. Mamy dobry zapas pigu\u0142ek Diazepam w magazynie!<\/p>\n<p>Diazepam (generyczna valium) i inne&#8230; mo\u017cna por\u00f3wna\u0107, uzyska\u0107 wydrukowane kupony i znale\u017a\u0107 strategie oszcz\u0119dzania pieni\u0119dzy. Mo\u017cesz z\u0142o\u017cy\u0107 zam\u00f3wienie online i dostarczy\u0107 je do domu.<\/p>\n<div class=\"product-next-previous\">\n<div class=\"product-prev\"><\/div><\/div>\n","protected":false},"excerpt":{"rendered":"<p>Kup Diazepam 10 mg na sprzeda\u017c online w Wielkiej Brytanii, Europa w najlepszej cenie jest dost\u0119pna tutaj. Legalne leki s\u0105 dost\u0119pne w zaufanej aptece internetowej bestglobalmeds.com. Mo\u017cesz zaoszcz\u0119dzi\u0107 czas i pieni\u0105dze, sk\u0142adaj\u0105c zam\u00f3wienie online.<\/p>\n<p>Tabletki Dextripam 10 mg mo\u017cna kupi\u0107 online. Diazepam to lek stosowany w leczeniu l\u0119ku, objaw\u00f3w odstawienia alkoholu lub skurcz\u00f3w mi\u0119\u015bni.<\/p>\n<p>Diazepam w dawce 10 mg mo\u017cna kupi\u0107 w Wielkiej Brytanii. Diazepam (Valium 10 mg) mo\u017cna kupi\u0107 na bestsleepingtablets.com. Mamy dobry zapas tabletek Diazepam w magazynie!<\/p>\n<p>Diazepam (generyczny Valium) i inne&#8230; mo\u017cna por\u00f3wna\u0107, uzyska\u0107 wydrukowane kupony i znale\u017a\u0107 strategie oszcz\u0119dzania pieni\u0119dzy. Mo\u017cesz z\u0142o\u017cy\u0107 zam\u00f3wienie online i dostarczy\u0107 je do domu.<\/p>\n","protected":false},"featured_media":5170,"comment_status":"open","ping_status":"closed","template":"","meta":[],"product_brand":[],"product_cat":[1117],"product_tag":[],"class_list":{"0":"post-5151","1":"product","2":"type-product","3":"status-publish","4":"has-post-thumbnail","6":"product_cat-kup-tabletki-na-bol-spanie-seks","8":"first","9":"instock","10":"shipping-taxable","11":"purchasable","12":"product-type-variable","13":"has-default-attributes"},"yoast_head":"<!-- This site is optimized with the Yoast SEO plugin v27.3 - https:\/\/yoast.com\/product\/yoast-seo-wordpress\/ -->\n<title>Kup Diazepam 10 mg - Najlepsze najlepsze \u015bwiatowe leki<\/title>\n<meta name=\"description\" content=\"Kup Diazepam 10 mg na sprzeda\u017c w Wielkiej Brytanii, Europie w najlepszej cenie. bestglobalmeds.com to zaufana apteka internetowa z legalnymi lekami. Zam\u00f3w online i zaoszcz\u0119d\u017a sw\u00f3j czas i pieni\u0105dze.\" \/>\n<meta name=\"robots\" content=\"index, follow, max-snippet:-1, max-image-preview:large, max-video-preview:-1\" \/>\n<link rel=\"canonical\" href=\"https:\/\/medicinasinc.com\/pl\/product\/kup-diazepam-10-mg\/\" \/>\n<meta property=\"og:locale\" content=\"en_US\" \/>\n<meta property=\"og:type\" content=\"article\" \/>\n<meta property=\"og:title\" content=\"Kup Diazepam 10 mg - Najlepsze najlepsze \u015bwiatowe leki\" \/>\n<meta property=\"og:description\" content=\"Kup Diazepam 10 mg na sprzeda\u017c w Wielkiej Brytanii, Europie w najlepszej cenie. bestglobalmeds.com to zaufana apteka internetowa z legalnymi lekami. Zam\u00f3w online i zaoszcz\u0119d\u017a sw\u00f3j czas i pieni\u0105dze.\" \/>\n<meta property=\"og:url\" content=\"https:\/\/medicinasinc.com\/pl\/product\/kup-diazepam-10-mg\/\" \/>\n<meta property=\"og:site_name\" content=\"Medicinas Inc\" \/>\n<meta property=\"article:modified_time\" content=\"2022-03-22T01:03:13+00:00\" \/>\n<meta property=\"og:image\" content=\"https:\/\/medicinasinc.com\/pl\/wp-content\/uploads\/sites\/13\/2022\/02\/Buy-Diazepam-10-mg.jpg\" \/>\n\t<meta property=\"og:image:width\" content=\"400\" \/>\n\t<meta property=\"og:image:height\" content=\"400\" \/>\n\t<meta property=\"og:image:type\" content=\"image\/jpeg\" \/>\n<meta name=\"twitter:card\" content=\"summary_large_image\" \/>\n<meta name=\"twitter:label1\" content=\"Est. reading time\" \/>\n\t<meta name=\"twitter:data1\" content=\"1 minute\" \/>\n<script type=\"application\/ld+json\" class=\"yoast-schema-graph\">{\"@context\":\"https:\\\/\\\/schema.org\",\"@graph\":[{\"@type\":\"WebPage\",\"@id\":\"https:\\\/\\\/medicinasinc.com\\\/pl\\\/product\\\/kup-diazepam-10-mg\\\/\",\"url\":\"https:\\\/\\\/medicinasinc.com\\\/pl\\\/product\\\/kup-diazepam-10-mg\\\/\",\"name\":\"Kup Diazepam 10 mg - Najlepsze najlepsze \u015bwiatowe leki\",\"isPartOf\":{\"@id\":\"https:\\\/\\\/medicinasinc.com\\\/pl\\\/#website\"},\"primaryImageOfPage\":{\"@id\":\"https:\\\/\\\/medicinasinc.com\\\/pl\\\/product\\\/kup-diazepam-10-mg\\\/#primaryimage\"},\"image\":{\"@id\":\"https:\\\/\\\/medicinasinc.com\\\/pl\\\/product\\\/kup-diazepam-10-mg\\\/#primaryimage\"},\"thumbnailUrl\":\"https:\\\/\\\/medicinasinc.com\\\/pl\\\/wp-content\\\/uploads\\\/sites\\\/13\\\/2022\\\/02\\\/Buy-Diazepam-10-mg.jpg\",\"datePublished\":\"2022-02-20T21:07:35+00:00\",\"dateModified\":\"2022-03-22T01:03:13+00:00\",\"description\":\"Kup Diazepam 10 mg na sprzeda\u017c w Wielkiej Brytanii, Europie w najlepszej cenie. bestglobalmeds.com to zaufana apteka internetowa z legalnymi lekami. Zam\u00f3w online i zaoszcz\u0119d\u017a sw\u00f3j czas i pieni\u0105dze.\",\"breadcrumb\":{\"@id\":\"https:\\\/\\\/medicinasinc.com\\\/pl\\\/product\\\/kup-diazepam-10-mg\\\/#breadcrumb\"},\"inLanguage\":\"en-US\",\"potentialAction\":[{\"@type\":\"ReadAction\",\"target\":[\"https:\\\/\\\/medicinasinc.com\\\/pl\\\/product\\\/kup-diazepam-10-mg\\\/\"]}]},{\"@type\":\"ImageObject\",\"inLanguage\":\"en-US\",\"@id\":\"https:\\\/\\\/medicinasinc.com\\\/pl\\\/product\\\/kup-diazepam-10-mg\\\/#primaryimage\",\"url\":\"https:\\\/\\\/medicinasinc.com\\\/pl\\\/wp-content\\\/uploads\\\/sites\\\/13\\\/2022\\\/02\\\/Buy-Diazepam-10-mg.jpg\",\"contentUrl\":\"https:\\\/\\\/medicinasinc.com\\\/pl\\\/wp-content\\\/uploads\\\/sites\\\/13\\\/2022\\\/02\\\/Buy-Diazepam-10-mg.jpg\",\"width\":400,\"height\":400},{\"@type\":\"BreadcrumbList\",\"@id\":\"https:\\\/\\\/medicinasinc.com\\\/pl\\\/product\\\/kup-diazepam-10-mg\\\/#breadcrumb\",\"itemListElement\":[{\"@type\":\"ListItem\",\"position\":1,\"name\":\"Sklep\",\"item\":\"https:\\\/\\\/medicinasinc.com\\\/pl\\\/sklep\\\/\"},{\"@type\":\"ListItem\",\"position\":2,\"name\":\"Kup Diazepam 10 mg\"}]},{\"@type\":\"WebSite\",\"@id\":\"https:\\\/\\\/medicinasinc.com\\\/pl\\\/#website\",\"url\":\"https:\\\/\\\/medicinasinc.com\\\/pl\\\/\",\"name\":\"Medicinas Inc\",\"description\":\"Health Medical Clinic\",\"potentialAction\":[{\"@type\":\"SearchAction\",\"target\":{\"@type\":\"EntryPoint\",\"urlTemplate\":\"https:\\\/\\\/medicinasinc.com\\\/pl\\\/?s={search_term_string}\"},\"query-input\":{\"@type\":\"PropertyValueSpecification\",\"valueRequired\":true,\"valueName\":\"search_term_string\"}}],\"inLanguage\":\"en-US\"}]}<\/script>\n<!-- \/ Yoast SEO plugin. -->","yoast_head_json":{"title":"Kup Diazepam 10 mg - Najlepsze najlepsze \u015bwiatowe leki","description":"Kup Diazepam 10 mg na sprzeda\u017c w Wielkiej Brytanii, Europie w najlepszej cenie. bestglobalmeds.com to zaufana apteka internetowa z legalnymi lekami. Zam\u00f3w online i zaoszcz\u0119d\u017a sw\u00f3j czas i pieni\u0105dze.","robots":{"index":"index","follow":"follow","max-snippet":"max-snippet:-1","max-image-preview":"max-image-preview:large","max-video-preview":"max-video-preview:-1"},"canonical":"https:\/\/medicinasinc.com\/pl\/product\/kup-diazepam-10-mg\/","og_locale":"en_US","og_type":"article","og_title":"Kup Diazepam 10 mg - Najlepsze najlepsze \u015bwiatowe leki","og_description":"Kup Diazepam 10 mg na sprzeda\u017c w Wielkiej Brytanii, Europie w najlepszej cenie. bestglobalmeds.com to zaufana apteka internetowa z legalnymi lekami. Zam\u00f3w online i zaoszcz\u0119d\u017a sw\u00f3j czas i pieni\u0105dze.","og_url":"https:\/\/medicinasinc.com\/pl\/product\/kup-diazepam-10-mg\/","og_site_name":"Medicinas Inc","article_modified_time":"2022-03-22T01:03:13+00:00","og_image":[{"width":400,"height":400,"url":"https:\/\/medicinasinc.com\/pl\/wp-content\/uploads\/sites\/13\/2022\/02\/Buy-Diazepam-10-mg.jpg","type":"image\/jpeg"}],"twitter_card":"summary_large_image","twitter_misc":{"Est. reading time":"1 minute"},"schema":{"@context":"https:\/\/schema.org","@graph":[{"@type":"WebPage","@id":"https:\/\/medicinasinc.com\/pl\/product\/kup-diazepam-10-mg\/","url":"https:\/\/medicinasinc.com\/pl\/product\/kup-diazepam-10-mg\/","name":"Kup Diazepam 10 mg - Najlepsze najlepsze \u015bwiatowe leki","isPartOf":{"@id":"https:\/\/medicinasinc.com\/pl\/#website"},"primaryImageOfPage":{"@id":"https:\/\/medicinasinc.com\/pl\/product\/kup-diazepam-10-mg\/#primaryimage"},"image":{"@id":"https:\/\/medicinasinc.com\/pl\/product\/kup-diazepam-10-mg\/#primaryimage"},"thumbnailUrl":"https:\/\/medicinasinc.com\/pl\/wp-content\/uploads\/sites\/13\/2022\/02\/Buy-Diazepam-10-mg.jpg","datePublished":"2022-02-20T21:07:35+00:00","dateModified":"2022-03-22T01:03:13+00:00","description":"Kup Diazepam 10 mg na sprzeda\u017c w Wielkiej Brytanii, Europie w najlepszej cenie. bestglobalmeds.com to zaufana apteka internetowa z legalnymi lekami. Zam\u00f3w online i zaoszcz\u0119d\u017a sw\u00f3j czas i pieni\u0105dze.","breadcrumb":{"@id":"https:\/\/medicinasinc.com\/pl\/product\/kup-diazepam-10-mg\/#breadcrumb"},"inLanguage":"en-US","potentialAction":[{"@type":"ReadAction","target":["https:\/\/medicinasinc.com\/pl\/product\/kup-diazepam-10-mg\/"]}]},{"@type":"ImageObject","inLanguage":"en-US","@id":"https:\/\/medicinasinc.com\/pl\/product\/kup-diazepam-10-mg\/#primaryimage","url":"https:\/\/medicinasinc.com\/pl\/wp-content\/uploads\/sites\/13\/2022\/02\/Buy-Diazepam-10-mg.jpg","contentUrl":"https:\/\/medicinasinc.com\/pl\/wp-content\/uploads\/sites\/13\/2022\/02\/Buy-Diazepam-10-mg.jpg","width":400,"height":400},{"@type":"BreadcrumbList","@id":"https:\/\/medicinasinc.com\/pl\/product\/kup-diazepam-10-mg\/#breadcrumb","itemListElement":[{"@type":"ListItem","position":1,"name":"Sklep","item":"https:\/\/medicinasinc.com\/pl\/sklep\/"},{"@type":"ListItem","position":2,"name":"Kup Diazepam 10 mg"}]},{"@type":"WebSite","@id":"https:\/\/medicinasinc.com\/pl\/#website","url":"https:\/\/medicinasinc.com\/pl\/","name":"Medicinas Inc","description":"Health Medical Clinic","potentialAction":[{"@type":"SearchAction","target":{"@type":"EntryPoint","urlTemplate":"https:\/\/medicinasinc.com\/pl\/?s={search_term_string}"},"query-input":{"@type":"PropertyValueSpecification","valueRequired":true,"valueName":"search_term_string"}}],"inLanguage":"en-US"}]}},"_links":{"self":[{"href":"https:\/\/medicinasinc.com\/pl\/wp-json\/wp\/v2\/product\/5151","targetHints":{"allow":["GET"]}}],"collection":[{"href":"https:\/\/medicinasinc.com\/pl\/wp-json\/wp\/v2\/product"}],"about":[{"href":"https:\/\/medicinasinc.com\/pl\/wp-json\/wp\/v2\/types\/product"}],"replies":[{"embeddable":true,"href":"https:\/\/medicinasinc.com\/pl\/wp-json\/wp\/v2\/comments?post=5151"}],"wp:featuredmedia":[{"embeddable":true,"href":"https:\/\/medicinasinc.com\/pl\/wp-json\/wp\/v2\/media\/5170"}],"wp:attachment":[{"href":"https:\/\/medicinasinc.com\/pl\/wp-json\/wp\/v2\/media?parent=5151"}],"wp:term":[{"taxonomy":"product_brand","embeddable":true,"href":"https:\/\/medicinasinc.com\/pl\/wp-json\/wp\/v2\/product_brand?post=5151"},{"taxonomy":"product_cat","embeddable":true,"href":"https:\/\/medicinasinc.com\/pl\/wp-json\/wp\/v2\/product_cat?post=5151"},{"taxonomy":"product_tag","embeddable":true,"href":"https:\/\/medicinasinc.com\/pl\/wp-json\/wp\/v2\/product_tag?post=5151"}],"curies":[{"name":"wp","href":"https:\/\/api.w.org\/{rel}","templated":true}]}}