{"id":5149,"date":"2022-02-20T21:05:49","date_gmt":"2022-02-20T21:05:49","guid":{"rendered":"https:\/\/medicinasinc.com\/pl\/?post_type=product&#038;p=5149"},"modified":"2022-03-22T01:03:37","modified_gmt":"2022-03-22T01:03:37","slug":"kup-siarczan-kodeiny-30-mg","status":"publish","type":"product","link":"https:\/\/medicinasinc.com\/pl\/product\/kup-siarczan-kodeiny-30-mg\/","title":{"rendered":"Kup siarczan kodeiny 30 mg"},"content":{"rendered":"<p>Zakup online 30 mg fosforanu kodeiny<\/p>\n<p>Kodeina (fosforan) tabletki\/tabletki 30 mg:<\/p>\n<p>Kodeina (fosforan) leczy b\u00f3l lub kaszel. Lek ten jest lekiem przeciwkaszlowym i przeciwb\u00f3lowym w jednym, jest narkotycznym \u015brodkiem przeciwb\u00f3lowym.<\/p>\n<p>Mo\u017cesz kupi\u0107 Codeine Phosphate 30 mg w Internecie i dostarczy\u0107 go na noc do domu za po\u015brednictwem FedEx, bez konieczno\u015bci posiadania recepty, poniewa\u017c tak d\u0142ugo, jak jeste\u015b w USA.<\/p>\n<p>Codeine Phosphate 30 mg jest dost\u0119pny do zakupu online, z szybk\u0105, bezpieczn\u0105 i identyfikowaln\u0105 dostaw\u0105 dla wszystkich zakup\u00f3w. Teraz nadszed\u0142 czas, aby kupi\u0107 Codeine Phosphate online.<\/p>\n<p>Tabletki Codeine Phosphate (30 mg). Kodeina to silny \u015brodek przeciwb\u00f3lowy, kt\u00f3ry mo\u017cna otrzyma\u0107 wy\u0142\u0105cznie na recept\u0119 lekarza. Silny opiat i narkotyk, kt\u00f3ry dobrze dzia\u0142a. Zam\u00f3w\u00a0..<\/p>\n<p>\u015brodki uspokajaj\u0105ce sprzedawane bez recepty Obecnie dost\u0119pne na rynku. Kodeina to \u015brodek przeciwb\u00f3lowy, kt\u00f3ry mo\u017cna stosowa\u0107 w leczeniu umiarkowanego lub ci\u0119\u017ckiego dyskomfortu lub zapobieganiu mu. Mo\u017ce by\u0107 r\u00f3wnie\u017c stosowany w leczeniu r\u00f3\u017cnych dolegliwo\u015bci. Kodeina jest dost\u0119pna bez recepty w bardzo rozs\u0105dnej cenie online.<\/p>\n","protected":false},"excerpt":{"rendered":"<p>Kodeina\u00a0(fosforan)\u00a0tabletki\/tabletki 30 mg: Kodeina (fosforan) jest stosowana w celu \u0142agodzenia kaszlu i b\u00f3lu. Lek ten jest lekiem przeciwkaszlowym i przeciwb\u00f3lowym w jednym, jest narkotycznym \u015brodkiem przeciwb\u00f3lowym.<\/p>\n<p>Mo\u017cesz kupi\u0107 Codeine Phosphate\u00a030 mg przez Internet i dostarczy\u0107 go na noc do domu za po\u015brednictwem FedEx, bez konieczno\u015bci posiadania recepty, poniewa\u017c tak d\u0142ugo, jak przebywasz w Stanach Zjednoczonych.<\/p>\n<p>Codeine Phosphate 30 mg jest dost\u0119pny do zakupu online, z szybk\u0105, bezpieczn\u0105 i identyfikowaln\u0105 dostaw\u0105 dla wszystkich zakup\u00f3w. Teraz nadszed\u0142 czas, aby kupi\u0107 Codeine Phosphate online.<\/p>\n<p>Tabletki Codeine Phosphate (30 mg). Kodeina to silny \u015brodek przeciwb\u00f3lowy, kt\u00f3ry mo\u017cna otrzyma\u0107 tylko na recept\u0119 lekarza. Silny opiat i narkotyk, kt\u00f3ry dobrze dzia\u0142a. Zam\u00f3w\u00a0..<\/p>\n<p>\u015brodki uspokajaj\u0105ce sprzedawane bez recepty Obecnie dost\u0119pne na rynku. Kodeina to \u015brodek przeciwb\u00f3lowy, kt\u00f3ry mo\u017cna stosowa\u0107 w leczeniu umiarkowanego lub ci\u0119\u017ckiego dyskomfortu lub zapobieganiu mu. Mo\u017ce by\u0107 r\u00f3wnie\u017c stosowany w leczeniu r\u00f3\u017cnych dolegliwo\u015bci. Kodeina jest dost\u0119pna bez recepty w bardzo rozs\u0105dnej cenie online.<\/p>\n","protected":false},"featured_media":5166,"comment_status":"open","ping_status":"closed","template":"","meta":[],"product_brand":[],"product_cat":[1117],"product_tag":[],"class_list":{"0":"post-5149","1":"product","2":"type-product","3":"status-publish","4":"has-post-thumbnail","6":"product_cat-kup-tabletki-na-bol-spanie-seks","8":"first","9":"instock","10":"shipping-taxable","11":"purchasable","12":"product-type-variable","13":"has-default-attributes"},"yoast_head":"<!-- This site is optimized with the Yoast SEO plugin v27.3 - https:\/\/yoast.com\/product\/yoast-seo-wordpress\/ -->\n<title>Kup siarczan kodeiny 30 mg - najlepsze najlepsze globalne leki<\/title>\n<meta name=\"description\" content=\"Kup siarczan kodeiny 30 mg przez Internet, wysy\u0142ka na noc, markowe leki, dostawa przez FedEx, DPD Bez recepty, dostawa do USA, Wielkiej Brytanii i Europy.\" \/>\n<meta name=\"robots\" content=\"index, follow, max-snippet:-1, max-image-preview:large, max-video-preview:-1\" \/>\n<link rel=\"canonical\" href=\"https:\/\/medicinasinc.com\/pl\/product\/kup-siarczan-kodeiny-30-mg\/\" \/>\n<meta property=\"og:locale\" content=\"en_US\" \/>\n<meta property=\"og:type\" content=\"article\" \/>\n<meta property=\"og:title\" content=\"Kup siarczan kodeiny 30 mg - najlepsze najlepsze globalne leki\" \/>\n<meta property=\"og:description\" content=\"Kup siarczan kodeiny 30 mg przez Internet, wysy\u0142ka na noc, markowe leki, dostawa przez FedEx, DPD Bez recepty, dostawa do USA, Wielkiej Brytanii i Europy.\" \/>\n<meta property=\"og:url\" content=\"https:\/\/medicinasinc.com\/pl\/product\/kup-siarczan-kodeiny-30-mg\/\" \/>\n<meta property=\"og:site_name\" content=\"Medicinas Inc\" \/>\n<meta property=\"article:modified_time\" content=\"2022-03-22T01:03:37+00:00\" \/>\n<meta property=\"og:image\" content=\"https:\/\/medicinasinc.com\/pl\/wp-content\/uploads\/sites\/13\/2022\/02\/buy-codeine-sulfate-30mg-online.jpg\" \/>\n\t<meta property=\"og:image:width\" content=\"600\" \/>\n\t<meta property=\"og:image:height\" content=\"600\" \/>\n\t<meta property=\"og:image:type\" content=\"image\/jpeg\" \/>\n<meta name=\"twitter:card\" content=\"summary_large_image\" \/>\n<meta name=\"twitter:label1\" content=\"Est. reading time\" \/>\n\t<meta name=\"twitter:data1\" content=\"1 minute\" \/>\n<script type=\"application\/ld+json\" class=\"yoast-schema-graph\">{\"@context\":\"https:\\\/\\\/schema.org\",\"@graph\":[{\"@type\":\"WebPage\",\"@id\":\"https:\\\/\\\/medicinasinc.com\\\/pl\\\/product\\\/kup-siarczan-kodeiny-30-mg\\\/\",\"url\":\"https:\\\/\\\/medicinasinc.com\\\/pl\\\/product\\\/kup-siarczan-kodeiny-30-mg\\\/\",\"name\":\"Kup siarczan kodeiny 30 mg - najlepsze najlepsze globalne leki\",\"isPartOf\":{\"@id\":\"https:\\\/\\\/medicinasinc.com\\\/pl\\\/#website\"},\"primaryImageOfPage\":{\"@id\":\"https:\\\/\\\/medicinasinc.com\\\/pl\\\/product\\\/kup-siarczan-kodeiny-30-mg\\\/#primaryimage\"},\"image\":{\"@id\":\"https:\\\/\\\/medicinasinc.com\\\/pl\\\/product\\\/kup-siarczan-kodeiny-30-mg\\\/#primaryimage\"},\"thumbnailUrl\":\"https:\\\/\\\/medicinasinc.com\\\/pl\\\/wp-content\\\/uploads\\\/sites\\\/13\\\/2022\\\/02\\\/buy-codeine-sulfate-30mg-online.jpg\",\"datePublished\":\"2022-02-20T21:05:49+00:00\",\"dateModified\":\"2022-03-22T01:03:37+00:00\",\"description\":\"Kup siarczan kodeiny 30 mg przez Internet, wysy\u0142ka na noc, markowe leki, dostawa przez FedEx, DPD Bez recepty, dostawa do USA, Wielkiej Brytanii i Europy.\",\"breadcrumb\":{\"@id\":\"https:\\\/\\\/medicinasinc.com\\\/pl\\\/product\\\/kup-siarczan-kodeiny-30-mg\\\/#breadcrumb\"},\"inLanguage\":\"en-US\",\"potentialAction\":[{\"@type\":\"ReadAction\",\"target\":[\"https:\\\/\\\/medicinasinc.com\\\/pl\\\/product\\\/kup-siarczan-kodeiny-30-mg\\\/\"]}]},{\"@type\":\"ImageObject\",\"inLanguage\":\"en-US\",\"@id\":\"https:\\\/\\\/medicinasinc.com\\\/pl\\\/product\\\/kup-siarczan-kodeiny-30-mg\\\/#primaryimage\",\"url\":\"https:\\\/\\\/medicinasinc.com\\\/pl\\\/wp-content\\\/uploads\\\/sites\\\/13\\\/2022\\\/02\\\/buy-codeine-sulfate-30mg-online.jpg\",\"contentUrl\":\"https:\\\/\\\/medicinasinc.com\\\/pl\\\/wp-content\\\/uploads\\\/sites\\\/13\\\/2022\\\/02\\\/buy-codeine-sulfate-30mg-online.jpg\",\"width\":600,\"height\":600},{\"@type\":\"BreadcrumbList\",\"@id\":\"https:\\\/\\\/medicinasinc.com\\\/pl\\\/product\\\/kup-siarczan-kodeiny-30-mg\\\/#breadcrumb\",\"itemListElement\":[{\"@type\":\"ListItem\",\"position\":1,\"name\":\"Sklep\",\"item\":\"https:\\\/\\\/medicinasinc.com\\\/pl\\\/sklep\\\/\"},{\"@type\":\"ListItem\",\"position\":2,\"name\":\"Kup siarczan kodeiny 30 mg\"}]},{\"@type\":\"WebSite\",\"@id\":\"https:\\\/\\\/medicinasinc.com\\\/pl\\\/#website\",\"url\":\"https:\\\/\\\/medicinasinc.com\\\/pl\\\/\",\"name\":\"Medicinas Inc\",\"description\":\"Health Medical Clinic\",\"potentialAction\":[{\"@type\":\"SearchAction\",\"target\":{\"@type\":\"EntryPoint\",\"urlTemplate\":\"https:\\\/\\\/medicinasinc.com\\\/pl\\\/?s={search_term_string}\"},\"query-input\":{\"@type\":\"PropertyValueSpecification\",\"valueRequired\":true,\"valueName\":\"search_term_string\"}}],\"inLanguage\":\"en-US\"}]}<\/script>\n<!-- \/ Yoast SEO plugin. -->","yoast_head_json":{"title":"Kup siarczan kodeiny 30 mg - najlepsze najlepsze globalne leki","description":"Kup siarczan kodeiny 30 mg przez Internet, wysy\u0142ka na noc, markowe leki, dostawa przez FedEx, DPD Bez recepty, dostawa do USA, Wielkiej Brytanii i Europy.","robots":{"index":"index","follow":"follow","max-snippet":"max-snippet:-1","max-image-preview":"max-image-preview:large","max-video-preview":"max-video-preview:-1"},"canonical":"https:\/\/medicinasinc.com\/pl\/product\/kup-siarczan-kodeiny-30-mg\/","og_locale":"en_US","og_type":"article","og_title":"Kup siarczan kodeiny 30 mg - najlepsze najlepsze globalne leki","og_description":"Kup siarczan kodeiny 30 mg przez Internet, wysy\u0142ka na noc, markowe leki, dostawa przez FedEx, DPD Bez recepty, dostawa do USA, Wielkiej Brytanii i Europy.","og_url":"https:\/\/medicinasinc.com\/pl\/product\/kup-siarczan-kodeiny-30-mg\/","og_site_name":"Medicinas Inc","article_modified_time":"2022-03-22T01:03:37+00:00","og_image":[{"width":600,"height":600,"url":"https:\/\/medicinasinc.com\/pl\/wp-content\/uploads\/sites\/13\/2022\/02\/buy-codeine-sulfate-30mg-online.jpg","type":"image\/jpeg"}],"twitter_card":"summary_large_image","twitter_misc":{"Est. reading time":"1 minute"},"schema":{"@context":"https:\/\/schema.org","@graph":[{"@type":"WebPage","@id":"https:\/\/medicinasinc.com\/pl\/product\/kup-siarczan-kodeiny-30-mg\/","url":"https:\/\/medicinasinc.com\/pl\/product\/kup-siarczan-kodeiny-30-mg\/","name":"Kup siarczan kodeiny 30 mg - najlepsze najlepsze globalne leki","isPartOf":{"@id":"https:\/\/medicinasinc.com\/pl\/#website"},"primaryImageOfPage":{"@id":"https:\/\/medicinasinc.com\/pl\/product\/kup-siarczan-kodeiny-30-mg\/#primaryimage"},"image":{"@id":"https:\/\/medicinasinc.com\/pl\/product\/kup-siarczan-kodeiny-30-mg\/#primaryimage"},"thumbnailUrl":"https:\/\/medicinasinc.com\/pl\/wp-content\/uploads\/sites\/13\/2022\/02\/buy-codeine-sulfate-30mg-online.jpg","datePublished":"2022-02-20T21:05:49+00:00","dateModified":"2022-03-22T01:03:37+00:00","description":"Kup siarczan kodeiny 30 mg przez Internet, wysy\u0142ka na noc, markowe leki, dostawa przez FedEx, DPD Bez recepty, dostawa do USA, Wielkiej Brytanii i Europy.","breadcrumb":{"@id":"https:\/\/medicinasinc.com\/pl\/product\/kup-siarczan-kodeiny-30-mg\/#breadcrumb"},"inLanguage":"en-US","potentialAction":[{"@type":"ReadAction","target":["https:\/\/medicinasinc.com\/pl\/product\/kup-siarczan-kodeiny-30-mg\/"]}]},{"@type":"ImageObject","inLanguage":"en-US","@id":"https:\/\/medicinasinc.com\/pl\/product\/kup-siarczan-kodeiny-30-mg\/#primaryimage","url":"https:\/\/medicinasinc.com\/pl\/wp-content\/uploads\/sites\/13\/2022\/02\/buy-codeine-sulfate-30mg-online.jpg","contentUrl":"https:\/\/medicinasinc.com\/pl\/wp-content\/uploads\/sites\/13\/2022\/02\/buy-codeine-sulfate-30mg-online.jpg","width":600,"height":600},{"@type":"BreadcrumbList","@id":"https:\/\/medicinasinc.com\/pl\/product\/kup-siarczan-kodeiny-30-mg\/#breadcrumb","itemListElement":[{"@type":"ListItem","position":1,"name":"Sklep","item":"https:\/\/medicinasinc.com\/pl\/sklep\/"},{"@type":"ListItem","position":2,"name":"Kup siarczan kodeiny 30 mg"}]},{"@type":"WebSite","@id":"https:\/\/medicinasinc.com\/pl\/#website","url":"https:\/\/medicinasinc.com\/pl\/","name":"Medicinas Inc","description":"Health Medical Clinic","potentialAction":[{"@type":"SearchAction","target":{"@type":"EntryPoint","urlTemplate":"https:\/\/medicinasinc.com\/pl\/?s={search_term_string}"},"query-input":{"@type":"PropertyValueSpecification","valueRequired":true,"valueName":"search_term_string"}}],"inLanguage":"en-US"}]}},"_links":{"self":[{"href":"https:\/\/medicinasinc.com\/pl\/wp-json\/wp\/v2\/product\/5149","targetHints":{"allow":["GET"]}}],"collection":[{"href":"https:\/\/medicinasinc.com\/pl\/wp-json\/wp\/v2\/product"}],"about":[{"href":"https:\/\/medicinasinc.com\/pl\/wp-json\/wp\/v2\/types\/product"}],"replies":[{"embeddable":true,"href":"https:\/\/medicinasinc.com\/pl\/wp-json\/wp\/v2\/comments?post=5149"}],"wp:featuredmedia":[{"embeddable":true,"href":"https:\/\/medicinasinc.com\/pl\/wp-json\/wp\/v2\/media\/5166"}],"wp:attachment":[{"href":"https:\/\/medicinasinc.com\/pl\/wp-json\/wp\/v2\/media?parent=5149"}],"wp:term":[{"taxonomy":"product_brand","embeddable":true,"href":"https:\/\/medicinasinc.com\/pl\/wp-json\/wp\/v2\/product_brand?post=5149"},{"taxonomy":"product_cat","embeddable":true,"href":"https:\/\/medicinasinc.com\/pl\/wp-json\/wp\/v2\/product_cat?post=5149"},{"taxonomy":"product_tag","embeddable":true,"href":"https:\/\/medicinasinc.com\/pl\/wp-json\/wp\/v2\/product_tag?post=5149"}],"curies":[{"name":"wp","href":"https:\/\/api.w.org\/{rel}","templated":true}]}}