{"id":5148,"date":"2022-02-20T21:04:44","date_gmt":"2022-02-20T21:04:44","guid":{"rendered":"https:\/\/medicinasinc.com\/pl\/?post_type=product&#038;p=5148"},"modified":"2022-03-22T01:03:45","modified_gmt":"2022-03-22T01:03:45","slug":"kup-bunex-0-2mg-buprenorfina","status":"publish","type":"product","link":"https:\/\/medicinasinc.com\/pl\/product\/kup-bunex-0-2mg-buprenorfina\/","title":{"rendered":"Kup Bunex 0,2 mg (buprenorfina)"},"content":{"rendered":"<p>Pigu\u0142ki Bunex Buprenorfina mo\u017cna kupi\u0107 przez Internet.<\/p>\n<p>Gdzie mog\u0119 dosta\u0107 Buprenorfin\u0119? Gdzie mog\u0119 dosta\u0107 buprenorfin\u0119 bez recepty?<\/p>\n<p>Jest to p\u00f3\u0142syntetyczny \u015brodek przeciwb\u00f3lowy opracowany z naturalnie wyst\u0119puj\u0105cych zwi\u0105zk\u00f3w chemicznych maku lekarskiego. Mak lekarski jest \u017ar\u00f3d\u0142em chemicznej tebainy, z kt\u00f3rej wytwarza si\u0119 buprenorfin\u0119. Poniewa\u017c buprenorfina jest p\u00f3\u0142syntetyczna, jest syntetycznym opioidem. Wszystkie leki pochodz\u0105ce z maku lekarskiego s\u0105 okre\u015blane w \u015brodowisku medycznym jako opioidy. Opioidy nale\u017c\u0105 do najskuteczniejszych dost\u0119pnych \u015brodk\u00f3w przeciwb\u00f3lowych, a ich dzia\u0142anie znacznie przewy\u017csza dzia\u0142anie wi\u0119kszo\u015bci innych lek\u00f3w.<\/p>\n<p>W jakim sensie dzia\u0142a lek Buprenorfina? Gdzie kupi\u0107 buprenorfin\u0119<\/p>\n<p>Po wch\u0142oni\u0119ciu do krwiobiegu buprenorfina ma wp\u0142yw na uk\u0142ad nerwowy. Dzieje si\u0119 tak, gdy buprenorfina dostaje si\u0119 do m\u00f3zgu, gdzie blokuje zako\u0144czenia nerwowe przenosz\u0105ce b\u00f3l. Buprenorfina nie rozwi\u0105zuje podstawowej przyczyny dyskomfortu pacjenta; raczej zmniejsza ich postrzeganie, pozwalaj\u0105c im si\u0119 zrelaksowa\u0107.<\/p>\n<p>Ludzie regularnie przepisuj\u0105 buprenorfin\u0119. B\u00f3l spowodowany skurczami mi\u0119\u015bni jest najcz\u0119stszym powodem przyjmowania buprenorfiny. Je\u015bli kiedykolwiek wyst\u0105pi skurcz, rozwa\u017c zakup buprenorfiny, aby sprawdzi\u0107, czy pomo\u017ce ci poradzi\u0107 sobie z dyskomfortem.<br \/> Pacjentom, kt\u00f3rzy przeszli operacj\u0119 lub borykaj\u0105 si\u0119 ze z\u0142amaniami, buprenorfina jest zwykle przepisywana przez lekarzy. Buprenorfina pomaga tym osobom radzi\u0107 sobie z b\u00f3lami, dop\u00f3ki nie zagoj\u0105 si\u0119 z podstawowego \u017ar\u00f3d\u0142a ich dyskomfortu.<\/p>\n<p>W jakim sensie dzia\u0142a lek Buprenorfina? Gdzie kupi\u0107 buprenorfin\u0119<\/p>\n<p>Na dawkowanie buprenorfiny ma du\u017cy wp\u0142yw poziom dyskomfortu i si\u0142y psychicznej danej osoby. Zazwyczaj najpierw nale\u017cy wypr\u00f3bowa\u0107 nisk\u0105 dawk\u0119 8 mg, a je\u015bli to nie zadzia\u0142a, nale\u017cy wypr\u00f3bowa\u0107 wy\u017csz\u0105 dawk\u0119 16 mg. Buprenorfin\u0119 mo\u017cna zwi\u0119kszy\u0107 do 24 mg, nawet je\u015bli 16 mg jest nieskuteczne. Og\u00f3lnie rzecz bior\u0105c, je\u015bli planujesz kupi\u0107 buprenorfin\u0119 przez Internet bez recepty, nie przekraczaj tej zalecanej dawki.<\/p>\n<p>W jakim sensie lek Buprenorfina dzia\u0142a? Gdzie kupi\u0107 buprenorfin\u0119<\/p>\n<p>Dla kobiet w ci\u0105\u017cy buprenorfina nie jest odpowiedni\u0105 kuracj\u0105, poniewa\u017c ma znacz\u0105cy wp\u0142yw na uk\u0142ad rozrodczy kobiet. Przyjmowanie buprenorfiny mo\u017ce by\u0107 niebezpieczne dla niekt\u00f3rych os\u00f3b wra\u017cliwych na opioidy. Ze wzgl\u0119du na niebezpiecze\u0144stwa zwi\u0105zane ze stosowaniem buprenorfiny u pacjent\u00f3w z rakiem, przed zakupem buprenorfiny przez Internet powinni skonsultowa\u0107 si\u0119 z lekarzem.<\/p>\n<p>Opr\u00f3cz senno\u015bci, lenistwa, zawrot\u00f3w g\u0142owy, b\u00f3l\u00f3w g\u0142owy i nudno\u015bci, buprenorfina mo\u017ce powodowa\u0107 wiele innych dzia\u0142a\u0144 niepo\u017c\u0105danych . Ponadto niekt\u00f3re osoby mog\u0105 odczuwa\u0107 zmian\u0119 zmys\u0142u dotyku, w takim przypadku nale\u017cy zwr\u00f3ci\u0107 si\u0119 o pomoc lekarsk\u0105.<\/p>\n<p>Dzia\u0142anie buprenorfiny<br \/>Zastosowania buprenorfiny<br \/> Dzia\u0142ania niepo\u017c\u0105dane na Buprenorfina Objawy uzale\u017cnienia od buprenorfiny<\/p>\n","protected":false},"excerpt":{"rendered":"<p>Kup Bunex 0,2 mg (buprenorfina) na sprzeda\u017c w Wielkiej Brytanii, UE online W aptece Bestglobalmeds.com.com po niskich i przyst\u0119pnych cenach z bezpieczn\u0105 i szybk\u0105 wysy\u0142k\u0105<\/p>\n<p>Kup Bunex 0,2 mg (buprenorfina) online -Od Apteka internetowa Bestglobalmeds.com.com po niskich i przyst\u0119pnych cenach z bezpieczn\u0105 i szybk\u0105 wysy\u0142k\u0105.Skontaktuj si\u0119 z nami pod adresem info@bestglobalmeds.com<\/p>\n<p>Kup Bunex 0,2mg (buprenorfina) online<\/p>\n<p>Bunex 0,2 ceny mg (buprenorfiny) w Internecie<\/p>\n<p>ceny Bunex 0,2 mg (buprenorfiny)<\/p>\n<p>&nbsp;<\/p>\n<p>kup Bunex 0,2 mg (buprenorfiny)<\/p>\n","protected":false},"featured_media":5164,"comment_status":"open","ping_status":"closed","template":"","meta":[],"product_brand":[],"product_cat":[1117],"product_tag":[1237,1238,1239,1241,1242,1240,1243,1245,1244,1246],"class_list":{"0":"post-5148","1":"product","2":"type-product","3":"status-publish","4":"has-post-thumbnail","6":"product_cat-kup-tabletki-na-bol-spanie-seks","7":"product_tag-bunex-buprenorfina-0-20mg","8":"product_tag-bunex-buprenorfina-0-20mg-i-steroidy","9":"product_tag-bunex-buprenorfina-0-20mg-online","10":"product_tag-bunex-buprenorfina-8mg","11":"product_tag-bunex-buprenorfina-online","12":"product_tag-bunex-buprenorphine-0-2mg-by-safe-pharma","13":"product_tag-bunex-buprenorfina","14":"product_tag-cbt-pharmaceuticals-shop-pain-killers-bunex-buprenorphine-20-mg","15":"product_tag-kubek-buprenorfina-bunex-0-20mg","16":"product_tag-tramapartramadol-hcl-paracetamol-cena-3-kup-online-bunexbuprenorfina","18":"first","19":"instock","20":"shipping-taxable","21":"purchasable","22":"product-type-variable","23":"has-default-attributes"},"yoast_head":"<!-- This site is optimized with the Yoast SEO plugin v27.3 - https:\/\/yoast.com\/product\/yoast-seo-wordpress\/ -->\n<title>Kup Bunex 0,2 mg (buprenorfina) - Researchem<\/title>\n<meta name=\"description\" content=\"Kup Bunex 0,2 mg (Buprenorfina) na sprzeda\u017c w Wielkiej Brytanii, UE online W aptece Bestglobalmeds.com.com po niskich i przyst\u0119pnych cenach z bezpieczn\u0105 i szybk\u0105 wysy\u0142k\u0105\" \/>\n<meta name=\"robots\" content=\"index, follow, max-snippet:-1, max-image-preview:large, max-video-preview:-1\" \/>\n<link rel=\"canonical\" href=\"https:\/\/medicinasinc.com\/pl\/product\/kup-bunex-0-2mg-buprenorfina\/\" \/>\n<meta property=\"og:locale\" content=\"en_US\" \/>\n<meta property=\"og:type\" content=\"article\" \/>\n<meta property=\"og:title\" content=\"Kup Bunex 0,2 mg (buprenorfina) - Researchem\" \/>\n<meta property=\"og:description\" content=\"Kup Bunex 0,2 mg (Buprenorfina) na sprzeda\u017c w Wielkiej Brytanii, UE online W aptece Bestglobalmeds.com.com po niskich i przyst\u0119pnych cenach z bezpieczn\u0105 i szybk\u0105 wysy\u0142k\u0105\" \/>\n<meta property=\"og:url\" content=\"https:\/\/medicinasinc.com\/pl\/product\/kup-bunex-0-2mg-buprenorfina\/\" \/>\n<meta property=\"og:site_name\" content=\"Medicinas Inc\" \/>\n<meta property=\"article:modified_time\" content=\"2022-03-22T01:03:45+00:00\" \/>\n<meta property=\"og:image\" content=\"https:\/\/medicinasinc.com\/pl\/wp-content\/uploads\/sites\/13\/2022\/02\/Buy-Bunex-0.2mg.jpg\" \/>\n\t<meta property=\"og:image:width\" content=\"600\" \/>\n\t<meta property=\"og:image:height\" content=\"600\" \/>\n\t<meta property=\"og:image:type\" content=\"image\/jpeg\" \/>\n<meta name=\"twitter:card\" content=\"summary_large_image\" \/>\n<meta name=\"twitter:label1\" content=\"Est. reading time\" \/>\n\t<meta name=\"twitter:data1\" content=\"2 minutes\" \/>\n<script type=\"application\/ld+json\" class=\"yoast-schema-graph\">{\"@context\":\"https:\\\/\\\/schema.org\",\"@graph\":[{\"@type\":\"WebPage\",\"@id\":\"https:\\\/\\\/medicinasinc.com\\\/pl\\\/product\\\/kup-bunex-0-2mg-buprenorfina\\\/\",\"url\":\"https:\\\/\\\/medicinasinc.com\\\/pl\\\/product\\\/kup-bunex-0-2mg-buprenorfina\\\/\",\"name\":\"Kup Bunex 0,2 mg (buprenorfina) - Researchem\",\"isPartOf\":{\"@id\":\"https:\\\/\\\/medicinasinc.com\\\/pl\\\/#website\"},\"primaryImageOfPage\":{\"@id\":\"https:\\\/\\\/medicinasinc.com\\\/pl\\\/product\\\/kup-bunex-0-2mg-buprenorfina\\\/#primaryimage\"},\"image\":{\"@id\":\"https:\\\/\\\/medicinasinc.com\\\/pl\\\/product\\\/kup-bunex-0-2mg-buprenorfina\\\/#primaryimage\"},\"thumbnailUrl\":\"https:\\\/\\\/medicinasinc.com\\\/pl\\\/wp-content\\\/uploads\\\/sites\\\/13\\\/2022\\\/02\\\/Buy-Bunex-0.2mg.jpg\",\"datePublished\":\"2022-02-20T21:04:44+00:00\",\"dateModified\":\"2022-03-22T01:03:45+00:00\",\"description\":\"Kup Bunex 0,2 mg (Buprenorfina) na sprzeda\u017c w Wielkiej Brytanii, UE online W aptece Bestglobalmeds.com.com po niskich i przyst\u0119pnych cenach z bezpieczn\u0105 i szybk\u0105 wysy\u0142k\u0105\",\"breadcrumb\":{\"@id\":\"https:\\\/\\\/medicinasinc.com\\\/pl\\\/product\\\/kup-bunex-0-2mg-buprenorfina\\\/#breadcrumb\"},\"inLanguage\":\"en-US\",\"potentialAction\":[{\"@type\":\"ReadAction\",\"target\":[\"https:\\\/\\\/medicinasinc.com\\\/pl\\\/product\\\/kup-bunex-0-2mg-buprenorfina\\\/\"]}]},{\"@type\":\"ImageObject\",\"inLanguage\":\"en-US\",\"@id\":\"https:\\\/\\\/medicinasinc.com\\\/pl\\\/product\\\/kup-bunex-0-2mg-buprenorfina\\\/#primaryimage\",\"url\":\"https:\\\/\\\/medicinasinc.com\\\/pl\\\/wp-content\\\/uploads\\\/sites\\\/13\\\/2022\\\/02\\\/Buy-Bunex-0.2mg.jpg\",\"contentUrl\":\"https:\\\/\\\/medicinasinc.com\\\/pl\\\/wp-content\\\/uploads\\\/sites\\\/13\\\/2022\\\/02\\\/Buy-Bunex-0.2mg.jpg\",\"width\":600,\"height\":600},{\"@type\":\"BreadcrumbList\",\"@id\":\"https:\\\/\\\/medicinasinc.com\\\/pl\\\/product\\\/kup-bunex-0-2mg-buprenorfina\\\/#breadcrumb\",\"itemListElement\":[{\"@type\":\"ListItem\",\"position\":1,\"name\":\"Sklep\",\"item\":\"https:\\\/\\\/medicinasinc.com\\\/pl\\\/sklep\\\/\"},{\"@type\":\"ListItem\",\"position\":2,\"name\":\"Kup Bunex 0,2 mg (buprenorfina)\"}]},{\"@type\":\"WebSite\",\"@id\":\"https:\\\/\\\/medicinasinc.com\\\/pl\\\/#website\",\"url\":\"https:\\\/\\\/medicinasinc.com\\\/pl\\\/\",\"name\":\"Medicinas Inc\",\"description\":\"Health Medical Clinic\",\"potentialAction\":[{\"@type\":\"SearchAction\",\"target\":{\"@type\":\"EntryPoint\",\"urlTemplate\":\"https:\\\/\\\/medicinasinc.com\\\/pl\\\/?s={search_term_string}\"},\"query-input\":{\"@type\":\"PropertyValueSpecification\",\"valueRequired\":true,\"valueName\":\"search_term_string\"}}],\"inLanguage\":\"en-US\"}]}<\/script>\n<!-- \/ Yoast SEO plugin. -->","yoast_head_json":{"title":"Kup Bunex 0,2 mg (buprenorfina) - Researchem","description":"Kup Bunex 0,2 mg (Buprenorfina) na sprzeda\u017c w Wielkiej Brytanii, UE online W aptece Bestglobalmeds.com.com po niskich i przyst\u0119pnych cenach z bezpieczn\u0105 i szybk\u0105 wysy\u0142k\u0105","robots":{"index":"index","follow":"follow","max-snippet":"max-snippet:-1","max-image-preview":"max-image-preview:large","max-video-preview":"max-video-preview:-1"},"canonical":"https:\/\/medicinasinc.com\/pl\/product\/kup-bunex-0-2mg-buprenorfina\/","og_locale":"en_US","og_type":"article","og_title":"Kup Bunex 0,2 mg (buprenorfina) - Researchem","og_description":"Kup Bunex 0,2 mg (Buprenorfina) na sprzeda\u017c w Wielkiej Brytanii, UE online W aptece Bestglobalmeds.com.com po niskich i przyst\u0119pnych cenach z bezpieczn\u0105 i szybk\u0105 wysy\u0142k\u0105","og_url":"https:\/\/medicinasinc.com\/pl\/product\/kup-bunex-0-2mg-buprenorfina\/","og_site_name":"Medicinas Inc","article_modified_time":"2022-03-22T01:03:45+00:00","og_image":[{"width":600,"height":600,"url":"https:\/\/medicinasinc.com\/pl\/wp-content\/uploads\/sites\/13\/2022\/02\/Buy-Bunex-0.2mg.jpg","type":"image\/jpeg"}],"twitter_card":"summary_large_image","twitter_misc":{"Est. reading time":"2 minutes"},"schema":{"@context":"https:\/\/schema.org","@graph":[{"@type":"WebPage","@id":"https:\/\/medicinasinc.com\/pl\/product\/kup-bunex-0-2mg-buprenorfina\/","url":"https:\/\/medicinasinc.com\/pl\/product\/kup-bunex-0-2mg-buprenorfina\/","name":"Kup Bunex 0,2 mg (buprenorfina) - Researchem","isPartOf":{"@id":"https:\/\/medicinasinc.com\/pl\/#website"},"primaryImageOfPage":{"@id":"https:\/\/medicinasinc.com\/pl\/product\/kup-bunex-0-2mg-buprenorfina\/#primaryimage"},"image":{"@id":"https:\/\/medicinasinc.com\/pl\/product\/kup-bunex-0-2mg-buprenorfina\/#primaryimage"},"thumbnailUrl":"https:\/\/medicinasinc.com\/pl\/wp-content\/uploads\/sites\/13\/2022\/02\/Buy-Bunex-0.2mg.jpg","datePublished":"2022-02-20T21:04:44+00:00","dateModified":"2022-03-22T01:03:45+00:00","description":"Kup Bunex 0,2 mg (Buprenorfina) na sprzeda\u017c w Wielkiej Brytanii, UE online W aptece Bestglobalmeds.com.com po niskich i przyst\u0119pnych cenach z bezpieczn\u0105 i szybk\u0105 wysy\u0142k\u0105","breadcrumb":{"@id":"https:\/\/medicinasinc.com\/pl\/product\/kup-bunex-0-2mg-buprenorfina\/#breadcrumb"},"inLanguage":"en-US","potentialAction":[{"@type":"ReadAction","target":["https:\/\/medicinasinc.com\/pl\/product\/kup-bunex-0-2mg-buprenorfina\/"]}]},{"@type":"ImageObject","inLanguage":"en-US","@id":"https:\/\/medicinasinc.com\/pl\/product\/kup-bunex-0-2mg-buprenorfina\/#primaryimage","url":"https:\/\/medicinasinc.com\/pl\/wp-content\/uploads\/sites\/13\/2022\/02\/Buy-Bunex-0.2mg.jpg","contentUrl":"https:\/\/medicinasinc.com\/pl\/wp-content\/uploads\/sites\/13\/2022\/02\/Buy-Bunex-0.2mg.jpg","width":600,"height":600},{"@type":"BreadcrumbList","@id":"https:\/\/medicinasinc.com\/pl\/product\/kup-bunex-0-2mg-buprenorfina\/#breadcrumb","itemListElement":[{"@type":"ListItem","position":1,"name":"Sklep","item":"https:\/\/medicinasinc.com\/pl\/sklep\/"},{"@type":"ListItem","position":2,"name":"Kup Bunex 0,2 mg (buprenorfina)"}]},{"@type":"WebSite","@id":"https:\/\/medicinasinc.com\/pl\/#website","url":"https:\/\/medicinasinc.com\/pl\/","name":"Medicinas Inc","description":"Health Medical Clinic","potentialAction":[{"@type":"SearchAction","target":{"@type":"EntryPoint","urlTemplate":"https:\/\/medicinasinc.com\/pl\/?s={search_term_string}"},"query-input":{"@type":"PropertyValueSpecification","valueRequired":true,"valueName":"search_term_string"}}],"inLanguage":"en-US"}]}},"_links":{"self":[{"href":"https:\/\/medicinasinc.com\/pl\/wp-json\/wp\/v2\/product\/5148","targetHints":{"allow":["GET"]}}],"collection":[{"href":"https:\/\/medicinasinc.com\/pl\/wp-json\/wp\/v2\/product"}],"about":[{"href":"https:\/\/medicinasinc.com\/pl\/wp-json\/wp\/v2\/types\/product"}],"replies":[{"embeddable":true,"href":"https:\/\/medicinasinc.com\/pl\/wp-json\/wp\/v2\/comments?post=5148"}],"wp:featuredmedia":[{"embeddable":true,"href":"https:\/\/medicinasinc.com\/pl\/wp-json\/wp\/v2\/media\/5164"}],"wp:attachment":[{"href":"https:\/\/medicinasinc.com\/pl\/wp-json\/wp\/v2\/media?parent=5148"}],"wp:term":[{"taxonomy":"product_brand","embeddable":true,"href":"https:\/\/medicinasinc.com\/pl\/wp-json\/wp\/v2\/product_brand?post=5148"},{"taxonomy":"product_cat","embeddable":true,"href":"https:\/\/medicinasinc.com\/pl\/wp-json\/wp\/v2\/product_cat?post=5148"},{"taxonomy":"product_tag","embeddable":true,"href":"https:\/\/medicinasinc.com\/pl\/wp-json\/wp\/v2\/product_tag?post=5148"}],"curies":[{"name":"wp","href":"https:\/\/api.w.org\/{rel}","templated":true}]}}