{"id":5125,"date":"2022-02-20T20:43:45","date_gmt":"2022-02-20T20:43:45","guid":{"rendered":"https:\/\/medicinasinc.com\/pl\/?post_type=product&#038;p=5125"},"modified":"2022-03-22T01:03:54","modified_gmt":"2022-03-22T01:03:54","slug":"kup-ativan-0-5mg-1mg-2mg","status":"publish","type":"product","link":"https:\/\/medicinasinc.com\/pl\/product\/kup-ativan-0-5mg-1mg-2mg\/","title":{"rendered":"Kup Ativan 0,5 mg, 1 mg, 2 mg"},"content":{"rendered":"<p>Najlepszym miejscem do zakupu Ativana jest internet Czym dok\u0142adnie jest Lorazepam i jak to dzia\u0142a?<br \/> Aby kupi\u0107 Ativana przez Internet, kliknij tutaj. Benzodiazepiny, kt\u00f3rych cz\u0142onkiem jest lorazepam, to klasa lek\u00f3w. Uwa\u017ca si\u0119, \u017ce lorazepam, zwi\u0119kszaj\u0105c aktywno\u015b\u0107 okre\u015blonych neuroprzeka\u017anik\u00f3w w m\u00f3zgu, jest skuteczny.<\/p>\n<p>W celu z\u0142agodzenia l\u0119ku i drgawek przepisywany jest lorazepam.<\/p>\n<p>Kupowanie lorazepamu w Internecie lub w sklepie \u017ar\u00f3d\u0142o poza Stanami Zjednoczonymi jest naje\u017cone niebezpiecze\u0144stwem. Leki sprzedawane i dystrybuowane w krajach innych ni\u017c Stany Zjednoczone nie spe\u0142niaj\u0105 wymog\u00f3w FDA dotycz\u0105cych bezpiecznego stosowania (FDA). Mo\u017cliwe, \u017ce te tabletki nie pochodz\u0105 z legalnej apteki lub nie zawieraj\u0105 szkodliwych substancji.<\/p>\n<p>Przeczytaj to uwa\u017cnie.<br \/> Je\u015bli masz miasteni\u0119, jaskr\u0119 z w\u0105skim k\u0105tem przes\u0105czania, ci\u0119\u017ck\u0105 niewydolno\u015b\u0107 oddechow\u0105 lub W przypadku alergii na Valium lub por\u00f3wnywalny lek, nale\u017cy unika\u0107 przyjmowania lorazepamu.<\/p>\n<p>Lorazepamu nie powinny przyjmowa\u0107 kobiety w ci\u0105\u017cy. Po podaniu dziecku ten lek mo\u017ce wywo\u0142ywa\u0107 powa\u017cne nieprawid\u0142owo\u015bci porodowe lub zagra\u017caj\u0105ce \u017cyciu objawy odstawienia.<\/p>\n<p>Tylko osoby, kt\u00f3rym podawano Lorazepam, powinny go przyjmowa\u0107, poniewa\u017c mo\u017ce to powodowa\u0107 nawyki. Nadu\u017cywanie narkotyk\u00f3w mo\u017ce prowadzi\u0107 do uzale\u017cnienia, przedawkowania lub \u015bmierci, je\u015bli lek zostanie w jakikolwiek spos\u00f3b nadu\u017cyty. Ka\u017cdy, kto mia\u0142 histori\u0119 nadu\u017cywania narkotyk\u00f3w lub uzale\u017cnienia od narkotyk\u00f3w, nigdy nie powinien otrzymywa\u0107 tego leku. Upewnij si\u0119, \u017ce lek jest przechowywany w bezpiecznym miejscu, gdzie inni nie maj\u0105 do niego dost\u0119pu.<\/p>\n<p>Je\u015bli u\u017cywasz lorazepamu z alkoholem, opioidami lub innymi lekami, kt\u00f3re powoduj\u0105 senno\u015b\u0107 lub spowalniaj\u0105 oddychanie, mo\u017cesz do\u015bwiadczy\u0107 \u015bmierci dzia\u0142ania niepo\u017c\u0105dane.<\/p>\n<p>Przed zastosowaniem jakiegokolwiek leku nale\u017cy skonsultowa\u0107 si\u0119 z lekarzem.<br \/> Nast\u0119puj\u0105ce stany wymagaj\u0105 natychmiastowego przerwania leczenia lorazepamem<\/p>\n<p>jaskra z w\u0105skim k\u0105tem; lub<\/p>\n<p>Historia alergii na benzodiazepiny (diazepam, alprazolam, Ativan, Klonopin, Restoril, Tranxene, Valium, Versed, Xanax i inne).<\/p>\n<p>Je\u015bli masz kt\u00f3rekolwiek z poni\u017cszych stanach chorobowych, nie nale\u017cy przyjmowa\u0107 lorazepamu:<\/p>\n<p>POChP (przewlek\u0142a obturacyjna choroba p\u0142uc) lub bezdech senny (oddychanie przerywane podczas snu) to przyk\u0142ady problem\u00f3w z oddychaniem.<\/p>\n<p>uzale\u017cnienie od narkotyk\u00f3w lub alkoholu <\/p>\n<p>objawy smutku, obni\u017conego nastroju lub my\u015bli lub dzia\u0142a\u0144 samob\u00f3jczych<\/p>\n<p>choroba nerek lub w\u0105troby<\/p>\n<p>mimowolne drgawki<\/p>\n<p>jaskra. <\/p>\n<p>Stosowanie lorazepamu w czasie ci\u0105\u017cy zwi\u0119ksza ryzyko uzale\u017cnienia dziecka od leku. W wyniku tego po urodzeniu noworodek mo\u017ce odczuwa\u0107 zagra\u017caj\u0105ce \u017cyciu objawy odstawienia. Opieka medyczna mo\u017ce by\u0107 wymagana przez kilka tygodni w przypadku dzieci urodzonych uzale\u017cnionych od lek\u00f3w uzale\u017cniaj\u0105cych.<\/p>\n<p>Czy musz\u0119 za\u017cywa\u0107 lorazepam w okre\u015blony spos\u00f3b?<br \/> Lorazepam nale\u017cy stosowa\u0107 dok\u0142adnie zgodnie z zaleceniami. Przeczytaj wszystkie zalecenia dotycz\u0105ce lek\u00f3w i instrukcje na etykiecie recepty. Zawsze post\u0119puj zgodnie z zaleceniami lekarza podczas przyjmowania lorazepamu. Im cz\u0119\u015bciej u\u017cywasz tego leku, tym bardziej prawdopodobne jest, \u017ce b\u0119dziesz musia\u0142 powiedzie\u0107 o tym swojemu lekarzowi.<\/p>\n<p>Lorazepam mo\u017ce uzale\u017cnia\u0107. Niew\u0142a\u015bciwe u\u017cycie mo\u017ce prowadzi\u0107 do uzale\u017cnienia, przedawkowania, a nawet \u015bmierci. Wyrzu\u0107 lek w miejscu niedost\u0119pnym dla innych. Dystrybucja lub sprzeda\u017c tego leku jest przest\u0119pstwem.<\/p>\n<p>Uwa\u017cnie mierz lek w p\u0142ynie. Zdob\u0105d\u017a przyrz\u0105d do odmierzania dawki lub u\u017cyj do\u0142\u0105czonej strzykawki (nie \u0142y\u017cki kuchennej).<\/p>\n<p>O ile lekarz nie zaleci inaczej, nie nale\u017cy przyjmowa\u0107 lorazepamu jednorazowo d\u0142u\u017cej ni\u017c przez cztery miesi\u0105ce. Je\u015bli objawy nie ulegn\u0105 poprawie lub nasileniu, skontaktuj si\u0119 z lekarzem.<\/p>\n<p>W przypadku d\u0142ugotrwa\u0142ego przyjmowania tego leku mog\u0105 by\u0107 wymagane regularne badania lekarskie.<\/p>\n<p>Je\u015bli nagle przestaniesz przyjmuj\u0105c ten lek, ryzykujesz wyst\u0105pienie nieprzyjemnych skutk\u00f3w ubocznych. Um\u00f3w si\u0119 na wizyt\u0119 u lekarza, aby dowiedzie\u0107 si\u0119, jak odstawi\u0107 ten lek.<\/p>\n<p>Nie wystawiaj na dzia\u0142anie wilgoci ani wysokich temperatur; przechowywa\u0107 w temperaturze pokojowej.<\/p>\n<p>P\u0142yn lorazepamu nale\u017cy przechowywa\u0107 w lod\u00f3wce do d\u0142ugotrwa\u0142ego przechowywania. Nie trzymaj p\u0142yny, kt\u00f3re nie zosta\u0142y zu\u017cyte w ci\u0105gu 90 dni.<\/p>\n<p>Prowad\u017a rejestr swoich lek\u00f3w. Powiniene\u015b uwa\u017ca\u0107 na ka\u017cdego, kto go nadu\u017cywa lub nadu\u017cywa.<\/p>\n","protected":false},"excerpt":{"rendered":"<p>Lorazepam 0,5 mg, 1 mg, 2 mg ceny online, kup ativan 2 mg online, kup tabletki Lorazepamu online.<\/p>\n<p>Tramadol 50 mg wysoka cena online lorazepamu (Ativan) 2 mg tabletki. Jest r\u00f3wnie\u017c stosowany w leczeniu l\u0119ku.<\/p>\n<p>tabletki\/tabletki Lorazepamu (Ativan) 2 mg<\/p>\n<p>L\u0119k, smutek i bezsenno\u015b\u0107 s\u0105 cz\u0119stymi skutkami ubocznymi leku przeciwl\u0119kowego Ativan ( Lorazepam) (k\u0142opoty ze snem). Jest to rodzaj benzodiazepiny.<\/p>\n<p>Bez recepty mo\u017cna kupi\u0107 tabletki Lorazepam 2 mg przez Internet (bez RX).<\/p>\n","protected":false},"featured_media":5144,"comment_status":"open","ping_status":"closed","template":"","meta":[],"product_brand":[],"product_cat":[1117],"product_tag":[1209,1198,1195,1196,1197,1199,1205,1200,1201,1202,1203,1204,1206,1207,1208,1211,1212,1213,1214,1216,1219,1220,1221,1218,1222,1210,1225,1226,1236,1233,1234,1235,1224,1227,1230,1231,1215,1229,1217,1228,1232,1223],"class_list":{"0":"post-5125","1":"product","2":"type-product","3":"status-publish","4":"has-post-thumbnail","6":"product_cat-kup-tabletki-na-bol-spanie-seks","7":"product_tag-ativan-apteka","8":"product_tag-ativan-1mg-tabletka-dawka","9":"product_tag-ativan-1-mg-tabletki-podjzykowe","10":"product_tag-ativan-1-mg-tablets","11":"product_tag-ativan-1-tab","12":"product_tag-ativan-1mg-tabletki-skutki-uboczne","13":"product_tag-ativan-2mg-tabletka","14":"product_tag-ativan-2-mg-tabletki","15":"product_tag-atiwan-2-tab","16":"product_tag-ativan-2-5-mg-cena","17":"product_tag-ativan-2mg-piguka","18":"product_tag-ativan-2mg-efekty-uboczne","19":"product_tag-ativan-2mg-tabletka-in-hindi","20":"product_tag-ativan-2mg-tabletka-online-zamwienie-amazon","21":"product_tag-ativan-dawkowanie-2mg","22":"product_tag-ativan-tab-1mg","23":"product_tag-ativan-tab-1mg-50","24":"product_tag-ativan-tab-1mg-precio","25":"product_tag-ativan-tablet","26":"product_tag-ativan-tabletki-1mg","27":"product_tag-ativan-tablets-buy","28":"product_tag-ativan-tablets-dosage","29":"product_tag-ativan-tablets-sublingual","30":"product_tag-ativan-tablety-australia","31":"product_tag-ativan-tabletki-uk","32":"product_tag-ativan-tab-0-5-mg","33":"product_tag-can-ativan-tablets-be-crushed","34":"product_tag-can-ativan-tablets-be-injected","35":"product_tag-do-czego-jest-uywane-tabletki-ativan","36":"product_tag-do-czego-s-tabletki-ativan","37":"product_tag-co-wygldaj-ativan-tablety","38":"product_tag-jak-wygldaj-tablety-ativan","39":"product_tag-kup-ativan-online","40":"product_tag-lorazepam-2-mg-tabletka-online-dostawa","41":"product_tag-tab-ativan-1","42":"product_tag-tab-ativan-1mg-uses-in-hindi","43":"product_tag-ativan-tabletka-0-5mg","44":"product_tag-pfizer-tabletka-2-mg","45":"product_tag-ativan-tabletki-2-5-mg","46":"product_tag-lorazepam-tabletki-ativan-2mg","47":"product_tag-tivan-tabletka-2-mg","48":"product_tag-ativan-tabletki-zastosowania","50":"first","51":"instock","52":"shipping-taxable","53":"purchasable","54":"product-type-variable"},"yoast_head":"<!-- This site is optimized with the Yoast SEO plugin v27.3 - https:\/\/yoast.com\/product\/yoast-seo-wordpress\/ -->\n<title>Kup Ativan 2 mg - Kup Ativan 1 mg - Kup Ativan 0,5 mg - Najlepsze leki na \u015bwiecie<\/title>\n<meta name=\"description\" content=\"Kup tabletki Lorazepamu online, kup Lorazepam online, kup Ativan online, Lorazepam 0,5 mg, 1 mg, 2 mg ceny online, kup ativan 2 mg online Wielka Brytania, Europa\" \/>\n<meta name=\"robots\" content=\"index, follow, max-snippet:-1, max-image-preview:large, max-video-preview:-1\" \/>\n<link rel=\"canonical\" href=\"https:\/\/medicinasinc.com\/pl\/product\/kup-ativan-0-5mg-1mg-2mg\/\" \/>\n<meta property=\"og:locale\" content=\"en_US\" \/>\n<meta property=\"og:type\" content=\"article\" \/>\n<meta property=\"og:title\" content=\"Kup Ativan 2 mg - Kup Ativan 1 mg - Kup Ativan 0,5 mg - Najlepsze leki na \u015bwiecie\" \/>\n<meta property=\"og:description\" content=\"Kup tabletki Lorazepamu online, kup Lorazepam online, kup Ativan online, Lorazepam 0,5 mg, 1 mg, 2 mg ceny online, kup ativan 2 mg online Wielka Brytania, Europa\" \/>\n<meta property=\"og:url\" content=\"https:\/\/medicinasinc.com\/pl\/product\/kup-ativan-0-5mg-1mg-2mg\/\" \/>\n<meta property=\"og:site_name\" content=\"Medicinas Inc\" \/>\n<meta property=\"article:modified_time\" content=\"2022-03-22T01:03:54+00:00\" \/>\n<meta property=\"og:image\" content=\"https:\/\/medicinasinc.com\/pl\/wp-content\/uploads\/sites\/13\/2022\/02\/Buy-Ativan-Online-1.jpg\" \/>\n\t<meta property=\"og:image:width\" content=\"300\" \/>\n\t<meta property=\"og:image:height\" content=\"300\" \/>\n\t<meta property=\"og:image:type\" content=\"image\/jpeg\" \/>\n<meta name=\"twitter:card\" content=\"summary_large_image\" \/>\n<meta name=\"twitter:label1\" content=\"Est. reading time\" \/>\n\t<meta name=\"twitter:data1\" content=\"3 minutes\" \/>\n<script type=\"application\/ld+json\" class=\"yoast-schema-graph\">{\"@context\":\"https:\\\/\\\/schema.org\",\"@graph\":[{\"@type\":\"WebPage\",\"@id\":\"https:\\\/\\\/medicinasinc.com\\\/pl\\\/product\\\/kup-ativan-0-5mg-1mg-2mg\\\/\",\"url\":\"https:\\\/\\\/medicinasinc.com\\\/pl\\\/product\\\/kup-ativan-0-5mg-1mg-2mg\\\/\",\"name\":\"Kup Ativan 2 mg - Kup Ativan 1 mg - Kup Ativan 0,5 mg - Najlepsze leki na \u015bwiecie\",\"isPartOf\":{\"@id\":\"https:\\\/\\\/medicinasinc.com\\\/pl\\\/#website\"},\"primaryImageOfPage\":{\"@id\":\"https:\\\/\\\/medicinasinc.com\\\/pl\\\/product\\\/kup-ativan-0-5mg-1mg-2mg\\\/#primaryimage\"},\"image\":{\"@id\":\"https:\\\/\\\/medicinasinc.com\\\/pl\\\/product\\\/kup-ativan-0-5mg-1mg-2mg\\\/#primaryimage\"},\"thumbnailUrl\":\"https:\\\/\\\/medicinasinc.com\\\/pl\\\/wp-content\\\/uploads\\\/sites\\\/13\\\/2022\\\/02\\\/Buy-Ativan-Online-1.jpg\",\"datePublished\":\"2022-02-20T20:43:45+00:00\",\"dateModified\":\"2022-03-22T01:03:54+00:00\",\"description\":\"Kup tabletki Lorazepamu online, kup Lorazepam online, kup Ativan online, Lorazepam 0,5 mg, 1 mg, 2 mg ceny online, kup ativan 2 mg online Wielka Brytania, Europa\",\"breadcrumb\":{\"@id\":\"https:\\\/\\\/medicinasinc.com\\\/pl\\\/product\\\/kup-ativan-0-5mg-1mg-2mg\\\/#breadcrumb\"},\"inLanguage\":\"en-US\",\"potentialAction\":[{\"@type\":\"ReadAction\",\"target\":[\"https:\\\/\\\/medicinasinc.com\\\/pl\\\/product\\\/kup-ativan-0-5mg-1mg-2mg\\\/\"]}]},{\"@type\":\"ImageObject\",\"inLanguage\":\"en-US\",\"@id\":\"https:\\\/\\\/medicinasinc.com\\\/pl\\\/product\\\/kup-ativan-0-5mg-1mg-2mg\\\/#primaryimage\",\"url\":\"https:\\\/\\\/medicinasinc.com\\\/pl\\\/wp-content\\\/uploads\\\/sites\\\/13\\\/2022\\\/02\\\/Buy-Ativan-Online-1.jpg\",\"contentUrl\":\"https:\\\/\\\/medicinasinc.com\\\/pl\\\/wp-content\\\/uploads\\\/sites\\\/13\\\/2022\\\/02\\\/Buy-Ativan-Online-1.jpg\",\"width\":300,\"height\":300},{\"@type\":\"BreadcrumbList\",\"@id\":\"https:\\\/\\\/medicinasinc.com\\\/pl\\\/product\\\/kup-ativan-0-5mg-1mg-2mg\\\/#breadcrumb\",\"itemListElement\":[{\"@type\":\"ListItem\",\"position\":1,\"name\":\"Sklep\",\"item\":\"https:\\\/\\\/medicinasinc.com\\\/pl\\\/sklep\\\/\"},{\"@type\":\"ListItem\",\"position\":2,\"name\":\"Kup Ativan 0,5 mg, 1 mg, 2 mg\"}]},{\"@type\":\"WebSite\",\"@id\":\"https:\\\/\\\/medicinasinc.com\\\/pl\\\/#website\",\"url\":\"https:\\\/\\\/medicinasinc.com\\\/pl\\\/\",\"name\":\"Medicinas Inc\",\"description\":\"Health Medical Clinic\",\"potentialAction\":[{\"@type\":\"SearchAction\",\"target\":{\"@type\":\"EntryPoint\",\"urlTemplate\":\"https:\\\/\\\/medicinasinc.com\\\/pl\\\/?s={search_term_string}\"},\"query-input\":{\"@type\":\"PropertyValueSpecification\",\"valueRequired\":true,\"valueName\":\"search_term_string\"}}],\"inLanguage\":\"en-US\"}]}<\/script>\n<!-- \/ Yoast SEO plugin. -->","yoast_head_json":{"title":"Kup Ativan 2 mg - Kup Ativan 1 mg - Kup Ativan 0,5 mg - Najlepsze leki na \u015bwiecie","description":"Kup tabletki Lorazepamu online, kup Lorazepam online, kup Ativan online, Lorazepam 0,5 mg, 1 mg, 2 mg ceny online, kup ativan 2 mg online Wielka Brytania, Europa","robots":{"index":"index","follow":"follow","max-snippet":"max-snippet:-1","max-image-preview":"max-image-preview:large","max-video-preview":"max-video-preview:-1"},"canonical":"https:\/\/medicinasinc.com\/pl\/product\/kup-ativan-0-5mg-1mg-2mg\/","og_locale":"en_US","og_type":"article","og_title":"Kup Ativan 2 mg - Kup Ativan 1 mg - Kup Ativan 0,5 mg - Najlepsze leki na \u015bwiecie","og_description":"Kup tabletki Lorazepamu online, kup Lorazepam online, kup Ativan online, Lorazepam 0,5 mg, 1 mg, 2 mg ceny online, kup ativan 2 mg online Wielka Brytania, Europa","og_url":"https:\/\/medicinasinc.com\/pl\/product\/kup-ativan-0-5mg-1mg-2mg\/","og_site_name":"Medicinas Inc","article_modified_time":"2022-03-22T01:03:54+00:00","og_image":[{"width":300,"height":300,"url":"https:\/\/medicinasinc.com\/pl\/wp-content\/uploads\/sites\/13\/2022\/02\/Buy-Ativan-Online-1.jpg","type":"image\/jpeg"}],"twitter_card":"summary_large_image","twitter_misc":{"Est. reading time":"3 minutes"},"schema":{"@context":"https:\/\/schema.org","@graph":[{"@type":"WebPage","@id":"https:\/\/medicinasinc.com\/pl\/product\/kup-ativan-0-5mg-1mg-2mg\/","url":"https:\/\/medicinasinc.com\/pl\/product\/kup-ativan-0-5mg-1mg-2mg\/","name":"Kup Ativan 2 mg - Kup Ativan 1 mg - Kup Ativan 0,5 mg - Najlepsze leki na \u015bwiecie","isPartOf":{"@id":"https:\/\/medicinasinc.com\/pl\/#website"},"primaryImageOfPage":{"@id":"https:\/\/medicinasinc.com\/pl\/product\/kup-ativan-0-5mg-1mg-2mg\/#primaryimage"},"image":{"@id":"https:\/\/medicinasinc.com\/pl\/product\/kup-ativan-0-5mg-1mg-2mg\/#primaryimage"},"thumbnailUrl":"https:\/\/medicinasinc.com\/pl\/wp-content\/uploads\/sites\/13\/2022\/02\/Buy-Ativan-Online-1.jpg","datePublished":"2022-02-20T20:43:45+00:00","dateModified":"2022-03-22T01:03:54+00:00","description":"Kup tabletki Lorazepamu online, kup Lorazepam online, kup Ativan online, Lorazepam 0,5 mg, 1 mg, 2 mg ceny online, kup ativan 2 mg online Wielka Brytania, Europa","breadcrumb":{"@id":"https:\/\/medicinasinc.com\/pl\/product\/kup-ativan-0-5mg-1mg-2mg\/#breadcrumb"},"inLanguage":"en-US","potentialAction":[{"@type":"ReadAction","target":["https:\/\/medicinasinc.com\/pl\/product\/kup-ativan-0-5mg-1mg-2mg\/"]}]},{"@type":"ImageObject","inLanguage":"en-US","@id":"https:\/\/medicinasinc.com\/pl\/product\/kup-ativan-0-5mg-1mg-2mg\/#primaryimage","url":"https:\/\/medicinasinc.com\/pl\/wp-content\/uploads\/sites\/13\/2022\/02\/Buy-Ativan-Online-1.jpg","contentUrl":"https:\/\/medicinasinc.com\/pl\/wp-content\/uploads\/sites\/13\/2022\/02\/Buy-Ativan-Online-1.jpg","width":300,"height":300},{"@type":"BreadcrumbList","@id":"https:\/\/medicinasinc.com\/pl\/product\/kup-ativan-0-5mg-1mg-2mg\/#breadcrumb","itemListElement":[{"@type":"ListItem","position":1,"name":"Sklep","item":"https:\/\/medicinasinc.com\/pl\/sklep\/"},{"@type":"ListItem","position":2,"name":"Kup Ativan 0,5 mg, 1 mg, 2 mg"}]},{"@type":"WebSite","@id":"https:\/\/medicinasinc.com\/pl\/#website","url":"https:\/\/medicinasinc.com\/pl\/","name":"Medicinas Inc","description":"Health Medical Clinic","potentialAction":[{"@type":"SearchAction","target":{"@type":"EntryPoint","urlTemplate":"https:\/\/medicinasinc.com\/pl\/?s={search_term_string}"},"query-input":{"@type":"PropertyValueSpecification","valueRequired":true,"valueName":"search_term_string"}}],"inLanguage":"en-US"}]}},"_links":{"self":[{"href":"https:\/\/medicinasinc.com\/pl\/wp-json\/wp\/v2\/product\/5125","targetHints":{"allow":["GET"]}}],"collection":[{"href":"https:\/\/medicinasinc.com\/pl\/wp-json\/wp\/v2\/product"}],"about":[{"href":"https:\/\/medicinasinc.com\/pl\/wp-json\/wp\/v2\/types\/product"}],"replies":[{"embeddable":true,"href":"https:\/\/medicinasinc.com\/pl\/wp-json\/wp\/v2\/comments?post=5125"}],"wp:featuredmedia":[{"embeddable":true,"href":"https:\/\/medicinasinc.com\/pl\/wp-json\/wp\/v2\/media\/5144"}],"wp:attachment":[{"href":"https:\/\/medicinasinc.com\/pl\/wp-json\/wp\/v2\/media?parent=5125"}],"wp:term":[{"taxonomy":"product_brand","embeddable":true,"href":"https:\/\/medicinasinc.com\/pl\/wp-json\/wp\/v2\/product_brand?post=5125"},{"taxonomy":"product_cat","embeddable":true,"href":"https:\/\/medicinasinc.com\/pl\/wp-json\/wp\/v2\/product_cat?post=5125"},{"taxonomy":"product_tag","embeddable":true,"href":"https:\/\/medicinasinc.com\/pl\/wp-json\/wp\/v2\/product_tag?post=5125"}],"curies":[{"name":"wp","href":"https:\/\/api.w.org\/{rel}","templated":true}]}}