{"id":5124,"date":"2022-02-20T20:42:48","date_gmt":"2022-02-20T20:42:48","guid":{"rendered":"https:\/\/medicinasinc.com\/pl\/?post_type=product&#038;p=5124"},"modified":"2022-03-22T01:04:04","modified_gmt":"2022-03-22T01:04:04","slug":"kup-ambien-10-mg","status":"publish","type":"product","link":"https:\/\/medicinasinc.com\/pl\/product\/kup-ambien-10-mg\/","title":{"rendered":"Kup Ambien 10 mg"},"content":{"rendered":"<div class=\"ty-tabs cm-j-tabs clearfix\">\n<p>kup Ambien 10mg online<\/p>\n<h2><a href=\"https:\/\/www.bestglobalmeds.com\/category\/blog\/\" target=\"_blank\" rel=\"noopener\">Kup Ambien 10 mg z dostaw\u0105 na noc<\/a><\/h2>\n<h2>Kup Ambien 10 mg online<\/h2>\n<p>Najni\u017csza cena <em>Ambien<\/em>\u00a0(<em>Zolpidem<\/em>\u00a05 mg i\u00a0<em>10 mg<\/em>) tabletki i pierwsza w USA zarejestrowana internetowa us\u0142uga lekarska, kt\u00f3ra je oferuje. Bezp\u0142atna \u015bledzona dostawa w Wielkiej Brytanii.Ambien, Zolpidem, ambien\u00a0<em>10mg<\/em>, Zolpidem Tartrate, kup tabletki nasenne online, kup leki przeciwl\u0119kowe online, antydepresanty, <em>kup ambien<\/em>\u00a0bez recepty.<\/p>\n<ul class=\"ty-tabs__list\">\n<li id=\"description\" class=\"ty-tabs__item cm-js active\"><a class=\"ty-tabs__a\">Opis<\/a><\/li>\n<li id=\"product_tab_9\" class=\"ty-tabs__item cm-js\"><a class=\"ty-tabs__a\">Informacje o pacjencie<\/a><\/li>\n<\/ul><\/div>\n<div id=\"tabs_content \" class=\"cm-tabs-content ty-tabs__content clearfix\">\n<div id=\"content_description\" class=\"ty-wysiwyg-content content-description active\">\n<div>\n<div class=\"product-description\">\n<h4>Snu z Zolpidem i Ambien<\/h4>\n<table>\n<thead>\n<tr>\n<th>Zolpidem<\/th>\n<th>Ilo\u015b\u0107<\/th>\n<th>Typ<\/th>\n<th>Zapasy<\/th>\n<\/tr>\n<\/thead>\n<tbody>\n<tr>\n<th>Ambien<\/th>\n<th>5mg<\/th>\n<th>Tabletki<\/th>\n<th>Kup US\u2713<\/th>\n<\/tr>\n<tr>\n<td>Tabletki Zolpidem<\/td>\n<td>5mg<\/td>\n<td>Pigu\u0142ki<\/td>\n<td>Online USA \u2713<\/td>\n<\/tr>\n<tr>\n<td>Tabletki Ambien<\/td>\n<td>10mg<\/td>\n<td>Medycyna e<\/td>\n<td>USA \u2713<\/td>\n<\/tr>\n<\/tbody>\n<\/table>\n<h4>\u015arodki ostro\u017cno\u015bci przed za\u017cyciem Zolpidemu<\/h4>\n<p>Istniej\u0105 \u015brodki ostro\u017cno\u015bci, kt\u00f3re nale\u017cy rozwa\u017cy\u0107 przed podj\u0119ciem decyzji o We\u017a to. W pewnych okoliczno\u015bciach mo\u017ce to nie by\u0107 najodpowiedniejszy wyb\u00f3r leku. Zapytaj lekarza o przydatno\u015b\u0107 zdrowotn\u0105 do przyjmowania go jako leczenia bezsenno\u015bci. Je\u015bli masz jakiekolwiek z poni\u017cszych okoliczno\u015bci, zasi\u0119gnij porady lekarza:<\/p>\n<ul>\n<li>Historia alkoholizmu lub narkomanii<\/li>\n<li>Ci\u0105\u017ca lub planuje zaj\u015bcie w ci\u0105\u017c\u0119<\/li>\n<li>Jest zaburzenia oddychania (zapalenie oskrzeli, astma lub rozedma p\u0142uc)<\/li>\n<li>Historia choroby w\u0105troby lub nerek<\/li>\n<li>Ma miastenia (zaburzenie nerwowe powoduj\u0105ce os\u0142abienie mi\u0119\u015bni)<\/li>\n<li>Alergie na kt\u00f3rykolwiek ze sk\u0142adnik\u00f3w<\/li>\n<li>ma nawracaj\u0105ce zaburzenia osobowo\u015bci lub depresj\u0119<\/li>\n<li>ma bezdech senny<\/li>\n<li>osoby w podesz\u0142ym wieku<\/li>\n<\/ul>\n<p>bardzo rzadko W niekt\u00f3rych przypadkach przyjmowanie leku Ambien mo\u017ce powodowa\u0107 dzia\u0142ania niepo\u017c\u0105dane, w tym obrz\u0119k ust, twarzy, gard\u0142a i j\u0119zyka lub trudno\u015bci w oddychaniu. Zaleca si\u0119 r\u00f3wnie\u017c, aby nie stosowa\u0107 go nieprzerwanie d\u0142u\u017cej ni\u017c 4 tygodnie, poniewa\u017c mo\u017ce prowadzi\u0107 do objaw\u00f3w odstawienia, takich jak wymioty, nudno\u015bci, niepok\u00f3j i skurcze \u017co\u0142\u0105dka. Znany jako kr\u00f3tkoterminowe <a href=\"https:\/\/globalhomemed.com\/\">leczenie bezsenno\u015bci<\/a>, istnieje mo\u017cliwo\u015b\u0107 wyst\u0105pienia problem\u00f3w ze snem, gdy przestaniesz go u\u017cywa\u0107. Nazywa si\u0119 to \u201ebezsenno\u015bci\u0105 z odbicia\u201d, kt\u00f3ra ostatecznie ust\u0119puje po jednym lub dw\u00f3ch dniach. Zawsze skonsultuj si\u0119 z lekarzem w sprawie stosowania tego leku nasennego.<\/p>\n<h2>kup Ambien 10mg online<\/h2>\n<\/p><\/div><\/div><\/div><\/div>\n","protected":false},"excerpt":{"rendered":"<p>Kup tabletki Ambien 10 mg online. Ambien jest stosowany w leczeniu zaburze\u0144 snu. Tabletka do szybkiego wy\u0142adowania pomaga zasn\u0105\u0107, gdy po raz pierwszy idziesz na kanap\u0119.<\/p>\n<p>Ambien, Zolpidem, ambien\u00a0<em>10mg<\/em>, Zolpidem Tartrate, kup tabletki nasenne online, kup anty l\u0119k online, leki przeciwdepresyjne, <em>kup ambien<\/em>\u00a0bez recepty<\/p>\n<p> .<\/p>\n","protected":false},"featured_media":5142,"comment_status":"open","ping_status":"closed","template":"","meta":[],"product_brand":[],"product_cat":[1117],"product_tag":[],"class_list":{"0":"post-5124","1":"product","2":"type-product","3":"status-publish","4":"has-post-thumbnail","6":"product_cat-kup-tabletki-na-bol-spanie-seks","8":"first","9":"instock","10":"shipping-taxable","11":"purchasable","12":"product-type-variable","13":"has-default-attributes"},"yoast_head":"<!-- This site is optimized with the Yoast SEO plugin v27.3 - https:\/\/yoast.com\/product\/yoast-seo-wordpress\/ -->\n<title>Kup Ambien 10 mg - Ambien 10 mg - Najlepsze leki na \u015bwiecie<\/title>\n<meta name=\"description\" content=\"Kup Ambien 10 mg, Ambien, Zolpidem, ambien\u00a010 mg, Zolpidem Tartrate, kup tabletki nasenne online, kup leki przeciwl\u0119kowe online, leki przeciwdepresyjne, kup ambien bez recepty.\" \/>\n<meta name=\"robots\" content=\"index, follow, max-snippet:-1, max-image-preview:large, max-video-preview:-1\" \/>\n<link rel=\"canonical\" href=\"https:\/\/medicinasinc.com\/pl\/product\/kup-ambien-10-mg\/\" \/>\n<meta property=\"og:locale\" content=\"en_US\" \/>\n<meta property=\"og:type\" content=\"article\" \/>\n<meta property=\"og:title\" content=\"Kup Ambien 10 mg - Ambien 10 mg - Najlepsze leki na \u015bwiecie\" \/>\n<meta property=\"og:description\" content=\"Kup Ambien 10 mg, Ambien, Zolpidem, ambien\u00a010 mg, Zolpidem Tartrate, kup tabletki nasenne online, kup leki przeciwl\u0119kowe online, leki przeciwdepresyjne, kup ambien bez recepty.\" \/>\n<meta property=\"og:url\" content=\"https:\/\/medicinasinc.com\/pl\/product\/kup-ambien-10-mg\/\" \/>\n<meta property=\"og:site_name\" content=\"Medicinas Inc\" \/>\n<meta property=\"article:modified_time\" content=\"2022-03-22T01:04:04+00:00\" \/>\n<meta property=\"og:image\" content=\"https:\/\/medicinasinc.com\/pl\/wp-content\/uploads\/sites\/13\/2022\/02\/Buy-Ambien-10mg.jpg\" \/>\n\t<meta property=\"og:image:width\" content=\"225\" \/>\n\t<meta property=\"og:image:height\" content=\"225\" \/>\n\t<meta property=\"og:image:type\" content=\"image\/jpeg\" \/>\n<meta name=\"twitter:card\" content=\"summary_large_image\" \/>\n<meta name=\"twitter:label1\" content=\"Est. reading time\" \/>\n\t<meta name=\"twitter:data1\" content=\"2 minutes\" \/>\n<script type=\"application\/ld+json\" class=\"yoast-schema-graph\">{\"@context\":\"https:\\\/\\\/schema.org\",\"@graph\":[{\"@type\":\"WebPage\",\"@id\":\"https:\\\/\\\/medicinasinc.com\\\/pl\\\/product\\\/kup-ambien-10-mg\\\/\",\"url\":\"https:\\\/\\\/medicinasinc.com\\\/pl\\\/product\\\/kup-ambien-10-mg\\\/\",\"name\":\"Kup Ambien 10 mg - Ambien 10 mg - Najlepsze leki na \u015bwiecie\",\"isPartOf\":{\"@id\":\"https:\\\/\\\/medicinasinc.com\\\/pl\\\/#website\"},\"primaryImageOfPage\":{\"@id\":\"https:\\\/\\\/medicinasinc.com\\\/pl\\\/product\\\/kup-ambien-10-mg\\\/#primaryimage\"},\"image\":{\"@id\":\"https:\\\/\\\/medicinasinc.com\\\/pl\\\/product\\\/kup-ambien-10-mg\\\/#primaryimage\"},\"thumbnailUrl\":\"https:\\\/\\\/medicinasinc.com\\\/pl\\\/wp-content\\\/uploads\\\/sites\\\/13\\\/2022\\\/02\\\/Buy-Ambien-10mg.jpg\",\"datePublished\":\"2022-02-20T20:42:48+00:00\",\"dateModified\":\"2022-03-22T01:04:04+00:00\",\"description\":\"Kup Ambien 10 mg, Ambien, Zolpidem, ambien\u00a010 mg, Zolpidem Tartrate, kup tabletki nasenne online, kup leki przeciwl\u0119kowe online, leki przeciwdepresyjne, kup ambien bez recepty.\",\"breadcrumb\":{\"@id\":\"https:\\\/\\\/medicinasinc.com\\\/pl\\\/product\\\/kup-ambien-10-mg\\\/#breadcrumb\"},\"inLanguage\":\"en-US\",\"potentialAction\":[{\"@type\":\"ReadAction\",\"target\":[\"https:\\\/\\\/medicinasinc.com\\\/pl\\\/product\\\/kup-ambien-10-mg\\\/\"]}]},{\"@type\":\"ImageObject\",\"inLanguage\":\"en-US\",\"@id\":\"https:\\\/\\\/medicinasinc.com\\\/pl\\\/product\\\/kup-ambien-10-mg\\\/#primaryimage\",\"url\":\"https:\\\/\\\/medicinasinc.com\\\/pl\\\/wp-content\\\/uploads\\\/sites\\\/13\\\/2022\\\/02\\\/Buy-Ambien-10mg.jpg\",\"contentUrl\":\"https:\\\/\\\/medicinasinc.com\\\/pl\\\/wp-content\\\/uploads\\\/sites\\\/13\\\/2022\\\/02\\\/Buy-Ambien-10mg.jpg\",\"width\":225,\"height\":225},{\"@type\":\"BreadcrumbList\",\"@id\":\"https:\\\/\\\/medicinasinc.com\\\/pl\\\/product\\\/kup-ambien-10-mg\\\/#breadcrumb\",\"itemListElement\":[{\"@type\":\"ListItem\",\"position\":1,\"name\":\"Sklep\",\"item\":\"https:\\\/\\\/medicinasinc.com\\\/pl\\\/sklep\\\/\"},{\"@type\":\"ListItem\",\"position\":2,\"name\":\"Kup Ambien 10 mg\"}]},{\"@type\":\"WebSite\",\"@id\":\"https:\\\/\\\/medicinasinc.com\\\/pl\\\/#website\",\"url\":\"https:\\\/\\\/medicinasinc.com\\\/pl\\\/\",\"name\":\"Medicinas Inc\",\"description\":\"Health Medical Clinic\",\"potentialAction\":[{\"@type\":\"SearchAction\",\"target\":{\"@type\":\"EntryPoint\",\"urlTemplate\":\"https:\\\/\\\/medicinasinc.com\\\/pl\\\/?s={search_term_string}\"},\"query-input\":{\"@type\":\"PropertyValueSpecification\",\"valueRequired\":true,\"valueName\":\"search_term_string\"}}],\"inLanguage\":\"en-US\"}]}<\/script>\n<!-- \/ Yoast SEO plugin. -->","yoast_head_json":{"title":"Kup Ambien 10 mg - Ambien 10 mg - Najlepsze leki na \u015bwiecie","description":"Kup Ambien 10 mg, Ambien, Zolpidem, ambien\u00a010 mg, Zolpidem Tartrate, kup tabletki nasenne online, kup leki przeciwl\u0119kowe online, leki przeciwdepresyjne, kup ambien bez recepty.","robots":{"index":"index","follow":"follow","max-snippet":"max-snippet:-1","max-image-preview":"max-image-preview:large","max-video-preview":"max-video-preview:-1"},"canonical":"https:\/\/medicinasinc.com\/pl\/product\/kup-ambien-10-mg\/","og_locale":"en_US","og_type":"article","og_title":"Kup Ambien 10 mg - Ambien 10 mg - Najlepsze leki na \u015bwiecie","og_description":"Kup Ambien 10 mg, Ambien, Zolpidem, ambien\u00a010 mg, Zolpidem Tartrate, kup tabletki nasenne online, kup leki przeciwl\u0119kowe online, leki przeciwdepresyjne, kup ambien bez recepty.","og_url":"https:\/\/medicinasinc.com\/pl\/product\/kup-ambien-10-mg\/","og_site_name":"Medicinas Inc","article_modified_time":"2022-03-22T01:04:04+00:00","og_image":[{"width":225,"height":225,"url":"https:\/\/medicinasinc.com\/pl\/wp-content\/uploads\/sites\/13\/2022\/02\/Buy-Ambien-10mg.jpg","type":"image\/jpeg"}],"twitter_card":"summary_large_image","twitter_misc":{"Est. reading time":"2 minutes"},"schema":{"@context":"https:\/\/schema.org","@graph":[{"@type":"WebPage","@id":"https:\/\/medicinasinc.com\/pl\/product\/kup-ambien-10-mg\/","url":"https:\/\/medicinasinc.com\/pl\/product\/kup-ambien-10-mg\/","name":"Kup Ambien 10 mg - Ambien 10 mg - Najlepsze leki na \u015bwiecie","isPartOf":{"@id":"https:\/\/medicinasinc.com\/pl\/#website"},"primaryImageOfPage":{"@id":"https:\/\/medicinasinc.com\/pl\/product\/kup-ambien-10-mg\/#primaryimage"},"image":{"@id":"https:\/\/medicinasinc.com\/pl\/product\/kup-ambien-10-mg\/#primaryimage"},"thumbnailUrl":"https:\/\/medicinasinc.com\/pl\/wp-content\/uploads\/sites\/13\/2022\/02\/Buy-Ambien-10mg.jpg","datePublished":"2022-02-20T20:42:48+00:00","dateModified":"2022-03-22T01:04:04+00:00","description":"Kup Ambien 10 mg, Ambien, Zolpidem, ambien\u00a010 mg, Zolpidem Tartrate, kup tabletki nasenne online, kup leki przeciwl\u0119kowe online, leki przeciwdepresyjne, kup ambien bez recepty.","breadcrumb":{"@id":"https:\/\/medicinasinc.com\/pl\/product\/kup-ambien-10-mg\/#breadcrumb"},"inLanguage":"en-US","potentialAction":[{"@type":"ReadAction","target":["https:\/\/medicinasinc.com\/pl\/product\/kup-ambien-10-mg\/"]}]},{"@type":"ImageObject","inLanguage":"en-US","@id":"https:\/\/medicinasinc.com\/pl\/product\/kup-ambien-10-mg\/#primaryimage","url":"https:\/\/medicinasinc.com\/pl\/wp-content\/uploads\/sites\/13\/2022\/02\/Buy-Ambien-10mg.jpg","contentUrl":"https:\/\/medicinasinc.com\/pl\/wp-content\/uploads\/sites\/13\/2022\/02\/Buy-Ambien-10mg.jpg","width":225,"height":225},{"@type":"BreadcrumbList","@id":"https:\/\/medicinasinc.com\/pl\/product\/kup-ambien-10-mg\/#breadcrumb","itemListElement":[{"@type":"ListItem","position":1,"name":"Sklep","item":"https:\/\/medicinasinc.com\/pl\/sklep\/"},{"@type":"ListItem","position":2,"name":"Kup Ambien 10 mg"}]},{"@type":"WebSite","@id":"https:\/\/medicinasinc.com\/pl\/#website","url":"https:\/\/medicinasinc.com\/pl\/","name":"Medicinas Inc","description":"Health Medical Clinic","potentialAction":[{"@type":"SearchAction","target":{"@type":"EntryPoint","urlTemplate":"https:\/\/medicinasinc.com\/pl\/?s={search_term_string}"},"query-input":{"@type":"PropertyValueSpecification","valueRequired":true,"valueName":"search_term_string"}}],"inLanguage":"en-US"}]}},"_links":{"self":[{"href":"https:\/\/medicinasinc.com\/pl\/wp-json\/wp\/v2\/product\/5124","targetHints":{"allow":["GET"]}}],"collection":[{"href":"https:\/\/medicinasinc.com\/pl\/wp-json\/wp\/v2\/product"}],"about":[{"href":"https:\/\/medicinasinc.com\/pl\/wp-json\/wp\/v2\/types\/product"}],"replies":[{"embeddable":true,"href":"https:\/\/medicinasinc.com\/pl\/wp-json\/wp\/v2\/comments?post=5124"}],"wp:featuredmedia":[{"embeddable":true,"href":"https:\/\/medicinasinc.com\/pl\/wp-json\/wp\/v2\/media\/5142"}],"wp:attachment":[{"href":"https:\/\/medicinasinc.com\/pl\/wp-json\/wp\/v2\/media?parent=5124"}],"wp:term":[{"taxonomy":"product_brand","embeddable":true,"href":"https:\/\/medicinasinc.com\/pl\/wp-json\/wp\/v2\/product_brand?post=5124"},{"taxonomy":"product_cat","embeddable":true,"href":"https:\/\/medicinasinc.com\/pl\/wp-json\/wp\/v2\/product_cat?post=5124"},{"taxonomy":"product_tag","embeddable":true,"href":"https:\/\/medicinasinc.com\/pl\/wp-json\/wp\/v2\/product_tag?post=5124"}],"curies":[{"name":"wp","href":"https:\/\/api.w.org\/{rel}","templated":true}]}}