{"id":5123,"date":"2022-02-20T20:39:42","date_gmt":"2022-02-20T20:39:42","guid":{"rendered":"https:\/\/medicinasinc.com\/pl\/?post_type=product&#038;p=5123"},"modified":"2022-03-22T01:04:16","modified_gmt":"2022-03-22T01:04:16","slug":"kup-alprox-2mg-xanax","status":"publish","type":"product","link":"https:\/\/medicinasinc.com\/pl\/product\/kup-alprox-2mg-xanax\/","title":{"rendered":"Kup Alprox 2mg (Xanax)"},"content":{"rendered":"<p>Szukasz XANAX 2mg na sprzeda\u017c w rozs\u0105dnej cenie? Skorzystaj z niskich stawek Best Global Meds i szybkiej dostawy XANAX 2mg do domu!<\/p>\n<p>W Wielkiej Brytanii mo\u017cesz kupi\u0107 Alprazolam online. Brytyjska\/europejska marka alprazolamu (Xanax) 2 mg&#8230; Tabletki przeciwl\u0119kowe 2 mg s\u0105 silniejsze w Wielkiej Brytanii.<\/p>\n<p>Gdzie mog\u0119 kupi\u0107 Xanax online? Gdzie mog\u0119 kupi\u0107 Xanax 2MG online? Gdzie mog\u0119 kupi\u0107 Xanax 1MG online?<\/p>\n<p>Dzia\u0142anie uspokajaj\u0105ce i uspokajaj\u0105ce jest mo\u017cliwe dzi\u0119ki Xanax.<\/p>\n<p>Xanax 2Mg Kup online w Wielkiej Brytanii To konwulsyjne, gdy widz\u0119 morfologi\u0119 Zam\u00f3w Xanax na noc. Waxier Wilburn przeciwstawia si\u0119 Kupowaniu Xanax Online Redditowi subtelnie oferty w bardziej wybredny spos\u00f3b.<\/p>\n<p>Xanax bez recepty mo\u017cna kupi\u0107 tanio przez Internet. Gdzie mog\u0119 kupi\u0107 hurtowo phentermine w najni\u017cszej cenie? Obrazy 2 mg lek\u00f3w generycznych xanax<\/p>\n<p>Ten lek jest stosowany w leczeniu zaburze\u0144 paniki i zaburze\u0144 l\u0119kowych, takich jak niespodziewany intensywny strach i napi\u0119cie spowodowane stresem. Alprazolam to tabletki 0,5 MG, 1 MG, 2 MG. Najlepiej zacz\u0105\u0107 od ma\u0142ej dawki i przej\u015b\u0107 do wi\u0119kszej. Aby unikn\u0105\u0107 objaw\u00f3w odstawienia, takich jak drgawki, agresywne zachowanie, niewyra\u017ane widzenie itp., je\u015bli nagle przerwiesz przyjmowanie tego leku.<\/p>\n<p>Alprazolam 0,5 MG Tablet mo\u017cna przyjmowa\u0107 z jedzeniem lub bez jedzenia, w zale\u017cno\u015bci od preferencji. Nie przekracza\u0107 zalecanej dawki. Je\u015bli zauwa\u017cysz jakiekolwiek skutki uboczne, natychmiast um\u00f3w si\u0119 na wizyt\u0119 u lekarza. Aby unikn\u0105\u0107 objaw\u00f3w odstawienia, nie nale\u017cy przerywa\u0107 przyjmowania leku bez uprzedniej wizyty u lekarza!<\/p>\n<p>Co jest zaanga\u017cowane w ten proces<br \/> Hiperpolaryzacja i stabilno\u015b\u0107 b\u0142ony neuronalnej s\u0105 osi\u0105gane dzi\u0119ki interakcji tego leku z chlorkiem kana\u0142\u00f3w, co zapobiega dodatkowemu wzbudzeniu kom\u00f3rek.<\/p>\n","protected":false},"excerpt":{"rendered":"<p> Tabletki Alprox 2 mg mo\u017cna kupi\u0107 online (Xanax). Co to jest Alprox 2mg? Czy mo\u017cna go kupi\u0107 online? Czy Alprox 2 mg jest dost\u0119pny bez recepty?<\/p>\n<p> Kup tablet Alprazolam Xanax 2 mg w Wielkiej Brytanii, Europie w naszej internetowej aptece Best Global z lekami z szybk\u0105 dostaw\u0105 na ca\u0142ym \u015bwiecie! Odkryj najlepsze ceny tabletek Alprazolam 2 MG w\u0142a\u015bnie tutaj!<\/p>\n<p>Tabletka Xanax 2 mg jest stosowana w leczeniu zaburze\u0144 paniki i l\u0119ku, takich jak niespodziewany intensywny strach i napi\u0119cie spowodowane stresem. Kup tabletk\u0119 Xanax 2 mg. Najlepiej zacz\u0105\u0107 od ma\u0142ej dawki i przej\u015b\u0107 do wi\u0119kszej. Objawy odstawienia, w tym drgawki, agresywne zachowanie, niewyra\u017ane widzenie i inne, mog\u0105 wyst\u0105pi\u0107, je\u015bli nagle przerwiesz przyjmowanie tego leku.<\/p>\n","protected":false},"featured_media":5140,"comment_status":"open","ping_status":"closed","template":"","meta":[],"product_brand":[],"product_cat":[703],"product_tag":[1125,1126,1127,1128,1129,1130,1133,1134,1151,1139,1140,1141,1142,1131,1144,1146,1147,1148,1143,1149,1150,1153,1157,1158,1159,1160,1162,1163,1152,1155,1164,1165,1145,1132,1167,1154,1183,1170,1137,1138,1172,1173,1193,1175,1176,1177,1179,1194,1180,1178,1182,1181,1171,1135,1189,1168,1169,1185,1186,1187,1192,1184,1136,1156,1174,1190,1191,1161,1188,1166],"class_list":{"0":"post-5123","1":"product","2":"type-product","3":"status-publish","4":"has-post-thumbnail","6":"product_cat-kup-psychedeliki-leki","7":"product_tag-alprazolam-25","8":"product_tag-alprazolam-25-dla-kotw","9":"product_tag-alprazolam-0-25-mg","10":"product_tag-alprazolam-0-5-mg-price","11":"product_tag-alprazolam-1mg-niebieski","12":"product_tag-alprazolam-batony-2-mg","13":"product_tag-alprazolam-blue-pill","14":"product_tag-alprazolam-bottle","15":"product_tag-alprazolam-do-czego-to-stosuje-si","16":"product_tag-alprazolam-efectos-secundarios","17":"product_tag-alprazolam-for-dogs","18":"product_tag-alprazolam-for-dogs-online","19":"product_tag-alprazolam-for-dogs-side-effects","20":"product_tag-alprazolam-i-alkohol","21":"product_tag-alprazolam-na-sen","22":"product_tag-alprazolam-intensol","23":"product_tag-alprazolam-interactions","24":"product_tag-alprazolam-muscle-relaxant-dose","25":"product_tag-alprazolam-na-sprzeda","26":"product_tag-alprazolam-online","27":"product_tag-alprazolam-para-dormir","28":"product_tag-alprazolam-powder-for-sale","29":"product_tag-alprazolam-refill-rules","30":"product_tag-alprazolam-reviews","31":"product_tag-alprazolam-synthesis","32":"product_tag-alprazolam-urine-detection-time","33":"product_tag-alprazolam-vs-klonazepam","34":"product_tag-alprazolam-vs-lorazepam","35":"product_tag-alprazolam-w-proszku","36":"product_tag-alprazolam-wymowa","37":"product_tag-alprazolam-ksanaks","38":"product_tag-alprazolam-xr","39":"product_tag-alprazolam-z-meksyku","40":"product_tag-alprazolam-niebieski","41":"product_tag-buy-alprazolam","42":"product_tag-alprazolam-cena","43":"product_tag-is-alprazolam-a-substancja-kontrolowana","44":"product_tag-can-alprazolam-get-you-high","45":"product_tag-alprazolam-dawka-dla-psa","46":"product_tag-alprazolam-dawka-na-gboki-sen","47":"product_tag-diazepam-vs-alprazolam","48":"product_tag-difference-between-alprazolam-and-lorazepam","49":"product_tag-czym-jest-alprazolam-uywany-do-dzielenia","50":"product_tag-doctors-that-prescribe-alprazolam-near-me","51":"product_tag-farmapram-alprazolam","52":"product_tag-farmapram-alprazolam-2-mg","53":"product_tag-flualprazolam-vs-alprazolam","54":"product_tag-gdzie-kupi-alprazolam-online","55":"product_tag-greenstone-alprazolam","56":"product_tag-grypa-alprazolam","57":"product_tag-how-to-buy-alprazolam-online","58":"product_tag-jak-dugo-alprazolam-ostatni-w-moczu-reddit","59":"product_tag-klonazepam-vs-alprazolam","60":"product_tag-koszt-alprazolamu","61":"product_tag-zakup-alprazolam-online","62":"product_tag-kup-alprazolam-online","63":"product_tag-kupowanie-alprazolam","64":"product_tag-lorazepam-vs-alprazolam","65":"product_tag-lorazepam-vs-alprazolam-reddit","66":"product_tag-mexican-alprazolam-2mg","67":"product_tag-najlepsze-miejsce-do-kupowania-alprazolamu-online","68":"product_tag-pyn-alprazolam","69":"product_tag-alprazolam-psy","70":"product_tag-alprazolam-psychonaut","71":"product_tag-rnica-midzy-lorazepamem-a-alprazolamem","72":"product_tag-sandoz-alprazolam","73":"product_tag-snort-alprazolam","74":"product_tag-stosowanie-alprazolamu","75":"product_tag-zamw-alprazolam-online","76":"product_tag-alprazolam-ty","78":"first","79":"instock","80":"shipping-taxable","81":"purchasable","82":"product-type-variable"},"yoast_head":"<!-- This site is optimized with the Yoast SEO plugin v27.3 - https:\/\/yoast.com\/product\/yoast-seo-wordpress\/ -->\n<title>Kup Alprox 2mg (Xanax) - Zam\u00f3w Xanax - Najlepsze najlepsze leki na \u015bwiecie<\/title>\n<meta name=\"description\" content=\"Kup tabletki Alprox 2 mg online (Xanax). kup Alprox online, Alprox online, kup online alprox, kupowanie xanax, Kup Alprazolam Xanax 2 mg Tablet Wielka Brytania, Europa\" \/>\n<meta name=\"robots\" content=\"index, follow, max-snippet:-1, max-image-preview:large, max-video-preview:-1\" \/>\n<link rel=\"canonical\" href=\"https:\/\/medicinasinc.com\/pl\/product\/kup-alprox-2mg-xanax\/\" \/>\n<meta property=\"og:locale\" content=\"en_US\" \/>\n<meta property=\"og:type\" content=\"article\" \/>\n<meta property=\"og:title\" content=\"Kup Alprox 2mg (Xanax) - Zam\u00f3w Xanax - Najlepsze najlepsze leki na \u015bwiecie\" \/>\n<meta property=\"og:description\" content=\"Kup tabletki Alprox 2 mg online (Xanax). kup Alprox online, Alprox online, kup online alprox, kupowanie xanax, Kup Alprazolam Xanax 2 mg Tablet Wielka Brytania, Europa\" \/>\n<meta property=\"og:url\" content=\"https:\/\/medicinasinc.com\/pl\/product\/kup-alprox-2mg-xanax\/\" \/>\n<meta property=\"og:site_name\" content=\"Medicinas Inc\" \/>\n<meta property=\"article:modified_time\" content=\"2022-03-22T01:04:16+00:00\" \/>\n<meta property=\"og:image\" content=\"https:\/\/medicinasinc.com\/pl\/wp-content\/uploads\/sites\/13\/2022\/02\/Buy-Alprox-2mg.jpg\" \/>\n\t<meta property=\"og:image:width\" content=\"600\" \/>\n\t<meta property=\"og:image:height\" content=\"600\" \/>\n\t<meta property=\"og:image:type\" content=\"image\/jpeg\" \/>\n<meta name=\"twitter:card\" content=\"summary_large_image\" \/>\n<meta name=\"twitter:label1\" content=\"Est. reading time\" \/>\n\t<meta name=\"twitter:data1\" content=\"2 minutes\" \/>\n<script type=\"application\/ld+json\" class=\"yoast-schema-graph\">{\"@context\":\"https:\\\/\\\/schema.org\",\"@graph\":[{\"@type\":\"WebPage\",\"@id\":\"https:\\\/\\\/medicinasinc.com\\\/pl\\\/product\\\/kup-alprox-2mg-xanax\\\/\",\"url\":\"https:\\\/\\\/medicinasinc.com\\\/pl\\\/product\\\/kup-alprox-2mg-xanax\\\/\",\"name\":\"Kup Alprox 2mg (Xanax) - Zam\u00f3w Xanax - Najlepsze najlepsze leki na \u015bwiecie\",\"isPartOf\":{\"@id\":\"https:\\\/\\\/medicinasinc.com\\\/pl\\\/#website\"},\"primaryImageOfPage\":{\"@id\":\"https:\\\/\\\/medicinasinc.com\\\/pl\\\/product\\\/kup-alprox-2mg-xanax\\\/#primaryimage\"},\"image\":{\"@id\":\"https:\\\/\\\/medicinasinc.com\\\/pl\\\/product\\\/kup-alprox-2mg-xanax\\\/#primaryimage\"},\"thumbnailUrl\":\"https:\\\/\\\/medicinasinc.com\\\/pl\\\/wp-content\\\/uploads\\\/sites\\\/13\\\/2022\\\/02\\\/Buy-Alprox-2mg.jpg\",\"datePublished\":\"2022-02-20T20:39:42+00:00\",\"dateModified\":\"2022-03-22T01:04:16+00:00\",\"description\":\"Kup tabletki Alprox 2 mg online (Xanax). kup Alprox online, Alprox online, kup online alprox, kupowanie xanax, Kup Alprazolam Xanax 2 mg Tablet Wielka Brytania, Europa\",\"breadcrumb\":{\"@id\":\"https:\\\/\\\/medicinasinc.com\\\/pl\\\/product\\\/kup-alprox-2mg-xanax\\\/#breadcrumb\"},\"inLanguage\":\"en-US\",\"potentialAction\":[{\"@type\":\"ReadAction\",\"target\":[\"https:\\\/\\\/medicinasinc.com\\\/pl\\\/product\\\/kup-alprox-2mg-xanax\\\/\"]}]},{\"@type\":\"ImageObject\",\"inLanguage\":\"en-US\",\"@id\":\"https:\\\/\\\/medicinasinc.com\\\/pl\\\/product\\\/kup-alprox-2mg-xanax\\\/#primaryimage\",\"url\":\"https:\\\/\\\/medicinasinc.com\\\/pl\\\/wp-content\\\/uploads\\\/sites\\\/13\\\/2022\\\/02\\\/Buy-Alprox-2mg.jpg\",\"contentUrl\":\"https:\\\/\\\/medicinasinc.com\\\/pl\\\/wp-content\\\/uploads\\\/sites\\\/13\\\/2022\\\/02\\\/Buy-Alprox-2mg.jpg\",\"width\":600,\"height\":600},{\"@type\":\"BreadcrumbList\",\"@id\":\"https:\\\/\\\/medicinasinc.com\\\/pl\\\/product\\\/kup-alprox-2mg-xanax\\\/#breadcrumb\",\"itemListElement\":[{\"@type\":\"ListItem\",\"position\":1,\"name\":\"Sklep\",\"item\":\"https:\\\/\\\/medicinasinc.com\\\/pl\\\/sklep\\\/\"},{\"@type\":\"ListItem\",\"position\":2,\"name\":\"Kup Alprox 2mg (Xanax)\"}]},{\"@type\":\"WebSite\",\"@id\":\"https:\\\/\\\/medicinasinc.com\\\/pl\\\/#website\",\"url\":\"https:\\\/\\\/medicinasinc.com\\\/pl\\\/\",\"name\":\"Medicinas Inc\",\"description\":\"Health Medical Clinic\",\"potentialAction\":[{\"@type\":\"SearchAction\",\"target\":{\"@type\":\"EntryPoint\",\"urlTemplate\":\"https:\\\/\\\/medicinasinc.com\\\/pl\\\/?s={search_term_string}\"},\"query-input\":{\"@type\":\"PropertyValueSpecification\",\"valueRequired\":true,\"valueName\":\"search_term_string\"}}],\"inLanguage\":\"en-US\"}]}<\/script>\n<!-- \/ Yoast SEO plugin. -->","yoast_head_json":{"title":"Kup Alprox 2mg (Xanax) - Zam\u00f3w Xanax - Najlepsze najlepsze leki na \u015bwiecie","description":"Kup tabletki Alprox 2 mg online (Xanax). kup Alprox online, Alprox online, kup online alprox, kupowanie xanax, Kup Alprazolam Xanax 2 mg Tablet Wielka Brytania, Europa","robots":{"index":"index","follow":"follow","max-snippet":"max-snippet:-1","max-image-preview":"max-image-preview:large","max-video-preview":"max-video-preview:-1"},"canonical":"https:\/\/medicinasinc.com\/pl\/product\/kup-alprox-2mg-xanax\/","og_locale":"en_US","og_type":"article","og_title":"Kup Alprox 2mg (Xanax) - Zam\u00f3w Xanax - Najlepsze najlepsze leki na \u015bwiecie","og_description":"Kup tabletki Alprox 2 mg online (Xanax). kup Alprox online, Alprox online, kup online alprox, kupowanie xanax, Kup Alprazolam Xanax 2 mg Tablet Wielka Brytania, Europa","og_url":"https:\/\/medicinasinc.com\/pl\/product\/kup-alprox-2mg-xanax\/","og_site_name":"Medicinas Inc","article_modified_time":"2022-03-22T01:04:16+00:00","og_image":[{"width":600,"height":600,"url":"https:\/\/medicinasinc.com\/pl\/wp-content\/uploads\/sites\/13\/2022\/02\/Buy-Alprox-2mg.jpg","type":"image\/jpeg"}],"twitter_card":"summary_large_image","twitter_misc":{"Est. reading time":"2 minutes"},"schema":{"@context":"https:\/\/schema.org","@graph":[{"@type":"WebPage","@id":"https:\/\/medicinasinc.com\/pl\/product\/kup-alprox-2mg-xanax\/","url":"https:\/\/medicinasinc.com\/pl\/product\/kup-alprox-2mg-xanax\/","name":"Kup Alprox 2mg (Xanax) - Zam\u00f3w Xanax - Najlepsze najlepsze leki na \u015bwiecie","isPartOf":{"@id":"https:\/\/medicinasinc.com\/pl\/#website"},"primaryImageOfPage":{"@id":"https:\/\/medicinasinc.com\/pl\/product\/kup-alprox-2mg-xanax\/#primaryimage"},"image":{"@id":"https:\/\/medicinasinc.com\/pl\/product\/kup-alprox-2mg-xanax\/#primaryimage"},"thumbnailUrl":"https:\/\/medicinasinc.com\/pl\/wp-content\/uploads\/sites\/13\/2022\/02\/Buy-Alprox-2mg.jpg","datePublished":"2022-02-20T20:39:42+00:00","dateModified":"2022-03-22T01:04:16+00:00","description":"Kup tabletki Alprox 2 mg online (Xanax). kup Alprox online, Alprox online, kup online alprox, kupowanie xanax, Kup Alprazolam Xanax 2 mg Tablet Wielka Brytania, Europa","breadcrumb":{"@id":"https:\/\/medicinasinc.com\/pl\/product\/kup-alprox-2mg-xanax\/#breadcrumb"},"inLanguage":"en-US","potentialAction":[{"@type":"ReadAction","target":["https:\/\/medicinasinc.com\/pl\/product\/kup-alprox-2mg-xanax\/"]}]},{"@type":"ImageObject","inLanguage":"en-US","@id":"https:\/\/medicinasinc.com\/pl\/product\/kup-alprox-2mg-xanax\/#primaryimage","url":"https:\/\/medicinasinc.com\/pl\/wp-content\/uploads\/sites\/13\/2022\/02\/Buy-Alprox-2mg.jpg","contentUrl":"https:\/\/medicinasinc.com\/pl\/wp-content\/uploads\/sites\/13\/2022\/02\/Buy-Alprox-2mg.jpg","width":600,"height":600},{"@type":"BreadcrumbList","@id":"https:\/\/medicinasinc.com\/pl\/product\/kup-alprox-2mg-xanax\/#breadcrumb","itemListElement":[{"@type":"ListItem","position":1,"name":"Sklep","item":"https:\/\/medicinasinc.com\/pl\/sklep\/"},{"@type":"ListItem","position":2,"name":"Kup Alprox 2mg (Xanax)"}]},{"@type":"WebSite","@id":"https:\/\/medicinasinc.com\/pl\/#website","url":"https:\/\/medicinasinc.com\/pl\/","name":"Medicinas Inc","description":"Health Medical Clinic","potentialAction":[{"@type":"SearchAction","target":{"@type":"EntryPoint","urlTemplate":"https:\/\/medicinasinc.com\/pl\/?s={search_term_string}"},"query-input":{"@type":"PropertyValueSpecification","valueRequired":true,"valueName":"search_term_string"}}],"inLanguage":"en-US"}]}},"_links":{"self":[{"href":"https:\/\/medicinasinc.com\/pl\/wp-json\/wp\/v2\/product\/5123","targetHints":{"allow":["GET"]}}],"collection":[{"href":"https:\/\/medicinasinc.com\/pl\/wp-json\/wp\/v2\/product"}],"about":[{"href":"https:\/\/medicinasinc.com\/pl\/wp-json\/wp\/v2\/types\/product"}],"replies":[{"embeddable":true,"href":"https:\/\/medicinasinc.com\/pl\/wp-json\/wp\/v2\/comments?post=5123"}],"wp:featuredmedia":[{"embeddable":true,"href":"https:\/\/medicinasinc.com\/pl\/wp-json\/wp\/v2\/media\/5140"}],"wp:attachment":[{"href":"https:\/\/medicinasinc.com\/pl\/wp-json\/wp\/v2\/media?parent=5123"}],"wp:term":[{"taxonomy":"product_brand","embeddable":true,"href":"https:\/\/medicinasinc.com\/pl\/wp-json\/wp\/v2\/product_brand?post=5123"},{"taxonomy":"product_cat","embeddable":true,"href":"https:\/\/medicinasinc.com\/pl\/wp-json\/wp\/v2\/product_cat?post=5123"},{"taxonomy":"product_tag","embeddable":true,"href":"https:\/\/medicinasinc.com\/pl\/wp-json\/wp\/v2\/product_tag?post=5123"}],"curies":[{"name":"wp","href":"https:\/\/api.w.org\/{rel}","templated":true}]}}