{"id":5122,"date":"2022-02-20T20:38:15","date_gmt":"2022-02-20T20:38:15","guid":{"rendered":"https:\/\/medicinasinc.com\/pl\/?post_type=product&#038;p=5122"},"modified":"2022-03-22T01:04:26","modified_gmt":"2022-03-22T01:04:26","slug":"kup-adderall-30-mg","status":"publish","type":"product","link":"https:\/\/medicinasinc.com\/pl\/product\/kup-adderall-30-mg\/","title":{"rendered":"Kup Adderall 30 mg"},"content":{"rendered":"<p>Kup Adderall 30 mg tabletek doustnych online za pomoc\u0105 Bitcoin. Dodatkowo jest stosowany w leczeniu zespo\u0142u nadpobudliwo\u015bci psychoruchowej z deficytem uwagi (ADHD) i narkolepsji.<\/p>\n<p>Kup Adderall 30 mg online z szybk\u0105 globaln\u0105 dostaw\u0105 w naszej internetowej aptece Global Med! Tutaj znajdziesz najlepszy Adderall 30 mg do kupienia!<\/p>\n<p>Adderall 30 MG to lek na recept\u0119, kt\u00f3ry powstaje przez zmieszanie i dekstroamfetamin\u0119. Te dwa sk\u0142adniki dzia\u0142aj\u0105 jako g\u0142\u00f3wne stymulanty uk\u0142adu nerwowego. Dodatkowo te stymulanty maj\u0105 wp\u0142yw na substancje chemiczne w m\u00f3zgu i neurony, kt\u00f3re reguluj\u0105 impuls i nadpobudliwo\u015b\u0107. Lek jest stosowany przede wszystkim w leczeniu narkolepsji i zespo\u0142u nadpobudliwo\u015bci psychoruchowej z deficytem uwagi (ADHD). Konsumpcja jest dozwolona w ograniczonej liczbie kraj\u00f3w, a mianowicie w Kanadzie i Stanach Zjednoczonych.<\/p>\n<p>Najpowa\u017cniejszym problemem zwi\u0105zanym z zakupem Adderall 30Mg online jest to s\u0142owo, kt\u00f3re zaczyna si\u0119 na W<\/p>\n<p>Ka\u017cda c\u00f3rka lub ch\u0142opiec urodzi\u0142 si\u0119 z do\u015b\u0107 dobr\u0105 pami\u0119ci\u0105.<\/p>\n<p>Kup Adderall 30mg. Recepta nie jest wymagana. Wysy\u0142ka jest ca\u0142kowicie bezpieczna i dyskretna. Dostawa jest dost\u0119pna z dnia na dzie\u0144. Gwarantowany zwrot pieni\u0119dzy.<\/p>\n<p>Mo\u017cesz kupi\u0107 pigu\u0142ki Adderall bez recepty online, adderall na otwartym komputerze i czy mog\u0119 kupi\u0107 Adderall online.<\/p>\n<p>\u015arodki ostro\u017cno\u015bci dotycz\u0105ce dawkowania:<\/p>\n<p> Chocia\u017c dana osoba mo\u017ce wymaga\u0107 Adderall XR, powinna uda\u0107 si\u0119 do lekarza przed pierwsz\u0105 dawk\u0105, je\u015bli ma nadczynno\u015b\u0107 tarczycy, umiarkowane lub ci\u0119\u017ckie nadci\u015bnienie t\u0119tnicze, jaskr\u0119, jakiekolwiek dolegliwo\u015bci sercowe lub by\u0142y wcze\u015bniej uzale\u017cnione od narkotyk\u00f3w lub alkoholu. Ponadto zach\u0119ca si\u0119 osoby, aby nie nadu\u017cywa\u0142y dawki leku, poniewa\u017c mo\u017ce to spowodowa\u0107 powa\u017cne negatywne skutki dla serca lub, w najgorszym przypadku, \u015bmier\u0107.<\/p>\n<p>Wynik pozytywny:<\/p>\n<p> &lt;p Jak w przypadku ka\u017cdej substancji, jej spo\u017cywanie ma szereg skutk\u00f3w, zar\u00f3wno pozytywnych, jak i z\u0142ych. Dodatkowo Adderall 30 MG posiada. Zauwa\u017cono, \u017ce stosowanie go przez kr\u00f3tszy czas zgodnie z zaleceniami lekarza ma korzystny wp\u0142yw na zdrowie cz\u0142owieka poprzez zapobieganie objawom ADHD. Dzieje si\u0119 tak z nast\u0119puj\u0105cych powod\u00f3w:<\/p>\n<p>Zwi\u0119ksza poziom neuroprzeka\u017anik\u00f3w, takich jak dopamina i noradrenalina w naszych m\u00f3zgach. Dodatkowo te specyficzne zwi\u0105zki w m\u00f3zgu s\u0142u\u017c\u0105 do zwi\u0119kszenia poziomu energii, czujno\u015bci i skupienia.<br \/> Lek mo\u017ce przyspieszy\u0107 t\u0119tno i podtrzyma\u0107 dop\u0142yw krwi do mi\u0119\u015bni.<br \/> Konsekwentne stosowanie zgodnie z zaleceniami lekarzy mo\u017ce powoduje zwi\u0119kszenie energii i wigoru, co jest uwa\u017cane za por\u00f3wnywalne ze spo\u017cyciem kokainy.<br \/> Wynik negatywny:<\/p>\n<p>Z uwagi na fakt, \u017ce Adderall 30 MG jest bardzo wra\u017cliwym lekiem, za\u017cywanie go bez konsultacji lekarskiej recepta mo\u017ce mie\u0107 z\u0142y wp\u0142yw na Twoje zdrowie.<\/p>\n<p>Dra\u017cliwo\u015b\u0107<br \/>Zmniejszanie masy cia\u0142a, kt\u00f3re jest niezdrowe w wyniku t\u0142umienia apetytu<br \/>Bezsenno\u015b\u0107 i zaburzenia snu<br \/>Powa\u017cne powik\u0142ania sercowe<\/p>\n<p>&nbsp;<\/p>\n<p>&nbsp;<\/p>\n<p>&nbsp;<\/p>\n<p>W przypadku nadu\u017cycia:<\/p>\n<p>Lekarze zawsze doradzali pacjenci ostro\u017cnie stosowali leki, a nadu\u017cywanie Adderall 30 MG powodowa\u0142o wzrost poziomu energii i silne o\u017cywienie. Ponadto nadu\u017cywanie tej ostatniej substancji mo\u017ce skutkowa\u0107 nieprzyjemnymi objawami, takimi jak:<\/p>\n<p>Zmniejszona uwaga na okre\u015blone zadania<br \/>Depresja i ospa\u0142o\u015b\u0107<br \/> Pami\u0119taj o tych punktach zm\u0119czenia:<\/p>\n<p>Ponadto, przed zastosowaniem Adderall 30 MG nale\u017cy rozwa\u017cy\u0107 kilka kwestii.<\/p>\n<p>Naukowcy doradzali osobom, kt\u00f3re przyjmowa\u0142y inhibitory MAO, takie jak linezolid, b\u0142\u0119kit metylenowy w zastrzykach, izokarboksazyd lub rasagilina, aby nie spo\u017cywa\u0142y tego leku. w ci\u0105gu ostatnich 14 dni, poniewa\u017c mo\u017ce to spowodowa\u0107 powa\u017cn\u0105 interakcj\u0119 farmakologiczn\u0105, kt\u00f3ra z pewno\u015bci\u0105 jest niezdrowa.<\/p>\n<p>Ponadto osoba uczulona na leki pobudzaj\u0105ce powinna tego unika\u0107 lub je\u015bli ju\u017c radzi sobie z nast\u0119puj\u0105ce:<\/p>\n<p>Ka\u017cda powa\u017cna choroba wie\u0144cowa lub serce<br \/>Nadci\u015bnienie (od normalnego do wysokiego)<br \/>Niepok\u00f3j i stres na najwy\u017cszym poziomie<br \/>Uzale\u017cnienie od narkotyk\u00f3w lub alkoholu<br \/> Co, je\u015bli kto\u015b jest zale\u017cny od Adderall XR?<\/p>\n<p>Uzale\u017cnienie od takiej substancji mo\u017ce objawia\u0107 si\u0119 dwojako: psychicznie i fizycznie.<\/p>\n<p>Je\u015bli dana osoba za\u017cywa j\u0105 na co dzie\u0144 i zakorzeni si\u0119 w jej \u017cyciu, rozwinie si\u0119 w niej psychologiczne uzale\u017cnienie lub uzale\u017cnienie od niego. Ponadto ograniczenie dost\u0119pu do niego z jakiegokolwiek powodu mo\u017ce by\u0107 niepokoj\u0105ce, a osoby uzale\u017cnione psychicznie b\u0119d\u0105 mia\u0142y regularny stres lub b\u00f3le g\u0142owy.<\/p>\n<p>Ponadto, w przypadku os\u00f3b umys\u0142owo zale\u017cnych spo\u017cycie cz\u0119sto eskaluje do niebezpiecznych poziom\u00f3w i s\u0105 one zmuszone do nadal go pi\u0107, nawet z nara\u017ceniem \u017cycia. Jednak w tym przypadku dost\u0119pne jest lekarstwo. Ten wzorzec zachowania mo\u017cna zmieni\u0107 poprzez leczenie psychiatryczne. Wed\u0142ug specjalist\u00f3w, korzystna mo\u017ce by\u0107 terapia zwana terapi\u0105 poznawczo-behawioraln\u0105.<\/p>\n<p>Po drugie, gdy dana osoba jest przyzwyczajona do posiadania wy\u017cszego poziomu dopaminy w m\u00f3zgu, zmniejszenie Adderall XR mo\u017ce spowodowa\u0107 spadek dopaminy poziom\u00f3w, w wyniku czego:<\/p>\n<p>&nbsp;<\/p>\n<p>Depresja lub wyczerpanie<br \/> Nienaturalne spanie lub pozostawanie w stanie czuwania przez niezwykle d\u0142ugi czas<\/p>\n<p>Jest nale\u017cy tutaj podkre\u015bli\u0107, \u017ce uzale\u017cnienie fizyczne mo\u017ce wywo\u0142ywa\u0107 potrzeb\u0119 spo\u017cycia wi\u0119kszej ilo\u015bci substancji w celu utrzymania satysfakcji, co mo\u017ce skutkowa\u0107 r\u00f3\u017cnymi niekorzystnymi skutkami i przedawkowaniem.<\/p>\n<p>Jednak spo\u017cywanie ich tylko pod okiem eksperta lub z najwy\u017csz\u0105 ostro\u017cno\u015bci\u0105 mo\u017ce chroni\u0107 ludzi przed negatywnymi konsekwencjami.<\/p>\n","protected":false},"excerpt":{"rendered":"<p>Kup Adderall 30 mg w Wielkiej Brytanii i Europie w naszej internetowej aptece Best Global Meds z szybk\u0105 dostaw\u0105 mi\u0119dzynarodow\u0105! Tutaj znajdziesz najlepszy Adderall 30 mg do kupienia!<\/p>\n<p>Kup Adderall 30 mg online. Kup Adderall 30 mg online od jednego z najwi\u0119kszych sklep\u00f3w internetowych w najlepszej cenie. Adderall jest r\u00f3wnie\u017c znany jako amfetamina i dekstroamfetamina i jest stosowany w leczeniu zespo\u0142u nadpobudliwo\u015bci psychoruchowej z deficytem uwagi (ADHD) (zesp\u00f3\u0142 nadpobudliwo\u015bci psychoruchowej z deficytem uwagi).<\/p>\n<p>Adderall 30 MG to lek na recept\u0119, kt\u00f3ry powstaje przez zmieszanie i dekstroamfetamin\u0119. Te dwa sk\u0142adniki dzia\u0142aj\u0105 jako g\u0142\u00f3wne stymulanty uk\u0142adu nerwowego. Dodatkowo te stymulanty maj\u0105 wp\u0142yw na substancje chemiczne w m\u00f3zgu i neurony, kt\u00f3re reguluj\u0105 impulsy i nadpobudliwo\u015b\u0107.<\/p>\n","protected":false},"featured_media":5138,"comment_status":"open","ping_status":"closed","template":"","meta":[],"product_brand":[],"product_cat":[1117],"product_tag":[1124,1120,1119,1123,1121,1122,1118],"class_list":{"0":"post-5122","1":"product","2":"type-product","3":"status-publish","4":"has-post-thumbnail","6":"product_cat-kup-tabletki-na-bol-spanie-seks","7":"product_tag-gdzie-kupi-adderall-30-mg-online","8":"product_tag-how-to-buy-adderall-30-mg-online","9":"product_tag-kup-adderall-30-mg-online","10":"product_tag-najlepsze-miejsce-do-kupowania-adderall-30-mg-online","11":"product_tag-order-adderall-30-mg-online","12":"product_tag-purchase-adderall-30-mg-online","13":"product_tag-adderall-30-mg-na-sprzeda","15":"first","16":"instock","17":"shipping-taxable","18":"purchasable","19":"product-type-variable","20":"has-default-attributes"},"yoast_head":"<!-- This site is optimized with the Yoast SEO plugin v27.3 - https:\/\/yoast.com\/product\/yoast-seo-wordpress\/ -->\n<title>Kup Adderall 30 mg - Adderall 30 mg - Najlepsze leki na \u015bwiecie<\/title>\n<meta name=\"description\" content=\"Kup tabletki Adderall 30 mg online. Kup Adderall online 30 mg jednego z najlepszych sprzedawc\u00f3w online w najlepszej cenie. Adderall jest r\u00f3wnie\u017c znany jako amfetamina i dekstroamfetamina, stosowane w leczeniu ADHD (zesp\u00f3\u0142 nadpobudliwo\u015bci psychoruchowej z deficytem uwagi).\" \/>\n<meta name=\"robots\" content=\"index, follow, max-snippet:-1, max-image-preview:large, max-video-preview:-1\" \/>\n<link rel=\"canonical\" href=\"https:\/\/medicinasinc.com\/pl\/product\/kup-adderall-30-mg\/\" \/>\n<meta property=\"og:locale\" content=\"en_US\" \/>\n<meta property=\"og:type\" content=\"article\" \/>\n<meta property=\"og:title\" content=\"Kup Adderall 30 mg - Adderall 30 mg - Najlepsze leki na \u015bwiecie\" \/>\n<meta property=\"og:description\" content=\"Kup tabletki Adderall 30 mg online. Kup Adderall online 30 mg jednego z najlepszych sprzedawc\u00f3w online w najlepszej cenie. Adderall jest r\u00f3wnie\u017c znany jako amfetamina i dekstroamfetamina, stosowane w leczeniu ADHD (zesp\u00f3\u0142 nadpobudliwo\u015bci psychoruchowej z deficytem uwagi).\" \/>\n<meta property=\"og:url\" content=\"https:\/\/medicinasinc.com\/pl\/product\/kup-adderall-30-mg\/\" \/>\n<meta property=\"og:site_name\" content=\"Medicinas Inc\" \/>\n<meta property=\"article:modified_time\" content=\"2022-03-22T01:04:26+00:00\" \/>\n<meta property=\"og:image\" content=\"https:\/\/medicinasinc.com\/pl\/wp-content\/uploads\/sites\/13\/2022\/02\/Buy-Adderall-30-MG.jpg\" \/>\n\t<meta property=\"og:image:width\" content=\"392\" \/>\n\t<meta property=\"og:image:height\" content=\"300\" \/>\n\t<meta property=\"og:image:type\" content=\"image\/jpeg\" \/>\n<meta name=\"twitter:card\" content=\"summary_large_image\" \/>\n<meta name=\"twitter:label1\" content=\"Est. reading time\" \/>\n\t<meta name=\"twitter:data1\" content=\"4 minutes\" \/>\n<script type=\"application\/ld+json\" class=\"yoast-schema-graph\">{\"@context\":\"https:\\\/\\\/schema.org\",\"@graph\":[{\"@type\":\"WebPage\",\"@id\":\"https:\\\/\\\/medicinasinc.com\\\/pl\\\/product\\\/kup-adderall-30-mg\\\/\",\"url\":\"https:\\\/\\\/medicinasinc.com\\\/pl\\\/product\\\/kup-adderall-30-mg\\\/\",\"name\":\"Kup Adderall 30 mg - Adderall 30 mg - Najlepsze leki na \u015bwiecie\",\"isPartOf\":{\"@id\":\"https:\\\/\\\/medicinasinc.com\\\/pl\\\/#website\"},\"primaryImageOfPage\":{\"@id\":\"https:\\\/\\\/medicinasinc.com\\\/pl\\\/product\\\/kup-adderall-30-mg\\\/#primaryimage\"},\"image\":{\"@id\":\"https:\\\/\\\/medicinasinc.com\\\/pl\\\/product\\\/kup-adderall-30-mg\\\/#primaryimage\"},\"thumbnailUrl\":\"https:\\\/\\\/medicinasinc.com\\\/pl\\\/wp-content\\\/uploads\\\/sites\\\/13\\\/2022\\\/02\\\/Buy-Adderall-30-MG.jpg\",\"datePublished\":\"2022-02-20T20:38:15+00:00\",\"dateModified\":\"2022-03-22T01:04:26+00:00\",\"description\":\"Kup tabletki Adderall 30 mg online. Kup Adderall online 30 mg jednego z najlepszych sprzedawc\u00f3w online w najlepszej cenie. Adderall jest r\u00f3wnie\u017c znany jako amfetamina i dekstroamfetamina, stosowane w leczeniu ADHD (zesp\u00f3\u0142 nadpobudliwo\u015bci psychoruchowej z deficytem uwagi).\",\"breadcrumb\":{\"@id\":\"https:\\\/\\\/medicinasinc.com\\\/pl\\\/product\\\/kup-adderall-30-mg\\\/#breadcrumb\"},\"inLanguage\":\"en-US\",\"potentialAction\":[{\"@type\":\"ReadAction\",\"target\":[\"https:\\\/\\\/medicinasinc.com\\\/pl\\\/product\\\/kup-adderall-30-mg\\\/\"]}]},{\"@type\":\"ImageObject\",\"inLanguage\":\"en-US\",\"@id\":\"https:\\\/\\\/medicinasinc.com\\\/pl\\\/product\\\/kup-adderall-30-mg\\\/#primaryimage\",\"url\":\"https:\\\/\\\/medicinasinc.com\\\/pl\\\/wp-content\\\/uploads\\\/sites\\\/13\\\/2022\\\/02\\\/Buy-Adderall-30-MG.jpg\",\"contentUrl\":\"https:\\\/\\\/medicinasinc.com\\\/pl\\\/wp-content\\\/uploads\\\/sites\\\/13\\\/2022\\\/02\\\/Buy-Adderall-30-MG.jpg\",\"width\":392,\"height\":300},{\"@type\":\"BreadcrumbList\",\"@id\":\"https:\\\/\\\/medicinasinc.com\\\/pl\\\/product\\\/kup-adderall-30-mg\\\/#breadcrumb\",\"itemListElement\":[{\"@type\":\"ListItem\",\"position\":1,\"name\":\"Sklep\",\"item\":\"https:\\\/\\\/medicinasinc.com\\\/pl\\\/sklep\\\/\"},{\"@type\":\"ListItem\",\"position\":2,\"name\":\"Kup Adderall 30 mg\"}]},{\"@type\":\"WebSite\",\"@id\":\"https:\\\/\\\/medicinasinc.com\\\/pl\\\/#website\",\"url\":\"https:\\\/\\\/medicinasinc.com\\\/pl\\\/\",\"name\":\"Medicinas Inc\",\"description\":\"Health Medical Clinic\",\"potentialAction\":[{\"@type\":\"SearchAction\",\"target\":{\"@type\":\"EntryPoint\",\"urlTemplate\":\"https:\\\/\\\/medicinasinc.com\\\/pl\\\/?s={search_term_string}\"},\"query-input\":{\"@type\":\"PropertyValueSpecification\",\"valueRequired\":true,\"valueName\":\"search_term_string\"}}],\"inLanguage\":\"en-US\"}]}<\/script>\n<!-- \/ Yoast SEO plugin. -->","yoast_head_json":{"title":"Kup Adderall 30 mg - Adderall 30 mg - Najlepsze leki na \u015bwiecie","description":"Kup tabletki Adderall 30 mg online. Kup Adderall online 30 mg jednego z najlepszych sprzedawc\u00f3w online w najlepszej cenie. Adderall jest r\u00f3wnie\u017c znany jako amfetamina i dekstroamfetamina, stosowane w leczeniu ADHD (zesp\u00f3\u0142 nadpobudliwo\u015bci psychoruchowej z deficytem uwagi).","robots":{"index":"index","follow":"follow","max-snippet":"max-snippet:-1","max-image-preview":"max-image-preview:large","max-video-preview":"max-video-preview:-1"},"canonical":"https:\/\/medicinasinc.com\/pl\/product\/kup-adderall-30-mg\/","og_locale":"en_US","og_type":"article","og_title":"Kup Adderall 30 mg - Adderall 30 mg - Najlepsze leki na \u015bwiecie","og_description":"Kup tabletki Adderall 30 mg online. Kup Adderall online 30 mg jednego z najlepszych sprzedawc\u00f3w online w najlepszej cenie. Adderall jest r\u00f3wnie\u017c znany jako amfetamina i dekstroamfetamina, stosowane w leczeniu ADHD (zesp\u00f3\u0142 nadpobudliwo\u015bci psychoruchowej z deficytem uwagi).","og_url":"https:\/\/medicinasinc.com\/pl\/product\/kup-adderall-30-mg\/","og_site_name":"Medicinas Inc","article_modified_time":"2022-03-22T01:04:26+00:00","og_image":[{"width":392,"height":300,"url":"https:\/\/medicinasinc.com\/pl\/wp-content\/uploads\/sites\/13\/2022\/02\/Buy-Adderall-30-MG.jpg","type":"image\/jpeg"}],"twitter_card":"summary_large_image","twitter_misc":{"Est. reading time":"4 minutes"},"schema":{"@context":"https:\/\/schema.org","@graph":[{"@type":"WebPage","@id":"https:\/\/medicinasinc.com\/pl\/product\/kup-adderall-30-mg\/","url":"https:\/\/medicinasinc.com\/pl\/product\/kup-adderall-30-mg\/","name":"Kup Adderall 30 mg - Adderall 30 mg - Najlepsze leki na \u015bwiecie","isPartOf":{"@id":"https:\/\/medicinasinc.com\/pl\/#website"},"primaryImageOfPage":{"@id":"https:\/\/medicinasinc.com\/pl\/product\/kup-adderall-30-mg\/#primaryimage"},"image":{"@id":"https:\/\/medicinasinc.com\/pl\/product\/kup-adderall-30-mg\/#primaryimage"},"thumbnailUrl":"https:\/\/medicinasinc.com\/pl\/wp-content\/uploads\/sites\/13\/2022\/02\/Buy-Adderall-30-MG.jpg","datePublished":"2022-02-20T20:38:15+00:00","dateModified":"2022-03-22T01:04:26+00:00","description":"Kup tabletki Adderall 30 mg online. Kup Adderall online 30 mg jednego z najlepszych sprzedawc\u00f3w online w najlepszej cenie. Adderall jest r\u00f3wnie\u017c znany jako amfetamina i dekstroamfetamina, stosowane w leczeniu ADHD (zesp\u00f3\u0142 nadpobudliwo\u015bci psychoruchowej z deficytem uwagi).","breadcrumb":{"@id":"https:\/\/medicinasinc.com\/pl\/product\/kup-adderall-30-mg\/#breadcrumb"},"inLanguage":"en-US","potentialAction":[{"@type":"ReadAction","target":["https:\/\/medicinasinc.com\/pl\/product\/kup-adderall-30-mg\/"]}]},{"@type":"ImageObject","inLanguage":"en-US","@id":"https:\/\/medicinasinc.com\/pl\/product\/kup-adderall-30-mg\/#primaryimage","url":"https:\/\/medicinasinc.com\/pl\/wp-content\/uploads\/sites\/13\/2022\/02\/Buy-Adderall-30-MG.jpg","contentUrl":"https:\/\/medicinasinc.com\/pl\/wp-content\/uploads\/sites\/13\/2022\/02\/Buy-Adderall-30-MG.jpg","width":392,"height":300},{"@type":"BreadcrumbList","@id":"https:\/\/medicinasinc.com\/pl\/product\/kup-adderall-30-mg\/#breadcrumb","itemListElement":[{"@type":"ListItem","position":1,"name":"Sklep","item":"https:\/\/medicinasinc.com\/pl\/sklep\/"},{"@type":"ListItem","position":2,"name":"Kup Adderall 30 mg"}]},{"@type":"WebSite","@id":"https:\/\/medicinasinc.com\/pl\/#website","url":"https:\/\/medicinasinc.com\/pl\/","name":"Medicinas Inc","description":"Health Medical Clinic","potentialAction":[{"@type":"SearchAction","target":{"@type":"EntryPoint","urlTemplate":"https:\/\/medicinasinc.com\/pl\/?s={search_term_string}"},"query-input":{"@type":"PropertyValueSpecification","valueRequired":true,"valueName":"search_term_string"}}],"inLanguage":"en-US"}]}},"_links":{"self":[{"href":"https:\/\/medicinasinc.com\/pl\/wp-json\/wp\/v2\/product\/5122","targetHints":{"allow":["GET"]}}],"collection":[{"href":"https:\/\/medicinasinc.com\/pl\/wp-json\/wp\/v2\/product"}],"about":[{"href":"https:\/\/medicinasinc.com\/pl\/wp-json\/wp\/v2\/types\/product"}],"replies":[{"embeddable":true,"href":"https:\/\/medicinasinc.com\/pl\/wp-json\/wp\/v2\/comments?post=5122"}],"wp:featuredmedia":[{"embeddable":true,"href":"https:\/\/medicinasinc.com\/pl\/wp-json\/wp\/v2\/media\/5138"}],"wp:attachment":[{"href":"https:\/\/medicinasinc.com\/pl\/wp-json\/wp\/v2\/media?parent=5122"}],"wp:term":[{"taxonomy":"product_brand","embeddable":true,"href":"https:\/\/medicinasinc.com\/pl\/wp-json\/wp\/v2\/product_brand?post=5122"},{"taxonomy":"product_cat","embeddable":true,"href":"https:\/\/medicinasinc.com\/pl\/wp-json\/wp\/v2\/product_cat?post=5122"},{"taxonomy":"product_tag","embeddable":true,"href":"https:\/\/medicinasinc.com\/pl\/wp-json\/wp\/v2\/product_tag?post=5122"}],"curies":[{"name":"wp","href":"https:\/\/api.w.org\/{rel}","templated":true}]}}