{"id":5096,"date":"2022-02-20T20:15:06","date_gmt":"2022-02-20T20:15:06","guid":{"rendered":"https:\/\/medicinasinc.com\/pl\/?post_type=product&#038;p=5096"},"modified":"2022-03-22T01:04:34","modified_gmt":"2022-03-22T01:04:34","slug":"grejpfrut-chwastow-szczep","status":"publish","type":"product","link":"https:\/\/medicinasinc.com\/pl\/product\/grejpfrut-chwastow-szczep\/","title":{"rendered":"Grejpfrut szczep chwast\u00f3w"},"content":{"rendered":"<p><strong>Zakup online wysokiej jako\u015bci marihuany grejpfrutowej<\/strong><\/p>\n<p>Grapefruit to prawie czysta odmiana sativa. Zosta\u0142 stworzony przez skrzy\u017cowanie Kopciuszka 99 z nieznan\u0105 sativ\u0105 o smaku grejpfrutowym. To nie jest rekreacyjna odmiana marihuany; oferuje r\u00f3wnie\u017c mn\u00f3stwo w\u0142a\u015bciwo\u015bci medycznych. Po kilku zaci\u0105gni\u0119ciach poczujesz si\u0119 mniej zestresowany, przygn\u0119biony i b\u0119dziesz odczuwa\u0142 b\u00f3l.<\/p>\n<p><strong>Sativa<\/strong>\u00a0\u2013 100%<\/p>\n<p><strong>THC<\/strong>: 17-20%<\/p>\n<h3><strong>Wa\u017cne informacje o wysy\u0142ce<\/strong><\/h3>\n<ul>\n<li><strong>BEZP\u0141ATNA wysy\u0142ka dla zam\u00f3wie\u0144 o warto\u015bci 175 USD lub wi\u0119cej<\/strong><\/li>\n<li>Mieszkamy na zachodnim wybrze\u017cu Kanady<\/li>\n<li><strong>Dostarczenie zam\u00f3wienia zajmie oko\u0142o 3 dni roboczych<\/strong>\u00a0po otrzymaniu paczki przez Canada Post *zak\u0142adaj\u0105c brak op\u00f3\u017anie\u0144 z Kanady Poczta*<\/li>\n<li>Przesy\u0142ki zostan\u0105 wys\u0142ane na podstawie czasu\u00a0<strong>otrzymania p\u0142atno\u015bci<\/strong>\u00a0NIE w momencie z\u0142o\u017cenia zam\u00f3wienia.<\/li>\n<li>Zam\u00f3wienia z p\u0142atno\u015bci\u0105 otrzymane w godzinach 12:00\u201312:00 PST (od p\u00f3\u0142nocy do po\u0142udnia) zostanie wys\u0142ane tego samego dnia.<\/li>\n<li>Zam\u00f3wienia z p\u0142atno\u015bci\u0105 otrzymane po godzinie 12:00 czasu PST (po\u0142udnie) zostan\u0105 wys\u0142ane nast\u0119pnego dnia.<\/li>\n<\/ul>\n<div class=\" product-next-previous\">\n<div class=\"product-prev\"><\/div><\/div>\n","protected":false},"excerpt":{"rendered":"<div class=\"woocommerce-product-details__short-description\">\n<p>Grapefruit to bardzo silny szczep marihuany sativa stworzony przez skrzy\u017cowanie Cinderella 99 z grejpfrutem. Grejpfrut ma w\u0142a\u015bciwo\u015bci rewitalizuj\u0105ce i wywo\u0142uje uczucie rado\u015bci. Ten szczep ma tropikalny profil smakowy i zapach cytrus\u00f3w.<\/p>\n<p>Kup Grapefruit Marijuana Strain to bardzo silny szczep marihuany sativa stworzony przez skrzy\u017cowanie Kopciuszka 99 z grejpfrutem. Grapefruit Marihuana Szczep do sprzeda\u017cy online<\/p>\n<p>Grejpfrutowa marihuana najwy\u017cszej jako\u015bci dost\u0119pnej online.<\/p>\n<p>Grejpfrutowa marihuana to szczep sativa. 70% dominuj\u0105ca hybryda sativa \/ 30% Indica THC: 20%-25%, CBN: 1%<\/p>\n<\/p><\/div>\n","protected":false},"featured_media":5115,"comment_status":"open","ping_status":"closed","template":"","meta":[],"product_brand":[],"product_cat":[778],"product_tag":[1060,1065,1066,1067,1068,1073,1074,1075,1076,1081,1082,1083,1084,1091,1092,1093,1094,1099,1100,1101,1102,1107,1108,1109,1110,1114,1116,1090,1104,1088,1089,1095,1097,1103,1105,1106,1111,1112,1098,1096,1113,1087,1062,1072,1061,1063,1069,1064,1077,1071,1078,1079,1080,1085,1086,1070,1115],"class_list":{"0":"post-5096","1":"product","2":"type-product","3":"status-publish","4":"has-post-thumbnail","6":"product_cat-chwast-na-sprzeda","7":"product_tag-buy-grapefruit-strain-online-in-australia","8":"product_tag-buy-grapefruit-strain-online-in-china","9":"product_tag-buy-grapefruit-strain-online-in-croatia","10":"product_tag-buy-grapefruit-strain-online-in-denmark","11":"product_tag-buy-grapefruit-strain-online-in-england","12":"product_tag-buy-grapefruit-strain-online-in-ireland","13":"product_tag-buy-grapefruit-strain-online-in-italy","14":"product_tag-buy-grapefruit-strain-online-in-japan","15":"product_tag-buy-grapefruit-strain-online-in-malta","16":"product_tag-buy-grapefruit-strain-online-in-scotland","17":"product_tag-buy-grapefruit-strain-online-in-spain","18":"product_tag-buy-grapefruit-strain-online-in-switzerland","19":"product_tag-buy-grapefruit-strain-online-in-turkey","20":"product_tag-buy-weed-online-in-bulgary","21":"product_tag-buy-weed-online-in-canada","22":"product_tag-buy-weed-online-in-china","23":"product_tag-buy-weed-online-in-croatia","24":"product_tag-buy-weed-online-in-germany","25":"product_tag-buy-weed-online-in-hungary","26":"product_tag-buy-weed-online-in-ireland","27":"product_tag-buy-weed-online-in-italy","28":"product_tag-buy-weed-online-in-pillipines","29":"product_tag-buy-weed-online-in-russia","30":"product_tag-buy-weed-online-in-scotland","31":"product_tag-buy-weed-online-in-spain","32":"product_tag-buy-weed-online-online-in-uk","33":"product_tag-grejpfrut-chwastw-na-sprzeda-online","34":"product_tag-kup-chwastw-on-line-na-biaorii","35":"product_tag-kup-chwastw-on-line-na-malcie","36":"product_tag-kup-chwastw-on-line-w-australii","37":"product_tag-kup-chwastw-on-line-w-austrii","38":"product_tag-kup-chwastw-on-line-w-danii","39":"product_tag-kup-chwastw-on-line-w-finlandii","40":"product_tag-kup-chwastw-on-line-w-japonii","41":"product_tag-kup-chwastw-on-line-w-meksyku","42":"product_tag-kup-chwastw-online-w-nowej-zelandii","43":"product_tag-kup-chwastw-online-w-szwajcaria","44":"product_tag-kup-chwastw-on-line-w-turcji","45":"product_tag-kup-chwastw-on-line-we-france","46":"product_tag-kup-chwastw-on-line-w-anglii","47":"product_tag-kup-chwastw-on-line-w-usa","48":"product_tag-kup-grejpfrut-chwastw-szczep-online","49":"product_tag-kup-grejpfrut-szczep-online-na-biaorii","50":"product_tag-kup-grejpfrut-szczep-online-na-wegrzech","51":"product_tag-kup-grejpfrut-szczep-online-w-austrii","52":"product_tag-kup-grejpfrut-szczep-online-w-bulgarii","53":"product_tag-kup-grejpfrut-szczep-online-w-finlandii","54":"product_tag-kup-grejpfrut-szczep-online-w-kanada","55":"product_tag-kup-grejpfrut-szczep-online-w-meksyku","56":"product_tag-kup-grejpfrut-szczep-online-w-niemczech","57":"product_tag-kup-grejpfrut-szczep-online-w-nowej-zelandii","58":"product_tag-kup-grejpfrut-szczep-online-w-pillipinach","59":"product_tag-kup-grejpfrut-szczep-online-w-rosyi","60":"product_tag-kup-grejpfrut-szczep-online-w-usa","61":"product_tag-kup-grejpfrut-szczep-online-online-w-uk","62":"product_tag-kup-grejpfrut-szczep-on-line-we-francja","63":"product_tag-tania-grejpfrutowa-marihuana-na-sprzeda-online","65":"first","66":"instock","67":"shipping-taxable","68":"purchasable","69":"product-type-variable","70":"has-default-attributes"},"yoast_head":"<!-- This site is optimized with the Yoast SEO plugin v27.3 - https:\/\/yoast.com\/product\/yoast-seo-wordpress\/ -->\n<title>Kup szczep z chwast\u00f3w grejpfrutowych - najlepsze \u015bwiatowe leki<\/title>\n<meta name=\"description\" content=\"Kup Grapefruit Weed Strain to silna odmiana marihuany sativa uzyskana z krzy\u017c\u00f3wki Cinderella 99. Kup Grapefruit Marihuana Strain online\" \/>\n<meta name=\"robots\" content=\"index, follow, max-snippet:-1, max-image-preview:large, max-video-preview:-1\" \/>\n<link rel=\"canonical\" href=\"https:\/\/medicinasinc.com\/pl\/product\/grejpfrut-chwastow-szczep\/\" \/>\n<meta property=\"og:locale\" content=\"en_US\" \/>\n<meta property=\"og:type\" content=\"article\" \/>\n<meta property=\"og:title\" content=\"Kup szczep z chwast\u00f3w grejpfrutowych - najlepsze \u015bwiatowe leki\" \/>\n<meta property=\"og:description\" content=\"Kup Grapefruit Weed Strain to silna odmiana marihuany sativa uzyskana z krzy\u017c\u00f3wki Cinderella 99. Kup Grapefruit Marihuana Strain online\" \/>\n<meta property=\"og:url\" content=\"https:\/\/medicinasinc.com\/pl\/product\/grejpfrut-chwastow-szczep\/\" \/>\n<meta property=\"og:site_name\" content=\"Medicinas Inc\" \/>\n<meta property=\"article:modified_time\" content=\"2022-03-22T01:04:34+00:00\" \/>\n<meta property=\"og:image\" content=\"https:\/\/medicinasinc.com\/pl\/wp-content\/uploads\/sites\/13\/2022\/02\/Buy-Grapefruit-Weed-Strain.jpg\" \/>\n\t<meta property=\"og:image:width\" content=\"600\" \/>\n\t<meta property=\"og:image:height\" content=\"600\" \/>\n\t<meta property=\"og:image:type\" content=\"image\/jpeg\" \/>\n<meta name=\"twitter:card\" content=\"summary_large_image\" \/>\n<meta name=\"twitter:label1\" content=\"Est. reading time\" \/>\n\t<meta name=\"twitter:data1\" content=\"1 minute\" \/>\n<script type=\"application\/ld+json\" class=\"yoast-schema-graph\">{\"@context\":\"https:\\\/\\\/schema.org\",\"@graph\":[{\"@type\":\"WebPage\",\"@id\":\"https:\\\/\\\/medicinasinc.com\\\/pl\\\/product\\\/grejpfrut-chwastow-szczep\\\/\",\"url\":\"https:\\\/\\\/medicinasinc.com\\\/pl\\\/product\\\/grejpfrut-chwastow-szczep\\\/\",\"name\":\"Kup szczep z chwast\u00f3w grejpfrutowych - najlepsze \u015bwiatowe leki\",\"isPartOf\":{\"@id\":\"https:\\\/\\\/medicinasinc.com\\\/pl\\\/#website\"},\"primaryImageOfPage\":{\"@id\":\"https:\\\/\\\/medicinasinc.com\\\/pl\\\/product\\\/grejpfrut-chwastow-szczep\\\/#primaryimage\"},\"image\":{\"@id\":\"https:\\\/\\\/medicinasinc.com\\\/pl\\\/product\\\/grejpfrut-chwastow-szczep\\\/#primaryimage\"},\"thumbnailUrl\":\"https:\\\/\\\/medicinasinc.com\\\/pl\\\/wp-content\\\/uploads\\\/sites\\\/13\\\/2022\\\/02\\\/Buy-Grapefruit-Weed-Strain.jpg\",\"datePublished\":\"2022-02-20T20:15:06+00:00\",\"dateModified\":\"2022-03-22T01:04:34+00:00\",\"description\":\"Kup Grapefruit Weed Strain to silna odmiana marihuany sativa uzyskana z krzy\u017c\u00f3wki Cinderella 99. Kup Grapefruit Marihuana Strain online\",\"breadcrumb\":{\"@id\":\"https:\\\/\\\/medicinasinc.com\\\/pl\\\/product\\\/grejpfrut-chwastow-szczep\\\/#breadcrumb\"},\"inLanguage\":\"en-US\",\"potentialAction\":[{\"@type\":\"ReadAction\",\"target\":[\"https:\\\/\\\/medicinasinc.com\\\/pl\\\/product\\\/grejpfrut-chwastow-szczep\\\/\"]}]},{\"@type\":\"ImageObject\",\"inLanguage\":\"en-US\",\"@id\":\"https:\\\/\\\/medicinasinc.com\\\/pl\\\/product\\\/grejpfrut-chwastow-szczep\\\/#primaryimage\",\"url\":\"https:\\\/\\\/medicinasinc.com\\\/pl\\\/wp-content\\\/uploads\\\/sites\\\/13\\\/2022\\\/02\\\/Buy-Grapefruit-Weed-Strain.jpg\",\"contentUrl\":\"https:\\\/\\\/medicinasinc.com\\\/pl\\\/wp-content\\\/uploads\\\/sites\\\/13\\\/2022\\\/02\\\/Buy-Grapefruit-Weed-Strain.jpg\",\"width\":600,\"height\":600},{\"@type\":\"BreadcrumbList\",\"@id\":\"https:\\\/\\\/medicinasinc.com\\\/pl\\\/product\\\/grejpfrut-chwastow-szczep\\\/#breadcrumb\",\"itemListElement\":[{\"@type\":\"ListItem\",\"position\":1,\"name\":\"Sklep\",\"item\":\"https:\\\/\\\/medicinasinc.com\\\/pl\\\/sklep\\\/\"},{\"@type\":\"ListItem\",\"position\":2,\"name\":\"Grejpfrut szczep chwast\u00f3w\"}]},{\"@type\":\"WebSite\",\"@id\":\"https:\\\/\\\/medicinasinc.com\\\/pl\\\/#website\",\"url\":\"https:\\\/\\\/medicinasinc.com\\\/pl\\\/\",\"name\":\"Medicinas Inc\",\"description\":\"Health Medical Clinic\",\"potentialAction\":[{\"@type\":\"SearchAction\",\"target\":{\"@type\":\"EntryPoint\",\"urlTemplate\":\"https:\\\/\\\/medicinasinc.com\\\/pl\\\/?s={search_term_string}\"},\"query-input\":{\"@type\":\"PropertyValueSpecification\",\"valueRequired\":true,\"valueName\":\"search_term_string\"}}],\"inLanguage\":\"en-US\"}]}<\/script>\n<!-- \/ Yoast SEO plugin. -->","yoast_head_json":{"title":"Kup szczep z chwast\u00f3w grejpfrutowych - najlepsze \u015bwiatowe leki","description":"Kup Grapefruit Weed Strain to silna odmiana marihuany sativa uzyskana z krzy\u017c\u00f3wki Cinderella 99. Kup Grapefruit Marihuana Strain online","robots":{"index":"index","follow":"follow","max-snippet":"max-snippet:-1","max-image-preview":"max-image-preview:large","max-video-preview":"max-video-preview:-1"},"canonical":"https:\/\/medicinasinc.com\/pl\/product\/grejpfrut-chwastow-szczep\/","og_locale":"en_US","og_type":"article","og_title":"Kup szczep z chwast\u00f3w grejpfrutowych - najlepsze \u015bwiatowe leki","og_description":"Kup Grapefruit Weed Strain to silna odmiana marihuany sativa uzyskana z krzy\u017c\u00f3wki Cinderella 99. Kup Grapefruit Marihuana Strain online","og_url":"https:\/\/medicinasinc.com\/pl\/product\/grejpfrut-chwastow-szczep\/","og_site_name":"Medicinas Inc","article_modified_time":"2022-03-22T01:04:34+00:00","og_image":[{"width":600,"height":600,"url":"https:\/\/medicinasinc.com\/pl\/wp-content\/uploads\/sites\/13\/2022\/02\/Buy-Grapefruit-Weed-Strain.jpg","type":"image\/jpeg"}],"twitter_card":"summary_large_image","twitter_misc":{"Est. reading time":"1 minute"},"schema":{"@context":"https:\/\/schema.org","@graph":[{"@type":"WebPage","@id":"https:\/\/medicinasinc.com\/pl\/product\/grejpfrut-chwastow-szczep\/","url":"https:\/\/medicinasinc.com\/pl\/product\/grejpfrut-chwastow-szczep\/","name":"Kup szczep z chwast\u00f3w grejpfrutowych - najlepsze \u015bwiatowe leki","isPartOf":{"@id":"https:\/\/medicinasinc.com\/pl\/#website"},"primaryImageOfPage":{"@id":"https:\/\/medicinasinc.com\/pl\/product\/grejpfrut-chwastow-szczep\/#primaryimage"},"image":{"@id":"https:\/\/medicinasinc.com\/pl\/product\/grejpfrut-chwastow-szczep\/#primaryimage"},"thumbnailUrl":"https:\/\/medicinasinc.com\/pl\/wp-content\/uploads\/sites\/13\/2022\/02\/Buy-Grapefruit-Weed-Strain.jpg","datePublished":"2022-02-20T20:15:06+00:00","dateModified":"2022-03-22T01:04:34+00:00","description":"Kup Grapefruit Weed Strain to silna odmiana marihuany sativa uzyskana z krzy\u017c\u00f3wki Cinderella 99. Kup Grapefruit Marihuana Strain online","breadcrumb":{"@id":"https:\/\/medicinasinc.com\/pl\/product\/grejpfrut-chwastow-szczep\/#breadcrumb"},"inLanguage":"en-US","potentialAction":[{"@type":"ReadAction","target":["https:\/\/medicinasinc.com\/pl\/product\/grejpfrut-chwastow-szczep\/"]}]},{"@type":"ImageObject","inLanguage":"en-US","@id":"https:\/\/medicinasinc.com\/pl\/product\/grejpfrut-chwastow-szczep\/#primaryimage","url":"https:\/\/medicinasinc.com\/pl\/wp-content\/uploads\/sites\/13\/2022\/02\/Buy-Grapefruit-Weed-Strain.jpg","contentUrl":"https:\/\/medicinasinc.com\/pl\/wp-content\/uploads\/sites\/13\/2022\/02\/Buy-Grapefruit-Weed-Strain.jpg","width":600,"height":600},{"@type":"BreadcrumbList","@id":"https:\/\/medicinasinc.com\/pl\/product\/grejpfrut-chwastow-szczep\/#breadcrumb","itemListElement":[{"@type":"ListItem","position":1,"name":"Sklep","item":"https:\/\/medicinasinc.com\/pl\/sklep\/"},{"@type":"ListItem","position":2,"name":"Grejpfrut szczep chwast\u00f3w"}]},{"@type":"WebSite","@id":"https:\/\/medicinasinc.com\/pl\/#website","url":"https:\/\/medicinasinc.com\/pl\/","name":"Medicinas Inc","description":"Health Medical Clinic","potentialAction":[{"@type":"SearchAction","target":{"@type":"EntryPoint","urlTemplate":"https:\/\/medicinasinc.com\/pl\/?s={search_term_string}"},"query-input":{"@type":"PropertyValueSpecification","valueRequired":true,"valueName":"search_term_string"}}],"inLanguage":"en-US"}]}},"_links":{"self":[{"href":"https:\/\/medicinasinc.com\/pl\/wp-json\/wp\/v2\/product\/5096","targetHints":{"allow":["GET"]}}],"collection":[{"href":"https:\/\/medicinasinc.com\/pl\/wp-json\/wp\/v2\/product"}],"about":[{"href":"https:\/\/medicinasinc.com\/pl\/wp-json\/wp\/v2\/types\/product"}],"replies":[{"embeddable":true,"href":"https:\/\/medicinasinc.com\/pl\/wp-json\/wp\/v2\/comments?post=5096"}],"wp:featuredmedia":[{"embeddable":true,"href":"https:\/\/medicinasinc.com\/pl\/wp-json\/wp\/v2\/media\/5115"}],"wp:attachment":[{"href":"https:\/\/medicinasinc.com\/pl\/wp-json\/wp\/v2\/media?parent=5096"}],"wp:term":[{"taxonomy":"product_brand","embeddable":true,"href":"https:\/\/medicinasinc.com\/pl\/wp-json\/wp\/v2\/product_brand?post=5096"},{"taxonomy":"product_cat","embeddable":true,"href":"https:\/\/medicinasinc.com\/pl\/wp-json\/wp\/v2\/product_cat?post=5096"},{"taxonomy":"product_tag","embeddable":true,"href":"https:\/\/medicinasinc.com\/pl\/wp-json\/wp\/v2\/product_tag?post=5096"}],"curies":[{"name":"wp","href":"https:\/\/api.w.org\/{rel}","templated":true}]}}