{"id":5095,"date":"2022-02-20T20:14:14","date_gmt":"2022-02-20T20:14:14","guid":{"rendered":"https:\/\/medicinasinc.com\/pl\/?post_type=product&#038;p=5095"},"modified":"2022-03-22T01:04:43","modified_gmt":"2022-03-22T01:04:43","slug":"tunczyk-kusz","status":"publish","type":"product","link":"https:\/\/medicinasinc.com\/pl\/product\/tunczyk-kusz\/","title":{"rendered":"Tu\u0144czyk Kush"},"content":{"rendered":"<p><strong>Rozmiar p\u0105ka: \u015bredni<\/strong><br \/> <strong>Tekstura: lekko lepka \/ lekko lepka<br \/> Smaki: ziemisty \/ drzewny \/ ostry<\/strong><\/p>\n<div class=\"product-next-previous\">\n<div class=\"product-prev\">Tuna Kush to fenomen Kolumbii Brytyjskiej, kt\u00f3ry powraca na rynki marihuany medycznej w Ameryce P\u00f3\u0142nocnej. Rasa ta zosta\u0142a nazwana jedn\u0105 z najsilniejszych na rynku, generuj\u0105c\u0105 zwarte, grube bry\u0142ki, kt\u00f3re s\u0105 g\u0119sto pokryte \u017cywic\u0105. Chocia\u017c Tuna Kush nie jest znany z wysokich plon\u00f3w, to, co wy\u0142ania si\u0119 z tych cie\u0144szych \u0142odyg, b\u0119dzie mocne i aromatyczne. Bior\u0105c to pod uwag\u0119, je\u015bli ta odmiana trafi do twojej uprawy, mo\u017cesz ulepszy\u0107 filtry w\u0119glowe, poniewa\u017c ten p\u0105czek \u015bmierdzi! Spodziewaj si\u0119 po\u0142\u0105czenia ostrego skunksa, paliwa i delikatnej s\u0142odyczy.<\/div><\/div>\n","protected":false},"excerpt":{"rendered":"<p>Kup Tuna Kush to jedna z najsilniejszych odmian konopi indyjskich dost\u0119pnych w sprzeda\u017cy. Jedno machni\u0119cie wywo\u0142a g\u0142\u0119bokie uczucie rado\u015bci i relaksu.<\/p>\n<p>Bluefin Tuna Kush to hybrydowa odmiana z dominacj\u0105 Indica, kt\u00f3ra \u0142\u0105czy w sobie to, co najlepsze w Blueberry i s\u0142ynnej BC Tuna Kush.<\/p>\n","protected":false},"featured_media":5113,"comment_status":"open","ping_status":"closed","template":"","meta":[],"product_brand":[],"product_cat":[778],"product_tag":[],"class_list":{"0":"post-5095","1":"product","2":"type-product","3":"status-publish","4":"has-post-thumbnail","6":"product_cat-chwast-na-sprzeda","8":"first","9":"instock","10":"shipping-taxable","11":"purchasable","12":"product-type-variable","13":"has-default-attributes"},"yoast_head":"<!-- This site is optimized with the Yoast SEO plugin v27.3 - https:\/\/yoast.com\/product\/yoast-seo-wordpress\/ -->\n<title>Kup Tuna Kush - Tuna Kush - Najlepsze globalne leki<\/title>\n<meta name=\"description\" content=\"Kup zio\u0142o Tuna Kush na sprzeda\u017c to jedna z najsilniejszych dost\u0119pnych odmian konopi indyjskich. Jedno machni\u0119cie wprowadzi Ci\u0119 w g\u0142\u0119boki stan euforii i odpr\u0119\u017cenia.\" \/>\n<meta name=\"robots\" content=\"index, follow, max-snippet:-1, max-image-preview:large, max-video-preview:-1\" \/>\n<link rel=\"canonical\" href=\"https:\/\/medicinasinc.com\/pl\/product\/tunczyk-kusz\/\" \/>\n<meta property=\"og:locale\" content=\"en_US\" \/>\n<meta property=\"og:type\" content=\"article\" \/>\n<meta property=\"og:title\" content=\"Kup Tuna Kush - Tuna Kush - Najlepsze globalne leki\" \/>\n<meta property=\"og:description\" content=\"Kup zio\u0142o Tuna Kush na sprzeda\u017c to jedna z najsilniejszych dost\u0119pnych odmian konopi indyjskich. Jedno machni\u0119cie wprowadzi Ci\u0119 w g\u0142\u0119boki stan euforii i odpr\u0119\u017cenia.\" \/>\n<meta property=\"og:url\" content=\"https:\/\/medicinasinc.com\/pl\/product\/tunczyk-kusz\/\" \/>\n<meta property=\"og:site_name\" content=\"Medicinas Inc\" \/>\n<meta property=\"article:modified_time\" content=\"2022-03-22T01:04:43+00:00\" \/>\n<meta property=\"og:image\" content=\"https:\/\/medicinasinc.com\/pl\/wp-content\/uploads\/sites\/13\/2022\/02\/Buy-Tuna-Kush.jpg\" \/>\n\t<meta property=\"og:image:width\" content=\"1024\" \/>\n\t<meta property=\"og:image:height\" content=\"768\" \/>\n\t<meta property=\"og:image:type\" content=\"image\/jpeg\" \/>\n<meta name=\"twitter:card\" content=\"summary_large_image\" \/>\n<meta name=\"twitter:label1\" content=\"Est. reading time\" \/>\n\t<meta name=\"twitter:data1\" content=\"1 minute\" \/>\n<script type=\"application\/ld+json\" class=\"yoast-schema-graph\">{\"@context\":\"https:\\\/\\\/schema.org\",\"@graph\":[{\"@type\":\"WebPage\",\"@id\":\"https:\\\/\\\/medicinasinc.com\\\/pl\\\/product\\\/tunczyk-kusz\\\/\",\"url\":\"https:\\\/\\\/medicinasinc.com\\\/pl\\\/product\\\/tunczyk-kusz\\\/\",\"name\":\"Kup Tuna Kush - Tuna Kush - Najlepsze globalne leki\",\"isPartOf\":{\"@id\":\"https:\\\/\\\/medicinasinc.com\\\/pl\\\/#website\"},\"primaryImageOfPage\":{\"@id\":\"https:\\\/\\\/medicinasinc.com\\\/pl\\\/product\\\/tunczyk-kusz\\\/#primaryimage\"},\"image\":{\"@id\":\"https:\\\/\\\/medicinasinc.com\\\/pl\\\/product\\\/tunczyk-kusz\\\/#primaryimage\"},\"thumbnailUrl\":\"https:\\\/\\\/medicinasinc.com\\\/pl\\\/wp-content\\\/uploads\\\/sites\\\/13\\\/2022\\\/02\\\/Buy-Tuna-Kush.jpg\",\"datePublished\":\"2022-02-20T20:14:14+00:00\",\"dateModified\":\"2022-03-22T01:04:43+00:00\",\"description\":\"Kup zio\u0142o Tuna Kush na sprzeda\u017c to jedna z najsilniejszych dost\u0119pnych odmian konopi indyjskich. Jedno machni\u0119cie wprowadzi Ci\u0119 w g\u0142\u0119boki stan euforii i odpr\u0119\u017cenia.\",\"breadcrumb\":{\"@id\":\"https:\\\/\\\/medicinasinc.com\\\/pl\\\/product\\\/tunczyk-kusz\\\/#breadcrumb\"},\"inLanguage\":\"en-US\",\"potentialAction\":[{\"@type\":\"ReadAction\",\"target\":[\"https:\\\/\\\/medicinasinc.com\\\/pl\\\/product\\\/tunczyk-kusz\\\/\"]}]},{\"@type\":\"ImageObject\",\"inLanguage\":\"en-US\",\"@id\":\"https:\\\/\\\/medicinasinc.com\\\/pl\\\/product\\\/tunczyk-kusz\\\/#primaryimage\",\"url\":\"https:\\\/\\\/medicinasinc.com\\\/pl\\\/wp-content\\\/uploads\\\/sites\\\/13\\\/2022\\\/02\\\/Buy-Tuna-Kush.jpg\",\"contentUrl\":\"https:\\\/\\\/medicinasinc.com\\\/pl\\\/wp-content\\\/uploads\\\/sites\\\/13\\\/2022\\\/02\\\/Buy-Tuna-Kush.jpg\",\"width\":1024,\"height\":768},{\"@type\":\"BreadcrumbList\",\"@id\":\"https:\\\/\\\/medicinasinc.com\\\/pl\\\/product\\\/tunczyk-kusz\\\/#breadcrumb\",\"itemListElement\":[{\"@type\":\"ListItem\",\"position\":1,\"name\":\"Sklep\",\"item\":\"https:\\\/\\\/medicinasinc.com\\\/pl\\\/sklep\\\/\"},{\"@type\":\"ListItem\",\"position\":2,\"name\":\"Tu\u0144czyk Kush\"}]},{\"@type\":\"WebSite\",\"@id\":\"https:\\\/\\\/medicinasinc.com\\\/pl\\\/#website\",\"url\":\"https:\\\/\\\/medicinasinc.com\\\/pl\\\/\",\"name\":\"Medicinas Inc\",\"description\":\"Health Medical Clinic\",\"potentialAction\":[{\"@type\":\"SearchAction\",\"target\":{\"@type\":\"EntryPoint\",\"urlTemplate\":\"https:\\\/\\\/medicinasinc.com\\\/pl\\\/?s={search_term_string}\"},\"query-input\":{\"@type\":\"PropertyValueSpecification\",\"valueRequired\":true,\"valueName\":\"search_term_string\"}}],\"inLanguage\":\"en-US\"}]}<\/script>\n<!-- \/ Yoast SEO plugin. -->","yoast_head_json":{"title":"Kup Tuna Kush - Tuna Kush - Najlepsze globalne leki","description":"Kup zio\u0142o Tuna Kush na sprzeda\u017c to jedna z najsilniejszych dost\u0119pnych odmian konopi indyjskich. Jedno machni\u0119cie wprowadzi Ci\u0119 w g\u0142\u0119boki stan euforii i odpr\u0119\u017cenia.","robots":{"index":"index","follow":"follow","max-snippet":"max-snippet:-1","max-image-preview":"max-image-preview:large","max-video-preview":"max-video-preview:-1"},"canonical":"https:\/\/medicinasinc.com\/pl\/product\/tunczyk-kusz\/","og_locale":"en_US","og_type":"article","og_title":"Kup Tuna Kush - Tuna Kush - Najlepsze globalne leki","og_description":"Kup zio\u0142o Tuna Kush na sprzeda\u017c to jedna z najsilniejszych dost\u0119pnych odmian konopi indyjskich. Jedno machni\u0119cie wprowadzi Ci\u0119 w g\u0142\u0119boki stan euforii i odpr\u0119\u017cenia.","og_url":"https:\/\/medicinasinc.com\/pl\/product\/tunczyk-kusz\/","og_site_name":"Medicinas Inc","article_modified_time":"2022-03-22T01:04:43+00:00","og_image":[{"width":1024,"height":768,"url":"https:\/\/medicinasinc.com\/pl\/wp-content\/uploads\/sites\/13\/2022\/02\/Buy-Tuna-Kush.jpg","type":"image\/jpeg"}],"twitter_card":"summary_large_image","twitter_misc":{"Est. reading time":"1 minute"},"schema":{"@context":"https:\/\/schema.org","@graph":[{"@type":"WebPage","@id":"https:\/\/medicinasinc.com\/pl\/product\/tunczyk-kusz\/","url":"https:\/\/medicinasinc.com\/pl\/product\/tunczyk-kusz\/","name":"Kup Tuna Kush - Tuna Kush - Najlepsze globalne leki","isPartOf":{"@id":"https:\/\/medicinasinc.com\/pl\/#website"},"primaryImageOfPage":{"@id":"https:\/\/medicinasinc.com\/pl\/product\/tunczyk-kusz\/#primaryimage"},"image":{"@id":"https:\/\/medicinasinc.com\/pl\/product\/tunczyk-kusz\/#primaryimage"},"thumbnailUrl":"https:\/\/medicinasinc.com\/pl\/wp-content\/uploads\/sites\/13\/2022\/02\/Buy-Tuna-Kush.jpg","datePublished":"2022-02-20T20:14:14+00:00","dateModified":"2022-03-22T01:04:43+00:00","description":"Kup zio\u0142o Tuna Kush na sprzeda\u017c to jedna z najsilniejszych dost\u0119pnych odmian konopi indyjskich. Jedno machni\u0119cie wprowadzi Ci\u0119 w g\u0142\u0119boki stan euforii i odpr\u0119\u017cenia.","breadcrumb":{"@id":"https:\/\/medicinasinc.com\/pl\/product\/tunczyk-kusz\/#breadcrumb"},"inLanguage":"en-US","potentialAction":[{"@type":"ReadAction","target":["https:\/\/medicinasinc.com\/pl\/product\/tunczyk-kusz\/"]}]},{"@type":"ImageObject","inLanguage":"en-US","@id":"https:\/\/medicinasinc.com\/pl\/product\/tunczyk-kusz\/#primaryimage","url":"https:\/\/medicinasinc.com\/pl\/wp-content\/uploads\/sites\/13\/2022\/02\/Buy-Tuna-Kush.jpg","contentUrl":"https:\/\/medicinasinc.com\/pl\/wp-content\/uploads\/sites\/13\/2022\/02\/Buy-Tuna-Kush.jpg","width":1024,"height":768},{"@type":"BreadcrumbList","@id":"https:\/\/medicinasinc.com\/pl\/product\/tunczyk-kusz\/#breadcrumb","itemListElement":[{"@type":"ListItem","position":1,"name":"Sklep","item":"https:\/\/medicinasinc.com\/pl\/sklep\/"},{"@type":"ListItem","position":2,"name":"Tu\u0144czyk Kush"}]},{"@type":"WebSite","@id":"https:\/\/medicinasinc.com\/pl\/#website","url":"https:\/\/medicinasinc.com\/pl\/","name":"Medicinas Inc","description":"Health Medical Clinic","potentialAction":[{"@type":"SearchAction","target":{"@type":"EntryPoint","urlTemplate":"https:\/\/medicinasinc.com\/pl\/?s={search_term_string}"},"query-input":{"@type":"PropertyValueSpecification","valueRequired":true,"valueName":"search_term_string"}}],"inLanguage":"en-US"}]}},"_links":{"self":[{"href":"https:\/\/medicinasinc.com\/pl\/wp-json\/wp\/v2\/product\/5095","targetHints":{"allow":["GET"]}}],"collection":[{"href":"https:\/\/medicinasinc.com\/pl\/wp-json\/wp\/v2\/product"}],"about":[{"href":"https:\/\/medicinasinc.com\/pl\/wp-json\/wp\/v2\/types\/product"}],"replies":[{"embeddable":true,"href":"https:\/\/medicinasinc.com\/pl\/wp-json\/wp\/v2\/comments?post=5095"}],"wp:featuredmedia":[{"embeddable":true,"href":"https:\/\/medicinasinc.com\/pl\/wp-json\/wp\/v2\/media\/5113"}],"wp:attachment":[{"href":"https:\/\/medicinasinc.com\/pl\/wp-json\/wp\/v2\/media?parent=5095"}],"wp:term":[{"taxonomy":"product_brand","embeddable":true,"href":"https:\/\/medicinasinc.com\/pl\/wp-json\/wp\/v2\/product_brand?post=5095"},{"taxonomy":"product_cat","embeddable":true,"href":"https:\/\/medicinasinc.com\/pl\/wp-json\/wp\/v2\/product_cat?post=5095"},{"taxonomy":"product_tag","embeddable":true,"href":"https:\/\/medicinasinc.com\/pl\/wp-json\/wp\/v2\/product_tag?post=5095"}],"curies":[{"name":"wp","href":"https:\/\/api.w.org\/{rel}","templated":true}]}}