{"id":5094,"date":"2022-02-20T20:12:57","date_gmt":"2022-02-20T20:12:57","guid":{"rendered":"https:\/\/medicinasinc.com\/pl\/?post_type=product&#038;p=5094"},"modified":"2022-03-22T01:04:55","modified_gmt":"2022-03-22T01:04:55","slug":"kup-rozowy-kush","status":"publish","type":"product","link":"https:\/\/medicinasinc.com\/pl\/product\/kup-rozowy-kush\/","title":{"rendered":"Kup R\u00f3\u017cowy Kush"},"content":{"rendered":"<p><strong>Zakup Pink Kush przez Internet<\/strong><\/p>\n<p>Pink Kush, podobnie jak jego rodze\u0144stwo OG Kush, jest bardzo poszukiwan\u0105 hybryd\u0105 z dominacj\u0105 indici o silnych efektach skoncentrowanych na ciele. R\u00f3\u017cowe w\u0142osy wy\u0142aniaj\u0105 si\u0119 z jasnozielonych p\u0105k\u00f3w, kt\u00f3re s\u0105 ledwo widoczne pod warstw\u0105 przypominaj\u0105cych cukier w\u0142osk\u00f3w, nadaj\u0105cych s\u0142odki zapach wanilii i cukierk\u00f3w. Uwa\u017ca si\u0119, \u017ce skuteczno\u015b\u0107 tej odmiany jest przyt\u0142aczaj\u0105ca i stwierdzono, \u017ce nawet ma\u0142e dawki \u0142agodz\u0105 b\u00f3l, bezsenno\u015b\u0107 i utrat\u0119 apetytu. Kwitnienie Pink Kush trwa od 10 do 11 tygodni, ale ogromne zbiory p\u0105k\u00f3w z najwy\u017cszej p\u00f3\u0142ki sprawiaj\u0105, \u017ce warto czeka\u0107.<\/p>\n<div class=\"product-next-previous\">\n<div class=\"product-prev\"><\/div><\/div>\n","protected":false},"excerpt":{"rendered":"<p>Kup konopie Pink Kush i inne odmiany chwast\u00f3w AAA+ z ulubionej internetowej apteki w Europie. Z\u0142\u00f3\u017c zam\u00f3wienie ju\u017c dzi\u015b i skorzystaj z bezp\u0142atnej dostawy wszystkich zam\u00f3wie\u0144 o warto\u015bci powy\u017cej 150 USD!<\/p>\n<p>Pink Kush, podobnie jak jego rodze\u0144stwo OG Kush, jest bardzo poszukiwan\u0105 hybryd\u0105 z dominacj\u0105 indici o silnych efektach skoncentrowanych na ciele.<\/p>\n<div>\n<p class=\"percentage\"><span class=\"heading\">THC:\u00a0<\/span>25%<\/p>\n<\/p><\/div>\n<div class=\"panel-heading\">Mo\u017ce przynie\u015b\u0107 ulg\u0119 <i class=\"fa fa-info-circle\"><\/i><\/div>\n<div class=\"panel-body well tags-list\">utrata apetytu, przewlek\u0142y b\u00f3l, depresja, bezsenno\u015b\u0107, nudno\u015bci<\/div>\n<ul>\n<li>AAAAA reprezentuje najlepszych z najlepszych!<\/li>\n<li>Skontaktuj si\u0119 z nami w sprawie zam\u00f3wie\u0144 hurtowych<\/li>\n<li>Wysy\u0142ka na ca\u0142y \u015bwiat.<\/li>\n<\/ul>\n","protected":false},"featured_media":5111,"comment_status":"open","ping_status":"closed","template":"","meta":[],"product_brand":[],"product_cat":[778],"product_tag":[1049,634,1050,1051,1059,1052,1054,1056,1057,1058,1055,1053],"class_list":{"0":"post-5094","1":"product","2":"type-product","3":"status-publish","4":"has-post-thumbnail","6":"product_cat-chwast-na-sprzeda","7":"product_tag-buy-cannabis-online-uk","8":"product_tag-buy-marijuana-online-uk","9":"product_tag-buy-medical-marijuana-online-uk","10":"product_tag-buy-nembutal","11":"product_tag-chwast-na-sprzedaz-we-wloszech","12":"product_tag-hybrydy-chwastw","13":"product_tag-online-marijuana-sales","14":"product_tag-oxycontin-80-mg","15":"product_tag-pain-tablets-for-sale","16":"product_tag-rekreacyjna-marihuana-przychodnia","17":"product_tag-sprzeda-medycznej-marihuany-online","18":"product_tag-marihuana-szczepy-online","20":"first","21":"instock","22":"shipping-taxable","23":"purchasable","24":"product-type-variable","25":"has-default-attributes"},"yoast_head":"<!-- This site is optimized with the Yoast SEO plugin v27.3 - https:\/\/yoast.com\/product\/yoast-seo-wordpress\/ -->\n<title>Kup Pink Kush Online - Najlepsze najlepsze globalne leki<\/title>\n<meta name=\"description\" content=\"Kup odmian\u0119 chwast\u00f3w Pink Kush i wi\u0119cej chwast\u00f3w AAA+ z ulubionej internetowej apteki w Europie. Zam\u00f3w ju\u017c dzi\u015b i ciesz si\u0119 bezp\u0142atn\u0105 wysy\u0142k\u0105 wszystkich zam\u00f3wie\u0144 o warto\u015bci powy\u017cej 150 USD!\" \/>\n<meta name=\"robots\" content=\"index, follow, max-snippet:-1, max-image-preview:large, max-video-preview:-1\" \/>\n<link rel=\"canonical\" href=\"https:\/\/medicinasinc.com\/pl\/product\/kup-rozowy-kush\/\" \/>\n<meta property=\"og:locale\" content=\"en_US\" \/>\n<meta property=\"og:type\" content=\"article\" \/>\n<meta property=\"og:title\" content=\"Kup Pink Kush Online - Najlepsze najlepsze globalne leki\" \/>\n<meta property=\"og:description\" content=\"Kup odmian\u0119 chwast\u00f3w Pink Kush i wi\u0119cej chwast\u00f3w AAA+ z ulubionej internetowej apteki w Europie. Zam\u00f3w ju\u017c dzi\u015b i ciesz si\u0119 bezp\u0142atn\u0105 wysy\u0142k\u0105 wszystkich zam\u00f3wie\u0144 o warto\u015bci powy\u017cej 150 USD!\" \/>\n<meta property=\"og:url\" content=\"https:\/\/medicinasinc.com\/pl\/product\/kup-rozowy-kush\/\" \/>\n<meta property=\"og:site_name\" content=\"Medicinas Inc\" \/>\n<meta property=\"article:modified_time\" content=\"2022-03-22T01:04:55+00:00\" \/>\n<meta property=\"og:image\" content=\"https:\/\/medicinasinc.com\/pl\/wp-content\/uploads\/sites\/13\/2022\/02\/Buy-Pink-Kush.jpg\" \/>\n\t<meta property=\"og:image:width\" content=\"450\" \/>\n\t<meta property=\"og:image:height\" content=\"450\" \/>\n\t<meta property=\"og:image:type\" content=\"image\/jpeg\" \/>\n<meta name=\"twitter:card\" content=\"summary_large_image\" \/>\n<meta name=\"twitter:label1\" content=\"Est. reading time\" \/>\n\t<meta name=\"twitter:data1\" content=\"1 minute\" \/>\n<script type=\"application\/ld+json\" class=\"yoast-schema-graph\">{\"@context\":\"https:\\\/\\\/schema.org\",\"@graph\":[{\"@type\":\"WebPage\",\"@id\":\"https:\\\/\\\/medicinasinc.com\\\/pl\\\/product\\\/kup-rozowy-kush\\\/\",\"url\":\"https:\\\/\\\/medicinasinc.com\\\/pl\\\/product\\\/kup-rozowy-kush\\\/\",\"name\":\"Kup Pink Kush Online - Najlepsze najlepsze globalne leki\",\"isPartOf\":{\"@id\":\"https:\\\/\\\/medicinasinc.com\\\/pl\\\/#website\"},\"primaryImageOfPage\":{\"@id\":\"https:\\\/\\\/medicinasinc.com\\\/pl\\\/product\\\/kup-rozowy-kush\\\/#primaryimage\"},\"image\":{\"@id\":\"https:\\\/\\\/medicinasinc.com\\\/pl\\\/product\\\/kup-rozowy-kush\\\/#primaryimage\"},\"thumbnailUrl\":\"https:\\\/\\\/medicinasinc.com\\\/pl\\\/wp-content\\\/uploads\\\/sites\\\/13\\\/2022\\\/02\\\/Buy-Pink-Kush.jpg\",\"datePublished\":\"2022-02-20T20:12:57+00:00\",\"dateModified\":\"2022-03-22T01:04:55+00:00\",\"description\":\"Kup odmian\u0119 chwast\u00f3w Pink Kush i wi\u0119cej chwast\u00f3w AAA+ z ulubionej internetowej apteki w Europie. Zam\u00f3w ju\u017c dzi\u015b i ciesz si\u0119 bezp\u0142atn\u0105 wysy\u0142k\u0105 wszystkich zam\u00f3wie\u0144 o warto\u015bci powy\u017cej 150 USD!\",\"breadcrumb\":{\"@id\":\"https:\\\/\\\/medicinasinc.com\\\/pl\\\/product\\\/kup-rozowy-kush\\\/#breadcrumb\"},\"inLanguage\":\"en-US\",\"potentialAction\":[{\"@type\":\"ReadAction\",\"target\":[\"https:\\\/\\\/medicinasinc.com\\\/pl\\\/product\\\/kup-rozowy-kush\\\/\"]}]},{\"@type\":\"ImageObject\",\"inLanguage\":\"en-US\",\"@id\":\"https:\\\/\\\/medicinasinc.com\\\/pl\\\/product\\\/kup-rozowy-kush\\\/#primaryimage\",\"url\":\"https:\\\/\\\/medicinasinc.com\\\/pl\\\/wp-content\\\/uploads\\\/sites\\\/13\\\/2022\\\/02\\\/Buy-Pink-Kush.jpg\",\"contentUrl\":\"https:\\\/\\\/medicinasinc.com\\\/pl\\\/wp-content\\\/uploads\\\/sites\\\/13\\\/2022\\\/02\\\/Buy-Pink-Kush.jpg\",\"width\":450,\"height\":450},{\"@type\":\"BreadcrumbList\",\"@id\":\"https:\\\/\\\/medicinasinc.com\\\/pl\\\/product\\\/kup-rozowy-kush\\\/#breadcrumb\",\"itemListElement\":[{\"@type\":\"ListItem\",\"position\":1,\"name\":\"Sklep\",\"item\":\"https:\\\/\\\/medicinasinc.com\\\/pl\\\/sklep\\\/\"},{\"@type\":\"ListItem\",\"position\":2,\"name\":\"Kup R\u00f3\u017cowy Kush\"}]},{\"@type\":\"WebSite\",\"@id\":\"https:\\\/\\\/medicinasinc.com\\\/pl\\\/#website\",\"url\":\"https:\\\/\\\/medicinasinc.com\\\/pl\\\/\",\"name\":\"Medicinas Inc\",\"description\":\"Health Medical Clinic\",\"potentialAction\":[{\"@type\":\"SearchAction\",\"target\":{\"@type\":\"EntryPoint\",\"urlTemplate\":\"https:\\\/\\\/medicinasinc.com\\\/pl\\\/?s={search_term_string}\"},\"query-input\":{\"@type\":\"PropertyValueSpecification\",\"valueRequired\":true,\"valueName\":\"search_term_string\"}}],\"inLanguage\":\"en-US\"}]}<\/script>\n<!-- \/ Yoast SEO plugin. -->","yoast_head_json":{"title":"Kup Pink Kush Online - Najlepsze najlepsze globalne leki","description":"Kup odmian\u0119 chwast\u00f3w Pink Kush i wi\u0119cej chwast\u00f3w AAA+ z ulubionej internetowej apteki w Europie. Zam\u00f3w ju\u017c dzi\u015b i ciesz si\u0119 bezp\u0142atn\u0105 wysy\u0142k\u0105 wszystkich zam\u00f3wie\u0144 o warto\u015bci powy\u017cej 150 USD!","robots":{"index":"index","follow":"follow","max-snippet":"max-snippet:-1","max-image-preview":"max-image-preview:large","max-video-preview":"max-video-preview:-1"},"canonical":"https:\/\/medicinasinc.com\/pl\/product\/kup-rozowy-kush\/","og_locale":"en_US","og_type":"article","og_title":"Kup Pink Kush Online - Najlepsze najlepsze globalne leki","og_description":"Kup odmian\u0119 chwast\u00f3w Pink Kush i wi\u0119cej chwast\u00f3w AAA+ z ulubionej internetowej apteki w Europie. Zam\u00f3w ju\u017c dzi\u015b i ciesz si\u0119 bezp\u0142atn\u0105 wysy\u0142k\u0105 wszystkich zam\u00f3wie\u0144 o warto\u015bci powy\u017cej 150 USD!","og_url":"https:\/\/medicinasinc.com\/pl\/product\/kup-rozowy-kush\/","og_site_name":"Medicinas Inc","article_modified_time":"2022-03-22T01:04:55+00:00","og_image":[{"width":450,"height":450,"url":"https:\/\/medicinasinc.com\/pl\/wp-content\/uploads\/sites\/13\/2022\/02\/Buy-Pink-Kush.jpg","type":"image\/jpeg"}],"twitter_card":"summary_large_image","twitter_misc":{"Est. reading time":"1 minute"},"schema":{"@context":"https:\/\/schema.org","@graph":[{"@type":"WebPage","@id":"https:\/\/medicinasinc.com\/pl\/product\/kup-rozowy-kush\/","url":"https:\/\/medicinasinc.com\/pl\/product\/kup-rozowy-kush\/","name":"Kup Pink Kush Online - Najlepsze najlepsze globalne leki","isPartOf":{"@id":"https:\/\/medicinasinc.com\/pl\/#website"},"primaryImageOfPage":{"@id":"https:\/\/medicinasinc.com\/pl\/product\/kup-rozowy-kush\/#primaryimage"},"image":{"@id":"https:\/\/medicinasinc.com\/pl\/product\/kup-rozowy-kush\/#primaryimage"},"thumbnailUrl":"https:\/\/medicinasinc.com\/pl\/wp-content\/uploads\/sites\/13\/2022\/02\/Buy-Pink-Kush.jpg","datePublished":"2022-02-20T20:12:57+00:00","dateModified":"2022-03-22T01:04:55+00:00","description":"Kup odmian\u0119 chwast\u00f3w Pink Kush i wi\u0119cej chwast\u00f3w AAA+ z ulubionej internetowej apteki w Europie. Zam\u00f3w ju\u017c dzi\u015b i ciesz si\u0119 bezp\u0142atn\u0105 wysy\u0142k\u0105 wszystkich zam\u00f3wie\u0144 o warto\u015bci powy\u017cej 150 USD!","breadcrumb":{"@id":"https:\/\/medicinasinc.com\/pl\/product\/kup-rozowy-kush\/#breadcrumb"},"inLanguage":"en-US","potentialAction":[{"@type":"ReadAction","target":["https:\/\/medicinasinc.com\/pl\/product\/kup-rozowy-kush\/"]}]},{"@type":"ImageObject","inLanguage":"en-US","@id":"https:\/\/medicinasinc.com\/pl\/product\/kup-rozowy-kush\/#primaryimage","url":"https:\/\/medicinasinc.com\/pl\/wp-content\/uploads\/sites\/13\/2022\/02\/Buy-Pink-Kush.jpg","contentUrl":"https:\/\/medicinasinc.com\/pl\/wp-content\/uploads\/sites\/13\/2022\/02\/Buy-Pink-Kush.jpg","width":450,"height":450},{"@type":"BreadcrumbList","@id":"https:\/\/medicinasinc.com\/pl\/product\/kup-rozowy-kush\/#breadcrumb","itemListElement":[{"@type":"ListItem","position":1,"name":"Sklep","item":"https:\/\/medicinasinc.com\/pl\/sklep\/"},{"@type":"ListItem","position":2,"name":"Kup R\u00f3\u017cowy Kush"}]},{"@type":"WebSite","@id":"https:\/\/medicinasinc.com\/pl\/#website","url":"https:\/\/medicinasinc.com\/pl\/","name":"Medicinas Inc","description":"Health Medical Clinic","potentialAction":[{"@type":"SearchAction","target":{"@type":"EntryPoint","urlTemplate":"https:\/\/medicinasinc.com\/pl\/?s={search_term_string}"},"query-input":{"@type":"PropertyValueSpecification","valueRequired":true,"valueName":"search_term_string"}}],"inLanguage":"en-US"}]}},"_links":{"self":[{"href":"https:\/\/medicinasinc.com\/pl\/wp-json\/wp\/v2\/product\/5094","targetHints":{"allow":["GET"]}}],"collection":[{"href":"https:\/\/medicinasinc.com\/pl\/wp-json\/wp\/v2\/product"}],"about":[{"href":"https:\/\/medicinasinc.com\/pl\/wp-json\/wp\/v2\/types\/product"}],"replies":[{"embeddable":true,"href":"https:\/\/medicinasinc.com\/pl\/wp-json\/wp\/v2\/comments?post=5094"}],"wp:featuredmedia":[{"embeddable":true,"href":"https:\/\/medicinasinc.com\/pl\/wp-json\/wp\/v2\/media\/5111"}],"wp:attachment":[{"href":"https:\/\/medicinasinc.com\/pl\/wp-json\/wp\/v2\/media?parent=5094"}],"wp:term":[{"taxonomy":"product_brand","embeddable":true,"href":"https:\/\/medicinasinc.com\/pl\/wp-json\/wp\/v2\/product_brand?post=5094"},{"taxonomy":"product_cat","embeddable":true,"href":"https:\/\/medicinasinc.com\/pl\/wp-json\/wp\/v2\/product_cat?post=5094"},{"taxonomy":"product_tag","embeddable":true,"href":"https:\/\/medicinasinc.com\/pl\/wp-json\/wp\/v2\/product_tag?post=5094"}],"curies":[{"name":"wp","href":"https:\/\/api.w.org\/{rel}","templated":true}]}}