{"id":5093,"date":"2022-02-20T20:12:04","date_gmt":"2022-02-20T20:12:04","guid":{"rendered":"https:\/\/medicinasinc.com\/pl\/?post_type=product&#038;p=5093"},"modified":"2022-03-22T01:05:04","modified_gmt":"2022-03-22T01:05:04","slug":"kup-cherry-gorilla-klej","status":"publish","type":"product","link":"https:\/\/medicinasinc.com\/pl\/product\/kup-cherry-gorilla-klej\/","title":{"rendered":"Kup klej Cherry Gorilla"},"content":{"rendered":"<p><strong>Kup online Cherry Gorilla Marihuana.<\/strong><\/p>\n<p>Cherry Gorilla Marijuana mo\u017cna kupi\u0107 online. Kup szczep konopi Cherry Gorilla. Hybryda zawieraj\u0105ca 50% Sativa i 50% Indica THC: 17\u201318%<\/p>\n<p>Dzia\u0142anie<br \/> Body High, Cerebral, Happy, Relaks, Uplifting<br \/> Mo\u017ce \u0142agodzi\u0107<br \/> Depresj\u0119, Zm\u0119czenie, bezsenno\u015b\u0107, nudno\u015bci, stres<br \/> Smaki<br \/> Wi\u015bniowe, Kawowe, Diesel, S\u0142odkie<\/p>\n","protected":false},"excerpt":{"rendered":"<div class=\"woocommerce-product-details__short-description\">\n<p>Kup marihuan\u0119 aka Cherry Gorilla Glue na czarnym rynku w najlepszej cenie. Wszystkie nasze produkty s\u0105 tworzone przy u\u017cyciu ca\u0142kowicie naturalnych sk\u0142adnik\u00f3w wolnych od THC. Z\u0142\u00f3\u017c zam\u00f3wienie online ju\u017c dzi\u015b!<\/p>\n<p>Cherry Gorilla Marihuana mo\u017cna kupi\u0107 online. 100% gwarantowana dostawa i \u015bledzenie, a tak\u017ce du\u017cy wyb\u00f3r artyku\u0142\u00f3w spo\u017cywczych, koncentrat\u00f3w, sativa, indica i hybryd.<\/p>\n<p>Cherry Gorilla, czasami okre\u015blany jako &amp;#8220 ;Cherry Gorilla Glue,&#8221; to rzadki, r\u00f3wnomiernie zbilansowany szczep hybrydowy (50 indica\/50 sativa) wyprodukowany przez krzy\u017cowanie.<\/p>\n<\/p><\/div>\n","protected":false},"featured_media":5109,"comment_status":"open","ping_status":"closed","template":"","meta":[],"product_brand":[],"product_cat":[778],"product_tag":[1042,1043,1044,1045,1048,1047,1046,1041],"class_list":{"0":"post-5093","1":"product","2":"type-product","3":"status-publish","4":"has-post-thumbnail","6":"product_cat-chwast-na-sprzeda","7":"product_tag-cherry-gorilla-f2","8":"product_tag-cherry-gorilla-seeds","9":"product_tag-cherry-gorilla-strain-effects","10":"product_tag-cherry-gorilla-strain-leafly","11":"product_tag-goryl-winia-owoc","12":"product_tag-winia-gorilla-odmiana-recenzja","13":"product_tag-winia-gorilla-szczep-reddit","14":"product_tag-winia-klej-szczep-li","16":"first","17":"instock","18":"shipping-taxable","19":"purchasable","20":"product-type-variable","21":"has-default-attributes"},"yoast_head":"<!-- This site is optimized with the Yoast SEO plugin v27.3 - https:\/\/yoast.com\/product\/yoast-seo-wordpress\/ -->\n<title>Kup Klej Cherry Gorilla - aka Klej Cherry Gorilla - Best Global Meds<\/title>\n<meta name=\"description\" content=\"Kup marihuan\u0119 aka Cherry Gorilla Glue Online w najlepszej cenie rynkowej. Wszystkie nasze produkty s\u0105 wykonane z czystych naturalnych sk\u0142adnik\u00f3w wolnych od THC. Zam\u00f3w online ju\u017c teraz!\" \/>\n<meta name=\"robots\" content=\"index, follow, max-snippet:-1, max-image-preview:large, max-video-preview:-1\" \/>\n<link rel=\"canonical\" href=\"https:\/\/medicinasinc.com\/pl\/product\/kup-cherry-gorilla-klej\/\" \/>\n<meta property=\"og:locale\" content=\"en_US\" \/>\n<meta property=\"og:type\" content=\"article\" \/>\n<meta property=\"og:title\" content=\"Kup Klej Cherry Gorilla - aka Klej Cherry Gorilla - Best Global Meds\" \/>\n<meta property=\"og:description\" content=\"Kup marihuan\u0119 aka Cherry Gorilla Glue Online w najlepszej cenie rynkowej. Wszystkie nasze produkty s\u0105 wykonane z czystych naturalnych sk\u0142adnik\u00f3w wolnych od THC. Zam\u00f3w online ju\u017c teraz!\" \/>\n<meta property=\"og:url\" content=\"https:\/\/medicinasinc.com\/pl\/product\/kup-cherry-gorilla-klej\/\" \/>\n<meta property=\"og:site_name\" content=\"Medicinas Inc\" \/>\n<meta property=\"article:modified_time\" content=\"2022-03-22T01:05:04+00:00\" \/>\n<meta property=\"og:image\" content=\"https:\/\/medicinasinc.com\/pl\/wp-content\/uploads\/sites\/13\/2022\/02\/Buy-Cherry-Gorilla-Marijuana.jpg\" \/>\n\t<meta property=\"og:image:width\" content=\"1080\" \/>\n\t<meta property=\"og:image:height\" content=\"1080\" \/>\n\t<meta property=\"og:image:type\" content=\"image\/jpeg\" \/>\n<meta name=\"twitter:card\" content=\"summary_large_image\" \/>\n<meta name=\"twitter:label1\" content=\"Est. reading time\" \/>\n\t<meta name=\"twitter:data1\" content=\"1 minute\" \/>\n<script type=\"application\/ld+json\" class=\"yoast-schema-graph\">{\"@context\":\"https:\\\/\\\/schema.org\",\"@graph\":[{\"@type\":\"WebPage\",\"@id\":\"https:\\\/\\\/medicinasinc.com\\\/pl\\\/product\\\/kup-cherry-gorilla-klej\\\/\",\"url\":\"https:\\\/\\\/medicinasinc.com\\\/pl\\\/product\\\/kup-cherry-gorilla-klej\\\/\",\"name\":\"Kup Klej Cherry Gorilla - aka Klej Cherry Gorilla - Best Global Meds\",\"isPartOf\":{\"@id\":\"https:\\\/\\\/medicinasinc.com\\\/pl\\\/#website\"},\"primaryImageOfPage\":{\"@id\":\"https:\\\/\\\/medicinasinc.com\\\/pl\\\/product\\\/kup-cherry-gorilla-klej\\\/#primaryimage\"},\"image\":{\"@id\":\"https:\\\/\\\/medicinasinc.com\\\/pl\\\/product\\\/kup-cherry-gorilla-klej\\\/#primaryimage\"},\"thumbnailUrl\":\"https:\\\/\\\/medicinasinc.com\\\/pl\\\/wp-content\\\/uploads\\\/sites\\\/13\\\/2022\\\/02\\\/Buy-Cherry-Gorilla-Marijuana.jpg\",\"datePublished\":\"2022-02-20T20:12:04+00:00\",\"dateModified\":\"2022-03-22T01:05:04+00:00\",\"description\":\"Kup marihuan\u0119 aka Cherry Gorilla Glue Online w najlepszej cenie rynkowej. Wszystkie nasze produkty s\u0105 wykonane z czystych naturalnych sk\u0142adnik\u00f3w wolnych od THC. Zam\u00f3w online ju\u017c teraz!\",\"breadcrumb\":{\"@id\":\"https:\\\/\\\/medicinasinc.com\\\/pl\\\/product\\\/kup-cherry-gorilla-klej\\\/#breadcrumb\"},\"inLanguage\":\"en-US\",\"potentialAction\":[{\"@type\":\"ReadAction\",\"target\":[\"https:\\\/\\\/medicinasinc.com\\\/pl\\\/product\\\/kup-cherry-gorilla-klej\\\/\"]}]},{\"@type\":\"ImageObject\",\"inLanguage\":\"en-US\",\"@id\":\"https:\\\/\\\/medicinasinc.com\\\/pl\\\/product\\\/kup-cherry-gorilla-klej\\\/#primaryimage\",\"url\":\"https:\\\/\\\/medicinasinc.com\\\/pl\\\/wp-content\\\/uploads\\\/sites\\\/13\\\/2022\\\/02\\\/Buy-Cherry-Gorilla-Marijuana.jpg\",\"contentUrl\":\"https:\\\/\\\/medicinasinc.com\\\/pl\\\/wp-content\\\/uploads\\\/sites\\\/13\\\/2022\\\/02\\\/Buy-Cherry-Gorilla-Marijuana.jpg\",\"width\":1080,\"height\":1080},{\"@type\":\"BreadcrumbList\",\"@id\":\"https:\\\/\\\/medicinasinc.com\\\/pl\\\/product\\\/kup-cherry-gorilla-klej\\\/#breadcrumb\",\"itemListElement\":[{\"@type\":\"ListItem\",\"position\":1,\"name\":\"Sklep\",\"item\":\"https:\\\/\\\/medicinasinc.com\\\/pl\\\/sklep\\\/\"},{\"@type\":\"ListItem\",\"position\":2,\"name\":\"Kup klej Cherry Gorilla\"}]},{\"@type\":\"WebSite\",\"@id\":\"https:\\\/\\\/medicinasinc.com\\\/pl\\\/#website\",\"url\":\"https:\\\/\\\/medicinasinc.com\\\/pl\\\/\",\"name\":\"Medicinas Inc\",\"description\":\"Health Medical Clinic\",\"potentialAction\":[{\"@type\":\"SearchAction\",\"target\":{\"@type\":\"EntryPoint\",\"urlTemplate\":\"https:\\\/\\\/medicinasinc.com\\\/pl\\\/?s={search_term_string}\"},\"query-input\":{\"@type\":\"PropertyValueSpecification\",\"valueRequired\":true,\"valueName\":\"search_term_string\"}}],\"inLanguage\":\"en-US\"}]}<\/script>\n<!-- \/ Yoast SEO plugin. -->","yoast_head_json":{"title":"Kup Klej Cherry Gorilla - aka Klej Cherry Gorilla - Best Global Meds","description":"Kup marihuan\u0119 aka Cherry Gorilla Glue Online w najlepszej cenie rynkowej. Wszystkie nasze produkty s\u0105 wykonane z czystych naturalnych sk\u0142adnik\u00f3w wolnych od THC. Zam\u00f3w online ju\u017c teraz!","robots":{"index":"index","follow":"follow","max-snippet":"max-snippet:-1","max-image-preview":"max-image-preview:large","max-video-preview":"max-video-preview:-1"},"canonical":"https:\/\/medicinasinc.com\/pl\/product\/kup-cherry-gorilla-klej\/","og_locale":"en_US","og_type":"article","og_title":"Kup Klej Cherry Gorilla - aka Klej Cherry Gorilla - Best Global Meds","og_description":"Kup marihuan\u0119 aka Cherry Gorilla Glue Online w najlepszej cenie rynkowej. Wszystkie nasze produkty s\u0105 wykonane z czystych naturalnych sk\u0142adnik\u00f3w wolnych od THC. Zam\u00f3w online ju\u017c teraz!","og_url":"https:\/\/medicinasinc.com\/pl\/product\/kup-cherry-gorilla-klej\/","og_site_name":"Medicinas Inc","article_modified_time":"2022-03-22T01:05:04+00:00","og_image":[{"width":1080,"height":1080,"url":"https:\/\/medicinasinc.com\/pl\/wp-content\/uploads\/sites\/13\/2022\/02\/Buy-Cherry-Gorilla-Marijuana.jpg","type":"image\/jpeg"}],"twitter_card":"summary_large_image","twitter_misc":{"Est. reading time":"1 minute"},"schema":{"@context":"https:\/\/schema.org","@graph":[{"@type":"WebPage","@id":"https:\/\/medicinasinc.com\/pl\/product\/kup-cherry-gorilla-klej\/","url":"https:\/\/medicinasinc.com\/pl\/product\/kup-cherry-gorilla-klej\/","name":"Kup Klej Cherry Gorilla - aka Klej Cherry Gorilla - Best Global Meds","isPartOf":{"@id":"https:\/\/medicinasinc.com\/pl\/#website"},"primaryImageOfPage":{"@id":"https:\/\/medicinasinc.com\/pl\/product\/kup-cherry-gorilla-klej\/#primaryimage"},"image":{"@id":"https:\/\/medicinasinc.com\/pl\/product\/kup-cherry-gorilla-klej\/#primaryimage"},"thumbnailUrl":"https:\/\/medicinasinc.com\/pl\/wp-content\/uploads\/sites\/13\/2022\/02\/Buy-Cherry-Gorilla-Marijuana.jpg","datePublished":"2022-02-20T20:12:04+00:00","dateModified":"2022-03-22T01:05:04+00:00","description":"Kup marihuan\u0119 aka Cherry Gorilla Glue Online w najlepszej cenie rynkowej. Wszystkie nasze produkty s\u0105 wykonane z czystych naturalnych sk\u0142adnik\u00f3w wolnych od THC. Zam\u00f3w online ju\u017c teraz!","breadcrumb":{"@id":"https:\/\/medicinasinc.com\/pl\/product\/kup-cherry-gorilla-klej\/#breadcrumb"},"inLanguage":"en-US","potentialAction":[{"@type":"ReadAction","target":["https:\/\/medicinasinc.com\/pl\/product\/kup-cherry-gorilla-klej\/"]}]},{"@type":"ImageObject","inLanguage":"en-US","@id":"https:\/\/medicinasinc.com\/pl\/product\/kup-cherry-gorilla-klej\/#primaryimage","url":"https:\/\/medicinasinc.com\/pl\/wp-content\/uploads\/sites\/13\/2022\/02\/Buy-Cherry-Gorilla-Marijuana.jpg","contentUrl":"https:\/\/medicinasinc.com\/pl\/wp-content\/uploads\/sites\/13\/2022\/02\/Buy-Cherry-Gorilla-Marijuana.jpg","width":1080,"height":1080},{"@type":"BreadcrumbList","@id":"https:\/\/medicinasinc.com\/pl\/product\/kup-cherry-gorilla-klej\/#breadcrumb","itemListElement":[{"@type":"ListItem","position":1,"name":"Sklep","item":"https:\/\/medicinasinc.com\/pl\/sklep\/"},{"@type":"ListItem","position":2,"name":"Kup klej Cherry Gorilla"}]},{"@type":"WebSite","@id":"https:\/\/medicinasinc.com\/pl\/#website","url":"https:\/\/medicinasinc.com\/pl\/","name":"Medicinas Inc","description":"Health Medical Clinic","potentialAction":[{"@type":"SearchAction","target":{"@type":"EntryPoint","urlTemplate":"https:\/\/medicinasinc.com\/pl\/?s={search_term_string}"},"query-input":{"@type":"PropertyValueSpecification","valueRequired":true,"valueName":"search_term_string"}}],"inLanguage":"en-US"}]}},"_links":{"self":[{"href":"https:\/\/medicinasinc.com\/pl\/wp-json\/wp\/v2\/product\/5093","targetHints":{"allow":["GET"]}}],"collection":[{"href":"https:\/\/medicinasinc.com\/pl\/wp-json\/wp\/v2\/product"}],"about":[{"href":"https:\/\/medicinasinc.com\/pl\/wp-json\/wp\/v2\/types\/product"}],"replies":[{"embeddable":true,"href":"https:\/\/medicinasinc.com\/pl\/wp-json\/wp\/v2\/comments?post=5093"}],"wp:featuredmedia":[{"embeddable":true,"href":"https:\/\/medicinasinc.com\/pl\/wp-json\/wp\/v2\/media\/5109"}],"wp:attachment":[{"href":"https:\/\/medicinasinc.com\/pl\/wp-json\/wp\/v2\/media?parent=5093"}],"wp:term":[{"taxonomy":"product_brand","embeddable":true,"href":"https:\/\/medicinasinc.com\/pl\/wp-json\/wp\/v2\/product_brand?post=5093"},{"taxonomy":"product_cat","embeddable":true,"href":"https:\/\/medicinasinc.com\/pl\/wp-json\/wp\/v2\/product_cat?post=5093"},{"taxonomy":"product_tag","embeddable":true,"href":"https:\/\/medicinasinc.com\/pl\/wp-json\/wp\/v2\/product_tag?post=5093"}],"curies":[{"name":"wp","href":"https:\/\/api.w.org\/{rel}","templated":true}]}}