{"id":5070,"date":"2022-02-20T19:52:54","date_gmt":"2022-02-20T19:52:54","guid":{"rendered":"https:\/\/medicinasinc.com\/pl\/?post_type=product&#038;p=5070"},"modified":"2022-03-22T01:05:16","modified_gmt":"2022-03-22T01:05:16","slug":"kup-super-kwasny-skunk","status":"publish","type":"product","link":"https:\/\/medicinasinc.com\/pl\/product\/kup-super-kwasny-skunk\/","title":{"rendered":"Kup Super Kwa\u015bny Skunk"},"content":{"rendered":"<h1 class=\"product_title entry-title\">Kup Super Sour Skunk Marihuana przez Internet Specyfikacje szczepu Super Sour Diesel Autoflower<\/h1>\n<p>Typ: Dominuj\u0105ca Sativa<br \/> Genetyka Rodzice: Sour Diesel X Super Silver Haze<br \/> Okres kwitnienia: od 9 do 11 tygodni<br \/>Klimat: s\u0142oneczny \/ \u015br\u00f3dziemnomorski<br \/> Plony: 315g\/m\u00b2 w pomieszczeniu \/ 370g\/ro\u015blin\u0119 na zewn\u0105trz<br \/> Smaki: ostry, kwa\u015bny, diesel, ostry, ziemisty <br \/> Poziom THC: 18%-24%<br \/> Poziom CBD: 1%<br \/> Wzrost: wysoki<br \/> Okres zbior\u00f3w: koniec pa\u017adziernika<br \/> Stopie\u0144 trudno\u015bci: umiarkowany<\/p>\n<div class=\"product-next-previous\">\n<div class=\"product-prev\"><\/div><\/div>\n","protected":false},"excerpt":{"rendered":"<p>Super Sour Skunk Marihuana na sprzeda\u017c w Wielkiej Brytanii i Europie w najwy\u017cszej cenie. Zapewniamy bezpieczn\u0105 przesy\u0142k\u0119 mi\u0119dzynarodow\u0105.<\/p>\n<p>Kup Super Sour Skunk w Twojej okolicy. Z\u0142\u00f3\u017c zam\u00f3wienie online. Odbi\u00f3r lub dostawa tego samego dnia.<\/p>\n<p>Kup opakowania z apteki Nowo\u015b\u0107 Super Sour Skunk Cali Tuna Tin Labels. Mamy 1000 sztuk w magazynie i gotowe do wysy\u0142ki. Dodatkowo dost\u0119pne s\u0105 niestandardowe projekty Cali.<\/p>\n<p>.<\/p>\n","protected":false},"featured_media":5089,"comment_status":"open","ping_status":"closed","template":"","meta":[],"product_brand":[],"product_cat":[778],"product_tag":[1033,1034,1035,1036,1038,1037,1040,1039],"class_list":{"0":"post-5070","1":"product","2":"type-product","3":"status-publish","4":"has-post-thumbnail","6":"product_cat-chwast-na-sprzeda","7":"product_tag-kwano-skunks-auto","8":"product_tag-kwany-skunk-cbd","9":"product_tag-kwany-skunks-i-szczep","10":"product_tag-kwany-skunk-odmiana-allbud","11":"product_tag-kwano-skunksa-odmiana-li","12":"product_tag-kwany-skunk-szczep-indica-lub-sativa","13":"product_tag-super-kwany-skunks-szczep","14":"product_tag-super-skunks","16":"first","17":"instock","18":"shipping-taxable","19":"purchasable","20":"product-type-variable","21":"has-default-attributes"},"yoast_head":"<!-- This site is optimized with the Yoast SEO plugin v27.3 - https:\/\/yoast.com\/product\/yoast-seo-wordpress\/ -->\n<title>Kup marihuan\u0119 Super Sour Skunk online - Najlepsze najlepsze leki na \u015bwiecie<\/title>\n<meta name=\"description\" content=\"Kup marihuan\u0119 Super Sour Skunk na sprzeda\u017c w Wielkiej Brytanii, Europie w najlepszej cenie. Gwarantujemy bezpieczn\u0105 i bezpieczn\u0105 wysy\u0142k\u0119 na ca\u0142y \u015bwiat\" \/>\n<meta name=\"robots\" content=\"index, follow, max-snippet:-1, max-image-preview:large, max-video-preview:-1\" \/>\n<link rel=\"canonical\" href=\"https:\/\/medicinasinc.com\/pl\/product\/kup-super-kwasny-skunk\/\" \/>\n<meta property=\"og:locale\" content=\"en_US\" \/>\n<meta property=\"og:type\" content=\"article\" \/>\n<meta property=\"og:title\" content=\"Kup marihuan\u0119 Super Sour Skunk online - Najlepsze najlepsze leki na \u015bwiecie\" \/>\n<meta property=\"og:description\" content=\"Kup marihuan\u0119 Super Sour Skunk na sprzeda\u017c w Wielkiej Brytanii, Europie w najlepszej cenie. Gwarantujemy bezpieczn\u0105 i bezpieczn\u0105 wysy\u0142k\u0119 na ca\u0142y \u015bwiat\" \/>\n<meta property=\"og:url\" content=\"https:\/\/medicinasinc.com\/pl\/product\/kup-super-kwasny-skunk\/\" \/>\n<meta property=\"og:site_name\" content=\"Medicinas Inc\" \/>\n<meta property=\"article:modified_time\" content=\"2022-03-22T01:05:16+00:00\" \/>\n<meta property=\"og:image\" content=\"https:\/\/medicinasinc.com\/pl\/wp-content\/uploads\/sites\/13\/2022\/02\/Buy-Super-Sour-Skunk.jpg\" \/>\n\t<meta property=\"og:image:width\" content=\"667\" \/>\n\t<meta property=\"og:image:height\" content=\"1000\" \/>\n\t<meta property=\"og:image:type\" content=\"image\/jpeg\" \/>\n<meta name=\"twitter:card\" content=\"summary_large_image\" \/>\n<meta name=\"twitter:label1\" content=\"Est. reading time\" \/>\n\t<meta name=\"twitter:data1\" content=\"1 minute\" \/>\n<script type=\"application\/ld+json\" class=\"yoast-schema-graph\">{\"@context\":\"https:\\\/\\\/schema.org\",\"@graph\":[{\"@type\":\"WebPage\",\"@id\":\"https:\\\/\\\/medicinasinc.com\\\/pl\\\/product\\\/kup-super-kwasny-skunk\\\/\",\"url\":\"https:\\\/\\\/medicinasinc.com\\\/pl\\\/product\\\/kup-super-kwasny-skunk\\\/\",\"name\":\"Kup marihuan\u0119 Super Sour Skunk online - Najlepsze najlepsze leki na \u015bwiecie\",\"isPartOf\":{\"@id\":\"https:\\\/\\\/medicinasinc.com\\\/pl\\\/#website\"},\"primaryImageOfPage\":{\"@id\":\"https:\\\/\\\/medicinasinc.com\\\/pl\\\/product\\\/kup-super-kwasny-skunk\\\/#primaryimage\"},\"image\":{\"@id\":\"https:\\\/\\\/medicinasinc.com\\\/pl\\\/product\\\/kup-super-kwasny-skunk\\\/#primaryimage\"},\"thumbnailUrl\":\"https:\\\/\\\/medicinasinc.com\\\/pl\\\/wp-content\\\/uploads\\\/sites\\\/13\\\/2022\\\/02\\\/Buy-Super-Sour-Skunk.jpg\",\"datePublished\":\"2022-02-20T19:52:54+00:00\",\"dateModified\":\"2022-03-22T01:05:16+00:00\",\"description\":\"Kup marihuan\u0119 Super Sour Skunk na sprzeda\u017c w Wielkiej Brytanii, Europie w najlepszej cenie. Gwarantujemy bezpieczn\u0105 i bezpieczn\u0105 wysy\u0142k\u0119 na ca\u0142y \u015bwiat\",\"breadcrumb\":{\"@id\":\"https:\\\/\\\/medicinasinc.com\\\/pl\\\/product\\\/kup-super-kwasny-skunk\\\/#breadcrumb\"},\"inLanguage\":\"en-US\",\"potentialAction\":[{\"@type\":\"ReadAction\",\"target\":[\"https:\\\/\\\/medicinasinc.com\\\/pl\\\/product\\\/kup-super-kwasny-skunk\\\/\"]}]},{\"@type\":\"ImageObject\",\"inLanguage\":\"en-US\",\"@id\":\"https:\\\/\\\/medicinasinc.com\\\/pl\\\/product\\\/kup-super-kwasny-skunk\\\/#primaryimage\",\"url\":\"https:\\\/\\\/medicinasinc.com\\\/pl\\\/wp-content\\\/uploads\\\/sites\\\/13\\\/2022\\\/02\\\/Buy-Super-Sour-Skunk.jpg\",\"contentUrl\":\"https:\\\/\\\/medicinasinc.com\\\/pl\\\/wp-content\\\/uploads\\\/sites\\\/13\\\/2022\\\/02\\\/Buy-Super-Sour-Skunk.jpg\",\"width\":667,\"height\":1000},{\"@type\":\"BreadcrumbList\",\"@id\":\"https:\\\/\\\/medicinasinc.com\\\/pl\\\/product\\\/kup-super-kwasny-skunk\\\/#breadcrumb\",\"itemListElement\":[{\"@type\":\"ListItem\",\"position\":1,\"name\":\"Sklep\",\"item\":\"https:\\\/\\\/medicinasinc.com\\\/pl\\\/sklep\\\/\"},{\"@type\":\"ListItem\",\"position\":2,\"name\":\"Kup Super Kwa\u015bny Skunk\"}]},{\"@type\":\"WebSite\",\"@id\":\"https:\\\/\\\/medicinasinc.com\\\/pl\\\/#website\",\"url\":\"https:\\\/\\\/medicinasinc.com\\\/pl\\\/\",\"name\":\"Medicinas Inc\",\"description\":\"Health Medical Clinic\",\"potentialAction\":[{\"@type\":\"SearchAction\",\"target\":{\"@type\":\"EntryPoint\",\"urlTemplate\":\"https:\\\/\\\/medicinasinc.com\\\/pl\\\/?s={search_term_string}\"},\"query-input\":{\"@type\":\"PropertyValueSpecification\",\"valueRequired\":true,\"valueName\":\"search_term_string\"}}],\"inLanguage\":\"en-US\"}]}<\/script>\n<!-- \/ Yoast SEO plugin. -->","yoast_head_json":{"title":"Kup marihuan\u0119 Super Sour Skunk online - Najlepsze najlepsze leki na \u015bwiecie","description":"Kup marihuan\u0119 Super Sour Skunk na sprzeda\u017c w Wielkiej Brytanii, Europie w najlepszej cenie. Gwarantujemy bezpieczn\u0105 i bezpieczn\u0105 wysy\u0142k\u0119 na ca\u0142y \u015bwiat","robots":{"index":"index","follow":"follow","max-snippet":"max-snippet:-1","max-image-preview":"max-image-preview:large","max-video-preview":"max-video-preview:-1"},"canonical":"https:\/\/medicinasinc.com\/pl\/product\/kup-super-kwasny-skunk\/","og_locale":"en_US","og_type":"article","og_title":"Kup marihuan\u0119 Super Sour Skunk online - Najlepsze najlepsze leki na \u015bwiecie","og_description":"Kup marihuan\u0119 Super Sour Skunk na sprzeda\u017c w Wielkiej Brytanii, Europie w najlepszej cenie. Gwarantujemy bezpieczn\u0105 i bezpieczn\u0105 wysy\u0142k\u0119 na ca\u0142y \u015bwiat","og_url":"https:\/\/medicinasinc.com\/pl\/product\/kup-super-kwasny-skunk\/","og_site_name":"Medicinas Inc","article_modified_time":"2022-03-22T01:05:16+00:00","og_image":[{"width":667,"height":1000,"url":"https:\/\/medicinasinc.com\/pl\/wp-content\/uploads\/sites\/13\/2022\/02\/Buy-Super-Sour-Skunk.jpg","type":"image\/jpeg"}],"twitter_card":"summary_large_image","twitter_misc":{"Est. reading time":"1 minute"},"schema":{"@context":"https:\/\/schema.org","@graph":[{"@type":"WebPage","@id":"https:\/\/medicinasinc.com\/pl\/product\/kup-super-kwasny-skunk\/","url":"https:\/\/medicinasinc.com\/pl\/product\/kup-super-kwasny-skunk\/","name":"Kup marihuan\u0119 Super Sour Skunk online - Najlepsze najlepsze leki na \u015bwiecie","isPartOf":{"@id":"https:\/\/medicinasinc.com\/pl\/#website"},"primaryImageOfPage":{"@id":"https:\/\/medicinasinc.com\/pl\/product\/kup-super-kwasny-skunk\/#primaryimage"},"image":{"@id":"https:\/\/medicinasinc.com\/pl\/product\/kup-super-kwasny-skunk\/#primaryimage"},"thumbnailUrl":"https:\/\/medicinasinc.com\/pl\/wp-content\/uploads\/sites\/13\/2022\/02\/Buy-Super-Sour-Skunk.jpg","datePublished":"2022-02-20T19:52:54+00:00","dateModified":"2022-03-22T01:05:16+00:00","description":"Kup marihuan\u0119 Super Sour Skunk na sprzeda\u017c w Wielkiej Brytanii, Europie w najlepszej cenie. Gwarantujemy bezpieczn\u0105 i bezpieczn\u0105 wysy\u0142k\u0119 na ca\u0142y \u015bwiat","breadcrumb":{"@id":"https:\/\/medicinasinc.com\/pl\/product\/kup-super-kwasny-skunk\/#breadcrumb"},"inLanguage":"en-US","potentialAction":[{"@type":"ReadAction","target":["https:\/\/medicinasinc.com\/pl\/product\/kup-super-kwasny-skunk\/"]}]},{"@type":"ImageObject","inLanguage":"en-US","@id":"https:\/\/medicinasinc.com\/pl\/product\/kup-super-kwasny-skunk\/#primaryimage","url":"https:\/\/medicinasinc.com\/pl\/wp-content\/uploads\/sites\/13\/2022\/02\/Buy-Super-Sour-Skunk.jpg","contentUrl":"https:\/\/medicinasinc.com\/pl\/wp-content\/uploads\/sites\/13\/2022\/02\/Buy-Super-Sour-Skunk.jpg","width":667,"height":1000},{"@type":"BreadcrumbList","@id":"https:\/\/medicinasinc.com\/pl\/product\/kup-super-kwasny-skunk\/#breadcrumb","itemListElement":[{"@type":"ListItem","position":1,"name":"Sklep","item":"https:\/\/medicinasinc.com\/pl\/sklep\/"},{"@type":"ListItem","position":2,"name":"Kup Super Kwa\u015bny Skunk"}]},{"@type":"WebSite","@id":"https:\/\/medicinasinc.com\/pl\/#website","url":"https:\/\/medicinasinc.com\/pl\/","name":"Medicinas Inc","description":"Health Medical Clinic","potentialAction":[{"@type":"SearchAction","target":{"@type":"EntryPoint","urlTemplate":"https:\/\/medicinasinc.com\/pl\/?s={search_term_string}"},"query-input":{"@type":"PropertyValueSpecification","valueRequired":true,"valueName":"search_term_string"}}],"inLanguage":"en-US"}]}},"_links":{"self":[{"href":"https:\/\/medicinasinc.com\/pl\/wp-json\/wp\/v2\/product\/5070","targetHints":{"allow":["GET"]}}],"collection":[{"href":"https:\/\/medicinasinc.com\/pl\/wp-json\/wp\/v2\/product"}],"about":[{"href":"https:\/\/medicinasinc.com\/pl\/wp-json\/wp\/v2\/types\/product"}],"replies":[{"embeddable":true,"href":"https:\/\/medicinasinc.com\/pl\/wp-json\/wp\/v2\/comments?post=5070"}],"wp:featuredmedia":[{"embeddable":true,"href":"https:\/\/medicinasinc.com\/pl\/wp-json\/wp\/v2\/media\/5089"}],"wp:attachment":[{"href":"https:\/\/medicinasinc.com\/pl\/wp-json\/wp\/v2\/media?parent=5070"}],"wp:term":[{"taxonomy":"product_brand","embeddable":true,"href":"https:\/\/medicinasinc.com\/pl\/wp-json\/wp\/v2\/product_brand?post=5070"},{"taxonomy":"product_cat","embeddable":true,"href":"https:\/\/medicinasinc.com\/pl\/wp-json\/wp\/v2\/product_cat?post=5070"},{"taxonomy":"product_tag","embeddable":true,"href":"https:\/\/medicinasinc.com\/pl\/wp-json\/wp\/v2\/product_tag?post=5070"}],"curies":[{"name":"wp","href":"https:\/\/api.w.org\/{rel}","templated":true}]}}