{"id":5069,"date":"2022-02-20T19:51:48","date_gmt":"2022-02-20T19:51:48","guid":{"rendered":"https:\/\/medicinasinc.com\/pl\/?post_type=product&#038;p=5069"},"modified":"2022-03-22T01:05:25","modified_gmt":"2022-03-22T01:05:25","slug":"kup-super-kwasny-diesel","status":"publish","type":"product","link":"https:\/\/medicinasinc.com\/pl\/product\/kup-super-kwasny-diesel\/","title":{"rendered":"Kup super kwa\u015bny olej nap\u0119dowy"},"content":{"rendered":"<p>Marihuana Super Sour Diesel do sprzeda\u017cy online.<\/p>\n<p>Marihuana Super Sour Diesel do sprzeda\u017cy online.<\/p>\n<p>Zawarto\u015b\u0107 THC Sativa w odmianie marihuany Super Sour Diesel wynosi od 18 do 24 procent.<\/p>\n<p>Efekty<br \/>M\u00f3zgowe, Energetyzuj\u0105ce, Euforia, Rado\u015b\u0107<br \/> Mo\u017ce \u0142agodzi\u0107<br \/> ADD\/ADHD, Przewlek\u0142y b\u00f3l, Depresja, Ci\u015bnienie w oku, Zm\u0119czenie, Fibromialgia, Utrata apetytu, Migreny, Stres<br \/> Smaki<br \/> Cytrusowe, Diesel, Pikantne, S\u0142odkie<br \/> Aromaty<br \/> Diesel, Zio\u0142owe, Ostre, Kwa\u015bne, Pikantne<\/p>\n","protected":false},"excerpt":{"rendered":"<div class=\"woocommerce-product-details__short-description\">\n<p>Super Sour Diesel AAAA to odmiana marihuany stworzona przez skrzy\u017cowanie Super Silver Haze z Sour Diesel.<\/p>\n<p>Marihuana Super Sour Diesel do sprzeda\u017cy online. <\/p>\n<p>Kup chwasty online. Sprzedam marihuan\u0119. Kup wysokiej jako\u015bci marihuan\u0119 medyczn\u0105 i szczepy konopi przez Internet.<\/p>\n<\/p><\/div>\n","protected":false},"featured_media":5087,"comment_status":"open","ping_status":"closed","template":"","meta":[],"product_brand":[],"product_cat":[778],"product_tag":[1028,1027,1029,1031,1032,1025,1026,1030],"class_list":{"0":"post-5069","1":"product","2":"type-product","3":"status-publish","4":"has-post-thumbnail","6":"product_cat-chwast-na-sprzeda","7":"product_tag-super-kwana-cena-diesla","8":"product_tag-super-kwane-efekty-diesla","9":"product_tag-super-kwane-nasiona-diesla","10":"product_tag-super-kwane-diesel-terpeny","11":"product_tag-super-kwany-diesel-vs-kwany-diesel","12":"product_tag-super-kwany-diesel-allbud","13":"product_tag-super-kwany-diesel-cbd","14":"product_tag-super-kwany-diesel-szczep","16":"first","17":"instock","18":"shipping-taxable","19":"purchasable","20":"product-type-variable","21":"has-default-attributes"},"yoast_head":"<!-- This site is optimized with the Yoast SEO plugin v27.3 - https:\/\/yoast.com\/product\/yoast-seo-wordpress\/ -->\n<title>Kup super kwa\u015bny olej nap\u0119dowy \u2014 najlepsze leki na \u015bwiecie<\/title>\n<meta name=\"description\" content=\"Kup Super Sour Diesel AAAA na sprzeda\u017c w najlepszej medycznej przychodni rekreacyjnej, szczep marihuany wyprodukowany przez skrzy\u017cowanie Super Silver Haze z Sour Diesel.\" \/>\n<meta name=\"robots\" content=\"index, follow, max-snippet:-1, max-image-preview:large, max-video-preview:-1\" \/>\n<link rel=\"canonical\" href=\"https:\/\/medicinasinc.com\/pl\/product\/kup-super-kwasny-diesel\/\" \/>\n<meta property=\"og:locale\" content=\"en_US\" \/>\n<meta property=\"og:type\" content=\"article\" \/>\n<meta property=\"og:title\" content=\"Kup super kwa\u015bny olej nap\u0119dowy \u2014 najlepsze leki na \u015bwiecie\" \/>\n<meta property=\"og:description\" content=\"Kup Super Sour Diesel AAAA na sprzeda\u017c w najlepszej medycznej przychodni rekreacyjnej, szczep marihuany wyprodukowany przez skrzy\u017cowanie Super Silver Haze z Sour Diesel.\" \/>\n<meta property=\"og:url\" content=\"https:\/\/medicinasinc.com\/pl\/product\/kup-super-kwasny-diesel\/\" \/>\n<meta property=\"og:site_name\" content=\"Medicinas Inc\" \/>\n<meta property=\"article:modified_time\" content=\"2022-03-22T01:05:25+00:00\" \/>\n<meta property=\"og:image\" content=\"https:\/\/medicinasinc.com\/pl\/wp-content\/uploads\/sites\/13\/2022\/02\/Buy-Super-Sour-Diesel-scaled-1.jpg\" \/>\n\t<meta property=\"og:image:width\" content=\"1920\" \/>\n\t<meta property=\"og:image:height\" content=\"2560\" \/>\n\t<meta property=\"og:image:type\" content=\"image\/jpeg\" \/>\n<meta name=\"twitter:card\" content=\"summary_large_image\" \/>\n<meta name=\"twitter:label1\" content=\"Est. reading time\" \/>\n\t<meta name=\"twitter:data1\" content=\"1 minute\" \/>\n<script type=\"application\/ld+json\" class=\"yoast-schema-graph\">{\"@context\":\"https:\\\/\\\/schema.org\",\"@graph\":[{\"@type\":\"WebPage\",\"@id\":\"https:\\\/\\\/medicinasinc.com\\\/pl\\\/product\\\/kup-super-kwasny-diesel\\\/\",\"url\":\"https:\\\/\\\/medicinasinc.com\\\/pl\\\/product\\\/kup-super-kwasny-diesel\\\/\",\"name\":\"Kup super kwa\u015bny olej nap\u0119dowy \u2014 najlepsze leki na \u015bwiecie\",\"isPartOf\":{\"@id\":\"https:\\\/\\\/medicinasinc.com\\\/pl\\\/#website\"},\"primaryImageOfPage\":{\"@id\":\"https:\\\/\\\/medicinasinc.com\\\/pl\\\/product\\\/kup-super-kwasny-diesel\\\/#primaryimage\"},\"image\":{\"@id\":\"https:\\\/\\\/medicinasinc.com\\\/pl\\\/product\\\/kup-super-kwasny-diesel\\\/#primaryimage\"},\"thumbnailUrl\":\"https:\\\/\\\/medicinasinc.com\\\/pl\\\/wp-content\\\/uploads\\\/sites\\\/13\\\/2022\\\/02\\\/Buy-Super-Sour-Diesel-scaled-1.jpg\",\"datePublished\":\"2022-02-20T19:51:48+00:00\",\"dateModified\":\"2022-03-22T01:05:25+00:00\",\"description\":\"Kup Super Sour Diesel AAAA na sprzeda\u017c w najlepszej medycznej przychodni rekreacyjnej, szczep marihuany wyprodukowany przez skrzy\u017cowanie Super Silver Haze z Sour Diesel.\",\"breadcrumb\":{\"@id\":\"https:\\\/\\\/medicinasinc.com\\\/pl\\\/product\\\/kup-super-kwasny-diesel\\\/#breadcrumb\"},\"inLanguage\":\"en-US\",\"potentialAction\":[{\"@type\":\"ReadAction\",\"target\":[\"https:\\\/\\\/medicinasinc.com\\\/pl\\\/product\\\/kup-super-kwasny-diesel\\\/\"]}]},{\"@type\":\"ImageObject\",\"inLanguage\":\"en-US\",\"@id\":\"https:\\\/\\\/medicinasinc.com\\\/pl\\\/product\\\/kup-super-kwasny-diesel\\\/#primaryimage\",\"url\":\"https:\\\/\\\/medicinasinc.com\\\/pl\\\/wp-content\\\/uploads\\\/sites\\\/13\\\/2022\\\/02\\\/Buy-Super-Sour-Diesel-scaled-1.jpg\",\"contentUrl\":\"https:\\\/\\\/medicinasinc.com\\\/pl\\\/wp-content\\\/uploads\\\/sites\\\/13\\\/2022\\\/02\\\/Buy-Super-Sour-Diesel-scaled-1.jpg\",\"width\":1920,\"height\":2560},{\"@type\":\"BreadcrumbList\",\"@id\":\"https:\\\/\\\/medicinasinc.com\\\/pl\\\/product\\\/kup-super-kwasny-diesel\\\/#breadcrumb\",\"itemListElement\":[{\"@type\":\"ListItem\",\"position\":1,\"name\":\"Sklep\",\"item\":\"https:\\\/\\\/medicinasinc.com\\\/pl\\\/sklep\\\/\"},{\"@type\":\"ListItem\",\"position\":2,\"name\":\"Kup super kwa\u015bny olej nap\u0119dowy\"}]},{\"@type\":\"WebSite\",\"@id\":\"https:\\\/\\\/medicinasinc.com\\\/pl\\\/#website\",\"url\":\"https:\\\/\\\/medicinasinc.com\\\/pl\\\/\",\"name\":\"Medicinas Inc\",\"description\":\"Health Medical Clinic\",\"potentialAction\":[{\"@type\":\"SearchAction\",\"target\":{\"@type\":\"EntryPoint\",\"urlTemplate\":\"https:\\\/\\\/medicinasinc.com\\\/pl\\\/?s={search_term_string}\"},\"query-input\":{\"@type\":\"PropertyValueSpecification\",\"valueRequired\":true,\"valueName\":\"search_term_string\"}}],\"inLanguage\":\"en-US\"}]}<\/script>\n<!-- \/ Yoast SEO plugin. -->","yoast_head_json":{"title":"Kup super kwa\u015bny olej nap\u0119dowy \u2014 najlepsze leki na \u015bwiecie","description":"Kup Super Sour Diesel AAAA na sprzeda\u017c w najlepszej medycznej przychodni rekreacyjnej, szczep marihuany wyprodukowany przez skrzy\u017cowanie Super Silver Haze z Sour Diesel.","robots":{"index":"index","follow":"follow","max-snippet":"max-snippet:-1","max-image-preview":"max-image-preview:large","max-video-preview":"max-video-preview:-1"},"canonical":"https:\/\/medicinasinc.com\/pl\/product\/kup-super-kwasny-diesel\/","og_locale":"en_US","og_type":"article","og_title":"Kup super kwa\u015bny olej nap\u0119dowy \u2014 najlepsze leki na \u015bwiecie","og_description":"Kup Super Sour Diesel AAAA na sprzeda\u017c w najlepszej medycznej przychodni rekreacyjnej, szczep marihuany wyprodukowany przez skrzy\u017cowanie Super Silver Haze z Sour Diesel.","og_url":"https:\/\/medicinasinc.com\/pl\/product\/kup-super-kwasny-diesel\/","og_site_name":"Medicinas Inc","article_modified_time":"2022-03-22T01:05:25+00:00","og_image":[{"width":1920,"height":2560,"url":"https:\/\/medicinasinc.com\/pl\/wp-content\/uploads\/sites\/13\/2022\/02\/Buy-Super-Sour-Diesel-scaled-1.jpg","type":"image\/jpeg"}],"twitter_card":"summary_large_image","twitter_misc":{"Est. reading time":"1 minute"},"schema":{"@context":"https:\/\/schema.org","@graph":[{"@type":"WebPage","@id":"https:\/\/medicinasinc.com\/pl\/product\/kup-super-kwasny-diesel\/","url":"https:\/\/medicinasinc.com\/pl\/product\/kup-super-kwasny-diesel\/","name":"Kup super kwa\u015bny olej nap\u0119dowy \u2014 najlepsze leki na \u015bwiecie","isPartOf":{"@id":"https:\/\/medicinasinc.com\/pl\/#website"},"primaryImageOfPage":{"@id":"https:\/\/medicinasinc.com\/pl\/product\/kup-super-kwasny-diesel\/#primaryimage"},"image":{"@id":"https:\/\/medicinasinc.com\/pl\/product\/kup-super-kwasny-diesel\/#primaryimage"},"thumbnailUrl":"https:\/\/medicinasinc.com\/pl\/wp-content\/uploads\/sites\/13\/2022\/02\/Buy-Super-Sour-Diesel-scaled-1.jpg","datePublished":"2022-02-20T19:51:48+00:00","dateModified":"2022-03-22T01:05:25+00:00","description":"Kup Super Sour Diesel AAAA na sprzeda\u017c w najlepszej medycznej przychodni rekreacyjnej, szczep marihuany wyprodukowany przez skrzy\u017cowanie Super Silver Haze z Sour Diesel.","breadcrumb":{"@id":"https:\/\/medicinasinc.com\/pl\/product\/kup-super-kwasny-diesel\/#breadcrumb"},"inLanguage":"en-US","potentialAction":[{"@type":"ReadAction","target":["https:\/\/medicinasinc.com\/pl\/product\/kup-super-kwasny-diesel\/"]}]},{"@type":"ImageObject","inLanguage":"en-US","@id":"https:\/\/medicinasinc.com\/pl\/product\/kup-super-kwasny-diesel\/#primaryimage","url":"https:\/\/medicinasinc.com\/pl\/wp-content\/uploads\/sites\/13\/2022\/02\/Buy-Super-Sour-Diesel-scaled-1.jpg","contentUrl":"https:\/\/medicinasinc.com\/pl\/wp-content\/uploads\/sites\/13\/2022\/02\/Buy-Super-Sour-Diesel-scaled-1.jpg","width":1920,"height":2560},{"@type":"BreadcrumbList","@id":"https:\/\/medicinasinc.com\/pl\/product\/kup-super-kwasny-diesel\/#breadcrumb","itemListElement":[{"@type":"ListItem","position":1,"name":"Sklep","item":"https:\/\/medicinasinc.com\/pl\/sklep\/"},{"@type":"ListItem","position":2,"name":"Kup super kwa\u015bny olej nap\u0119dowy"}]},{"@type":"WebSite","@id":"https:\/\/medicinasinc.com\/pl\/#website","url":"https:\/\/medicinasinc.com\/pl\/","name":"Medicinas Inc","description":"Health Medical Clinic","potentialAction":[{"@type":"SearchAction","target":{"@type":"EntryPoint","urlTemplate":"https:\/\/medicinasinc.com\/pl\/?s={search_term_string}"},"query-input":{"@type":"PropertyValueSpecification","valueRequired":true,"valueName":"search_term_string"}}],"inLanguage":"en-US"}]}},"_links":{"self":[{"href":"https:\/\/medicinasinc.com\/pl\/wp-json\/wp\/v2\/product\/5069","targetHints":{"allow":["GET"]}}],"collection":[{"href":"https:\/\/medicinasinc.com\/pl\/wp-json\/wp\/v2\/product"}],"about":[{"href":"https:\/\/medicinasinc.com\/pl\/wp-json\/wp\/v2\/types\/product"}],"replies":[{"embeddable":true,"href":"https:\/\/medicinasinc.com\/pl\/wp-json\/wp\/v2\/comments?post=5069"}],"wp:featuredmedia":[{"embeddable":true,"href":"https:\/\/medicinasinc.com\/pl\/wp-json\/wp\/v2\/media\/5087"}],"wp:attachment":[{"href":"https:\/\/medicinasinc.com\/pl\/wp-json\/wp\/v2\/media?parent=5069"}],"wp:term":[{"taxonomy":"product_brand","embeddable":true,"href":"https:\/\/medicinasinc.com\/pl\/wp-json\/wp\/v2\/product_brand?post=5069"},{"taxonomy":"product_cat","embeddable":true,"href":"https:\/\/medicinasinc.com\/pl\/wp-json\/wp\/v2\/product_cat?post=5069"},{"taxonomy":"product_tag","embeddable":true,"href":"https:\/\/medicinasinc.com\/pl\/wp-json\/wp\/v2\/product_tag?post=5069"}],"curies":[{"name":"wp","href":"https:\/\/api.w.org\/{rel}","templated":true}]}}