{"id":5068,"date":"2022-02-20T19:50:54","date_gmt":"2022-02-20T19:50:54","guid":{"rendered":"https:\/\/medicinasinc.com\/pl\/?post_type=product&#038;p=5068"},"modified":"2022-03-22T01:05:37","modified_gmt":"2022-03-22T01:05:37","slug":"kup-super-lemon-haze","status":"publish","type":"product","link":"https:\/\/medicinasinc.com\/pl\/product\/kup-super-lemon-haze\/","title":{"rendered":"Kup Super Lemon Haze"},"content":{"rendered":"<p>Zakup Super Lamon Haze przez Internet<\/p>\n<p>Ten pyszny szczep cytrynowy jest dobrym plonem, kt\u00f3ry jest odpowiedni dla ka\u017cdej grupy weteran\u00f3w. Super Lemon Haze jest jedn\u0105 z najpopularniejszych odmian, zw\u0142aszcza w\u015br\u00f3d indyjskich entuzjast\u00f3w, i z powodzeniem przekszta\u0142ci\u0142a j\u0105 w sativ\u0119. Bez w\u0105tpienia Super Lemon Haze jest wyj\u0105tkowy. Ten zwyci\u0119zca Cannabis Cup jest krzy\u017c\u00f3wk\u0105 Lemon Skunk i Super Silver Haze, dzi\u0119ki czemu jest to odmiana rodowodowa i jedna z najlepszych dost\u0119pnych obecnie sativ. Mo\u017cesz kupi\u0107 Super Lamon Haze online i znale\u017a\u0107 j\u0105 na sprzeda\u017c online. Ta hybryda z dominacj\u0105 sativy naprawd\u0119 zas\u0142uguje na swoj\u0105 nazw\u0119, z pot\u0119\u017cnym aromatem limonicznym, kt\u00f3ry pachnie niesamowicie. Super Lemon Haze zaczyna si\u0119 powoli, ale systematycznie, osi\u0105gaj\u0105c niesamowicie euforyczny haj, kt\u00f3ry sprawia, \u017ce \u200b\u200bchcesz zerwa\u0107 si\u0119 z krzes\u0142a z podekscytowania. Ten szczep jest r\u00f3wnie\u017c popularn\u0105 wersj\u0105 medyczn\u0105, poniewa\u017c mo\u017ce by\u0107 stosowany w leczeniu wielu r\u00f3\u017cnych dolegliwo\u015bci.<\/p>\n<p>Efekty<\/p>\n<p>Wszystkie te efekty super-sativa s\u0105 oparte na energii. Podstawow\u0105 cech\u0105 jest jednak to, \u017ce jest to \u015bwietna codzienna pr\u00f3ba ze wzgl\u0119du na jego zdolno\u015b\u0107 do uczynienia go skutecznym i czasami innowacyjnym. Super Lemon Haze jest w stanie ci\u0119 uspokoi\u0107 na tyle, \u017ce poczujesz si\u0119 przyjemnie. Super Lemon Haze jest idealnym, szcz\u0119\u015bliwym towarzyszem. Je\u015bli masz przed sob\u0105 d\u0142ugi dzie\u0144 i musisz zrobi\u0107 wszystko dok\u0142adnie, ta sativa jest drog\u0105 do zrobienia.<br \/> B\u0119dziesz mia\u0142 funt tego pysznego p\u0105ka, kt\u00f3ry utrzyma wszystkich w holu, i jeszcze jeden by ci\u0119 podci\u0105gn\u0105\u0107. Super Lemon Haze nie ma wp\u0142ywu na start-upy. Jego dzia\u0142anie mo\u017ce wywo\u0142ywa\u0107 przyjemny, m\u00f3zgowy haj, kt\u00f3ry umo\u017cliwia ja\u015bniejsze my\u015blenie i przypominanie sobie informacji, o kt\u00f3rych w innym przypadku m\u00f3g\u0142by\u015b zapomnie\u0107. Dodatkowo uwa\u017ca si\u0119, \u017ce ta presja sprawia, \u017ce \u200b\u200bczujesz si\u0119 troch\u0119 rozbrykany, co jest idealne na romantyczn\u0105 noc. Zapach: Pachn\u0105cy p\u0105czek powinien kojarzy\u0107 si\u0119 z cytrusami. Super Lemon Haze ma cytrynowo-s\u0142odki smak z nut\u0105 przypraw i niezwykle kwa\u015bny aromat. Smak s\u0142odkiej cytryny jest zr\u00f3wnowa\u017cony odrobin\u0105 ziemisto\u015bci i przypraw, tworz\u0105c wspania\u0142e doznania. Super Lemon Haze ma niezwykle przyjemny zapach. Ta sativa ma przyjemny, orze\u017awiaj\u0105cy aromat, a cytrynowo-ziemiasto\u015b\u0107 powinna pozosta\u0107 na j\u0119zyku. To tak, jakby\u015b wdycha\u0142 cukierka o wyra\u017anym zio\u0142owym odcieniu.<\/p>\n<p>Zalety medyczne<\/p>\n<p>Super Lemon Haze jest sugerowane w przypadku r\u00f3\u017cnych dolegliwo\u015bci i objaw\u00f3w. Dzi\u0119ki tej silnej odmianie z \u0142atwo\u015bci\u0105 mo\u017cna zwalczy\u0107 chroniczne zm\u0119czenie ze wzgl\u0119du na jego zdolno\u015b\u0107 do zaszczepiania stabilnego i podwy\u017cszonego stanu umys\u0142u, kt\u00f3ry stymuluje Ci\u0119 nawet do robienia r\u00f3\u017cnych rzeczy. Dodatkowo ta odmiana jest dobra w walce ze stresem i smutkiem. Super Lemon Haze ma zdolno\u015b\u0107 leczenia r\u00f3\u017cnych dolegliwo\u015bci zwi\u0105zanych ze stresuj\u0105cym trybem \u017cycia i mo\u017ce \u0142atwo uwolni\u0107 si\u0119 od drobnych b\u00f3l\u00f3w, takich jak migreny, b\u00f3le g\u0142owy, skurcze staw\u00f3w i mi\u0119\u015bni. Super Lemon Haze to uniwersalny, niezawodny \u015brodek przeciwb\u00f3lowy, kt\u00f3ry rozlu\u017ania i mrowi cia\u0142o, ukrywaj\u0105c wszelkie inne fizyczne problemy, kt\u00f3re mog\u0105 wyst\u0105pi\u0107. Podnosz\u0105cy na duchu smak i aromat przyczyniaj\u0105 si\u0119 do jego atrakcyjno\u015bci, czyni\u0105c go przyjemnym nawet dla os\u00f3b, kt\u00f3re raczej nie b\u0119d\u0105 u\u017cywa\u0107 konopi do leczenia swojej dolegliwo\u015bci.<\/p>\n","protected":false},"excerpt":{"rendered":"<div class=\"woocommerce-product-details__short-description\">\n<p>Kup szczep marihuany Super Lemon Haze w Wielkiej Brytanii i Europie. Jest to silna hybryda cytrusowa i s\u0142odka z przewag\u0105 Sativy. Ten kwiat jest wynikiem skrzy\u017cowania skunksa cytrynowego i srebrnej mgie\u0142ki.<\/p>\n<p>Zakup online szczepu marihuany Super Lemon Haze.<\/p>\n<p>Super Lemon Haze to hybryda z dominacj\u0105 Sativa &#8211; 80% sativa \/ 20% indica. Zawarto\u015b\u0107 THC Indica to 25%, zawarto\u015b\u0107 CBD to 1%, a zawarto\u015b\u0107 CBN to 2%.<\/p>\n<\/p><\/div>\n","protected":false},"featured_media":5085,"comment_status":"open","ping_status":"closed","template":"","meta":[],"product_brand":[],"product_cat":[778],"product_tag":[1019,1022,1020,486,1021,487,1023,1024],"class_list":{"0":"post-5068","1":"product","2":"type-product","3":"status-publish","4":"has-post-thumbnail","6":"product_cat-chwast-na-sprzeda","7":"product_tag-is-super-lemon-haze-psychedelic","8":"product_tag-super-lemon-haze-autoflower-nasiona","9":"product_tag-sprzedam-nasiona-cytryn","10":"product_tag-super-cytrynowa-mgieka-cena","11":"product_tag-super-lemon-haze-autoflower","12":"product_tag-super-lemon-haze-nasiona","13":"product_tag-super-lemon-haze-efekty","14":"product_tag-super-lemon-haze-seeds-usa","16":"first","17":"instock","18":"shipping-taxable","19":"purchasable","20":"product-type-variable","21":"has-default-attributes"},"yoast_head":"<!-- This site is optimized with the Yoast SEO plugin v27.3 - https:\/\/yoast.com\/product\/yoast-seo-wordpress\/ -->\n<title>Kup Super Lemon Haze - najlepsze najlepsze globalne leki<\/title>\n<meta name=\"description\" content=\"Kup szczep marihuany Super Lemon Haze z Wielkiej Brytanii, Europy z ostrymi cytrusami i s\u0142odk\u0105 hybryd\u0105 z dominacj\u0105 Sativy. Ten kwiat to krzy\u017c\u00f3wka cytryny skunksa &amp; srebrna mgie\u0142ka.\" \/>\n<meta name=\"robots\" content=\"index, follow, max-snippet:-1, max-image-preview:large, max-video-preview:-1\" \/>\n<link rel=\"canonical\" href=\"https:\/\/medicinasinc.com\/pl\/product\/kup-super-lemon-haze\/\" \/>\n<meta property=\"og:locale\" content=\"en_US\" \/>\n<meta property=\"og:type\" content=\"article\" \/>\n<meta property=\"og:title\" content=\"Kup Super Lemon Haze - najlepsze najlepsze globalne leki\" \/>\n<meta property=\"og:description\" content=\"Kup szczep marihuany Super Lemon Haze z Wielkiej Brytanii, Europy z ostrymi cytrusami i s\u0142odk\u0105 hybryd\u0105 z dominacj\u0105 Sativy. Ten kwiat to krzy\u017c\u00f3wka cytryny skunksa &amp; srebrna mgie\u0142ka.\" \/>\n<meta property=\"og:url\" content=\"https:\/\/medicinasinc.com\/pl\/product\/kup-super-lemon-haze\/\" \/>\n<meta property=\"og:site_name\" content=\"Medicinas Inc\" \/>\n<meta property=\"article:modified_time\" content=\"2022-03-22T01:05:37+00:00\" \/>\n<meta property=\"og:image\" content=\"https:\/\/medicinasinc.com\/pl\/wp-content\/uploads\/sites\/13\/2022\/02\/Buy-Super-Lemon-Haze.jpg\" \/>\n\t<meta property=\"og:image:width\" content=\"1080\" \/>\n\t<meta property=\"og:image:height\" content=\"1080\" \/>\n\t<meta property=\"og:image:type\" content=\"image\/jpeg\" \/>\n<meta name=\"twitter:card\" content=\"summary_large_image\" \/>\n<meta name=\"twitter:label1\" content=\"Est. reading time\" \/>\n\t<meta name=\"twitter:data1\" content=\"3 minutes\" \/>\n<script type=\"application\/ld+json\" class=\"yoast-schema-graph\">{\"@context\":\"https:\\\/\\\/schema.org\",\"@graph\":[{\"@type\":\"WebPage\",\"@id\":\"https:\\\/\\\/medicinasinc.com\\\/pl\\\/product\\\/kup-super-lemon-haze\\\/\",\"url\":\"https:\\\/\\\/medicinasinc.com\\\/pl\\\/product\\\/kup-super-lemon-haze\\\/\",\"name\":\"Kup Super Lemon Haze - najlepsze najlepsze globalne leki\",\"isPartOf\":{\"@id\":\"https:\\\/\\\/medicinasinc.com\\\/pl\\\/#website\"},\"primaryImageOfPage\":{\"@id\":\"https:\\\/\\\/medicinasinc.com\\\/pl\\\/product\\\/kup-super-lemon-haze\\\/#primaryimage\"},\"image\":{\"@id\":\"https:\\\/\\\/medicinasinc.com\\\/pl\\\/product\\\/kup-super-lemon-haze\\\/#primaryimage\"},\"thumbnailUrl\":\"https:\\\/\\\/medicinasinc.com\\\/pl\\\/wp-content\\\/uploads\\\/sites\\\/13\\\/2022\\\/02\\\/Buy-Super-Lemon-Haze.jpg\",\"datePublished\":\"2022-02-20T19:50:54+00:00\",\"dateModified\":\"2022-03-22T01:05:37+00:00\",\"description\":\"Kup szczep marihuany Super Lemon Haze z Wielkiej Brytanii, Europy z ostrymi cytrusami i s\u0142odk\u0105 hybryd\u0105 z dominacj\u0105 Sativy. Ten kwiat to krzy\u017c\u00f3wka cytryny skunksa &amp; srebrna mgie\u0142ka.\",\"breadcrumb\":{\"@id\":\"https:\\\/\\\/medicinasinc.com\\\/pl\\\/product\\\/kup-super-lemon-haze\\\/#breadcrumb\"},\"inLanguage\":\"en-US\",\"potentialAction\":[{\"@type\":\"ReadAction\",\"target\":[\"https:\\\/\\\/medicinasinc.com\\\/pl\\\/product\\\/kup-super-lemon-haze\\\/\"]}]},{\"@type\":\"ImageObject\",\"inLanguage\":\"en-US\",\"@id\":\"https:\\\/\\\/medicinasinc.com\\\/pl\\\/product\\\/kup-super-lemon-haze\\\/#primaryimage\",\"url\":\"https:\\\/\\\/medicinasinc.com\\\/pl\\\/wp-content\\\/uploads\\\/sites\\\/13\\\/2022\\\/02\\\/Buy-Super-Lemon-Haze.jpg\",\"contentUrl\":\"https:\\\/\\\/medicinasinc.com\\\/pl\\\/wp-content\\\/uploads\\\/sites\\\/13\\\/2022\\\/02\\\/Buy-Super-Lemon-Haze.jpg\",\"width\":1080,\"height\":1080},{\"@type\":\"BreadcrumbList\",\"@id\":\"https:\\\/\\\/medicinasinc.com\\\/pl\\\/product\\\/kup-super-lemon-haze\\\/#breadcrumb\",\"itemListElement\":[{\"@type\":\"ListItem\",\"position\":1,\"name\":\"Sklep\",\"item\":\"https:\\\/\\\/medicinasinc.com\\\/pl\\\/sklep\\\/\"},{\"@type\":\"ListItem\",\"position\":2,\"name\":\"Kup Super Lemon Haze\"}]},{\"@type\":\"WebSite\",\"@id\":\"https:\\\/\\\/medicinasinc.com\\\/pl\\\/#website\",\"url\":\"https:\\\/\\\/medicinasinc.com\\\/pl\\\/\",\"name\":\"Medicinas Inc\",\"description\":\"Health Medical Clinic\",\"potentialAction\":[{\"@type\":\"SearchAction\",\"target\":{\"@type\":\"EntryPoint\",\"urlTemplate\":\"https:\\\/\\\/medicinasinc.com\\\/pl\\\/?s={search_term_string}\"},\"query-input\":{\"@type\":\"PropertyValueSpecification\",\"valueRequired\":true,\"valueName\":\"search_term_string\"}}],\"inLanguage\":\"en-US\"}]}<\/script>\n<!-- \/ Yoast SEO plugin. -->","yoast_head_json":{"title":"Kup Super Lemon Haze - najlepsze najlepsze globalne leki","description":"Kup szczep marihuany Super Lemon Haze z Wielkiej Brytanii, Europy z ostrymi cytrusami i s\u0142odk\u0105 hybryd\u0105 z dominacj\u0105 Sativy. Ten kwiat to krzy\u017c\u00f3wka cytryny skunksa &amp; srebrna mgie\u0142ka.","robots":{"index":"index","follow":"follow","max-snippet":"max-snippet:-1","max-image-preview":"max-image-preview:large","max-video-preview":"max-video-preview:-1"},"canonical":"https:\/\/medicinasinc.com\/pl\/product\/kup-super-lemon-haze\/","og_locale":"en_US","og_type":"article","og_title":"Kup Super Lemon Haze - najlepsze najlepsze globalne leki","og_description":"Kup szczep marihuany Super Lemon Haze z Wielkiej Brytanii, Europy z ostrymi cytrusami i s\u0142odk\u0105 hybryd\u0105 z dominacj\u0105 Sativy. Ten kwiat to krzy\u017c\u00f3wka cytryny skunksa &amp; srebrna mgie\u0142ka.","og_url":"https:\/\/medicinasinc.com\/pl\/product\/kup-super-lemon-haze\/","og_site_name":"Medicinas Inc","article_modified_time":"2022-03-22T01:05:37+00:00","og_image":[{"width":1080,"height":1080,"url":"https:\/\/medicinasinc.com\/pl\/wp-content\/uploads\/sites\/13\/2022\/02\/Buy-Super-Lemon-Haze.jpg","type":"image\/jpeg"}],"twitter_card":"summary_large_image","twitter_misc":{"Est. reading time":"3 minutes"},"schema":{"@context":"https:\/\/schema.org","@graph":[{"@type":"WebPage","@id":"https:\/\/medicinasinc.com\/pl\/product\/kup-super-lemon-haze\/","url":"https:\/\/medicinasinc.com\/pl\/product\/kup-super-lemon-haze\/","name":"Kup Super Lemon Haze - najlepsze najlepsze globalne leki","isPartOf":{"@id":"https:\/\/medicinasinc.com\/pl\/#website"},"primaryImageOfPage":{"@id":"https:\/\/medicinasinc.com\/pl\/product\/kup-super-lemon-haze\/#primaryimage"},"image":{"@id":"https:\/\/medicinasinc.com\/pl\/product\/kup-super-lemon-haze\/#primaryimage"},"thumbnailUrl":"https:\/\/medicinasinc.com\/pl\/wp-content\/uploads\/sites\/13\/2022\/02\/Buy-Super-Lemon-Haze.jpg","datePublished":"2022-02-20T19:50:54+00:00","dateModified":"2022-03-22T01:05:37+00:00","description":"Kup szczep marihuany Super Lemon Haze z Wielkiej Brytanii, Europy z ostrymi cytrusami i s\u0142odk\u0105 hybryd\u0105 z dominacj\u0105 Sativy. Ten kwiat to krzy\u017c\u00f3wka cytryny skunksa &amp; srebrna mgie\u0142ka.","breadcrumb":{"@id":"https:\/\/medicinasinc.com\/pl\/product\/kup-super-lemon-haze\/#breadcrumb"},"inLanguage":"en-US","potentialAction":[{"@type":"ReadAction","target":["https:\/\/medicinasinc.com\/pl\/product\/kup-super-lemon-haze\/"]}]},{"@type":"ImageObject","inLanguage":"en-US","@id":"https:\/\/medicinasinc.com\/pl\/product\/kup-super-lemon-haze\/#primaryimage","url":"https:\/\/medicinasinc.com\/pl\/wp-content\/uploads\/sites\/13\/2022\/02\/Buy-Super-Lemon-Haze.jpg","contentUrl":"https:\/\/medicinasinc.com\/pl\/wp-content\/uploads\/sites\/13\/2022\/02\/Buy-Super-Lemon-Haze.jpg","width":1080,"height":1080},{"@type":"BreadcrumbList","@id":"https:\/\/medicinasinc.com\/pl\/product\/kup-super-lemon-haze\/#breadcrumb","itemListElement":[{"@type":"ListItem","position":1,"name":"Sklep","item":"https:\/\/medicinasinc.com\/pl\/sklep\/"},{"@type":"ListItem","position":2,"name":"Kup Super Lemon Haze"}]},{"@type":"WebSite","@id":"https:\/\/medicinasinc.com\/pl\/#website","url":"https:\/\/medicinasinc.com\/pl\/","name":"Medicinas Inc","description":"Health Medical Clinic","potentialAction":[{"@type":"SearchAction","target":{"@type":"EntryPoint","urlTemplate":"https:\/\/medicinasinc.com\/pl\/?s={search_term_string}"},"query-input":{"@type":"PropertyValueSpecification","valueRequired":true,"valueName":"search_term_string"}}],"inLanguage":"en-US"}]}},"_links":{"self":[{"href":"https:\/\/medicinasinc.com\/pl\/wp-json\/wp\/v2\/product\/5068","targetHints":{"allow":["GET"]}}],"collection":[{"href":"https:\/\/medicinasinc.com\/pl\/wp-json\/wp\/v2\/product"}],"about":[{"href":"https:\/\/medicinasinc.com\/pl\/wp-json\/wp\/v2\/types\/product"}],"replies":[{"embeddable":true,"href":"https:\/\/medicinasinc.com\/pl\/wp-json\/wp\/v2\/comments?post=5068"}],"wp:featuredmedia":[{"embeddable":true,"href":"https:\/\/medicinasinc.com\/pl\/wp-json\/wp\/v2\/media\/5085"}],"wp:attachment":[{"href":"https:\/\/medicinasinc.com\/pl\/wp-json\/wp\/v2\/media?parent=5068"}],"wp:term":[{"taxonomy":"product_brand","embeddable":true,"href":"https:\/\/medicinasinc.com\/pl\/wp-json\/wp\/v2\/product_brand?post=5068"},{"taxonomy":"product_cat","embeddable":true,"href":"https:\/\/medicinasinc.com\/pl\/wp-json\/wp\/v2\/product_cat?post=5068"},{"taxonomy":"product_tag","embeddable":true,"href":"https:\/\/medicinasinc.com\/pl\/wp-json\/wp\/v2\/product_tag?post=5068"}],"curies":[{"name":"wp","href":"https:\/\/api.w.org\/{rel}","templated":true}]}}