{"id":5066,"date":"2022-02-20T19:49:25","date_gmt":"2022-02-20T19:49:25","guid":{"rendered":"https:\/\/medicinasinc.com\/pl\/?post_type=product&#038;p=5066"},"modified":"2022-03-22T01:05:45","modified_gmt":"2022-03-22T01:05:45","slug":"kup-snoops-dream-marihuana","status":"publish","type":"product","link":"https:\/\/medicinasinc.com\/pl\/product\/kup-snoops-dream-marihuana\/","title":{"rendered":"Kup marihuan\u0119 Dream Snoopa"},"content":{"rendered":"<p><strong>Snoops Dream Marihuana Strain mo\u017cna kupi\u0107 online.<\/strong><\/p>\n<p>Snoops Dream Marihuana Strain mo\u017cna kupi\u0107 online.<\/p>\n<p>Efekty<br \/> Kreatywne, energetyzuj\u0105ce , Euforia, Chichot, Radosny, Relaksuj\u0105cy, Podnosz\u0105cy na duchu<br \/> Mo\u017ce przynie\u015b\u0107 ulg\u0119<br \/> Choroba afektywna dwubiegunowa, przewlek\u0142y b\u00f3l, depresja, zm\u0119czenie, b\u00f3le g\u0142owy, bezsenno\u015b\u0107, PMS, PTSD, stres<br \/> Smaki<br \/> Jagodowe, Bor\u00f3wka, ma\u015blana, sosna, s\u0142odka, s\u0142odka, wanilia<\/p>\n","protected":false},"excerpt":{"rendered":"<p>Kup Snoops Dream Marihuana Szczep mo\u017cna kupi\u0107 online. Snoop&#8217;s Dream to odmiana marihuany opracowana przez Snoop Dogga. Hybrydowy &#8211; 50% Sativa, 50% Indica THC: 26%<\/p>\n<p>Snoop&#8217;s Dream to odmiana konopi nazwana na cze\u015b\u0107 artysty hip-hopowego Snoop Doga. Wykaza\u0142 du\u017ce zainteresowanie sektorem marihuany.<\/p>\n<p>Snoop&#8217;s Dream to odmiana marihuany opracowana przez Snoop Dogga. Hybrydowy &#8211; 50% Sativa, 50% Indica Zawarto\u015b\u0107 THC: 26%. Oferujemy mo\u017cliwo\u015b\u0107 zakupu medycznej marihuany online, wosku i rozbicia oraz chwast\u00f3w.<\/p>\n","protected":false},"featured_media":5083,"comment_status":"open","ping_status":"closed","template":"","meta":[],"product_brand":[],"product_cat":[778],"product_tag":[1011,1015,1013,1014,1016,1012,1017,1018],"class_list":{"0":"post-5066","1":"product","2":"type-product","3":"status-publish","4":"has-post-thumbnail","6":"product_cat-chwast-na-sprzeda","7":"product_tag-blue-dream-price","8":"product_tag-cena-master-kush","9":"product_tag-growing-snoops-dream","10":"product_tag-licie-przez-snoop-szczepy","11":"product_tag-snoop-dawg-szczep-redbud-roots","12":"product_tag-wymarzony-pies-szczep","13":"product_tag-snoop-szczepy","14":"product_tag-snoops-dream-wikileaf","16":"first","17":"instock","18":"shipping-taxable","19":"purchasable","20":"product-type-variable","21":"has-default-attributes"},"yoast_head":"<!-- This site is optimized with the Yoast SEO plugin v27.3 - https:\/\/yoast.com\/product\/yoast-seo-wordpress\/ -->\n<title>Kup marihuan\u0119 Dream Snoops \u2014 najlepsze leki na \u015bwiecie<\/title>\n<meta name=\"description\" content=\"Crossing the Blue Dream z Master Kush, dwiema \u017cywymi, pot\u0119\u017cnymi odmianami, o kt\u00f3rych m\u00f3wi si\u0119, \u017ce s\u0105\u2026 To najlepsza platforma do sprzeda\u017cy marihuany Buy Snoop&#039;s Dream.\" \/>\n<meta name=\"robots\" content=\"index, follow, max-snippet:-1, max-image-preview:large, max-video-preview:-1\" \/>\n<link rel=\"canonical\" href=\"https:\/\/medicinasinc.com\/pl\/product\/kup-snoops-dream-marihuana\/\" \/>\n<meta property=\"og:locale\" content=\"en_US\" \/>\n<meta property=\"og:type\" content=\"article\" \/>\n<meta property=\"og:title\" content=\"Kup marihuan\u0119 Dream Snoops \u2014 najlepsze leki na \u015bwiecie\" \/>\n<meta property=\"og:description\" content=\"Crossing the Blue Dream z Master Kush, dwiema \u017cywymi, pot\u0119\u017cnymi odmianami, o kt\u00f3rych m\u00f3wi si\u0119, \u017ce s\u0105\u2026 To najlepsza platforma do sprzeda\u017cy marihuany Buy Snoop&#039;s Dream.\" \/>\n<meta property=\"og:url\" content=\"https:\/\/medicinasinc.com\/pl\/product\/kup-snoops-dream-marihuana\/\" \/>\n<meta property=\"og:site_name\" content=\"Medicinas Inc\" \/>\n<meta property=\"article:modified_time\" content=\"2022-03-22T01:05:45+00:00\" \/>\n<meta property=\"og:image\" content=\"https:\/\/medicinasinc.com\/pl\/wp-content\/uploads\/sites\/13\/2022\/02\/Buy-Snoops-Dream-Marijuana.jpg\" \/>\n\t<meta property=\"og:image:width\" content=\"2000\" \/>\n\t<meta property=\"og:image:height\" content=\"1333\" \/>\n\t<meta property=\"og:image:type\" content=\"image\/jpeg\" \/>\n<meta name=\"twitter:card\" content=\"summary_large_image\" \/>\n<meta name=\"twitter:label1\" content=\"Est. reading time\" \/>\n\t<meta name=\"twitter:data1\" content=\"1 minute\" \/>\n<script type=\"application\/ld+json\" class=\"yoast-schema-graph\">{\"@context\":\"https:\\\/\\\/schema.org\",\"@graph\":[{\"@type\":\"WebPage\",\"@id\":\"https:\\\/\\\/medicinasinc.com\\\/pl\\\/product\\\/kup-snoops-dream-marihuana\\\/\",\"url\":\"https:\\\/\\\/medicinasinc.com\\\/pl\\\/product\\\/kup-snoops-dream-marihuana\\\/\",\"name\":\"Kup marihuan\u0119 Dream Snoops \u2014 najlepsze leki na \u015bwiecie\",\"isPartOf\":{\"@id\":\"https:\\\/\\\/medicinasinc.com\\\/pl\\\/#website\"},\"primaryImageOfPage\":{\"@id\":\"https:\\\/\\\/medicinasinc.com\\\/pl\\\/product\\\/kup-snoops-dream-marihuana\\\/#primaryimage\"},\"image\":{\"@id\":\"https:\\\/\\\/medicinasinc.com\\\/pl\\\/product\\\/kup-snoops-dream-marihuana\\\/#primaryimage\"},\"thumbnailUrl\":\"https:\\\/\\\/medicinasinc.com\\\/pl\\\/wp-content\\\/uploads\\\/sites\\\/13\\\/2022\\\/02\\\/Buy-Snoops-Dream-Marijuana.jpg\",\"datePublished\":\"2022-02-20T19:49:25+00:00\",\"dateModified\":\"2022-03-22T01:05:45+00:00\",\"description\":\"Crossing the Blue Dream z Master Kush, dwiema \u017cywymi, pot\u0119\u017cnymi odmianami, o kt\u00f3rych m\u00f3wi si\u0119, \u017ce s\u0105\u2026 To najlepsza platforma do sprzeda\u017cy marihuany Buy Snoop's Dream.\",\"breadcrumb\":{\"@id\":\"https:\\\/\\\/medicinasinc.com\\\/pl\\\/product\\\/kup-snoops-dream-marihuana\\\/#breadcrumb\"},\"inLanguage\":\"en-US\",\"potentialAction\":[{\"@type\":\"ReadAction\",\"target\":[\"https:\\\/\\\/medicinasinc.com\\\/pl\\\/product\\\/kup-snoops-dream-marihuana\\\/\"]}]},{\"@type\":\"ImageObject\",\"inLanguage\":\"en-US\",\"@id\":\"https:\\\/\\\/medicinasinc.com\\\/pl\\\/product\\\/kup-snoops-dream-marihuana\\\/#primaryimage\",\"url\":\"https:\\\/\\\/medicinasinc.com\\\/pl\\\/wp-content\\\/uploads\\\/sites\\\/13\\\/2022\\\/02\\\/Buy-Snoops-Dream-Marijuana.jpg\",\"contentUrl\":\"https:\\\/\\\/medicinasinc.com\\\/pl\\\/wp-content\\\/uploads\\\/sites\\\/13\\\/2022\\\/02\\\/Buy-Snoops-Dream-Marijuana.jpg\",\"width\":2000,\"height\":1333},{\"@type\":\"BreadcrumbList\",\"@id\":\"https:\\\/\\\/medicinasinc.com\\\/pl\\\/product\\\/kup-snoops-dream-marihuana\\\/#breadcrumb\",\"itemListElement\":[{\"@type\":\"ListItem\",\"position\":1,\"name\":\"Sklep\",\"item\":\"https:\\\/\\\/medicinasinc.com\\\/pl\\\/sklep\\\/\"},{\"@type\":\"ListItem\",\"position\":2,\"name\":\"Kup marihuan\u0119 Dream Snoopa\"}]},{\"@type\":\"WebSite\",\"@id\":\"https:\\\/\\\/medicinasinc.com\\\/pl\\\/#website\",\"url\":\"https:\\\/\\\/medicinasinc.com\\\/pl\\\/\",\"name\":\"Medicinas Inc\",\"description\":\"Health Medical Clinic\",\"potentialAction\":[{\"@type\":\"SearchAction\",\"target\":{\"@type\":\"EntryPoint\",\"urlTemplate\":\"https:\\\/\\\/medicinasinc.com\\\/pl\\\/?s={search_term_string}\"},\"query-input\":{\"@type\":\"PropertyValueSpecification\",\"valueRequired\":true,\"valueName\":\"search_term_string\"}}],\"inLanguage\":\"en-US\"}]}<\/script>\n<!-- \/ Yoast SEO plugin. -->","yoast_head_json":{"title":"Kup marihuan\u0119 Dream Snoops \u2014 najlepsze leki na \u015bwiecie","description":"Crossing the Blue Dream z Master Kush, dwiema \u017cywymi, pot\u0119\u017cnymi odmianami, o kt\u00f3rych m\u00f3wi si\u0119, \u017ce s\u0105\u2026 To najlepsza platforma do sprzeda\u017cy marihuany Buy Snoop's Dream.","robots":{"index":"index","follow":"follow","max-snippet":"max-snippet:-1","max-image-preview":"max-image-preview:large","max-video-preview":"max-video-preview:-1"},"canonical":"https:\/\/medicinasinc.com\/pl\/product\/kup-snoops-dream-marihuana\/","og_locale":"en_US","og_type":"article","og_title":"Kup marihuan\u0119 Dream Snoops \u2014 najlepsze leki na \u015bwiecie","og_description":"Crossing the Blue Dream z Master Kush, dwiema \u017cywymi, pot\u0119\u017cnymi odmianami, o kt\u00f3rych m\u00f3wi si\u0119, \u017ce s\u0105\u2026 To najlepsza platforma do sprzeda\u017cy marihuany Buy Snoop's Dream.","og_url":"https:\/\/medicinasinc.com\/pl\/product\/kup-snoops-dream-marihuana\/","og_site_name":"Medicinas Inc","article_modified_time":"2022-03-22T01:05:45+00:00","og_image":[{"width":2000,"height":1333,"url":"https:\/\/medicinasinc.com\/pl\/wp-content\/uploads\/sites\/13\/2022\/02\/Buy-Snoops-Dream-Marijuana.jpg","type":"image\/jpeg"}],"twitter_card":"summary_large_image","twitter_misc":{"Est. reading time":"1 minute"},"schema":{"@context":"https:\/\/schema.org","@graph":[{"@type":"WebPage","@id":"https:\/\/medicinasinc.com\/pl\/product\/kup-snoops-dream-marihuana\/","url":"https:\/\/medicinasinc.com\/pl\/product\/kup-snoops-dream-marihuana\/","name":"Kup marihuan\u0119 Dream Snoops \u2014 najlepsze leki na \u015bwiecie","isPartOf":{"@id":"https:\/\/medicinasinc.com\/pl\/#website"},"primaryImageOfPage":{"@id":"https:\/\/medicinasinc.com\/pl\/product\/kup-snoops-dream-marihuana\/#primaryimage"},"image":{"@id":"https:\/\/medicinasinc.com\/pl\/product\/kup-snoops-dream-marihuana\/#primaryimage"},"thumbnailUrl":"https:\/\/medicinasinc.com\/pl\/wp-content\/uploads\/sites\/13\/2022\/02\/Buy-Snoops-Dream-Marijuana.jpg","datePublished":"2022-02-20T19:49:25+00:00","dateModified":"2022-03-22T01:05:45+00:00","description":"Crossing the Blue Dream z Master Kush, dwiema \u017cywymi, pot\u0119\u017cnymi odmianami, o kt\u00f3rych m\u00f3wi si\u0119, \u017ce s\u0105\u2026 To najlepsza platforma do sprzeda\u017cy marihuany Buy Snoop's Dream.","breadcrumb":{"@id":"https:\/\/medicinasinc.com\/pl\/product\/kup-snoops-dream-marihuana\/#breadcrumb"},"inLanguage":"en-US","potentialAction":[{"@type":"ReadAction","target":["https:\/\/medicinasinc.com\/pl\/product\/kup-snoops-dream-marihuana\/"]}]},{"@type":"ImageObject","inLanguage":"en-US","@id":"https:\/\/medicinasinc.com\/pl\/product\/kup-snoops-dream-marihuana\/#primaryimage","url":"https:\/\/medicinasinc.com\/pl\/wp-content\/uploads\/sites\/13\/2022\/02\/Buy-Snoops-Dream-Marijuana.jpg","contentUrl":"https:\/\/medicinasinc.com\/pl\/wp-content\/uploads\/sites\/13\/2022\/02\/Buy-Snoops-Dream-Marijuana.jpg","width":2000,"height":1333},{"@type":"BreadcrumbList","@id":"https:\/\/medicinasinc.com\/pl\/product\/kup-snoops-dream-marihuana\/#breadcrumb","itemListElement":[{"@type":"ListItem","position":1,"name":"Sklep","item":"https:\/\/medicinasinc.com\/pl\/sklep\/"},{"@type":"ListItem","position":2,"name":"Kup marihuan\u0119 Dream Snoopa"}]},{"@type":"WebSite","@id":"https:\/\/medicinasinc.com\/pl\/#website","url":"https:\/\/medicinasinc.com\/pl\/","name":"Medicinas Inc","description":"Health Medical Clinic","potentialAction":[{"@type":"SearchAction","target":{"@type":"EntryPoint","urlTemplate":"https:\/\/medicinasinc.com\/pl\/?s={search_term_string}"},"query-input":{"@type":"PropertyValueSpecification","valueRequired":true,"valueName":"search_term_string"}}],"inLanguage":"en-US"}]}},"_links":{"self":[{"href":"https:\/\/medicinasinc.com\/pl\/wp-json\/wp\/v2\/product\/5066","targetHints":{"allow":["GET"]}}],"collection":[{"href":"https:\/\/medicinasinc.com\/pl\/wp-json\/wp\/v2\/product"}],"about":[{"href":"https:\/\/medicinasinc.com\/pl\/wp-json\/wp\/v2\/types\/product"}],"replies":[{"embeddable":true,"href":"https:\/\/medicinasinc.com\/pl\/wp-json\/wp\/v2\/comments?post=5066"}],"wp:featuredmedia":[{"embeddable":true,"href":"https:\/\/medicinasinc.com\/pl\/wp-json\/wp\/v2\/media\/5083"}],"wp:attachment":[{"href":"https:\/\/medicinasinc.com\/pl\/wp-json\/wp\/v2\/media?parent=5066"}],"wp:term":[{"taxonomy":"product_brand","embeddable":true,"href":"https:\/\/medicinasinc.com\/pl\/wp-json\/wp\/v2\/product_brand?post=5066"},{"taxonomy":"product_cat","embeddable":true,"href":"https:\/\/medicinasinc.com\/pl\/wp-json\/wp\/v2\/product_cat?post=5066"},{"taxonomy":"product_tag","embeddable":true,"href":"https:\/\/medicinasinc.com\/pl\/wp-json\/wp\/v2\/product_tag?post=5066"}],"curies":[{"name":"wp","href":"https:\/\/api.w.org\/{rel}","templated":true}]}}