{"id":5047,"date":"2022-02-20T19:35:13","date_gmt":"2022-02-20T19:35:13","guid":{"rendered":"https:\/\/medicinasinc.com\/pl\/?post_type=product&#038;p=5047"},"modified":"2022-03-22T01:05:54","modified_gmt":"2022-03-22T01:05:54","slug":"kup-fioletowy-smoczy-marihuana-aaaaa","status":"publish","type":"product","link":"https:\/\/medicinasinc.com\/pl\/product\/kup-fioletowy-smoczy-marihuana-aaaaa\/","title":{"rendered":"Kup marihuan\u0119 Purple Dragon (AAAAA)"},"content":{"rendered":"<p>Konopie Purple Dragon (AAAAA) &#8211; 30% Sativa \/ 60% Indica<\/p>\n<p>Purple Dragon to hybrydowa odmiana z przewag\u0105 indici, stworzona przez skrzy\u017cowanie silnego Purple Urkle z Blue Dragon. Purple Dragon daje zr\u00f3wnowa\u017cony haj, kt\u00f3ry koi i relaksuje umys\u0142 i cia\u0142o. Ta odmiana wytwarza do\u015b\u0107 niezwyk\u0142y aromat, \u0142\u0105cz\u0105c pi\u017cmow\u0105 sza\u0142wi\u0119 z charakterystycznym kwiatowym posmakiem, kt\u00f3ry utrzymuje si\u0119 na podniebieniu. Po inhalacji tego napi\u0119cia umys\u0142 nabiera energii, a silna euforia szybko rozprasza zmartwienia i depresj\u0119. Purple Dragon najpierw zapewnia u\u017cytkownikom radosn\u0105 i stymuluj\u0105c\u0105 jasno\u015b\u0107 umys\u0142u; jednak te korzy\u015bci stopniowo zanikaj\u0105, pozostawiaj\u0105c u\u017cytkownikom godziny \u0142agodzenia b\u00f3lu i uspokojenia. Og\u00f3lne b\u00f3le cia\u0142a ust\u0105pi\u0105, gdy cia\u0142o u\u017cytkownika stopniowo wejdzie w stan relaksu odczuwany zar\u00f3wno fizycznie, jak i psychicznie. Purple Dragon to pomocna opcja leczenia r\u00f3\u017cnych chor\u00f3b, w tym l\u0119ku, depresji, zaburze\u0144 nastroju, wyczerpania fizycznego, migreny\/b\u00f3l\u00f3w g\u0142owy, przewlek\u0142ego b\u00f3lu i utraty apetytu.<\/p>\n<div class=\"product-next-previous\">\n<div class=\"product-prev\"><\/div><\/div>\n","protected":false},"excerpt":{"rendered":"<p>Purple Dragon Crassula (Crassula multicava) to osza\u0142amiaj\u0105cy i kolorowy soczysty, kt\u00f3ry ma du\u017cy&#8230; Kup trzy lub wi\u0119cej produkt\u00f3w i otrzymaj je po 10,80 USD za ka\u017cdy.<\/p>\n<ul>\n<li>AAAAA reprezentuje najlepszych z najlepszych!<\/li>\n<li>Skontaktuj si\u0119 z nami w sprawie zam\u00f3wie\u0144 hurtowych<\/li>\n<li>Na ca\u0142ym \u015bwiecie wysy\u0142ka.<\/li>\n<\/ul>\n","protected":false},"featured_media":5067,"comment_status":"open","ping_status":"closed","template":"","meta":[],"product_brand":[],"product_cat":[778],"product_tag":[1010,1008,1007,1009,1006],"class_list":{"0":"post-5047","1":"product","2":"type-product","3":"status-publish","4":"has-post-thumbnail","6":"product_cat-chwast-na-sprzeda","7":"product_tag-fioletowy-wypchany-smokiem-duy-duy","8":"product_tag-fioletowe-smocze-noyce-recenzje","9":"product_tag-purple-and-green-dragon-cartoon","10":"product_tag-strona-internetowa-fioletowy-smoczy-noyce","11":"product_tag-zielone-i-fioletowe-imiona-smokw","13":"first","14":"instock","15":"shipping-taxable","16":"purchasable","17":"product-type-variable","18":"has-default-attributes"},"yoast_head":"<!-- This site is optimized with the Yoast SEO plugin v27.3 - https:\/\/yoast.com\/product\/yoast-seo-wordpress\/ -->\n<title>Kup Purple Dragon (AAAAA) - Najlepsze najlepsze globalne leki<\/title>\n<meta name=\"description\" content=\"Kup szczep marihuany Purple Dragon. Eteryczny i surrealistyczny fioletowy smok jest stra\u017cnikiem nieziemskich kryszta\u0142\u00f3w. Cyfrowo namalowany przez Tobiasa Vyseriego.\" \/>\n<meta name=\"robots\" content=\"index, follow, max-snippet:-1, max-image-preview:large, max-video-preview:-1\" \/>\n<link rel=\"canonical\" href=\"https:\/\/medicinasinc.com\/pl\/product\/kup-fioletowy-smoczy-marihuana-aaaaa\/\" \/>\n<meta property=\"og:locale\" content=\"en_US\" \/>\n<meta property=\"og:type\" content=\"article\" \/>\n<meta property=\"og:title\" content=\"Kup Purple Dragon (AAAAA) - Najlepsze najlepsze globalne leki\" \/>\n<meta property=\"og:description\" content=\"Kup szczep marihuany Purple Dragon. Eteryczny i surrealistyczny fioletowy smok jest stra\u017cnikiem nieziemskich kryszta\u0142\u00f3w. Cyfrowo namalowany przez Tobiasa Vyseriego.\" \/>\n<meta property=\"og:url\" content=\"https:\/\/medicinasinc.com\/pl\/product\/kup-fioletowy-smoczy-marihuana-aaaaa\/\" \/>\n<meta property=\"og:site_name\" content=\"Medicinas Inc\" \/>\n<meta property=\"article:modified_time\" content=\"2022-03-22T01:05:54+00:00\" \/>\n<meta property=\"og:image\" content=\"https:\/\/medicinasinc.com\/pl\/wp-content\/uploads\/sites\/13\/2022\/02\/Buy-Purple-Dragon.jpg\" \/>\n\t<meta property=\"og:image:width\" content=\"541\" \/>\n\t<meta property=\"og:image:height\" content=\"459\" \/>\n\t<meta property=\"og:image:type\" content=\"image\/jpeg\" \/>\n<meta name=\"twitter:card\" content=\"summary_large_image\" \/>\n<meta name=\"twitter:label1\" content=\"Est. reading time\" \/>\n\t<meta name=\"twitter:data1\" content=\"1 minute\" \/>\n<script type=\"application\/ld+json\" class=\"yoast-schema-graph\">{\"@context\":\"https:\\\/\\\/schema.org\",\"@graph\":[{\"@type\":\"WebPage\",\"@id\":\"https:\\\/\\\/medicinasinc.com\\\/pl\\\/product\\\/kup-fioletowy-smoczy-marihuana-aaaaa\\\/\",\"url\":\"https:\\\/\\\/medicinasinc.com\\\/pl\\\/product\\\/kup-fioletowy-smoczy-marihuana-aaaaa\\\/\",\"name\":\"Kup Purple Dragon (AAAAA) - Najlepsze najlepsze globalne leki\",\"isPartOf\":{\"@id\":\"https:\\\/\\\/medicinasinc.com\\\/pl\\\/#website\"},\"primaryImageOfPage\":{\"@id\":\"https:\\\/\\\/medicinasinc.com\\\/pl\\\/product\\\/kup-fioletowy-smoczy-marihuana-aaaaa\\\/#primaryimage\"},\"image\":{\"@id\":\"https:\\\/\\\/medicinasinc.com\\\/pl\\\/product\\\/kup-fioletowy-smoczy-marihuana-aaaaa\\\/#primaryimage\"},\"thumbnailUrl\":\"https:\\\/\\\/medicinasinc.com\\\/pl\\\/wp-content\\\/uploads\\\/sites\\\/13\\\/2022\\\/02\\\/Buy-Purple-Dragon.jpg\",\"datePublished\":\"2022-02-20T19:35:13+00:00\",\"dateModified\":\"2022-03-22T01:05:54+00:00\",\"description\":\"Kup szczep marihuany Purple Dragon. Eteryczny i surrealistyczny fioletowy smok jest stra\u017cnikiem nieziemskich kryszta\u0142\u00f3w. Cyfrowo namalowany przez Tobiasa Vyseriego.\",\"breadcrumb\":{\"@id\":\"https:\\\/\\\/medicinasinc.com\\\/pl\\\/product\\\/kup-fioletowy-smoczy-marihuana-aaaaa\\\/#breadcrumb\"},\"inLanguage\":\"en-US\",\"potentialAction\":[{\"@type\":\"ReadAction\",\"target\":[\"https:\\\/\\\/medicinasinc.com\\\/pl\\\/product\\\/kup-fioletowy-smoczy-marihuana-aaaaa\\\/\"]}]},{\"@type\":\"ImageObject\",\"inLanguage\":\"en-US\",\"@id\":\"https:\\\/\\\/medicinasinc.com\\\/pl\\\/product\\\/kup-fioletowy-smoczy-marihuana-aaaaa\\\/#primaryimage\",\"url\":\"https:\\\/\\\/medicinasinc.com\\\/pl\\\/wp-content\\\/uploads\\\/sites\\\/13\\\/2022\\\/02\\\/Buy-Purple-Dragon.jpg\",\"contentUrl\":\"https:\\\/\\\/medicinasinc.com\\\/pl\\\/wp-content\\\/uploads\\\/sites\\\/13\\\/2022\\\/02\\\/Buy-Purple-Dragon.jpg\",\"width\":541,\"height\":459},{\"@type\":\"BreadcrumbList\",\"@id\":\"https:\\\/\\\/medicinasinc.com\\\/pl\\\/product\\\/kup-fioletowy-smoczy-marihuana-aaaaa\\\/#breadcrumb\",\"itemListElement\":[{\"@type\":\"ListItem\",\"position\":1,\"name\":\"Sklep\",\"item\":\"https:\\\/\\\/medicinasinc.com\\\/pl\\\/sklep\\\/\"},{\"@type\":\"ListItem\",\"position\":2,\"name\":\"Kup marihuan\u0119 Purple Dragon (AAAAA)\"}]},{\"@type\":\"WebSite\",\"@id\":\"https:\\\/\\\/medicinasinc.com\\\/pl\\\/#website\",\"url\":\"https:\\\/\\\/medicinasinc.com\\\/pl\\\/\",\"name\":\"Medicinas Inc\",\"description\":\"Health Medical Clinic\",\"potentialAction\":[{\"@type\":\"SearchAction\",\"target\":{\"@type\":\"EntryPoint\",\"urlTemplate\":\"https:\\\/\\\/medicinasinc.com\\\/pl\\\/?s={search_term_string}\"},\"query-input\":{\"@type\":\"PropertyValueSpecification\",\"valueRequired\":true,\"valueName\":\"search_term_string\"}}],\"inLanguage\":\"en-US\"}]}<\/script>\n<!-- \/ Yoast SEO plugin. -->","yoast_head_json":{"title":"Kup Purple Dragon (AAAAA) - Najlepsze najlepsze globalne leki","description":"Kup szczep marihuany Purple Dragon. Eteryczny i surrealistyczny fioletowy smok jest stra\u017cnikiem nieziemskich kryszta\u0142\u00f3w. Cyfrowo namalowany przez Tobiasa Vyseriego.","robots":{"index":"index","follow":"follow","max-snippet":"max-snippet:-1","max-image-preview":"max-image-preview:large","max-video-preview":"max-video-preview:-1"},"canonical":"https:\/\/medicinasinc.com\/pl\/product\/kup-fioletowy-smoczy-marihuana-aaaaa\/","og_locale":"en_US","og_type":"article","og_title":"Kup Purple Dragon (AAAAA) - Najlepsze najlepsze globalne leki","og_description":"Kup szczep marihuany Purple Dragon. Eteryczny i surrealistyczny fioletowy smok jest stra\u017cnikiem nieziemskich kryszta\u0142\u00f3w. Cyfrowo namalowany przez Tobiasa Vyseriego.","og_url":"https:\/\/medicinasinc.com\/pl\/product\/kup-fioletowy-smoczy-marihuana-aaaaa\/","og_site_name":"Medicinas Inc","article_modified_time":"2022-03-22T01:05:54+00:00","og_image":[{"width":541,"height":459,"url":"https:\/\/medicinasinc.com\/pl\/wp-content\/uploads\/sites\/13\/2022\/02\/Buy-Purple-Dragon.jpg","type":"image\/jpeg"}],"twitter_card":"summary_large_image","twitter_misc":{"Est. reading time":"1 minute"},"schema":{"@context":"https:\/\/schema.org","@graph":[{"@type":"WebPage","@id":"https:\/\/medicinasinc.com\/pl\/product\/kup-fioletowy-smoczy-marihuana-aaaaa\/","url":"https:\/\/medicinasinc.com\/pl\/product\/kup-fioletowy-smoczy-marihuana-aaaaa\/","name":"Kup Purple Dragon (AAAAA) - Najlepsze najlepsze globalne leki","isPartOf":{"@id":"https:\/\/medicinasinc.com\/pl\/#website"},"primaryImageOfPage":{"@id":"https:\/\/medicinasinc.com\/pl\/product\/kup-fioletowy-smoczy-marihuana-aaaaa\/#primaryimage"},"image":{"@id":"https:\/\/medicinasinc.com\/pl\/product\/kup-fioletowy-smoczy-marihuana-aaaaa\/#primaryimage"},"thumbnailUrl":"https:\/\/medicinasinc.com\/pl\/wp-content\/uploads\/sites\/13\/2022\/02\/Buy-Purple-Dragon.jpg","datePublished":"2022-02-20T19:35:13+00:00","dateModified":"2022-03-22T01:05:54+00:00","description":"Kup szczep marihuany Purple Dragon. Eteryczny i surrealistyczny fioletowy smok jest stra\u017cnikiem nieziemskich kryszta\u0142\u00f3w. Cyfrowo namalowany przez Tobiasa Vyseriego.","breadcrumb":{"@id":"https:\/\/medicinasinc.com\/pl\/product\/kup-fioletowy-smoczy-marihuana-aaaaa\/#breadcrumb"},"inLanguage":"en-US","potentialAction":[{"@type":"ReadAction","target":["https:\/\/medicinasinc.com\/pl\/product\/kup-fioletowy-smoczy-marihuana-aaaaa\/"]}]},{"@type":"ImageObject","inLanguage":"en-US","@id":"https:\/\/medicinasinc.com\/pl\/product\/kup-fioletowy-smoczy-marihuana-aaaaa\/#primaryimage","url":"https:\/\/medicinasinc.com\/pl\/wp-content\/uploads\/sites\/13\/2022\/02\/Buy-Purple-Dragon.jpg","contentUrl":"https:\/\/medicinasinc.com\/pl\/wp-content\/uploads\/sites\/13\/2022\/02\/Buy-Purple-Dragon.jpg","width":541,"height":459},{"@type":"BreadcrumbList","@id":"https:\/\/medicinasinc.com\/pl\/product\/kup-fioletowy-smoczy-marihuana-aaaaa\/#breadcrumb","itemListElement":[{"@type":"ListItem","position":1,"name":"Sklep","item":"https:\/\/medicinasinc.com\/pl\/sklep\/"},{"@type":"ListItem","position":2,"name":"Kup marihuan\u0119 Purple Dragon (AAAAA)"}]},{"@type":"WebSite","@id":"https:\/\/medicinasinc.com\/pl\/#website","url":"https:\/\/medicinasinc.com\/pl\/","name":"Medicinas Inc","description":"Health Medical Clinic","potentialAction":[{"@type":"SearchAction","target":{"@type":"EntryPoint","urlTemplate":"https:\/\/medicinasinc.com\/pl\/?s={search_term_string}"},"query-input":{"@type":"PropertyValueSpecification","valueRequired":true,"valueName":"search_term_string"}}],"inLanguage":"en-US"}]}},"_links":{"self":[{"href":"https:\/\/medicinasinc.com\/pl\/wp-json\/wp\/v2\/product\/5047","targetHints":{"allow":["GET"]}}],"collection":[{"href":"https:\/\/medicinasinc.com\/pl\/wp-json\/wp\/v2\/product"}],"about":[{"href":"https:\/\/medicinasinc.com\/pl\/wp-json\/wp\/v2\/types\/product"}],"replies":[{"embeddable":true,"href":"https:\/\/medicinasinc.com\/pl\/wp-json\/wp\/v2\/comments?post=5047"}],"wp:featuredmedia":[{"embeddable":true,"href":"https:\/\/medicinasinc.com\/pl\/wp-json\/wp\/v2\/media\/5067"}],"wp:attachment":[{"href":"https:\/\/medicinasinc.com\/pl\/wp-json\/wp\/v2\/media?parent=5047"}],"wp:term":[{"taxonomy":"product_brand","embeddable":true,"href":"https:\/\/medicinasinc.com\/pl\/wp-json\/wp\/v2\/product_brand?post=5047"},{"taxonomy":"product_cat","embeddable":true,"href":"https:\/\/medicinasinc.com\/pl\/wp-json\/wp\/v2\/product_cat?post=5047"},{"taxonomy":"product_tag","embeddable":true,"href":"https:\/\/medicinasinc.com\/pl\/wp-json\/wp\/v2\/product_tag?post=5047"}],"curies":[{"name":"wp","href":"https:\/\/api.w.org\/{rel}","templated":true}]}}