{"id":5046,"date":"2022-02-20T19:34:10","date_gmt":"2022-02-20T19:34:10","guid":{"rendered":"https:\/\/medicinasinc.com\/pl\/?post_type=product&#038;p=5046"},"modified":"2022-03-22T01:06:02","modified_gmt":"2022-03-22T01:06:02","slug":"kup-czekoladowe-fondue-szczep","status":"publish","type":"product","link":"https:\/\/medicinasinc.com\/pl\/product\/kup-czekoladowe-fondue-szczep\/","title":{"rendered":"Kup Czekoladowe Fondue Szczep"},"content":{"rendered":"<p>Informacje na temat szczepu Chocolate Fondue<\/p>\n<p>Chocolate Fondue to krzy\u017c\u00f3wka z dominacj\u0105 Sativy, opracowana przez DNA Genetics, kt\u00f3ra \u0142\u0105czy w sobie podnosz\u0105ce moce Chocolope z uspokajaj\u0105cym dzia\u0142aniem i unikalnymi smakami Exodus Cheese.<\/p>\n<p>Efekty czekoladowego fondue \u0142agodz\u0105 cia\u0142o i wyciszaj\u0105 umys\u0142, wprowadzaj\u0105c Ci\u0119 w stan przyjemnej \u015bwiadomo\u015bci. Ta odmiana konopi jest \u015bwietna w dzie\u0144 iw nocy ze wzgl\u0119du na r\u00f3\u017cnorodny zapach i s\u0142odkie smaki.<\/p>\n<p>W\u0142a\u015bciwo\u015bci lecznicze czekoladowego szczepu Fondue<\/p>\n<p>Istnieje wiele powod\u00f3w, dla kt\u00f3rych warto u\u017cywa\u0107 odmian konopi. Oto sze\u015b\u0107 najwa\u017cniejszych powod\u00f3w, dla kt\u00f3rych warto rozwa\u017cy\u0107 ich zatrudnienie. Oczywi\u015bcie im wy\u017csza moc, tym silniejszy haj!<\/p>\n<p>1 \u2013 \u0141agodzi przewlek\u0142y b\u00f3l<\/p>\n<p>Konopie zawieraj\u0105 sk\u0142ad chemiczny, kt\u00f3ry pomaga w zmniejszeniu b\u00f3lu. Og\u00f3lnie rzecz bior\u0105c, kolor marihuany r\u00f3wnie\u017c wskazuje na jej moc. Wiele os\u00f3b odkry\u0142o, \u017ce to prawda.<\/p>\n<p>2 &#8211; Zwi\u0119kszona pojemno\u015b\u0107 p\u0142uc<\/p>\n<p>Czy jeste\u015b tego \u015bwiadomy? Palenie konopi jest znacznie lepsze ni\u017c palenie papieros\u00f3w. Dodatkowo pomo\u017ce Ci zwi\u0119kszy\u0107 pojemno\u015b\u0107 p\u0142uc.<\/p>\n<p>3 \u2013 Oty\u0142o\u015b\u0107<\/p>\n<p>Zdecydowana wi\u0119kszo\u015b\u0107 u\u017cytkownik\u00f3w marihuany nie jest oty\u0142a. Dzieje si\u0119 tak, poniewa\u017c regularne stosowanie tego kwiatu marihuany pomo\u017ce ci kontrolowa\u0107 spo\u017cycie kalorii.<\/p>\n<p>4 \u2013 Zapobieganie cukrzycy<\/p>\n<p>Po zdiagnozowaniu cukrzycy b\u0119dziesz mia\u0142 go do ko\u0144ca \u017cycia. \u017cycie. Mo\u017cesz po prostu zarz\u0105dza\u0107 poziomem cukru we krwi, aby nie wzrasta\u0142.<\/p>\n<p>Konopie indyjskie mog\u0105 pom\u00f3c w stabilizacji poziomu cukru we krwi i obni\u017ceniu ci\u015bnienia krwi!<\/p>\n<p>5 \u2013 Pomaga osobom z depresj\u0105<\/p>\n<p>Niekt\u00f3rzy ludzie maj\u0105 depresj\u0119, nie zdaj\u0105c sobie z tego sprawy. Konopie indyjskie mog\u0105 pom\u00f3c uspokoi\u0107 nastr\u00f3j w przypadku depresji.<\/p>\n<p>Gdzie kupi\u0107 szczep czekolady fondue w Kanadzie<\/p>\n<p>Podczas gdy w Kanadzie s\u0105 inne przychodnie, w kt\u00f3rych mo\u017cna kupi\u0107 czekoladowe fondue szczep chwast\u00f3w, nasza apteka w Mail Order Marijuana oferuje jedne z produkt\u00f3w najwy\u017cszej jako\u015bci.<\/p>\n<p>Gwarantujemy, \u017ce otrzymasz produkty wysokiej jako\u015bci lub zwr\u00f3cimy Ci pieni\u0105dze!<\/p>\n<p>Dodatkowo , zam\u00f3wienia powy\u017cej 100 USD otrzymuj\u0105 bezp\u0142atn\u0105 wysy\u0142k\u0119!<\/p>\n","protected":false},"excerpt":{"rendered":"<div class=\"woocommerce-product-details__short-description\">\n<p>Kup online wysokiej jako\u015bci czekoladowe fondue. Szczep Chocolate Fondue to hybryda z dominacj\u0105 sativy \u2013 80% Sativa \/ 20% Indica THC: 17%<\/p>\n<\/p><\/div>\n","protected":false},"featured_media":5065,"comment_status":"open","ping_status":"closed","template":"","meta":[],"product_brand":[],"product_cat":[778],"product_tag":[1005,1004],"class_list":{"0":"post-5046","1":"product","2":"type-product","3":"status-publish","4":"has-post-thumbnail","6":"product_cat-chwast-na-sprzeda","7":"product_tag-czekoladowo-kredwkowe","8":"product_tag-ser-fondue-szczep","10":"first","11":"instock","12":"shipping-taxable","13":"purchasable","14":"product-type-variable","15":"has-default-attributes"},"yoast_head":"<!-- This site is optimized with the Yoast SEO plugin v27.3 - https:\/\/yoast.com\/product\/yoast-seo-wordpress\/ -->\n<title>Kup wysokiej jako\u015bci czekoladowy fondue szczep online - najlepsze globalne leki<\/title>\n<meta name=\"description\" content=\"Kup wysokiej jako\u015bci szczep do czekoladowego fondue przez Internet. Szczep Chocolate Fondue to hybryda z dominacj\u0105 sativy \u2013 80% Sativa \/ 20% Indica THC: 17%\" \/>\n<meta name=\"robots\" content=\"index, follow, max-snippet:-1, max-image-preview:large, max-video-preview:-1\" \/>\n<link rel=\"canonical\" href=\"https:\/\/medicinasinc.com\/pl\/product\/kup-czekoladowe-fondue-szczep\/\" \/>\n<meta property=\"og:locale\" content=\"en_US\" \/>\n<meta property=\"og:type\" content=\"article\" \/>\n<meta property=\"og:title\" content=\"Kup wysokiej jako\u015bci czekoladowy fondue szczep online - najlepsze globalne leki\" \/>\n<meta property=\"og:description\" content=\"Kup wysokiej jako\u015bci szczep do czekoladowego fondue przez Internet. Szczep Chocolate Fondue to hybryda z dominacj\u0105 sativy \u2013 80% Sativa \/ 20% Indica THC: 17%\" \/>\n<meta property=\"og:url\" content=\"https:\/\/medicinasinc.com\/pl\/product\/kup-czekoladowe-fondue-szczep\/\" \/>\n<meta property=\"og:site_name\" content=\"Medicinas Inc\" \/>\n<meta property=\"article:modified_time\" content=\"2022-03-22T01:06:02+00:00\" \/>\n<meta property=\"og:image\" content=\"https:\/\/medicinasinc.com\/pl\/wp-content\/uploads\/sites\/13\/2022\/02\/Buy-Quality-Chocolate-Fondue.jpg\" \/>\n\t<meta property=\"og:image:width\" content=\"667\" \/>\n\t<meta property=\"og:image:height\" content=\"1000\" \/>\n\t<meta property=\"og:image:type\" content=\"image\/jpeg\" \/>\n<meta name=\"twitter:card\" content=\"summary_large_image\" \/>\n<meta name=\"twitter:label1\" content=\"Est. reading time\" \/>\n\t<meta name=\"twitter:data1\" content=\"2 minutes\" \/>\n<script type=\"application\/ld+json\" class=\"yoast-schema-graph\">{\"@context\":\"https:\\\/\\\/schema.org\",\"@graph\":[{\"@type\":\"WebPage\",\"@id\":\"https:\\\/\\\/medicinasinc.com\\\/pl\\\/product\\\/kup-czekoladowe-fondue-szczep\\\/\",\"url\":\"https:\\\/\\\/medicinasinc.com\\\/pl\\\/product\\\/kup-czekoladowe-fondue-szczep\\\/\",\"name\":\"Kup wysokiej jako\u015bci czekoladowy fondue szczep online - najlepsze globalne leki\",\"isPartOf\":{\"@id\":\"https:\\\/\\\/medicinasinc.com\\\/pl\\\/#website\"},\"primaryImageOfPage\":{\"@id\":\"https:\\\/\\\/medicinasinc.com\\\/pl\\\/product\\\/kup-czekoladowe-fondue-szczep\\\/#primaryimage\"},\"image\":{\"@id\":\"https:\\\/\\\/medicinasinc.com\\\/pl\\\/product\\\/kup-czekoladowe-fondue-szczep\\\/#primaryimage\"},\"thumbnailUrl\":\"https:\\\/\\\/medicinasinc.com\\\/pl\\\/wp-content\\\/uploads\\\/sites\\\/13\\\/2022\\\/02\\\/Buy-Quality-Chocolate-Fondue.jpg\",\"datePublished\":\"2022-02-20T19:34:10+00:00\",\"dateModified\":\"2022-03-22T01:06:02+00:00\",\"description\":\"Kup wysokiej jako\u015bci szczep do czekoladowego fondue przez Internet. Szczep Chocolate Fondue to hybryda z dominacj\u0105 sativy \u2013 80% Sativa \\\/ 20% Indica THC: 17%\",\"breadcrumb\":{\"@id\":\"https:\\\/\\\/medicinasinc.com\\\/pl\\\/product\\\/kup-czekoladowe-fondue-szczep\\\/#breadcrumb\"},\"inLanguage\":\"en-US\",\"potentialAction\":[{\"@type\":\"ReadAction\",\"target\":[\"https:\\\/\\\/medicinasinc.com\\\/pl\\\/product\\\/kup-czekoladowe-fondue-szczep\\\/\"]}]},{\"@type\":\"ImageObject\",\"inLanguage\":\"en-US\",\"@id\":\"https:\\\/\\\/medicinasinc.com\\\/pl\\\/product\\\/kup-czekoladowe-fondue-szczep\\\/#primaryimage\",\"url\":\"https:\\\/\\\/medicinasinc.com\\\/pl\\\/wp-content\\\/uploads\\\/sites\\\/13\\\/2022\\\/02\\\/Buy-Quality-Chocolate-Fondue.jpg\",\"contentUrl\":\"https:\\\/\\\/medicinasinc.com\\\/pl\\\/wp-content\\\/uploads\\\/sites\\\/13\\\/2022\\\/02\\\/Buy-Quality-Chocolate-Fondue.jpg\",\"width\":667,\"height\":1000},{\"@type\":\"BreadcrumbList\",\"@id\":\"https:\\\/\\\/medicinasinc.com\\\/pl\\\/product\\\/kup-czekoladowe-fondue-szczep\\\/#breadcrumb\",\"itemListElement\":[{\"@type\":\"ListItem\",\"position\":1,\"name\":\"Sklep\",\"item\":\"https:\\\/\\\/medicinasinc.com\\\/pl\\\/sklep\\\/\"},{\"@type\":\"ListItem\",\"position\":2,\"name\":\"Kup Czekoladowe Fondue Szczep\"}]},{\"@type\":\"WebSite\",\"@id\":\"https:\\\/\\\/medicinasinc.com\\\/pl\\\/#website\",\"url\":\"https:\\\/\\\/medicinasinc.com\\\/pl\\\/\",\"name\":\"Medicinas Inc\",\"description\":\"Health Medical Clinic\",\"potentialAction\":[{\"@type\":\"SearchAction\",\"target\":{\"@type\":\"EntryPoint\",\"urlTemplate\":\"https:\\\/\\\/medicinasinc.com\\\/pl\\\/?s={search_term_string}\"},\"query-input\":{\"@type\":\"PropertyValueSpecification\",\"valueRequired\":true,\"valueName\":\"search_term_string\"}}],\"inLanguage\":\"en-US\"}]}<\/script>\n<!-- \/ Yoast SEO plugin. -->","yoast_head_json":{"title":"Kup wysokiej jako\u015bci czekoladowy fondue szczep online - najlepsze globalne leki","description":"Kup wysokiej jako\u015bci szczep do czekoladowego fondue przez Internet. Szczep Chocolate Fondue to hybryda z dominacj\u0105 sativy \u2013 80% Sativa \/ 20% Indica THC: 17%","robots":{"index":"index","follow":"follow","max-snippet":"max-snippet:-1","max-image-preview":"max-image-preview:large","max-video-preview":"max-video-preview:-1"},"canonical":"https:\/\/medicinasinc.com\/pl\/product\/kup-czekoladowe-fondue-szczep\/","og_locale":"en_US","og_type":"article","og_title":"Kup wysokiej jako\u015bci czekoladowy fondue szczep online - najlepsze globalne leki","og_description":"Kup wysokiej jako\u015bci szczep do czekoladowego fondue przez Internet. Szczep Chocolate Fondue to hybryda z dominacj\u0105 sativy \u2013 80% Sativa \/ 20% Indica THC: 17%","og_url":"https:\/\/medicinasinc.com\/pl\/product\/kup-czekoladowe-fondue-szczep\/","og_site_name":"Medicinas Inc","article_modified_time":"2022-03-22T01:06:02+00:00","og_image":[{"width":667,"height":1000,"url":"https:\/\/medicinasinc.com\/pl\/wp-content\/uploads\/sites\/13\/2022\/02\/Buy-Quality-Chocolate-Fondue.jpg","type":"image\/jpeg"}],"twitter_card":"summary_large_image","twitter_misc":{"Est. reading time":"2 minutes"},"schema":{"@context":"https:\/\/schema.org","@graph":[{"@type":"WebPage","@id":"https:\/\/medicinasinc.com\/pl\/product\/kup-czekoladowe-fondue-szczep\/","url":"https:\/\/medicinasinc.com\/pl\/product\/kup-czekoladowe-fondue-szczep\/","name":"Kup wysokiej jako\u015bci czekoladowy fondue szczep online - najlepsze globalne leki","isPartOf":{"@id":"https:\/\/medicinasinc.com\/pl\/#website"},"primaryImageOfPage":{"@id":"https:\/\/medicinasinc.com\/pl\/product\/kup-czekoladowe-fondue-szczep\/#primaryimage"},"image":{"@id":"https:\/\/medicinasinc.com\/pl\/product\/kup-czekoladowe-fondue-szczep\/#primaryimage"},"thumbnailUrl":"https:\/\/medicinasinc.com\/pl\/wp-content\/uploads\/sites\/13\/2022\/02\/Buy-Quality-Chocolate-Fondue.jpg","datePublished":"2022-02-20T19:34:10+00:00","dateModified":"2022-03-22T01:06:02+00:00","description":"Kup wysokiej jako\u015bci szczep do czekoladowego fondue przez Internet. Szczep Chocolate Fondue to hybryda z dominacj\u0105 sativy \u2013 80% Sativa \/ 20% Indica THC: 17%","breadcrumb":{"@id":"https:\/\/medicinasinc.com\/pl\/product\/kup-czekoladowe-fondue-szczep\/#breadcrumb"},"inLanguage":"en-US","potentialAction":[{"@type":"ReadAction","target":["https:\/\/medicinasinc.com\/pl\/product\/kup-czekoladowe-fondue-szczep\/"]}]},{"@type":"ImageObject","inLanguage":"en-US","@id":"https:\/\/medicinasinc.com\/pl\/product\/kup-czekoladowe-fondue-szczep\/#primaryimage","url":"https:\/\/medicinasinc.com\/pl\/wp-content\/uploads\/sites\/13\/2022\/02\/Buy-Quality-Chocolate-Fondue.jpg","contentUrl":"https:\/\/medicinasinc.com\/pl\/wp-content\/uploads\/sites\/13\/2022\/02\/Buy-Quality-Chocolate-Fondue.jpg","width":667,"height":1000},{"@type":"BreadcrumbList","@id":"https:\/\/medicinasinc.com\/pl\/product\/kup-czekoladowe-fondue-szczep\/#breadcrumb","itemListElement":[{"@type":"ListItem","position":1,"name":"Sklep","item":"https:\/\/medicinasinc.com\/pl\/sklep\/"},{"@type":"ListItem","position":2,"name":"Kup Czekoladowe Fondue Szczep"}]},{"@type":"WebSite","@id":"https:\/\/medicinasinc.com\/pl\/#website","url":"https:\/\/medicinasinc.com\/pl\/","name":"Medicinas Inc","description":"Health Medical Clinic","potentialAction":[{"@type":"SearchAction","target":{"@type":"EntryPoint","urlTemplate":"https:\/\/medicinasinc.com\/pl\/?s={search_term_string}"},"query-input":{"@type":"PropertyValueSpecification","valueRequired":true,"valueName":"search_term_string"}}],"inLanguage":"en-US"}]}},"_links":{"self":[{"href":"https:\/\/medicinasinc.com\/pl\/wp-json\/wp\/v2\/product\/5046","targetHints":{"allow":["GET"]}}],"collection":[{"href":"https:\/\/medicinasinc.com\/pl\/wp-json\/wp\/v2\/product"}],"about":[{"href":"https:\/\/medicinasinc.com\/pl\/wp-json\/wp\/v2\/types\/product"}],"replies":[{"embeddable":true,"href":"https:\/\/medicinasinc.com\/pl\/wp-json\/wp\/v2\/comments?post=5046"}],"wp:featuredmedia":[{"embeddable":true,"href":"https:\/\/medicinasinc.com\/pl\/wp-json\/wp\/v2\/media\/5065"}],"wp:attachment":[{"href":"https:\/\/medicinasinc.com\/pl\/wp-json\/wp\/v2\/media?parent=5046"}],"wp:term":[{"taxonomy":"product_brand","embeddable":true,"href":"https:\/\/medicinasinc.com\/pl\/wp-json\/wp\/v2\/product_brand?post=5046"},{"taxonomy":"product_cat","embeddable":true,"href":"https:\/\/medicinasinc.com\/pl\/wp-json\/wp\/v2\/product_cat?post=5046"},{"taxonomy":"product_tag","embeddable":true,"href":"https:\/\/medicinasinc.com\/pl\/wp-json\/wp\/v2\/product_tag?post=5046"}],"curies":[{"name":"wp","href":"https:\/\/api.w.org\/{rel}","templated":true}]}}