{"id":5044,"date":"2022-02-20T19:31:39","date_gmt":"2022-02-20T19:31:39","guid":{"rendered":"https:\/\/medicinasinc.com\/pl\/?post_type=product&#038;p=5044"},"modified":"2022-03-22T01:06:25","modified_gmt":"2022-03-22T01:06:25","slug":"kup-fioletowy-wrak-marihuany","status":"publish","type":"product","link":"https:\/\/medicinasinc.com\/pl\/product\/kup-fioletowy-wrak-marihuany\/","title":{"rendered":"Kup fioletow\u0105 marihuan\u0119 wrakow\u0105"},"content":{"rendered":"<div class=\"et_pb_column et_pb_column_3_8 et_pb_column_inner et_pb_column_inner_4 \">\n<div> dla &lt;pletner_text dla Odmiana hybrydowa z dominacj\u0105 indici, kt\u00f3ra potrafi zadziwi\u0107 nawet najbardziej wytrawnego konsumenta konopi. Purple Wreck to mieszanka niezwykle popularnego Sativa Trainwreck z kolorowym, aromatycznym Purple Urkle. Zosta\u0142 stworzony przez DNA Genetics, s\u0142ynnych hodowc\u00f3w Chocolope i LA Confidential. Purple Wreck to doskona\u0142y wyb\u00f3r do spo\u017cycia na koniec dnia ze wzgl\u0119du na mocny, koj\u0105cy haj i odwa\u017cny smak. Analytical 360, plac\u00f3wka testuj\u0105ca konopie, odkry\u0142a, \u017ce \u200b\u200bpr\u00f3bki szczepu zawiera\u0142y poziomy THC w zakresie od 10% do osza\u0142amiaj\u0105cych 31%.<\/p>\n<p>Purpurowy wrak wyr\u00f3\u017cnia si\u0119 ogromnymi, doskonale ukszta\u0142towanymi kwiatami. Te p\u0105ki wygl\u0105daj\u0105 jak miniaturowe choinki, zw\u0119\u017caj\u0105ce si\u0119 od szerokiej podstawy do spiczastego ko\u0144ca. Ich struktura wygl\u0105da jak skrzy\u017cowanie indica i sativa \u2013 cho\u0107 zwarte i g\u0119ste w \u015brodku, li\u015bcie skr\u0119caj\u0105 si\u0119 na zewn\u0105trz, a na zewn\u0105trz maj\u0105 puszyst\u0105 tekstur\u0119. Prawdziw\u0105 gwiazd\u0105 szczepu s\u0105 te li\u015bcie, kt\u00f3re ol\u015bniewaj\u0105 konsument\u00f3w c\u0119tkowan\u0105 kombinacj\u0105 oliwkowej zieleni, fioletu i fioletu. Te fioletowe odcienie s\u0105 spowodowane przez zimniejsz\u0105 ni\u017c przeci\u0119tn\u0105 pogod\u0119, aktywuj\u0105c\u0105 pigmenty antocyjan\u00f3w w DNA szczepu. Wreszcie, lepkie bia\u0142e trichomy pokrywaj\u0105 ca\u0142\u0105 powierzchni\u0119 tych ogromnych bry\u0142ek, nadaj\u0105c zroszony, mro\u017any wygl\u0105d.<\/p>\n<p>Hybrydy konopi s\u0105 skrzy\u017cowaniem szczep\u00f3w indica i sativa. Podczas gdy rozmowy dotycz\u0105ce odmian konopi koncentruj\u0105 si\u0119 na r\u00f3\u017cnicach mi\u0119dzy sativa i indica, jest to tylko jeden aspekt obrazu. Rzeczywi\u015bcie, wi\u0119kszo\u015b\u0107 dost\u0119pnych obecnie odmian marihuany nie jest czyst\u0105 sativa. Zazwyczaj b\u0119d\u0105 to hybrydy z dominacj\u0105 indica lub sativy, lub kombinacja tych dw\u00f3ch. Kup Purple Wreck Online<\/p>\n<p>Purple Wreck Kup online<\/p>\n<\/p><\/div><\/div><\/div>\n<div class=\"product-next-previous\">\n<div class=\"product- poprzedni\"><\/div><\/div>\n","protected":false},"excerpt":{"rendered":"<p>Fioletowy wrak &#8211; Kup fioletowy wrak online &#8211; Purple Wreck to hybryda z dominuj\u0105c\u0105 indic\u0105, kt\u00f3ra potrafi zadziwi\u0107 nawet najbardziej wytrawnego u\u017cytkownika konopi.<\/p>\n<p>Odmiana marihuany Purple Wreck mo\u017cna kupi\u0107 online.<\/p>\n<p>Purple Wreck Marihuana to odmiana Indica szczep marihuany. Dominuj\u0105ca hybryda &#8211; 60% Indica \/ 40% Sativa Zawarto\u015b\u0107 THC w sativie: 18\u201325%<\/p>\n<p>1 uncja. minimalne zam\u00f3wienie<\/p>\n<p>&nbsp;<\/p>\n","protected":false},"featured_media":5061,"comment_status":"open","ping_status":"closed","template":"","meta":[],"product_brand":[],"product_cat":[778],"product_tag":[995,989,990,991,992,994,993,988],"class_list":{"0":"post-5044","1":"product","2":"type-product","3":"status-publish","4":"has-post-thumbnail","6":"product_cat-chwast-na-sprzeda","7":"product_tag-cena-wraku-szczepu","8":"product_tag-fioletowe-wraku-efekty-odksztacenia","9":"product_tag-fioletowy-wrak-przegld-odksztacenia","10":"product_tag-fioletowy-wrak-li","11":"product_tag-fioletowy-wrak-sativa-lub-indica","12":"product_tag-fioletowy-wrak-reserva-privada","13":"product_tag-fioletowy-wrak-szczep-allbud","14":"product_tag-purple-trainwreck-price","16":"first","17":"instock","18":"shipping-taxable","19":"purchasable","20":"product-type-simple"},"yoast_head":"<!-- This site is optimized with the Yoast SEO plugin v27.3 - https:\/\/yoast.com\/product\/yoast-seo-wordpress\/ -->\n<title>Kup Purple Wreck Marihuana - Najlepsze Najlepsze Medycyny na \u015awiecie<\/title>\n<meta name=\"description\" content=\"Kup marihuan\u0119 Purple Wreck online- Purple Wreck to hybryda z dominacj\u0105 indici, kt\u00f3ra mo\u017ce zaimponowa\u0107 nawet do\u015bwiadczonym konsumentom marihuany.\" \/>\n<meta name=\"robots\" content=\"index, follow, max-snippet:-1, max-image-preview:large, max-video-preview:-1\" \/>\n<link rel=\"canonical\" href=\"https:\/\/medicinasinc.com\/pl\/product\/kup-fioletowy-wrak-marihuany\/\" \/>\n<meta property=\"og:locale\" content=\"en_US\" \/>\n<meta property=\"og:type\" content=\"article\" \/>\n<meta property=\"og:title\" content=\"Kup Purple Wreck Marihuana - Najlepsze Najlepsze Medycyny na \u015awiecie\" \/>\n<meta property=\"og:description\" content=\"Kup marihuan\u0119 Purple Wreck online- Purple Wreck to hybryda z dominacj\u0105 indici, kt\u00f3ra mo\u017ce zaimponowa\u0107 nawet do\u015bwiadczonym konsumentom marihuany.\" \/>\n<meta property=\"og:url\" content=\"https:\/\/medicinasinc.com\/pl\/product\/kup-fioletowy-wrak-marihuany\/\" \/>\n<meta property=\"og:site_name\" content=\"Medicinas Inc\" \/>\n<meta property=\"article:modified_time\" content=\"2022-03-22T01:06:25+00:00\" \/>\n<meta property=\"og:image\" content=\"https:\/\/medicinasinc.com\/pl\/wp-content\/uploads\/sites\/13\/2022\/02\/Buy-Purple-Wreck-Marijuana-1.jpg\" \/>\n\t<meta property=\"og:image:width\" content=\"1245\" \/>\n\t<meta property=\"og:image:height\" content=\"1024\" \/>\n\t<meta property=\"og:image:type\" content=\"image\/jpeg\" \/>\n<meta name=\"twitter:card\" content=\"summary_large_image\" \/>\n<meta name=\"twitter:label1\" content=\"Est. reading time\" \/>\n\t<meta name=\"twitter:data1\" content=\"2 minutes\" \/>\n<script type=\"application\/ld+json\" class=\"yoast-schema-graph\">{\"@context\":\"https:\\\/\\\/schema.org\",\"@graph\":[{\"@type\":\"WebPage\",\"@id\":\"https:\\\/\\\/medicinasinc.com\\\/pl\\\/product\\\/kup-fioletowy-wrak-marihuany\\\/\",\"url\":\"https:\\\/\\\/medicinasinc.com\\\/pl\\\/product\\\/kup-fioletowy-wrak-marihuany\\\/\",\"name\":\"Kup Purple Wreck Marihuana - Najlepsze Najlepsze Medycyny na \u015awiecie\",\"isPartOf\":{\"@id\":\"https:\\\/\\\/medicinasinc.com\\\/pl\\\/#website\"},\"primaryImageOfPage\":{\"@id\":\"https:\\\/\\\/medicinasinc.com\\\/pl\\\/product\\\/kup-fioletowy-wrak-marihuany\\\/#primaryimage\"},\"image\":{\"@id\":\"https:\\\/\\\/medicinasinc.com\\\/pl\\\/product\\\/kup-fioletowy-wrak-marihuany\\\/#primaryimage\"},\"thumbnailUrl\":\"https:\\\/\\\/medicinasinc.com\\\/pl\\\/wp-content\\\/uploads\\\/sites\\\/13\\\/2022\\\/02\\\/Buy-Purple-Wreck-Marijuana-1.jpg\",\"datePublished\":\"2022-02-20T19:31:39+00:00\",\"dateModified\":\"2022-03-22T01:06:25+00:00\",\"description\":\"Kup marihuan\u0119 Purple Wreck online- Purple Wreck to hybryda z dominacj\u0105 indici, kt\u00f3ra mo\u017ce zaimponowa\u0107 nawet do\u015bwiadczonym konsumentom marihuany.\",\"breadcrumb\":{\"@id\":\"https:\\\/\\\/medicinasinc.com\\\/pl\\\/product\\\/kup-fioletowy-wrak-marihuany\\\/#breadcrumb\"},\"inLanguage\":\"en-US\",\"potentialAction\":[{\"@type\":\"ReadAction\",\"target\":[\"https:\\\/\\\/medicinasinc.com\\\/pl\\\/product\\\/kup-fioletowy-wrak-marihuany\\\/\"]}]},{\"@type\":\"ImageObject\",\"inLanguage\":\"en-US\",\"@id\":\"https:\\\/\\\/medicinasinc.com\\\/pl\\\/product\\\/kup-fioletowy-wrak-marihuany\\\/#primaryimage\",\"url\":\"https:\\\/\\\/medicinasinc.com\\\/pl\\\/wp-content\\\/uploads\\\/sites\\\/13\\\/2022\\\/02\\\/Buy-Purple-Wreck-Marijuana-1.jpg\",\"contentUrl\":\"https:\\\/\\\/medicinasinc.com\\\/pl\\\/wp-content\\\/uploads\\\/sites\\\/13\\\/2022\\\/02\\\/Buy-Purple-Wreck-Marijuana-1.jpg\",\"width\":1245,\"height\":1024},{\"@type\":\"BreadcrumbList\",\"@id\":\"https:\\\/\\\/medicinasinc.com\\\/pl\\\/product\\\/kup-fioletowy-wrak-marihuany\\\/#breadcrumb\",\"itemListElement\":[{\"@type\":\"ListItem\",\"position\":1,\"name\":\"Sklep\",\"item\":\"https:\\\/\\\/medicinasinc.com\\\/pl\\\/sklep\\\/\"},{\"@type\":\"ListItem\",\"position\":2,\"name\":\"Kup fioletow\u0105 marihuan\u0119 wrakow\u0105\"}]},{\"@type\":\"WebSite\",\"@id\":\"https:\\\/\\\/medicinasinc.com\\\/pl\\\/#website\",\"url\":\"https:\\\/\\\/medicinasinc.com\\\/pl\\\/\",\"name\":\"Medicinas Inc\",\"description\":\"Health Medical Clinic\",\"potentialAction\":[{\"@type\":\"SearchAction\",\"target\":{\"@type\":\"EntryPoint\",\"urlTemplate\":\"https:\\\/\\\/medicinasinc.com\\\/pl\\\/?s={search_term_string}\"},\"query-input\":{\"@type\":\"PropertyValueSpecification\",\"valueRequired\":true,\"valueName\":\"search_term_string\"}}],\"inLanguage\":\"en-US\"}]}<\/script>\n<!-- \/ Yoast SEO plugin. -->","yoast_head_json":{"title":"Kup Purple Wreck Marihuana - Najlepsze Najlepsze Medycyny na \u015awiecie","description":"Kup marihuan\u0119 Purple Wreck online- Purple Wreck to hybryda z dominacj\u0105 indici, kt\u00f3ra mo\u017ce zaimponowa\u0107 nawet do\u015bwiadczonym konsumentom marihuany.","robots":{"index":"index","follow":"follow","max-snippet":"max-snippet:-1","max-image-preview":"max-image-preview:large","max-video-preview":"max-video-preview:-1"},"canonical":"https:\/\/medicinasinc.com\/pl\/product\/kup-fioletowy-wrak-marihuany\/","og_locale":"en_US","og_type":"article","og_title":"Kup Purple Wreck Marihuana - Najlepsze Najlepsze Medycyny na \u015awiecie","og_description":"Kup marihuan\u0119 Purple Wreck online- Purple Wreck to hybryda z dominacj\u0105 indici, kt\u00f3ra mo\u017ce zaimponowa\u0107 nawet do\u015bwiadczonym konsumentom marihuany.","og_url":"https:\/\/medicinasinc.com\/pl\/product\/kup-fioletowy-wrak-marihuany\/","og_site_name":"Medicinas Inc","article_modified_time":"2022-03-22T01:06:25+00:00","og_image":[{"width":1245,"height":1024,"url":"https:\/\/medicinasinc.com\/pl\/wp-content\/uploads\/sites\/13\/2022\/02\/Buy-Purple-Wreck-Marijuana-1.jpg","type":"image\/jpeg"}],"twitter_card":"summary_large_image","twitter_misc":{"Est. reading time":"2 minutes"},"schema":{"@context":"https:\/\/schema.org","@graph":[{"@type":"WebPage","@id":"https:\/\/medicinasinc.com\/pl\/product\/kup-fioletowy-wrak-marihuany\/","url":"https:\/\/medicinasinc.com\/pl\/product\/kup-fioletowy-wrak-marihuany\/","name":"Kup Purple Wreck Marihuana - Najlepsze Najlepsze Medycyny na \u015awiecie","isPartOf":{"@id":"https:\/\/medicinasinc.com\/pl\/#website"},"primaryImageOfPage":{"@id":"https:\/\/medicinasinc.com\/pl\/product\/kup-fioletowy-wrak-marihuany\/#primaryimage"},"image":{"@id":"https:\/\/medicinasinc.com\/pl\/product\/kup-fioletowy-wrak-marihuany\/#primaryimage"},"thumbnailUrl":"https:\/\/medicinasinc.com\/pl\/wp-content\/uploads\/sites\/13\/2022\/02\/Buy-Purple-Wreck-Marijuana-1.jpg","datePublished":"2022-02-20T19:31:39+00:00","dateModified":"2022-03-22T01:06:25+00:00","description":"Kup marihuan\u0119 Purple Wreck online- Purple Wreck to hybryda z dominacj\u0105 indici, kt\u00f3ra mo\u017ce zaimponowa\u0107 nawet do\u015bwiadczonym konsumentom marihuany.","breadcrumb":{"@id":"https:\/\/medicinasinc.com\/pl\/product\/kup-fioletowy-wrak-marihuany\/#breadcrumb"},"inLanguage":"en-US","potentialAction":[{"@type":"ReadAction","target":["https:\/\/medicinasinc.com\/pl\/product\/kup-fioletowy-wrak-marihuany\/"]}]},{"@type":"ImageObject","inLanguage":"en-US","@id":"https:\/\/medicinasinc.com\/pl\/product\/kup-fioletowy-wrak-marihuany\/#primaryimage","url":"https:\/\/medicinasinc.com\/pl\/wp-content\/uploads\/sites\/13\/2022\/02\/Buy-Purple-Wreck-Marijuana-1.jpg","contentUrl":"https:\/\/medicinasinc.com\/pl\/wp-content\/uploads\/sites\/13\/2022\/02\/Buy-Purple-Wreck-Marijuana-1.jpg","width":1245,"height":1024},{"@type":"BreadcrumbList","@id":"https:\/\/medicinasinc.com\/pl\/product\/kup-fioletowy-wrak-marihuany\/#breadcrumb","itemListElement":[{"@type":"ListItem","position":1,"name":"Sklep","item":"https:\/\/medicinasinc.com\/pl\/sklep\/"},{"@type":"ListItem","position":2,"name":"Kup fioletow\u0105 marihuan\u0119 wrakow\u0105"}]},{"@type":"WebSite","@id":"https:\/\/medicinasinc.com\/pl\/#website","url":"https:\/\/medicinasinc.com\/pl\/","name":"Medicinas Inc","description":"Health Medical Clinic","potentialAction":[{"@type":"SearchAction","target":{"@type":"EntryPoint","urlTemplate":"https:\/\/medicinasinc.com\/pl\/?s={search_term_string}"},"query-input":{"@type":"PropertyValueSpecification","valueRequired":true,"valueName":"search_term_string"}}],"inLanguage":"en-US"}]}},"_links":{"self":[{"href":"https:\/\/medicinasinc.com\/pl\/wp-json\/wp\/v2\/product\/5044","targetHints":{"allow":["GET"]}}],"collection":[{"href":"https:\/\/medicinasinc.com\/pl\/wp-json\/wp\/v2\/product"}],"about":[{"href":"https:\/\/medicinasinc.com\/pl\/wp-json\/wp\/v2\/types\/product"}],"replies":[{"embeddable":true,"href":"https:\/\/medicinasinc.com\/pl\/wp-json\/wp\/v2\/comments?post=5044"}],"wp:featuredmedia":[{"embeddable":true,"href":"https:\/\/medicinasinc.com\/pl\/wp-json\/wp\/v2\/media\/5061"}],"wp:attachment":[{"href":"https:\/\/medicinasinc.com\/pl\/wp-json\/wp\/v2\/media?parent=5044"}],"wp:term":[{"taxonomy":"product_brand","embeddable":true,"href":"https:\/\/medicinasinc.com\/pl\/wp-json\/wp\/v2\/product_brand?post=5044"},{"taxonomy":"product_cat","embeddable":true,"href":"https:\/\/medicinasinc.com\/pl\/wp-json\/wp\/v2\/product_cat?post=5044"},{"taxonomy":"product_tag","embeddable":true,"href":"https:\/\/medicinasinc.com\/pl\/wp-json\/wp\/v2\/product_tag?post=5044"}],"curies":[{"name":"wp","href":"https:\/\/api.w.org\/{rel}","templated":true}]}}