{"id":5037,"date":"2022-02-20T19:24:52","date_gmt":"2022-02-20T19:24:52","guid":{"rendered":"https:\/\/medicinasinc.com\/pl\/?post_type=product&#038;p=5037"},"modified":"2022-03-22T01:06:33","modified_gmt":"2022-03-22T01:06:33","slug":"kup-nirwane-specjalna-konopie","status":"publish","type":"product","link":"https:\/\/medicinasinc.com\/pl\/product\/kup-nirwane-specjalna-konopie\/","title":{"rendered":"Kup specjalne konopie Nirvana"},"content":{"rendered":"<p>Nirvana Special to wyj\u0105tkowy szczep hybrydowy z dominacj\u0105 sativy (75% sativa\/25% indica) wyprodukowany przez zmieszanie kultowych szczep\u00f3w Jock Horror i Oaxacan Sativa. Ten spokojny p\u0105czek wygra\u0142 Puchar HighLife 2008 w Amsterdamie, zabieraj\u0105c do domu z\u0142oty medal w kategorii Best Bio. Ze swoj\u0105 pot\u0119\u017cn\u0105, funkcjonaln\u0105, ale kreatywn\u0105 wysok\u0105 i osza\u0142amiaj\u0105c\u0105 \u015bredni\u0105 zawarto\u015bci\u0105 THC na poziomie 26-27 procent, nic dziwnego, \u017ce Nirvana Special jest tak popularn\u0105 odmian\u0105! Specjalny haj Nirvany zaczyna si\u0119 od wybuchu podwy\u017cszonej energii, kt\u00f3ry sprawia, \u017ce \u200b\u200bczujesz si\u0119 weso\u0142y i zmotywowany. Poczujesz si\u0119 o\u017cywiony i niezwykle kreatywny, co czyni go doskona\u0142ym do wszelkich zada\u0144 umys\u0142owych pod r\u0119k\u0105 lub po prostu do wyj\u015bcia na zewn\u0105trz. Te efekty, wraz z wysok\u0105 zawarto\u015bci\u0105 THC, sprawiaj\u0105, \u017ce Nirvana Special jest idealna do leczenia chronicznego zm\u0119czenia, depresji, przewlek\u0142ego stresu, bezsenno\u015bci i utraty apetytu. Ten p\u0105czek ma s\u0142odki i owocowy smak skunky z do\u015b\u0107 kwa\u015bnym wydechem. Aromat jest nieco skunkowy i aromatyczny, z mocno kwa\u015bno-owocowym wyd\u017awi\u0119kiem. P\u0105ki Nirvana Special to puszyste, mi\u0119towo-zielone p\u0105ki w kszta\u0142cie popcornu pokryte jasnymi, piaskowymi, kryszta\u0142owymi w\u0142oskami.<\/p>\n<p>Sativa Dominant Hybrid \u2013 75% Sativa \/ 25% Indica<\/p>\n<p>THC: 26-27% <\/p>\n<p>Powszechne zastosowanie: depresja, zm\u0119czenie, bezsenno\u015b\u0107, utrata apetytu, stres<\/p>\n<p>Skutki: kreatywne, energetyzuj\u0105ce, radosne, motywacja, podnosz\u0105ce na duchu<\/p>\n","protected":false},"excerpt":{"rendered":"<p>Specjalny szczep konopi Nirvana USA. Jest to rzadka dominuj\u0105ca hybryda (75% sativa\/25% indica).<em>Kup Nirvana Special Cannabis<\/em>\u00a0Szczep.<\/p>\n","protected":false},"featured_media":5054,"comment_status":"open","ping_status":"closed","template":"","meta":[],"product_brand":[],"product_cat":[778],"product_tag":[],"class_list":{"0":"post-5037","1":"product","2":"type-product","3":"status-publish","4":"has-post-thumbnail","6":"product_cat-chwast-na-sprzeda","8":"first","9":"instock","10":"shipping-taxable","11":"purchasable","12":"product-type-variable","13":"has-default-attributes"},"yoast_head":"<!-- This site is optimized with the Yoast SEO plugin v27.3 - https:\/\/yoast.com\/product\/yoast-seo-wordpress\/ -->\n<title>Kup specjalne konopie indyjskie Nirvana - najlepsze najlepsze leki na \u015bwiecie<\/title>\n<meta name=\"description\" content=\"Nirvana Special Cannabis Szczep USA. Jest to rzadka dominuj\u0105ca hybryda (75% sativa\/25% indica). Kup szczep Nirvana Special Cannabis.\" \/>\n<meta name=\"robots\" content=\"index, follow, max-snippet:-1, max-image-preview:large, max-video-preview:-1\" \/>\n<link rel=\"canonical\" href=\"https:\/\/medicinasinc.com\/pl\/product\/kup-nirwane-specjalna-konopie\/\" \/>\n<meta property=\"og:locale\" content=\"en_US\" \/>\n<meta property=\"og:type\" content=\"article\" \/>\n<meta property=\"og:title\" content=\"Kup specjalne konopie indyjskie Nirvana - najlepsze najlepsze leki na \u015bwiecie\" \/>\n<meta property=\"og:description\" content=\"Nirvana Special Cannabis Szczep USA. Jest to rzadka dominuj\u0105ca hybryda (75% sativa\/25% indica). Kup szczep Nirvana Special Cannabis.\" \/>\n<meta property=\"og:url\" content=\"https:\/\/medicinasinc.com\/pl\/product\/kup-nirwane-specjalna-konopie\/\" \/>\n<meta property=\"og:site_name\" content=\"Medicinas Inc\" \/>\n<meta property=\"article:modified_time\" content=\"2022-03-22T01:06:33+00:00\" \/>\n<meta property=\"og:image\" content=\"https:\/\/medicinasinc.com\/pl\/wp-content\/uploads\/sites\/13\/2022\/02\/Buy-Nirvana-Special-Cannabis.jpg\" \/>\n\t<meta property=\"og:image:width\" content=\"1920\" \/>\n\t<meta property=\"og:image:height\" content=\"1920\" \/>\n\t<meta property=\"og:image:type\" content=\"image\/jpeg\" \/>\n<meta name=\"twitter:card\" content=\"summary_large_image\" \/>\n<meta name=\"twitter:label1\" content=\"Est. reading time\" \/>\n\t<meta name=\"twitter:data1\" content=\"1 minute\" \/>\n<script type=\"application\/ld+json\" class=\"yoast-schema-graph\">{\"@context\":\"https:\\\/\\\/schema.org\",\"@graph\":[{\"@type\":\"WebPage\",\"@id\":\"https:\\\/\\\/medicinasinc.com\\\/pl\\\/product\\\/kup-nirwane-specjalna-konopie\\\/\",\"url\":\"https:\\\/\\\/medicinasinc.com\\\/pl\\\/product\\\/kup-nirwane-specjalna-konopie\\\/\",\"name\":\"Kup specjalne konopie indyjskie Nirvana - najlepsze najlepsze leki na \u015bwiecie\",\"isPartOf\":{\"@id\":\"https:\\\/\\\/medicinasinc.com\\\/pl\\\/#website\"},\"primaryImageOfPage\":{\"@id\":\"https:\\\/\\\/medicinasinc.com\\\/pl\\\/product\\\/kup-nirwane-specjalna-konopie\\\/#primaryimage\"},\"image\":{\"@id\":\"https:\\\/\\\/medicinasinc.com\\\/pl\\\/product\\\/kup-nirwane-specjalna-konopie\\\/#primaryimage\"},\"thumbnailUrl\":\"https:\\\/\\\/medicinasinc.com\\\/pl\\\/wp-content\\\/uploads\\\/sites\\\/13\\\/2022\\\/02\\\/Buy-Nirvana-Special-Cannabis.jpg\",\"datePublished\":\"2022-02-20T19:24:52+00:00\",\"dateModified\":\"2022-03-22T01:06:33+00:00\",\"description\":\"Nirvana Special Cannabis Szczep USA. Jest to rzadka dominuj\u0105ca hybryda (75% sativa\\\/25% indica). Kup szczep Nirvana Special Cannabis.\",\"breadcrumb\":{\"@id\":\"https:\\\/\\\/medicinasinc.com\\\/pl\\\/product\\\/kup-nirwane-specjalna-konopie\\\/#breadcrumb\"},\"inLanguage\":\"en-US\",\"potentialAction\":[{\"@type\":\"ReadAction\",\"target\":[\"https:\\\/\\\/medicinasinc.com\\\/pl\\\/product\\\/kup-nirwane-specjalna-konopie\\\/\"]}]},{\"@type\":\"ImageObject\",\"inLanguage\":\"en-US\",\"@id\":\"https:\\\/\\\/medicinasinc.com\\\/pl\\\/product\\\/kup-nirwane-specjalna-konopie\\\/#primaryimage\",\"url\":\"https:\\\/\\\/medicinasinc.com\\\/pl\\\/wp-content\\\/uploads\\\/sites\\\/13\\\/2022\\\/02\\\/Buy-Nirvana-Special-Cannabis.jpg\",\"contentUrl\":\"https:\\\/\\\/medicinasinc.com\\\/pl\\\/wp-content\\\/uploads\\\/sites\\\/13\\\/2022\\\/02\\\/Buy-Nirvana-Special-Cannabis.jpg\",\"width\":1920,\"height\":1920},{\"@type\":\"BreadcrumbList\",\"@id\":\"https:\\\/\\\/medicinasinc.com\\\/pl\\\/product\\\/kup-nirwane-specjalna-konopie\\\/#breadcrumb\",\"itemListElement\":[{\"@type\":\"ListItem\",\"position\":1,\"name\":\"Sklep\",\"item\":\"https:\\\/\\\/medicinasinc.com\\\/pl\\\/sklep\\\/\"},{\"@type\":\"ListItem\",\"position\":2,\"name\":\"Kup specjalne konopie Nirvana\"}]},{\"@type\":\"WebSite\",\"@id\":\"https:\\\/\\\/medicinasinc.com\\\/pl\\\/#website\",\"url\":\"https:\\\/\\\/medicinasinc.com\\\/pl\\\/\",\"name\":\"Medicinas Inc\",\"description\":\"Health Medical Clinic\",\"potentialAction\":[{\"@type\":\"SearchAction\",\"target\":{\"@type\":\"EntryPoint\",\"urlTemplate\":\"https:\\\/\\\/medicinasinc.com\\\/pl\\\/?s={search_term_string}\"},\"query-input\":{\"@type\":\"PropertyValueSpecification\",\"valueRequired\":true,\"valueName\":\"search_term_string\"}}],\"inLanguage\":\"en-US\"}]}<\/script>\n<!-- \/ Yoast SEO plugin. -->","yoast_head_json":{"title":"Kup specjalne konopie indyjskie Nirvana - najlepsze najlepsze leki na \u015bwiecie","description":"Nirvana Special Cannabis Szczep USA. Jest to rzadka dominuj\u0105ca hybryda (75% sativa\/25% indica). Kup szczep Nirvana Special Cannabis.","robots":{"index":"index","follow":"follow","max-snippet":"max-snippet:-1","max-image-preview":"max-image-preview:large","max-video-preview":"max-video-preview:-1"},"canonical":"https:\/\/medicinasinc.com\/pl\/product\/kup-nirwane-specjalna-konopie\/","og_locale":"en_US","og_type":"article","og_title":"Kup specjalne konopie indyjskie Nirvana - najlepsze najlepsze leki na \u015bwiecie","og_description":"Nirvana Special Cannabis Szczep USA. Jest to rzadka dominuj\u0105ca hybryda (75% sativa\/25% indica). Kup szczep Nirvana Special Cannabis.","og_url":"https:\/\/medicinasinc.com\/pl\/product\/kup-nirwane-specjalna-konopie\/","og_site_name":"Medicinas Inc","article_modified_time":"2022-03-22T01:06:33+00:00","og_image":[{"width":1920,"height":1920,"url":"https:\/\/medicinasinc.com\/pl\/wp-content\/uploads\/sites\/13\/2022\/02\/Buy-Nirvana-Special-Cannabis.jpg","type":"image\/jpeg"}],"twitter_card":"summary_large_image","twitter_misc":{"Est. reading time":"1 minute"},"schema":{"@context":"https:\/\/schema.org","@graph":[{"@type":"WebPage","@id":"https:\/\/medicinasinc.com\/pl\/product\/kup-nirwane-specjalna-konopie\/","url":"https:\/\/medicinasinc.com\/pl\/product\/kup-nirwane-specjalna-konopie\/","name":"Kup specjalne konopie indyjskie Nirvana - najlepsze najlepsze leki na \u015bwiecie","isPartOf":{"@id":"https:\/\/medicinasinc.com\/pl\/#website"},"primaryImageOfPage":{"@id":"https:\/\/medicinasinc.com\/pl\/product\/kup-nirwane-specjalna-konopie\/#primaryimage"},"image":{"@id":"https:\/\/medicinasinc.com\/pl\/product\/kup-nirwane-specjalna-konopie\/#primaryimage"},"thumbnailUrl":"https:\/\/medicinasinc.com\/pl\/wp-content\/uploads\/sites\/13\/2022\/02\/Buy-Nirvana-Special-Cannabis.jpg","datePublished":"2022-02-20T19:24:52+00:00","dateModified":"2022-03-22T01:06:33+00:00","description":"Nirvana Special Cannabis Szczep USA. Jest to rzadka dominuj\u0105ca hybryda (75% sativa\/25% indica). Kup szczep Nirvana Special Cannabis.","breadcrumb":{"@id":"https:\/\/medicinasinc.com\/pl\/product\/kup-nirwane-specjalna-konopie\/#breadcrumb"},"inLanguage":"en-US","potentialAction":[{"@type":"ReadAction","target":["https:\/\/medicinasinc.com\/pl\/product\/kup-nirwane-specjalna-konopie\/"]}]},{"@type":"ImageObject","inLanguage":"en-US","@id":"https:\/\/medicinasinc.com\/pl\/product\/kup-nirwane-specjalna-konopie\/#primaryimage","url":"https:\/\/medicinasinc.com\/pl\/wp-content\/uploads\/sites\/13\/2022\/02\/Buy-Nirvana-Special-Cannabis.jpg","contentUrl":"https:\/\/medicinasinc.com\/pl\/wp-content\/uploads\/sites\/13\/2022\/02\/Buy-Nirvana-Special-Cannabis.jpg","width":1920,"height":1920},{"@type":"BreadcrumbList","@id":"https:\/\/medicinasinc.com\/pl\/product\/kup-nirwane-specjalna-konopie\/#breadcrumb","itemListElement":[{"@type":"ListItem","position":1,"name":"Sklep","item":"https:\/\/medicinasinc.com\/pl\/sklep\/"},{"@type":"ListItem","position":2,"name":"Kup specjalne konopie Nirvana"}]},{"@type":"WebSite","@id":"https:\/\/medicinasinc.com\/pl\/#website","url":"https:\/\/medicinasinc.com\/pl\/","name":"Medicinas Inc","description":"Health Medical Clinic","potentialAction":[{"@type":"SearchAction","target":{"@type":"EntryPoint","urlTemplate":"https:\/\/medicinasinc.com\/pl\/?s={search_term_string}"},"query-input":{"@type":"PropertyValueSpecification","valueRequired":true,"valueName":"search_term_string"}}],"inLanguage":"en-US"}]}},"_links":{"self":[{"href":"https:\/\/medicinasinc.com\/pl\/wp-json\/wp\/v2\/product\/5037","targetHints":{"allow":["GET"]}}],"collection":[{"href":"https:\/\/medicinasinc.com\/pl\/wp-json\/wp\/v2\/product"}],"about":[{"href":"https:\/\/medicinasinc.com\/pl\/wp-json\/wp\/v2\/types\/product"}],"replies":[{"embeddable":true,"href":"https:\/\/medicinasinc.com\/pl\/wp-json\/wp\/v2\/comments?post=5037"}],"wp:featuredmedia":[{"embeddable":true,"href":"https:\/\/medicinasinc.com\/pl\/wp-json\/wp\/v2\/media\/5054"}],"wp:attachment":[{"href":"https:\/\/medicinasinc.com\/pl\/wp-json\/wp\/v2\/media?parent=5037"}],"wp:term":[{"taxonomy":"product_brand","embeddable":true,"href":"https:\/\/medicinasinc.com\/pl\/wp-json\/wp\/v2\/product_brand?post=5037"},{"taxonomy":"product_cat","embeddable":true,"href":"https:\/\/medicinasinc.com\/pl\/wp-json\/wp\/v2\/product_cat?post=5037"},{"taxonomy":"product_tag","embeddable":true,"href":"https:\/\/medicinasinc.com\/pl\/wp-json\/wp\/v2\/product_tag?post=5037"}],"curies":[{"name":"wp","href":"https:\/\/api.w.org\/{rel}","templated":true}]}}