{"id":5020,"date":"2022-02-20T19:11:16","date_gmt":"2022-02-20T19:11:16","guid":{"rendered":"https:\/\/medicinasinc.com\/pl\/?post_type=product&#038;p=5020"},"modified":"2022-03-22T01:06:42","modified_gmt":"2022-03-22T01:06:42","slug":"kup-matke-smokow-marihuane","status":"publish","type":"product","link":"https:\/\/medicinasinc.com\/pl\/product\/kup-matke-smokow-marihuane\/","title":{"rendered":"Kup marihuan\u0119 Mother of Dragons"},"content":{"rendered":"<p>Zakup Marihuany Mother of Dragons<\/p>\n<p>Mother of Dragons to bardzo rzadka, r\u00f3wnomiernie zbilansowana hybryda (50% Indica\/50% Sativa) o nieznanym pochodzeniu ze wzgl\u0119du na tajemnic\u0119 hodowcy i og\u00f3lny brak wiedzy na temat jej pochodzenie. Nazwany na cze\u015b\u0107 s\u0142ynnej Daenerys Targaryen z Game of Thrones, ten rzadki szczep ma ognisty smak, kt\u00f3ry rozpali Twoje kubki smakowe. Aromat to zapa\u0142ka wykonana w niebie, z ci\u0119\u017ckim i ostrym kushy skunkowym wyd\u017awi\u0119kiem i mocno pikantnym trawiastym uderzeniem uwalnianym podczas spalania p\u0119czk\u00f3w. Ju\u017c po kilku uderzeniach, odurzenie Mother of Dragons sprawi, \u017ce poczujesz si\u0119 podniesiony, a twoje my\u015bli b\u0119d\u0105 szybowa\u0107 w g\u00f3r\u0119 przez wiele godzin. Zaczyna si\u0119 od wp\u0142ywu m\u00f3zgowego, kt\u00f3ry przenosi tw\u00f3j umys\u0142 do stanu doskona\u0142ej ekstazy, a ducha do stanu czystego zadowolenia. Podczas gdy tw\u00f3j umys\u0142 i duch lataj\u0105 po niebie, twoje cia\u0142o odczuje \u0142agodny poziom relaksu, kt\u00f3ry mo\u017ce pozostawi\u0107 uczucie senno\u015bci. Wiadomo, \u017ce ten nastr\u00f3j powoduje niepok\u00f3j u niekt\u00f3rych os\u00f3b, wi\u0119c unikaj go, je\u015bli masz na niego sk\u0142onno\u015b\u0107. Mother of Dragons jest idealn\u0105 alternatyw\u0105 dla os\u00f3b cierpi\u0105cych na chroniczny stres, smutek, wahania nastroju i chroniczny b\u00f3l, poniewa\u017c te efekty oraz wysoka \u015brednia zawarto\u015b\u0107 THC wynosz\u0105ca 23-28%. Ten p\u0105czek sk\u0142ada si\u0119 z le\u015bnych, zielonych p\u0105k\u00f3w w kszta\u0142cie winogron pokrytych w\u0142ochatymi bursztynowymi w\u0142oskami i w\u0142oskami z ol\u015bniewaj\u0105cych bursztynowych kryszta\u0142\u00f3w.<\/p>\n<p>Kup marihuan\u0119 Mother of Dragons ju\u017c teraz z internetowego apteki marihuany Tegridy Farms<\/p>\n","protected":false},"excerpt":{"rendered":"<div class=\"woocommerce-product-details__short-description\">\n<p>Kup marihuan\u0119 Mother of Dragons tanio przez Internet. Marihuana Mother of Dragons jest hybryd\u0105 \u2013 50% Sativa \/50% Indica THC: 23% \u2013 28%<\/p>\n<div class=\"woocommerce-product-details__short-description\">\n<p><strong>Rozmiar p\u0105ka<\/strong>: Ma\u0142e \u2013 \u015brednie<br \/> <strong>Rodzaj szczepu<\/strong>: 40% Indica 60% Sativa<br \/> <strong>Tekstura<\/strong>: Normalna \u2013 Lepka<br \/> <strong>Smak<\/strong>: Zio\u0142owe | S\u0142odkie<br \/> <strong>Stosowanie medyczne<\/strong>: Niepok\u00f3j | Przewlek\u0142y b\u00f3l | Depresja | Napr\u0119\u017cenie<br \/> <strong>Zawarto\u015b\u0107 THC<\/strong>: 26% Najwy\u017cszy test\u00a0<strong>CBD<\/strong>: &gt;1%<\/p>\n<\/p><\/div>\n<p class=\"brak zapas\u00f3w zapasy\"> <\/div>\n","protected":false},"featured_media":5038,"comment_status":"open","ping_status":"closed","template":"","meta":[],"product_brand":[],"product_cat":[778],"product_tag":[960,961,962,963,964,966,969,970,972,973,974,975,976,977,480,987,985,986,978,965,455,461,967,968,615,971,980,981,982,983,984,979],"class_list":{"0":"post-5020","1":"product","2":"type-product","3":"status-publish","4":"has-post-thumbnail","6":"product_cat-chwast-na-sprzeda","7":"product_tag-best-place-to-buy-marijuana-seeds-online","8":"product_tag-buy-actavis-syrup","9":"product_tag-buy-cough-syrup-with-codeine","10":"product_tag-buy-illegal-marijuana-online","11":"product_tag-buy-lean-codeine-online","12":"product_tag-buy-marijuana-online-canada","13":"product_tag-buy-marijuana-seeds-online-usa","14":"product_tag-buy-nirvana-special-marijuana-strain-online","15":"product_tag-buy-real-marijuana-online","16":"product_tag-buy-safe-medical-marijuana-online","17":"product_tag-buy-synthetic-marijuana-online","18":"product_tag-can-you-buy","19":"product_tag-can-you-buy-marijuana-online","20":"product_tag-can-you-buy-marijuana-seeds-online","21":"product_tag-gdzie-kupi-marihuan-online","22":"product_tag-gdzie-kupi-olej-cbd-blisko-mnie","23":"product_tag-gdzie-mog-kupi-marihuan-online","24":"product_tag-gdzie-mog-kupi-nasiona-marihuany-online","25":"product_tag-how-to-buy-marijuana-online","26":"product_tag-kup-marihuan","27":"product_tag-kup-marihuan-online","28":"product_tag-kup-medyczn-marihuan-online","29":"product_tag-kup-nasiona-marihuany-online","30":"product_tag-kup-nasiona-marihuany-online-kanada","31":"product_tag-kup-konopi-olej-online","32":"product_tag-kup-online-actavis-syrop-na-kaszel","33":"product_tag-marijuana-online-buy-cannabis","34":"product_tag-medical-marijuana-online","35":"product_tag-online-legally","36":"product_tag-order-codeine-cough-syrup-online","37":"product_tag-promethazine-codeine-syrup-for-sale","38":"product_tag-olejki-marihuany-do-vapingu-na-sprzeda","40":"first","41":"instock","42":"shipping-taxable","43":"purchasable","44":"product-type-variable","45":"has-default-attributes"},"yoast_head":"<!-- This site is optimized with the Yoast SEO plugin v27.3 - https:\/\/yoast.com\/product\/yoast-seo-wordpress\/ -->\n<title>Kup marihuan\u0119 Mother of Dragons \u2014 najlepsze leki na \u015bwiecie<\/title>\n<meta name=\"description\" content=\"Kup marihuan\u0119 Mother of Dragons tanio przez Internet. Marihuana Matki Smok\u00f3w to Hybryda \u2013 50% Sativa \/50% Indica THC: 23% \u2013 28%\" \/>\n<meta name=\"robots\" content=\"index, follow, max-snippet:-1, max-image-preview:large, max-video-preview:-1\" \/>\n<link rel=\"canonical\" href=\"https:\/\/medicinasinc.com\/pl\/product\/kup-matke-smokow-marihuane\/\" \/>\n<meta property=\"og:locale\" content=\"en_US\" \/>\n<meta property=\"og:type\" content=\"article\" \/>\n<meta property=\"og:title\" content=\"Kup marihuan\u0119 Mother of Dragons \u2014 najlepsze leki na \u015bwiecie\" \/>\n<meta property=\"og:description\" content=\"Kup marihuan\u0119 Mother of Dragons tanio przez Internet. Marihuana Matki Smok\u00f3w to Hybryda \u2013 50% Sativa \/50% Indica THC: 23% \u2013 28%\" \/>\n<meta property=\"og:url\" content=\"https:\/\/medicinasinc.com\/pl\/product\/kup-matke-smokow-marihuane\/\" \/>\n<meta property=\"og:site_name\" content=\"Medicinas Inc\" \/>\n<meta property=\"article:modified_time\" content=\"2022-03-22T01:06:42+00:00\" \/>\n<meta property=\"og:image\" content=\"https:\/\/medicinasinc.com\/pl\/wp-content\/uploads\/sites\/13\/2022\/02\/Buy-Mother-of-Dragons-Marijuana.jpg\" \/>\n\t<meta property=\"og:image:width\" content=\"1000\" \/>\n\t<meta property=\"og:image:height\" content=\"1000\" \/>\n\t<meta property=\"og:image:type\" content=\"image\/jpeg\" \/>\n<meta name=\"twitter:card\" content=\"summary_large_image\" \/>\n<meta name=\"twitter:label1\" content=\"Est. reading time\" \/>\n\t<meta name=\"twitter:data1\" content=\"2 minutes\" \/>\n<script type=\"application\/ld+json\" class=\"yoast-schema-graph\">{\"@context\":\"https:\\\/\\\/schema.org\",\"@graph\":[{\"@type\":\"WebPage\",\"@id\":\"https:\\\/\\\/medicinasinc.com\\\/pl\\\/product\\\/kup-matke-smokow-marihuane\\\/\",\"url\":\"https:\\\/\\\/medicinasinc.com\\\/pl\\\/product\\\/kup-matke-smokow-marihuane\\\/\",\"name\":\"Kup marihuan\u0119 Mother of Dragons \u2014 najlepsze leki na \u015bwiecie\",\"isPartOf\":{\"@id\":\"https:\\\/\\\/medicinasinc.com\\\/pl\\\/#website\"},\"primaryImageOfPage\":{\"@id\":\"https:\\\/\\\/medicinasinc.com\\\/pl\\\/product\\\/kup-matke-smokow-marihuane\\\/#primaryimage\"},\"image\":{\"@id\":\"https:\\\/\\\/medicinasinc.com\\\/pl\\\/product\\\/kup-matke-smokow-marihuane\\\/#primaryimage\"},\"thumbnailUrl\":\"https:\\\/\\\/medicinasinc.com\\\/pl\\\/wp-content\\\/uploads\\\/sites\\\/13\\\/2022\\\/02\\\/Buy-Mother-of-Dragons-Marijuana.jpg\",\"datePublished\":\"2022-02-20T19:11:16+00:00\",\"dateModified\":\"2022-03-22T01:06:42+00:00\",\"description\":\"Kup marihuan\u0119 Mother of Dragons tanio przez Internet. Marihuana Matki Smok\u00f3w to Hybryda \u2013 50% Sativa \\\/50% Indica THC: 23% \u2013 28%\",\"breadcrumb\":{\"@id\":\"https:\\\/\\\/medicinasinc.com\\\/pl\\\/product\\\/kup-matke-smokow-marihuane\\\/#breadcrumb\"},\"inLanguage\":\"en-US\",\"potentialAction\":[{\"@type\":\"ReadAction\",\"target\":[\"https:\\\/\\\/medicinasinc.com\\\/pl\\\/product\\\/kup-matke-smokow-marihuane\\\/\"]}]},{\"@type\":\"ImageObject\",\"inLanguage\":\"en-US\",\"@id\":\"https:\\\/\\\/medicinasinc.com\\\/pl\\\/product\\\/kup-matke-smokow-marihuane\\\/#primaryimage\",\"url\":\"https:\\\/\\\/medicinasinc.com\\\/pl\\\/wp-content\\\/uploads\\\/sites\\\/13\\\/2022\\\/02\\\/Buy-Mother-of-Dragons-Marijuana.jpg\",\"contentUrl\":\"https:\\\/\\\/medicinasinc.com\\\/pl\\\/wp-content\\\/uploads\\\/sites\\\/13\\\/2022\\\/02\\\/Buy-Mother-of-Dragons-Marijuana.jpg\",\"width\":1000,\"height\":1000},{\"@type\":\"BreadcrumbList\",\"@id\":\"https:\\\/\\\/medicinasinc.com\\\/pl\\\/product\\\/kup-matke-smokow-marihuane\\\/#breadcrumb\",\"itemListElement\":[{\"@type\":\"ListItem\",\"position\":1,\"name\":\"Sklep\",\"item\":\"https:\\\/\\\/medicinasinc.com\\\/pl\\\/sklep\\\/\"},{\"@type\":\"ListItem\",\"position\":2,\"name\":\"Kup marihuan\u0119 Mother of Dragons\"}]},{\"@type\":\"WebSite\",\"@id\":\"https:\\\/\\\/medicinasinc.com\\\/pl\\\/#website\",\"url\":\"https:\\\/\\\/medicinasinc.com\\\/pl\\\/\",\"name\":\"Medicinas Inc\",\"description\":\"Health Medical Clinic\",\"potentialAction\":[{\"@type\":\"SearchAction\",\"target\":{\"@type\":\"EntryPoint\",\"urlTemplate\":\"https:\\\/\\\/medicinasinc.com\\\/pl\\\/?s={search_term_string}\"},\"query-input\":{\"@type\":\"PropertyValueSpecification\",\"valueRequired\":true,\"valueName\":\"search_term_string\"}}],\"inLanguage\":\"en-US\"}]}<\/script>\n<!-- \/ Yoast SEO plugin. -->","yoast_head_json":{"title":"Kup marihuan\u0119 Mother of Dragons \u2014 najlepsze leki na \u015bwiecie","description":"Kup marihuan\u0119 Mother of Dragons tanio przez Internet. Marihuana Matki Smok\u00f3w to Hybryda \u2013 50% Sativa \/50% Indica THC: 23% \u2013 28%","robots":{"index":"index","follow":"follow","max-snippet":"max-snippet:-1","max-image-preview":"max-image-preview:large","max-video-preview":"max-video-preview:-1"},"canonical":"https:\/\/medicinasinc.com\/pl\/product\/kup-matke-smokow-marihuane\/","og_locale":"en_US","og_type":"article","og_title":"Kup marihuan\u0119 Mother of Dragons \u2014 najlepsze leki na \u015bwiecie","og_description":"Kup marihuan\u0119 Mother of Dragons tanio przez Internet. Marihuana Matki Smok\u00f3w to Hybryda \u2013 50% Sativa \/50% Indica THC: 23% \u2013 28%","og_url":"https:\/\/medicinasinc.com\/pl\/product\/kup-matke-smokow-marihuane\/","og_site_name":"Medicinas Inc","article_modified_time":"2022-03-22T01:06:42+00:00","og_image":[{"width":1000,"height":1000,"url":"https:\/\/medicinasinc.com\/pl\/wp-content\/uploads\/sites\/13\/2022\/02\/Buy-Mother-of-Dragons-Marijuana.jpg","type":"image\/jpeg"}],"twitter_card":"summary_large_image","twitter_misc":{"Est. reading time":"2 minutes"},"schema":{"@context":"https:\/\/schema.org","@graph":[{"@type":"WebPage","@id":"https:\/\/medicinasinc.com\/pl\/product\/kup-matke-smokow-marihuane\/","url":"https:\/\/medicinasinc.com\/pl\/product\/kup-matke-smokow-marihuane\/","name":"Kup marihuan\u0119 Mother of Dragons \u2014 najlepsze leki na \u015bwiecie","isPartOf":{"@id":"https:\/\/medicinasinc.com\/pl\/#website"},"primaryImageOfPage":{"@id":"https:\/\/medicinasinc.com\/pl\/product\/kup-matke-smokow-marihuane\/#primaryimage"},"image":{"@id":"https:\/\/medicinasinc.com\/pl\/product\/kup-matke-smokow-marihuane\/#primaryimage"},"thumbnailUrl":"https:\/\/medicinasinc.com\/pl\/wp-content\/uploads\/sites\/13\/2022\/02\/Buy-Mother-of-Dragons-Marijuana.jpg","datePublished":"2022-02-20T19:11:16+00:00","dateModified":"2022-03-22T01:06:42+00:00","description":"Kup marihuan\u0119 Mother of Dragons tanio przez Internet. Marihuana Matki Smok\u00f3w to Hybryda \u2013 50% Sativa \/50% Indica THC: 23% \u2013 28%","breadcrumb":{"@id":"https:\/\/medicinasinc.com\/pl\/product\/kup-matke-smokow-marihuane\/#breadcrumb"},"inLanguage":"en-US","potentialAction":[{"@type":"ReadAction","target":["https:\/\/medicinasinc.com\/pl\/product\/kup-matke-smokow-marihuane\/"]}]},{"@type":"ImageObject","inLanguage":"en-US","@id":"https:\/\/medicinasinc.com\/pl\/product\/kup-matke-smokow-marihuane\/#primaryimage","url":"https:\/\/medicinasinc.com\/pl\/wp-content\/uploads\/sites\/13\/2022\/02\/Buy-Mother-of-Dragons-Marijuana.jpg","contentUrl":"https:\/\/medicinasinc.com\/pl\/wp-content\/uploads\/sites\/13\/2022\/02\/Buy-Mother-of-Dragons-Marijuana.jpg","width":1000,"height":1000},{"@type":"BreadcrumbList","@id":"https:\/\/medicinasinc.com\/pl\/product\/kup-matke-smokow-marihuane\/#breadcrumb","itemListElement":[{"@type":"ListItem","position":1,"name":"Sklep","item":"https:\/\/medicinasinc.com\/pl\/sklep\/"},{"@type":"ListItem","position":2,"name":"Kup marihuan\u0119 Mother of Dragons"}]},{"@type":"WebSite","@id":"https:\/\/medicinasinc.com\/pl\/#website","url":"https:\/\/medicinasinc.com\/pl\/","name":"Medicinas Inc","description":"Health Medical Clinic","potentialAction":[{"@type":"SearchAction","target":{"@type":"EntryPoint","urlTemplate":"https:\/\/medicinasinc.com\/pl\/?s={search_term_string}"},"query-input":{"@type":"PropertyValueSpecification","valueRequired":true,"valueName":"search_term_string"}}],"inLanguage":"en-US"}]}},"_links":{"self":[{"href":"https:\/\/medicinasinc.com\/pl\/wp-json\/wp\/v2\/product\/5020","targetHints":{"allow":["GET"]}}],"collection":[{"href":"https:\/\/medicinasinc.com\/pl\/wp-json\/wp\/v2\/product"}],"about":[{"href":"https:\/\/medicinasinc.com\/pl\/wp-json\/wp\/v2\/types\/product"}],"replies":[{"embeddable":true,"href":"https:\/\/medicinasinc.com\/pl\/wp-json\/wp\/v2\/comments?post=5020"}],"wp:featuredmedia":[{"embeddable":true,"href":"https:\/\/medicinasinc.com\/pl\/wp-json\/wp\/v2\/media\/5038"}],"wp:attachment":[{"href":"https:\/\/medicinasinc.com\/pl\/wp-json\/wp\/v2\/media?parent=5020"}],"wp:term":[{"taxonomy":"product_brand","embeddable":true,"href":"https:\/\/medicinasinc.com\/pl\/wp-json\/wp\/v2\/product_brand?post=5020"},{"taxonomy":"product_cat","embeddable":true,"href":"https:\/\/medicinasinc.com\/pl\/wp-json\/wp\/v2\/product_cat?post=5020"},{"taxonomy":"product_tag","embeddable":true,"href":"https:\/\/medicinasinc.com\/pl\/wp-json\/wp\/v2\/product_tag?post=5020"}],"curies":[{"name":"wp","href":"https:\/\/api.w.org\/{rel}","templated":true}]}}