{"id":5019,"date":"2022-02-20T19:10:26","date_gmt":"2022-02-20T19:10:26","guid":{"rendered":"https:\/\/medicinasinc.com\/pl\/?post_type=product&#038;p=5019"},"modified":"2022-03-22T01:06:54","modified_gmt":"2022-03-22T01:06:54","slug":"amnezja-mgielka","status":"publish","type":"product","link":"https:\/\/medicinasinc.com\/pl\/product\/amnezja-mgielka\/","title":{"rendered":"Amnesia Haze"},"content":{"rendered":"<p>Amnesia Haze Strain Kup online<\/p>\n<p>Amnesia Haze Strain Online to hybryda z dominacj\u0105 Sativa, stworzona przez skrzy\u017cowanie Haze z kilkoma r\u00f3\u017cnymi szczepami \u015bwiatowymi, w tym Thai, Hawaiian i Afghani. Stosunek sativa do indica wynosi oko\u0142o 80:20. THC jest do\u015b\u0107 wysokie, przekraczaj\u0105c 22% w niekt\u00f3rych testach, ale CBD jest znacznie s\u0142absze, osi\u0105gaj\u0105c nieco mniej ni\u017c 1%. Haj jest euforyczny i kreatywny, z psychoaktywnym podniesieniem nastroju i chichotem. Amnesia Haze ma owocowy, haszowy smak i s\u0142odki, ziemisty aromat ze \u015bladami ognistego pieprzu. Ga\u0142\u0105zki s\u0105 jasnozielone z ciemniejszymi br\u0105zowymi nitkami i powierzchni\u0105 pokryt\u0105 w\u0142oskami. Jest to doskona\u0142a alternatywa dla \u0142agodzenia l\u0119k\u00f3w i depresji, a tak\u017ce zm\u0119czenia, objaw\u00f3w ADHD, migrenowych b\u00f3l\u00f3w g\u0142owy, waha\u0144 nastroju i b\u00f3lu fizycznego.<\/p>\n<p>Kupuj online od Best Global Meds w przyst\u0119pnej cenie!<\/p>\n<p>W Best Global Meds oferujemy kwiaty marihuany Amnesia Haze w rozs\u0105dnej cenie. Amnesia haze to hybryda z przewag\u0105 Sativy, stworzona z dw\u00f3ch g\u0142\u00f3wnych odmian konopi, Sativa i Indica. Jest wykorzystywany do r\u00f3\u017cnych zastosowa\u0144 terapeutycznych i rekreacyjnych. Amnesia Haze to doskona\u0142a alternatywa dla skupienia si\u0119 na pracy w odleg\u0142ym miejscu. Z ziemistymi nutami cytryny i cytrus\u00f3w Amnesia Haze jest idealnym szczepem na rozpocz\u0119cie dnia z u\u015bmiechem.<\/p>\n<div class=\"product-next-previous\">\n<div class=\"product-prev\"><\/div><\/div>\n","protected":false},"excerpt":{"rendered":"<p>Amnesia Haze jest sprzedawana online w Wielkiej Brytanii i Europie, Amnesia Haze jest ulubion\u0105 mark\u0105 w Europie. Ta bardzo psychodeliczna Sativa jest najlepiej zarezerwowana dla do\u015bwiadczonych konsument\u00f3w.<\/p>\n<p>Amnesia Haze jest prawdopodobnie najpopularniejszym szczepem na \u015bwiecie.<\/p>\n<p>Amnesia Haze to niezwykle odurzaj\u0105cy i psychodeliczny szczep hybrydowy. <\/p>\n","protected":false},"featured_media":5036,"comment_status":"open","ping_status":"closed","template":"","meta":[],"product_brand":[],"product_cat":[778],"product_tag":[956,959,957,958],"class_list":{"0":"post-5019","1":"product","2":"type-product","3":"status-publish","4":"has-post-thumbnail","6":"product_cat-chwast-na-sprzeda","7":"product_tag-amnesia","8":"product_tag-gdzie-kupi-amnesia-haze-szczep-online","9":"product_tag-kup-amnesia-haze-online","10":"product_tag-marijuana","12":"first","13":"instock","14":"shipping-taxable","15":"purchasable","16":"product-type-variable","17":"has-default-attributes"},"yoast_head":"<!-- This site is optimized with the Yoast SEO plugin v27.3 - https:\/\/yoast.com\/product\/yoast-seo-wordpress\/ -->\n<title>Amnesia Haze - Amnesia Haze szczepy chwast\u00f3w - najlepsze \u015bwiatowe leki<\/title>\n<meta name=\"description\" content=\"Kup Amnesia Haze Na sprzeda\u017c w Wielkiej Brytanii, Europie online, Amnesia Haze jest ulubionym produktem w Europie. Ta intensywnie psychodeliczna odmiana to Sativa, kt\u00f3r\u0105 najlepiej pozostawi\u0107 do\u015bwiadczonym konsumentom.\" \/>\n<meta name=\"robots\" content=\"index, follow, max-snippet:-1, max-image-preview:large, max-video-preview:-1\" \/>\n<link rel=\"canonical\" href=\"https:\/\/medicinasinc.com\/pl\/product\/amnezja-mgielka\/\" \/>\n<meta property=\"og:locale\" content=\"en_US\" \/>\n<meta property=\"og:type\" content=\"article\" \/>\n<meta property=\"og:title\" content=\"Amnesia Haze - Amnesia Haze szczepy chwast\u00f3w - najlepsze \u015bwiatowe leki\" \/>\n<meta property=\"og:description\" content=\"Kup Amnesia Haze Na sprzeda\u017c w Wielkiej Brytanii, Europie online, Amnesia Haze jest ulubionym produktem w Europie. Ta intensywnie psychodeliczna odmiana to Sativa, kt\u00f3r\u0105 najlepiej pozostawi\u0107 do\u015bwiadczonym konsumentom.\" \/>\n<meta property=\"og:url\" content=\"https:\/\/medicinasinc.com\/pl\/product\/amnezja-mgielka\/\" \/>\n<meta property=\"og:site_name\" content=\"Medicinas Inc\" \/>\n<meta property=\"article:modified_time\" content=\"2022-03-22T01:06:54+00:00\" \/>\n<meta property=\"og:image\" content=\"https:\/\/medicinasinc.com\/pl\/wp-content\/uploads\/sites\/13\/2022\/02\/Buy-Amnesia-Haze.jpg\" \/>\n\t<meta property=\"og:image:width\" content=\"1159\" \/>\n\t<meta property=\"og:image:height\" content=\"1043\" \/>\n\t<meta property=\"og:image:type\" content=\"image\/jpeg\" \/>\n<meta name=\"twitter:card\" content=\"summary_large_image\" \/>\n<meta name=\"twitter:label1\" content=\"Est. reading time\" \/>\n\t<meta name=\"twitter:data1\" content=\"1 minute\" \/>\n<script type=\"application\/ld+json\" class=\"yoast-schema-graph\">{\"@context\":\"https:\\\/\\\/schema.org\",\"@graph\":[{\"@type\":\"WebPage\",\"@id\":\"https:\\\/\\\/medicinasinc.com\\\/pl\\\/product\\\/amnezja-mgielka\\\/\",\"url\":\"https:\\\/\\\/medicinasinc.com\\\/pl\\\/product\\\/amnezja-mgielka\\\/\",\"name\":\"Amnesia Haze - Amnesia Haze szczepy chwast\u00f3w - najlepsze \u015bwiatowe leki\",\"isPartOf\":{\"@id\":\"https:\\\/\\\/medicinasinc.com\\\/pl\\\/#website\"},\"primaryImageOfPage\":{\"@id\":\"https:\\\/\\\/medicinasinc.com\\\/pl\\\/product\\\/amnezja-mgielka\\\/#primaryimage\"},\"image\":{\"@id\":\"https:\\\/\\\/medicinasinc.com\\\/pl\\\/product\\\/amnezja-mgielka\\\/#primaryimage\"},\"thumbnailUrl\":\"https:\\\/\\\/medicinasinc.com\\\/pl\\\/wp-content\\\/uploads\\\/sites\\\/13\\\/2022\\\/02\\\/Buy-Amnesia-Haze.jpg\",\"datePublished\":\"2022-02-20T19:10:26+00:00\",\"dateModified\":\"2022-03-22T01:06:54+00:00\",\"description\":\"Kup Amnesia Haze Na sprzeda\u017c w Wielkiej Brytanii, Europie online, Amnesia Haze jest ulubionym produktem w Europie. Ta intensywnie psychodeliczna odmiana to Sativa, kt\u00f3r\u0105 najlepiej pozostawi\u0107 do\u015bwiadczonym konsumentom.\",\"breadcrumb\":{\"@id\":\"https:\\\/\\\/medicinasinc.com\\\/pl\\\/product\\\/amnezja-mgielka\\\/#breadcrumb\"},\"inLanguage\":\"en-US\",\"potentialAction\":[{\"@type\":\"ReadAction\",\"target\":[\"https:\\\/\\\/medicinasinc.com\\\/pl\\\/product\\\/amnezja-mgielka\\\/\"]}]},{\"@type\":\"ImageObject\",\"inLanguage\":\"en-US\",\"@id\":\"https:\\\/\\\/medicinasinc.com\\\/pl\\\/product\\\/amnezja-mgielka\\\/#primaryimage\",\"url\":\"https:\\\/\\\/medicinasinc.com\\\/pl\\\/wp-content\\\/uploads\\\/sites\\\/13\\\/2022\\\/02\\\/Buy-Amnesia-Haze.jpg\",\"contentUrl\":\"https:\\\/\\\/medicinasinc.com\\\/pl\\\/wp-content\\\/uploads\\\/sites\\\/13\\\/2022\\\/02\\\/Buy-Amnesia-Haze.jpg\",\"width\":1159,\"height\":1043},{\"@type\":\"BreadcrumbList\",\"@id\":\"https:\\\/\\\/medicinasinc.com\\\/pl\\\/product\\\/amnezja-mgielka\\\/#breadcrumb\",\"itemListElement\":[{\"@type\":\"ListItem\",\"position\":1,\"name\":\"Sklep\",\"item\":\"https:\\\/\\\/medicinasinc.com\\\/pl\\\/sklep\\\/\"},{\"@type\":\"ListItem\",\"position\":2,\"name\":\"Amnesia Haze\"}]},{\"@type\":\"WebSite\",\"@id\":\"https:\\\/\\\/medicinasinc.com\\\/pl\\\/#website\",\"url\":\"https:\\\/\\\/medicinasinc.com\\\/pl\\\/\",\"name\":\"Medicinas Inc\",\"description\":\"Health Medical Clinic\",\"potentialAction\":[{\"@type\":\"SearchAction\",\"target\":{\"@type\":\"EntryPoint\",\"urlTemplate\":\"https:\\\/\\\/medicinasinc.com\\\/pl\\\/?s={search_term_string}\"},\"query-input\":{\"@type\":\"PropertyValueSpecification\",\"valueRequired\":true,\"valueName\":\"search_term_string\"}}],\"inLanguage\":\"en-US\"}]}<\/script>\n<!-- \/ Yoast SEO plugin. -->","yoast_head_json":{"title":"Amnesia Haze - Amnesia Haze szczepy chwast\u00f3w - najlepsze \u015bwiatowe leki","description":"Kup Amnesia Haze Na sprzeda\u017c w Wielkiej Brytanii, Europie online, Amnesia Haze jest ulubionym produktem w Europie. Ta intensywnie psychodeliczna odmiana to Sativa, kt\u00f3r\u0105 najlepiej pozostawi\u0107 do\u015bwiadczonym konsumentom.","robots":{"index":"index","follow":"follow","max-snippet":"max-snippet:-1","max-image-preview":"max-image-preview:large","max-video-preview":"max-video-preview:-1"},"canonical":"https:\/\/medicinasinc.com\/pl\/product\/amnezja-mgielka\/","og_locale":"en_US","og_type":"article","og_title":"Amnesia Haze - Amnesia Haze szczepy chwast\u00f3w - najlepsze \u015bwiatowe leki","og_description":"Kup Amnesia Haze Na sprzeda\u017c w Wielkiej Brytanii, Europie online, Amnesia Haze jest ulubionym produktem w Europie. Ta intensywnie psychodeliczna odmiana to Sativa, kt\u00f3r\u0105 najlepiej pozostawi\u0107 do\u015bwiadczonym konsumentom.","og_url":"https:\/\/medicinasinc.com\/pl\/product\/amnezja-mgielka\/","og_site_name":"Medicinas Inc","article_modified_time":"2022-03-22T01:06:54+00:00","og_image":[{"width":1159,"height":1043,"url":"https:\/\/medicinasinc.com\/pl\/wp-content\/uploads\/sites\/13\/2022\/02\/Buy-Amnesia-Haze.jpg","type":"image\/jpeg"}],"twitter_card":"summary_large_image","twitter_misc":{"Est. reading time":"1 minute"},"schema":{"@context":"https:\/\/schema.org","@graph":[{"@type":"WebPage","@id":"https:\/\/medicinasinc.com\/pl\/product\/amnezja-mgielka\/","url":"https:\/\/medicinasinc.com\/pl\/product\/amnezja-mgielka\/","name":"Amnesia Haze - Amnesia Haze szczepy chwast\u00f3w - najlepsze \u015bwiatowe leki","isPartOf":{"@id":"https:\/\/medicinasinc.com\/pl\/#website"},"primaryImageOfPage":{"@id":"https:\/\/medicinasinc.com\/pl\/product\/amnezja-mgielka\/#primaryimage"},"image":{"@id":"https:\/\/medicinasinc.com\/pl\/product\/amnezja-mgielka\/#primaryimage"},"thumbnailUrl":"https:\/\/medicinasinc.com\/pl\/wp-content\/uploads\/sites\/13\/2022\/02\/Buy-Amnesia-Haze.jpg","datePublished":"2022-02-20T19:10:26+00:00","dateModified":"2022-03-22T01:06:54+00:00","description":"Kup Amnesia Haze Na sprzeda\u017c w Wielkiej Brytanii, Europie online, Amnesia Haze jest ulubionym produktem w Europie. Ta intensywnie psychodeliczna odmiana to Sativa, kt\u00f3r\u0105 najlepiej pozostawi\u0107 do\u015bwiadczonym konsumentom.","breadcrumb":{"@id":"https:\/\/medicinasinc.com\/pl\/product\/amnezja-mgielka\/#breadcrumb"},"inLanguage":"en-US","potentialAction":[{"@type":"ReadAction","target":["https:\/\/medicinasinc.com\/pl\/product\/amnezja-mgielka\/"]}]},{"@type":"ImageObject","inLanguage":"en-US","@id":"https:\/\/medicinasinc.com\/pl\/product\/amnezja-mgielka\/#primaryimage","url":"https:\/\/medicinasinc.com\/pl\/wp-content\/uploads\/sites\/13\/2022\/02\/Buy-Amnesia-Haze.jpg","contentUrl":"https:\/\/medicinasinc.com\/pl\/wp-content\/uploads\/sites\/13\/2022\/02\/Buy-Amnesia-Haze.jpg","width":1159,"height":1043},{"@type":"BreadcrumbList","@id":"https:\/\/medicinasinc.com\/pl\/product\/amnezja-mgielka\/#breadcrumb","itemListElement":[{"@type":"ListItem","position":1,"name":"Sklep","item":"https:\/\/medicinasinc.com\/pl\/sklep\/"},{"@type":"ListItem","position":2,"name":"Amnesia Haze"}]},{"@type":"WebSite","@id":"https:\/\/medicinasinc.com\/pl\/#website","url":"https:\/\/medicinasinc.com\/pl\/","name":"Medicinas Inc","description":"Health Medical Clinic","potentialAction":[{"@type":"SearchAction","target":{"@type":"EntryPoint","urlTemplate":"https:\/\/medicinasinc.com\/pl\/?s={search_term_string}"},"query-input":{"@type":"PropertyValueSpecification","valueRequired":true,"valueName":"search_term_string"}}],"inLanguage":"en-US"}]}},"_links":{"self":[{"href":"https:\/\/medicinasinc.com\/pl\/wp-json\/wp\/v2\/product\/5019","targetHints":{"allow":["GET"]}}],"collection":[{"href":"https:\/\/medicinasinc.com\/pl\/wp-json\/wp\/v2\/product"}],"about":[{"href":"https:\/\/medicinasinc.com\/pl\/wp-json\/wp\/v2\/types\/product"}],"replies":[{"embeddable":true,"href":"https:\/\/medicinasinc.com\/pl\/wp-json\/wp\/v2\/comments?post=5019"}],"wp:featuredmedia":[{"embeddable":true,"href":"https:\/\/medicinasinc.com\/pl\/wp-json\/wp\/v2\/media\/5036"}],"wp:attachment":[{"href":"https:\/\/medicinasinc.com\/pl\/wp-json\/wp\/v2\/media?parent=5019"}],"wp:term":[{"taxonomy":"product_brand","embeddable":true,"href":"https:\/\/medicinasinc.com\/pl\/wp-json\/wp\/v2\/product_brand?post=5019"},{"taxonomy":"product_cat","embeddable":true,"href":"https:\/\/medicinasinc.com\/pl\/wp-json\/wp\/v2\/product_cat?post=5019"},{"taxonomy":"product_tag","embeddable":true,"href":"https:\/\/medicinasinc.com\/pl\/wp-json\/wp\/v2\/product_tag?post=5019"}],"curies":[{"name":"wp","href":"https:\/\/api.w.org\/{rel}","templated":true}]}}