{"id":5018,"date":"2022-02-20T19:09:20","date_gmt":"2022-02-20T19:09:20","guid":{"rendered":"https:\/\/medicinasinc.com\/pl\/?post_type=product&#038;p=5018"},"modified":"2022-03-22T01:07:04","modified_gmt":"2022-03-22T01:07:04","slug":"kup-ananas-ekspres-marihuane","status":"publish","type":"product","link":"https:\/\/medicinasinc.com\/pl\/product\/kup-ananas-ekspres-marihuane\/","title":{"rendered":"Kup Ananasow\u0105 Ekspresow\u0105 Marihuan\u0119"},"content":{"rendered":"<h1>Kup Pineapple Express Marihuana Szczep online.<\/h1>\n<p>Kup Pineapple Express Marihuana Szczep online.<\/p>\n<p>Efekty<br \/> Energetyzuj\u0105ce, Euforia, Skupienie<br \/> Mo\u017ce przynie\u015b\u0107 ulg\u0119<br \/> Przewlek\u0142y B\u00f3l, Depresja, Zm\u0119czenie, Utrata Apetytu, Migreny, Nudno\u015bci, Koszmary senne<br \/> Smaki<br \/> Cytrusowe, Sosnowe, Ananasowe, S\u0142odkie, Tropikalne<br \/> Aromaty Ziemi, Sosnowe, Ananasowe, S\u0142odko<\/p>\n<p>Musisz jednak pami\u0119ta\u0107, \u017ce napi\u0119cie nie jest tak wielkie, jak przedstawia to film. Jednak Pineapple Express zapewnia lekki i przyjemny efekt odr\u0119twienia cia\u0142a, na kt\u00f3ry mo\u017cna si\u0119 spodziewa\u0107.<\/p>\n<p>Odmiana jest dost\u0119pna w kszta\u0142cie precyzyjnie wywa\u017conych bry\u0142ek przypominaj\u0105cych popcorn styropianowy. Nie ma s\u0142odkiego smaku, ale ma dziwny aromat ze wzgl\u0119du na cytrusowe nuty. Smak jest do\u015b\u0107 wyj\u0105tkowy, z nut\u0105 ananasa podczas wdechu. Pineapple Express jest preferowany w leczeniu r\u00f3\u017cnych schorze\u0144, w tym l\u0119ku i stresu. Jednak znacznie lepiej sprawdza si\u0119 w r\u00f3wnoczesnym leczeniu objaw\u00f3w przewlek\u0142ej depresji. Je\u015bli odczuwasz \u0142agodne b\u00f3le i b\u00f3le, to trafi\u0142e\u015b we w\u0142a\u015bciwe miejsce. Po zaci\u0105gni\u0119ciu si\u0119 zauwa\u017cysz, \u017ce Pineapple Express jest zar\u00f3wno spokojny, jak i orze\u017awiaj\u0105cy.<\/p>\n","protected":false},"excerpt":{"rendered":"<div class=\"woocommerce-product-details__short-description\">\n<p>Kup Pineapple Express Marihuana Szczep na sprzeda\u017c online. Kup szczep marihuany Ananas Express. Hybryda z dominacj\u0105 sativy \u2013 60% Sativa \/ 40% Indica THC: 25%, CBN: 1%<\/p>\n<\/p><\/div>\n","protected":false},"featured_media":5034,"comment_status":"open","ping_status":"closed","template":"","meta":[],"product_brand":[],"product_cat":[778],"product_tag":[948,950,955,951,949,954,952,953],"class_list":{"0":"post-5018","1":"product","2":"type-product","3":"status-publish","4":"has-post-thumbnail","6":"product_cat-chwast-na-sprzeda","7":"product_tag-ananas-ekspresowy-afganistan","8":"product_tag-ananas-ekspresowy-szczep-allbud","9":"product_tag-ananas-ekspresowy-wkad-vape","10":"product_tag-ananas-ekspresowy-efekt-odksztacenia","11":"product_tag-ananas-ekspresowe-nasiona","12":"product_tag-ananas-ekspresowy-szczep-sativa-lub-indica","13":"product_tag-ananas-ekspresowy-informacje-o-szczepie","14":"product_tag-ananas-ekspresowy-recenzja-szczepu","16":"first","17":"instock","18":"shipping-taxable","19":"purchasable","20":"product-type-variable","21":"has-default-attributes"},"yoast_head":"<!-- This site is optimized with the Yoast SEO plugin v27.3 - https:\/\/yoast.com\/product\/yoast-seo-wordpress\/ -->\n<title>Kup Ananasow\u0105 Ekspresow\u0105 Marihuan\u0119 - Najlepsze Najlepsze Na \u015awiecie Medycyny<\/title>\n<meta name=\"description\" content=\"Kup Pineapple Express Marihuana Szczep na sprzeda\u017c online. Kup szczep marihuany Ananas Express. Hybryda z dominacj\u0105 sativy \u2013 60% Sativa \/ 40% Indica THC: 25%, CBN: 1%\" \/>\n<meta name=\"robots\" content=\"index, follow, max-snippet:-1, max-image-preview:large, max-video-preview:-1\" \/>\n<link rel=\"canonical\" href=\"https:\/\/medicinasinc.com\/pl\/product\/kup-ananas-ekspres-marihuane\/\" \/>\n<meta property=\"og:locale\" content=\"en_US\" \/>\n<meta property=\"og:type\" content=\"article\" \/>\n<meta property=\"og:title\" content=\"Kup Ananasow\u0105 Ekspresow\u0105 Marihuan\u0119 - Najlepsze Najlepsze Na \u015awiecie Medycyny\" \/>\n<meta property=\"og:description\" content=\"Kup Pineapple Express Marihuana Szczep na sprzeda\u017c online. Kup szczep marihuany Ananas Express. Hybryda z dominacj\u0105 sativy \u2013 60% Sativa \/ 40% Indica THC: 25%, CBN: 1%\" \/>\n<meta property=\"og:url\" content=\"https:\/\/medicinasinc.com\/pl\/product\/kup-ananas-ekspres-marihuane\/\" \/>\n<meta property=\"og:site_name\" content=\"Medicinas Inc\" \/>\n<meta property=\"article:modified_time\" content=\"2022-03-22T01:07:04+00:00\" \/>\n<meta property=\"og:image\" content=\"https:\/\/medicinasinc.com\/pl\/wp-content\/uploads\/sites\/13\/2022\/02\/Buy-Pineapple-Express-Marijuana.jpeg\" \/>\n\t<meta property=\"og:image:width\" content=\"600\" \/>\n\t<meta property=\"og:image:height\" content=\"600\" \/>\n\t<meta property=\"og:image:type\" content=\"image\/jpeg\" \/>\n<meta name=\"twitter:card\" content=\"summary_large_image\" \/>\n<meta name=\"twitter:label1\" content=\"Est. reading time\" \/>\n\t<meta name=\"twitter:data1\" content=\"1 minute\" \/>\n<script type=\"application\/ld+json\" class=\"yoast-schema-graph\">{\"@context\":\"https:\\\/\\\/schema.org\",\"@graph\":[{\"@type\":\"WebPage\",\"@id\":\"https:\\\/\\\/medicinasinc.com\\\/pl\\\/product\\\/kup-ananas-ekspres-marihuane\\\/\",\"url\":\"https:\\\/\\\/medicinasinc.com\\\/pl\\\/product\\\/kup-ananas-ekspres-marihuane\\\/\",\"name\":\"Kup Ananasow\u0105 Ekspresow\u0105 Marihuan\u0119 - Najlepsze Najlepsze Na \u015awiecie Medycyny\",\"isPartOf\":{\"@id\":\"https:\\\/\\\/medicinasinc.com\\\/pl\\\/#website\"},\"primaryImageOfPage\":{\"@id\":\"https:\\\/\\\/medicinasinc.com\\\/pl\\\/product\\\/kup-ananas-ekspres-marihuane\\\/#primaryimage\"},\"image\":{\"@id\":\"https:\\\/\\\/medicinasinc.com\\\/pl\\\/product\\\/kup-ananas-ekspres-marihuane\\\/#primaryimage\"},\"thumbnailUrl\":\"https:\\\/\\\/medicinasinc.com\\\/pl\\\/wp-content\\\/uploads\\\/sites\\\/13\\\/2022\\\/02\\\/Buy-Pineapple-Express-Marijuana.jpeg\",\"datePublished\":\"2022-02-20T19:09:20+00:00\",\"dateModified\":\"2022-03-22T01:07:04+00:00\",\"description\":\"Kup Pineapple Express Marihuana Szczep na sprzeda\u017c online. Kup szczep marihuany Ananas Express. Hybryda z dominacj\u0105 sativy \u2013 60% Sativa \\\/ 40% Indica THC: 25%, CBN: 1%\",\"breadcrumb\":{\"@id\":\"https:\\\/\\\/medicinasinc.com\\\/pl\\\/product\\\/kup-ananas-ekspres-marihuane\\\/#breadcrumb\"},\"inLanguage\":\"en-US\",\"potentialAction\":[{\"@type\":\"ReadAction\",\"target\":[\"https:\\\/\\\/medicinasinc.com\\\/pl\\\/product\\\/kup-ananas-ekspres-marihuane\\\/\"]}]},{\"@type\":\"ImageObject\",\"inLanguage\":\"en-US\",\"@id\":\"https:\\\/\\\/medicinasinc.com\\\/pl\\\/product\\\/kup-ananas-ekspres-marihuane\\\/#primaryimage\",\"url\":\"https:\\\/\\\/medicinasinc.com\\\/pl\\\/wp-content\\\/uploads\\\/sites\\\/13\\\/2022\\\/02\\\/Buy-Pineapple-Express-Marijuana.jpeg\",\"contentUrl\":\"https:\\\/\\\/medicinasinc.com\\\/pl\\\/wp-content\\\/uploads\\\/sites\\\/13\\\/2022\\\/02\\\/Buy-Pineapple-Express-Marijuana.jpeg\",\"width\":600,\"height\":600},{\"@type\":\"BreadcrumbList\",\"@id\":\"https:\\\/\\\/medicinasinc.com\\\/pl\\\/product\\\/kup-ananas-ekspres-marihuane\\\/#breadcrumb\",\"itemListElement\":[{\"@type\":\"ListItem\",\"position\":1,\"name\":\"Sklep\",\"item\":\"https:\\\/\\\/medicinasinc.com\\\/pl\\\/sklep\\\/\"},{\"@type\":\"ListItem\",\"position\":2,\"name\":\"Kup Ananasow\u0105 Ekspresow\u0105 Marihuan\u0119\"}]},{\"@type\":\"WebSite\",\"@id\":\"https:\\\/\\\/medicinasinc.com\\\/pl\\\/#website\",\"url\":\"https:\\\/\\\/medicinasinc.com\\\/pl\\\/\",\"name\":\"Medicinas Inc\",\"description\":\"Health Medical Clinic\",\"potentialAction\":[{\"@type\":\"SearchAction\",\"target\":{\"@type\":\"EntryPoint\",\"urlTemplate\":\"https:\\\/\\\/medicinasinc.com\\\/pl\\\/?s={search_term_string}\"},\"query-input\":{\"@type\":\"PropertyValueSpecification\",\"valueRequired\":true,\"valueName\":\"search_term_string\"}}],\"inLanguage\":\"en-US\"}]}<\/script>\n<!-- \/ Yoast SEO plugin. -->","yoast_head_json":{"title":"Kup Ananasow\u0105 Ekspresow\u0105 Marihuan\u0119 - Najlepsze Najlepsze Na \u015awiecie Medycyny","description":"Kup Pineapple Express Marihuana Szczep na sprzeda\u017c online. Kup szczep marihuany Ananas Express. Hybryda z dominacj\u0105 sativy \u2013 60% Sativa \/ 40% Indica THC: 25%, CBN: 1%","robots":{"index":"index","follow":"follow","max-snippet":"max-snippet:-1","max-image-preview":"max-image-preview:large","max-video-preview":"max-video-preview:-1"},"canonical":"https:\/\/medicinasinc.com\/pl\/product\/kup-ananas-ekspres-marihuane\/","og_locale":"en_US","og_type":"article","og_title":"Kup Ananasow\u0105 Ekspresow\u0105 Marihuan\u0119 - Najlepsze Najlepsze Na \u015awiecie Medycyny","og_description":"Kup Pineapple Express Marihuana Szczep na sprzeda\u017c online. Kup szczep marihuany Ananas Express. Hybryda z dominacj\u0105 sativy \u2013 60% Sativa \/ 40% Indica THC: 25%, CBN: 1%","og_url":"https:\/\/medicinasinc.com\/pl\/product\/kup-ananas-ekspres-marihuane\/","og_site_name":"Medicinas Inc","article_modified_time":"2022-03-22T01:07:04+00:00","og_image":[{"width":600,"height":600,"url":"https:\/\/medicinasinc.com\/pl\/wp-content\/uploads\/sites\/13\/2022\/02\/Buy-Pineapple-Express-Marijuana.jpeg","type":"image\/jpeg"}],"twitter_card":"summary_large_image","twitter_misc":{"Est. reading time":"1 minute"},"schema":{"@context":"https:\/\/schema.org","@graph":[{"@type":"WebPage","@id":"https:\/\/medicinasinc.com\/pl\/product\/kup-ananas-ekspres-marihuane\/","url":"https:\/\/medicinasinc.com\/pl\/product\/kup-ananas-ekspres-marihuane\/","name":"Kup Ananasow\u0105 Ekspresow\u0105 Marihuan\u0119 - Najlepsze Najlepsze Na \u015awiecie Medycyny","isPartOf":{"@id":"https:\/\/medicinasinc.com\/pl\/#website"},"primaryImageOfPage":{"@id":"https:\/\/medicinasinc.com\/pl\/product\/kup-ananas-ekspres-marihuane\/#primaryimage"},"image":{"@id":"https:\/\/medicinasinc.com\/pl\/product\/kup-ananas-ekspres-marihuane\/#primaryimage"},"thumbnailUrl":"https:\/\/medicinasinc.com\/pl\/wp-content\/uploads\/sites\/13\/2022\/02\/Buy-Pineapple-Express-Marijuana.jpeg","datePublished":"2022-02-20T19:09:20+00:00","dateModified":"2022-03-22T01:07:04+00:00","description":"Kup Pineapple Express Marihuana Szczep na sprzeda\u017c online. Kup szczep marihuany Ananas Express. Hybryda z dominacj\u0105 sativy \u2013 60% Sativa \/ 40% Indica THC: 25%, CBN: 1%","breadcrumb":{"@id":"https:\/\/medicinasinc.com\/pl\/product\/kup-ananas-ekspres-marihuane\/#breadcrumb"},"inLanguage":"en-US","potentialAction":[{"@type":"ReadAction","target":["https:\/\/medicinasinc.com\/pl\/product\/kup-ananas-ekspres-marihuane\/"]}]},{"@type":"ImageObject","inLanguage":"en-US","@id":"https:\/\/medicinasinc.com\/pl\/product\/kup-ananas-ekspres-marihuane\/#primaryimage","url":"https:\/\/medicinasinc.com\/pl\/wp-content\/uploads\/sites\/13\/2022\/02\/Buy-Pineapple-Express-Marijuana.jpeg","contentUrl":"https:\/\/medicinasinc.com\/pl\/wp-content\/uploads\/sites\/13\/2022\/02\/Buy-Pineapple-Express-Marijuana.jpeg","width":600,"height":600},{"@type":"BreadcrumbList","@id":"https:\/\/medicinasinc.com\/pl\/product\/kup-ananas-ekspres-marihuane\/#breadcrumb","itemListElement":[{"@type":"ListItem","position":1,"name":"Sklep","item":"https:\/\/medicinasinc.com\/pl\/sklep\/"},{"@type":"ListItem","position":2,"name":"Kup Ananasow\u0105 Ekspresow\u0105 Marihuan\u0119"}]},{"@type":"WebSite","@id":"https:\/\/medicinasinc.com\/pl\/#website","url":"https:\/\/medicinasinc.com\/pl\/","name":"Medicinas Inc","description":"Health Medical Clinic","potentialAction":[{"@type":"SearchAction","target":{"@type":"EntryPoint","urlTemplate":"https:\/\/medicinasinc.com\/pl\/?s={search_term_string}"},"query-input":{"@type":"PropertyValueSpecification","valueRequired":true,"valueName":"search_term_string"}}],"inLanguage":"en-US"}]}},"_links":{"self":[{"href":"https:\/\/medicinasinc.com\/pl\/wp-json\/wp\/v2\/product\/5018","targetHints":{"allow":["GET"]}}],"collection":[{"href":"https:\/\/medicinasinc.com\/pl\/wp-json\/wp\/v2\/product"}],"about":[{"href":"https:\/\/medicinasinc.com\/pl\/wp-json\/wp\/v2\/types\/product"}],"replies":[{"embeddable":true,"href":"https:\/\/medicinasinc.com\/pl\/wp-json\/wp\/v2\/comments?post=5018"}],"wp:featuredmedia":[{"embeddable":true,"href":"https:\/\/medicinasinc.com\/pl\/wp-json\/wp\/v2\/media\/5034"}],"wp:attachment":[{"href":"https:\/\/medicinasinc.com\/pl\/wp-json\/wp\/v2\/media?parent=5018"}],"wp:term":[{"taxonomy":"product_brand","embeddable":true,"href":"https:\/\/medicinasinc.com\/pl\/wp-json\/wp\/v2\/product_brand?post=5018"},{"taxonomy":"product_cat","embeddable":true,"href":"https:\/\/medicinasinc.com\/pl\/wp-json\/wp\/v2\/product_cat?post=5018"},{"taxonomy":"product_tag","embeddable":true,"href":"https:\/\/medicinasinc.com\/pl\/wp-json\/wp\/v2\/product_tag?post=5018"}],"curies":[{"name":"wp","href":"https:\/\/api.w.org\/{rel}","templated":true}]}}