{"id":4997,"date":"2022-02-20T18:54:15","date_gmt":"2022-02-20T18:54:15","guid":{"rendered":"https:\/\/medicinasinc.com\/pl\/?post_type=product&#038;p=4997"},"modified":"2022-03-22T01:07:23","modified_gmt":"2022-03-22T01:07:23","slug":"kosmos-potwor-marihuana","status":"publish","type":"product","link":"https:\/\/medicinasinc.com\/pl\/product\/kosmos-potwor-marihuana\/","title":{"rendered":"Kosmiczny Potw\u00f3r Marihuana"},"content":{"rendered":"<p>Space Monster Marihuana na sprzeda\u017c online.<\/p>\n<p>Space Monster Marihuana na sprzeda\u017c online.<\/p>\n<p>Kup Marihuana Space Monster. Marihuana kosmicznego potwora to Dominuj\u0105ca Hybryda zawieraj\u0105ca 75% Indica i 25% Sativa. Zawarto\u015b\u0107 THC wynosi 20%.<\/p>\n<p>Skutki<br \/> Fizyczny haj, euforia, szcz\u0119\u015bcie, relaks, senno\u015b\u0107 i podnosz\u0105ce na duchu efekty mog\u0105 \u0142agodzi\u0107 przewlek\u0142y b\u00f3l, stany zapalne, bezsenno\u015b\u0107, skurcze mi\u0119\u015bni i dr\u017cenia. Smaki jagodowe, chemiczne , Winogrona, S\u0142odkie<\/p>\n","protected":false},"excerpt":{"rendered":"<p>Kup Marihuana Space Monster online. Kup marihuan\u0119 online l Kup marihuan\u0119 online | Kup konopie online | Kup artyku\u0142y spo\u017cywcze | Kup olej z konopi<\/p>\n<p>Ayer w stanie Massachusetts ma teraz rekreacyjn\u0105 aptek\u0119 z konopiami indyjskimi. Z\u0142\u00f3\u017c zam\u00f3wienie online i odbierz w naszej aptece marihuany w Ayer w stanie Massachusetts.<\/p>\n","protected":false},"featured_media":5015,"comment_status":"open","ping_status":"closed","template":"","meta":[],"product_brand":[],"product_cat":[778],"product_tag":[940,943,945,941,944,942,946,947],"class_list":{"0":"post-4997","1":"product","2":"type-product","3":"status-publish","4":"has-post-thumbnail","6":"product_cat-chwast-na-sprzeda","7":"product_tag-a-train-strain","8":"product_tag-doskonay-trjkt-5-szczep","9":"product_tag-kosmiczna-mapa-szczep-wikileaf","10":"product_tag-gaz-przeciek-odksztacenie","11":"product_tag-szczep-bomba-kosmiczna","12":"product_tag-lvtk-szczep","13":"product_tag-tk-bx1-szczep","14":"product_tag-triangle-kush","16":"first","17":"instock","18":"shipping-taxable","19":"purchasable","20":"product-type-variable","21":"has-default-attributes"},"yoast_head":"<!-- This site is optimized with the Yoast SEO plugin v27.3 - https:\/\/yoast.com\/product\/yoast-seo-wordpress\/ -->\n<title>Kup marihuan\u0119 Space Monster - najlepsze leki na \u015bwiecie<\/title>\n<meta name=\"description\" content=\"Kup marihuan\u0119 Space Monster na sprzeda\u017c online. Kup chwasty online l Kup marihuan\u0119 online | Kup konopie online | jadalne | Sprzedam olej z konopi indyjskich.\" \/>\n<meta name=\"robots\" content=\"index, follow, max-snippet:-1, max-image-preview:large, max-video-preview:-1\" \/>\n<link rel=\"canonical\" href=\"https:\/\/medicinasinc.com\/pl\/product\/kosmos-potwor-marihuana\/\" \/>\n<meta property=\"og:locale\" content=\"en_US\" \/>\n<meta property=\"og:type\" content=\"article\" \/>\n<meta property=\"og:title\" content=\"Kup marihuan\u0119 Space Monster - najlepsze leki na \u015bwiecie\" \/>\n<meta property=\"og:description\" content=\"Kup marihuan\u0119 Space Monster na sprzeda\u017c online. Kup chwasty online l Kup marihuan\u0119 online | Kup konopie online | jadalne | Sprzedam olej z konopi indyjskich.\" \/>\n<meta property=\"og:url\" content=\"https:\/\/medicinasinc.com\/pl\/product\/kosmos-potwor-marihuana\/\" \/>\n<meta property=\"og:site_name\" content=\"Medicinas Inc\" \/>\n<meta property=\"article:modified_time\" content=\"2022-03-22T01:07:23+00:00\" \/>\n<meta property=\"og:image\" content=\"https:\/\/medicinasinc.com\/pl\/wp-content\/uploads\/sites\/13\/2022\/02\/Space-Monster-Marijuana.jpg\" \/>\n\t<meta property=\"og:image:width\" content=\"600\" \/>\n\t<meta property=\"og:image:height\" content=\"600\" \/>\n\t<meta property=\"og:image:type\" content=\"image\/jpeg\" \/>\n<meta name=\"twitter:card\" content=\"summary_large_image\" \/>\n<meta name=\"twitter:label1\" content=\"Est. reading time\" \/>\n\t<meta name=\"twitter:data1\" content=\"1 minute\" \/>\n<script type=\"application\/ld+json\" class=\"yoast-schema-graph\">{\"@context\":\"https:\\\/\\\/schema.org\",\"@graph\":[{\"@type\":\"WebPage\",\"@id\":\"https:\\\/\\\/medicinasinc.com\\\/pl\\\/product\\\/kosmos-potwor-marihuana\\\/\",\"url\":\"https:\\\/\\\/medicinasinc.com\\\/pl\\\/product\\\/kosmos-potwor-marihuana\\\/\",\"name\":\"Kup marihuan\u0119 Space Monster - najlepsze leki na \u015bwiecie\",\"isPartOf\":{\"@id\":\"https:\\\/\\\/medicinasinc.com\\\/pl\\\/#website\"},\"primaryImageOfPage\":{\"@id\":\"https:\\\/\\\/medicinasinc.com\\\/pl\\\/product\\\/kosmos-potwor-marihuana\\\/#primaryimage\"},\"image\":{\"@id\":\"https:\\\/\\\/medicinasinc.com\\\/pl\\\/product\\\/kosmos-potwor-marihuana\\\/#primaryimage\"},\"thumbnailUrl\":\"https:\\\/\\\/medicinasinc.com\\\/pl\\\/wp-content\\\/uploads\\\/sites\\\/13\\\/2022\\\/02\\\/Space-Monster-Marijuana.jpg\",\"datePublished\":\"2022-02-20T18:54:15+00:00\",\"dateModified\":\"2022-03-22T01:07:23+00:00\",\"description\":\"Kup marihuan\u0119 Space Monster na sprzeda\u017c online. Kup chwasty online l Kup marihuan\u0119 online | Kup konopie online | jadalne | Sprzedam olej z konopi indyjskich.\",\"breadcrumb\":{\"@id\":\"https:\\\/\\\/medicinasinc.com\\\/pl\\\/product\\\/kosmos-potwor-marihuana\\\/#breadcrumb\"},\"inLanguage\":\"en-US\",\"potentialAction\":[{\"@type\":\"ReadAction\",\"target\":[\"https:\\\/\\\/medicinasinc.com\\\/pl\\\/product\\\/kosmos-potwor-marihuana\\\/\"]}]},{\"@type\":\"ImageObject\",\"inLanguage\":\"en-US\",\"@id\":\"https:\\\/\\\/medicinasinc.com\\\/pl\\\/product\\\/kosmos-potwor-marihuana\\\/#primaryimage\",\"url\":\"https:\\\/\\\/medicinasinc.com\\\/pl\\\/wp-content\\\/uploads\\\/sites\\\/13\\\/2022\\\/02\\\/Space-Monster-Marijuana.jpg\",\"contentUrl\":\"https:\\\/\\\/medicinasinc.com\\\/pl\\\/wp-content\\\/uploads\\\/sites\\\/13\\\/2022\\\/02\\\/Space-Monster-Marijuana.jpg\",\"width\":600,\"height\":600},{\"@type\":\"BreadcrumbList\",\"@id\":\"https:\\\/\\\/medicinasinc.com\\\/pl\\\/product\\\/kosmos-potwor-marihuana\\\/#breadcrumb\",\"itemListElement\":[{\"@type\":\"ListItem\",\"position\":1,\"name\":\"Sklep\",\"item\":\"https:\\\/\\\/medicinasinc.com\\\/pl\\\/sklep\\\/\"},{\"@type\":\"ListItem\",\"position\":2,\"name\":\"Kosmiczny Potw\u00f3r Marihuana\"}]},{\"@type\":\"WebSite\",\"@id\":\"https:\\\/\\\/medicinasinc.com\\\/pl\\\/#website\",\"url\":\"https:\\\/\\\/medicinasinc.com\\\/pl\\\/\",\"name\":\"Medicinas Inc\",\"description\":\"Health Medical Clinic\",\"potentialAction\":[{\"@type\":\"SearchAction\",\"target\":{\"@type\":\"EntryPoint\",\"urlTemplate\":\"https:\\\/\\\/medicinasinc.com\\\/pl\\\/?s={search_term_string}\"},\"query-input\":{\"@type\":\"PropertyValueSpecification\",\"valueRequired\":true,\"valueName\":\"search_term_string\"}}],\"inLanguage\":\"en-US\"}]}<\/script>\n<!-- \/ Yoast SEO plugin. -->","yoast_head_json":{"title":"Kup marihuan\u0119 Space Monster - najlepsze leki na \u015bwiecie","description":"Kup marihuan\u0119 Space Monster na sprzeda\u017c online. Kup chwasty online l Kup marihuan\u0119 online | Kup konopie online | jadalne | Sprzedam olej z konopi indyjskich.","robots":{"index":"index","follow":"follow","max-snippet":"max-snippet:-1","max-image-preview":"max-image-preview:large","max-video-preview":"max-video-preview:-1"},"canonical":"https:\/\/medicinasinc.com\/pl\/product\/kosmos-potwor-marihuana\/","og_locale":"en_US","og_type":"article","og_title":"Kup marihuan\u0119 Space Monster - najlepsze leki na \u015bwiecie","og_description":"Kup marihuan\u0119 Space Monster na sprzeda\u017c online. Kup chwasty online l Kup marihuan\u0119 online | Kup konopie online | jadalne | Sprzedam olej z konopi indyjskich.","og_url":"https:\/\/medicinasinc.com\/pl\/product\/kosmos-potwor-marihuana\/","og_site_name":"Medicinas Inc","article_modified_time":"2022-03-22T01:07:23+00:00","og_image":[{"width":600,"height":600,"url":"https:\/\/medicinasinc.com\/pl\/wp-content\/uploads\/sites\/13\/2022\/02\/Space-Monster-Marijuana.jpg","type":"image\/jpeg"}],"twitter_card":"summary_large_image","twitter_misc":{"Est. reading time":"1 minute"},"schema":{"@context":"https:\/\/schema.org","@graph":[{"@type":"WebPage","@id":"https:\/\/medicinasinc.com\/pl\/product\/kosmos-potwor-marihuana\/","url":"https:\/\/medicinasinc.com\/pl\/product\/kosmos-potwor-marihuana\/","name":"Kup marihuan\u0119 Space Monster - najlepsze leki na \u015bwiecie","isPartOf":{"@id":"https:\/\/medicinasinc.com\/pl\/#website"},"primaryImageOfPage":{"@id":"https:\/\/medicinasinc.com\/pl\/product\/kosmos-potwor-marihuana\/#primaryimage"},"image":{"@id":"https:\/\/medicinasinc.com\/pl\/product\/kosmos-potwor-marihuana\/#primaryimage"},"thumbnailUrl":"https:\/\/medicinasinc.com\/pl\/wp-content\/uploads\/sites\/13\/2022\/02\/Space-Monster-Marijuana.jpg","datePublished":"2022-02-20T18:54:15+00:00","dateModified":"2022-03-22T01:07:23+00:00","description":"Kup marihuan\u0119 Space Monster na sprzeda\u017c online. Kup chwasty online l Kup marihuan\u0119 online | Kup konopie online | jadalne | Sprzedam olej z konopi indyjskich.","breadcrumb":{"@id":"https:\/\/medicinasinc.com\/pl\/product\/kosmos-potwor-marihuana\/#breadcrumb"},"inLanguage":"en-US","potentialAction":[{"@type":"ReadAction","target":["https:\/\/medicinasinc.com\/pl\/product\/kosmos-potwor-marihuana\/"]}]},{"@type":"ImageObject","inLanguage":"en-US","@id":"https:\/\/medicinasinc.com\/pl\/product\/kosmos-potwor-marihuana\/#primaryimage","url":"https:\/\/medicinasinc.com\/pl\/wp-content\/uploads\/sites\/13\/2022\/02\/Space-Monster-Marijuana.jpg","contentUrl":"https:\/\/medicinasinc.com\/pl\/wp-content\/uploads\/sites\/13\/2022\/02\/Space-Monster-Marijuana.jpg","width":600,"height":600},{"@type":"BreadcrumbList","@id":"https:\/\/medicinasinc.com\/pl\/product\/kosmos-potwor-marihuana\/#breadcrumb","itemListElement":[{"@type":"ListItem","position":1,"name":"Sklep","item":"https:\/\/medicinasinc.com\/pl\/sklep\/"},{"@type":"ListItem","position":2,"name":"Kosmiczny Potw\u00f3r Marihuana"}]},{"@type":"WebSite","@id":"https:\/\/medicinasinc.com\/pl\/#website","url":"https:\/\/medicinasinc.com\/pl\/","name":"Medicinas Inc","description":"Health Medical Clinic","potentialAction":[{"@type":"SearchAction","target":{"@type":"EntryPoint","urlTemplate":"https:\/\/medicinasinc.com\/pl\/?s={search_term_string}"},"query-input":{"@type":"PropertyValueSpecification","valueRequired":true,"valueName":"search_term_string"}}],"inLanguage":"en-US"}]}},"_links":{"self":[{"href":"https:\/\/medicinasinc.com\/pl\/wp-json\/wp\/v2\/product\/4997","targetHints":{"allow":["GET"]}}],"collection":[{"href":"https:\/\/medicinasinc.com\/pl\/wp-json\/wp\/v2\/product"}],"about":[{"href":"https:\/\/medicinasinc.com\/pl\/wp-json\/wp\/v2\/types\/product"}],"replies":[{"embeddable":true,"href":"https:\/\/medicinasinc.com\/pl\/wp-json\/wp\/v2\/comments?post=4997"}],"wp:featuredmedia":[{"embeddable":true,"href":"https:\/\/medicinasinc.com\/pl\/wp-json\/wp\/v2\/media\/5015"}],"wp:attachment":[{"href":"https:\/\/medicinasinc.com\/pl\/wp-json\/wp\/v2\/media?parent=4997"}],"wp:term":[{"taxonomy":"product_brand","embeddable":true,"href":"https:\/\/medicinasinc.com\/pl\/wp-json\/wp\/v2\/product_brand?post=4997"},{"taxonomy":"product_cat","embeddable":true,"href":"https:\/\/medicinasinc.com\/pl\/wp-json\/wp\/v2\/product_cat?post=4997"},{"taxonomy":"product_tag","embeddable":true,"href":"https:\/\/medicinasinc.com\/pl\/wp-json\/wp\/v2\/product_tag?post=4997"}],"curies":[{"name":"wp","href":"https:\/\/api.w.org\/{rel}","templated":true}]}}