{"id":4996,"date":"2022-02-20T18:53:00","date_gmt":"2022-02-20T18:53:00","guid":{"rendered":"https:\/\/medicinasinc.com\/pl\/?post_type=product&#038;p=4996"},"modified":"2022-03-22T01:07:38","modified_gmt":"2022-03-22T01:07:38","slug":"kup-cytryn-skunk","status":"publish","type":"product","link":"https:\/\/medicinasinc.com\/pl\/product\/kup-cytryn-skunk\/","title":{"rendered":"Kup Cytrynowy Skunk"},"content":{"rendered":"<p>Lemon Skunk jest dost\u0119pny w internetowej aptece marihuany Chronic Post.<\/p>\n<p>ChronicPost Lemon Skunk to wielokrotnie nagradzana hybryda Sativa o smaku cytrynowym i zawarto\u015bci THC do 22%. W 2009 roku znalaz\u0142 si\u0119 w rankingu dziesi\u0119ciu najlepszych szczep\u00f3w magazynu High Times.<\/p>\n<p>Zawarto\u015b\u0107 THC w Lemon Skunk waha si\u0119 \u015brednio od 14 do 15% i zosta\u0142a przetestowana na poziomie 22% THC. Wiadomo, \u017ce jego haj stymuluje prac\u0119 m\u00f3zgu, powoduj\u0105c wi\u0119ksz\u0105 kreatywno\u015b\u0107 i otaczaj\u0105c u\u017cytkownika radosnym i energetyzuj\u0105cym szumem. Wielu recenzent\u00f3w okre\u015bli\u0142o sw\u00f3j Lemon Skunk jako introspektywny, prowokuj\u0105cy my\u015bli i poprawiaj\u0105cy pomys\u0142owo\u015b\u0107. Po jednej do dw\u00f3ch godzin zaczynaj\u0105 dzia\u0142a\u0107 sk\u0142adniki indica szczepu, pozostawiaj\u0105c u\u017cytkownika lekko zm\u0119czonego, gdy efekty m\u00f3zgowe mijaj\u0105.<\/p>\n<p>Lemon Skunk to do\u015b\u0107 wysoka i produktywna ro\u015blina, kt\u00f3ra jest dok\u0142adnie tym, czym nazwa sugeruje \u2013 mocno cytrusowy wariant Skunk o silnym i koj\u0105cym dzia\u0142aniu. Posiada charakterystyczne limonkowo zielone p\u0105ki i jaskrawopomara\u0144czowe s\u0142upki Skunk, daj\u0105ce mro\u017ane, g\u0119ste p\u0105ki w kszta\u0142cie w\u0142\u00f3czni.<\/p>\n","protected":false},"excerpt":{"rendered":"<div class=\"woocommerce-product-details__short-description\">\n<p>Lemon Skunk zawiera umiarkowan\u0105 ilo\u015b\u0107 THC i bardzo ma\u0142o CBD. Dowiedz si\u0119 wi\u0119cej o DNA Genetics Lemon Skunk i dokonaj zakupu w Tokyo Smoke ju\u017c dzi\u015b.<\/p>\n<p>Lemon Skunk Weed do sprzeda\u017cy online. Lemon Kush jest mieszank\u0105 Master Kush i Lemon Joy i daje niskie lub umiarkowane plony. Zalecany dla pacjent\u00f3w z HIV\/AIDS, jaskr\u0105, chorob\u0105 Parkinsona, l\u0119kiem i przewlek\u0142ym b\u00f3lem<\/p>\n<p><strong>Rozmiar p\u0105ka:\u00a0<\/strong>Ma\u0142y<br \/> <strong>Tekstura:\u00a0<\/strong>Wytrawne<br \/> <strong>Smaki:\u00a0<\/strong>cytrynowy \/ cytrusowy \/ \u015bwie\u017cy<br \/> <strong>Powszechne zastosowanie:<\/strong>\u00a0b\u00f3l \/ apetyt \/ depresja<br \/> <strong><a href=\"https:\/\/www.bestglobalmeds.com\/product\/marijuana\/lemon-skunk\/\">THC<\/a>:<\/strong>\u00a022%\u00a0 \u00a0<strong><a href=\"https:\/\/www.bestglobalmeds. com\/product\/marijuana\/lemon-skunk\/\">CBD<\/a>: &lt;<\/strong>1%<\/p>\n<\/p><\/div>\n","protected":false},"featured_media":5013,"comment_status":"open","ping_status":"closed","template":"","meta":[],"product_brand":[],"product_cat":[778],"product_tag":[932,935,933,939,937,938,936,934],"class_list":{"0":"post-4996","1":"product","2":"type-product","3":"status-publish","4":"has-post-thumbnail","6":"product_cat-chwast-na-sprzeda","7":"product_tag-best-lemon-skunk-seeds","8":"product_tag-cytryna-skunk-cbd","9":"product_tag-cytryna-skunk-auto","10":"product_tag-cytrynowo-skunksowy","11":"product_tag-lemon-skunk-indica-or-sativa","12":"product_tag-lemon-skunk-price","13":"product_tag-cytryna-skunk-szklarnia-recenzja","14":"product_tag-nabj-cytrynowo-skunksowy","16":"first","17":"instock","18":"shipping-taxable","19":"purchasable","20":"product-type-variable","21":"has-default-attributes"},"yoast_head":"<!-- This site is optimized with the Yoast SEO plugin v27.3 - https:\/\/yoast.com\/product\/yoast-seo-wordpress\/ -->\n<title>Kup Lemon Skunk - najlepsze najlepsze globalne leki<\/title>\n<meta name=\"description\" content=\"Kup Lemon Skunk Weed online. Lemon Kush jest krzy\u017c\u00f3wk\u0105 Master Kush i Lemon Joy, ma nisk\u0105 lub \u015bredni\u0105 wydajno\u015b\u0107. Polecany dla pacjent\u00f3w z HIV\/AIDS, jaskr\u0105, chorob\u0105 Parkinsona, l\u0119kiem, przewlek\u0142ym b\u00f3lem\u2026\" \/>\n<meta name=\"robots\" content=\"index, follow, max-snippet:-1, max-image-preview:large, max-video-preview:-1\" \/>\n<link rel=\"canonical\" href=\"https:\/\/medicinasinc.com\/pl\/product\/kup-cytryn-skunk\/\" \/>\n<meta property=\"og:locale\" content=\"en_US\" \/>\n<meta property=\"og:type\" content=\"article\" \/>\n<meta property=\"og:title\" content=\"Kup Lemon Skunk - najlepsze najlepsze globalne leki\" \/>\n<meta property=\"og:description\" content=\"Kup Lemon Skunk Weed online. Lemon Kush jest krzy\u017c\u00f3wk\u0105 Master Kush i Lemon Joy, ma nisk\u0105 lub \u015bredni\u0105 wydajno\u015b\u0107. Polecany dla pacjent\u00f3w z HIV\/AIDS, jaskr\u0105, chorob\u0105 Parkinsona, l\u0119kiem, przewlek\u0142ym b\u00f3lem\u2026\" \/>\n<meta property=\"og:url\" content=\"https:\/\/medicinasinc.com\/pl\/product\/kup-cytryn-skunk\/\" \/>\n<meta property=\"og:site_name\" content=\"Medicinas Inc\" \/>\n<meta property=\"article:modified_time\" content=\"2022-03-22T01:07:38+00:00\" \/>\n<meta property=\"og:image\" content=\"https:\/\/medicinasinc.com\/pl\/wp-content\/uploads\/sites\/13\/2022\/02\/Buy-Lemon-Skunk.jpg\" \/>\n\t<meta property=\"og:image:width\" content=\"2403\" \/>\n\t<meta property=\"og:image:height\" content=\"2403\" \/>\n\t<meta property=\"og:image:type\" content=\"image\/jpeg\" \/>\n<meta name=\"twitter:card\" content=\"summary_large_image\" \/>\n<meta name=\"twitter:label1\" content=\"Est. reading time\" \/>\n\t<meta name=\"twitter:data1\" content=\"1 minute\" \/>\n<script type=\"application\/ld+json\" class=\"yoast-schema-graph\">{\"@context\":\"https:\\\/\\\/schema.org\",\"@graph\":[{\"@type\":\"WebPage\",\"@id\":\"https:\\\/\\\/medicinasinc.com\\\/pl\\\/product\\\/kup-cytryn-skunk\\\/\",\"url\":\"https:\\\/\\\/medicinasinc.com\\\/pl\\\/product\\\/kup-cytryn-skunk\\\/\",\"name\":\"Kup Lemon Skunk - najlepsze najlepsze globalne leki\",\"isPartOf\":{\"@id\":\"https:\\\/\\\/medicinasinc.com\\\/pl\\\/#website\"},\"primaryImageOfPage\":{\"@id\":\"https:\\\/\\\/medicinasinc.com\\\/pl\\\/product\\\/kup-cytryn-skunk\\\/#primaryimage\"},\"image\":{\"@id\":\"https:\\\/\\\/medicinasinc.com\\\/pl\\\/product\\\/kup-cytryn-skunk\\\/#primaryimage\"},\"thumbnailUrl\":\"https:\\\/\\\/medicinasinc.com\\\/pl\\\/wp-content\\\/uploads\\\/sites\\\/13\\\/2022\\\/02\\\/Buy-Lemon-Skunk.jpg\",\"datePublished\":\"2022-02-20T18:53:00+00:00\",\"dateModified\":\"2022-03-22T01:07:38+00:00\",\"description\":\"Kup Lemon Skunk Weed online. Lemon Kush jest krzy\u017c\u00f3wk\u0105 Master Kush i Lemon Joy, ma nisk\u0105 lub \u015bredni\u0105 wydajno\u015b\u0107. Polecany dla pacjent\u00f3w z HIV\\\/AIDS, jaskr\u0105, chorob\u0105 Parkinsona, l\u0119kiem, przewlek\u0142ym b\u00f3lem\u2026\",\"breadcrumb\":{\"@id\":\"https:\\\/\\\/medicinasinc.com\\\/pl\\\/product\\\/kup-cytryn-skunk\\\/#breadcrumb\"},\"inLanguage\":\"en-US\",\"potentialAction\":[{\"@type\":\"ReadAction\",\"target\":[\"https:\\\/\\\/medicinasinc.com\\\/pl\\\/product\\\/kup-cytryn-skunk\\\/\"]}]},{\"@type\":\"ImageObject\",\"inLanguage\":\"en-US\",\"@id\":\"https:\\\/\\\/medicinasinc.com\\\/pl\\\/product\\\/kup-cytryn-skunk\\\/#primaryimage\",\"url\":\"https:\\\/\\\/medicinasinc.com\\\/pl\\\/wp-content\\\/uploads\\\/sites\\\/13\\\/2022\\\/02\\\/Buy-Lemon-Skunk.jpg\",\"contentUrl\":\"https:\\\/\\\/medicinasinc.com\\\/pl\\\/wp-content\\\/uploads\\\/sites\\\/13\\\/2022\\\/02\\\/Buy-Lemon-Skunk.jpg\",\"width\":2403,\"height\":2403},{\"@type\":\"BreadcrumbList\",\"@id\":\"https:\\\/\\\/medicinasinc.com\\\/pl\\\/product\\\/kup-cytryn-skunk\\\/#breadcrumb\",\"itemListElement\":[{\"@type\":\"ListItem\",\"position\":1,\"name\":\"Sklep\",\"item\":\"https:\\\/\\\/medicinasinc.com\\\/pl\\\/sklep\\\/\"},{\"@type\":\"ListItem\",\"position\":2,\"name\":\"Kup Cytrynowy Skunk\"}]},{\"@type\":\"WebSite\",\"@id\":\"https:\\\/\\\/medicinasinc.com\\\/pl\\\/#website\",\"url\":\"https:\\\/\\\/medicinasinc.com\\\/pl\\\/\",\"name\":\"Medicinas Inc\",\"description\":\"Health Medical Clinic\",\"potentialAction\":[{\"@type\":\"SearchAction\",\"target\":{\"@type\":\"EntryPoint\",\"urlTemplate\":\"https:\\\/\\\/medicinasinc.com\\\/pl\\\/?s={search_term_string}\"},\"query-input\":{\"@type\":\"PropertyValueSpecification\",\"valueRequired\":true,\"valueName\":\"search_term_string\"}}],\"inLanguage\":\"en-US\"}]}<\/script>\n<!-- \/ Yoast SEO plugin. -->","yoast_head_json":{"title":"Kup Lemon Skunk - najlepsze najlepsze globalne leki","description":"Kup Lemon Skunk Weed online. Lemon Kush jest krzy\u017c\u00f3wk\u0105 Master Kush i Lemon Joy, ma nisk\u0105 lub \u015bredni\u0105 wydajno\u015b\u0107. Polecany dla pacjent\u00f3w z HIV\/AIDS, jaskr\u0105, chorob\u0105 Parkinsona, l\u0119kiem, przewlek\u0142ym b\u00f3lem\u2026","robots":{"index":"index","follow":"follow","max-snippet":"max-snippet:-1","max-image-preview":"max-image-preview:large","max-video-preview":"max-video-preview:-1"},"canonical":"https:\/\/medicinasinc.com\/pl\/product\/kup-cytryn-skunk\/","og_locale":"en_US","og_type":"article","og_title":"Kup Lemon Skunk - najlepsze najlepsze globalne leki","og_description":"Kup Lemon Skunk Weed online. Lemon Kush jest krzy\u017c\u00f3wk\u0105 Master Kush i Lemon Joy, ma nisk\u0105 lub \u015bredni\u0105 wydajno\u015b\u0107. Polecany dla pacjent\u00f3w z HIV\/AIDS, jaskr\u0105, chorob\u0105 Parkinsona, l\u0119kiem, przewlek\u0142ym b\u00f3lem\u2026","og_url":"https:\/\/medicinasinc.com\/pl\/product\/kup-cytryn-skunk\/","og_site_name":"Medicinas Inc","article_modified_time":"2022-03-22T01:07:38+00:00","og_image":[{"width":2403,"height":2403,"url":"https:\/\/medicinasinc.com\/pl\/wp-content\/uploads\/sites\/13\/2022\/02\/Buy-Lemon-Skunk.jpg","type":"image\/jpeg"}],"twitter_card":"summary_large_image","twitter_misc":{"Est. reading time":"1 minute"},"schema":{"@context":"https:\/\/schema.org","@graph":[{"@type":"WebPage","@id":"https:\/\/medicinasinc.com\/pl\/product\/kup-cytryn-skunk\/","url":"https:\/\/medicinasinc.com\/pl\/product\/kup-cytryn-skunk\/","name":"Kup Lemon Skunk - najlepsze najlepsze globalne leki","isPartOf":{"@id":"https:\/\/medicinasinc.com\/pl\/#website"},"primaryImageOfPage":{"@id":"https:\/\/medicinasinc.com\/pl\/product\/kup-cytryn-skunk\/#primaryimage"},"image":{"@id":"https:\/\/medicinasinc.com\/pl\/product\/kup-cytryn-skunk\/#primaryimage"},"thumbnailUrl":"https:\/\/medicinasinc.com\/pl\/wp-content\/uploads\/sites\/13\/2022\/02\/Buy-Lemon-Skunk.jpg","datePublished":"2022-02-20T18:53:00+00:00","dateModified":"2022-03-22T01:07:38+00:00","description":"Kup Lemon Skunk Weed online. Lemon Kush jest krzy\u017c\u00f3wk\u0105 Master Kush i Lemon Joy, ma nisk\u0105 lub \u015bredni\u0105 wydajno\u015b\u0107. Polecany dla pacjent\u00f3w z HIV\/AIDS, jaskr\u0105, chorob\u0105 Parkinsona, l\u0119kiem, przewlek\u0142ym b\u00f3lem\u2026","breadcrumb":{"@id":"https:\/\/medicinasinc.com\/pl\/product\/kup-cytryn-skunk\/#breadcrumb"},"inLanguage":"en-US","potentialAction":[{"@type":"ReadAction","target":["https:\/\/medicinasinc.com\/pl\/product\/kup-cytryn-skunk\/"]}]},{"@type":"ImageObject","inLanguage":"en-US","@id":"https:\/\/medicinasinc.com\/pl\/product\/kup-cytryn-skunk\/#primaryimage","url":"https:\/\/medicinasinc.com\/pl\/wp-content\/uploads\/sites\/13\/2022\/02\/Buy-Lemon-Skunk.jpg","contentUrl":"https:\/\/medicinasinc.com\/pl\/wp-content\/uploads\/sites\/13\/2022\/02\/Buy-Lemon-Skunk.jpg","width":2403,"height":2403},{"@type":"BreadcrumbList","@id":"https:\/\/medicinasinc.com\/pl\/product\/kup-cytryn-skunk\/#breadcrumb","itemListElement":[{"@type":"ListItem","position":1,"name":"Sklep","item":"https:\/\/medicinasinc.com\/pl\/sklep\/"},{"@type":"ListItem","position":2,"name":"Kup Cytrynowy Skunk"}]},{"@type":"WebSite","@id":"https:\/\/medicinasinc.com\/pl\/#website","url":"https:\/\/medicinasinc.com\/pl\/","name":"Medicinas Inc","description":"Health Medical Clinic","potentialAction":[{"@type":"SearchAction","target":{"@type":"EntryPoint","urlTemplate":"https:\/\/medicinasinc.com\/pl\/?s={search_term_string}"},"query-input":{"@type":"PropertyValueSpecification","valueRequired":true,"valueName":"search_term_string"}}],"inLanguage":"en-US"}]}},"_links":{"self":[{"href":"https:\/\/medicinasinc.com\/pl\/wp-json\/wp\/v2\/product\/4996","targetHints":{"allow":["GET"]}}],"collection":[{"href":"https:\/\/medicinasinc.com\/pl\/wp-json\/wp\/v2\/product"}],"about":[{"href":"https:\/\/medicinasinc.com\/pl\/wp-json\/wp\/v2\/types\/product"}],"replies":[{"embeddable":true,"href":"https:\/\/medicinasinc.com\/pl\/wp-json\/wp\/v2\/comments?post=4996"}],"wp:featuredmedia":[{"embeddable":true,"href":"https:\/\/medicinasinc.com\/pl\/wp-json\/wp\/v2\/media\/5013"}],"wp:attachment":[{"href":"https:\/\/medicinasinc.com\/pl\/wp-json\/wp\/v2\/media?parent=4996"}],"wp:term":[{"taxonomy":"product_brand","embeddable":true,"href":"https:\/\/medicinasinc.com\/pl\/wp-json\/wp\/v2\/product_brand?post=4996"},{"taxonomy":"product_cat","embeddable":true,"href":"https:\/\/medicinasinc.com\/pl\/wp-json\/wp\/v2\/product_cat?post=4996"},{"taxonomy":"product_tag","embeddable":true,"href":"https:\/\/medicinasinc.com\/pl\/wp-json\/wp\/v2\/product_tag?post=4996"}],"curies":[{"name":"wp","href":"https:\/\/api.w.org\/{rel}","templated":true}]}}