{"id":4995,"date":"2022-02-20T18:51:43","date_gmt":"2022-02-20T18:51:43","guid":{"rendered":"https:\/\/medicinasinc.com\/pl\/?post_type=product&#038;p=4995"},"modified":"2022-03-22T01:07:47","modified_gmt":"2022-03-22T01:07:47","slug":"kup-cytryne-i-marihuane","status":"publish","type":"product","link":"https:\/\/medicinasinc.com\/pl\/product\/kup-cytryne-i-marihuane\/","title":{"rendered":"Kup Lemon OG Marihuana"},"content":{"rendered":"<p>Szczep Marihuana Lemon OG do sprzeda\u017cy online.<\/p>\n<p>Szczep Marihuana Lemon OG do sprzeda\u017cy online.<\/p>\n<p>Kreatywne, energetyzuj\u0105ce, skupiaj\u0105ce si\u0119, szcz\u0119\u015bliwe i relaksuj\u0105ce efekty<br \/> Prawdopodobnie przynosi ulg\u0119 Smaki chronicznego b\u00f3lu, bezsenno\u015bci, utraty apetytu i stresu<br \/>Cytrusowe, pikantne<br \/>Aromaty<br \/>Cytrusowe, ziemiste, cytrynowe, cierpkie i cierpkie<\/p>\n","protected":false},"excerpt":{"rendered":"<p>Kup marihuan\u0119 Lemon OG (AA) w Europie, Wielkiej Brytanii i Kanadzie z najwi\u0119kszej na \u015bwiecie internetowej apteki, Buy My Weed Online.<\/p>\n<p>Lemon OG Marihuana Strain do sprzeda\u017cy online. <\/p>\n<p>Kup online szczep cytryny i marihuany. Hybrydowy &#8211; 50% Sativa\/50% Indica Indica o zawarto\u015bci THC: 22%, Indica o zawarto\u015bci CBN: 1%<\/p>\n","protected":false},"featured_media":5007,"comment_status":"open","ping_status":"closed","template":"","meta":[],"product_brand":[],"product_cat":[778],"product_tag":[924,930,927,928,926,929,931,925],"class_list":{"0":"post-4995","1":"product","2":"type-product","3":"status-publish","4":"has-post-thumbnail","6":"product_cat-chwast-na-sprzeda","7":"product_tag-bruce-lemon-diesel","8":"product_tag-cytryna-zkittle-holenderska-pasja","9":"product_tag-cytryna-kush-na-sprzedaz","10":"product_tag-cytrynowo-liciastym","11":"product_tag-kush-seedsman","12":"product_tag-lemon-og-strain-allbud","13":"product_tag-punch-og","14":"product_tag-eskie-nasiona-cytryny-kush","16":"first","17":"instock","18":"shipping-taxable","19":"purchasable","20":"product-type-variable"},"yoast_head":"<!-- This site is optimized with the Yoast SEO plugin v27.3 - https:\/\/yoast.com\/product\/yoast-seo-wordpress\/ -->\n<title>Kup online szczep marihuany Lemon OG - najlepsze leki na \u015bwiecie<\/title>\n<meta name=\"description\" content=\"Kup marihuan\u0119 Lemon OG (AA) na sprzeda\u017c w Europie, Wielkiej Brytanii, Kanadzie w najwi\u0119kszej internetowej aptece Buy My Weed Online.\" \/>\n<meta name=\"robots\" content=\"index, follow, max-snippet:-1, max-image-preview:large, max-video-preview:-1\" \/>\n<link rel=\"canonical\" href=\"https:\/\/medicinasinc.com\/pl\/product\/kup-cytryne-i-marihuane\/\" \/>\n<meta property=\"og:locale\" content=\"en_US\" \/>\n<meta property=\"og:type\" content=\"article\" \/>\n<meta property=\"og:title\" content=\"Kup online szczep marihuany Lemon OG - najlepsze leki na \u015bwiecie\" \/>\n<meta property=\"og:description\" content=\"Kup marihuan\u0119 Lemon OG (AA) na sprzeda\u017c w Europie, Wielkiej Brytanii, Kanadzie w najwi\u0119kszej internetowej aptece Buy My Weed Online.\" \/>\n<meta property=\"og:url\" content=\"https:\/\/medicinasinc.com\/pl\/product\/kup-cytryne-i-marihuane\/\" \/>\n<meta property=\"og:site_name\" content=\"Medicinas Inc\" \/>\n<meta property=\"article:modified_time\" content=\"2022-03-22T01:07:47+00:00\" \/>\n<meta property=\"og:image\" content=\"https:\/\/medicinasinc.com\/pl\/wp-content\/uploads\/sites\/13\/2022\/02\/Buy-Lemon-OG.jpg\" \/>\n\t<meta property=\"og:image:width\" content=\"2000\" \/>\n\t<meta property=\"og:image:height\" content=\"2000\" \/>\n\t<meta property=\"og:image:type\" content=\"image\/jpeg\" \/>\n<meta name=\"twitter:card\" content=\"summary_large_image\" \/>\n<meta name=\"twitter:label1\" content=\"Est. reading time\" \/>\n\t<meta name=\"twitter:data1\" content=\"1 minute\" \/>\n<script type=\"application\/ld+json\" class=\"yoast-schema-graph\">{\"@context\":\"https:\\\/\\\/schema.org\",\"@graph\":[{\"@type\":\"WebPage\",\"@id\":\"https:\\\/\\\/medicinasinc.com\\\/pl\\\/product\\\/kup-cytryne-i-marihuane\\\/\",\"url\":\"https:\\\/\\\/medicinasinc.com\\\/pl\\\/product\\\/kup-cytryne-i-marihuane\\\/\",\"name\":\"Kup online szczep marihuany Lemon OG - najlepsze leki na \u015bwiecie\",\"isPartOf\":{\"@id\":\"https:\\\/\\\/medicinasinc.com\\\/pl\\\/#website\"},\"primaryImageOfPage\":{\"@id\":\"https:\\\/\\\/medicinasinc.com\\\/pl\\\/product\\\/kup-cytryne-i-marihuane\\\/#primaryimage\"},\"image\":{\"@id\":\"https:\\\/\\\/medicinasinc.com\\\/pl\\\/product\\\/kup-cytryne-i-marihuane\\\/#primaryimage\"},\"thumbnailUrl\":\"https:\\\/\\\/medicinasinc.com\\\/pl\\\/wp-content\\\/uploads\\\/sites\\\/13\\\/2022\\\/02\\\/Buy-Lemon-OG.jpg\",\"datePublished\":\"2022-02-20T18:51:43+00:00\",\"dateModified\":\"2022-03-22T01:07:47+00:00\",\"description\":\"Kup marihuan\u0119 Lemon OG (AA) na sprzeda\u017c w Europie, Wielkiej Brytanii, Kanadzie w najwi\u0119kszej internetowej aptece Buy My Weed Online.\",\"breadcrumb\":{\"@id\":\"https:\\\/\\\/medicinasinc.com\\\/pl\\\/product\\\/kup-cytryne-i-marihuane\\\/#breadcrumb\"},\"inLanguage\":\"en-US\",\"potentialAction\":[{\"@type\":\"ReadAction\",\"target\":[\"https:\\\/\\\/medicinasinc.com\\\/pl\\\/product\\\/kup-cytryne-i-marihuane\\\/\"]}]},{\"@type\":\"ImageObject\",\"inLanguage\":\"en-US\",\"@id\":\"https:\\\/\\\/medicinasinc.com\\\/pl\\\/product\\\/kup-cytryne-i-marihuane\\\/#primaryimage\",\"url\":\"https:\\\/\\\/medicinasinc.com\\\/pl\\\/wp-content\\\/uploads\\\/sites\\\/13\\\/2022\\\/02\\\/Buy-Lemon-OG.jpg\",\"contentUrl\":\"https:\\\/\\\/medicinasinc.com\\\/pl\\\/wp-content\\\/uploads\\\/sites\\\/13\\\/2022\\\/02\\\/Buy-Lemon-OG.jpg\",\"width\":2000,\"height\":2000},{\"@type\":\"BreadcrumbList\",\"@id\":\"https:\\\/\\\/medicinasinc.com\\\/pl\\\/product\\\/kup-cytryne-i-marihuane\\\/#breadcrumb\",\"itemListElement\":[{\"@type\":\"ListItem\",\"position\":1,\"name\":\"Sklep\",\"item\":\"https:\\\/\\\/medicinasinc.com\\\/pl\\\/sklep\\\/\"},{\"@type\":\"ListItem\",\"position\":2,\"name\":\"Kup Lemon OG Marihuana\"}]},{\"@type\":\"WebSite\",\"@id\":\"https:\\\/\\\/medicinasinc.com\\\/pl\\\/#website\",\"url\":\"https:\\\/\\\/medicinasinc.com\\\/pl\\\/\",\"name\":\"Medicinas Inc\",\"description\":\"Health Medical Clinic\",\"potentialAction\":[{\"@type\":\"SearchAction\",\"target\":{\"@type\":\"EntryPoint\",\"urlTemplate\":\"https:\\\/\\\/medicinasinc.com\\\/pl\\\/?s={search_term_string}\"},\"query-input\":{\"@type\":\"PropertyValueSpecification\",\"valueRequired\":true,\"valueName\":\"search_term_string\"}}],\"inLanguage\":\"en-US\"}]}<\/script>\n<!-- \/ Yoast SEO plugin. -->","yoast_head_json":{"title":"Kup online szczep marihuany Lemon OG - najlepsze leki na \u015bwiecie","description":"Kup marihuan\u0119 Lemon OG (AA) na sprzeda\u017c w Europie, Wielkiej Brytanii, Kanadzie w najwi\u0119kszej internetowej aptece Buy My Weed Online.","robots":{"index":"index","follow":"follow","max-snippet":"max-snippet:-1","max-image-preview":"max-image-preview:large","max-video-preview":"max-video-preview:-1"},"canonical":"https:\/\/medicinasinc.com\/pl\/product\/kup-cytryne-i-marihuane\/","og_locale":"en_US","og_type":"article","og_title":"Kup online szczep marihuany Lemon OG - najlepsze leki na \u015bwiecie","og_description":"Kup marihuan\u0119 Lemon OG (AA) na sprzeda\u017c w Europie, Wielkiej Brytanii, Kanadzie w najwi\u0119kszej internetowej aptece Buy My Weed Online.","og_url":"https:\/\/medicinasinc.com\/pl\/product\/kup-cytryne-i-marihuane\/","og_site_name":"Medicinas Inc","article_modified_time":"2022-03-22T01:07:47+00:00","og_image":[{"width":2000,"height":2000,"url":"https:\/\/medicinasinc.com\/pl\/wp-content\/uploads\/sites\/13\/2022\/02\/Buy-Lemon-OG.jpg","type":"image\/jpeg"}],"twitter_card":"summary_large_image","twitter_misc":{"Est. reading time":"1 minute"},"schema":{"@context":"https:\/\/schema.org","@graph":[{"@type":"WebPage","@id":"https:\/\/medicinasinc.com\/pl\/product\/kup-cytryne-i-marihuane\/","url":"https:\/\/medicinasinc.com\/pl\/product\/kup-cytryne-i-marihuane\/","name":"Kup online szczep marihuany Lemon OG - najlepsze leki na \u015bwiecie","isPartOf":{"@id":"https:\/\/medicinasinc.com\/pl\/#website"},"primaryImageOfPage":{"@id":"https:\/\/medicinasinc.com\/pl\/product\/kup-cytryne-i-marihuane\/#primaryimage"},"image":{"@id":"https:\/\/medicinasinc.com\/pl\/product\/kup-cytryne-i-marihuane\/#primaryimage"},"thumbnailUrl":"https:\/\/medicinasinc.com\/pl\/wp-content\/uploads\/sites\/13\/2022\/02\/Buy-Lemon-OG.jpg","datePublished":"2022-02-20T18:51:43+00:00","dateModified":"2022-03-22T01:07:47+00:00","description":"Kup marihuan\u0119 Lemon OG (AA) na sprzeda\u017c w Europie, Wielkiej Brytanii, Kanadzie w najwi\u0119kszej internetowej aptece Buy My Weed Online.","breadcrumb":{"@id":"https:\/\/medicinasinc.com\/pl\/product\/kup-cytryne-i-marihuane\/#breadcrumb"},"inLanguage":"en-US","potentialAction":[{"@type":"ReadAction","target":["https:\/\/medicinasinc.com\/pl\/product\/kup-cytryne-i-marihuane\/"]}]},{"@type":"ImageObject","inLanguage":"en-US","@id":"https:\/\/medicinasinc.com\/pl\/product\/kup-cytryne-i-marihuane\/#primaryimage","url":"https:\/\/medicinasinc.com\/pl\/wp-content\/uploads\/sites\/13\/2022\/02\/Buy-Lemon-OG.jpg","contentUrl":"https:\/\/medicinasinc.com\/pl\/wp-content\/uploads\/sites\/13\/2022\/02\/Buy-Lemon-OG.jpg","width":2000,"height":2000},{"@type":"BreadcrumbList","@id":"https:\/\/medicinasinc.com\/pl\/product\/kup-cytryne-i-marihuane\/#breadcrumb","itemListElement":[{"@type":"ListItem","position":1,"name":"Sklep","item":"https:\/\/medicinasinc.com\/pl\/sklep\/"},{"@type":"ListItem","position":2,"name":"Kup Lemon OG Marihuana"}]},{"@type":"WebSite","@id":"https:\/\/medicinasinc.com\/pl\/#website","url":"https:\/\/medicinasinc.com\/pl\/","name":"Medicinas Inc","description":"Health Medical Clinic","potentialAction":[{"@type":"SearchAction","target":{"@type":"EntryPoint","urlTemplate":"https:\/\/medicinasinc.com\/pl\/?s={search_term_string}"},"query-input":{"@type":"PropertyValueSpecification","valueRequired":true,"valueName":"search_term_string"}}],"inLanguage":"en-US"}]}},"_links":{"self":[{"href":"https:\/\/medicinasinc.com\/pl\/wp-json\/wp\/v2\/product\/4995","targetHints":{"allow":["GET"]}}],"collection":[{"href":"https:\/\/medicinasinc.com\/pl\/wp-json\/wp\/v2\/product"}],"about":[{"href":"https:\/\/medicinasinc.com\/pl\/wp-json\/wp\/v2\/types\/product"}],"replies":[{"embeddable":true,"href":"https:\/\/medicinasinc.com\/pl\/wp-json\/wp\/v2\/comments?post=4995"}],"wp:featuredmedia":[{"embeddable":true,"href":"https:\/\/medicinasinc.com\/pl\/wp-json\/wp\/v2\/media\/5007"}],"wp:attachment":[{"href":"https:\/\/medicinasinc.com\/pl\/wp-json\/wp\/v2\/media?parent=4995"}],"wp:term":[{"taxonomy":"product_brand","embeddable":true,"href":"https:\/\/medicinasinc.com\/pl\/wp-json\/wp\/v2\/product_brand?post=4995"},{"taxonomy":"product_cat","embeddable":true,"href":"https:\/\/medicinasinc.com\/pl\/wp-json\/wp\/v2\/product_cat?post=4995"},{"taxonomy":"product_tag","embeddable":true,"href":"https:\/\/medicinasinc.com\/pl\/wp-json\/wp\/v2\/product_tag?post=4995"}],"curies":[{"name":"wp","href":"https:\/\/api.w.org\/{rel}","templated":true}]}}