{"id":4971,"date":"2022-02-20T18:31:57","date_gmt":"2022-02-20T18:31:57","guid":{"rendered":"https:\/\/medicinasinc.com\/pl\/?post_type=product&#038;p=4971"},"modified":"2022-03-22T01:07:55","modified_gmt":"2022-03-22T01:07:55","slug":"kup-khalifa-kush","status":"publish","type":"product","link":"https:\/\/medicinasinc.com\/pl\/product\/kup-khalifa-kush\/","title":{"rendered":"Kup Khalifa Kush"},"content":{"rendered":"<p>Zakup marihuany Khalifa Kush online.<\/p>\n<p>Zakup marihuany Khalifa Kush online.<\/p>\n<p>M\u00f3zgowe, kreatywne, euforyczne i relaksuj\u0105ce efekty<br \/> Mo\u017ce pom\u00f3c w z\u0142agodzeniu Zapalenie staw\u00f3w, przewlek\u0142y b\u00f3l, depresja, zm\u0119czenie, b\u00f3le g\u0142owy, utrata apetytu, migreny, nudno\u015bci, zesp\u00f3\u0142 stresu pourazowego i stresowe smaki<br \/>cytrynowy, cytrusowy, sosnowy i s\u0142odki<\/p>\n","protected":false},"excerpt":{"rendered":"<p>Zakup online Khalifa Kush Khalifa Kush na sprzeda\u017c online Najlepsza medyczna marihuana Khalifa na sprzeda\u017c w mojej okolicy Kup medyczn\u0105 marihuan\u0119 online Kup medyczn\u0105 marihuan\u0119 online.<\/p>\n<p>Co powiniene\u015b wiedzie\u0107 przed zakupem Wiz Khalifa OG? Wiz Khalifa OG, cz\u0119sto znana jako Khalifa Kush, to hybrydowa odmiana konopi. Kup\u00a0online!<\/p>\n<p>Smak i aromat khalifa kush to cytrusy i sosna. Stosowany medycznie khalifa kush mo\u017ce by\u0107 skuteczny w przypadku zm\u0119czenia, napi\u0119cia, l\u0119ku i depresji, podczas gdy wysoka zawarto\u015b\u0107 CBD jest doskona\u0142a w przypadku powa\u017cniejszych zaburze\u0144. St\u0119\u017cenie THC khalifa kush waha si\u0119 od 15% do 29%.<\/p>\n<p>OG Hybrid Genetics Cytryna x Ziemia x Sosna Kush Szcz\u0119\u015bcie x Euforia x Relaks x Kreatywno\u015b\u0107 x Podnoszenie na duchu<\/p>\n<p>Zakup Khalifa online Kush Marihuana.<\/p>\n<p>Dominuj\u0105ca hybryda &#8211; 80% Indica \/ 20% Sativa THC: 24\u201326%<\/p>\n","protected":false},"featured_media":4985,"comment_status":"open","ping_status":"closed","template":"","meta":[],"product_brand":[],"product_cat":[778],"product_tag":[],"class_list":{"0":"post-4971","1":"product","2":"type-product","3":"status-publish","4":"has-post-thumbnail","6":"product_cat-chwast-na-sprzeda","8":"first","9":"instock","10":"shipping-taxable","11":"purchasable","12":"product-type-variable","13":"has-default-attributes"},"yoast_head":"<!-- This site is optimized with the Yoast SEO plugin v27.3 - https:\/\/yoast.com\/product\/yoast-seo-wordpress\/ -->\n<title>Kup marihuan\u0119 Khalifa Kush online - najlepsze \u015bwiatowe leki<\/title>\n<meta name=\"description\" content=\"Kup Khalifa Kush Online Khalifa Kush na sprzeda\u017c online Top Medical Khalifa Cannabis na sprzeda\u017c blisko mnie Kup Medical Cannabis Online Kup Medical Marijuana online.\" \/>\n<meta name=\"robots\" content=\"index, follow, max-snippet:-1, max-image-preview:large, max-video-preview:-1\" \/>\n<link rel=\"canonical\" href=\"https:\/\/medicinasinc.com\/pl\/product\/kup-khalifa-kush\/\" \/>\n<meta property=\"og:locale\" content=\"en_US\" \/>\n<meta property=\"og:type\" content=\"article\" \/>\n<meta property=\"og:title\" content=\"Kup marihuan\u0119 Khalifa Kush online - najlepsze \u015bwiatowe leki\" \/>\n<meta property=\"og:description\" content=\"Kup Khalifa Kush Online Khalifa Kush na sprzeda\u017c online Top Medical Khalifa Cannabis na sprzeda\u017c blisko mnie Kup Medical Cannabis Online Kup Medical Marijuana online.\" \/>\n<meta property=\"og:url\" content=\"https:\/\/medicinasinc.com\/pl\/product\/kup-khalifa-kush\/\" \/>\n<meta property=\"og:site_name\" content=\"Medicinas Inc\" \/>\n<meta property=\"article:modified_time\" content=\"2022-03-22T01:07:55+00:00\" \/>\n<meta property=\"og:image\" content=\"https:\/\/medicinasinc.com\/pl\/wp-content\/uploads\/sites\/13\/2022\/02\/Buy-Khalifa-Kush.jpeg\" \/>\n\t<meta property=\"og:image:width\" content=\"1141\" \/>\n\t<meta property=\"og:image:height\" content=\"1064\" \/>\n\t<meta property=\"og:image:type\" content=\"image\/jpeg\" \/>\n<meta name=\"twitter:card\" content=\"summary_large_image\" \/>\n<meta name=\"twitter:label1\" content=\"Est. reading time\" \/>\n\t<meta name=\"twitter:data1\" content=\"1 minute\" \/>\n<script type=\"application\/ld+json\" class=\"yoast-schema-graph\">{\"@context\":\"https:\\\/\\\/schema.org\",\"@graph\":[{\"@type\":\"WebPage\",\"@id\":\"https:\\\/\\\/medicinasinc.com\\\/pl\\\/product\\\/kup-khalifa-kush\\\/\",\"url\":\"https:\\\/\\\/medicinasinc.com\\\/pl\\\/product\\\/kup-khalifa-kush\\\/\",\"name\":\"Kup marihuan\u0119 Khalifa Kush online - najlepsze \u015bwiatowe leki\",\"isPartOf\":{\"@id\":\"https:\\\/\\\/medicinasinc.com\\\/pl\\\/#website\"},\"primaryImageOfPage\":{\"@id\":\"https:\\\/\\\/medicinasinc.com\\\/pl\\\/product\\\/kup-khalifa-kush\\\/#primaryimage\"},\"image\":{\"@id\":\"https:\\\/\\\/medicinasinc.com\\\/pl\\\/product\\\/kup-khalifa-kush\\\/#primaryimage\"},\"thumbnailUrl\":\"https:\\\/\\\/medicinasinc.com\\\/pl\\\/wp-content\\\/uploads\\\/sites\\\/13\\\/2022\\\/02\\\/Buy-Khalifa-Kush.jpeg\",\"datePublished\":\"2022-02-20T18:31:57+00:00\",\"dateModified\":\"2022-03-22T01:07:55+00:00\",\"description\":\"Kup Khalifa Kush Online Khalifa Kush na sprzeda\u017c online Top Medical Khalifa Cannabis na sprzeda\u017c blisko mnie Kup Medical Cannabis Online Kup Medical Marijuana online.\",\"breadcrumb\":{\"@id\":\"https:\\\/\\\/medicinasinc.com\\\/pl\\\/product\\\/kup-khalifa-kush\\\/#breadcrumb\"},\"inLanguage\":\"en-US\",\"potentialAction\":[{\"@type\":\"ReadAction\",\"target\":[\"https:\\\/\\\/medicinasinc.com\\\/pl\\\/product\\\/kup-khalifa-kush\\\/\"]}]},{\"@type\":\"ImageObject\",\"inLanguage\":\"en-US\",\"@id\":\"https:\\\/\\\/medicinasinc.com\\\/pl\\\/product\\\/kup-khalifa-kush\\\/#primaryimage\",\"url\":\"https:\\\/\\\/medicinasinc.com\\\/pl\\\/wp-content\\\/uploads\\\/sites\\\/13\\\/2022\\\/02\\\/Buy-Khalifa-Kush.jpeg\",\"contentUrl\":\"https:\\\/\\\/medicinasinc.com\\\/pl\\\/wp-content\\\/uploads\\\/sites\\\/13\\\/2022\\\/02\\\/Buy-Khalifa-Kush.jpeg\",\"width\":1141,\"height\":1064},{\"@type\":\"BreadcrumbList\",\"@id\":\"https:\\\/\\\/medicinasinc.com\\\/pl\\\/product\\\/kup-khalifa-kush\\\/#breadcrumb\",\"itemListElement\":[{\"@type\":\"ListItem\",\"position\":1,\"name\":\"Sklep\",\"item\":\"https:\\\/\\\/medicinasinc.com\\\/pl\\\/sklep\\\/\"},{\"@type\":\"ListItem\",\"position\":2,\"name\":\"Kup Khalifa Kush\"}]},{\"@type\":\"WebSite\",\"@id\":\"https:\\\/\\\/medicinasinc.com\\\/pl\\\/#website\",\"url\":\"https:\\\/\\\/medicinasinc.com\\\/pl\\\/\",\"name\":\"Medicinas Inc\",\"description\":\"Health Medical Clinic\",\"potentialAction\":[{\"@type\":\"SearchAction\",\"target\":{\"@type\":\"EntryPoint\",\"urlTemplate\":\"https:\\\/\\\/medicinasinc.com\\\/pl\\\/?s={search_term_string}\"},\"query-input\":{\"@type\":\"PropertyValueSpecification\",\"valueRequired\":true,\"valueName\":\"search_term_string\"}}],\"inLanguage\":\"en-US\"}]}<\/script>\n<!-- \/ Yoast SEO plugin. -->","yoast_head_json":{"title":"Kup marihuan\u0119 Khalifa Kush online - najlepsze \u015bwiatowe leki","description":"Kup Khalifa Kush Online Khalifa Kush na sprzeda\u017c online Top Medical Khalifa Cannabis na sprzeda\u017c blisko mnie Kup Medical Cannabis Online Kup Medical Marijuana online.","robots":{"index":"index","follow":"follow","max-snippet":"max-snippet:-1","max-image-preview":"max-image-preview:large","max-video-preview":"max-video-preview:-1"},"canonical":"https:\/\/medicinasinc.com\/pl\/product\/kup-khalifa-kush\/","og_locale":"en_US","og_type":"article","og_title":"Kup marihuan\u0119 Khalifa Kush online - najlepsze \u015bwiatowe leki","og_description":"Kup Khalifa Kush Online Khalifa Kush na sprzeda\u017c online Top Medical Khalifa Cannabis na sprzeda\u017c blisko mnie Kup Medical Cannabis Online Kup Medical Marijuana online.","og_url":"https:\/\/medicinasinc.com\/pl\/product\/kup-khalifa-kush\/","og_site_name":"Medicinas Inc","article_modified_time":"2022-03-22T01:07:55+00:00","og_image":[{"width":1141,"height":1064,"url":"https:\/\/medicinasinc.com\/pl\/wp-content\/uploads\/sites\/13\/2022\/02\/Buy-Khalifa-Kush.jpeg","type":"image\/jpeg"}],"twitter_card":"summary_large_image","twitter_misc":{"Est. reading time":"1 minute"},"schema":{"@context":"https:\/\/schema.org","@graph":[{"@type":"WebPage","@id":"https:\/\/medicinasinc.com\/pl\/product\/kup-khalifa-kush\/","url":"https:\/\/medicinasinc.com\/pl\/product\/kup-khalifa-kush\/","name":"Kup marihuan\u0119 Khalifa Kush online - najlepsze \u015bwiatowe leki","isPartOf":{"@id":"https:\/\/medicinasinc.com\/pl\/#website"},"primaryImageOfPage":{"@id":"https:\/\/medicinasinc.com\/pl\/product\/kup-khalifa-kush\/#primaryimage"},"image":{"@id":"https:\/\/medicinasinc.com\/pl\/product\/kup-khalifa-kush\/#primaryimage"},"thumbnailUrl":"https:\/\/medicinasinc.com\/pl\/wp-content\/uploads\/sites\/13\/2022\/02\/Buy-Khalifa-Kush.jpeg","datePublished":"2022-02-20T18:31:57+00:00","dateModified":"2022-03-22T01:07:55+00:00","description":"Kup Khalifa Kush Online Khalifa Kush na sprzeda\u017c online Top Medical Khalifa Cannabis na sprzeda\u017c blisko mnie Kup Medical Cannabis Online Kup Medical Marijuana online.","breadcrumb":{"@id":"https:\/\/medicinasinc.com\/pl\/product\/kup-khalifa-kush\/#breadcrumb"},"inLanguage":"en-US","potentialAction":[{"@type":"ReadAction","target":["https:\/\/medicinasinc.com\/pl\/product\/kup-khalifa-kush\/"]}]},{"@type":"ImageObject","inLanguage":"en-US","@id":"https:\/\/medicinasinc.com\/pl\/product\/kup-khalifa-kush\/#primaryimage","url":"https:\/\/medicinasinc.com\/pl\/wp-content\/uploads\/sites\/13\/2022\/02\/Buy-Khalifa-Kush.jpeg","contentUrl":"https:\/\/medicinasinc.com\/pl\/wp-content\/uploads\/sites\/13\/2022\/02\/Buy-Khalifa-Kush.jpeg","width":1141,"height":1064},{"@type":"BreadcrumbList","@id":"https:\/\/medicinasinc.com\/pl\/product\/kup-khalifa-kush\/#breadcrumb","itemListElement":[{"@type":"ListItem","position":1,"name":"Sklep","item":"https:\/\/medicinasinc.com\/pl\/sklep\/"},{"@type":"ListItem","position":2,"name":"Kup Khalifa Kush"}]},{"@type":"WebSite","@id":"https:\/\/medicinasinc.com\/pl\/#website","url":"https:\/\/medicinasinc.com\/pl\/","name":"Medicinas Inc","description":"Health Medical Clinic","potentialAction":[{"@type":"SearchAction","target":{"@type":"EntryPoint","urlTemplate":"https:\/\/medicinasinc.com\/pl\/?s={search_term_string}"},"query-input":{"@type":"PropertyValueSpecification","valueRequired":true,"valueName":"search_term_string"}}],"inLanguage":"en-US"}]}},"_links":{"self":[{"href":"https:\/\/medicinasinc.com\/pl\/wp-json\/wp\/v2\/product\/4971","targetHints":{"allow":["GET"]}}],"collection":[{"href":"https:\/\/medicinasinc.com\/pl\/wp-json\/wp\/v2\/product"}],"about":[{"href":"https:\/\/medicinasinc.com\/pl\/wp-json\/wp\/v2\/types\/product"}],"replies":[{"embeddable":true,"href":"https:\/\/medicinasinc.com\/pl\/wp-json\/wp\/v2\/comments?post=4971"}],"wp:featuredmedia":[{"embeddable":true,"href":"https:\/\/medicinasinc.com\/pl\/wp-json\/wp\/v2\/media\/4985"}],"wp:attachment":[{"href":"https:\/\/medicinasinc.com\/pl\/wp-json\/wp\/v2\/media?parent=4971"}],"wp:term":[{"taxonomy":"product_brand","embeddable":true,"href":"https:\/\/medicinasinc.com\/pl\/wp-json\/wp\/v2\/product_brand?post=4971"},{"taxonomy":"product_cat","embeddable":true,"href":"https:\/\/medicinasinc.com\/pl\/wp-json\/wp\/v2\/product_cat?post=4971"},{"taxonomy":"product_tag","embeddable":true,"href":"https:\/\/medicinasinc.com\/pl\/wp-json\/wp\/v2\/product_tag?post=4971"}],"curies":[{"name":"wp","href":"https:\/\/api.w.org\/{rel}","templated":true}]}}