{"id":4970,"date":"2022-02-20T18:30:09","date_gmt":"2022-02-20T18:30:09","guid":{"rendered":"https:\/\/medicinasinc.com\/pl\/?post_type=product&#038;p=4970"},"modified":"2022-03-22T01:08:04","modified_gmt":"2022-03-22T01:08:04","slug":"kup-jezus-i-chwastow","status":"publish","type":"product","link":"https:\/\/medicinasinc.com\/pl\/product\/kup-jezus-i-chwastow\/","title":{"rendered":"Kup Jezusa OG Weed"},"content":{"rendered":"<p>Jesus OG Marihuana szczep mo\u017cna kupi\u0107 online. Jesus OG to hybryda z dominacj\u0105 Sativy &#8211; 80% Sativy. Sativa \/ 20% Indica THC: 21% &#8211; 25%<\/p>\n<p>Energetyczne, euforyczne, skoncentrowane, radosne i podnosz\u0105ce na duchu efekty mog\u0105 \u0142agodzi\u0107 ADD\/ADHD, chorob\u0119 afektywn\u0105 dwubiegunow\u0105, przewlek\u0142y b\u00f3l, depresj\u0119, zm\u0119czenie, b\u00f3le g\u0142owy, migreny, Nudno\u015bci, zesp\u00f3\u0142 stresu pourazowego i smak stresu<br \/>Cytryna, igliwie sosny, s\u0142odki i pikantny<br \/>Aromaty<br \/> Cytrynowy, ostry i s\u0142odki<\/p>\n","protected":false},"excerpt":{"rendered":"<p>Kup Jezus OG Marihuana Szczep online. Odmiana Jesus og marihuany to hybryda dominuj\u0105ca Sativa &#8211; 80% Sativa \/ 20% Indica THC: 21% \u2013 25%<\/p>\n","protected":false},"featured_media":4983,"comment_status":"open","ping_status":"closed","template":"","meta":[],"product_brand":[],"product_cat":[778],"product_tag":[920,885,887,888,889,892,626,895,899,901,477,904,905,919,906,907,908,913,914,918,917,916,890,473,903,470,894,455,902,459,896,897,893,900,898,614,886,921,912,911,909,910,891,922,923,915],"class_list":{"0":"post-4970","1":"product","2":"type-product","3":"status-publish","4":"has-post-thumbnail","6":"product_cat-chwast-na-sprzeda","7":"product_tag-pacyfik-bank-nasion-automatycznie-kwitncy","8":"product_tag-best-marijuana-strains","9":"product_tag-bipolar-disorder","10":"product_tag-blue-dream-marijuana-strain","11":"product_tag-buy-ace-killer-og-marijuana","12":"product_tag-buy-illegal-weed-online","13":"product_tag-buy-legal-weed-online","14":"product_tag-buy-marijuana-online-no-medical-card","15":"product_tag-buy-real-weed-online","16":"product_tag-buy-skunk-online-uk","17":"product_tag-buying-weed-online","18":"product_tag-charlottes-web-cannabis-strain","19":"product_tag-chroniczny-bl","20":"product_tag-cytryna-i-autoflower","21":"product_tag-dawg-cookies-indica-strain","22":"product_tag-depresja","23":"product_tag-dispensaries-near-me-open-now","24":"product_tag-dispensary-weed-strains","25":"product_tag-edibles-online-no-medical-card","26":"product_tag-jesus-og-strain","27":"product_tag-jezus-i-nasienie","28":"product_tag-jezus-og-feminizowane-nasiona","29":"product_tag-kup-ahoe-hydro-og-indica","30":"product_tag-kup-chwastw-online-europa","31":"product_tag-kup-chwastw-onlne-uk","32":"product_tag-kup-chwastw-online","33":"product_tag-kup-khalifa-kush-marihuana","34":"product_tag-kup-marihuan-online","35":"product_tag-kup-chwastw-online-kup-marihuany-online","36":"product_tag-kubek-marihuany-c4-99-online-usa","37":"product_tag-kup-medyczny-olej-konopny-online","38":"product_tag-kup-moja-chwastw-recenzja-online","39":"product_tag-kup-jezus-og-marihuana-szczep-online","40":"product_tag-kup-rekreacyjne-chwasty-online","41":"product_tag-kup-prezydencki-kush-szczep","42":"product_tag-najlepsza-przychodnia-online","43":"product_tag-najlepsza-online-przychodnia-kanada","44":"product_tag-platyna-i-kush-seed","45":"product_tag-ambulatorium-blisko-mnie-rekreacyjne","46":"product_tag-przychodnia-w-pobliu-otwarta-pna","47":"product_tag-przychodnie-ktre-nie-wymagaj-karty-medycznej-blisko-me","48":"product_tag-przychodnie-e-statek-poza-stanem","49":"product_tag-kup-lody-marihuany-online","50":"product_tag-tga-subcool-jezus-og","51":"product_tag-yoda-og-hodowca","52":"product_tag-zmczenie","54":"first","55":"instock","56":"shipping-taxable","57":"purchasable","58":"product-type-variable","59":"has-default-attributes"},"yoast_head":"<!-- This site is optimized with the Yoast SEO plugin v27.3 - https:\/\/yoast.com\/product\/yoast-seo-wordpress\/ -->\n<title>Kup szczep marihuany Jesus OG Weed - Best Global Meds<\/title>\n<meta name=\"description\" content=\"Kup szczep Jesus OG Marihuana na sprzeda\u017c online. Odmiana Jesus og marihuany to hybryda dominuj\u0105ca Sativa \u2013 80% Sativa \/ 20% Indica THC: 21% \u2013 25%\" \/>\n<meta name=\"robots\" content=\"index, follow, max-snippet:-1, max-image-preview:large, max-video-preview:-1\" \/>\n<link rel=\"canonical\" href=\"https:\/\/medicinasinc.com\/pl\/product\/kup-jezus-i-chwastow\/\" \/>\n<meta property=\"og:locale\" content=\"en_US\" \/>\n<meta property=\"og:type\" content=\"article\" \/>\n<meta property=\"og:title\" content=\"Kup szczep marihuany Jesus OG Weed - Best Global Meds\" \/>\n<meta property=\"og:description\" content=\"Kup szczep Jesus OG Marihuana na sprzeda\u017c online. Odmiana Jesus og marihuany to hybryda dominuj\u0105ca Sativa \u2013 80% Sativa \/ 20% Indica THC: 21% \u2013 25%\" \/>\n<meta property=\"og:url\" content=\"https:\/\/medicinasinc.com\/pl\/product\/kup-jezus-i-chwastow\/\" \/>\n<meta property=\"og:site_name\" content=\"Medicinas Inc\" \/>\n<meta property=\"article:modified_time\" content=\"2022-03-22T01:08:04+00:00\" \/>\n<meta property=\"og:image\" content=\"https:\/\/medicinasinc.com\/pl\/wp-content\/uploads\/sites\/13\/2022\/02\/buy-Jesus-OG.png\" \/>\n\t<meta property=\"og:image:width\" content=\"600\" \/>\n\t<meta property=\"og:image:height\" content=\"600\" \/>\n\t<meta property=\"og:image:type\" content=\"image\/png\" \/>\n<meta name=\"twitter:card\" content=\"summary_large_image\" \/>\n<meta name=\"twitter:label1\" content=\"Est. reading time\" \/>\n\t<meta name=\"twitter:data1\" content=\"1 minute\" \/>\n<script type=\"application\/ld+json\" class=\"yoast-schema-graph\">{\"@context\":\"https:\\\/\\\/schema.org\",\"@graph\":[{\"@type\":\"WebPage\",\"@id\":\"https:\\\/\\\/medicinasinc.com\\\/pl\\\/product\\\/kup-jezus-i-chwastow\\\/\",\"url\":\"https:\\\/\\\/medicinasinc.com\\\/pl\\\/product\\\/kup-jezus-i-chwastow\\\/\",\"name\":\"Kup szczep marihuany Jesus OG Weed - Best Global Meds\",\"isPartOf\":{\"@id\":\"https:\\\/\\\/medicinasinc.com\\\/pl\\\/#website\"},\"primaryImageOfPage\":{\"@id\":\"https:\\\/\\\/medicinasinc.com\\\/pl\\\/product\\\/kup-jezus-i-chwastow\\\/#primaryimage\"},\"image\":{\"@id\":\"https:\\\/\\\/medicinasinc.com\\\/pl\\\/product\\\/kup-jezus-i-chwastow\\\/#primaryimage\"},\"thumbnailUrl\":\"https:\\\/\\\/medicinasinc.com\\\/pl\\\/wp-content\\\/uploads\\\/sites\\\/13\\\/2022\\\/02\\\/buy-Jesus-OG.png\",\"datePublished\":\"2022-02-20T18:30:09+00:00\",\"dateModified\":\"2022-03-22T01:08:04+00:00\",\"description\":\"Kup szczep Jesus OG Marihuana na sprzeda\u017c online. Odmiana Jesus og marihuany to hybryda dominuj\u0105ca Sativa \u2013 80% Sativa \\\/ 20% Indica THC: 21% \u2013 25%\",\"breadcrumb\":{\"@id\":\"https:\\\/\\\/medicinasinc.com\\\/pl\\\/product\\\/kup-jezus-i-chwastow\\\/#breadcrumb\"},\"inLanguage\":\"en-US\",\"potentialAction\":[{\"@type\":\"ReadAction\",\"target\":[\"https:\\\/\\\/medicinasinc.com\\\/pl\\\/product\\\/kup-jezus-i-chwastow\\\/\"]}]},{\"@type\":\"ImageObject\",\"inLanguage\":\"en-US\",\"@id\":\"https:\\\/\\\/medicinasinc.com\\\/pl\\\/product\\\/kup-jezus-i-chwastow\\\/#primaryimage\",\"url\":\"https:\\\/\\\/medicinasinc.com\\\/pl\\\/wp-content\\\/uploads\\\/sites\\\/13\\\/2022\\\/02\\\/buy-Jesus-OG.png\",\"contentUrl\":\"https:\\\/\\\/medicinasinc.com\\\/pl\\\/wp-content\\\/uploads\\\/sites\\\/13\\\/2022\\\/02\\\/buy-Jesus-OG.png\",\"width\":600,\"height\":600},{\"@type\":\"BreadcrumbList\",\"@id\":\"https:\\\/\\\/medicinasinc.com\\\/pl\\\/product\\\/kup-jezus-i-chwastow\\\/#breadcrumb\",\"itemListElement\":[{\"@type\":\"ListItem\",\"position\":1,\"name\":\"Sklep\",\"item\":\"https:\\\/\\\/medicinasinc.com\\\/pl\\\/sklep\\\/\"},{\"@type\":\"ListItem\",\"position\":2,\"name\":\"Kup Jezusa OG Weed\"}]},{\"@type\":\"WebSite\",\"@id\":\"https:\\\/\\\/medicinasinc.com\\\/pl\\\/#website\",\"url\":\"https:\\\/\\\/medicinasinc.com\\\/pl\\\/\",\"name\":\"Medicinas Inc\",\"description\":\"Health Medical Clinic\",\"potentialAction\":[{\"@type\":\"SearchAction\",\"target\":{\"@type\":\"EntryPoint\",\"urlTemplate\":\"https:\\\/\\\/medicinasinc.com\\\/pl\\\/?s={search_term_string}\"},\"query-input\":{\"@type\":\"PropertyValueSpecification\",\"valueRequired\":true,\"valueName\":\"search_term_string\"}}],\"inLanguage\":\"en-US\"}]}<\/script>\n<!-- \/ Yoast SEO plugin. -->","yoast_head_json":{"title":"Kup szczep marihuany Jesus OG Weed - Best Global Meds","description":"Kup szczep Jesus OG Marihuana na sprzeda\u017c online. Odmiana Jesus og marihuany to hybryda dominuj\u0105ca Sativa \u2013 80% Sativa \/ 20% Indica THC: 21% \u2013 25%","robots":{"index":"index","follow":"follow","max-snippet":"max-snippet:-1","max-image-preview":"max-image-preview:large","max-video-preview":"max-video-preview:-1"},"canonical":"https:\/\/medicinasinc.com\/pl\/product\/kup-jezus-i-chwastow\/","og_locale":"en_US","og_type":"article","og_title":"Kup szczep marihuany Jesus OG Weed - Best Global Meds","og_description":"Kup szczep Jesus OG Marihuana na sprzeda\u017c online. Odmiana Jesus og marihuany to hybryda dominuj\u0105ca Sativa \u2013 80% Sativa \/ 20% Indica THC: 21% \u2013 25%","og_url":"https:\/\/medicinasinc.com\/pl\/product\/kup-jezus-i-chwastow\/","og_site_name":"Medicinas Inc","article_modified_time":"2022-03-22T01:08:04+00:00","og_image":[{"width":600,"height":600,"url":"https:\/\/medicinasinc.com\/pl\/wp-content\/uploads\/sites\/13\/2022\/02\/buy-Jesus-OG.png","type":"image\/png"}],"twitter_card":"summary_large_image","twitter_misc":{"Est. reading time":"1 minute"},"schema":{"@context":"https:\/\/schema.org","@graph":[{"@type":"WebPage","@id":"https:\/\/medicinasinc.com\/pl\/product\/kup-jezus-i-chwastow\/","url":"https:\/\/medicinasinc.com\/pl\/product\/kup-jezus-i-chwastow\/","name":"Kup szczep marihuany Jesus OG Weed - Best Global Meds","isPartOf":{"@id":"https:\/\/medicinasinc.com\/pl\/#website"},"primaryImageOfPage":{"@id":"https:\/\/medicinasinc.com\/pl\/product\/kup-jezus-i-chwastow\/#primaryimage"},"image":{"@id":"https:\/\/medicinasinc.com\/pl\/product\/kup-jezus-i-chwastow\/#primaryimage"},"thumbnailUrl":"https:\/\/medicinasinc.com\/pl\/wp-content\/uploads\/sites\/13\/2022\/02\/buy-Jesus-OG.png","datePublished":"2022-02-20T18:30:09+00:00","dateModified":"2022-03-22T01:08:04+00:00","description":"Kup szczep Jesus OG Marihuana na sprzeda\u017c online. Odmiana Jesus og marihuany to hybryda dominuj\u0105ca Sativa \u2013 80% Sativa \/ 20% Indica THC: 21% \u2013 25%","breadcrumb":{"@id":"https:\/\/medicinasinc.com\/pl\/product\/kup-jezus-i-chwastow\/#breadcrumb"},"inLanguage":"en-US","potentialAction":[{"@type":"ReadAction","target":["https:\/\/medicinasinc.com\/pl\/product\/kup-jezus-i-chwastow\/"]}]},{"@type":"ImageObject","inLanguage":"en-US","@id":"https:\/\/medicinasinc.com\/pl\/product\/kup-jezus-i-chwastow\/#primaryimage","url":"https:\/\/medicinasinc.com\/pl\/wp-content\/uploads\/sites\/13\/2022\/02\/buy-Jesus-OG.png","contentUrl":"https:\/\/medicinasinc.com\/pl\/wp-content\/uploads\/sites\/13\/2022\/02\/buy-Jesus-OG.png","width":600,"height":600},{"@type":"BreadcrumbList","@id":"https:\/\/medicinasinc.com\/pl\/product\/kup-jezus-i-chwastow\/#breadcrumb","itemListElement":[{"@type":"ListItem","position":1,"name":"Sklep","item":"https:\/\/medicinasinc.com\/pl\/sklep\/"},{"@type":"ListItem","position":2,"name":"Kup Jezusa OG Weed"}]},{"@type":"WebSite","@id":"https:\/\/medicinasinc.com\/pl\/#website","url":"https:\/\/medicinasinc.com\/pl\/","name":"Medicinas Inc","description":"Health Medical Clinic","potentialAction":[{"@type":"SearchAction","target":{"@type":"EntryPoint","urlTemplate":"https:\/\/medicinasinc.com\/pl\/?s={search_term_string}"},"query-input":{"@type":"PropertyValueSpecification","valueRequired":true,"valueName":"search_term_string"}}],"inLanguage":"en-US"}]}},"_links":{"self":[{"href":"https:\/\/medicinasinc.com\/pl\/wp-json\/wp\/v2\/product\/4970","targetHints":{"allow":["GET"]}}],"collection":[{"href":"https:\/\/medicinasinc.com\/pl\/wp-json\/wp\/v2\/product"}],"about":[{"href":"https:\/\/medicinasinc.com\/pl\/wp-json\/wp\/v2\/types\/product"}],"replies":[{"embeddable":true,"href":"https:\/\/medicinasinc.com\/pl\/wp-json\/wp\/v2\/comments?post=4970"}],"wp:featuredmedia":[{"embeddable":true,"href":"https:\/\/medicinasinc.com\/pl\/wp-json\/wp\/v2\/media\/4983"}],"wp:attachment":[{"href":"https:\/\/medicinasinc.com\/pl\/wp-json\/wp\/v2\/media?parent=4970"}],"wp:term":[{"taxonomy":"product_brand","embeddable":true,"href":"https:\/\/medicinasinc.com\/pl\/wp-json\/wp\/v2\/product_brand?post=4970"},{"taxonomy":"product_cat","embeddable":true,"href":"https:\/\/medicinasinc.com\/pl\/wp-json\/wp\/v2\/product_cat?post=4970"},{"taxonomy":"product_tag","embeddable":true,"href":"https:\/\/medicinasinc.com\/pl\/wp-json\/wp\/v2\/product_tag?post=4970"}],"curies":[{"name":"wp","href":"https:\/\/api.w.org\/{rel}","templated":true}]}}