{"id":4968,"date":"2022-02-20T18:28:25","date_gmt":"2022-02-20T18:28:25","guid":{"rendered":"https:\/\/medicinasinc.com\/pl\/?post_type=product&#038;p=4968"},"modified":"2022-03-22T01:08:20","modified_gmt":"2022-03-22T01:08:20","slug":"kup-nieskonczona-euforie-marihuane","status":"publish","type":"product","link":"https:\/\/medicinasinc.com\/pl\/product\/kup-nieskonczona-euforie-marihuane\/","title":{"rendered":"Kup niesko\u0144czon\u0105 eufori\u0119 marihuany"},"content":{"rendered":"<p>Kup Marihuana Infinite Euphoria online.<\/p>\n<p>Kup Marihuana Infinite Euphoria online.<\/p>\n<p>Pobudzaj\u0105cy, euforyczny, szcz\u0119\u015bliwy, d\u0142ugotrwa\u0142y, podnosz\u0105cy na duchu efekty mog\u0105 z\u0142agodzi\u0107 niepok\u00f3j, depresj\u0119, zm\u0119czenie, wahania nastroju, i Smaki Stresu<br \/>Cytrusowe, Ig\u0142y Sosnowe, Skunky i S\u0142odkie<\/p>\n","protected":false},"excerpt":{"rendered":"<p>Kup Infinite Euphoria Marihuana Online. Kup Infinite Euphoria Marihuana Hybrid &#8211; 50% Sativa\/50% Indica THC: 23% &#8211; 29%<\/p>\n","protected":false},"featured_media":4981,"comment_status":"open","ping_status":"closed","template":"","meta":[],"product_brand":[],"product_cat":[778],"product_tag":[852,853,854,856,857,858,859,860,861,862,881,884,864,865,867,455,868,871,870,869,872,855,873,863,875,883,880,876,882,866,878,879,877,874],"class_list":{"0":"post-4968","1":"product","2":"type-product","3":"status-publish","4":"has-post-thumbnail","6":"product_cat-chwast-na-sprzeda","7":"product_tag-100-sativa-strains","8":"product_tag-ak47-marihuana-grade-aa-sativa","9":"product_tag-australia-chwastw-na-sprzeda-online","10":"product_tag-best-sativa-strains-cartridge","11":"product_tag-best-sativa-strains-for-energy-2020","12":"product_tag-buy-weed-online-cheap","13":"product_tag-buy-weed-online-colorado","14":"product_tag-buy-weed-online-legit","15":"product_tag-buy-weed-online-nyc","16":"product_tag-buy-weed-online-reddit","17":"product_tag-chwast-na-sprzeda-blisko-mnie","18":"product_tag-chwastw-online-chwastw-on-line-do-sprzeday","19":"product_tag-denver-chwastw-na-sprzeda-w-usa","20":"product_tag-egzotyczne-szczepy-2020","21":"product_tag-khalifa-kush-klasa-a-hybryda","22":"product_tag-kup-marihuan-online","23":"product_tag-legal-weed-for-sale-online","24":"product_tag-marihuana-marihuana-na-sprzeda","25":"product_tag-marihuana-sprzedam-w-kolorado","26":"product_tag-marijuana-for-sale-in-california","27":"product_tag-medical-marijuana-for-sale-online","28":"product_tag-najlepsze-szczepy-sativa-2020","29":"product_tag-nyc-chwastw-na-sprzeda-online","30":"product_tag-olej-konopny-konopny-olej-cbd","31":"product_tag-rzadkie-szczepy-sativa","32":"product_tag-chwast-na-sprzeda-online-w-kanadzie","33":"product_tag-usa-chwastw-na-sprzeda","34":"product_tag-wielka-brytania-chwastw-na-sprzeda-online","35":"product_tag-chwastw-na-sprzeda-online","36":"product_tag-szczepy-sativa-o-najwyszej-wydajnoci","37":"product_tag-usa-cannabis-oil","38":"product_tag-usa-marihuana-do-sprzeday-online","39":"product_tag-wielka-brytania-chwastw-do-sprzeday-online","40":"product_tag-outdoor-sativa-szczepy","42":"first","43":"instock","44":"shipping-taxable","45":"purchasable","46":"product-type-variable","47":"has-default-attributes"},"yoast_head":"<!-- This site is optimized with the Yoast SEO plugin v27.3 - https:\/\/yoast.com\/product\/yoast-seo-wordpress\/ -->\n<title>Kup Infinite Euphoria Marihuana - najlepsze \u015bwiatowe leki<\/title>\n<meta name=\"description\" content=\"Kup Infinite Euphoria Marihuana na sprzeda\u017c online. Kup Infinite Euphoria Marijuana Hybrid \u2013 50% Sativa \/50% Indica THC: 23% \u2013 29%\" \/>\n<meta name=\"robots\" content=\"index, follow, max-snippet:-1, max-image-preview:large, max-video-preview:-1\" \/>\n<link rel=\"canonical\" href=\"https:\/\/medicinasinc.com\/pl\/product\/kup-nieskonczona-euforie-marihuane\/\" \/>\n<meta property=\"og:locale\" content=\"en_US\" \/>\n<meta property=\"og:type\" content=\"article\" \/>\n<meta property=\"og:title\" content=\"Kup Infinite Euphoria Marihuana - najlepsze \u015bwiatowe leki\" \/>\n<meta property=\"og:description\" content=\"Kup Infinite Euphoria Marihuana na sprzeda\u017c online. Kup Infinite Euphoria Marijuana Hybrid \u2013 50% Sativa \/50% Indica THC: 23% \u2013 29%\" \/>\n<meta property=\"og:url\" content=\"https:\/\/medicinasinc.com\/pl\/product\/kup-nieskonczona-euforie-marihuane\/\" \/>\n<meta property=\"og:site_name\" content=\"Medicinas Inc\" \/>\n<meta property=\"article:modified_time\" content=\"2022-03-22T01:08:20+00:00\" \/>\n<meta property=\"og:image\" content=\"https:\/\/medicinasinc.com\/pl\/wp-content\/uploads\/sites\/13\/2022\/02\/Buy-Infinite-Euphoria-Marijuana.jpg\" \/>\n\t<meta property=\"og:image:width\" content=\"225\" \/>\n\t<meta property=\"og:image:height\" content=\"225\" \/>\n\t<meta property=\"og:image:type\" content=\"image\/jpeg\" \/>\n<meta name=\"twitter:card\" content=\"summary_large_image\" \/>\n<meta name=\"twitter:label1\" content=\"Est. reading time\" \/>\n\t<meta name=\"twitter:data1\" content=\"1 minute\" \/>\n<script type=\"application\/ld+json\" class=\"yoast-schema-graph\">{\"@context\":\"https:\\\/\\\/schema.org\",\"@graph\":[{\"@type\":\"WebPage\",\"@id\":\"https:\\\/\\\/medicinasinc.com\\\/pl\\\/product\\\/kup-nieskonczona-euforie-marihuane\\\/\",\"url\":\"https:\\\/\\\/medicinasinc.com\\\/pl\\\/product\\\/kup-nieskonczona-euforie-marihuane\\\/\",\"name\":\"Kup Infinite Euphoria Marihuana - najlepsze \u015bwiatowe leki\",\"isPartOf\":{\"@id\":\"https:\\\/\\\/medicinasinc.com\\\/pl\\\/#website\"},\"primaryImageOfPage\":{\"@id\":\"https:\\\/\\\/medicinasinc.com\\\/pl\\\/product\\\/kup-nieskonczona-euforie-marihuane\\\/#primaryimage\"},\"image\":{\"@id\":\"https:\\\/\\\/medicinasinc.com\\\/pl\\\/product\\\/kup-nieskonczona-euforie-marihuane\\\/#primaryimage\"},\"thumbnailUrl\":\"https:\\\/\\\/medicinasinc.com\\\/pl\\\/wp-content\\\/uploads\\\/sites\\\/13\\\/2022\\\/02\\\/Buy-Infinite-Euphoria-Marijuana.jpg\",\"datePublished\":\"2022-02-20T18:28:25+00:00\",\"dateModified\":\"2022-03-22T01:08:20+00:00\",\"description\":\"Kup Infinite Euphoria Marihuana na sprzeda\u017c online. Kup Infinite Euphoria Marijuana Hybrid \u2013 50% Sativa \\\/50% Indica THC: 23% \u2013 29%\",\"breadcrumb\":{\"@id\":\"https:\\\/\\\/medicinasinc.com\\\/pl\\\/product\\\/kup-nieskonczona-euforie-marihuane\\\/#breadcrumb\"},\"inLanguage\":\"en-US\",\"potentialAction\":[{\"@type\":\"ReadAction\",\"target\":[\"https:\\\/\\\/medicinasinc.com\\\/pl\\\/product\\\/kup-nieskonczona-euforie-marihuane\\\/\"]}]},{\"@type\":\"ImageObject\",\"inLanguage\":\"en-US\",\"@id\":\"https:\\\/\\\/medicinasinc.com\\\/pl\\\/product\\\/kup-nieskonczona-euforie-marihuane\\\/#primaryimage\",\"url\":\"https:\\\/\\\/medicinasinc.com\\\/pl\\\/wp-content\\\/uploads\\\/sites\\\/13\\\/2022\\\/02\\\/Buy-Infinite-Euphoria-Marijuana.jpg\",\"contentUrl\":\"https:\\\/\\\/medicinasinc.com\\\/pl\\\/wp-content\\\/uploads\\\/sites\\\/13\\\/2022\\\/02\\\/Buy-Infinite-Euphoria-Marijuana.jpg\",\"width\":225,\"height\":225},{\"@type\":\"BreadcrumbList\",\"@id\":\"https:\\\/\\\/medicinasinc.com\\\/pl\\\/product\\\/kup-nieskonczona-euforie-marihuane\\\/#breadcrumb\",\"itemListElement\":[{\"@type\":\"ListItem\",\"position\":1,\"name\":\"Sklep\",\"item\":\"https:\\\/\\\/medicinasinc.com\\\/pl\\\/sklep\\\/\"},{\"@type\":\"ListItem\",\"position\":2,\"name\":\"Kup niesko\u0144czon\u0105 eufori\u0119 marihuany\"}]},{\"@type\":\"WebSite\",\"@id\":\"https:\\\/\\\/medicinasinc.com\\\/pl\\\/#website\",\"url\":\"https:\\\/\\\/medicinasinc.com\\\/pl\\\/\",\"name\":\"Medicinas Inc\",\"description\":\"Health Medical Clinic\",\"potentialAction\":[{\"@type\":\"SearchAction\",\"target\":{\"@type\":\"EntryPoint\",\"urlTemplate\":\"https:\\\/\\\/medicinasinc.com\\\/pl\\\/?s={search_term_string}\"},\"query-input\":{\"@type\":\"PropertyValueSpecification\",\"valueRequired\":true,\"valueName\":\"search_term_string\"}}],\"inLanguage\":\"en-US\"}]}<\/script>\n<!-- \/ Yoast SEO plugin. -->","yoast_head_json":{"title":"Kup Infinite Euphoria Marihuana - najlepsze \u015bwiatowe leki","description":"Kup Infinite Euphoria Marihuana na sprzeda\u017c online. Kup Infinite Euphoria Marijuana Hybrid \u2013 50% Sativa \/50% Indica THC: 23% \u2013 29%","robots":{"index":"index","follow":"follow","max-snippet":"max-snippet:-1","max-image-preview":"max-image-preview:large","max-video-preview":"max-video-preview:-1"},"canonical":"https:\/\/medicinasinc.com\/pl\/product\/kup-nieskonczona-euforie-marihuane\/","og_locale":"en_US","og_type":"article","og_title":"Kup Infinite Euphoria Marihuana - najlepsze \u015bwiatowe leki","og_description":"Kup Infinite Euphoria Marihuana na sprzeda\u017c online. Kup Infinite Euphoria Marijuana Hybrid \u2013 50% Sativa \/50% Indica THC: 23% \u2013 29%","og_url":"https:\/\/medicinasinc.com\/pl\/product\/kup-nieskonczona-euforie-marihuane\/","og_site_name":"Medicinas Inc","article_modified_time":"2022-03-22T01:08:20+00:00","og_image":[{"width":225,"height":225,"url":"https:\/\/medicinasinc.com\/pl\/wp-content\/uploads\/sites\/13\/2022\/02\/Buy-Infinite-Euphoria-Marijuana.jpg","type":"image\/jpeg"}],"twitter_card":"summary_large_image","twitter_misc":{"Est. reading time":"1 minute"},"schema":{"@context":"https:\/\/schema.org","@graph":[{"@type":"WebPage","@id":"https:\/\/medicinasinc.com\/pl\/product\/kup-nieskonczona-euforie-marihuane\/","url":"https:\/\/medicinasinc.com\/pl\/product\/kup-nieskonczona-euforie-marihuane\/","name":"Kup Infinite Euphoria Marihuana - najlepsze \u015bwiatowe leki","isPartOf":{"@id":"https:\/\/medicinasinc.com\/pl\/#website"},"primaryImageOfPage":{"@id":"https:\/\/medicinasinc.com\/pl\/product\/kup-nieskonczona-euforie-marihuane\/#primaryimage"},"image":{"@id":"https:\/\/medicinasinc.com\/pl\/product\/kup-nieskonczona-euforie-marihuane\/#primaryimage"},"thumbnailUrl":"https:\/\/medicinasinc.com\/pl\/wp-content\/uploads\/sites\/13\/2022\/02\/Buy-Infinite-Euphoria-Marijuana.jpg","datePublished":"2022-02-20T18:28:25+00:00","dateModified":"2022-03-22T01:08:20+00:00","description":"Kup Infinite Euphoria Marihuana na sprzeda\u017c online. Kup Infinite Euphoria Marijuana Hybrid \u2013 50% Sativa \/50% Indica THC: 23% \u2013 29%","breadcrumb":{"@id":"https:\/\/medicinasinc.com\/pl\/product\/kup-nieskonczona-euforie-marihuane\/#breadcrumb"},"inLanguage":"en-US","potentialAction":[{"@type":"ReadAction","target":["https:\/\/medicinasinc.com\/pl\/product\/kup-nieskonczona-euforie-marihuane\/"]}]},{"@type":"ImageObject","inLanguage":"en-US","@id":"https:\/\/medicinasinc.com\/pl\/product\/kup-nieskonczona-euforie-marihuane\/#primaryimage","url":"https:\/\/medicinasinc.com\/pl\/wp-content\/uploads\/sites\/13\/2022\/02\/Buy-Infinite-Euphoria-Marijuana.jpg","contentUrl":"https:\/\/medicinasinc.com\/pl\/wp-content\/uploads\/sites\/13\/2022\/02\/Buy-Infinite-Euphoria-Marijuana.jpg","width":225,"height":225},{"@type":"BreadcrumbList","@id":"https:\/\/medicinasinc.com\/pl\/product\/kup-nieskonczona-euforie-marihuane\/#breadcrumb","itemListElement":[{"@type":"ListItem","position":1,"name":"Sklep","item":"https:\/\/medicinasinc.com\/pl\/sklep\/"},{"@type":"ListItem","position":2,"name":"Kup niesko\u0144czon\u0105 eufori\u0119 marihuany"}]},{"@type":"WebSite","@id":"https:\/\/medicinasinc.com\/pl\/#website","url":"https:\/\/medicinasinc.com\/pl\/","name":"Medicinas Inc","description":"Health Medical Clinic","potentialAction":[{"@type":"SearchAction","target":{"@type":"EntryPoint","urlTemplate":"https:\/\/medicinasinc.com\/pl\/?s={search_term_string}"},"query-input":{"@type":"PropertyValueSpecification","valueRequired":true,"valueName":"search_term_string"}}],"inLanguage":"en-US"}]}},"_links":{"self":[{"href":"https:\/\/medicinasinc.com\/pl\/wp-json\/wp\/v2\/product\/4968","targetHints":{"allow":["GET"]}}],"collection":[{"href":"https:\/\/medicinasinc.com\/pl\/wp-json\/wp\/v2\/product"}],"about":[{"href":"https:\/\/medicinasinc.com\/pl\/wp-json\/wp\/v2\/types\/product"}],"replies":[{"embeddable":true,"href":"https:\/\/medicinasinc.com\/pl\/wp-json\/wp\/v2\/comments?post=4968"}],"wp:featuredmedia":[{"embeddable":true,"href":"https:\/\/medicinasinc.com\/pl\/wp-json\/wp\/v2\/media\/4981"}],"wp:attachment":[{"href":"https:\/\/medicinasinc.com\/pl\/wp-json\/wp\/v2\/media?parent=4968"}],"wp:term":[{"taxonomy":"product_brand","embeddable":true,"href":"https:\/\/medicinasinc.com\/pl\/wp-json\/wp\/v2\/product_brand?post=4968"},{"taxonomy":"product_cat","embeddable":true,"href":"https:\/\/medicinasinc.com\/pl\/wp-json\/wp\/v2\/product_cat?post=4968"},{"taxonomy":"product_tag","embeddable":true,"href":"https:\/\/medicinasinc.com\/pl\/wp-json\/wp\/v2\/product_tag?post=4968"}],"curies":[{"name":"wp","href":"https:\/\/api.w.org\/{rel}","templated":true}]}}