{"id":4955,"date":"2022-02-20T18:16:15","date_gmt":"2022-02-20T18:16:15","guid":{"rendered":"https:\/\/medicinasinc.com\/pl\/?post_type=product&#038;p=4955"},"modified":"2022-03-22T01:08:28","modified_gmt":"2022-03-22T01:08:28","slug":"kup-hawajska-marihuana","status":"publish","type":"product","link":"https:\/\/medicinasinc.com\/pl\/product\/kup-hawajska-marihuana\/","title":{"rendered":"Kup hawajsk\u0105 marihuan\u0119"},"content":{"rendered":"<p>Zakup hawajskiej marihuany Indica przez Internet.<\/p>\n<p>Zakup hawajskiej marihuany Indica przez Internet.<\/p>\n<p>Skutki<br \/> M\u00f3zgowe, relaksuj\u0105ce i podnosz\u0105ce na duchu mog\u0105 pom\u00f3c w \u0142agodzeniu przewlek\u0142ego b\u00f3lu , depresja, zm\u0119czenie, migreny i skurcze mi\u0119\u015bni<br \/>smaki<br \/>mentolowe, cytrusowe, s\u0142odkie, tropikalne<\/p>\n","protected":false},"excerpt":{"rendered":"<p>Kup Hawaiian Indica Marihuana Online w Wielkiej Brytanii i Europie. Hawajska hybryda konopi indyjskich Indica &#8211; 60% Indica \/ 40% Sativa.<\/p>\n","protected":false},"featured_media":4969,"comment_status":"open","ping_status":"closed","template":"","meta":[],"product_brand":[],"product_cat":[778],"product_tag":[843,844,845,846,847,849,850,848,851],"class_list":{"0":"post-4955","1":"product","2":"type-product","3":"status-publish","4":"has-post-thumbnail","6":"product_cat-chwast-na-sprzeda","7":"product_tag-czy-hawaje-akceptuj-poza-stanowe-karty-mmj","8":"product_tag-hawaje","9":"product_tag-hawaje-329-card-zasady","10":"product_tag-jak-dugo-potrwa-do-dostania-329-karty-hawaje","11":"product_tag-maui-dispensary","12":"product_tag-rekreacyjno-ambulatorium-honolulu","13":"product_tag-rekreacyjno-ambulatorium-maui-hawaje","14":"product_tag-warunki-kwalifikacyjne-do-karty-medycznej-na-hawajach","15":"product_tag-weedmaps-hawaje","17":"first","18":"instock","19":"shipping-taxable","20":"purchasable","21":"product-type-variable","22":"has-default-attributes"},"yoast_head":"<!-- This site is optimized with the Yoast SEO plugin v27.3 - https:\/\/yoast.com\/product\/yoast-seo-wordpress\/ -->\n<title>Kup hawajsk\u0105 marihuan\u0119 \u2014 najlepsze leki na \u015bwiecie<\/title>\n<meta name=\"description\" content=\"Kup Hawaiian Indica Marihuana na sprzeda\u017c w Wielkiej Brytanii, Europie Online. Hawajska hybryda marihuany Indica \u2013 60% Indica \/ 40% Sativa.\" \/>\n<meta name=\"robots\" content=\"index, follow, max-snippet:-1, max-image-preview:large, max-video-preview:-1\" \/>\n<link rel=\"canonical\" href=\"https:\/\/medicinasinc.com\/pl\/product\/kup-hawajska-marihuana\/\" \/>\n<meta property=\"og:locale\" content=\"en_US\" \/>\n<meta property=\"og:type\" content=\"article\" \/>\n<meta property=\"og:title\" content=\"Kup hawajsk\u0105 marihuan\u0119 \u2014 najlepsze leki na \u015bwiecie\" \/>\n<meta property=\"og:description\" content=\"Kup Hawaiian Indica Marihuana na sprzeda\u017c w Wielkiej Brytanii, Europie Online. Hawajska hybryda marihuany Indica \u2013 60% Indica \/ 40% Sativa.\" \/>\n<meta property=\"og:url\" content=\"https:\/\/medicinasinc.com\/pl\/product\/kup-hawajska-marihuana\/\" \/>\n<meta property=\"og:site_name\" content=\"Medicinas Inc\" \/>\n<meta property=\"article:modified_time\" content=\"2022-03-22T01:08:28+00:00\" \/>\n<meta property=\"og:image\" content=\"https:\/\/medicinasinc.com\/pl\/wp-content\/uploads\/sites\/13\/2022\/02\/Buy-Hawaiian-Marijuana.jpg\" \/>\n\t<meta property=\"og:image:width\" content=\"233\" \/>\n\t<meta property=\"og:image:height\" content=\"217\" \/>\n\t<meta property=\"og:image:type\" content=\"image\/jpeg\" \/>\n<meta name=\"twitter:card\" content=\"summary_large_image\" \/>\n<meta name=\"twitter:label1\" content=\"Est. reading time\" \/>\n\t<meta name=\"twitter:data1\" content=\"1 minute\" \/>\n<script type=\"application\/ld+json\" class=\"yoast-schema-graph\">{\"@context\":\"https:\\\/\\\/schema.org\",\"@graph\":[{\"@type\":\"WebPage\",\"@id\":\"https:\\\/\\\/medicinasinc.com\\\/pl\\\/product\\\/kup-hawajska-marihuana\\\/\",\"url\":\"https:\\\/\\\/medicinasinc.com\\\/pl\\\/product\\\/kup-hawajska-marihuana\\\/\",\"name\":\"Kup hawajsk\u0105 marihuan\u0119 \u2014 najlepsze leki na \u015bwiecie\",\"isPartOf\":{\"@id\":\"https:\\\/\\\/medicinasinc.com\\\/pl\\\/#website\"},\"primaryImageOfPage\":{\"@id\":\"https:\\\/\\\/medicinasinc.com\\\/pl\\\/product\\\/kup-hawajska-marihuana\\\/#primaryimage\"},\"image\":{\"@id\":\"https:\\\/\\\/medicinasinc.com\\\/pl\\\/product\\\/kup-hawajska-marihuana\\\/#primaryimage\"},\"thumbnailUrl\":\"https:\\\/\\\/medicinasinc.com\\\/pl\\\/wp-content\\\/uploads\\\/sites\\\/13\\\/2022\\\/02\\\/Buy-Hawaiian-Marijuana.jpg\",\"datePublished\":\"2022-02-20T18:16:15+00:00\",\"dateModified\":\"2022-03-22T01:08:28+00:00\",\"description\":\"Kup Hawaiian Indica Marihuana na sprzeda\u017c w Wielkiej Brytanii, Europie Online. Hawajska hybryda marihuany Indica \u2013 60% Indica \\\/ 40% Sativa.\",\"breadcrumb\":{\"@id\":\"https:\\\/\\\/medicinasinc.com\\\/pl\\\/product\\\/kup-hawajska-marihuana\\\/#breadcrumb\"},\"inLanguage\":\"en-US\",\"potentialAction\":[{\"@type\":\"ReadAction\",\"target\":[\"https:\\\/\\\/medicinasinc.com\\\/pl\\\/product\\\/kup-hawajska-marihuana\\\/\"]}]},{\"@type\":\"ImageObject\",\"inLanguage\":\"en-US\",\"@id\":\"https:\\\/\\\/medicinasinc.com\\\/pl\\\/product\\\/kup-hawajska-marihuana\\\/#primaryimage\",\"url\":\"https:\\\/\\\/medicinasinc.com\\\/pl\\\/wp-content\\\/uploads\\\/sites\\\/13\\\/2022\\\/02\\\/Buy-Hawaiian-Marijuana.jpg\",\"contentUrl\":\"https:\\\/\\\/medicinasinc.com\\\/pl\\\/wp-content\\\/uploads\\\/sites\\\/13\\\/2022\\\/02\\\/Buy-Hawaiian-Marijuana.jpg\",\"width\":233,\"height\":217},{\"@type\":\"BreadcrumbList\",\"@id\":\"https:\\\/\\\/medicinasinc.com\\\/pl\\\/product\\\/kup-hawajska-marihuana\\\/#breadcrumb\",\"itemListElement\":[{\"@type\":\"ListItem\",\"position\":1,\"name\":\"Sklep\",\"item\":\"https:\\\/\\\/medicinasinc.com\\\/pl\\\/sklep\\\/\"},{\"@type\":\"ListItem\",\"position\":2,\"name\":\"Kup hawajsk\u0105 marihuan\u0119\"}]},{\"@type\":\"WebSite\",\"@id\":\"https:\\\/\\\/medicinasinc.com\\\/pl\\\/#website\",\"url\":\"https:\\\/\\\/medicinasinc.com\\\/pl\\\/\",\"name\":\"Medicinas Inc\",\"description\":\"Health Medical Clinic\",\"potentialAction\":[{\"@type\":\"SearchAction\",\"target\":{\"@type\":\"EntryPoint\",\"urlTemplate\":\"https:\\\/\\\/medicinasinc.com\\\/pl\\\/?s={search_term_string}\"},\"query-input\":{\"@type\":\"PropertyValueSpecification\",\"valueRequired\":true,\"valueName\":\"search_term_string\"}}],\"inLanguage\":\"en-US\"}]}<\/script>\n<!-- \/ Yoast SEO plugin. -->","yoast_head_json":{"title":"Kup hawajsk\u0105 marihuan\u0119 \u2014 najlepsze leki na \u015bwiecie","description":"Kup Hawaiian Indica Marihuana na sprzeda\u017c w Wielkiej Brytanii, Europie Online. Hawajska hybryda marihuany Indica \u2013 60% Indica \/ 40% Sativa.","robots":{"index":"index","follow":"follow","max-snippet":"max-snippet:-1","max-image-preview":"max-image-preview:large","max-video-preview":"max-video-preview:-1"},"canonical":"https:\/\/medicinasinc.com\/pl\/product\/kup-hawajska-marihuana\/","og_locale":"en_US","og_type":"article","og_title":"Kup hawajsk\u0105 marihuan\u0119 \u2014 najlepsze leki na \u015bwiecie","og_description":"Kup Hawaiian Indica Marihuana na sprzeda\u017c w Wielkiej Brytanii, Europie Online. Hawajska hybryda marihuany Indica \u2013 60% Indica \/ 40% Sativa.","og_url":"https:\/\/medicinasinc.com\/pl\/product\/kup-hawajska-marihuana\/","og_site_name":"Medicinas Inc","article_modified_time":"2022-03-22T01:08:28+00:00","og_image":[{"width":233,"height":217,"url":"https:\/\/medicinasinc.com\/pl\/wp-content\/uploads\/sites\/13\/2022\/02\/Buy-Hawaiian-Marijuana.jpg","type":"image\/jpeg"}],"twitter_card":"summary_large_image","twitter_misc":{"Est. reading time":"1 minute"},"schema":{"@context":"https:\/\/schema.org","@graph":[{"@type":"WebPage","@id":"https:\/\/medicinasinc.com\/pl\/product\/kup-hawajska-marihuana\/","url":"https:\/\/medicinasinc.com\/pl\/product\/kup-hawajska-marihuana\/","name":"Kup hawajsk\u0105 marihuan\u0119 \u2014 najlepsze leki na \u015bwiecie","isPartOf":{"@id":"https:\/\/medicinasinc.com\/pl\/#website"},"primaryImageOfPage":{"@id":"https:\/\/medicinasinc.com\/pl\/product\/kup-hawajska-marihuana\/#primaryimage"},"image":{"@id":"https:\/\/medicinasinc.com\/pl\/product\/kup-hawajska-marihuana\/#primaryimage"},"thumbnailUrl":"https:\/\/medicinasinc.com\/pl\/wp-content\/uploads\/sites\/13\/2022\/02\/Buy-Hawaiian-Marijuana.jpg","datePublished":"2022-02-20T18:16:15+00:00","dateModified":"2022-03-22T01:08:28+00:00","description":"Kup Hawaiian Indica Marihuana na sprzeda\u017c w Wielkiej Brytanii, Europie Online. Hawajska hybryda marihuany Indica \u2013 60% Indica \/ 40% Sativa.","breadcrumb":{"@id":"https:\/\/medicinasinc.com\/pl\/product\/kup-hawajska-marihuana\/#breadcrumb"},"inLanguage":"en-US","potentialAction":[{"@type":"ReadAction","target":["https:\/\/medicinasinc.com\/pl\/product\/kup-hawajska-marihuana\/"]}]},{"@type":"ImageObject","inLanguage":"en-US","@id":"https:\/\/medicinasinc.com\/pl\/product\/kup-hawajska-marihuana\/#primaryimage","url":"https:\/\/medicinasinc.com\/pl\/wp-content\/uploads\/sites\/13\/2022\/02\/Buy-Hawaiian-Marijuana.jpg","contentUrl":"https:\/\/medicinasinc.com\/pl\/wp-content\/uploads\/sites\/13\/2022\/02\/Buy-Hawaiian-Marijuana.jpg","width":233,"height":217},{"@type":"BreadcrumbList","@id":"https:\/\/medicinasinc.com\/pl\/product\/kup-hawajska-marihuana\/#breadcrumb","itemListElement":[{"@type":"ListItem","position":1,"name":"Sklep","item":"https:\/\/medicinasinc.com\/pl\/sklep\/"},{"@type":"ListItem","position":2,"name":"Kup hawajsk\u0105 marihuan\u0119"}]},{"@type":"WebSite","@id":"https:\/\/medicinasinc.com\/pl\/#website","url":"https:\/\/medicinasinc.com\/pl\/","name":"Medicinas Inc","description":"Health Medical Clinic","potentialAction":[{"@type":"SearchAction","target":{"@type":"EntryPoint","urlTemplate":"https:\/\/medicinasinc.com\/pl\/?s={search_term_string}"},"query-input":{"@type":"PropertyValueSpecification","valueRequired":true,"valueName":"search_term_string"}}],"inLanguage":"en-US"}]}},"_links":{"self":[{"href":"https:\/\/medicinasinc.com\/pl\/wp-json\/wp\/v2\/product\/4955","targetHints":{"allow":["GET"]}}],"collection":[{"href":"https:\/\/medicinasinc.com\/pl\/wp-json\/wp\/v2\/product"}],"about":[{"href":"https:\/\/medicinasinc.com\/pl\/wp-json\/wp\/v2\/types\/product"}],"replies":[{"embeddable":true,"href":"https:\/\/medicinasinc.com\/pl\/wp-json\/wp\/v2\/comments?post=4955"}],"wp:featuredmedia":[{"embeddable":true,"href":"https:\/\/medicinasinc.com\/pl\/wp-json\/wp\/v2\/media\/4969"}],"wp:attachment":[{"href":"https:\/\/medicinasinc.com\/pl\/wp-json\/wp\/v2\/media?parent=4955"}],"wp:term":[{"taxonomy":"product_brand","embeddable":true,"href":"https:\/\/medicinasinc.com\/pl\/wp-json\/wp\/v2\/product_brand?post=4955"},{"taxonomy":"product_cat","embeddable":true,"href":"https:\/\/medicinasinc.com\/pl\/wp-json\/wp\/v2\/product_cat?post=4955"},{"taxonomy":"product_tag","embeddable":true,"href":"https:\/\/medicinasinc.com\/pl\/wp-json\/wp\/v2\/product_tag?post=4955"}],"curies":[{"name":"wp","href":"https:\/\/api.w.org\/{rel}","templated":true}]}}