{"id":4946,"date":"2022-02-20T18:08:57","date_gmt":"2022-02-20T18:08:57","guid":{"rendered":"https:\/\/medicinasinc.com\/pl\/?post_type=product&#038;p=4946"},"modified":"2022-03-22T01:08:45","modified_gmt":"2022-03-22T01:08:45","slug":"kup-goryl-herbatniki-marihuane","status":"publish","type":"product","link":"https:\/\/medicinasinc.com\/pl\/product\/kup-goryl-herbatniki-marihuane\/","title":{"rendered":"Kup marihuan\u0119 Gorilla Biscuit"},"content":{"rendered":"<h1><\/h1>\n<p>Zakup przez Internet szczepu Gorilla Biscuit Marihuana.<\/p>\n<p>Zakup przez Internet szczepu Gorilla Biscuit Marihuana.<\/p>\n<p>Marihuana z Gorilla Biscuit to Indica. Dominuj\u0105ca hybryda &#8211; 60% Indica \/ 40% Sativa Zawarto\u015b\u0107 THC w sativie: 15%-20%<\/p>\n<p>Pobudzenie, euforia, g\u0142\u00f3d, odpr\u0119\u017cenie i senno\u015b\u0107<br \/> Mo\u017ce pom\u00f3c w leczeniu anoreksji, skurcz\u00f3w , Depresja, Bezsenno\u015b\u0107 i Smaki Stresu<br \/>Aromaty kawy, cytryny i sosny<br \/>Ziemskie, ostre i pikantne<\/p>\n<p>Gorilla Biscuit by Seeds of Compassion to dominuj\u0105ca w Indiach odmiana z po\u0142\u0105czenia fenotyp\u00f3w Sensi Star&#8217;s Turpentine i Stardawg IX. Ta niezwyk\u0142a i do\u015b\u0107 oldskulowa mieszanka nosi nazw\u0119 Metaqualone, cz\u0119sto znanego jako quaaludes, leku o uspokajaj\u0105cym i egzotycznym dzia\u0142aniu na organizm. Jego dobytek jest kontynuowany w podobnie uspokajaj\u0105cy spos\u00f3b, pozostawiaj\u0105c przydatki ci\u0119\u017ckie i lu\u017ane. Gorilla Biscuit ma silny profil terpenowy, z silnym aromatem sosny i ziaren kawy.<\/p>\n<p>Odmiana Gorilla Biscuits: Szczep prawdziwie upalaj\u0105cy, haj Gorilla OG rozwija si\u0119 stopniowo i buduje do stanu zachwytu, kt\u00f3ry trwa przez d\u0142u\u017cszy okres czasu. Kiedy jej rzeczy ca\u0142kowicie zaw\u0142adn\u0105 twoimi my\u015blami i cia\u0142em, twoje rozmy\u015blania mog\u0105 nie by\u0107 tak jasne, jak kilka godzin temu. Najbardziej widocznym aspektem Twojego do\u015bwiadczenia b\u0119dzie mocne wra\u017cenie zamka mi\u0142osnego fotela, kt\u00f3ry utrudni zaspokojenie podst\u0119pnych przek\u0105sek. Nasz\u0105 propozycj\u0105 jest wyj\u015bcie poza czas z zamiataniem, podk\u0142adk\u0105 i du\u017c\u0105 ilo\u015bci\u0105 jedzenia znajduj\u0105cego si\u0119 w zasi\u0119gu r\u0119ki. Ta niezwyk\u0142a i do\u015b\u0107 oldskulowa mieszanka nosi nazw\u0119 Metaqualone, cz\u0119sto znanego jako quaaludes, leku o uspokajaj\u0105cym i egzotycznym dzia\u0142aniu na organizm. Jego dobytek jest kontynuowany w podobnie uspokajaj\u0105cy spos\u00f3b, pozostawiaj\u0105c przydatki ci\u0119\u017ckie i lu\u017ane. Gorilla Biscuit ma mocny profil terpenowy, z silnym aromatem sosny i kawy bourbon.<\/p>\n","protected":false},"excerpt":{"rendered":"<p>Kup online szczep marihuany Gorilla Biscuit. Dzi\u0119ki ponad 15-letniemu do\u015bwiadczeniu w sektorze medycznej marihuany jeste\u015bmy kanadyjskim liderem w sprzeda\u017cy wysy\u0142kowej marihuany.<\/p>\n","protected":false},"featured_media":4960,"comment_status":"open","ping_status":"closed","template":"","meta":[],"product_brand":[],"product_cat":[778],"product_tag":[827,833,830,829,831,832,828,834],"class_list":{"0":"post-4946","1":"product","2":"type-product","3":"status-publish","4":"has-post-thumbnail","6":"product_cat-chwast-na-sprzeda","7":"product_tag-biscuit-strain","8":"product_tag-winogrono-schadzacz-szczep","9":"product_tag-ekto-chodnica-szczep","10":"product_tag-california-pomaracza-szczep","11":"product_tag-goryl-herbatniki-lek","12":"product_tag-merch-gorilla-herbatniki","13":"product_tag-szczep-bizkitz","14":"product_tag-cukier-herbatniki-szczep","16":"first","17":"instock","18":"shipping-taxable","19":"purchasable","20":"product-type-variable","21":"has-default-attributes"},"yoast_head":"<!-- This site is optimized with the Yoast SEO plugin v27.3 - https:\/\/yoast.com\/product\/yoast-seo-wordpress\/ -->\n<title>Kup Gorilla Biscuit Marihuana - Najlepsze Najlepsze Medycyny na \u015awiecie<\/title>\n<meta name=\"description\" content=\"Kup szczep Gorilla Biscuit Marihuana na sprzeda\u017c online. Lider w sprzeda\u017cy wysy\u0142kowej konopi indyjskich w Kanadzie z ponad 15-letnim do\u015bwiadczeniem w bran\u017cy medycznej marihuany.\" \/>\n<meta name=\"robots\" content=\"index, follow, max-snippet:-1, max-image-preview:large, max-video-preview:-1\" \/>\n<link rel=\"canonical\" href=\"https:\/\/medicinasinc.com\/pl\/product\/kup-goryl-herbatniki-marihuane\/\" \/>\n<meta property=\"og:locale\" content=\"en_US\" \/>\n<meta property=\"og:type\" content=\"article\" \/>\n<meta property=\"og:title\" content=\"Kup Gorilla Biscuit Marihuana - Najlepsze Najlepsze Medycyny na \u015awiecie\" \/>\n<meta property=\"og:description\" content=\"Kup szczep Gorilla Biscuit Marihuana na sprzeda\u017c online. Lider w sprzeda\u017cy wysy\u0142kowej konopi indyjskich w Kanadzie z ponad 15-letnim do\u015bwiadczeniem w bran\u017cy medycznej marihuany.\" \/>\n<meta property=\"og:url\" content=\"https:\/\/medicinasinc.com\/pl\/product\/kup-goryl-herbatniki-marihuane\/\" \/>\n<meta property=\"og:site_name\" content=\"Medicinas Inc\" \/>\n<meta property=\"article:modified_time\" content=\"2022-03-22T01:08:45+00:00\" \/>\n<meta property=\"og:image\" content=\"https:\/\/medicinasinc.com\/pl\/wp-content\/uploads\/sites\/13\/2022\/02\/Buy-Gorilla-Biscuit-Marijuana.jpg\" \/>\n\t<meta property=\"og:image:width\" content=\"420\" \/>\n\t<meta property=\"og:image:height\" content=\"630\" \/>\n\t<meta property=\"og:image:type\" content=\"image\/jpeg\" \/>\n<meta name=\"twitter:card\" content=\"summary_large_image\" \/>\n<meta name=\"twitter:label1\" content=\"Est. reading time\" \/>\n\t<meta name=\"twitter:data1\" content=\"2 minutes\" \/>\n<script type=\"application\/ld+json\" class=\"yoast-schema-graph\">{\"@context\":\"https:\\\/\\\/schema.org\",\"@graph\":[{\"@type\":\"WebPage\",\"@id\":\"https:\\\/\\\/medicinasinc.com\\\/pl\\\/product\\\/kup-goryl-herbatniki-marihuane\\\/\",\"url\":\"https:\\\/\\\/medicinasinc.com\\\/pl\\\/product\\\/kup-goryl-herbatniki-marihuane\\\/\",\"name\":\"Kup Gorilla Biscuit Marihuana - Najlepsze Najlepsze Medycyny na \u015awiecie\",\"isPartOf\":{\"@id\":\"https:\\\/\\\/medicinasinc.com\\\/pl\\\/#website\"},\"primaryImageOfPage\":{\"@id\":\"https:\\\/\\\/medicinasinc.com\\\/pl\\\/product\\\/kup-goryl-herbatniki-marihuane\\\/#primaryimage\"},\"image\":{\"@id\":\"https:\\\/\\\/medicinasinc.com\\\/pl\\\/product\\\/kup-goryl-herbatniki-marihuane\\\/#primaryimage\"},\"thumbnailUrl\":\"https:\\\/\\\/medicinasinc.com\\\/pl\\\/wp-content\\\/uploads\\\/sites\\\/13\\\/2022\\\/02\\\/Buy-Gorilla-Biscuit-Marijuana.jpg\",\"datePublished\":\"2022-02-20T18:08:57+00:00\",\"dateModified\":\"2022-03-22T01:08:45+00:00\",\"description\":\"Kup szczep Gorilla Biscuit Marihuana na sprzeda\u017c online. Lider w sprzeda\u017cy wysy\u0142kowej konopi indyjskich w Kanadzie z ponad 15-letnim do\u015bwiadczeniem w bran\u017cy medycznej marihuany.\",\"breadcrumb\":{\"@id\":\"https:\\\/\\\/medicinasinc.com\\\/pl\\\/product\\\/kup-goryl-herbatniki-marihuane\\\/#breadcrumb\"},\"inLanguage\":\"en-US\",\"potentialAction\":[{\"@type\":\"ReadAction\",\"target\":[\"https:\\\/\\\/medicinasinc.com\\\/pl\\\/product\\\/kup-goryl-herbatniki-marihuane\\\/\"]}]},{\"@type\":\"ImageObject\",\"inLanguage\":\"en-US\",\"@id\":\"https:\\\/\\\/medicinasinc.com\\\/pl\\\/product\\\/kup-goryl-herbatniki-marihuane\\\/#primaryimage\",\"url\":\"https:\\\/\\\/medicinasinc.com\\\/pl\\\/wp-content\\\/uploads\\\/sites\\\/13\\\/2022\\\/02\\\/Buy-Gorilla-Biscuit-Marijuana.jpg\",\"contentUrl\":\"https:\\\/\\\/medicinasinc.com\\\/pl\\\/wp-content\\\/uploads\\\/sites\\\/13\\\/2022\\\/02\\\/Buy-Gorilla-Biscuit-Marijuana.jpg\",\"width\":420,\"height\":630},{\"@type\":\"BreadcrumbList\",\"@id\":\"https:\\\/\\\/medicinasinc.com\\\/pl\\\/product\\\/kup-goryl-herbatniki-marihuane\\\/#breadcrumb\",\"itemListElement\":[{\"@type\":\"ListItem\",\"position\":1,\"name\":\"Sklep\",\"item\":\"https:\\\/\\\/medicinasinc.com\\\/pl\\\/sklep\\\/\"},{\"@type\":\"ListItem\",\"position\":2,\"name\":\"Kup marihuan\u0119 Gorilla Biscuit\"}]},{\"@type\":\"WebSite\",\"@id\":\"https:\\\/\\\/medicinasinc.com\\\/pl\\\/#website\",\"url\":\"https:\\\/\\\/medicinasinc.com\\\/pl\\\/\",\"name\":\"Medicinas Inc\",\"description\":\"Health Medical Clinic\",\"potentialAction\":[{\"@type\":\"SearchAction\",\"target\":{\"@type\":\"EntryPoint\",\"urlTemplate\":\"https:\\\/\\\/medicinasinc.com\\\/pl\\\/?s={search_term_string}\"},\"query-input\":{\"@type\":\"PropertyValueSpecification\",\"valueRequired\":true,\"valueName\":\"search_term_string\"}}],\"inLanguage\":\"en-US\"}]}<\/script>\n<!-- \/ Yoast SEO plugin. -->","yoast_head_json":{"title":"Kup Gorilla Biscuit Marihuana - Najlepsze Najlepsze Medycyny na \u015awiecie","description":"Kup szczep Gorilla Biscuit Marihuana na sprzeda\u017c online. Lider w sprzeda\u017cy wysy\u0142kowej konopi indyjskich w Kanadzie z ponad 15-letnim do\u015bwiadczeniem w bran\u017cy medycznej marihuany.","robots":{"index":"index","follow":"follow","max-snippet":"max-snippet:-1","max-image-preview":"max-image-preview:large","max-video-preview":"max-video-preview:-1"},"canonical":"https:\/\/medicinasinc.com\/pl\/product\/kup-goryl-herbatniki-marihuane\/","og_locale":"en_US","og_type":"article","og_title":"Kup Gorilla Biscuit Marihuana - Najlepsze Najlepsze Medycyny na \u015awiecie","og_description":"Kup szczep Gorilla Biscuit Marihuana na sprzeda\u017c online. Lider w sprzeda\u017cy wysy\u0142kowej konopi indyjskich w Kanadzie z ponad 15-letnim do\u015bwiadczeniem w bran\u017cy medycznej marihuany.","og_url":"https:\/\/medicinasinc.com\/pl\/product\/kup-goryl-herbatniki-marihuane\/","og_site_name":"Medicinas Inc","article_modified_time":"2022-03-22T01:08:45+00:00","og_image":[{"width":420,"height":630,"url":"https:\/\/medicinasinc.com\/pl\/wp-content\/uploads\/sites\/13\/2022\/02\/Buy-Gorilla-Biscuit-Marijuana.jpg","type":"image\/jpeg"}],"twitter_card":"summary_large_image","twitter_misc":{"Est. reading time":"2 minutes"},"schema":{"@context":"https:\/\/schema.org","@graph":[{"@type":"WebPage","@id":"https:\/\/medicinasinc.com\/pl\/product\/kup-goryl-herbatniki-marihuane\/","url":"https:\/\/medicinasinc.com\/pl\/product\/kup-goryl-herbatniki-marihuane\/","name":"Kup Gorilla Biscuit Marihuana - Najlepsze Najlepsze Medycyny na \u015awiecie","isPartOf":{"@id":"https:\/\/medicinasinc.com\/pl\/#website"},"primaryImageOfPage":{"@id":"https:\/\/medicinasinc.com\/pl\/product\/kup-goryl-herbatniki-marihuane\/#primaryimage"},"image":{"@id":"https:\/\/medicinasinc.com\/pl\/product\/kup-goryl-herbatniki-marihuane\/#primaryimage"},"thumbnailUrl":"https:\/\/medicinasinc.com\/pl\/wp-content\/uploads\/sites\/13\/2022\/02\/Buy-Gorilla-Biscuit-Marijuana.jpg","datePublished":"2022-02-20T18:08:57+00:00","dateModified":"2022-03-22T01:08:45+00:00","description":"Kup szczep Gorilla Biscuit Marihuana na sprzeda\u017c online. Lider w sprzeda\u017cy wysy\u0142kowej konopi indyjskich w Kanadzie z ponad 15-letnim do\u015bwiadczeniem w bran\u017cy medycznej marihuany.","breadcrumb":{"@id":"https:\/\/medicinasinc.com\/pl\/product\/kup-goryl-herbatniki-marihuane\/#breadcrumb"},"inLanguage":"en-US","potentialAction":[{"@type":"ReadAction","target":["https:\/\/medicinasinc.com\/pl\/product\/kup-goryl-herbatniki-marihuane\/"]}]},{"@type":"ImageObject","inLanguage":"en-US","@id":"https:\/\/medicinasinc.com\/pl\/product\/kup-goryl-herbatniki-marihuane\/#primaryimage","url":"https:\/\/medicinasinc.com\/pl\/wp-content\/uploads\/sites\/13\/2022\/02\/Buy-Gorilla-Biscuit-Marijuana.jpg","contentUrl":"https:\/\/medicinasinc.com\/pl\/wp-content\/uploads\/sites\/13\/2022\/02\/Buy-Gorilla-Biscuit-Marijuana.jpg","width":420,"height":630},{"@type":"BreadcrumbList","@id":"https:\/\/medicinasinc.com\/pl\/product\/kup-goryl-herbatniki-marihuane\/#breadcrumb","itemListElement":[{"@type":"ListItem","position":1,"name":"Sklep","item":"https:\/\/medicinasinc.com\/pl\/sklep\/"},{"@type":"ListItem","position":2,"name":"Kup marihuan\u0119 Gorilla Biscuit"}]},{"@type":"WebSite","@id":"https:\/\/medicinasinc.com\/pl\/#website","url":"https:\/\/medicinasinc.com\/pl\/","name":"Medicinas Inc","description":"Health Medical Clinic","potentialAction":[{"@type":"SearchAction","target":{"@type":"EntryPoint","urlTemplate":"https:\/\/medicinasinc.com\/pl\/?s={search_term_string}"},"query-input":{"@type":"PropertyValueSpecification","valueRequired":true,"valueName":"search_term_string"}}],"inLanguage":"en-US"}]}},"_links":{"self":[{"href":"https:\/\/medicinasinc.com\/pl\/wp-json\/wp\/v2\/product\/4946","targetHints":{"allow":["GET"]}}],"collection":[{"href":"https:\/\/medicinasinc.com\/pl\/wp-json\/wp\/v2\/product"}],"about":[{"href":"https:\/\/medicinasinc.com\/pl\/wp-json\/wp\/v2\/types\/product"}],"replies":[{"embeddable":true,"href":"https:\/\/medicinasinc.com\/pl\/wp-json\/wp\/v2\/comments?post=4946"}],"wp:featuredmedia":[{"embeddable":true,"href":"https:\/\/medicinasinc.com\/pl\/wp-json\/wp\/v2\/media\/4960"}],"wp:attachment":[{"href":"https:\/\/medicinasinc.com\/pl\/wp-json\/wp\/v2\/media?parent=4946"}],"wp:term":[{"taxonomy":"product_brand","embeddable":true,"href":"https:\/\/medicinasinc.com\/pl\/wp-json\/wp\/v2\/product_brand?post=4946"},{"taxonomy":"product_cat","embeddable":true,"href":"https:\/\/medicinasinc.com\/pl\/wp-json\/wp\/v2\/product_cat?post=4946"},{"taxonomy":"product_tag","embeddable":true,"href":"https:\/\/medicinasinc.com\/pl\/wp-json\/wp\/v2\/product_tag?post=4946"}],"curies":[{"name":"wp","href":"https:\/\/api.w.org\/{rel}","templated":true}]}}