{"id":4940,"date":"2022-02-20T18:04:10","date_gmt":"2022-02-20T18:04:10","guid":{"rendered":"https:\/\/medicinasinc.com\/pl\/?post_type=product&#038;p=4940"},"modified":"2022-03-22T01:08:59","modified_gmt":"2022-03-22T01:08:59","slug":"kup-durban-trucizna-marihuana","status":"publish","type":"product","link":"https:\/\/medicinasinc.com\/pl\/product\/kup-durban-trucizna-marihuana\/","title":{"rendered":"Kup marihuan\u0119 Durban Poison"},"content":{"rendered":"<p>Zakup online szczepu marihuany Durban Poison<\/p>\n<p>Ta bardzo silna odmiana zada powa\u017cne obra\u017cenia m\u00f3zgu. Durban Poison to czysta odmiana sativa, kt\u00f3ra jest ukochanym wsobnym potomkiem po\u0142udniowoafryka\u0144skiej odmiany sativa. W latach 70. Ed Rosenthal, ameryka\u0144ski aktywista zajmuj\u0105cy si\u0119 konopiami, zidentyfikowa\u0142 oryginaln\u0105 odmian\u0119 i wprowadzi\u0142 j\u0105 do Stan\u00f3w Zjednoczonych. Od dawna jest ulubionym produktem w\u015br\u00f3d palaczy i pacjent\u00f3w z medyczn\u0105 marihuan\u0105 w tym mie\u015bcie. Durban Poison ma zawarto\u015b\u0107 THC do 24%, co czyni go jednym z najsilniejszych dost\u0119pnych szczep\u00f3w. Ta odmiana zapewnia mocny, przyjemny haj, kt\u00f3ry jest idealny do kreatywnych przedsi\u0119wzi\u0119\u0107 i aktywno\u015bci w ci\u0105gu dnia. Wraz z sucho\u015bci\u0105 w ustach paranoja jest mo\u017cliwym niepo\u017c\u0105danym efektem. Durban Poison to pot\u0119\u017cny lek na depresj\u0119 i l\u0119k, a tak\u017ce przewlek\u0142y b\u00f3l i nudno\u015bci. Ta odmiana jest dobra do tworzenia koncentrat\u00f3w ze wzgl\u0119du na obfito\u015b\u0107 du\u017cych w\u0142osk\u00f3w na p\u0105ku. Dominuj\u0105cy zapach i smak Durban Poison s\u0105 ziemiste i s\u0142odkie, z lekkim aromatem sosny. P\u0105ki s\u0105 okr\u0105g\u0142e i grube, pokryte obfitymi w\u0142oskami. Ta odmiana jest idealna do okres\u00f3w aktywno\u015bci fizycznej, prac domowych i innych aktywno\u015bci w ci\u0105gu dnia.<\/p>\n","protected":false},"excerpt":{"rendered":"<div class=\"woocommerce-product-details__short-description\">\n<p>Durban Poison ma zawarto\u015b\u0107 THC do 24%, co czyni go jednym z \u015bwiatowych \u017ce te sklepy sprzedaj\u0105 niekt\u00f3re z tych wyj\u0105tkowych szczep\u00f3w.<\/p>\n<p>Odmiana Durban Poison zyska\u0142a uznanie na ca\u0142ym \u015bwiecie dzi\u0119ki przyjemnemu aromatowi i energetyzuj\u0105cym, podnosz\u0105cym na duchu efektom. Prosz\u0119 z\u0142o\u017cy\u0107 nam wizyt\u0119.<\/p>\n<p>Durban Poison Marijuana Strain mo\u017cna kupi\u0107 online. Durban Poison to afryka\u0144ska odmiana marihuany Landrace Sativa. Doskona\u0142y dla pacjent\u00f3w poszukuj\u0105cych solidnego szczepu m\u00f3zgowego, kt\u00f3ry pomo\u017ce w walce ze stresem i zm\u0119czeniem.<\/p>\n<\/p><\/div>\n","protected":false},"featured_media":4954,"comment_status":"open","ping_status":"closed","template":"","meta":[],"product_brand":[],"product_cat":[778],"product_tag":[825,826,824,820,821,823,819,822],"class_list":{"0":"post-4940","1":"product","2":"type-product","3":"status-publish","4":"has-post-thumbnail","6":"product_cat-chwast-na-sprzeda","7":"product_tag-durban-trucizna-warzywna-czas","8":"product_tag-czy-durban-taki-sam-co-durban-trucizna","9":"product_tag-durban-trucizna-nasiona-poudniowa-afryka","10":"product_tag-durban-poison-autoflower","11":"product_tag-durban-poison-crosses","12":"product_tag-durban-poison-historia","13":"product_tag-najlepsze-durban-trucizny-nasiona","14":"product_tag-durban-trucizna-rosn","16":"first","17":"instock","18":"shipping-taxable","19":"purchasable","20":"product-type-variable","21":"has-default-attributes"},"yoast_head":"<!-- This site is optimized with the Yoast SEO plugin v27.3 - https:\/\/yoast.com\/product\/yoast-seo-wordpress\/ -->\n<title>Kup marihuan\u0119 Durban Poison - najlepsze leki na \u015bwiecie<\/title>\n<meta name=\"description\" content=\"Kup szczep Durban Poison na sprzeda\u017c online, zyska\u0142 popularno\u015b\u0107 na ca\u0142ym \u015bwiecie ze wzgl\u0119du na s\u0142odki zapach i energetyczne, podnosz\u0105ce na duchu efekty. Zapraszamy do odwiedzenia nas.\" \/>\n<meta name=\"robots\" content=\"index, follow, max-snippet:-1, max-image-preview:large, max-video-preview:-1\" \/>\n<link rel=\"canonical\" href=\"https:\/\/medicinasinc.com\/pl\/product\/kup-durban-trucizna-marihuana\/\" \/>\n<meta property=\"og:locale\" content=\"en_US\" \/>\n<meta property=\"og:type\" content=\"article\" \/>\n<meta property=\"og:title\" content=\"Kup marihuan\u0119 Durban Poison - najlepsze leki na \u015bwiecie\" \/>\n<meta property=\"og:description\" content=\"Kup szczep Durban Poison na sprzeda\u017c online, zyska\u0142 popularno\u015b\u0107 na ca\u0142ym \u015bwiecie ze wzgl\u0119du na s\u0142odki zapach i energetyczne, podnosz\u0105ce na duchu efekty. Zapraszamy do odwiedzenia nas.\" \/>\n<meta property=\"og:url\" content=\"https:\/\/medicinasinc.com\/pl\/product\/kup-durban-trucizna-marihuana\/\" \/>\n<meta property=\"og:site_name\" content=\"Medicinas Inc\" \/>\n<meta property=\"article:modified_time\" content=\"2022-03-22T01:08:59+00:00\" \/>\n<meta property=\"og:image\" content=\"https:\/\/medicinasinc.com\/pl\/wp-content\/uploads\/sites\/13\/2022\/02\/Buy-Durban-Poison-Marijuana.jpg\" \/>\n\t<meta property=\"og:image:width\" content=\"225\" \/>\n\t<meta property=\"og:image:height\" content=\"225\" \/>\n\t<meta property=\"og:image:type\" content=\"image\/jpeg\" \/>\n<meta name=\"twitter:card\" content=\"summary_large_image\" \/>\n<meta name=\"twitter:label1\" content=\"Est. reading time\" \/>\n\t<meta name=\"twitter:data1\" content=\"1 minute\" \/>\n<script type=\"application\/ld+json\" class=\"yoast-schema-graph\">{\"@context\":\"https:\\\/\\\/schema.org\",\"@graph\":[{\"@type\":\"WebPage\",\"@id\":\"https:\\\/\\\/medicinasinc.com\\\/pl\\\/product\\\/kup-durban-trucizna-marihuana\\\/\",\"url\":\"https:\\\/\\\/medicinasinc.com\\\/pl\\\/product\\\/kup-durban-trucizna-marihuana\\\/\",\"name\":\"Kup marihuan\u0119 Durban Poison - najlepsze leki na \u015bwiecie\",\"isPartOf\":{\"@id\":\"https:\\\/\\\/medicinasinc.com\\\/pl\\\/#website\"},\"primaryImageOfPage\":{\"@id\":\"https:\\\/\\\/medicinasinc.com\\\/pl\\\/product\\\/kup-durban-trucizna-marihuana\\\/#primaryimage\"},\"image\":{\"@id\":\"https:\\\/\\\/medicinasinc.com\\\/pl\\\/product\\\/kup-durban-trucizna-marihuana\\\/#primaryimage\"},\"thumbnailUrl\":\"https:\\\/\\\/medicinasinc.com\\\/pl\\\/wp-content\\\/uploads\\\/sites\\\/13\\\/2022\\\/02\\\/Buy-Durban-Poison-Marijuana.jpg\",\"datePublished\":\"2022-02-20T18:04:10+00:00\",\"dateModified\":\"2022-03-22T01:08:59+00:00\",\"description\":\"Kup szczep Durban Poison na sprzeda\u017c online, zyska\u0142 popularno\u015b\u0107 na ca\u0142ym \u015bwiecie ze wzgl\u0119du na s\u0142odki zapach i energetyczne, podnosz\u0105ce na duchu efekty. Zapraszamy do odwiedzenia nas.\",\"breadcrumb\":{\"@id\":\"https:\\\/\\\/medicinasinc.com\\\/pl\\\/product\\\/kup-durban-trucizna-marihuana\\\/#breadcrumb\"},\"inLanguage\":\"en-US\",\"potentialAction\":[{\"@type\":\"ReadAction\",\"target\":[\"https:\\\/\\\/medicinasinc.com\\\/pl\\\/product\\\/kup-durban-trucizna-marihuana\\\/\"]}]},{\"@type\":\"ImageObject\",\"inLanguage\":\"en-US\",\"@id\":\"https:\\\/\\\/medicinasinc.com\\\/pl\\\/product\\\/kup-durban-trucizna-marihuana\\\/#primaryimage\",\"url\":\"https:\\\/\\\/medicinasinc.com\\\/pl\\\/wp-content\\\/uploads\\\/sites\\\/13\\\/2022\\\/02\\\/Buy-Durban-Poison-Marijuana.jpg\",\"contentUrl\":\"https:\\\/\\\/medicinasinc.com\\\/pl\\\/wp-content\\\/uploads\\\/sites\\\/13\\\/2022\\\/02\\\/Buy-Durban-Poison-Marijuana.jpg\",\"width\":225,\"height\":225},{\"@type\":\"BreadcrumbList\",\"@id\":\"https:\\\/\\\/medicinasinc.com\\\/pl\\\/product\\\/kup-durban-trucizna-marihuana\\\/#breadcrumb\",\"itemListElement\":[{\"@type\":\"ListItem\",\"position\":1,\"name\":\"Sklep\",\"item\":\"https:\\\/\\\/medicinasinc.com\\\/pl\\\/sklep\\\/\"},{\"@type\":\"ListItem\",\"position\":2,\"name\":\"Kup marihuan\u0119 Durban Poison\"}]},{\"@type\":\"WebSite\",\"@id\":\"https:\\\/\\\/medicinasinc.com\\\/pl\\\/#website\",\"url\":\"https:\\\/\\\/medicinasinc.com\\\/pl\\\/\",\"name\":\"Medicinas Inc\",\"description\":\"Health Medical Clinic\",\"potentialAction\":[{\"@type\":\"SearchAction\",\"target\":{\"@type\":\"EntryPoint\",\"urlTemplate\":\"https:\\\/\\\/medicinasinc.com\\\/pl\\\/?s={search_term_string}\"},\"query-input\":{\"@type\":\"PropertyValueSpecification\",\"valueRequired\":true,\"valueName\":\"search_term_string\"}}],\"inLanguage\":\"en-US\"}]}<\/script>\n<!-- \/ Yoast SEO plugin. -->","yoast_head_json":{"title":"Kup marihuan\u0119 Durban Poison - najlepsze leki na \u015bwiecie","description":"Kup szczep Durban Poison na sprzeda\u017c online, zyska\u0142 popularno\u015b\u0107 na ca\u0142ym \u015bwiecie ze wzgl\u0119du na s\u0142odki zapach i energetyczne, podnosz\u0105ce na duchu efekty. Zapraszamy do odwiedzenia nas.","robots":{"index":"index","follow":"follow","max-snippet":"max-snippet:-1","max-image-preview":"max-image-preview:large","max-video-preview":"max-video-preview:-1"},"canonical":"https:\/\/medicinasinc.com\/pl\/product\/kup-durban-trucizna-marihuana\/","og_locale":"en_US","og_type":"article","og_title":"Kup marihuan\u0119 Durban Poison - najlepsze leki na \u015bwiecie","og_description":"Kup szczep Durban Poison na sprzeda\u017c online, zyska\u0142 popularno\u015b\u0107 na ca\u0142ym \u015bwiecie ze wzgl\u0119du na s\u0142odki zapach i energetyczne, podnosz\u0105ce na duchu efekty. Zapraszamy do odwiedzenia nas.","og_url":"https:\/\/medicinasinc.com\/pl\/product\/kup-durban-trucizna-marihuana\/","og_site_name":"Medicinas Inc","article_modified_time":"2022-03-22T01:08:59+00:00","og_image":[{"width":225,"height":225,"url":"https:\/\/medicinasinc.com\/pl\/wp-content\/uploads\/sites\/13\/2022\/02\/Buy-Durban-Poison-Marijuana.jpg","type":"image\/jpeg"}],"twitter_card":"summary_large_image","twitter_misc":{"Est. reading time":"1 minute"},"schema":{"@context":"https:\/\/schema.org","@graph":[{"@type":"WebPage","@id":"https:\/\/medicinasinc.com\/pl\/product\/kup-durban-trucizna-marihuana\/","url":"https:\/\/medicinasinc.com\/pl\/product\/kup-durban-trucizna-marihuana\/","name":"Kup marihuan\u0119 Durban Poison - najlepsze leki na \u015bwiecie","isPartOf":{"@id":"https:\/\/medicinasinc.com\/pl\/#website"},"primaryImageOfPage":{"@id":"https:\/\/medicinasinc.com\/pl\/product\/kup-durban-trucizna-marihuana\/#primaryimage"},"image":{"@id":"https:\/\/medicinasinc.com\/pl\/product\/kup-durban-trucizna-marihuana\/#primaryimage"},"thumbnailUrl":"https:\/\/medicinasinc.com\/pl\/wp-content\/uploads\/sites\/13\/2022\/02\/Buy-Durban-Poison-Marijuana.jpg","datePublished":"2022-02-20T18:04:10+00:00","dateModified":"2022-03-22T01:08:59+00:00","description":"Kup szczep Durban Poison na sprzeda\u017c online, zyska\u0142 popularno\u015b\u0107 na ca\u0142ym \u015bwiecie ze wzgl\u0119du na s\u0142odki zapach i energetyczne, podnosz\u0105ce na duchu efekty. Zapraszamy do odwiedzenia nas.","breadcrumb":{"@id":"https:\/\/medicinasinc.com\/pl\/product\/kup-durban-trucizna-marihuana\/#breadcrumb"},"inLanguage":"en-US","potentialAction":[{"@type":"ReadAction","target":["https:\/\/medicinasinc.com\/pl\/product\/kup-durban-trucizna-marihuana\/"]}]},{"@type":"ImageObject","inLanguage":"en-US","@id":"https:\/\/medicinasinc.com\/pl\/product\/kup-durban-trucizna-marihuana\/#primaryimage","url":"https:\/\/medicinasinc.com\/pl\/wp-content\/uploads\/sites\/13\/2022\/02\/Buy-Durban-Poison-Marijuana.jpg","contentUrl":"https:\/\/medicinasinc.com\/pl\/wp-content\/uploads\/sites\/13\/2022\/02\/Buy-Durban-Poison-Marijuana.jpg","width":225,"height":225},{"@type":"BreadcrumbList","@id":"https:\/\/medicinasinc.com\/pl\/product\/kup-durban-trucizna-marihuana\/#breadcrumb","itemListElement":[{"@type":"ListItem","position":1,"name":"Sklep","item":"https:\/\/medicinasinc.com\/pl\/sklep\/"},{"@type":"ListItem","position":2,"name":"Kup marihuan\u0119 Durban Poison"}]},{"@type":"WebSite","@id":"https:\/\/medicinasinc.com\/pl\/#website","url":"https:\/\/medicinasinc.com\/pl\/","name":"Medicinas Inc","description":"Health Medical Clinic","potentialAction":[{"@type":"SearchAction","target":{"@type":"EntryPoint","urlTemplate":"https:\/\/medicinasinc.com\/pl\/?s={search_term_string}"},"query-input":{"@type":"PropertyValueSpecification","valueRequired":true,"valueName":"search_term_string"}}],"inLanguage":"en-US"}]}},"_links":{"self":[{"href":"https:\/\/medicinasinc.com\/pl\/wp-json\/wp\/v2\/product\/4940","targetHints":{"allow":["GET"]}}],"collection":[{"href":"https:\/\/medicinasinc.com\/pl\/wp-json\/wp\/v2\/product"}],"about":[{"href":"https:\/\/medicinasinc.com\/pl\/wp-json\/wp\/v2\/types\/product"}],"replies":[{"embeddable":true,"href":"https:\/\/medicinasinc.com\/pl\/wp-json\/wp\/v2\/comments?post=4940"}],"wp:featuredmedia":[{"embeddable":true,"href":"https:\/\/medicinasinc.com\/pl\/wp-json\/wp\/v2\/media\/4954"}],"wp:attachment":[{"href":"https:\/\/medicinasinc.com\/pl\/wp-json\/wp\/v2\/media?parent=4940"}],"wp:term":[{"taxonomy":"product_brand","embeddable":true,"href":"https:\/\/medicinasinc.com\/pl\/wp-json\/wp\/v2\/product_brand?post=4940"},{"taxonomy":"product_cat","embeddable":true,"href":"https:\/\/medicinasinc.com\/pl\/wp-json\/wp\/v2\/product_cat?post=4940"},{"taxonomy":"product_tag","embeddable":true,"href":"https:\/\/medicinasinc.com\/pl\/wp-json\/wp\/v2\/product_tag?post=4940"}],"curies":[{"name":"wp","href":"https:\/\/api.w.org\/{rel}","templated":true}]}}