{"id":4938,"date":"2022-02-20T18:02:35","date_gmt":"2022-02-20T18:02:35","guid":{"rendered":"https:\/\/medicinasinc.com\/pl\/?post_type=product&#038;p=4938"},"modified":"2022-03-22T01:09:09","modified_gmt":"2022-03-22T01:09:09","slug":"kup-wisniowe-ciasto-marihuany-szczep","status":"publish","type":"product","link":"https:\/\/medicinasinc.com\/pl\/product\/kup-wisniowe-ciasto-marihuany-szczep\/","title":{"rendered":"Kup szczep marihuany Cherry Pie"},"content":{"rendered":"<p>Skup online szczepu marihuany Cherry Pie.<\/p>\n<p>Kup online szczepu marihuany Cherry Pie.<\/p>\n<p>Szczep Cherry Pie Marihuana mo\u017cna kupi\u0107 online. Hybryda &#8211; 80% Indica \/ 20% Sativa THC: 16\u201324%, CBD: 1%<\/p>\n<p>Efekty<br \/> Kreatywno\u015b\u0107, euforia, zadowolenie i relaks<br \/>Mo\u017cliwa ulga<br \/> Zesp\u00f3\u0142 deficytu uwagi\/nadpobudliwo\u015b\u0107, l\u0119k, choroba afektywna dwubiegunowa, przewlek\u0142y b\u00f3l, depresja, nadpobudliwo\u015b\u0107 i bezsenno\u015b\u0107<br \/>Smaki<br \/>Jagody, wi\u015bnie i s\u0142odycze<br \/>Aromaty<br \/>Wi\u015bniowe, jagodowe, ziemiste, i s\u0142odki<\/p>\n","protected":false},"excerpt":{"rendered":"<p>Kup online szczep marihuany Cherry Pie. Cherry Pie Marihuana Szczep mo\u017cna kupi\u0107 online. Hybrydowy &#8211; 80% Indica \/ 20% Sativa THC: 16\u201324%, CBD: 1%<\/p>\n","protected":false},"featured_media":4952,"comment_status":"open","ping_status":"closed","template":"","meta":[],"product_brand":[],"product_cat":[778],"product_tag":[813,814,815,816,817,811,818,812],"class_list":{"0":"post-4938","1":"product","2":"type-product","3":"status-publish","4":"has-post-thumbnail","6":"product_cat-chwast-na-sprzeda","7":"product_tag-cherry-pie-seeds","8":"product_tag-cherry-pie-strain-allbud","9":"product_tag-cherry-pie-strain-effects","10":"product_tag-cherry-pie-strain-price","11":"product_tag-cherry-pies-szczep-sativa-lub-indica","12":"product_tag-ciasto-winiowe-i-szczep","13":"product_tag-winia-pie-odmiana-wydajno","14":"product_tag-przepis-na-ciasto-z-winiami","16":"first","17":"instock","18":"shipping-taxable","19":"purchasable","20":"product-type-variable","21":"has-default-attributes"},"yoast_head":"<!-- This site is optimized with the Yoast SEO plugin v27.3 - https:\/\/yoast.com\/product\/yoast-seo-wordpress\/ -->\n<title>Kup Odmian\u0119 Marihuany Cherry Pie - Najlepsze Najlepsze globalne leki<\/title>\n<meta name=\"description\" content=\"Kup szczep marihuany Cherry Pie na sprzeda\u017c online. Kup szczep marihuany Cherry Pie przez Internet. Hybryda \u2013 80% Indica \/ 20% Sativa THC: 16% \u2013 24%, CBD: 1%\" \/>\n<meta name=\"robots\" content=\"index, follow, max-snippet:-1, max-image-preview:large, max-video-preview:-1\" \/>\n<link rel=\"canonical\" href=\"https:\/\/medicinasinc.com\/pl\/product\/kup-wisniowe-ciasto-marihuany-szczep\/\" \/>\n<meta property=\"og:locale\" content=\"en_US\" \/>\n<meta property=\"og:type\" content=\"article\" \/>\n<meta property=\"og:title\" content=\"Kup Odmian\u0119 Marihuany Cherry Pie - Najlepsze Najlepsze globalne leki\" \/>\n<meta property=\"og:description\" content=\"Kup szczep marihuany Cherry Pie na sprzeda\u017c online. Kup szczep marihuany Cherry Pie przez Internet. Hybryda \u2013 80% Indica \/ 20% Sativa THC: 16% \u2013 24%, CBD: 1%\" \/>\n<meta property=\"og:url\" content=\"https:\/\/medicinasinc.com\/pl\/product\/kup-wisniowe-ciasto-marihuany-szczep\/\" \/>\n<meta property=\"og:site_name\" content=\"Medicinas Inc\" \/>\n<meta property=\"article:modified_time\" content=\"2022-03-22T01:09:09+00:00\" \/>\n<meta property=\"og:image\" content=\"https:\/\/medicinasinc.com\/pl\/wp-content\/uploads\/sites\/13\/2022\/02\/Buy-Cherry-Pie-Marijuana.jpg\" \/>\n\t<meta property=\"og:image:width\" content=\"1080\" \/>\n\t<meta property=\"og:image:height\" content=\"1080\" \/>\n\t<meta property=\"og:image:type\" content=\"image\/jpeg\" \/>\n<meta name=\"twitter:card\" content=\"summary_large_image\" \/>\n<meta name=\"twitter:label1\" content=\"Est. reading time\" \/>\n\t<meta name=\"twitter:data1\" content=\"1 minute\" \/>\n<script type=\"application\/ld+json\" class=\"yoast-schema-graph\">{\"@context\":\"https:\\\/\\\/schema.org\",\"@graph\":[{\"@type\":\"WebPage\",\"@id\":\"https:\\\/\\\/medicinasinc.com\\\/pl\\\/product\\\/kup-wisniowe-ciasto-marihuany-szczep\\\/\",\"url\":\"https:\\\/\\\/medicinasinc.com\\\/pl\\\/product\\\/kup-wisniowe-ciasto-marihuany-szczep\\\/\",\"name\":\"Kup Odmian\u0119 Marihuany Cherry Pie - Najlepsze Najlepsze globalne leki\",\"isPartOf\":{\"@id\":\"https:\\\/\\\/medicinasinc.com\\\/pl\\\/#website\"},\"primaryImageOfPage\":{\"@id\":\"https:\\\/\\\/medicinasinc.com\\\/pl\\\/product\\\/kup-wisniowe-ciasto-marihuany-szczep\\\/#primaryimage\"},\"image\":{\"@id\":\"https:\\\/\\\/medicinasinc.com\\\/pl\\\/product\\\/kup-wisniowe-ciasto-marihuany-szczep\\\/#primaryimage\"},\"thumbnailUrl\":\"https:\\\/\\\/medicinasinc.com\\\/pl\\\/wp-content\\\/uploads\\\/sites\\\/13\\\/2022\\\/02\\\/Buy-Cherry-Pie-Marijuana.jpg\",\"datePublished\":\"2022-02-20T18:02:35+00:00\",\"dateModified\":\"2022-03-22T01:09:09+00:00\",\"description\":\"Kup szczep marihuany Cherry Pie na sprzeda\u017c online. Kup szczep marihuany Cherry Pie przez Internet. Hybryda \u2013 80% Indica \\\/ 20% Sativa THC: 16% \u2013 24%, CBD: 1%\",\"breadcrumb\":{\"@id\":\"https:\\\/\\\/medicinasinc.com\\\/pl\\\/product\\\/kup-wisniowe-ciasto-marihuany-szczep\\\/#breadcrumb\"},\"inLanguage\":\"en-US\",\"potentialAction\":[{\"@type\":\"ReadAction\",\"target\":[\"https:\\\/\\\/medicinasinc.com\\\/pl\\\/product\\\/kup-wisniowe-ciasto-marihuany-szczep\\\/\"]}]},{\"@type\":\"ImageObject\",\"inLanguage\":\"en-US\",\"@id\":\"https:\\\/\\\/medicinasinc.com\\\/pl\\\/product\\\/kup-wisniowe-ciasto-marihuany-szczep\\\/#primaryimage\",\"url\":\"https:\\\/\\\/medicinasinc.com\\\/pl\\\/wp-content\\\/uploads\\\/sites\\\/13\\\/2022\\\/02\\\/Buy-Cherry-Pie-Marijuana.jpg\",\"contentUrl\":\"https:\\\/\\\/medicinasinc.com\\\/pl\\\/wp-content\\\/uploads\\\/sites\\\/13\\\/2022\\\/02\\\/Buy-Cherry-Pie-Marijuana.jpg\",\"width\":1080,\"height\":1080},{\"@type\":\"BreadcrumbList\",\"@id\":\"https:\\\/\\\/medicinasinc.com\\\/pl\\\/product\\\/kup-wisniowe-ciasto-marihuany-szczep\\\/#breadcrumb\",\"itemListElement\":[{\"@type\":\"ListItem\",\"position\":1,\"name\":\"Sklep\",\"item\":\"https:\\\/\\\/medicinasinc.com\\\/pl\\\/sklep\\\/\"},{\"@type\":\"ListItem\",\"position\":2,\"name\":\"Kup szczep marihuany Cherry Pie\"}]},{\"@type\":\"WebSite\",\"@id\":\"https:\\\/\\\/medicinasinc.com\\\/pl\\\/#website\",\"url\":\"https:\\\/\\\/medicinasinc.com\\\/pl\\\/\",\"name\":\"Medicinas Inc\",\"description\":\"Health Medical Clinic\",\"potentialAction\":[{\"@type\":\"SearchAction\",\"target\":{\"@type\":\"EntryPoint\",\"urlTemplate\":\"https:\\\/\\\/medicinasinc.com\\\/pl\\\/?s={search_term_string}\"},\"query-input\":{\"@type\":\"PropertyValueSpecification\",\"valueRequired\":true,\"valueName\":\"search_term_string\"}}],\"inLanguage\":\"en-US\"}]}<\/script>\n<!-- \/ Yoast SEO plugin. -->","yoast_head_json":{"title":"Kup Odmian\u0119 Marihuany Cherry Pie - Najlepsze Najlepsze globalne leki","description":"Kup szczep marihuany Cherry Pie na sprzeda\u017c online. Kup szczep marihuany Cherry Pie przez Internet. Hybryda \u2013 80% Indica \/ 20% Sativa THC: 16% \u2013 24%, CBD: 1%","robots":{"index":"index","follow":"follow","max-snippet":"max-snippet:-1","max-image-preview":"max-image-preview:large","max-video-preview":"max-video-preview:-1"},"canonical":"https:\/\/medicinasinc.com\/pl\/product\/kup-wisniowe-ciasto-marihuany-szczep\/","og_locale":"en_US","og_type":"article","og_title":"Kup Odmian\u0119 Marihuany Cherry Pie - Najlepsze Najlepsze globalne leki","og_description":"Kup szczep marihuany Cherry Pie na sprzeda\u017c online. Kup szczep marihuany Cherry Pie przez Internet. Hybryda \u2013 80% Indica \/ 20% Sativa THC: 16% \u2013 24%, CBD: 1%","og_url":"https:\/\/medicinasinc.com\/pl\/product\/kup-wisniowe-ciasto-marihuany-szczep\/","og_site_name":"Medicinas Inc","article_modified_time":"2022-03-22T01:09:09+00:00","og_image":[{"width":1080,"height":1080,"url":"https:\/\/medicinasinc.com\/pl\/wp-content\/uploads\/sites\/13\/2022\/02\/Buy-Cherry-Pie-Marijuana.jpg","type":"image\/jpeg"}],"twitter_card":"summary_large_image","twitter_misc":{"Est. reading time":"1 minute"},"schema":{"@context":"https:\/\/schema.org","@graph":[{"@type":"WebPage","@id":"https:\/\/medicinasinc.com\/pl\/product\/kup-wisniowe-ciasto-marihuany-szczep\/","url":"https:\/\/medicinasinc.com\/pl\/product\/kup-wisniowe-ciasto-marihuany-szczep\/","name":"Kup Odmian\u0119 Marihuany Cherry Pie - Najlepsze Najlepsze globalne leki","isPartOf":{"@id":"https:\/\/medicinasinc.com\/pl\/#website"},"primaryImageOfPage":{"@id":"https:\/\/medicinasinc.com\/pl\/product\/kup-wisniowe-ciasto-marihuany-szczep\/#primaryimage"},"image":{"@id":"https:\/\/medicinasinc.com\/pl\/product\/kup-wisniowe-ciasto-marihuany-szczep\/#primaryimage"},"thumbnailUrl":"https:\/\/medicinasinc.com\/pl\/wp-content\/uploads\/sites\/13\/2022\/02\/Buy-Cherry-Pie-Marijuana.jpg","datePublished":"2022-02-20T18:02:35+00:00","dateModified":"2022-03-22T01:09:09+00:00","description":"Kup szczep marihuany Cherry Pie na sprzeda\u017c online. Kup szczep marihuany Cherry Pie przez Internet. Hybryda \u2013 80% Indica \/ 20% Sativa THC: 16% \u2013 24%, CBD: 1%","breadcrumb":{"@id":"https:\/\/medicinasinc.com\/pl\/product\/kup-wisniowe-ciasto-marihuany-szczep\/#breadcrumb"},"inLanguage":"en-US","potentialAction":[{"@type":"ReadAction","target":["https:\/\/medicinasinc.com\/pl\/product\/kup-wisniowe-ciasto-marihuany-szczep\/"]}]},{"@type":"ImageObject","inLanguage":"en-US","@id":"https:\/\/medicinasinc.com\/pl\/product\/kup-wisniowe-ciasto-marihuany-szczep\/#primaryimage","url":"https:\/\/medicinasinc.com\/pl\/wp-content\/uploads\/sites\/13\/2022\/02\/Buy-Cherry-Pie-Marijuana.jpg","contentUrl":"https:\/\/medicinasinc.com\/pl\/wp-content\/uploads\/sites\/13\/2022\/02\/Buy-Cherry-Pie-Marijuana.jpg","width":1080,"height":1080},{"@type":"BreadcrumbList","@id":"https:\/\/medicinasinc.com\/pl\/product\/kup-wisniowe-ciasto-marihuany-szczep\/#breadcrumb","itemListElement":[{"@type":"ListItem","position":1,"name":"Sklep","item":"https:\/\/medicinasinc.com\/pl\/sklep\/"},{"@type":"ListItem","position":2,"name":"Kup szczep marihuany Cherry Pie"}]},{"@type":"WebSite","@id":"https:\/\/medicinasinc.com\/pl\/#website","url":"https:\/\/medicinasinc.com\/pl\/","name":"Medicinas Inc","description":"Health Medical Clinic","potentialAction":[{"@type":"SearchAction","target":{"@type":"EntryPoint","urlTemplate":"https:\/\/medicinasinc.com\/pl\/?s={search_term_string}"},"query-input":{"@type":"PropertyValueSpecification","valueRequired":true,"valueName":"search_term_string"}}],"inLanguage":"en-US"}]}},"_links":{"self":[{"href":"https:\/\/medicinasinc.com\/pl\/wp-json\/wp\/v2\/product\/4938","targetHints":{"allow":["GET"]}}],"collection":[{"href":"https:\/\/medicinasinc.com\/pl\/wp-json\/wp\/v2\/product"}],"about":[{"href":"https:\/\/medicinasinc.com\/pl\/wp-json\/wp\/v2\/types\/product"}],"replies":[{"embeddable":true,"href":"https:\/\/medicinasinc.com\/pl\/wp-json\/wp\/v2\/comments?post=4938"}],"wp:featuredmedia":[{"embeddable":true,"href":"https:\/\/medicinasinc.com\/pl\/wp-json\/wp\/v2\/media\/4952"}],"wp:attachment":[{"href":"https:\/\/medicinasinc.com\/pl\/wp-json\/wp\/v2\/media?parent=4938"}],"wp:term":[{"taxonomy":"product_brand","embeddable":true,"href":"https:\/\/medicinasinc.com\/pl\/wp-json\/wp\/v2\/product_brand?post=4938"},{"taxonomy":"product_cat","embeddable":true,"href":"https:\/\/medicinasinc.com\/pl\/wp-json\/wp\/v2\/product_cat?post=4938"},{"taxonomy":"product_tag","embeddable":true,"href":"https:\/\/medicinasinc.com\/pl\/wp-json\/wp\/v2\/product_tag?post=4938"}],"curies":[{"name":"wp","href":"https:\/\/api.w.org\/{rel}","templated":true}]}}