{"id":4928,"date":"2022-02-20T17:53:26","date_gmt":"2022-02-20T17:53:26","guid":{"rendered":"https:\/\/medicinasinc.com\/pl\/?post_type=product&#038;p=4928"},"modified":"2022-03-22T01:09:17","modified_gmt":"2022-03-22T01:09:17","slug":"kup-ciasteczka-lody","status":"publish","type":"product","link":"https:\/\/medicinasinc.com\/pl\/product\/kup-ciasteczka-lody\/","title":{"rendered":"Kup ciasteczka Gelato"},"content":{"rendered":"<p>Cookies Gelato to potomstwo dw\u00f3ch znakomitych odmian marihuany. Odziedziczy\u0142a niesamowit\u0105 moc, s\u0142odki smak i niesamowit\u0105 wydajno\u015b\u0107. A Cali Bliss zoptymalizowa\u0142 ka\u017cdy z tych element\u00f3w. To jest teraz nr 2 i zosta\u0142o znacznie ulepszone. Dodatkowo stosuje si\u0119 25% THC zamiast 23% THC.<\/p>\n<p>Na pocz\u0105tek chcieliby\u015bmy przedstawi\u0107 pewien kontekst dla hodowc\u00f3w tego uroczego szczepu Cookies Gelato. Cali Bliss to stosunkowo nowy zesp\u00f3\u0142 hodowc\u00f3w. S\u0105 to ci\u0119\u017ckie hity i zaj\u0119\u0142o nam oko\u0142o p\u00f3\u0142tora roku, aby zgromadzi\u0107 niekt\u00f3re z ich odmian. W tej chwili mieli\u015bmy szcz\u0119\u015bcie, \u017ce nabyli\u015bmy trzy z nich. S\u0105 oddani autentycznej genetyce Kalifornii, ale z niespodziank\u0105. Niekt\u00f3re odmiany potrzebuj\u0105 lat, by rozwin\u0105\u0107 si\u0119 do punktu, w kt\u00f3rym ci faceci s\u0105 usatysfakcjonowani.<\/p>\n<p>\u201eW miar\u0119 spo\u017cywania wi\u0119kszej ilo\u015bci marihuany wzrasta twoja tolerancja. wystarczy s\u0142aby szczep. Jednak po kilku latach wytrawni palacze potrzebuj\u0105 silniejszej marihuany, aby osi\u0105gn\u0105\u0107 te same efekty. Jednym z tych szczep\u00f3w jest Cookies Gelato. Dostarcza monstrualn\u0105 dawk\u0119 THC, kt\u00f3ra natychmiast przenosi umys\u0142 do zmienionego stanu \u015bwiadomo\u015bci i utrzymuje to przez wiele godzin.&#8221;<\/p>\n<p>Cookies Gelato ma pot\u0119\u017cne dzia\u0142anie dzi\u0119ki silnym szczepom rodzicielskim Girl Scout Cookies i Gelato. Ten dynamiczny duet s\u0142ynie jednak nie tylko z brutalnej si\u0142y. Jak sugeruj\u0105 ich nazwy, oba maj\u0105 s\u0142odkie i s\u0142odkie profile terpenowe. Cookies Gelato uosabia najlepsze cechy obu tych legendarnych odmian.<\/p>\n<p>P\u0105ki tego faceta s\u0105 rzadkie i ma\u0142e (jest to uwarunkowane genetycznie \u2013 nie da si\u0119 tego obej\u015b\u0107). Dodatkowy puch i mi\u0119kko\u015b\u0107. Oznacza to, \u017ce sam p\u0105czek ma wi\u0119cej przestrzeni powietrznej. Mo\u017ce to skutkowa\u0107 szybszym oparzeniem i ostrzejszym odczuciem, je\u015bli nie zostanie to wzi\u0119te pod uwag\u0119. Dlatego po prostu upewnij si\u0119, \u017ce jest ciasno upakowany, aby wyeliminowa\u0107 jak\u0105kolwiek przestrze\u0144 powietrzn\u0105. Zwijaj\u0105c jointa lub pal\u0105c misk\u0119, zapakuj j\u0105 ciasno. Taka jest natura szczepu.<\/p>\n<p>CO OZNACZA LICZBA DWA?<\/p>\n<p>\u2013 Rozleg\u0142e dzia\u0142anie (bardziej wyrafinowany)<\/p>\n<p>\u2013 Ulepszony smak (bardziej wyrafinowany profil terpowy) <\/p>\n<p>\u2013 Zwi\u0119kszona zawarto\u015b\u0107 THC (kiedy\u015b 23 procent, teraz 25 procent)<\/p>\n<p>\u2013 Dodatkowo lepsze utwardzanie i przycinanie<\/p>\n<p>EFEKTY:<\/p>\n<p>Tw\u00f3rczy, radosny i euforyczny<\/p>\n<p>MEDYCZNY:<\/p>\n<p>L\u0119k, stres i przewlek\u0142y b\u00f3l<\/p>\n<p>THC:<\/p>\n<p>25% <\/p>\n<div class=\"product-next-previous\">\n<div class=\"product-prev\"><\/div><\/div>\n","protected":false},"excerpt":{"rendered":"<p>Kup Marihuana Cookies Gelato na sprzeda\u017c online. Chem Willie to hybryda z dominacj\u0105 Sativy \u2013 70% Sativy i 30% Indica. THC Indica: 15%<\/p>\n","protected":false},"featured_media":4941,"comment_status":"open","ping_status":"closed","template":"","meta":[],"product_brand":[],"product_cat":[778],"product_tag":[809,804,805,806,810,807,803,808],"class_list":{"0":"post-4928","1":"product","2":"type-product","3":"status-publish","4":"has-post-thumbnail","6":"product_cat-chwast-na-sprzeda","7":"product_tag-lody-ciasteczka-szczep-allbud","8":"product_tag-ciasteczka-lody-41","9":"product_tag-ciasteczka-lody-czas-kwitnienia","10":"product_tag-ciasteczka-lody-rosnosci-dziennik","11":"product_tag-lody-ciasteczka-szczep-wikileaf","12":"product_tag-ciasteczka-lody-wydajno","13":"product_tag-cookies-gelato-42","14":"product_tag-gelato-cookies-and-cream","16":"first","17":"instock","18":"shipping-taxable","19":"purchasable","20":"product-type-variable","21":"has-default-attributes"},"yoast_head":"<!-- This site is optimized with the Yoast SEO plugin v27.3 - https:\/\/yoast.com\/product\/yoast-seo-wordpress\/ -->\n<title>Kup Cookies Gelato - Cookies Gelato na sprzeda\u017c - Best Best Global Meds<\/title>\n<meta name=\"description\" content=\"Kup Cookies Gelato Marihuana na sprzeda\u017c online. Chem willie to hybryda dominuj\u0105ca Sativa \u2013 70% Sativa \/ 30% Indica THC: 15%\" \/>\n<meta name=\"robots\" content=\"index, follow, max-snippet:-1, max-image-preview:large, max-video-preview:-1\" \/>\n<link rel=\"canonical\" href=\"https:\/\/medicinasinc.com\/pl\/product\/kup-ciasteczka-lody\/\" \/>\n<meta property=\"og:locale\" content=\"en_US\" \/>\n<meta property=\"og:type\" content=\"article\" \/>\n<meta property=\"og:title\" content=\"Kup Cookies Gelato - Cookies Gelato na sprzeda\u017c - Best Best Global Meds\" \/>\n<meta property=\"og:description\" content=\"Kup Cookies Gelato Marihuana na sprzeda\u017c online. Chem willie to hybryda dominuj\u0105ca Sativa \u2013 70% Sativa \/ 30% Indica THC: 15%\" \/>\n<meta property=\"og:url\" content=\"https:\/\/medicinasinc.com\/pl\/product\/kup-ciasteczka-lody\/\" \/>\n<meta property=\"og:site_name\" content=\"Medicinas Inc\" \/>\n<meta property=\"article:modified_time\" content=\"2022-03-22T01:09:17+00:00\" \/>\n<meta property=\"og:image\" content=\"https:\/\/medicinasinc.com\/pl\/wp-content\/uploads\/sites\/13\/2022\/02\/Buy-Cookies-Gelato.jpg\" \/>\n\t<meta property=\"og:image:width\" content=\"420\" \/>\n\t<meta property=\"og:image:height\" content=\"630\" \/>\n\t<meta property=\"og:image:type\" content=\"image\/jpeg\" \/>\n<meta name=\"twitter:card\" content=\"summary_large_image\" \/>\n<meta name=\"twitter:label1\" content=\"Est. reading time\" \/>\n\t<meta name=\"twitter:data1\" content=\"2 minutes\" \/>\n<script type=\"application\/ld+json\" class=\"yoast-schema-graph\">{\"@context\":\"https:\\\/\\\/schema.org\",\"@graph\":[{\"@type\":\"WebPage\",\"@id\":\"https:\\\/\\\/medicinasinc.com\\\/pl\\\/product\\\/kup-ciasteczka-lody\\\/\",\"url\":\"https:\\\/\\\/medicinasinc.com\\\/pl\\\/product\\\/kup-ciasteczka-lody\\\/\",\"name\":\"Kup Cookies Gelato - Cookies Gelato na sprzeda\u017c - Best Best Global Meds\",\"isPartOf\":{\"@id\":\"https:\\\/\\\/medicinasinc.com\\\/pl\\\/#website\"},\"primaryImageOfPage\":{\"@id\":\"https:\\\/\\\/medicinasinc.com\\\/pl\\\/product\\\/kup-ciasteczka-lody\\\/#primaryimage\"},\"image\":{\"@id\":\"https:\\\/\\\/medicinasinc.com\\\/pl\\\/product\\\/kup-ciasteczka-lody\\\/#primaryimage\"},\"thumbnailUrl\":\"https:\\\/\\\/medicinasinc.com\\\/pl\\\/wp-content\\\/uploads\\\/sites\\\/13\\\/2022\\\/02\\\/Buy-Cookies-Gelato.jpg\",\"datePublished\":\"2022-02-20T17:53:26+00:00\",\"dateModified\":\"2022-03-22T01:09:17+00:00\",\"description\":\"Kup Cookies Gelato Marihuana na sprzeda\u017c online. Chem willie to hybryda dominuj\u0105ca Sativa \u2013 70% Sativa \\\/ 30% Indica THC: 15%\",\"breadcrumb\":{\"@id\":\"https:\\\/\\\/medicinasinc.com\\\/pl\\\/product\\\/kup-ciasteczka-lody\\\/#breadcrumb\"},\"inLanguage\":\"en-US\",\"potentialAction\":[{\"@type\":\"ReadAction\",\"target\":[\"https:\\\/\\\/medicinasinc.com\\\/pl\\\/product\\\/kup-ciasteczka-lody\\\/\"]}]},{\"@type\":\"ImageObject\",\"inLanguage\":\"en-US\",\"@id\":\"https:\\\/\\\/medicinasinc.com\\\/pl\\\/product\\\/kup-ciasteczka-lody\\\/#primaryimage\",\"url\":\"https:\\\/\\\/medicinasinc.com\\\/pl\\\/wp-content\\\/uploads\\\/sites\\\/13\\\/2022\\\/02\\\/Buy-Cookies-Gelato.jpg\",\"contentUrl\":\"https:\\\/\\\/medicinasinc.com\\\/pl\\\/wp-content\\\/uploads\\\/sites\\\/13\\\/2022\\\/02\\\/Buy-Cookies-Gelato.jpg\",\"width\":420,\"height\":630},{\"@type\":\"BreadcrumbList\",\"@id\":\"https:\\\/\\\/medicinasinc.com\\\/pl\\\/product\\\/kup-ciasteczka-lody\\\/#breadcrumb\",\"itemListElement\":[{\"@type\":\"ListItem\",\"position\":1,\"name\":\"Sklep\",\"item\":\"https:\\\/\\\/medicinasinc.com\\\/pl\\\/sklep\\\/\"},{\"@type\":\"ListItem\",\"position\":2,\"name\":\"Kup ciasteczka Gelato\"}]},{\"@type\":\"WebSite\",\"@id\":\"https:\\\/\\\/medicinasinc.com\\\/pl\\\/#website\",\"url\":\"https:\\\/\\\/medicinasinc.com\\\/pl\\\/\",\"name\":\"Medicinas Inc\",\"description\":\"Health Medical Clinic\",\"potentialAction\":[{\"@type\":\"SearchAction\",\"target\":{\"@type\":\"EntryPoint\",\"urlTemplate\":\"https:\\\/\\\/medicinasinc.com\\\/pl\\\/?s={search_term_string}\"},\"query-input\":{\"@type\":\"PropertyValueSpecification\",\"valueRequired\":true,\"valueName\":\"search_term_string\"}}],\"inLanguage\":\"en-US\"}]}<\/script>\n<!-- \/ Yoast SEO plugin. -->","yoast_head_json":{"title":"Kup Cookies Gelato - Cookies Gelato na sprzeda\u017c - Best Best Global Meds","description":"Kup Cookies Gelato Marihuana na sprzeda\u017c online. Chem willie to hybryda dominuj\u0105ca Sativa \u2013 70% Sativa \/ 30% Indica THC: 15%","robots":{"index":"index","follow":"follow","max-snippet":"max-snippet:-1","max-image-preview":"max-image-preview:large","max-video-preview":"max-video-preview:-1"},"canonical":"https:\/\/medicinasinc.com\/pl\/product\/kup-ciasteczka-lody\/","og_locale":"en_US","og_type":"article","og_title":"Kup Cookies Gelato - Cookies Gelato na sprzeda\u017c - Best Best Global Meds","og_description":"Kup Cookies Gelato Marihuana na sprzeda\u017c online. Chem willie to hybryda dominuj\u0105ca Sativa \u2013 70% Sativa \/ 30% Indica THC: 15%","og_url":"https:\/\/medicinasinc.com\/pl\/product\/kup-ciasteczka-lody\/","og_site_name":"Medicinas Inc","article_modified_time":"2022-03-22T01:09:17+00:00","og_image":[{"width":420,"height":630,"url":"https:\/\/medicinasinc.com\/pl\/wp-content\/uploads\/sites\/13\/2022\/02\/Buy-Cookies-Gelato.jpg","type":"image\/jpeg"}],"twitter_card":"summary_large_image","twitter_misc":{"Est. reading time":"2 minutes"},"schema":{"@context":"https:\/\/schema.org","@graph":[{"@type":"WebPage","@id":"https:\/\/medicinasinc.com\/pl\/product\/kup-ciasteczka-lody\/","url":"https:\/\/medicinasinc.com\/pl\/product\/kup-ciasteczka-lody\/","name":"Kup Cookies Gelato - Cookies Gelato na sprzeda\u017c - Best Best Global Meds","isPartOf":{"@id":"https:\/\/medicinasinc.com\/pl\/#website"},"primaryImageOfPage":{"@id":"https:\/\/medicinasinc.com\/pl\/product\/kup-ciasteczka-lody\/#primaryimage"},"image":{"@id":"https:\/\/medicinasinc.com\/pl\/product\/kup-ciasteczka-lody\/#primaryimage"},"thumbnailUrl":"https:\/\/medicinasinc.com\/pl\/wp-content\/uploads\/sites\/13\/2022\/02\/Buy-Cookies-Gelato.jpg","datePublished":"2022-02-20T17:53:26+00:00","dateModified":"2022-03-22T01:09:17+00:00","description":"Kup Cookies Gelato Marihuana na sprzeda\u017c online. Chem willie to hybryda dominuj\u0105ca Sativa \u2013 70% Sativa \/ 30% Indica THC: 15%","breadcrumb":{"@id":"https:\/\/medicinasinc.com\/pl\/product\/kup-ciasteczka-lody\/#breadcrumb"},"inLanguage":"en-US","potentialAction":[{"@type":"ReadAction","target":["https:\/\/medicinasinc.com\/pl\/product\/kup-ciasteczka-lody\/"]}]},{"@type":"ImageObject","inLanguage":"en-US","@id":"https:\/\/medicinasinc.com\/pl\/product\/kup-ciasteczka-lody\/#primaryimage","url":"https:\/\/medicinasinc.com\/pl\/wp-content\/uploads\/sites\/13\/2022\/02\/Buy-Cookies-Gelato.jpg","contentUrl":"https:\/\/medicinasinc.com\/pl\/wp-content\/uploads\/sites\/13\/2022\/02\/Buy-Cookies-Gelato.jpg","width":420,"height":630},{"@type":"BreadcrumbList","@id":"https:\/\/medicinasinc.com\/pl\/product\/kup-ciasteczka-lody\/#breadcrumb","itemListElement":[{"@type":"ListItem","position":1,"name":"Sklep","item":"https:\/\/medicinasinc.com\/pl\/sklep\/"},{"@type":"ListItem","position":2,"name":"Kup ciasteczka Gelato"}]},{"@type":"WebSite","@id":"https:\/\/medicinasinc.com\/pl\/#website","url":"https:\/\/medicinasinc.com\/pl\/","name":"Medicinas Inc","description":"Health Medical Clinic","potentialAction":[{"@type":"SearchAction","target":{"@type":"EntryPoint","urlTemplate":"https:\/\/medicinasinc.com\/pl\/?s={search_term_string}"},"query-input":{"@type":"PropertyValueSpecification","valueRequired":true,"valueName":"search_term_string"}}],"inLanguage":"en-US"}]}},"_links":{"self":[{"href":"https:\/\/medicinasinc.com\/pl\/wp-json\/wp\/v2\/product\/4928","targetHints":{"allow":["GET"]}}],"collection":[{"href":"https:\/\/medicinasinc.com\/pl\/wp-json\/wp\/v2\/product"}],"about":[{"href":"https:\/\/medicinasinc.com\/pl\/wp-json\/wp\/v2\/types\/product"}],"replies":[{"embeddable":true,"href":"https:\/\/medicinasinc.com\/pl\/wp-json\/wp\/v2\/comments?post=4928"}],"wp:featuredmedia":[{"embeddable":true,"href":"https:\/\/medicinasinc.com\/pl\/wp-json\/wp\/v2\/media\/4941"}],"wp:attachment":[{"href":"https:\/\/medicinasinc.com\/pl\/wp-json\/wp\/v2\/media?parent=4928"}],"wp:term":[{"taxonomy":"product_brand","embeddable":true,"href":"https:\/\/medicinasinc.com\/pl\/wp-json\/wp\/v2\/product_brand?post=4928"},{"taxonomy":"product_cat","embeddable":true,"href":"https:\/\/medicinasinc.com\/pl\/wp-json\/wp\/v2\/product_cat?post=4928"},{"taxonomy":"product_tag","embeddable":true,"href":"https:\/\/medicinasinc.com\/pl\/wp-json\/wp\/v2\/product_tag?post=4928"}],"curies":[{"name":"wp","href":"https:\/\/api.w.org\/{rel}","templated":true}]}}