{"id":4912,"date":"2022-02-20T17:40:16","date_gmt":"2022-02-20T17:40:16","guid":{"rendered":"https:\/\/medicinasinc.com\/pl\/?post_type=product&#038;p=4912"},"modified":"2022-03-22T01:09:36","modified_gmt":"2022-03-22T01:09:36","slug":"kup-blue-dream-szczep","status":"publish","type":"product","link":"https:\/\/medicinasinc.com\/pl\/product\/kup-blue-dream-szczep\/","title":{"rendered":"Kup szczep Blue Dream"},"content":{"rendered":"<p>Odmian\u0119 Blue Dream Sativa mo\u017cna kupi\u0107 przez Internet.<\/p>\n<p>Odmian\u0119 Blue Dream Sativa mo\u017cna kupi\u0107 przez Internet.<\/p>\n<p>60% Sativy hybrydowej z dominacj\u0105 Sativy \/ 40% Indica<br \/> THC zawarto\u015b\u0107 waha si\u0119 mi\u0119dzy 17% a 24%, zawarto\u015b\u0107 CBD wynosi 2%, a zawarto\u015b\u0107 CBN wynosi 1%.<\/p>\n<p>Kreatywne, energetyzuj\u0105ce, euforyczne i radosne efekty mog\u0105 z\u0142agodzi\u0107 objawy ADD\/ADHD, l\u0119ku, choroby afektywnej dwubiegunowej , przewlek\u0142y b\u00f3l, depresja, zm\u0119czenie, b\u00f3le g\u0142owy i nadpobudliwo\u015b\u0107.<br \/> Smaki<br \/> Owocowy, Jagodowy, Bor\u00f3wkowy, Zio\u0142owy, S\u0142odki, Waniliowy<br \/> Aromaty<br \/> Ziemisty, Owocowy, S\u0142odki, Waniliowy -smakowy<\/p>\n","protected":false},"excerpt":{"rendered":"<p>Kup Blue Dream Sativa AA z bezp\u0142atn\u0105 wysy\u0142k\u0105 do dowolnego miejsca w Europie. BudStars to najlepiej oceniany internetowy sklep z marihuan\u0105 na \u015bwiecie. Uzyskaj znaczne rabaty na pierwszy zakup.<\/p>\n<p>Odmian\u0119 Blue Dream Sativa mo\u017cna kupi\u0107 online.<\/p>\n<p>Mo\u017cesz kupi\u0107 marihuan\u0119 przez Internet z kart\u0105 medyczn\u0105 marihuany lub bez niej. Marihuana w sprzeda\u017cy wysy\u0142kowej.<\/p>\n","protected":false},"featured_media":4926,"comment_status":"open","ping_status":"closed","template":"","meta":[],"product_brand":[],"product_cat":[778],"product_tag":[],"class_list":{"0":"post-4912","1":"product","2":"type-product","3":"status-publish","4":"has-post-thumbnail","6":"product_cat-chwast-na-sprzeda","8":"first","9":"instock","10":"shipping-taxable","11":"purchasable","12":"product-type-variable","13":"has-default-attributes"},"yoast_head":"<!-- This site is optimized with the Yoast SEO plugin v27.3 - https:\/\/yoast.com\/product\/yoast-seo-wordpress\/ -->\n<title>Kup szczep Blue Dream - najlepsze najlepsze globalne leki<\/title>\n<meta name=\"description\" content=\"Kup szczep Blue Dream Sativa na sprzeda\u017c online. kup marihuan\u0119 online z lub bez karty medycznej marihuany. Sprzeda\u017c wysy\u0142kowa marihuany.\" \/>\n<meta name=\"robots\" content=\"index, follow, max-snippet:-1, max-image-preview:large, max-video-preview:-1\" \/>\n<link rel=\"canonical\" href=\"https:\/\/medicinasinc.com\/pl\/product\/kup-blue-dream-szczep\/\" \/>\n<meta property=\"og:locale\" content=\"en_US\" \/>\n<meta property=\"og:type\" content=\"article\" \/>\n<meta property=\"og:title\" content=\"Kup szczep Blue Dream - najlepsze najlepsze globalne leki\" \/>\n<meta property=\"og:description\" content=\"Kup szczep Blue Dream Sativa na sprzeda\u017c online. kup marihuan\u0119 online z lub bez karty medycznej marihuany. Sprzeda\u017c wysy\u0142kowa marihuany.\" \/>\n<meta property=\"og:url\" content=\"https:\/\/medicinasinc.com\/pl\/product\/kup-blue-dream-szczep\/\" \/>\n<meta property=\"og:site_name\" content=\"Medicinas Inc\" \/>\n<meta property=\"article:modified_time\" content=\"2022-03-22T01:09:36+00:00\" \/>\n<meta property=\"og:image\" content=\"https:\/\/medicinasinc.com\/pl\/wp-content\/uploads\/sites\/13\/2022\/02\/Buy-Blue-Dream-Strain.jpg\" \/>\n\t<meta property=\"og:image:width\" content=\"225\" \/>\n\t<meta property=\"og:image:height\" content=\"225\" \/>\n\t<meta property=\"og:image:type\" content=\"image\/jpeg\" \/>\n<meta name=\"twitter:card\" content=\"summary_large_image\" \/>\n<meta name=\"twitter:label1\" content=\"Est. reading time\" \/>\n\t<meta name=\"twitter:data1\" content=\"1 minute\" \/>\n<script type=\"application\/ld+json\" class=\"yoast-schema-graph\">{\"@context\":\"https:\\\/\\\/schema.org\",\"@graph\":[{\"@type\":\"WebPage\",\"@id\":\"https:\\\/\\\/medicinasinc.com\\\/pl\\\/product\\\/kup-blue-dream-szczep\\\/\",\"url\":\"https:\\\/\\\/medicinasinc.com\\\/pl\\\/product\\\/kup-blue-dream-szczep\\\/\",\"name\":\"Kup szczep Blue Dream - najlepsze najlepsze globalne leki\",\"isPartOf\":{\"@id\":\"https:\\\/\\\/medicinasinc.com\\\/pl\\\/#website\"},\"primaryImageOfPage\":{\"@id\":\"https:\\\/\\\/medicinasinc.com\\\/pl\\\/product\\\/kup-blue-dream-szczep\\\/#primaryimage\"},\"image\":{\"@id\":\"https:\\\/\\\/medicinasinc.com\\\/pl\\\/product\\\/kup-blue-dream-szczep\\\/#primaryimage\"},\"thumbnailUrl\":\"https:\\\/\\\/medicinasinc.com\\\/pl\\\/wp-content\\\/uploads\\\/sites\\\/13\\\/2022\\\/02\\\/Buy-Blue-Dream-Strain.jpg\",\"datePublished\":\"2022-02-20T17:40:16+00:00\",\"dateModified\":\"2022-03-22T01:09:36+00:00\",\"description\":\"Kup szczep Blue Dream Sativa na sprzeda\u017c online. kup marihuan\u0119 online z lub bez karty medycznej marihuany. Sprzeda\u017c wysy\u0142kowa marihuany.\",\"breadcrumb\":{\"@id\":\"https:\\\/\\\/medicinasinc.com\\\/pl\\\/product\\\/kup-blue-dream-szczep\\\/#breadcrumb\"},\"inLanguage\":\"en-US\",\"potentialAction\":[{\"@type\":\"ReadAction\",\"target\":[\"https:\\\/\\\/medicinasinc.com\\\/pl\\\/product\\\/kup-blue-dream-szczep\\\/\"]}]},{\"@type\":\"ImageObject\",\"inLanguage\":\"en-US\",\"@id\":\"https:\\\/\\\/medicinasinc.com\\\/pl\\\/product\\\/kup-blue-dream-szczep\\\/#primaryimage\",\"url\":\"https:\\\/\\\/medicinasinc.com\\\/pl\\\/wp-content\\\/uploads\\\/sites\\\/13\\\/2022\\\/02\\\/Buy-Blue-Dream-Strain.jpg\",\"contentUrl\":\"https:\\\/\\\/medicinasinc.com\\\/pl\\\/wp-content\\\/uploads\\\/sites\\\/13\\\/2022\\\/02\\\/Buy-Blue-Dream-Strain.jpg\",\"width\":225,\"height\":225},{\"@type\":\"BreadcrumbList\",\"@id\":\"https:\\\/\\\/medicinasinc.com\\\/pl\\\/product\\\/kup-blue-dream-szczep\\\/#breadcrumb\",\"itemListElement\":[{\"@type\":\"ListItem\",\"position\":1,\"name\":\"Sklep\",\"item\":\"https:\\\/\\\/medicinasinc.com\\\/pl\\\/sklep\\\/\"},{\"@type\":\"ListItem\",\"position\":2,\"name\":\"Kup szczep Blue Dream\"}]},{\"@type\":\"WebSite\",\"@id\":\"https:\\\/\\\/medicinasinc.com\\\/pl\\\/#website\",\"url\":\"https:\\\/\\\/medicinasinc.com\\\/pl\\\/\",\"name\":\"Medicinas Inc\",\"description\":\"Health Medical Clinic\",\"potentialAction\":[{\"@type\":\"SearchAction\",\"target\":{\"@type\":\"EntryPoint\",\"urlTemplate\":\"https:\\\/\\\/medicinasinc.com\\\/pl\\\/?s={search_term_string}\"},\"query-input\":{\"@type\":\"PropertyValueSpecification\",\"valueRequired\":true,\"valueName\":\"search_term_string\"}}],\"inLanguage\":\"en-US\"}]}<\/script>\n<!-- \/ Yoast SEO plugin. -->","yoast_head_json":{"title":"Kup szczep Blue Dream - najlepsze najlepsze globalne leki","description":"Kup szczep Blue Dream Sativa na sprzeda\u017c online. kup marihuan\u0119 online z lub bez karty medycznej marihuany. Sprzeda\u017c wysy\u0142kowa marihuany.","robots":{"index":"index","follow":"follow","max-snippet":"max-snippet:-1","max-image-preview":"max-image-preview:large","max-video-preview":"max-video-preview:-1"},"canonical":"https:\/\/medicinasinc.com\/pl\/product\/kup-blue-dream-szczep\/","og_locale":"en_US","og_type":"article","og_title":"Kup szczep Blue Dream - najlepsze najlepsze globalne leki","og_description":"Kup szczep Blue Dream Sativa na sprzeda\u017c online. kup marihuan\u0119 online z lub bez karty medycznej marihuany. Sprzeda\u017c wysy\u0142kowa marihuany.","og_url":"https:\/\/medicinasinc.com\/pl\/product\/kup-blue-dream-szczep\/","og_site_name":"Medicinas Inc","article_modified_time":"2022-03-22T01:09:36+00:00","og_image":[{"width":225,"height":225,"url":"https:\/\/medicinasinc.com\/pl\/wp-content\/uploads\/sites\/13\/2022\/02\/Buy-Blue-Dream-Strain.jpg","type":"image\/jpeg"}],"twitter_card":"summary_large_image","twitter_misc":{"Est. reading time":"1 minute"},"schema":{"@context":"https:\/\/schema.org","@graph":[{"@type":"WebPage","@id":"https:\/\/medicinasinc.com\/pl\/product\/kup-blue-dream-szczep\/","url":"https:\/\/medicinasinc.com\/pl\/product\/kup-blue-dream-szczep\/","name":"Kup szczep Blue Dream - najlepsze najlepsze globalne leki","isPartOf":{"@id":"https:\/\/medicinasinc.com\/pl\/#website"},"primaryImageOfPage":{"@id":"https:\/\/medicinasinc.com\/pl\/product\/kup-blue-dream-szczep\/#primaryimage"},"image":{"@id":"https:\/\/medicinasinc.com\/pl\/product\/kup-blue-dream-szczep\/#primaryimage"},"thumbnailUrl":"https:\/\/medicinasinc.com\/pl\/wp-content\/uploads\/sites\/13\/2022\/02\/Buy-Blue-Dream-Strain.jpg","datePublished":"2022-02-20T17:40:16+00:00","dateModified":"2022-03-22T01:09:36+00:00","description":"Kup szczep Blue Dream Sativa na sprzeda\u017c online. kup marihuan\u0119 online z lub bez karty medycznej marihuany. Sprzeda\u017c wysy\u0142kowa marihuany.","breadcrumb":{"@id":"https:\/\/medicinasinc.com\/pl\/product\/kup-blue-dream-szczep\/#breadcrumb"},"inLanguage":"en-US","potentialAction":[{"@type":"ReadAction","target":["https:\/\/medicinasinc.com\/pl\/product\/kup-blue-dream-szczep\/"]}]},{"@type":"ImageObject","inLanguage":"en-US","@id":"https:\/\/medicinasinc.com\/pl\/product\/kup-blue-dream-szczep\/#primaryimage","url":"https:\/\/medicinasinc.com\/pl\/wp-content\/uploads\/sites\/13\/2022\/02\/Buy-Blue-Dream-Strain.jpg","contentUrl":"https:\/\/medicinasinc.com\/pl\/wp-content\/uploads\/sites\/13\/2022\/02\/Buy-Blue-Dream-Strain.jpg","width":225,"height":225},{"@type":"BreadcrumbList","@id":"https:\/\/medicinasinc.com\/pl\/product\/kup-blue-dream-szczep\/#breadcrumb","itemListElement":[{"@type":"ListItem","position":1,"name":"Sklep","item":"https:\/\/medicinasinc.com\/pl\/sklep\/"},{"@type":"ListItem","position":2,"name":"Kup szczep Blue Dream"}]},{"@type":"WebSite","@id":"https:\/\/medicinasinc.com\/pl\/#website","url":"https:\/\/medicinasinc.com\/pl\/","name":"Medicinas Inc","description":"Health Medical Clinic","potentialAction":[{"@type":"SearchAction","target":{"@type":"EntryPoint","urlTemplate":"https:\/\/medicinasinc.com\/pl\/?s={search_term_string}"},"query-input":{"@type":"PropertyValueSpecification","valueRequired":true,"valueName":"search_term_string"}}],"inLanguage":"en-US"}]}},"_links":{"self":[{"href":"https:\/\/medicinasinc.com\/pl\/wp-json\/wp\/v2\/product\/4912","targetHints":{"allow":["GET"]}}],"collection":[{"href":"https:\/\/medicinasinc.com\/pl\/wp-json\/wp\/v2\/product"}],"about":[{"href":"https:\/\/medicinasinc.com\/pl\/wp-json\/wp\/v2\/types\/product"}],"replies":[{"embeddable":true,"href":"https:\/\/medicinasinc.com\/pl\/wp-json\/wp\/v2\/comments?post=4912"}],"wp:featuredmedia":[{"embeddable":true,"href":"https:\/\/medicinasinc.com\/pl\/wp-json\/wp\/v2\/media\/4926"}],"wp:attachment":[{"href":"https:\/\/medicinasinc.com\/pl\/wp-json\/wp\/v2\/media?parent=4912"}],"wp:term":[{"taxonomy":"product_brand","embeddable":true,"href":"https:\/\/medicinasinc.com\/pl\/wp-json\/wp\/v2\/product_brand?post=4912"},{"taxonomy":"product_cat","embeddable":true,"href":"https:\/\/medicinasinc.com\/pl\/wp-json\/wp\/v2\/product_cat?post=4912"},{"taxonomy":"product_tag","embeddable":true,"href":"https:\/\/medicinasinc.com\/pl\/wp-json\/wp\/v2\/product_tag?post=4912"}],"curies":[{"name":"wp","href":"https:\/\/api.w.org\/{rel}","templated":true}]}}