{"id":4908,"date":"2022-02-20T17:37:57","date_gmt":"2022-02-20T17:37:57","guid":{"rendered":"https:\/\/medicinasinc.com\/pl\/?post_type=product&#038;p=4908"},"modified":"2022-03-22T01:09:53","modified_gmt":"2022-03-22T01:09:53","slug":"kup-potrojny-g-szczep","status":"publish","type":"product","link":"https:\/\/medicinasinc.com\/pl\/product\/kup-potrojny-g-szczep\/","title":{"rendered":"Kup szczep Triple G"},"content":{"rendered":"<p>Je\u015bli chodzi o t\u0119 odmian\u0119 hybrydow\u0105<\/p>\n<p>Triple G, znan\u0105 r\u00f3wnie\u017c jako Ghost OG, wytwarza p\u0105ki, kt\u00f3re s\u0105 pachn\u0105ce, tropikalne, ale nieco skunkowe, ze \u015bwie\u017cymi, ziemistymi odcieniami. Ze wzgl\u0119du na dominacj\u0119 Indica, niekt\u00f3re p\u0105ki mog\u0105 wykazywa\u0107 g\u0142\u0119bokie i kusz\u0105ce fioletowe odcienie. Podczas palenia lub waporyzacji smak sk\u0142ania si\u0119 w stron\u0119 s\u0142odkiego, ale przypominaj\u0105cego limonk\u0119 smaku.<\/p>\n<p>Poziomy THC zwykle wahaj\u0105 si\u0119 od niskiego do \u015bredniego poziomu, a wielu recenzent\u00f3w zachwyca si\u0119 potencja\u0142em tej odmiany w u\u015bmierzaniu b\u00f3lu zwi\u0105zanego z odmian\u0105. stan\u00f3w i objaw\u00f3w, w tym dyskomfortu kr\u0119gos\u0142upa.<\/p>\n<p>Ponadto, fani Triple G stwierdzili, \u017ce jest to doskona\u0142e obci\u0105\u017cenie dla uspokojenia nerw\u00f3w, z\u0142agodzenia stresu psychicznego i umo\u017cliwienia umys\u0142owi odpoczynku od natarcia my\u015bli, kt\u00f3re nie pozw\u00f3l nam zasn\u0105\u0107 w nocy.<\/p>\n<p>Ta odmiana z dominuj\u0105c\u0105 indic\u0105 mo\u017ce wywo\u0142ywa\u0107 g\u0142\u00f3d lub uspokojenie, wi\u0119c miej pod r\u0119k\u0105 zdrowe przek\u0105ski i wygodne miejsce do odpoczynku lub spania w pobli\u017cu.<\/p>\n<p>Kup Blue Dream Sativa AA z bezp\u0142atn\u0105 wysy\u0142k\u0105 do dowolnego miejsca w Europie. BudStars to najpopularniejszy na \u015bwiecie internetowy sklep z marihuan\u0105. Uzyskaj znaczne rabaty na pierwszy zakup.<\/p>\n<p>Odmian\u0119 Blue Dream Sativa mo\u017cna kupi\u0107 online.<\/p>\n<p>Mo\u017cesz kupi\u0107 marihuan\u0119 przez Internet z kart\u0105 medyczn\u0105 marihuany lub bez niej. Marihuana w sprzeda\u017cy wysy\u0142kowej.<\/p>\n","protected":false},"excerpt":{"rendered":"<p>Kup szczep Triple G na sprzeda\u017c to hybryda i skrzy\u017cowanie dw\u00f3ch legendarnych szczep\u00f3w w spo\u0142eczno\u015bci konopi: Gorilla Glue i Gelato.<\/p>\n<table>\n<caption>Cannabinoid Lab Data<\/caption>\n<thead>\n<tr>\n<th>Kanabinoid<\/th>\n<th>Kwota<\/th>\n<\/tr>\n<\/thead>\n<tbody>\n<tr>\n<td>THC:<\/td>\n<td>21,69%<\/td>\n<\/tr>\n<tr>\n<td>\u03949-THC:<\/td>\n<td>1,04%<\/td>\n<\/tr>\n<tr>\n<td>THC-A:<\/td>\n<td>23,54% <\/td>\n<\/tr>\n<\/tbody>\n<\/table>\n<p>&nbsp;<\/p>\n<table>\n<caption>Terpenowe dane laboratoryjne<\/caption>\n<thead>\n<tr>\n<th>Terpenowe<\/th>\n<th>Kwota<\/th>\n<\/tr>\n<\/thead>\n<tbody>\n<tr>\n<td>Limonene:<\/td>\n<td>0,68%<\/td>\n<\/tr>\n<tr>\n<td>Beta kariofilen:<\/td>\n<td>0,27%<\/td>\n<\/tr>\n<tr>\n<td>Beta mircen:<\/td>\n<td>0,22%<\/td>\n<\/tr>\n<\/tbody>\n","protected":false},"featured_media":4922,"comment_status":"open","ping_status":"closed","template":"","meta":[],"product_brand":[],"product_cat":[778],"product_tag":[792,787,789,794,790,791,793,788],"class_list":{"0":"post-4908","1":"product","2":"type-product","3":"status-publish","4":"has-post-thumbnail","6":"product_cat-chwast-na-sprzeda","7":"product_tag-potrjny-g-szczep-czas-kwitnienia","8":"product_tag-ggg-szczep","9":"product_tag-la-patron-strain-leafly","10":"product_tag-triple-g-strain-near-me","11":"product_tag-triple-g-grow-diary","12":"product_tag-triple-g-strain-allbud","13":"product_tag-triple-g-strain-leafly","14":"product_tag-hulkberry-szczep","16":"first","17":"instock","18":"shipping-taxable","19":"purchasable","20":"product-type-variable","21":"has-default-attributes"},"yoast_head":"<!-- This site is optimized with the Yoast SEO plugin v27.3 - https:\/\/yoast.com\/product\/yoast-seo-wordpress\/ -->\n<title>Kup szczep Triple G - najlepsze najlepsze globalne leki<\/title>\n<meta name=\"description\" content=\"Kup szczep Triple G na sprzeda\u017c to hybryda i skrzy\u017cowanie dw\u00f3ch pot\u0119\u017cnych szczep\u00f3w, kt\u00f3re sta\u0142y si\u0119 powszechnie znane w spo\u0142eczno\u015bci konopi: Gorilla Glue i Gelato.\" \/>\n<meta name=\"robots\" content=\"index, follow, max-snippet:-1, max-image-preview:large, max-video-preview:-1\" \/>\n<link rel=\"canonical\" href=\"https:\/\/medicinasinc.com\/pl\/product\/kup-potrojny-g-szczep\/\" \/>\n<meta property=\"og:locale\" content=\"en_US\" \/>\n<meta property=\"og:type\" content=\"article\" \/>\n<meta property=\"og:title\" content=\"Kup szczep Triple G - najlepsze najlepsze globalne leki\" \/>\n<meta property=\"og:description\" content=\"Kup szczep Triple G na sprzeda\u017c to hybryda i skrzy\u017cowanie dw\u00f3ch pot\u0119\u017cnych szczep\u00f3w, kt\u00f3re sta\u0142y si\u0119 powszechnie znane w spo\u0142eczno\u015bci konopi: Gorilla Glue i Gelato.\" \/>\n<meta property=\"og:url\" content=\"https:\/\/medicinasinc.com\/pl\/product\/kup-potrojny-g-szczep\/\" \/>\n<meta property=\"og:site_name\" content=\"Medicinas Inc\" \/>\n<meta property=\"article:modified_time\" content=\"2022-03-22T01:09:53+00:00\" \/>\n<meta property=\"og:image\" content=\"https:\/\/medicinasinc.com\/pl\/wp-content\/uploads\/sites\/13\/2022\/02\/Buy-Triple-G-Strain-1.jpg\" \/>\n\t<meta property=\"og:image:width\" content=\"800\" \/>\n\t<meta property=\"og:image:height\" content=\"800\" \/>\n\t<meta property=\"og:image:type\" content=\"image\/jpeg\" \/>\n<meta name=\"twitter:card\" content=\"summary_large_image\" \/>\n<meta name=\"twitter:label1\" content=\"Est. reading time\" \/>\n\t<meta name=\"twitter:data1\" content=\"1 minute\" \/>\n<script type=\"application\/ld+json\" class=\"yoast-schema-graph\">{\"@context\":\"https:\\\/\\\/schema.org\",\"@graph\":[{\"@type\":\"WebPage\",\"@id\":\"https:\\\/\\\/medicinasinc.com\\\/pl\\\/product\\\/kup-potrojny-g-szczep\\\/\",\"url\":\"https:\\\/\\\/medicinasinc.com\\\/pl\\\/product\\\/kup-potrojny-g-szczep\\\/\",\"name\":\"Kup szczep Triple G - najlepsze najlepsze globalne leki\",\"isPartOf\":{\"@id\":\"https:\\\/\\\/medicinasinc.com\\\/pl\\\/#website\"},\"primaryImageOfPage\":{\"@id\":\"https:\\\/\\\/medicinasinc.com\\\/pl\\\/product\\\/kup-potrojny-g-szczep\\\/#primaryimage\"},\"image\":{\"@id\":\"https:\\\/\\\/medicinasinc.com\\\/pl\\\/product\\\/kup-potrojny-g-szczep\\\/#primaryimage\"},\"thumbnailUrl\":\"https:\\\/\\\/medicinasinc.com\\\/pl\\\/wp-content\\\/uploads\\\/sites\\\/13\\\/2022\\\/02\\\/Buy-Triple-G-Strain-1.jpg\",\"datePublished\":\"2022-02-20T17:37:57+00:00\",\"dateModified\":\"2022-03-22T01:09:53+00:00\",\"description\":\"Kup szczep Triple G na sprzeda\u017c to hybryda i skrzy\u017cowanie dw\u00f3ch pot\u0119\u017cnych szczep\u00f3w, kt\u00f3re sta\u0142y si\u0119 powszechnie znane w spo\u0142eczno\u015bci konopi: Gorilla Glue i Gelato.\",\"breadcrumb\":{\"@id\":\"https:\\\/\\\/medicinasinc.com\\\/pl\\\/product\\\/kup-potrojny-g-szczep\\\/#breadcrumb\"},\"inLanguage\":\"en-US\",\"potentialAction\":[{\"@type\":\"ReadAction\",\"target\":[\"https:\\\/\\\/medicinasinc.com\\\/pl\\\/product\\\/kup-potrojny-g-szczep\\\/\"]}]},{\"@type\":\"ImageObject\",\"inLanguage\":\"en-US\",\"@id\":\"https:\\\/\\\/medicinasinc.com\\\/pl\\\/product\\\/kup-potrojny-g-szczep\\\/#primaryimage\",\"url\":\"https:\\\/\\\/medicinasinc.com\\\/pl\\\/wp-content\\\/uploads\\\/sites\\\/13\\\/2022\\\/02\\\/Buy-Triple-G-Strain-1.jpg\",\"contentUrl\":\"https:\\\/\\\/medicinasinc.com\\\/pl\\\/wp-content\\\/uploads\\\/sites\\\/13\\\/2022\\\/02\\\/Buy-Triple-G-Strain-1.jpg\",\"width\":800,\"height\":800},{\"@type\":\"BreadcrumbList\",\"@id\":\"https:\\\/\\\/medicinasinc.com\\\/pl\\\/product\\\/kup-potrojny-g-szczep\\\/#breadcrumb\",\"itemListElement\":[{\"@type\":\"ListItem\",\"position\":1,\"name\":\"Sklep\",\"item\":\"https:\\\/\\\/medicinasinc.com\\\/pl\\\/sklep\\\/\"},{\"@type\":\"ListItem\",\"position\":2,\"name\":\"Kup szczep Triple G\"}]},{\"@type\":\"WebSite\",\"@id\":\"https:\\\/\\\/medicinasinc.com\\\/pl\\\/#website\",\"url\":\"https:\\\/\\\/medicinasinc.com\\\/pl\\\/\",\"name\":\"Medicinas Inc\",\"description\":\"Health Medical Clinic\",\"potentialAction\":[{\"@type\":\"SearchAction\",\"target\":{\"@type\":\"EntryPoint\",\"urlTemplate\":\"https:\\\/\\\/medicinasinc.com\\\/pl\\\/?s={search_term_string}\"},\"query-input\":{\"@type\":\"PropertyValueSpecification\",\"valueRequired\":true,\"valueName\":\"search_term_string\"}}],\"inLanguage\":\"en-US\"}]}<\/script>\n<!-- \/ Yoast SEO plugin. -->","yoast_head_json":{"title":"Kup szczep Triple G - najlepsze najlepsze globalne leki","description":"Kup szczep Triple G na sprzeda\u017c to hybryda i skrzy\u017cowanie dw\u00f3ch pot\u0119\u017cnych szczep\u00f3w, kt\u00f3re sta\u0142y si\u0119 powszechnie znane w spo\u0142eczno\u015bci konopi: Gorilla Glue i Gelato.","robots":{"index":"index","follow":"follow","max-snippet":"max-snippet:-1","max-image-preview":"max-image-preview:large","max-video-preview":"max-video-preview:-1"},"canonical":"https:\/\/medicinasinc.com\/pl\/product\/kup-potrojny-g-szczep\/","og_locale":"en_US","og_type":"article","og_title":"Kup szczep Triple G - najlepsze najlepsze globalne leki","og_description":"Kup szczep Triple G na sprzeda\u017c to hybryda i skrzy\u017cowanie dw\u00f3ch pot\u0119\u017cnych szczep\u00f3w, kt\u00f3re sta\u0142y si\u0119 powszechnie znane w spo\u0142eczno\u015bci konopi: Gorilla Glue i Gelato.","og_url":"https:\/\/medicinasinc.com\/pl\/product\/kup-potrojny-g-szczep\/","og_site_name":"Medicinas Inc","article_modified_time":"2022-03-22T01:09:53+00:00","og_image":[{"width":800,"height":800,"url":"https:\/\/medicinasinc.com\/pl\/wp-content\/uploads\/sites\/13\/2022\/02\/Buy-Triple-G-Strain-1.jpg","type":"image\/jpeg"}],"twitter_card":"summary_large_image","twitter_misc":{"Est. reading time":"1 minute"},"schema":{"@context":"https:\/\/schema.org","@graph":[{"@type":"WebPage","@id":"https:\/\/medicinasinc.com\/pl\/product\/kup-potrojny-g-szczep\/","url":"https:\/\/medicinasinc.com\/pl\/product\/kup-potrojny-g-szczep\/","name":"Kup szczep Triple G - najlepsze najlepsze globalne leki","isPartOf":{"@id":"https:\/\/medicinasinc.com\/pl\/#website"},"primaryImageOfPage":{"@id":"https:\/\/medicinasinc.com\/pl\/product\/kup-potrojny-g-szczep\/#primaryimage"},"image":{"@id":"https:\/\/medicinasinc.com\/pl\/product\/kup-potrojny-g-szczep\/#primaryimage"},"thumbnailUrl":"https:\/\/medicinasinc.com\/pl\/wp-content\/uploads\/sites\/13\/2022\/02\/Buy-Triple-G-Strain-1.jpg","datePublished":"2022-02-20T17:37:57+00:00","dateModified":"2022-03-22T01:09:53+00:00","description":"Kup szczep Triple G na sprzeda\u017c to hybryda i skrzy\u017cowanie dw\u00f3ch pot\u0119\u017cnych szczep\u00f3w, kt\u00f3re sta\u0142y si\u0119 powszechnie znane w spo\u0142eczno\u015bci konopi: Gorilla Glue i Gelato.","breadcrumb":{"@id":"https:\/\/medicinasinc.com\/pl\/product\/kup-potrojny-g-szczep\/#breadcrumb"},"inLanguage":"en-US","potentialAction":[{"@type":"ReadAction","target":["https:\/\/medicinasinc.com\/pl\/product\/kup-potrojny-g-szczep\/"]}]},{"@type":"ImageObject","inLanguage":"en-US","@id":"https:\/\/medicinasinc.com\/pl\/product\/kup-potrojny-g-szczep\/#primaryimage","url":"https:\/\/medicinasinc.com\/pl\/wp-content\/uploads\/sites\/13\/2022\/02\/Buy-Triple-G-Strain-1.jpg","contentUrl":"https:\/\/medicinasinc.com\/pl\/wp-content\/uploads\/sites\/13\/2022\/02\/Buy-Triple-G-Strain-1.jpg","width":800,"height":800},{"@type":"BreadcrumbList","@id":"https:\/\/medicinasinc.com\/pl\/product\/kup-potrojny-g-szczep\/#breadcrumb","itemListElement":[{"@type":"ListItem","position":1,"name":"Sklep","item":"https:\/\/medicinasinc.com\/pl\/sklep\/"},{"@type":"ListItem","position":2,"name":"Kup szczep Triple G"}]},{"@type":"WebSite","@id":"https:\/\/medicinasinc.com\/pl\/#website","url":"https:\/\/medicinasinc.com\/pl\/","name":"Medicinas Inc","description":"Health Medical Clinic","potentialAction":[{"@type":"SearchAction","target":{"@type":"EntryPoint","urlTemplate":"https:\/\/medicinasinc.com\/pl\/?s={search_term_string}"},"query-input":{"@type":"PropertyValueSpecification","valueRequired":true,"valueName":"search_term_string"}}],"inLanguage":"en-US"}]}},"_links":{"self":[{"href":"https:\/\/medicinasinc.com\/pl\/wp-json\/wp\/v2\/product\/4908","targetHints":{"allow":["GET"]}}],"collection":[{"href":"https:\/\/medicinasinc.com\/pl\/wp-json\/wp\/v2\/product"}],"about":[{"href":"https:\/\/medicinasinc.com\/pl\/wp-json\/wp\/v2\/types\/product"}],"replies":[{"embeddable":true,"href":"https:\/\/medicinasinc.com\/pl\/wp-json\/wp\/v2\/comments?post=4908"}],"wp:featuredmedia":[{"embeddable":true,"href":"https:\/\/medicinasinc.com\/pl\/wp-json\/wp\/v2\/media\/4922"}],"wp:attachment":[{"href":"https:\/\/medicinasinc.com\/pl\/wp-json\/wp\/v2\/media?parent=4908"}],"wp:term":[{"taxonomy":"product_brand","embeddable":true,"href":"https:\/\/medicinasinc.com\/pl\/wp-json\/wp\/v2\/product_brand?post=4908"},{"taxonomy":"product_cat","embeddable":true,"href":"https:\/\/medicinasinc.com\/pl\/wp-json\/wp\/v2\/product_cat?post=4908"},{"taxonomy":"product_tag","embeddable":true,"href":"https:\/\/medicinasinc.com\/pl\/wp-json\/wp\/v2\/product_tag?post=4908"}],"curies":[{"name":"wp","href":"https:\/\/api.w.org\/{rel}","templated":true}]}}