{"id":4895,"date":"2022-02-20T17:27:17","date_gmt":"2022-02-20T17:27:17","guid":{"rendered":"https:\/\/medicinasinc.com\/pl\/?post_type=product&#038;p=4895"},"modified":"2022-03-22T01:10:16","modified_gmt":"2022-03-22T01:10:16","slug":"kup-ak-47-marihuana","status":"publish","type":"product","link":"https:\/\/medicinasinc.com\/pl\/product\/kup-ak-47-marihuana\/","title":{"rendered":"Kup marihuan\u0119 AK-47"},"content":{"rendered":"<p><strong>Kup AK-47 Marijuana Sativa szczep online.<\/strong><\/p>\n<p><strong>Zakup online AK-47 Marijuana Sativa szczep.<\/strong><\/p>\n<p> AK-47 Marihuana to hybryda z dominacj\u0105 Sativy \u2013 65% Sativa i 35% Indica. Indica<br \/> Zawarto\u015b\u0107 THC waha si\u0119 mi\u0119dzy 13% a 20%, zawarto\u015b\u0107 CBD wynosi 1%, a zawarto\u015b\u0107 CBN wynosi 1%.<\/p>\n<p>Kreatywne, energetyzuj\u0105ce, euforyczne i radosne smaki mog\u0105 \u0142agodzi\u0107 chorob\u0119 afektywn\u0105 dwubiegunow\u0105, przewlek\u0142\u0105 B\u00f3l, depresja, b\u00f3le g\u0142owy, bezsenno\u015b\u0107, utrata apetytu, migreny, zesp\u00f3\u0142 stresu pourazowego i stres<br \/>Aromaty skunksa, s\u0142odyczy i drewna<br \/> Ostry, skunksowy, kwa\u015bny i pikantny<\/p>\n","protected":false},"excerpt":{"rendered":"<p>Kup AK-47 Marijuana Sativa szczep na sprzeda\u017c online w Wielkiej Brytanii i Europie. KUP ZIARNA ONLINE AUSTRALIA<\/p>\n<p>&nbsp;<\/p>\n","protected":false},"featured_media":4909,"comment_status":"open","ping_status":"closed","template":"","meta":[],"product_brand":[],"product_cat":[778],"product_tag":[781,780,779,783,782,784,786,785],"class_list":{"0":"post-4895","1":"product","2":"type-product","3":"status-publish","4":"has-post-thumbnail","6":"product_cat-chwast-na-sprzeda","7":"product_tag-ak-47-strain-effects","8":"product_tag-ak-47-nasiona-feminizowana-uk","9":"product_tag-ak-47-runtz-szczep","10":"product_tag-ak-47-strain-price","11":"product_tag-ak-47-napicie-na-niepokj","12":"product_tag-ak-47-szczep-zapach","13":"product_tag-powane-nasiona-ak-47-recenzja","14":"product_tag-winia-ak-47-nasiona","16":"first","17":"instock","18":"shipping-taxable","19":"purchasable","20":"product-type-variable","21":"has-default-attributes"},"yoast_head":"<!-- This site is optimized with the Yoast SEO plugin v27.3 - https:\/\/yoast.com\/product\/yoast-seo-wordpress\/ -->\n<title>Kup marihuan\u0119 AK-47 - Bes Best Global Meds<\/title>\n<meta name=\"description\" content=\"Kup szczep AK-47 Marihuana Sativa na sprzeda\u017c online w Wielkiej Brytanii, Europie. KUP ZIARNA ONLINE AUSTRALIA kup marihuan\u0119 online Australia , sprzeda\u017c chwast\u00f3w Australia.\" \/>\n<meta name=\"robots\" content=\"index, follow, max-snippet:-1, max-image-preview:large, max-video-preview:-1\" \/>\n<link rel=\"canonical\" href=\"https:\/\/medicinasinc.com\/pl\/product\/kup-ak-47-marihuana\/\" \/>\n<meta property=\"og:locale\" content=\"en_US\" \/>\n<meta property=\"og:type\" content=\"article\" \/>\n<meta property=\"og:title\" content=\"Kup marihuan\u0119 AK-47 - Bes Best Global Meds\" \/>\n<meta property=\"og:description\" content=\"Kup szczep AK-47 Marihuana Sativa na sprzeda\u017c online w Wielkiej Brytanii, Europie. KUP ZIARNA ONLINE AUSTRALIA kup marihuan\u0119 online Australia , sprzeda\u017c chwast\u00f3w Australia.\" \/>\n<meta property=\"og:url\" content=\"https:\/\/medicinasinc.com\/pl\/product\/kup-ak-47-marihuana\/\" \/>\n<meta property=\"og:site_name\" content=\"Medicinas Inc\" \/>\n<meta property=\"article:modified_time\" content=\"2022-03-22T01:10:16+00:00\" \/>\n<meta property=\"og:image\" content=\"https:\/\/medicinasinc.com\/pl\/wp-content\/uploads\/sites\/13\/2022\/02\/Buy-AK-47-Marijuana.jpeg\" \/>\n\t<meta property=\"og:image:width\" content=\"1242\" \/>\n\t<meta property=\"og:image:height\" content=\"1051\" \/>\n\t<meta property=\"og:image:type\" content=\"image\/jpeg\" \/>\n<meta name=\"twitter:card\" content=\"summary_large_image\" \/>\n<meta name=\"twitter:label1\" content=\"Est. reading time\" \/>\n\t<meta name=\"twitter:data1\" content=\"1 minute\" \/>\n<script type=\"application\/ld+json\" class=\"yoast-schema-graph\">{\"@context\":\"https:\\\/\\\/schema.org\",\"@graph\":[{\"@type\":\"WebPage\",\"@id\":\"https:\\\/\\\/medicinasinc.com\\\/pl\\\/product\\\/kup-ak-47-marihuana\\\/\",\"url\":\"https:\\\/\\\/medicinasinc.com\\\/pl\\\/product\\\/kup-ak-47-marihuana\\\/\",\"name\":\"Kup marihuan\u0119 AK-47 - Bes Best Global Meds\",\"isPartOf\":{\"@id\":\"https:\\\/\\\/medicinasinc.com\\\/pl\\\/#website\"},\"primaryImageOfPage\":{\"@id\":\"https:\\\/\\\/medicinasinc.com\\\/pl\\\/product\\\/kup-ak-47-marihuana\\\/#primaryimage\"},\"image\":{\"@id\":\"https:\\\/\\\/medicinasinc.com\\\/pl\\\/product\\\/kup-ak-47-marihuana\\\/#primaryimage\"},\"thumbnailUrl\":\"https:\\\/\\\/medicinasinc.com\\\/pl\\\/wp-content\\\/uploads\\\/sites\\\/13\\\/2022\\\/02\\\/Buy-AK-47-Marijuana.jpeg\",\"datePublished\":\"2022-02-20T17:27:17+00:00\",\"dateModified\":\"2022-03-22T01:10:16+00:00\",\"description\":\"Kup szczep AK-47 Marihuana Sativa na sprzeda\u017c online w Wielkiej Brytanii, Europie. KUP ZIARNA ONLINE AUSTRALIA kup marihuan\u0119 online Australia , sprzeda\u017c chwast\u00f3w Australia.\",\"breadcrumb\":{\"@id\":\"https:\\\/\\\/medicinasinc.com\\\/pl\\\/product\\\/kup-ak-47-marihuana\\\/#breadcrumb\"},\"inLanguage\":\"en-US\",\"potentialAction\":[{\"@type\":\"ReadAction\",\"target\":[\"https:\\\/\\\/medicinasinc.com\\\/pl\\\/product\\\/kup-ak-47-marihuana\\\/\"]}]},{\"@type\":\"ImageObject\",\"inLanguage\":\"en-US\",\"@id\":\"https:\\\/\\\/medicinasinc.com\\\/pl\\\/product\\\/kup-ak-47-marihuana\\\/#primaryimage\",\"url\":\"https:\\\/\\\/medicinasinc.com\\\/pl\\\/wp-content\\\/uploads\\\/sites\\\/13\\\/2022\\\/02\\\/Buy-AK-47-Marijuana.jpeg\",\"contentUrl\":\"https:\\\/\\\/medicinasinc.com\\\/pl\\\/wp-content\\\/uploads\\\/sites\\\/13\\\/2022\\\/02\\\/Buy-AK-47-Marijuana.jpeg\",\"width\":1242,\"height\":1051},{\"@type\":\"BreadcrumbList\",\"@id\":\"https:\\\/\\\/medicinasinc.com\\\/pl\\\/product\\\/kup-ak-47-marihuana\\\/#breadcrumb\",\"itemListElement\":[{\"@type\":\"ListItem\",\"position\":1,\"name\":\"Sklep\",\"item\":\"https:\\\/\\\/medicinasinc.com\\\/pl\\\/sklep\\\/\"},{\"@type\":\"ListItem\",\"position\":2,\"name\":\"Kup marihuan\u0119 AK-47\"}]},{\"@type\":\"WebSite\",\"@id\":\"https:\\\/\\\/medicinasinc.com\\\/pl\\\/#website\",\"url\":\"https:\\\/\\\/medicinasinc.com\\\/pl\\\/\",\"name\":\"Medicinas Inc\",\"description\":\"Health Medical Clinic\",\"potentialAction\":[{\"@type\":\"SearchAction\",\"target\":{\"@type\":\"EntryPoint\",\"urlTemplate\":\"https:\\\/\\\/medicinasinc.com\\\/pl\\\/?s={search_term_string}\"},\"query-input\":{\"@type\":\"PropertyValueSpecification\",\"valueRequired\":true,\"valueName\":\"search_term_string\"}}],\"inLanguage\":\"en-US\"}]}<\/script>\n<!-- \/ Yoast SEO plugin. -->","yoast_head_json":{"title":"Kup marihuan\u0119 AK-47 - Bes Best Global Meds","description":"Kup szczep AK-47 Marihuana Sativa na sprzeda\u017c online w Wielkiej Brytanii, Europie. KUP ZIARNA ONLINE AUSTRALIA kup marihuan\u0119 online Australia , sprzeda\u017c chwast\u00f3w Australia.","robots":{"index":"index","follow":"follow","max-snippet":"max-snippet:-1","max-image-preview":"max-image-preview:large","max-video-preview":"max-video-preview:-1"},"canonical":"https:\/\/medicinasinc.com\/pl\/product\/kup-ak-47-marihuana\/","og_locale":"en_US","og_type":"article","og_title":"Kup marihuan\u0119 AK-47 - Bes Best Global Meds","og_description":"Kup szczep AK-47 Marihuana Sativa na sprzeda\u017c online w Wielkiej Brytanii, Europie. KUP ZIARNA ONLINE AUSTRALIA kup marihuan\u0119 online Australia , sprzeda\u017c chwast\u00f3w Australia.","og_url":"https:\/\/medicinasinc.com\/pl\/product\/kup-ak-47-marihuana\/","og_site_name":"Medicinas Inc","article_modified_time":"2022-03-22T01:10:16+00:00","og_image":[{"width":1242,"height":1051,"url":"https:\/\/medicinasinc.com\/pl\/wp-content\/uploads\/sites\/13\/2022\/02\/Buy-AK-47-Marijuana.jpeg","type":"image\/jpeg"}],"twitter_card":"summary_large_image","twitter_misc":{"Est. reading time":"1 minute"},"schema":{"@context":"https:\/\/schema.org","@graph":[{"@type":"WebPage","@id":"https:\/\/medicinasinc.com\/pl\/product\/kup-ak-47-marihuana\/","url":"https:\/\/medicinasinc.com\/pl\/product\/kup-ak-47-marihuana\/","name":"Kup marihuan\u0119 AK-47 - Bes Best Global Meds","isPartOf":{"@id":"https:\/\/medicinasinc.com\/pl\/#website"},"primaryImageOfPage":{"@id":"https:\/\/medicinasinc.com\/pl\/product\/kup-ak-47-marihuana\/#primaryimage"},"image":{"@id":"https:\/\/medicinasinc.com\/pl\/product\/kup-ak-47-marihuana\/#primaryimage"},"thumbnailUrl":"https:\/\/medicinasinc.com\/pl\/wp-content\/uploads\/sites\/13\/2022\/02\/Buy-AK-47-Marijuana.jpeg","datePublished":"2022-02-20T17:27:17+00:00","dateModified":"2022-03-22T01:10:16+00:00","description":"Kup szczep AK-47 Marihuana Sativa na sprzeda\u017c online w Wielkiej Brytanii, Europie. KUP ZIARNA ONLINE AUSTRALIA kup marihuan\u0119 online Australia , sprzeda\u017c chwast\u00f3w Australia.","breadcrumb":{"@id":"https:\/\/medicinasinc.com\/pl\/product\/kup-ak-47-marihuana\/#breadcrumb"},"inLanguage":"en-US","potentialAction":[{"@type":"ReadAction","target":["https:\/\/medicinasinc.com\/pl\/product\/kup-ak-47-marihuana\/"]}]},{"@type":"ImageObject","inLanguage":"en-US","@id":"https:\/\/medicinasinc.com\/pl\/product\/kup-ak-47-marihuana\/#primaryimage","url":"https:\/\/medicinasinc.com\/pl\/wp-content\/uploads\/sites\/13\/2022\/02\/Buy-AK-47-Marijuana.jpeg","contentUrl":"https:\/\/medicinasinc.com\/pl\/wp-content\/uploads\/sites\/13\/2022\/02\/Buy-AK-47-Marijuana.jpeg","width":1242,"height":1051},{"@type":"BreadcrumbList","@id":"https:\/\/medicinasinc.com\/pl\/product\/kup-ak-47-marihuana\/#breadcrumb","itemListElement":[{"@type":"ListItem","position":1,"name":"Sklep","item":"https:\/\/medicinasinc.com\/pl\/sklep\/"},{"@type":"ListItem","position":2,"name":"Kup marihuan\u0119 AK-47"}]},{"@type":"WebSite","@id":"https:\/\/medicinasinc.com\/pl\/#website","url":"https:\/\/medicinasinc.com\/pl\/","name":"Medicinas Inc","description":"Health Medical Clinic","potentialAction":[{"@type":"SearchAction","target":{"@type":"EntryPoint","urlTemplate":"https:\/\/medicinasinc.com\/pl\/?s={search_term_string}"},"query-input":{"@type":"PropertyValueSpecification","valueRequired":true,"valueName":"search_term_string"}}],"inLanguage":"en-US"}]}},"_links":{"self":[{"href":"https:\/\/medicinasinc.com\/pl\/wp-json\/wp\/v2\/product\/4895","targetHints":{"allow":["GET"]}}],"collection":[{"href":"https:\/\/medicinasinc.com\/pl\/wp-json\/wp\/v2\/product"}],"about":[{"href":"https:\/\/medicinasinc.com\/pl\/wp-json\/wp\/v2\/types\/product"}],"replies":[{"embeddable":true,"href":"https:\/\/medicinasinc.com\/pl\/wp-json\/wp\/v2\/comments?post=4895"}],"wp:featuredmedia":[{"embeddable":true,"href":"https:\/\/medicinasinc.com\/pl\/wp-json\/wp\/v2\/media\/4909"}],"wp:attachment":[{"href":"https:\/\/medicinasinc.com\/pl\/wp-json\/wp\/v2\/media?parent=4895"}],"wp:term":[{"taxonomy":"product_brand","embeddable":true,"href":"https:\/\/medicinasinc.com\/pl\/wp-json\/wp\/v2\/product_brand?post=4895"},{"taxonomy":"product_cat","embeddable":true,"href":"https:\/\/medicinasinc.com\/pl\/wp-json\/wp\/v2\/product_cat?post=4895"},{"taxonomy":"product_tag","embeddable":true,"href":"https:\/\/medicinasinc.com\/pl\/wp-json\/wp\/v2\/product_tag?post=4895"}],"curies":[{"name":"wp","href":"https:\/\/api.w.org\/{rel}","templated":true}]}}