{"id":4884,"date":"2022-02-20T17:19:27","date_gmt":"2022-02-20T17:19:27","guid":{"rendered":"https:\/\/medicinasinc.com\/pl\/?post_type=product&#038;p=4884"},"modified":"2022-03-22T01:10:25","modified_gmt":"2022-03-22T01:10:25","slug":"kup-biala-wdowa-roztrzaskana","status":"publish","type":"product","link":"https:\/\/medicinasinc.com\/pl\/product\/kup-biala-wdowa-roztrzaskana\/","title":{"rendered":"Kup White Widow Shatter"},"content":{"rendered":"<p>KUP ONLINE W NAJLEPSZYM SKLEPIE INTERNETOWYM WHITE WIDOW SHATTER<\/p>\n<p>Je\u015bli chcesz kupi\u0107 White Widow Shatter przez Internet, skontaktuj si\u0119 z MJ Online Bud Store. Oferujemy najlepsze ceny na Shatter White Widow. Jako najlepszy sklep na rynku internetowym w Stanach Zjednoczonych, Wielkiej Brytanii, Kanadzie, Niemczech i Australii nie pomijamy \u017cadnego aspektu spe\u0142niania wymaga\u0144 okre\u015blonych przez klient\u00f3w podczas zamawiania White Widow Shatter online.<\/p>\n<p>Dlaczego ludzie powinni korzysta\u0107 z White Widow Shatter?<\/p>\n<p>White Widow Shatter to legendarna hybrydowa odmiana uwielbiana na ca\u0142ym \u015bwiecie. Ten szczep jest produkowany wy\u0142\u0105cznie przez skrzy\u017cowanie brazylijskiej Sativy Landrace z po\u0142udniowoindyjsk\u0105 Indic\u0105. Ma kolor ciemnobursztynowy. Koncentrat ten ma niezwykle chrupi\u0105c\u0105 konsystencj\u0119, dzi\u0119ki czemu jest bardzo \u0142atwy w u\u017cyciu. Podczas palenia ta odmiana zapewnia tradycyjne doznania z konopi. Zawiera od 75% do 80% THC. Dodatkowo jest dobrze znany jako doskona\u0142y dab poranny lub dzienny. Smak tej odmiany jest typowo ziemisty, drzewny i kwiatowy.<\/p>\n<p>Jest to odmiana dobrze znana ze swoich euforycznych i m\u00f3zgowych efekt\u00f3w.<br \/> Zapewnia natychmiastow\u0105 i euforyczn\u0105 prac\u0119 m\u00f3zgu.<br \/> Wywo\u0142uje siln\u0105 eufori\u0119, co skutkuje zwi\u0119kszon\u0105 kreatywno\u015bci\u0105.<br \/> \u0141agodzi b\u00f3l i promuje ca\u0142kowity spok\u00f3j.<br \/> Jest to idealna odmiana na \u0142agodny do umiarkowanego b\u00f3l, stres, depresj\u0119 i zm\u0119czenie.<br \/> Promuje dzia\u0142ania, takie jak umiarkowana praca lub aktywno\u015b\u0107 fizyczna, interakcje spo\u0142eczne, rekreacja i tw\u00f3rcze przedsi\u0119wzi\u0119cia.<br \/> Kt\u00f3ry sklep internetowy jest najlepszy do zakupu Shatter White Widow?<\/p>\n<p> Shatter White Widow mo\u017cna kupi\u0107 od nikt inny jak MJ Online Bud Store. W kr\u00f3tkim czasie otrzymasz zam\u00f3wienie online na White Widow Shatter. Zam\u00f3w White Widow Shatter online ju\u017c dzi\u015b i po\u0142\u0105cz si\u0119 z najlepszymi sprzedawcami i dostawcami w naszej internetowej aptece.<\/p>\n","protected":false},"excerpt":{"rendered":"<p>Je\u015bli chcesz kupi\u0107 White Widow Shatter na sprzeda\u017c online, skontaktuj si\u0119 ze sklepem internetowym bestglobalmeds. Mamy na sprzeda\u017c White Widow Shatter w najlepszych cenach.<\/p>\n<p>&nbsp;<\/p>\n<ul>\n<li>Wysy\u0142ka na ca\u0142y \u015bwiat<\/li>\n<li><strong>Klasa: AAAAA<\/strong> <\/li>\n<li><strong>Skontaktuj si\u0119 z nami<\/strong>\u00a0w przypadku wi\u0119kszych zam\u00f3wie\u0144<\/li>\n<\/ul>\n","protected":false},"featured_media":4899,"comment_status":"open","ping_status":"closed","template":"","meta":[],"product_brand":[],"product_cat":[777],"product_tag":[],"class_list":{"0":"post-4884","1":"product","2":"type-product","3":"status-publish","4":"has-post-thumbnail","6":"product_cat-kup-roztrzaska","8":"first","9":"instock","10":"shipping-taxable","11":"purchasable","12":"product-type-variable","13":"has-default-attributes"},"yoast_head":"<!-- This site is optimized with the Yoast SEO plugin v27.3 - https:\/\/yoast.com\/product\/yoast-seo-wordpress\/ -->\n<title>Kup White Widow Shatter - najlepsze najlepsze globalne leki<\/title>\n<meta name=\"description\" content=\"Je\u015bli chcesz kupi\u0107 White Widow Shatter na sprzeda\u017c online, skontaktuj si\u0119 ze sklepem internetowym bestglobalmeds. Mamy na sprzeda\u017c Shatter White Widow w najlepszych cenach.\" \/>\n<meta name=\"robots\" content=\"index, follow, max-snippet:-1, max-image-preview:large, max-video-preview:-1\" \/>\n<link rel=\"canonical\" href=\"https:\/\/medicinasinc.com\/pl\/product\/kup-biala-wdowa-roztrzaskana\/\" \/>\n<meta property=\"og:locale\" content=\"en_US\" \/>\n<meta property=\"og:type\" content=\"article\" \/>\n<meta property=\"og:title\" content=\"Kup White Widow Shatter - najlepsze najlepsze globalne leki\" \/>\n<meta property=\"og:description\" content=\"Je\u015bli chcesz kupi\u0107 White Widow Shatter na sprzeda\u017c online, skontaktuj si\u0119 ze sklepem internetowym bestglobalmeds. Mamy na sprzeda\u017c Shatter White Widow w najlepszych cenach.\" \/>\n<meta property=\"og:url\" content=\"https:\/\/medicinasinc.com\/pl\/product\/kup-biala-wdowa-roztrzaskana\/\" \/>\n<meta property=\"og:site_name\" content=\"Medicinas Inc\" \/>\n<meta property=\"article:modified_time\" content=\"2022-03-22T01:10:25+00:00\" \/>\n<meta property=\"og:image\" content=\"https:\/\/medicinasinc.com\/pl\/wp-content\/uploads\/sites\/13\/2022\/02\/Buy-White-Widow-Shatter.jpg\" \/>\n\t<meta property=\"og:image:width\" content=\"600\" \/>\n\t<meta property=\"og:image:height\" content=\"600\" \/>\n\t<meta property=\"og:image:type\" content=\"image\/jpeg\" \/>\n<meta name=\"twitter:card\" content=\"summary_large_image\" \/>\n<script type=\"application\/ld+json\" class=\"yoast-schema-graph\">{\"@context\":\"https:\\\/\\\/schema.org\",\"@graph\":[{\"@type\":\"WebPage\",\"@id\":\"https:\\\/\\\/medicinasinc.com\\\/pl\\\/product\\\/kup-biala-wdowa-roztrzaskana\\\/\",\"url\":\"https:\\\/\\\/medicinasinc.com\\\/pl\\\/product\\\/kup-biala-wdowa-roztrzaskana\\\/\",\"name\":\"Kup White Widow Shatter - najlepsze najlepsze globalne leki\",\"isPartOf\":{\"@id\":\"https:\\\/\\\/medicinasinc.com\\\/pl\\\/#website\"},\"primaryImageOfPage\":{\"@id\":\"https:\\\/\\\/medicinasinc.com\\\/pl\\\/product\\\/kup-biala-wdowa-roztrzaskana\\\/#primaryimage\"},\"image\":{\"@id\":\"https:\\\/\\\/medicinasinc.com\\\/pl\\\/product\\\/kup-biala-wdowa-roztrzaskana\\\/#primaryimage\"},\"thumbnailUrl\":\"https:\\\/\\\/medicinasinc.com\\\/pl\\\/wp-content\\\/uploads\\\/sites\\\/13\\\/2022\\\/02\\\/Buy-White-Widow-Shatter.jpg\",\"datePublished\":\"2022-02-20T17:19:27+00:00\",\"dateModified\":\"2022-03-22T01:10:25+00:00\",\"description\":\"Je\u015bli chcesz kupi\u0107 White Widow Shatter na sprzeda\u017c online, skontaktuj si\u0119 ze sklepem internetowym bestglobalmeds. Mamy na sprzeda\u017c Shatter White Widow w najlepszych cenach.\",\"breadcrumb\":{\"@id\":\"https:\\\/\\\/medicinasinc.com\\\/pl\\\/product\\\/kup-biala-wdowa-roztrzaskana\\\/#breadcrumb\"},\"inLanguage\":\"en-US\",\"potentialAction\":[{\"@type\":\"ReadAction\",\"target\":[\"https:\\\/\\\/medicinasinc.com\\\/pl\\\/product\\\/kup-biala-wdowa-roztrzaskana\\\/\"]}]},{\"@type\":\"ImageObject\",\"inLanguage\":\"en-US\",\"@id\":\"https:\\\/\\\/medicinasinc.com\\\/pl\\\/product\\\/kup-biala-wdowa-roztrzaskana\\\/#primaryimage\",\"url\":\"https:\\\/\\\/medicinasinc.com\\\/pl\\\/wp-content\\\/uploads\\\/sites\\\/13\\\/2022\\\/02\\\/Buy-White-Widow-Shatter.jpg\",\"contentUrl\":\"https:\\\/\\\/medicinasinc.com\\\/pl\\\/wp-content\\\/uploads\\\/sites\\\/13\\\/2022\\\/02\\\/Buy-White-Widow-Shatter.jpg\",\"width\":600,\"height\":600},{\"@type\":\"BreadcrumbList\",\"@id\":\"https:\\\/\\\/medicinasinc.com\\\/pl\\\/product\\\/kup-biala-wdowa-roztrzaskana\\\/#breadcrumb\",\"itemListElement\":[{\"@type\":\"ListItem\",\"position\":1,\"name\":\"Sklep\",\"item\":\"https:\\\/\\\/medicinasinc.com\\\/pl\\\/sklep\\\/\"},{\"@type\":\"ListItem\",\"position\":2,\"name\":\"Kup White Widow Shatter\"}]},{\"@type\":\"WebSite\",\"@id\":\"https:\\\/\\\/medicinasinc.com\\\/pl\\\/#website\",\"url\":\"https:\\\/\\\/medicinasinc.com\\\/pl\\\/\",\"name\":\"Medicinas Inc\",\"description\":\"Health Medical Clinic\",\"potentialAction\":[{\"@type\":\"SearchAction\",\"target\":{\"@type\":\"EntryPoint\",\"urlTemplate\":\"https:\\\/\\\/medicinasinc.com\\\/pl\\\/?s={search_term_string}\"},\"query-input\":{\"@type\":\"PropertyValueSpecification\",\"valueRequired\":true,\"valueName\":\"search_term_string\"}}],\"inLanguage\":\"en-US\"}]}<\/script>\n<!-- \/ Yoast SEO plugin. -->","yoast_head_json":{"title":"Kup White Widow Shatter - najlepsze najlepsze globalne leki","description":"Je\u015bli chcesz kupi\u0107 White Widow Shatter na sprzeda\u017c online, skontaktuj si\u0119 ze sklepem internetowym bestglobalmeds. Mamy na sprzeda\u017c Shatter White Widow w najlepszych cenach.","robots":{"index":"index","follow":"follow","max-snippet":"max-snippet:-1","max-image-preview":"max-image-preview:large","max-video-preview":"max-video-preview:-1"},"canonical":"https:\/\/medicinasinc.com\/pl\/product\/kup-biala-wdowa-roztrzaskana\/","og_locale":"en_US","og_type":"article","og_title":"Kup White Widow Shatter - najlepsze najlepsze globalne leki","og_description":"Je\u015bli chcesz kupi\u0107 White Widow Shatter na sprzeda\u017c online, skontaktuj si\u0119 ze sklepem internetowym bestglobalmeds. Mamy na sprzeda\u017c Shatter White Widow w najlepszych cenach.","og_url":"https:\/\/medicinasinc.com\/pl\/product\/kup-biala-wdowa-roztrzaskana\/","og_site_name":"Medicinas Inc","article_modified_time":"2022-03-22T01:10:25+00:00","og_image":[{"width":600,"height":600,"url":"https:\/\/medicinasinc.com\/pl\/wp-content\/uploads\/sites\/13\/2022\/02\/Buy-White-Widow-Shatter.jpg","type":"image\/jpeg"}],"twitter_card":"summary_large_image","schema":{"@context":"https:\/\/schema.org","@graph":[{"@type":"WebPage","@id":"https:\/\/medicinasinc.com\/pl\/product\/kup-biala-wdowa-roztrzaskana\/","url":"https:\/\/medicinasinc.com\/pl\/product\/kup-biala-wdowa-roztrzaskana\/","name":"Kup White Widow Shatter - najlepsze najlepsze globalne leki","isPartOf":{"@id":"https:\/\/medicinasinc.com\/pl\/#website"},"primaryImageOfPage":{"@id":"https:\/\/medicinasinc.com\/pl\/product\/kup-biala-wdowa-roztrzaskana\/#primaryimage"},"image":{"@id":"https:\/\/medicinasinc.com\/pl\/product\/kup-biala-wdowa-roztrzaskana\/#primaryimage"},"thumbnailUrl":"https:\/\/medicinasinc.com\/pl\/wp-content\/uploads\/sites\/13\/2022\/02\/Buy-White-Widow-Shatter.jpg","datePublished":"2022-02-20T17:19:27+00:00","dateModified":"2022-03-22T01:10:25+00:00","description":"Je\u015bli chcesz kupi\u0107 White Widow Shatter na sprzeda\u017c online, skontaktuj si\u0119 ze sklepem internetowym bestglobalmeds. Mamy na sprzeda\u017c Shatter White Widow w najlepszych cenach.","breadcrumb":{"@id":"https:\/\/medicinasinc.com\/pl\/product\/kup-biala-wdowa-roztrzaskana\/#breadcrumb"},"inLanguage":"en-US","potentialAction":[{"@type":"ReadAction","target":["https:\/\/medicinasinc.com\/pl\/product\/kup-biala-wdowa-roztrzaskana\/"]}]},{"@type":"ImageObject","inLanguage":"en-US","@id":"https:\/\/medicinasinc.com\/pl\/product\/kup-biala-wdowa-roztrzaskana\/#primaryimage","url":"https:\/\/medicinasinc.com\/pl\/wp-content\/uploads\/sites\/13\/2022\/02\/Buy-White-Widow-Shatter.jpg","contentUrl":"https:\/\/medicinasinc.com\/pl\/wp-content\/uploads\/sites\/13\/2022\/02\/Buy-White-Widow-Shatter.jpg","width":600,"height":600},{"@type":"BreadcrumbList","@id":"https:\/\/medicinasinc.com\/pl\/product\/kup-biala-wdowa-roztrzaskana\/#breadcrumb","itemListElement":[{"@type":"ListItem","position":1,"name":"Sklep","item":"https:\/\/medicinasinc.com\/pl\/sklep\/"},{"@type":"ListItem","position":2,"name":"Kup White Widow Shatter"}]},{"@type":"WebSite","@id":"https:\/\/medicinasinc.com\/pl\/#website","url":"https:\/\/medicinasinc.com\/pl\/","name":"Medicinas Inc","description":"Health Medical Clinic","potentialAction":[{"@type":"SearchAction","target":{"@type":"EntryPoint","urlTemplate":"https:\/\/medicinasinc.com\/pl\/?s={search_term_string}"},"query-input":{"@type":"PropertyValueSpecification","valueRequired":true,"valueName":"search_term_string"}}],"inLanguage":"en-US"}]}},"_links":{"self":[{"href":"https:\/\/medicinasinc.com\/pl\/wp-json\/wp\/v2\/product\/4884","targetHints":{"allow":["GET"]}}],"collection":[{"href":"https:\/\/medicinasinc.com\/pl\/wp-json\/wp\/v2\/product"}],"about":[{"href":"https:\/\/medicinasinc.com\/pl\/wp-json\/wp\/v2\/types\/product"}],"replies":[{"embeddable":true,"href":"https:\/\/medicinasinc.com\/pl\/wp-json\/wp\/v2\/comments?post=4884"}],"wp:featuredmedia":[{"embeddable":true,"href":"https:\/\/medicinasinc.com\/pl\/wp-json\/wp\/v2\/media\/4899"}],"wp:attachment":[{"href":"https:\/\/medicinasinc.com\/pl\/wp-json\/wp\/v2\/media?parent=4884"}],"wp:term":[{"taxonomy":"product_brand","embeddable":true,"href":"https:\/\/medicinasinc.com\/pl\/wp-json\/wp\/v2\/product_brand?post=4884"},{"taxonomy":"product_cat","embeddable":true,"href":"https:\/\/medicinasinc.com\/pl\/wp-json\/wp\/v2\/product_cat?post=4884"},{"taxonomy":"product_tag","embeddable":true,"href":"https:\/\/medicinasinc.com\/pl\/wp-json\/wp\/v2\/product_tag?post=4884"}],"curies":[{"name":"wp","href":"https:\/\/api.w.org\/{rel}","templated":true}]}}