{"id":4883,"date":"2022-02-20T17:18:33","date_gmt":"2022-02-20T17:18:33","guid":{"rendered":"https:\/\/medicinasinc.com\/pl\/?post_type=product&#038;p=4883"},"modified":"2022-03-22T01:10:34","modified_gmt":"2022-03-22T01:10:34","slug":"kup-zachod-sherbert-shatter","status":"publish","type":"product","link":"https:\/\/medicinasinc.com\/pl\/product\/kup-zachod-sherbert-shatter\/","title":{"rendered":"Kup Sunset Sherbert Shatter"},"content":{"rendered":"<p>Kup Sunset Sherbert Shatter \u2013 Premium Indica Dominant Hybrid \u2013 85% Indica \/ 15% Sativa<\/p>\n<p>Sunset Sherbert, alternatywnie nazywany Sherbet, jest spadkobierc\u0105 tronu Girl Scout Cookie. Sunset Sherbert odziedziczy\u0142 cechy genetyczne swojego rodzica Girl Scout Cookies, kt\u00f3ry obejmowa\u0142 OG Kush, Durban Poison i Cherry Pie w swojej linii genetycznej. Te geny zosta\u0142y nast\u0119pnie skrzy\u017cowane z Pink Panties, rodzicem indica. Sunset Sherbert \u0142\u0105czy w sobie silny szum ca\u0142ego cia\u0142a z o\u017cywcz\u0105 eksplozj\u0105 kreatywnej energii. Po paleniu u\u017cytkownicy poczuj\u0105 natychmiastowy przyp\u0142yw energii \u2013 g\u0142\u00f3wnie w umy\u015ble \u2013 kt\u00f3ry sprawi, \u017ce poczuj\u0105 si\u0119 towarzysko i euforycznie w ci\u0105gu kilku minut. Gdy efekty zaczn\u0105 przynosi\u0107 efekty, delikatne uczucie rozgrzania rozprzestrzeni si\u0119 po ca\u0142ym ciele, otaczaj\u0105c u\u017cytkownika ca\u0142kowitym relaksem i b\u0142ogim szcz\u0119\u015bciem. Sunset Sherbert jest stosowany w leczeniu depresji, stresu, l\u0119ku oraz \u0142agodnego do umiarkowanego b\u00f3lu ze wzgl\u0119du na jego silne dzia\u0142anie.<\/p>\n<p>&nbsp;<\/p>\n<p>Prosz\u0119 pami\u0119ta\u0107, \u017ce z powodu nieprzewidzianych okoliczno\u015bci, takich jak jak letnie upa\u0142y, wilgotno\u015b\u0107, a nawet czas, zawsze istnieje szansa, \u017ce \u200b\u200bzam\u00f3wione przez Ciebie od\u0142amki przekszta\u0142c\u0105 si\u0119 w wosk lub p\u0105ki, zanim do Ciebie dotr\u0105.<\/p>\n<p>Niestety, ods\u0142oni\u0119cie od\u0142amk\u00f3w nie jest niczym niezwyk\u0142ym do ogrzania, ale to w \u017caden spos\u00f3b nie zmniejsza bezpiecze\u0144stwa ani mocy twojego rozbicia. Rzeczywi\u015bcie, je\u015bli tak si\u0119 stanie, terpeny i aromaty zostan\u0105 wzmocnione, zwi\u0119kszaj\u0105c w ten spos\u00f3b smak.<\/p>\n<p>Nie oferujemy zwrot\u00f3w ani wymiany, je\u015bli twoje roztrzaskanie zamieni si\u0119 w p\u0105czek lub wosk.<\/p>\n<div class=\"product-next-previous\">\n<div class=\"product-prev\"><\/div><\/div>\n","protected":false},"excerpt":{"rendered":"<p>Kup Shatter &#8211; Sunset Sherbert mo\u017cna kupi\u0107 online w Europie i Wielkiej Brytanii w najlepszych globalnych meds. W Europie mo\u017cna znale\u017a\u0107 najwy\u017cszej jako\u015bci Shatter &#8211; Produkty z konopi Sunset Sherbert.<\/p>\n<p>&nbsp;<\/p>\n<ul>\n<li>Wysy\u0142ka na ca\u0142y \u015bwiat<\/li>\n<li><strong>Klasa: AAAAA<\/strong><\/li>\n<li> <strong>Skontaktuj si\u0119 z nami<\/strong>\u00a0w przypadku wi\u0119kszych zam\u00f3wie\u0144<\/li>\n<\/ul>\n","protected":false},"featured_media":4897,"comment_status":"open","ping_status":"closed","template":"","meta":[],"product_brand":[],"product_cat":[777],"product_tag":[],"class_list":{"0":"post-4883","1":"product","2":"type-product","3":"status-publish","4":"has-post-thumbnail","6":"product_cat-kup-roztrzaska","8":"first","9":"instock","10":"shipping-taxable","11":"purchasable","12":"product-type-variable","13":"has-default-attributes"},"yoast_head":"<!-- This site is optimized with the Yoast SEO plugin v27.3 - https:\/\/yoast.com\/product\/yoast-seo-wordpress\/ -->\n<title>Kup Sunset Sherbert Shatter - najlepsze \u015bwiatowe leki<\/title>\n<meta name=\"description\" content=\"Kup Shatter - Sunset Sherbert na sprzeda\u017c online Europa, Wielka Brytania w The global medicinas. Znajd\u017a najwy\u017cszej jako\u015bci produkty z konopi Shatter - Sunset Sherbert w Europie.\" \/>\n<meta name=\"robots\" content=\"index, follow, max-snippet:-1, max-image-preview:large, max-video-preview:-1\" \/>\n<link rel=\"canonical\" href=\"https:\/\/medicinasinc.com\/pl\/product\/kup-zachod-sherbert-shatter\/\" \/>\n<meta property=\"og:locale\" content=\"en_US\" \/>\n<meta property=\"og:type\" content=\"article\" \/>\n<meta property=\"og:title\" content=\"Kup Sunset Sherbert Shatter - najlepsze \u015bwiatowe leki\" \/>\n<meta property=\"og:description\" content=\"Kup Shatter - Sunset Sherbert na sprzeda\u017c online Europa, Wielka Brytania w The global medicinas. Znajd\u017a najwy\u017cszej jako\u015bci produkty z konopi Shatter - Sunset Sherbert w Europie.\" \/>\n<meta property=\"og:url\" content=\"https:\/\/medicinasinc.com\/pl\/product\/kup-zachod-sherbert-shatter\/\" \/>\n<meta property=\"og:site_name\" content=\"Medicinas Inc\" \/>\n<meta property=\"article:modified_time\" content=\"2022-03-22T01:10:34+00:00\" \/>\n<meta property=\"og:image\" content=\"https:\/\/medicinasinc.com\/pl\/wp-content\/uploads\/sites\/13\/2022\/02\/Buy-Sunset-Sherbert-Shatter.jpg\" \/>\n\t<meta property=\"og:image:width\" content=\"600\" \/>\n\t<meta property=\"og:image:height\" content=\"600\" \/>\n\t<meta property=\"og:image:type\" content=\"image\/jpeg\" \/>\n<meta name=\"twitter:card\" content=\"summary_large_image\" \/>\n<meta name=\"twitter:label1\" content=\"Est. reading time\" \/>\n\t<meta name=\"twitter:data1\" content=\"2 minutes\" \/>\n<script type=\"application\/ld+json\" class=\"yoast-schema-graph\">{\"@context\":\"https:\\\/\\\/schema.org\",\"@graph\":[{\"@type\":\"WebPage\",\"@id\":\"https:\\\/\\\/medicinasinc.com\\\/pl\\\/product\\\/kup-zachod-sherbert-shatter\\\/\",\"url\":\"https:\\\/\\\/medicinasinc.com\\\/pl\\\/product\\\/kup-zachod-sherbert-shatter\\\/\",\"name\":\"Kup Sunset Sherbert Shatter - najlepsze \u015bwiatowe leki\",\"isPartOf\":{\"@id\":\"https:\\\/\\\/medicinasinc.com\\\/pl\\\/#website\"},\"primaryImageOfPage\":{\"@id\":\"https:\\\/\\\/medicinasinc.com\\\/pl\\\/product\\\/kup-zachod-sherbert-shatter\\\/#primaryimage\"},\"image\":{\"@id\":\"https:\\\/\\\/medicinasinc.com\\\/pl\\\/product\\\/kup-zachod-sherbert-shatter\\\/#primaryimage\"},\"thumbnailUrl\":\"https:\\\/\\\/medicinasinc.com\\\/pl\\\/wp-content\\\/uploads\\\/sites\\\/13\\\/2022\\\/02\\\/Buy-Sunset-Sherbert-Shatter.jpg\",\"datePublished\":\"2022-02-20T17:18:33+00:00\",\"dateModified\":\"2022-03-22T01:10:34+00:00\",\"description\":\"Kup Shatter - Sunset Sherbert na sprzeda\u017c online Europa, Wielka Brytania w The global medicinas. Znajd\u017a najwy\u017cszej jako\u015bci produkty z konopi Shatter - Sunset Sherbert w Europie.\",\"breadcrumb\":{\"@id\":\"https:\\\/\\\/medicinasinc.com\\\/pl\\\/product\\\/kup-zachod-sherbert-shatter\\\/#breadcrumb\"},\"inLanguage\":\"en-US\",\"potentialAction\":[{\"@type\":\"ReadAction\",\"target\":[\"https:\\\/\\\/medicinasinc.com\\\/pl\\\/product\\\/kup-zachod-sherbert-shatter\\\/\"]}]},{\"@type\":\"ImageObject\",\"inLanguage\":\"en-US\",\"@id\":\"https:\\\/\\\/medicinasinc.com\\\/pl\\\/product\\\/kup-zachod-sherbert-shatter\\\/#primaryimage\",\"url\":\"https:\\\/\\\/medicinasinc.com\\\/pl\\\/wp-content\\\/uploads\\\/sites\\\/13\\\/2022\\\/02\\\/Buy-Sunset-Sherbert-Shatter.jpg\",\"contentUrl\":\"https:\\\/\\\/medicinasinc.com\\\/pl\\\/wp-content\\\/uploads\\\/sites\\\/13\\\/2022\\\/02\\\/Buy-Sunset-Sherbert-Shatter.jpg\",\"width\":600,\"height\":600},{\"@type\":\"BreadcrumbList\",\"@id\":\"https:\\\/\\\/medicinasinc.com\\\/pl\\\/product\\\/kup-zachod-sherbert-shatter\\\/#breadcrumb\",\"itemListElement\":[{\"@type\":\"ListItem\",\"position\":1,\"name\":\"Sklep\",\"item\":\"https:\\\/\\\/medicinasinc.com\\\/pl\\\/sklep\\\/\"},{\"@type\":\"ListItem\",\"position\":2,\"name\":\"Kup Sunset Sherbert Shatter\"}]},{\"@type\":\"WebSite\",\"@id\":\"https:\\\/\\\/medicinasinc.com\\\/pl\\\/#website\",\"url\":\"https:\\\/\\\/medicinasinc.com\\\/pl\\\/\",\"name\":\"Medicinas Inc\",\"description\":\"Health Medical Clinic\",\"potentialAction\":[{\"@type\":\"SearchAction\",\"target\":{\"@type\":\"EntryPoint\",\"urlTemplate\":\"https:\\\/\\\/medicinasinc.com\\\/pl\\\/?s={search_term_string}\"},\"query-input\":{\"@type\":\"PropertyValueSpecification\",\"valueRequired\":true,\"valueName\":\"search_term_string\"}}],\"inLanguage\":\"en-US\"}]}<\/script>\n<!-- \/ Yoast SEO plugin. -->","yoast_head_json":{"title":"Kup Sunset Sherbert Shatter - najlepsze \u015bwiatowe leki","description":"Kup Shatter - Sunset Sherbert na sprzeda\u017c online Europa, Wielka Brytania w The global medicinas. Znajd\u017a najwy\u017cszej jako\u015bci produkty z konopi Shatter - Sunset Sherbert w Europie.","robots":{"index":"index","follow":"follow","max-snippet":"max-snippet:-1","max-image-preview":"max-image-preview:large","max-video-preview":"max-video-preview:-1"},"canonical":"https:\/\/medicinasinc.com\/pl\/product\/kup-zachod-sherbert-shatter\/","og_locale":"en_US","og_type":"article","og_title":"Kup Sunset Sherbert Shatter - najlepsze \u015bwiatowe leki","og_description":"Kup Shatter - Sunset Sherbert na sprzeda\u017c online Europa, Wielka Brytania w The global medicinas. Znajd\u017a najwy\u017cszej jako\u015bci produkty z konopi Shatter - Sunset Sherbert w Europie.","og_url":"https:\/\/medicinasinc.com\/pl\/product\/kup-zachod-sherbert-shatter\/","og_site_name":"Medicinas Inc","article_modified_time":"2022-03-22T01:10:34+00:00","og_image":[{"width":600,"height":600,"url":"https:\/\/medicinasinc.com\/pl\/wp-content\/uploads\/sites\/13\/2022\/02\/Buy-Sunset-Sherbert-Shatter.jpg","type":"image\/jpeg"}],"twitter_card":"summary_large_image","twitter_misc":{"Est. reading time":"2 minutes"},"schema":{"@context":"https:\/\/schema.org","@graph":[{"@type":"WebPage","@id":"https:\/\/medicinasinc.com\/pl\/product\/kup-zachod-sherbert-shatter\/","url":"https:\/\/medicinasinc.com\/pl\/product\/kup-zachod-sherbert-shatter\/","name":"Kup Sunset Sherbert Shatter - najlepsze \u015bwiatowe leki","isPartOf":{"@id":"https:\/\/medicinasinc.com\/pl\/#website"},"primaryImageOfPage":{"@id":"https:\/\/medicinasinc.com\/pl\/product\/kup-zachod-sherbert-shatter\/#primaryimage"},"image":{"@id":"https:\/\/medicinasinc.com\/pl\/product\/kup-zachod-sherbert-shatter\/#primaryimage"},"thumbnailUrl":"https:\/\/medicinasinc.com\/pl\/wp-content\/uploads\/sites\/13\/2022\/02\/Buy-Sunset-Sherbert-Shatter.jpg","datePublished":"2022-02-20T17:18:33+00:00","dateModified":"2022-03-22T01:10:34+00:00","description":"Kup Shatter - Sunset Sherbert na sprzeda\u017c online Europa, Wielka Brytania w The global medicinas. Znajd\u017a najwy\u017cszej jako\u015bci produkty z konopi Shatter - Sunset Sherbert w Europie.","breadcrumb":{"@id":"https:\/\/medicinasinc.com\/pl\/product\/kup-zachod-sherbert-shatter\/#breadcrumb"},"inLanguage":"en-US","potentialAction":[{"@type":"ReadAction","target":["https:\/\/medicinasinc.com\/pl\/product\/kup-zachod-sherbert-shatter\/"]}]},{"@type":"ImageObject","inLanguage":"en-US","@id":"https:\/\/medicinasinc.com\/pl\/product\/kup-zachod-sherbert-shatter\/#primaryimage","url":"https:\/\/medicinasinc.com\/pl\/wp-content\/uploads\/sites\/13\/2022\/02\/Buy-Sunset-Sherbert-Shatter.jpg","contentUrl":"https:\/\/medicinasinc.com\/pl\/wp-content\/uploads\/sites\/13\/2022\/02\/Buy-Sunset-Sherbert-Shatter.jpg","width":600,"height":600},{"@type":"BreadcrumbList","@id":"https:\/\/medicinasinc.com\/pl\/product\/kup-zachod-sherbert-shatter\/#breadcrumb","itemListElement":[{"@type":"ListItem","position":1,"name":"Sklep","item":"https:\/\/medicinasinc.com\/pl\/sklep\/"},{"@type":"ListItem","position":2,"name":"Kup Sunset Sherbert Shatter"}]},{"@type":"WebSite","@id":"https:\/\/medicinasinc.com\/pl\/#website","url":"https:\/\/medicinasinc.com\/pl\/","name":"Medicinas Inc","description":"Health Medical Clinic","potentialAction":[{"@type":"SearchAction","target":{"@type":"EntryPoint","urlTemplate":"https:\/\/medicinasinc.com\/pl\/?s={search_term_string}"},"query-input":{"@type":"PropertyValueSpecification","valueRequired":true,"valueName":"search_term_string"}}],"inLanguage":"en-US"}]}},"_links":{"self":[{"href":"https:\/\/medicinasinc.com\/pl\/wp-json\/wp\/v2\/product\/4883","targetHints":{"allow":["GET"]}}],"collection":[{"href":"https:\/\/medicinasinc.com\/pl\/wp-json\/wp\/v2\/product"}],"about":[{"href":"https:\/\/medicinasinc.com\/pl\/wp-json\/wp\/v2\/types\/product"}],"replies":[{"embeddable":true,"href":"https:\/\/medicinasinc.com\/pl\/wp-json\/wp\/v2\/comments?post=4883"}],"wp:featuredmedia":[{"embeddable":true,"href":"https:\/\/medicinasinc.com\/pl\/wp-json\/wp\/v2\/media\/4897"}],"wp:attachment":[{"href":"https:\/\/medicinasinc.com\/pl\/wp-json\/wp\/v2\/media?parent=4883"}],"wp:term":[{"taxonomy":"product_brand","embeddable":true,"href":"https:\/\/medicinasinc.com\/pl\/wp-json\/wp\/v2\/product_brand?post=4883"},{"taxonomy":"product_cat","embeddable":true,"href":"https:\/\/medicinasinc.com\/pl\/wp-json\/wp\/v2\/product_cat?post=4883"},{"taxonomy":"product_tag","embeddable":true,"href":"https:\/\/medicinasinc.com\/pl\/wp-json\/wp\/v2\/product_tag?post=4883"}],"curies":[{"name":"wp","href":"https:\/\/api.w.org\/{rel}","templated":true}]}}