{"id":4871,"date":"2022-02-20T17:08:15","date_gmt":"2022-02-20T17:08:15","guid":{"rendered":"https:\/\/medicinasinc.com\/pl\/?post_type=product&#038;p=4871"},"modified":"2022-03-22T01:10:55","modified_gmt":"2022-03-22T01:10:55","slug":"kup-jagody-nuken-shatter-gorna-polka","status":"publish","type":"product","link":"https:\/\/medicinasinc.com\/pl\/product\/kup-jagody-nuken-shatter-gorna-polka\/","title":{"rendered":"Kup Blueberry Nuken Shatter \u2013 g\u00f3rna p\u00f3\u0142ka"},"content":{"rendered":"<div class=\"descblock ff\">Nuken zapewnia lecznicze w\u0142a\u015bciwo\u015bci indici bez zm\u0119czenia i uspokojenia zwi\u0105zanego z indicami. Nuken wytwarza d\u0142ugotrwa\u0142y i niezwykle relaksuj\u0105cy haj, jednocze\u015bnie umo\u017cliwiaj\u0105c u\u017cytkownikowi wykonywanie zada\u0144 i interakcj\u0119 z przyjaci\u00f3\u0142mi. W miar\u0119 utrzymywania si\u0119 efekt\u00f3w szczepu, u\u017cytkownicy odczuwaj\u0105 lekkie rozgrzanie, kt\u00f3re zaczyna si\u0119 w kr\u0119gos\u0142upie i stopniowo rozprzestrzenia si\u0119 po ca\u0142ym ciele, \u0142agodz\u0105c b\u00f3l lub dyskomfort mi\u0119\u015bni. Efektom tym towarzyszy intensywna introspekcja, kt\u00f3ra mo\u017ce powodowa\u0107, \u017ce niekt\u00f3rzy pocz\u0105tkuj\u0105cy u\u017cytkownicy poczuj\u0105 si\u0119 nieco zdezorientowani. Nuken by\u0142 stosowany w leczeniu przewlek\u0142ego b\u00f3lu i stan\u00f3w zapalnych, a tak\u017ce \u0142agodnej depresji, l\u0119ku i przewlek\u0142ego stresu.<\/div>\n<div class=\"product-next-previous\">\n<div class=\"product-prev\"><\/div><\/div>\n","protected":false},"excerpt":{"rendered":"<p>Kup Blueberry Nuken Shatter UK, Europe Online z internetowej apteki bestglobalmeds, internetowej apteki konopi EZ Weed Online.<\/p>\n<ul>\n<li>Wysy\u0142ka na ca\u0142y \u015bwiat<\/li>\n<li><strong>Ocena: AAAAA<\/strong><\/li>\n<li><strong>Skontaktuj si\u0119 z nami<\/strong>\u00a0w przypadku wi\u0119kszych zam\u00f3wie\u0144<\/li>\n<li>DPD Post Xpresspost BEZP\u0141ATNA wysy\u0142ka w przypadku zam\u00f3wie\u0144 powy\u017cej 200 USD<\/li>\n<\/ul>\n","protected":false},"featured_media":4885,"comment_status":"open","ping_status":"closed","template":"","meta":[],"product_brand":[],"product_cat":[777],"product_tag":[],"class_list":{"0":"post-4871","1":"product","2":"type-product","3":"status-publish","4":"has-post-thumbnail","6":"product_cat-kup-roztrzaska","8":"first","9":"instock","10":"shipping-taxable","11":"purchasable","12":"product-type-variable","13":"has-default-attributes"},"yoast_head":"<!-- This site is optimized with the Yoast SEO plugin v27.3 - https:\/\/yoast.com\/product\/yoast-seo-wordpress\/ -->\n<title>Kup Blueberry Nuken Shatter \u2013 Najwy\u017cszej P\u00f3\u0142ki \u2013 Najlepsze Najlepsze Globalne Medycyny<\/title>\n<meta name=\"description\" content=\"Kup Blueberry Nuken Shatter UK, Europe Online w internetowej aptece nr 1 w Kanadzie, Best Global Weed Online Cannabis Dispensary.\" \/>\n<meta name=\"robots\" content=\"index, follow, max-snippet:-1, max-image-preview:large, max-video-preview:-1\" \/>\n<link rel=\"canonical\" href=\"https:\/\/medicinasinc.com\/pl\/product\/kup-jagody-nuken-shatter-gorna-polka\/\" \/>\n<meta property=\"og:locale\" content=\"en_US\" \/>\n<meta property=\"og:type\" content=\"article\" \/>\n<meta property=\"og:title\" content=\"Kup Blueberry Nuken Shatter \u2013 Najwy\u017cszej P\u00f3\u0142ki \u2013 Najlepsze Najlepsze Globalne Medycyny\" \/>\n<meta property=\"og:description\" content=\"Kup Blueberry Nuken Shatter UK, Europe Online w internetowej aptece nr 1 w Kanadzie, Best Global Weed Online Cannabis Dispensary.\" \/>\n<meta property=\"og:url\" content=\"https:\/\/medicinasinc.com\/pl\/product\/kup-jagody-nuken-shatter-gorna-polka\/\" \/>\n<meta property=\"og:site_name\" content=\"Medicinas Inc\" \/>\n<meta property=\"article:modified_time\" content=\"2022-03-22T01:10:55+00:00\" \/>\n<meta property=\"og:image\" content=\"https:\/\/medicinasinc.com\/pl\/wp-content\/uploads\/sites\/13\/2022\/02\/Buy-Blueberry-Nuken-Shatter.jpg\" \/>\n\t<meta property=\"og:image:width\" content=\"600\" \/>\n\t<meta property=\"og:image:height\" content=\"600\" \/>\n\t<meta property=\"og:image:type\" content=\"image\/jpeg\" \/>\n<meta name=\"twitter:card\" content=\"summary_large_image\" \/>\n<meta name=\"twitter:label1\" content=\"Est. reading time\" \/>\n\t<meta name=\"twitter:data1\" content=\"1 minute\" \/>\n<script type=\"application\/ld+json\" class=\"yoast-schema-graph\">{\"@context\":\"https:\\\/\\\/schema.org\",\"@graph\":[{\"@type\":\"WebPage\",\"@id\":\"https:\\\/\\\/medicinasinc.com\\\/pl\\\/product\\\/kup-jagody-nuken-shatter-gorna-polka\\\/\",\"url\":\"https:\\\/\\\/medicinasinc.com\\\/pl\\\/product\\\/kup-jagody-nuken-shatter-gorna-polka\\\/\",\"name\":\"Kup Blueberry Nuken Shatter \u2013 Najwy\u017cszej P\u00f3\u0142ki \u2013 Najlepsze Najlepsze Globalne Medycyny\",\"isPartOf\":{\"@id\":\"https:\\\/\\\/medicinasinc.com\\\/pl\\\/#website\"},\"primaryImageOfPage\":{\"@id\":\"https:\\\/\\\/medicinasinc.com\\\/pl\\\/product\\\/kup-jagody-nuken-shatter-gorna-polka\\\/#primaryimage\"},\"image\":{\"@id\":\"https:\\\/\\\/medicinasinc.com\\\/pl\\\/product\\\/kup-jagody-nuken-shatter-gorna-polka\\\/#primaryimage\"},\"thumbnailUrl\":\"https:\\\/\\\/medicinasinc.com\\\/pl\\\/wp-content\\\/uploads\\\/sites\\\/13\\\/2022\\\/02\\\/Buy-Blueberry-Nuken-Shatter.jpg\",\"datePublished\":\"2022-02-20T17:08:15+00:00\",\"dateModified\":\"2022-03-22T01:10:55+00:00\",\"description\":\"Kup Blueberry Nuken Shatter UK, Europe Online w internetowej aptece nr 1 w Kanadzie, Best Global Weed Online Cannabis Dispensary.\",\"breadcrumb\":{\"@id\":\"https:\\\/\\\/medicinasinc.com\\\/pl\\\/product\\\/kup-jagody-nuken-shatter-gorna-polka\\\/#breadcrumb\"},\"inLanguage\":\"en-US\",\"potentialAction\":[{\"@type\":\"ReadAction\",\"target\":[\"https:\\\/\\\/medicinasinc.com\\\/pl\\\/product\\\/kup-jagody-nuken-shatter-gorna-polka\\\/\"]}]},{\"@type\":\"ImageObject\",\"inLanguage\":\"en-US\",\"@id\":\"https:\\\/\\\/medicinasinc.com\\\/pl\\\/product\\\/kup-jagody-nuken-shatter-gorna-polka\\\/#primaryimage\",\"url\":\"https:\\\/\\\/medicinasinc.com\\\/pl\\\/wp-content\\\/uploads\\\/sites\\\/13\\\/2022\\\/02\\\/Buy-Blueberry-Nuken-Shatter.jpg\",\"contentUrl\":\"https:\\\/\\\/medicinasinc.com\\\/pl\\\/wp-content\\\/uploads\\\/sites\\\/13\\\/2022\\\/02\\\/Buy-Blueberry-Nuken-Shatter.jpg\",\"width\":600,\"height\":600},{\"@type\":\"BreadcrumbList\",\"@id\":\"https:\\\/\\\/medicinasinc.com\\\/pl\\\/product\\\/kup-jagody-nuken-shatter-gorna-polka\\\/#breadcrumb\",\"itemListElement\":[{\"@type\":\"ListItem\",\"position\":1,\"name\":\"Sklep\",\"item\":\"https:\\\/\\\/medicinasinc.com\\\/pl\\\/sklep\\\/\"},{\"@type\":\"ListItem\",\"position\":2,\"name\":\"Kup Blueberry Nuken Shatter \u2013 g\u00f3rna p\u00f3\u0142ka\"}]},{\"@type\":\"WebSite\",\"@id\":\"https:\\\/\\\/medicinasinc.com\\\/pl\\\/#website\",\"url\":\"https:\\\/\\\/medicinasinc.com\\\/pl\\\/\",\"name\":\"Medicinas Inc\",\"description\":\"Health Medical Clinic\",\"potentialAction\":[{\"@type\":\"SearchAction\",\"target\":{\"@type\":\"EntryPoint\",\"urlTemplate\":\"https:\\\/\\\/medicinasinc.com\\\/pl\\\/?s={search_term_string}\"},\"query-input\":{\"@type\":\"PropertyValueSpecification\",\"valueRequired\":true,\"valueName\":\"search_term_string\"}}],\"inLanguage\":\"en-US\"}]}<\/script>\n<!-- \/ Yoast SEO plugin. -->","yoast_head_json":{"title":"Kup Blueberry Nuken Shatter \u2013 Najwy\u017cszej P\u00f3\u0142ki \u2013 Najlepsze Najlepsze Globalne Medycyny","description":"Kup Blueberry Nuken Shatter UK, Europe Online w internetowej aptece nr 1 w Kanadzie, Best Global Weed Online Cannabis Dispensary.","robots":{"index":"index","follow":"follow","max-snippet":"max-snippet:-1","max-image-preview":"max-image-preview:large","max-video-preview":"max-video-preview:-1"},"canonical":"https:\/\/medicinasinc.com\/pl\/product\/kup-jagody-nuken-shatter-gorna-polka\/","og_locale":"en_US","og_type":"article","og_title":"Kup Blueberry Nuken Shatter \u2013 Najwy\u017cszej P\u00f3\u0142ki \u2013 Najlepsze Najlepsze Globalne Medycyny","og_description":"Kup Blueberry Nuken Shatter UK, Europe Online w internetowej aptece nr 1 w Kanadzie, Best Global Weed Online Cannabis Dispensary.","og_url":"https:\/\/medicinasinc.com\/pl\/product\/kup-jagody-nuken-shatter-gorna-polka\/","og_site_name":"Medicinas Inc","article_modified_time":"2022-03-22T01:10:55+00:00","og_image":[{"width":600,"height":600,"url":"https:\/\/medicinasinc.com\/pl\/wp-content\/uploads\/sites\/13\/2022\/02\/Buy-Blueberry-Nuken-Shatter.jpg","type":"image\/jpeg"}],"twitter_card":"summary_large_image","twitter_misc":{"Est. reading time":"1 minute"},"schema":{"@context":"https:\/\/schema.org","@graph":[{"@type":"WebPage","@id":"https:\/\/medicinasinc.com\/pl\/product\/kup-jagody-nuken-shatter-gorna-polka\/","url":"https:\/\/medicinasinc.com\/pl\/product\/kup-jagody-nuken-shatter-gorna-polka\/","name":"Kup Blueberry Nuken Shatter \u2013 Najwy\u017cszej P\u00f3\u0142ki \u2013 Najlepsze Najlepsze Globalne Medycyny","isPartOf":{"@id":"https:\/\/medicinasinc.com\/pl\/#website"},"primaryImageOfPage":{"@id":"https:\/\/medicinasinc.com\/pl\/product\/kup-jagody-nuken-shatter-gorna-polka\/#primaryimage"},"image":{"@id":"https:\/\/medicinasinc.com\/pl\/product\/kup-jagody-nuken-shatter-gorna-polka\/#primaryimage"},"thumbnailUrl":"https:\/\/medicinasinc.com\/pl\/wp-content\/uploads\/sites\/13\/2022\/02\/Buy-Blueberry-Nuken-Shatter.jpg","datePublished":"2022-02-20T17:08:15+00:00","dateModified":"2022-03-22T01:10:55+00:00","description":"Kup Blueberry Nuken Shatter UK, Europe Online w internetowej aptece nr 1 w Kanadzie, Best Global Weed Online Cannabis Dispensary.","breadcrumb":{"@id":"https:\/\/medicinasinc.com\/pl\/product\/kup-jagody-nuken-shatter-gorna-polka\/#breadcrumb"},"inLanguage":"en-US","potentialAction":[{"@type":"ReadAction","target":["https:\/\/medicinasinc.com\/pl\/product\/kup-jagody-nuken-shatter-gorna-polka\/"]}]},{"@type":"ImageObject","inLanguage":"en-US","@id":"https:\/\/medicinasinc.com\/pl\/product\/kup-jagody-nuken-shatter-gorna-polka\/#primaryimage","url":"https:\/\/medicinasinc.com\/pl\/wp-content\/uploads\/sites\/13\/2022\/02\/Buy-Blueberry-Nuken-Shatter.jpg","contentUrl":"https:\/\/medicinasinc.com\/pl\/wp-content\/uploads\/sites\/13\/2022\/02\/Buy-Blueberry-Nuken-Shatter.jpg","width":600,"height":600},{"@type":"BreadcrumbList","@id":"https:\/\/medicinasinc.com\/pl\/product\/kup-jagody-nuken-shatter-gorna-polka\/#breadcrumb","itemListElement":[{"@type":"ListItem","position":1,"name":"Sklep","item":"https:\/\/medicinasinc.com\/pl\/sklep\/"},{"@type":"ListItem","position":2,"name":"Kup Blueberry Nuken Shatter \u2013 g\u00f3rna p\u00f3\u0142ka"}]},{"@type":"WebSite","@id":"https:\/\/medicinasinc.com\/pl\/#website","url":"https:\/\/medicinasinc.com\/pl\/","name":"Medicinas Inc","description":"Health Medical Clinic","potentialAction":[{"@type":"SearchAction","target":{"@type":"EntryPoint","urlTemplate":"https:\/\/medicinasinc.com\/pl\/?s={search_term_string}"},"query-input":{"@type":"PropertyValueSpecification","valueRequired":true,"valueName":"search_term_string"}}],"inLanguage":"en-US"}]}},"_links":{"self":[{"href":"https:\/\/medicinasinc.com\/pl\/wp-json\/wp\/v2\/product\/4871","targetHints":{"allow":["GET"]}}],"collection":[{"href":"https:\/\/medicinasinc.com\/pl\/wp-json\/wp\/v2\/product"}],"about":[{"href":"https:\/\/medicinasinc.com\/pl\/wp-json\/wp\/v2\/types\/product"}],"replies":[{"embeddable":true,"href":"https:\/\/medicinasinc.com\/pl\/wp-json\/wp\/v2\/comments?post=4871"}],"wp:featuredmedia":[{"embeddable":true,"href":"https:\/\/medicinasinc.com\/pl\/wp-json\/wp\/v2\/media\/4885"}],"wp:attachment":[{"href":"https:\/\/medicinasinc.com\/pl\/wp-json\/wp\/v2\/media?parent=4871"}],"wp:term":[{"taxonomy":"product_brand","embeddable":true,"href":"https:\/\/medicinasinc.com\/pl\/wp-json\/wp\/v2\/product_brand?post=4871"},{"taxonomy":"product_cat","embeddable":true,"href":"https:\/\/medicinasinc.com\/pl\/wp-json\/wp\/v2\/product_cat?post=4871"},{"taxonomy":"product_tag","embeddable":true,"href":"https:\/\/medicinasinc.com\/pl\/wp-json\/wp\/v2\/product_tag?post=4871"}],"curies":[{"name":"wp","href":"https:\/\/api.w.org\/{rel}","templated":true}]}}