{"id":4861,"date":"2022-02-20T17:01:48","date_gmt":"2022-02-20T17:01:48","guid":{"rendered":"https:\/\/medicinasinc.com\/pl\/?post_type=product&#038;p=4861"},"modified":"2022-03-22T01:11:04","modified_gmt":"2022-03-22T01:11:04","slug":"kup-lsd-100mcg-blotters","status":"publish","type":"product","link":"https:\/\/medicinasinc.com\/pl\/product\/kup-lsd-100mcg-blotters\/","title":{"rendered":"Kup BLOTERY LSD 100mcg"},"content":{"rendered":"<p>LSD 100mcg BLOTTER mo\u017cna kupi\u0107 online.<\/p>\n<p>LSD 100mcg BLOTTER mo\u017cna kupi\u0107 online. Sprzedajemy r\u00f3wnie\u017c tabletki LSD. Aby uzyska\u0107 dodatkowe informacje na temat LSD, odwied\u017a t\u0119 stron\u0119.<\/p>\n<p>Zakup online papieru solnego\/blotter LSD (dietyloamidu kwasu lizergowego)<\/p>\n<p>&nbsp;<\/p>\n<p>LSD (Lysergic Acid Diethylamide), w skr\u00f3cie LSD lub LSD-25, jest p\u00f3\u0142syntetycznym lekiem psychodelicznym z rodziny ergoliny, kt\u00f3ry jest dobrze znany ze swoich psychologicznych efekt\u00f3w.<br \/> Mo\u017cesz kupi\u0107 niedrogi bibu\u0142k\u0119 LSD (Lysergic Acid Diethylamide) online (w niskiej cenie )<br \/> Chemikalia i Proszki do bada\u0144<br \/> Marka niezastrze\u017cona<br \/> Kwas, sole do k\u0105pieli, blotter, bibu\u0142a, chemikalia, hity, LSD, LSD-25, kwas lizerginowy, dietyloamid kwasu lizerginowego, papier, chemikalia badawcze i bibu\u0142y, kwas lizerginowy, dietyloamid kwasu lizerginowego, s\u00f3l, arkusz<\/p>\n","protected":false},"excerpt":{"rendered":"<div class=\"woocommerce-product-details__short-description\">\n<p> BLOTERY LSD 100mcg mo\u017cna kupi\u0107 online. Kup proszek LSD 100mcg BLOTTERS po obni\u017conej cenie | Gdzie kupi\u0107 proszek LSD 100mcg BLOTTERS online. Zakup online BLOTTER\u00d3W dietyloamidu kwasu lizergowego &#8211; Sprzedam BLOTERY LSD<\/p>\n<p>Sprzedawcy internetowi sprzedaj\u0105 bibu\u0142\u0119 z sol\u0105 lub bibu\u0142\u0105 LSD (dietyloamid kwasu lizergowego).<br \/> Cena produktu jest nast\u0119puj\u0105ca: za arkusz (bibu\u0142a)<\/p>\n<\/p><\/div>\n","protected":false},"featured_media":4876,"comment_status":"open","ping_status":"closed","template":"","meta":[],"product_brand":[],"product_cat":[703],"product_tag":[745,746,747,762,763,748,771,772,753,754,768,775,756,755,769,759,751,752,750,758,760,761,766,767,770,757,773,774,764,749,776,765],"class_list":{"0":"post-4861","1":"product","2":"type-product","3":"status-publish","4":"has-post-thumbnail","6":"product_cat-kup-psychedeliki-leki","7":"product_tag-1p-lsd-kup-usa","8":"product_tag-1p-lsd-blotter-100-mcg","9":"product_tag-are-lsd","10":"product_tag-lsd-blotter-arkusz","11":"product_tag-lsd-blotter-sheets","12":"product_tag-art-arkusze-jadalne","13":"product_tag-kwas-lizergowy-dietyloamid-blotterazzi","14":"product_tag-blottery-kwasu-lizergowego-dietyloamidu","15":"product_tag-buy-lsd-blotters-legal-highs-online","16":"product_tag-buy-lysergic-acid-diethylamide-blotter-list","17":"product_tag-lsd-blotters-dawka","18":"product_tag-gdzie-mog-kupi-bibuk","19":"product_tag-how-do-you-use-a-lsd-blotter-tab","20":"product_tag-jak-moesz-powiedzie-jeli-twj-lsd-blotter-jest-prawdziwy-lub-jednym-z-rodziny-2c","21":"product_tag-lsd-tabs-kup","22":"product_tag-lsd-blotter-koszt","23":"product_tag-kup-1-p-lsd","24":"product_tag-kup-lsd-blotter-sheets","25":"product_tag-kwas-blotter-na-sprzeda","26":"product_tag-lsd-blotter-art-na-sprzeda","27":"product_tag-lsd-blotter-hofmann","28":"product_tag-lsd-blotter-paper-acid","29":"product_tag-lsd-blotter-storage","30":"product_tag-lsd-blotter-tab-size","31":"product_tag-lsd-do-kupi","32":"product_tag-lsd-andra-sa-c2-b6kte-a-c2-a4ven-efter","33":"product_tag-lysergic-acid-diethylamide-for-sale","34":"product_tag-ulice-kwasu-lizergowego-dietyloamidu-nazwy","35":"product_tag-lsd-blotter-sklep","36":"product_tag-suszka","37":"product_tag-why-do-lsd-blotter-tabs-have-designs-on-them","38":"product_tag-lsd-blotter-site","40":"first","41":"instock","42":"shipping-taxable","43":"purchasable","44":"product-type-variable","45":"has-default-attributes"},"yoast_head":"<!-- This site is optimized with the Yoast SEO plugin v27.3 - https:\/\/yoast.com\/product\/yoast-seo-wordpress\/ -->\n<title>Kup LSD 100mcg BLOTTERY - Najlepsze najlepsze globalne leki<\/title>\n<meta name=\"description\" content=\"Kup Blottery LSD 100mcg w Europie Wielka Brytania na sprzeda\u017c 1-Propionyl-LSD (aka 1P-LSD Blotters) w doskona\u0142ej cenie. Kliknij na stron\u0119, aby zam\u00f3wi\u0107 ju\u017c dzi\u015b!\" \/>\n<meta name=\"robots\" content=\"index, follow, max-snippet:-1, max-image-preview:large, max-video-preview:-1\" \/>\n<link rel=\"canonical\" href=\"https:\/\/medicinasinc.com\/pl\/product\/kup-lsd-100mcg-blotters\/\" \/>\n<meta property=\"og:locale\" content=\"en_US\" \/>\n<meta property=\"og:type\" content=\"article\" \/>\n<meta property=\"og:title\" content=\"Kup LSD 100mcg BLOTTERY - Najlepsze najlepsze globalne leki\" \/>\n<meta property=\"og:description\" content=\"Kup Blottery LSD 100mcg w Europie Wielka Brytania na sprzeda\u017c 1-Propionyl-LSD (aka 1P-LSD Blotters) w doskona\u0142ej cenie. Kliknij na stron\u0119, aby zam\u00f3wi\u0107 ju\u017c dzi\u015b!\" \/>\n<meta property=\"og:url\" content=\"https:\/\/medicinasinc.com\/pl\/product\/kup-lsd-100mcg-blotters\/\" \/>\n<meta property=\"og:site_name\" content=\"Medicinas Inc\" \/>\n<meta property=\"article:modified_time\" content=\"2022-03-22T01:11:04+00:00\" \/>\n<meta property=\"og:image\" content=\"https:\/\/medicinasinc.com\/pl\/wp-content\/uploads\/sites\/13\/2022\/02\/Buy-LSD-100mcg-blotters-1.jpg\" \/>\n\t<meta property=\"og:image:width\" content=\"960\" \/>\n\t<meta property=\"og:image:height\" content=\"720\" \/>\n\t<meta property=\"og:image:type\" content=\"image\/jpeg\" \/>\n<meta name=\"twitter:card\" content=\"summary_large_image\" \/>\n<meta name=\"twitter:label1\" content=\"Est. reading time\" \/>\n\t<meta name=\"twitter:data1\" content=\"1 minute\" \/>\n<script type=\"application\/ld+json\" class=\"yoast-schema-graph\">{\"@context\":\"https:\\\/\\\/schema.org\",\"@graph\":[{\"@type\":\"WebPage\",\"@id\":\"https:\\\/\\\/medicinasinc.com\\\/pl\\\/product\\\/kup-lsd-100mcg-blotters\\\/\",\"url\":\"https:\\\/\\\/medicinasinc.com\\\/pl\\\/product\\\/kup-lsd-100mcg-blotters\\\/\",\"name\":\"Kup LSD 100mcg BLOTTERY - Najlepsze najlepsze globalne leki\",\"isPartOf\":{\"@id\":\"https:\\\/\\\/medicinasinc.com\\\/pl\\\/#website\"},\"primaryImageOfPage\":{\"@id\":\"https:\\\/\\\/medicinasinc.com\\\/pl\\\/product\\\/kup-lsd-100mcg-blotters\\\/#primaryimage\"},\"image\":{\"@id\":\"https:\\\/\\\/medicinasinc.com\\\/pl\\\/product\\\/kup-lsd-100mcg-blotters\\\/#primaryimage\"},\"thumbnailUrl\":\"https:\\\/\\\/medicinasinc.com\\\/pl\\\/wp-content\\\/uploads\\\/sites\\\/13\\\/2022\\\/02\\\/Buy-LSD-100mcg-blotters-1.jpg\",\"datePublished\":\"2022-02-20T17:01:48+00:00\",\"dateModified\":\"2022-03-22T01:11:04+00:00\",\"description\":\"Kup Blottery LSD 100mcg w Europie Wielka Brytania na sprzeda\u017c 1-Propionyl-LSD (aka 1P-LSD Blotters) w doskona\u0142ej cenie. Kliknij na stron\u0119, aby zam\u00f3wi\u0107 ju\u017c dzi\u015b!\",\"breadcrumb\":{\"@id\":\"https:\\\/\\\/medicinasinc.com\\\/pl\\\/product\\\/kup-lsd-100mcg-blotters\\\/#breadcrumb\"},\"inLanguage\":\"en-US\",\"potentialAction\":[{\"@type\":\"ReadAction\",\"target\":[\"https:\\\/\\\/medicinasinc.com\\\/pl\\\/product\\\/kup-lsd-100mcg-blotters\\\/\"]}]},{\"@type\":\"ImageObject\",\"inLanguage\":\"en-US\",\"@id\":\"https:\\\/\\\/medicinasinc.com\\\/pl\\\/product\\\/kup-lsd-100mcg-blotters\\\/#primaryimage\",\"url\":\"https:\\\/\\\/medicinasinc.com\\\/pl\\\/wp-content\\\/uploads\\\/sites\\\/13\\\/2022\\\/02\\\/Buy-LSD-100mcg-blotters-1.jpg\",\"contentUrl\":\"https:\\\/\\\/medicinasinc.com\\\/pl\\\/wp-content\\\/uploads\\\/sites\\\/13\\\/2022\\\/02\\\/Buy-LSD-100mcg-blotters-1.jpg\",\"width\":960,\"height\":720},{\"@type\":\"BreadcrumbList\",\"@id\":\"https:\\\/\\\/medicinasinc.com\\\/pl\\\/product\\\/kup-lsd-100mcg-blotters\\\/#breadcrumb\",\"itemListElement\":[{\"@type\":\"ListItem\",\"position\":1,\"name\":\"Sklep\",\"item\":\"https:\\\/\\\/medicinasinc.com\\\/pl\\\/sklep\\\/\"},{\"@type\":\"ListItem\",\"position\":2,\"name\":\"Kup BLOTERY LSD 100mcg\"}]},{\"@type\":\"WebSite\",\"@id\":\"https:\\\/\\\/medicinasinc.com\\\/pl\\\/#website\",\"url\":\"https:\\\/\\\/medicinasinc.com\\\/pl\\\/\",\"name\":\"Medicinas Inc\",\"description\":\"Health Medical Clinic\",\"potentialAction\":[{\"@type\":\"SearchAction\",\"target\":{\"@type\":\"EntryPoint\",\"urlTemplate\":\"https:\\\/\\\/medicinasinc.com\\\/pl\\\/?s={search_term_string}\"},\"query-input\":{\"@type\":\"PropertyValueSpecification\",\"valueRequired\":true,\"valueName\":\"search_term_string\"}}],\"inLanguage\":\"en-US\"}]}<\/script>\n<!-- \/ Yoast SEO plugin. -->","yoast_head_json":{"title":"Kup LSD 100mcg BLOTTERY - Najlepsze najlepsze globalne leki","description":"Kup Blottery LSD 100mcg w Europie Wielka Brytania na sprzeda\u017c 1-Propionyl-LSD (aka 1P-LSD Blotters) w doskona\u0142ej cenie. Kliknij na stron\u0119, aby zam\u00f3wi\u0107 ju\u017c dzi\u015b!","robots":{"index":"index","follow":"follow","max-snippet":"max-snippet:-1","max-image-preview":"max-image-preview:large","max-video-preview":"max-video-preview:-1"},"canonical":"https:\/\/medicinasinc.com\/pl\/product\/kup-lsd-100mcg-blotters\/","og_locale":"en_US","og_type":"article","og_title":"Kup LSD 100mcg BLOTTERY - Najlepsze najlepsze globalne leki","og_description":"Kup Blottery LSD 100mcg w Europie Wielka Brytania na sprzeda\u017c 1-Propionyl-LSD (aka 1P-LSD Blotters) w doskona\u0142ej cenie. Kliknij na stron\u0119, aby zam\u00f3wi\u0107 ju\u017c dzi\u015b!","og_url":"https:\/\/medicinasinc.com\/pl\/product\/kup-lsd-100mcg-blotters\/","og_site_name":"Medicinas Inc","article_modified_time":"2022-03-22T01:11:04+00:00","og_image":[{"width":960,"height":720,"url":"https:\/\/medicinasinc.com\/pl\/wp-content\/uploads\/sites\/13\/2022\/02\/Buy-LSD-100mcg-blotters-1.jpg","type":"image\/jpeg"}],"twitter_card":"summary_large_image","twitter_misc":{"Est. reading time":"1 minute"},"schema":{"@context":"https:\/\/schema.org","@graph":[{"@type":"WebPage","@id":"https:\/\/medicinasinc.com\/pl\/product\/kup-lsd-100mcg-blotters\/","url":"https:\/\/medicinasinc.com\/pl\/product\/kup-lsd-100mcg-blotters\/","name":"Kup LSD 100mcg BLOTTERY - Najlepsze najlepsze globalne leki","isPartOf":{"@id":"https:\/\/medicinasinc.com\/pl\/#website"},"primaryImageOfPage":{"@id":"https:\/\/medicinasinc.com\/pl\/product\/kup-lsd-100mcg-blotters\/#primaryimage"},"image":{"@id":"https:\/\/medicinasinc.com\/pl\/product\/kup-lsd-100mcg-blotters\/#primaryimage"},"thumbnailUrl":"https:\/\/medicinasinc.com\/pl\/wp-content\/uploads\/sites\/13\/2022\/02\/Buy-LSD-100mcg-blotters-1.jpg","datePublished":"2022-02-20T17:01:48+00:00","dateModified":"2022-03-22T01:11:04+00:00","description":"Kup Blottery LSD 100mcg w Europie Wielka Brytania na sprzeda\u017c 1-Propionyl-LSD (aka 1P-LSD Blotters) w doskona\u0142ej cenie. Kliknij na stron\u0119, aby zam\u00f3wi\u0107 ju\u017c dzi\u015b!","breadcrumb":{"@id":"https:\/\/medicinasinc.com\/pl\/product\/kup-lsd-100mcg-blotters\/#breadcrumb"},"inLanguage":"en-US","potentialAction":[{"@type":"ReadAction","target":["https:\/\/medicinasinc.com\/pl\/product\/kup-lsd-100mcg-blotters\/"]}]},{"@type":"ImageObject","inLanguage":"en-US","@id":"https:\/\/medicinasinc.com\/pl\/product\/kup-lsd-100mcg-blotters\/#primaryimage","url":"https:\/\/medicinasinc.com\/pl\/wp-content\/uploads\/sites\/13\/2022\/02\/Buy-LSD-100mcg-blotters-1.jpg","contentUrl":"https:\/\/medicinasinc.com\/pl\/wp-content\/uploads\/sites\/13\/2022\/02\/Buy-LSD-100mcg-blotters-1.jpg","width":960,"height":720},{"@type":"BreadcrumbList","@id":"https:\/\/medicinasinc.com\/pl\/product\/kup-lsd-100mcg-blotters\/#breadcrumb","itemListElement":[{"@type":"ListItem","position":1,"name":"Sklep","item":"https:\/\/medicinasinc.com\/pl\/sklep\/"},{"@type":"ListItem","position":2,"name":"Kup BLOTERY LSD 100mcg"}]},{"@type":"WebSite","@id":"https:\/\/medicinasinc.com\/pl\/#website","url":"https:\/\/medicinasinc.com\/pl\/","name":"Medicinas Inc","description":"Health Medical Clinic","potentialAction":[{"@type":"SearchAction","target":{"@type":"EntryPoint","urlTemplate":"https:\/\/medicinasinc.com\/pl\/?s={search_term_string}"},"query-input":{"@type":"PropertyValueSpecification","valueRequired":true,"valueName":"search_term_string"}}],"inLanguage":"en-US"}]}},"_links":{"self":[{"href":"https:\/\/medicinasinc.com\/pl\/wp-json\/wp\/v2\/product\/4861","targetHints":{"allow":["GET"]}}],"collection":[{"href":"https:\/\/medicinasinc.com\/pl\/wp-json\/wp\/v2\/product"}],"about":[{"href":"https:\/\/medicinasinc.com\/pl\/wp-json\/wp\/v2\/types\/product"}],"replies":[{"embeddable":true,"href":"https:\/\/medicinasinc.com\/pl\/wp-json\/wp\/v2\/comments?post=4861"}],"wp:featuredmedia":[{"embeddable":true,"href":"https:\/\/medicinasinc.com\/pl\/wp-json\/wp\/v2\/media\/4876"}],"wp:attachment":[{"href":"https:\/\/medicinasinc.com\/pl\/wp-json\/wp\/v2\/media?parent=4861"}],"wp:term":[{"taxonomy":"product_brand","embeddable":true,"href":"https:\/\/medicinasinc.com\/pl\/wp-json\/wp\/v2\/product_brand?post=4861"},{"taxonomy":"product_cat","embeddable":true,"href":"https:\/\/medicinasinc.com\/pl\/wp-json\/wp\/v2\/product_cat?post=4861"},{"taxonomy":"product_tag","embeddable":true,"href":"https:\/\/medicinasinc.com\/pl\/wp-json\/wp\/v2\/product_tag?post=4861"}],"curies":[{"name":"wp","href":"https:\/\/api.w.org\/{rel}","templated":true}]}}