{"id":4859,"date":"2022-02-20T17:00:55","date_gmt":"2022-02-20T17:00:55","guid":{"rendered":"https:\/\/medicinasinc.com\/pl\/?post_type=product&#038;p=4859"},"modified":"2022-03-22T01:11:14","modified_gmt":"2022-03-22T01:11:14","slug":"kup-jakosci-al-lad-blotters","status":"publish","type":"product","link":"https:\/\/medicinasinc.com\/pl\/product\/kup-jakosci-al-lad-blotters\/","title":{"rendered":"Kup wysokiej jako\u015bci blottery AL-LAD"},"content":{"rendered":"<p>Kup tanie blottery AL-LAD online. 150 mcg AL-LAD blotters.<\/p>\n<p>Czym dok\u0142adnie jest AL-LAD?<\/p>\n<p>6-allilo-6-nor-<\/p>\n<p>AL-LAD, cz\u0119\u015bciej nazywany jako LSD, jest lekiem psychodelicznym o w\u0142a\u015bciwo\u015bciach podobnych do LSD (dietyloamid kwasu lizergowego). Po raz pierwszy zosta\u0142 zsyntetyzowany w 1976 roku i od tego czasu sta\u0142 si\u0119 popularnym narkotykiem na rynku \u201ebadanych substancji chemicznych\u201d i \u201enowych substancji psychoaktywnych\u201d. AL-LAD wywo\u0142uje psychoaktywn\u0105 \u201epodr\u00f3\u017c\u201d bardzo podobn\u0105 do LSD.<\/p>\n<p>AL-LAD zosta\u0142 po raz pierwszy u\u017cyty rekreacyjnie w Irlandii i Wielkiej Brytanii. Zosta\u0142a ona opisana w ksi\u0105\u017cce Alexandra Shulgina z 1997 roku TIHKAL (Tryptaminy, kt\u00f3re zna\u0142em i kocha\u0142em). W rezultacie popularno\u015b\u0107 leku rozprzestrzeni\u0142a si\u0119 na ca\u0142ym \u015bwiecie. Teraz ludzie na ca\u0142ym \u015bwiecie, w tym w Stanach Zjednoczonych, eksperymentuj\u0105 z narkotykiem.<\/p>\n<p>Status prawny AL-LAD jest nieco niejednoznaczny. Nie jest klasyfikowana jako substancja kontrolowana zgodnie z prawem federalnym w Stanach Zjednoczonych. Jest to jednak odpowiednik LSD, co oznacza, \u017ce \u200b\u200bsprzeda\u017c lub posiadanie z zamiarem dystrybucji mo\u017ce skutkowa\u0107 \u015bciganiem na mocy federalnej ustawy analogowej.<\/p>\n<p>Podr\u00f3\u017ce AL-LAD w wi\u0119kszo\u015bci przypadk\u00f3w przypominaj\u0105 podr\u00f3\u017ce po LSD. Lek przyjmuje si\u0119 doustnie, cz\u0119sto z bibu\u0142y. W rezultacie efekty zaczynaj\u0105 pojawia\u0107 si\u0119 dwadzie\u015bcia minut do godziny po spo\u017cyciu. U\u017cytkownicy napotkaj\u0105 nast\u0119puj\u0105ce elementy:<\/p>\n<p>Pobudzenie lub zwi\u0119kszenie energii<br \/> Euforia<br \/> Mrowienie lub dr\u0119twienie ko\u0144czyn<br \/> Uczulenie<br \/> Dezorientacja wzrokowa<br \/> Halucynacje<\/p>\n<p>W\u015br\u00f3d mo\u017cliwych negatywnych skutk\u00f3w stosowania AL-LAD s\u0105 nast\u0119puj\u0105ce:<br \/> Trudno\u015bci z koncentracj\u0105 lub my\u015bleniem<br \/> Przyspieszone t\u0119tno<br \/> Wahania temperatury w ciele<br \/> Nudno\u015bci<br \/> Urojenia<br \/>P\u0119tle negatywnych my\u015bli<br \/>Zw\u0119\u017cenie naczy\u0144 (zw\u0119\u017cenie naczy\u0144 krwiono\u015bnych)<br \/>Napady padaczkowe<\/p>\n<p>LSD jest jedn\u0105 z najszerzej przebadanych substancji psychodelicznych. Pomimo okre\u015blenia \u201elek badawczy\u201d, na AL-LAD przeprowadzono bardzo niewiele rzeczywistych bada\u0144 naukowych. Oznacza to, \u017ce lista natychmiastowych konsekwencji mo\u017ce nie by\u0107 wyczerpuj\u0105ca. Dodatkowo, niewiele jest bada\u0144 nad d\u0142ugoterminowymi skutkami narkotyku lub nie ma ich wcale.<\/p>\n<p>D\u0142ugotrwa\u0142e nadu\u017cywanie halucynogen\u00f3w mo\u017ce mie\u0107 r\u00f3\u017cne negatywne konsekwencje. HPPD to stan, w kt\u00f3rym osoba do\u015bwiadcza spontanicznych nawrot\u00f3w zniekszta\u0142ce\u0144 wzrokowych lub halucynacji. To przewlek\u0142e zaburzenie zaobserwowano u os\u00f3b, kt\u00f3re stosowa\u0142y r\u00f3\u017cne substancje halucynogenne, w tym LSD, grzyby i DMT.<\/p>\n","protected":false},"excerpt":{"rendered":"<p>Kup AL-LAD blotters Tanie na sprzeda\u017c w Wielkiej Brytanii, Europie Online. 6-allilo-6-nor-LSD to psychodeliczny lizergamid, znany r\u00f3wnie\u017c jako AL LAD (dietyloamid kwasu lizergowego). 150mcg AL-LAD blotters.<\/p>\n<p>Minimalne zam\u00f3wienie to 15 blotter\u00f3w.<\/p>\n","protected":false},"featured_media":4874,"comment_status":"open","ping_status":"closed","template":"","meta":[],"product_brand":[],"product_cat":[703],"product_tag":[],"class_list":{"0":"post-4859","1":"product","2":"type-product","3":"status-publish","4":"has-post-thumbnail","6":"product_cat-kup-psychedeliki-leki","8":"first","9":"instock","10":"shipping-taxable","11":"purchasable","12":"product-type-variable","13":"has-default-attributes"},"yoast_head":"<!-- This site is optimized with the Yoast SEO plugin v27.3 - https:\/\/yoast.com\/product\/yoast-seo-wordpress\/ -->\n<title>Kup wysokiej jako\u015bci blottery AL-LAD - najlepsze najlepsze globalne leki<\/title>\n<meta name=\"description\" content=\"Kup blottery AL-LAD Tanio na sprzeda\u017c w Wielkiej Brytanii, Europie Online. 6-allilo-6-nor-LSD to psychodeliczny lizergamid, znany r\u00f3wnie\u017c jako AL LAD (dietyloamid kwasu lizergowego). 150mcg blotter\u00f3w AL-LAD.\" \/>\n<meta name=\"robots\" content=\"index, follow, max-snippet:-1, max-image-preview:large, max-video-preview:-1\" \/>\n<link rel=\"canonical\" href=\"https:\/\/medicinasinc.com\/pl\/product\/kup-jakosci-al-lad-blotters\/\" \/>\n<meta property=\"og:locale\" content=\"en_US\" \/>\n<meta property=\"og:type\" content=\"article\" \/>\n<meta property=\"og:title\" content=\"Kup wysokiej jako\u015bci blottery AL-LAD - najlepsze najlepsze globalne leki\" \/>\n<meta property=\"og:description\" content=\"Kup blottery AL-LAD Tanio na sprzeda\u017c w Wielkiej Brytanii, Europie Online. 6-allilo-6-nor-LSD to psychodeliczny lizergamid, znany r\u00f3wnie\u017c jako AL LAD (dietyloamid kwasu lizergowego). 150mcg blotter\u00f3w AL-LAD.\" \/>\n<meta property=\"og:url\" content=\"https:\/\/medicinasinc.com\/pl\/product\/kup-jakosci-al-lad-blotters\/\" \/>\n<meta property=\"og:site_name\" content=\"Medicinas Inc\" \/>\n<meta property=\"article:modified_time\" content=\"2022-03-22T01:11:14+00:00\" \/>\n<meta property=\"og:image\" content=\"https:\/\/medicinasinc.com\/pl\/wp-content\/uploads\/sites\/13\/2022\/02\/Buy-Quality-AL-LAD-blotters.jpg\" \/>\n\t<meta property=\"og:image:width\" content=\"225\" \/>\n\t<meta property=\"og:image:height\" content=\"225\" \/>\n\t<meta property=\"og:image:type\" content=\"image\/jpeg\" \/>\n<meta name=\"twitter:card\" content=\"summary_large_image\" \/>\n<meta name=\"twitter:label1\" content=\"Est. reading time\" \/>\n\t<meta name=\"twitter:data1\" content=\"2 minutes\" \/>\n<script type=\"application\/ld+json\" class=\"yoast-schema-graph\">{\"@context\":\"https:\\\/\\\/schema.org\",\"@graph\":[{\"@type\":\"WebPage\",\"@id\":\"https:\\\/\\\/medicinasinc.com\\\/pl\\\/product\\\/kup-jakosci-al-lad-blotters\\\/\",\"url\":\"https:\\\/\\\/medicinasinc.com\\\/pl\\\/product\\\/kup-jakosci-al-lad-blotters\\\/\",\"name\":\"Kup wysokiej jako\u015bci blottery AL-LAD - najlepsze najlepsze globalne leki\",\"isPartOf\":{\"@id\":\"https:\\\/\\\/medicinasinc.com\\\/pl\\\/#website\"},\"primaryImageOfPage\":{\"@id\":\"https:\\\/\\\/medicinasinc.com\\\/pl\\\/product\\\/kup-jakosci-al-lad-blotters\\\/#primaryimage\"},\"image\":{\"@id\":\"https:\\\/\\\/medicinasinc.com\\\/pl\\\/product\\\/kup-jakosci-al-lad-blotters\\\/#primaryimage\"},\"thumbnailUrl\":\"https:\\\/\\\/medicinasinc.com\\\/pl\\\/wp-content\\\/uploads\\\/sites\\\/13\\\/2022\\\/02\\\/Buy-Quality-AL-LAD-blotters.jpg\",\"datePublished\":\"2022-02-20T17:00:55+00:00\",\"dateModified\":\"2022-03-22T01:11:14+00:00\",\"description\":\"Kup blottery AL-LAD Tanio na sprzeda\u017c w Wielkiej Brytanii, Europie Online. 6-allilo-6-nor-LSD to psychodeliczny lizergamid, znany r\u00f3wnie\u017c jako AL LAD (dietyloamid kwasu lizergowego). 150mcg blotter\u00f3w AL-LAD.\",\"breadcrumb\":{\"@id\":\"https:\\\/\\\/medicinasinc.com\\\/pl\\\/product\\\/kup-jakosci-al-lad-blotters\\\/#breadcrumb\"},\"inLanguage\":\"en-US\",\"potentialAction\":[{\"@type\":\"ReadAction\",\"target\":[\"https:\\\/\\\/medicinasinc.com\\\/pl\\\/product\\\/kup-jakosci-al-lad-blotters\\\/\"]}]},{\"@type\":\"ImageObject\",\"inLanguage\":\"en-US\",\"@id\":\"https:\\\/\\\/medicinasinc.com\\\/pl\\\/product\\\/kup-jakosci-al-lad-blotters\\\/#primaryimage\",\"url\":\"https:\\\/\\\/medicinasinc.com\\\/pl\\\/wp-content\\\/uploads\\\/sites\\\/13\\\/2022\\\/02\\\/Buy-Quality-AL-LAD-blotters.jpg\",\"contentUrl\":\"https:\\\/\\\/medicinasinc.com\\\/pl\\\/wp-content\\\/uploads\\\/sites\\\/13\\\/2022\\\/02\\\/Buy-Quality-AL-LAD-blotters.jpg\",\"width\":225,\"height\":225},{\"@type\":\"BreadcrumbList\",\"@id\":\"https:\\\/\\\/medicinasinc.com\\\/pl\\\/product\\\/kup-jakosci-al-lad-blotters\\\/#breadcrumb\",\"itemListElement\":[{\"@type\":\"ListItem\",\"position\":1,\"name\":\"Sklep\",\"item\":\"https:\\\/\\\/medicinasinc.com\\\/pl\\\/sklep\\\/\"},{\"@type\":\"ListItem\",\"position\":2,\"name\":\"Kup wysokiej jako\u015bci blottery AL-LAD\"}]},{\"@type\":\"WebSite\",\"@id\":\"https:\\\/\\\/medicinasinc.com\\\/pl\\\/#website\",\"url\":\"https:\\\/\\\/medicinasinc.com\\\/pl\\\/\",\"name\":\"Medicinas Inc\",\"description\":\"Health Medical Clinic\",\"potentialAction\":[{\"@type\":\"SearchAction\",\"target\":{\"@type\":\"EntryPoint\",\"urlTemplate\":\"https:\\\/\\\/medicinasinc.com\\\/pl\\\/?s={search_term_string}\"},\"query-input\":{\"@type\":\"PropertyValueSpecification\",\"valueRequired\":true,\"valueName\":\"search_term_string\"}}],\"inLanguage\":\"en-US\"}]}<\/script>\n<!-- \/ Yoast SEO plugin. -->","yoast_head_json":{"title":"Kup wysokiej jako\u015bci blottery AL-LAD - najlepsze najlepsze globalne leki","description":"Kup blottery AL-LAD Tanio na sprzeda\u017c w Wielkiej Brytanii, Europie Online. 6-allilo-6-nor-LSD to psychodeliczny lizergamid, znany r\u00f3wnie\u017c jako AL LAD (dietyloamid kwasu lizergowego). 150mcg blotter\u00f3w AL-LAD.","robots":{"index":"index","follow":"follow","max-snippet":"max-snippet:-1","max-image-preview":"max-image-preview:large","max-video-preview":"max-video-preview:-1"},"canonical":"https:\/\/medicinasinc.com\/pl\/product\/kup-jakosci-al-lad-blotters\/","og_locale":"en_US","og_type":"article","og_title":"Kup wysokiej jako\u015bci blottery AL-LAD - najlepsze najlepsze globalne leki","og_description":"Kup blottery AL-LAD Tanio na sprzeda\u017c w Wielkiej Brytanii, Europie Online. 6-allilo-6-nor-LSD to psychodeliczny lizergamid, znany r\u00f3wnie\u017c jako AL LAD (dietyloamid kwasu lizergowego). 150mcg blotter\u00f3w AL-LAD.","og_url":"https:\/\/medicinasinc.com\/pl\/product\/kup-jakosci-al-lad-blotters\/","og_site_name":"Medicinas Inc","article_modified_time":"2022-03-22T01:11:14+00:00","og_image":[{"width":225,"height":225,"url":"https:\/\/medicinasinc.com\/pl\/wp-content\/uploads\/sites\/13\/2022\/02\/Buy-Quality-AL-LAD-blotters.jpg","type":"image\/jpeg"}],"twitter_card":"summary_large_image","twitter_misc":{"Est. reading time":"2 minutes"},"schema":{"@context":"https:\/\/schema.org","@graph":[{"@type":"WebPage","@id":"https:\/\/medicinasinc.com\/pl\/product\/kup-jakosci-al-lad-blotters\/","url":"https:\/\/medicinasinc.com\/pl\/product\/kup-jakosci-al-lad-blotters\/","name":"Kup wysokiej jako\u015bci blottery AL-LAD - najlepsze najlepsze globalne leki","isPartOf":{"@id":"https:\/\/medicinasinc.com\/pl\/#website"},"primaryImageOfPage":{"@id":"https:\/\/medicinasinc.com\/pl\/product\/kup-jakosci-al-lad-blotters\/#primaryimage"},"image":{"@id":"https:\/\/medicinasinc.com\/pl\/product\/kup-jakosci-al-lad-blotters\/#primaryimage"},"thumbnailUrl":"https:\/\/medicinasinc.com\/pl\/wp-content\/uploads\/sites\/13\/2022\/02\/Buy-Quality-AL-LAD-blotters.jpg","datePublished":"2022-02-20T17:00:55+00:00","dateModified":"2022-03-22T01:11:14+00:00","description":"Kup blottery AL-LAD Tanio na sprzeda\u017c w Wielkiej Brytanii, Europie Online. 6-allilo-6-nor-LSD to psychodeliczny lizergamid, znany r\u00f3wnie\u017c jako AL LAD (dietyloamid kwasu lizergowego). 150mcg blotter\u00f3w AL-LAD.","breadcrumb":{"@id":"https:\/\/medicinasinc.com\/pl\/product\/kup-jakosci-al-lad-blotters\/#breadcrumb"},"inLanguage":"en-US","potentialAction":[{"@type":"ReadAction","target":["https:\/\/medicinasinc.com\/pl\/product\/kup-jakosci-al-lad-blotters\/"]}]},{"@type":"ImageObject","inLanguage":"en-US","@id":"https:\/\/medicinasinc.com\/pl\/product\/kup-jakosci-al-lad-blotters\/#primaryimage","url":"https:\/\/medicinasinc.com\/pl\/wp-content\/uploads\/sites\/13\/2022\/02\/Buy-Quality-AL-LAD-blotters.jpg","contentUrl":"https:\/\/medicinasinc.com\/pl\/wp-content\/uploads\/sites\/13\/2022\/02\/Buy-Quality-AL-LAD-blotters.jpg","width":225,"height":225},{"@type":"BreadcrumbList","@id":"https:\/\/medicinasinc.com\/pl\/product\/kup-jakosci-al-lad-blotters\/#breadcrumb","itemListElement":[{"@type":"ListItem","position":1,"name":"Sklep","item":"https:\/\/medicinasinc.com\/pl\/sklep\/"},{"@type":"ListItem","position":2,"name":"Kup wysokiej jako\u015bci blottery AL-LAD"}]},{"@type":"WebSite","@id":"https:\/\/medicinasinc.com\/pl\/#website","url":"https:\/\/medicinasinc.com\/pl\/","name":"Medicinas Inc","description":"Health Medical Clinic","potentialAction":[{"@type":"SearchAction","target":{"@type":"EntryPoint","urlTemplate":"https:\/\/medicinasinc.com\/pl\/?s={search_term_string}"},"query-input":{"@type":"PropertyValueSpecification","valueRequired":true,"valueName":"search_term_string"}}],"inLanguage":"en-US"}]}},"_links":{"self":[{"href":"https:\/\/medicinasinc.com\/pl\/wp-json\/wp\/v2\/product\/4859","targetHints":{"allow":["GET"]}}],"collection":[{"href":"https:\/\/medicinasinc.com\/pl\/wp-json\/wp\/v2\/product"}],"about":[{"href":"https:\/\/medicinasinc.com\/pl\/wp-json\/wp\/v2\/types\/product"}],"replies":[{"embeddable":true,"href":"https:\/\/medicinasinc.com\/pl\/wp-json\/wp\/v2\/comments?post=4859"}],"wp:featuredmedia":[{"embeddable":true,"href":"https:\/\/medicinasinc.com\/pl\/wp-json\/wp\/v2\/media\/4874"}],"wp:attachment":[{"href":"https:\/\/medicinasinc.com\/pl\/wp-json\/wp\/v2\/media?parent=4859"}],"wp:term":[{"taxonomy":"product_brand","embeddable":true,"href":"https:\/\/medicinasinc.com\/pl\/wp-json\/wp\/v2\/product_brand?post=4859"},{"taxonomy":"product_cat","embeddable":true,"href":"https:\/\/medicinasinc.com\/pl\/wp-json\/wp\/v2\/product_cat?post=4859"},{"taxonomy":"product_tag","embeddable":true,"href":"https:\/\/medicinasinc.com\/pl\/wp-json\/wp\/v2\/product_tag?post=4859"}],"curies":[{"name":"wp","href":"https:\/\/api.w.org\/{rel}","templated":true}]}}