{"id":4854,"date":"2022-02-20T16:56:44","date_gmt":"2022-02-20T16:56:44","guid":{"rendered":"https:\/\/medicinasinc.com\/pl\/?post_type=product&#038;p=4854"},"modified":"2022-03-22T01:11:25","modified_gmt":"2022-03-22T01:11:25","slug":"kup-lsd-liquid-200ug-drop","status":"publish","type":"product","link":"https:\/\/medicinasinc.com\/pl\/product\/kup-lsd-liquid-200ug-drop\/","title":{"rendered":"Kup p\u0142yn LSD 200ug Drop"},"content":{"rendered":"<p>Kup p\u0142ynnego LSD 200ug &amp; upu\u015b\u0107 online po obni\u017conej cenie.<\/p>\n<p>Co to jest LSD w p\u0142ynie?<\/p>\n<p>LSD, czyli dietyloamid kwasu lizergowego, jest substancj\u0105 halucynogenn\u0105 pochodz\u0105c\u0105 z substancji chemicznej wyst\u0119puj\u0105cej w grzybie \u017cytnim. Jest najbardziej znany ze swojego zastosowania w kontrkulturze lat 60., a p\u00f3\u017aniejszy zakaz przyni\u00f3s\u0142 mu g\u0142\u00f3wnie negatywn\u0105 reputacj\u0119.<\/p>\n<p>Albert Hofmann, szwajcarski naukowiec, zsyntetyzowa\u0142 LSD w 1938 r. w swoim laboratorium w Zurychu. W 1943 roku, kiedy \u015bladowe ilo\u015bci wszed\u0142 w kontakt z jego sk\u00f3r\u0105, niespodziewanie odkry\u0142 jego w\u0142a\u015bciwo\u015bci halucynogenne.<\/p>\n<p>Zakup LSD LSD jest bardzo silnym halucynogenem o ogromnych implikacjach terapeutycznych, duchowych i kulturowych.<\/p>\n<p>Kup p\u0142ynny LSD 200ug &amp; upu\u015b\u0107 online po obni\u017conej cenie \u2013 Farmakologia<\/p>\n<p>Po spo\u017cyciu LSD dzia\u0142a jako aktywator receptora 5-HT (serotoniny), jednocze\u015bnie znacznie zwi\u0119kszaj\u0105c poziom serotoniny w m\u00f3zgu poprzez hamowanie system\u00f3w regulacji serotoniny. Kup p\u0142ynne LSD 200ug &amp; upu\u015b\u0107 online po obni\u017conej cenie. Cena 200 ug LSD w p\u0142ynie LSD LSD preferuje podtyp 2A z 15 receptor\u00f3w serotoninowych znajduj\u0105cych si\u0119 w m\u00f3zgu (5-HT2A). Receptor 5-HT2A bierze udzia\u0142 w procesach poznawczych kory przedczo\u0142owej. Ma to kluczowe znaczenie, poniewa\u017c wiele korzy\u015bci p\u0142yn\u0105cych z LSD wynika z jego zaanga\u017cowania w korze przedczo\u0142owej.<\/p>\n<p>Jak jest syntetyzowane LSD?<\/p>\n<p>Produkcja LSD wymaga silnej wiedzy z zakresu chemii organicznej, a w pe\u0142ni wyposa\u017cone laboratorium (w tym mo\u017cliwo\u015b\u0107 sterylizacji sprz\u0119tu i dost\u0119p do ciemni) oraz kilka chemikali\u00f3w, kt\u00f3re s\u0105 obecnie zabronione w sprzeda\u017cy lub podlegaj\u0105 \u015bcis\u0142emu monitorowaniu przez Agencj\u0119 ds. Walki z Narkotykami (DEA). W przeciwie\u0144stwie do substancji chemicznych u\u017cywanych do wytwarzania metamfetaminy, nie znajduj\u0105 si\u0119 one w powszechnie u\u017cywanych przedmiotach gospodarstwa domowego.<\/p>\n<p>Uwa\u017ca si\u0119, \u017ce kora przedczo\u0142owa jest zaanga\u017cowana w z\u0142o\u017cone planowanie zachowa\u0144 poznawczych, ekspresj\u0119 osobowo\u015bci, podejmowanie decyzji i moderowanie zachowa\u0144 spo\u0142ecznych . Kup p\u0142ynne LSD 200ug &amp; upu\u015b\u0107 online po obni\u017conej cenie. Ponadto jest to kluczowe dla zdolno\u015bci cz\u0142owieka do przetwarzania danych ze wszystkich innych system\u00f3w m\u00f3zgowych i podejmowania w rezultacie decyzji ukierunkowanych na cel.<\/p>\n<p>Dietylamid kwasu lizergowego, cz\u0119\u015bciej okre\u015blany jako LSD, jest substancj\u0105 psychoaktywn\u0105, kt\u00f3ra zmienia percepcj\u0119 i powoduje halucynacje.<\/p>\n","protected":false},"excerpt":{"rendered":"<p>LSD Liquid 200ug kropla do sprzeda\u017cy w Wielkiej Brytanii, Europie w najlepszej cenie rynkowej. Wszystkie nasze produkty s\u0105 wykonane z ca\u0142kowicie naturalnych sk\u0142adnik\u00f3w wolnych od THC. Z\u0142\u00f3\u017c zam\u00f3wienie online ju\u017c teraz!<\/p>\n<p>Kup p\u0142ynny LSD 200ug &amp; upu\u015b\u0107 online po obni\u017conej cenie. Zakup LSD to prosty proces; jest \u0142atwo dost\u0119pny online w Stanach Zjednoczonych Ameryki.<\/p>\n<p>Koszt 200ug &#8211; 350<\/p>\n<p>&nbsp;<\/p>\n<p>&nbsp;<\/p>\n","protected":false},"featured_media":4868,"comment_status":"open","ping_status":"closed","template":"","meta":[],"product_brand":[],"product_cat":[703],"product_tag":[],"class_list":{"0":"post-4854","1":"product","2":"type-product","3":"status-publish","4":"has-post-thumbnail","6":"product_cat-kup-psychedeliki-leki","8":"first","9":"instock","10":"shipping-taxable","11":"purchasable","12":"product-type-simple"},"yoast_head":"<!-- This site is optimized with the Yoast SEO plugin v27.3 - https:\/\/yoast.com\/product\/yoast-seo-wordpress\/ -->\n<title>Kup 200 ug kropli LSD w p\u0142ynie - Best Best Global Meds<\/title>\n<meta name=\"description\" content=\"Kup LSD Liquid 200ug drop w Wielkiej Brytanii, Europie na sprzeda\u017c w najlepszej cenie rynkowej. Wszystkie nasze produkty s\u0105 wykonane z czystych naturalnych sk\u0142adnik\u00f3w wolnych od THC. Zam\u00f3w online ju\u017c teraz!\" \/>\n<meta name=\"robots\" content=\"index, follow, max-snippet:-1, max-image-preview:large, max-video-preview:-1\" \/>\n<link rel=\"canonical\" href=\"https:\/\/medicinasinc.com\/pl\/product\/kup-lsd-liquid-200ug-drop\/\" \/>\n<meta property=\"og:locale\" content=\"en_US\" \/>\n<meta property=\"og:type\" content=\"article\" \/>\n<meta property=\"og:title\" content=\"Kup 200 ug kropli LSD w p\u0142ynie - Best Best Global Meds\" \/>\n<meta property=\"og:description\" content=\"Kup LSD Liquid 200ug drop w Wielkiej Brytanii, Europie na sprzeda\u017c w najlepszej cenie rynkowej. Wszystkie nasze produkty s\u0105 wykonane z czystych naturalnych sk\u0142adnik\u00f3w wolnych od THC. Zam\u00f3w online ju\u017c teraz!\" \/>\n<meta property=\"og:url\" content=\"https:\/\/medicinasinc.com\/pl\/product\/kup-lsd-liquid-200ug-drop\/\" \/>\n<meta property=\"og:site_name\" content=\"Medicinas Inc\" \/>\n<meta property=\"article:modified_time\" content=\"2022-03-22T01:11:25+00:00\" \/>\n<meta property=\"og:image\" content=\"https:\/\/medicinasinc.com\/pl\/wp-content\/uploads\/sites\/13\/2022\/02\/Buy-LSD-liquid-200ug-Drop.jpg\" \/>\n\t<meta property=\"og:image:width\" content=\"363\" \/>\n\t<meta property=\"og:image:height\" content=\"445\" \/>\n\t<meta property=\"og:image:type\" content=\"image\/jpeg\" \/>\n<meta name=\"twitter:card\" content=\"summary_large_image\" \/>\n<meta name=\"twitter:label1\" content=\"Est. reading time\" \/>\n\t<meta name=\"twitter:data1\" content=\"2 minutes\" \/>\n<script type=\"application\/ld+json\" class=\"yoast-schema-graph\">{\"@context\":\"https:\\\/\\\/schema.org\",\"@graph\":[{\"@type\":\"WebPage\",\"@id\":\"https:\\\/\\\/medicinasinc.com\\\/pl\\\/product\\\/kup-lsd-liquid-200ug-drop\\\/\",\"url\":\"https:\\\/\\\/medicinasinc.com\\\/pl\\\/product\\\/kup-lsd-liquid-200ug-drop\\\/\",\"name\":\"Kup 200 ug kropli LSD w p\u0142ynie - Best Best Global Meds\",\"isPartOf\":{\"@id\":\"https:\\\/\\\/medicinasinc.com\\\/pl\\\/#website\"},\"primaryImageOfPage\":{\"@id\":\"https:\\\/\\\/medicinasinc.com\\\/pl\\\/product\\\/kup-lsd-liquid-200ug-drop\\\/#primaryimage\"},\"image\":{\"@id\":\"https:\\\/\\\/medicinasinc.com\\\/pl\\\/product\\\/kup-lsd-liquid-200ug-drop\\\/#primaryimage\"},\"thumbnailUrl\":\"https:\\\/\\\/medicinasinc.com\\\/pl\\\/wp-content\\\/uploads\\\/sites\\\/13\\\/2022\\\/02\\\/Buy-LSD-liquid-200ug-Drop.jpg\",\"datePublished\":\"2022-02-20T16:56:44+00:00\",\"dateModified\":\"2022-03-22T01:11:25+00:00\",\"description\":\"Kup LSD Liquid 200ug drop w Wielkiej Brytanii, Europie na sprzeda\u017c w najlepszej cenie rynkowej. Wszystkie nasze produkty s\u0105 wykonane z czystych naturalnych sk\u0142adnik\u00f3w wolnych od THC. Zam\u00f3w online ju\u017c teraz!\",\"breadcrumb\":{\"@id\":\"https:\\\/\\\/medicinasinc.com\\\/pl\\\/product\\\/kup-lsd-liquid-200ug-drop\\\/#breadcrumb\"},\"inLanguage\":\"en-US\",\"potentialAction\":[{\"@type\":\"ReadAction\",\"target\":[\"https:\\\/\\\/medicinasinc.com\\\/pl\\\/product\\\/kup-lsd-liquid-200ug-drop\\\/\"]}]},{\"@type\":\"ImageObject\",\"inLanguage\":\"en-US\",\"@id\":\"https:\\\/\\\/medicinasinc.com\\\/pl\\\/product\\\/kup-lsd-liquid-200ug-drop\\\/#primaryimage\",\"url\":\"https:\\\/\\\/medicinasinc.com\\\/pl\\\/wp-content\\\/uploads\\\/sites\\\/13\\\/2022\\\/02\\\/Buy-LSD-liquid-200ug-Drop.jpg\",\"contentUrl\":\"https:\\\/\\\/medicinasinc.com\\\/pl\\\/wp-content\\\/uploads\\\/sites\\\/13\\\/2022\\\/02\\\/Buy-LSD-liquid-200ug-Drop.jpg\",\"width\":363,\"height\":445},{\"@type\":\"BreadcrumbList\",\"@id\":\"https:\\\/\\\/medicinasinc.com\\\/pl\\\/product\\\/kup-lsd-liquid-200ug-drop\\\/#breadcrumb\",\"itemListElement\":[{\"@type\":\"ListItem\",\"position\":1,\"name\":\"Sklep\",\"item\":\"https:\\\/\\\/medicinasinc.com\\\/pl\\\/sklep\\\/\"},{\"@type\":\"ListItem\",\"position\":2,\"name\":\"Kup p\u0142yn LSD 200ug Drop\"}]},{\"@type\":\"WebSite\",\"@id\":\"https:\\\/\\\/medicinasinc.com\\\/pl\\\/#website\",\"url\":\"https:\\\/\\\/medicinasinc.com\\\/pl\\\/\",\"name\":\"Medicinas Inc\",\"description\":\"Health Medical Clinic\",\"potentialAction\":[{\"@type\":\"SearchAction\",\"target\":{\"@type\":\"EntryPoint\",\"urlTemplate\":\"https:\\\/\\\/medicinasinc.com\\\/pl\\\/?s={search_term_string}\"},\"query-input\":{\"@type\":\"PropertyValueSpecification\",\"valueRequired\":true,\"valueName\":\"search_term_string\"}}],\"inLanguage\":\"en-US\"}]}<\/script>\n<!-- \/ Yoast SEO plugin. -->","yoast_head_json":{"title":"Kup 200 ug kropli LSD w p\u0142ynie - Best Best Global Meds","description":"Kup LSD Liquid 200ug drop w Wielkiej Brytanii, Europie na sprzeda\u017c w najlepszej cenie rynkowej. Wszystkie nasze produkty s\u0105 wykonane z czystych naturalnych sk\u0142adnik\u00f3w wolnych od THC. Zam\u00f3w online ju\u017c teraz!","robots":{"index":"index","follow":"follow","max-snippet":"max-snippet:-1","max-image-preview":"max-image-preview:large","max-video-preview":"max-video-preview:-1"},"canonical":"https:\/\/medicinasinc.com\/pl\/product\/kup-lsd-liquid-200ug-drop\/","og_locale":"en_US","og_type":"article","og_title":"Kup 200 ug kropli LSD w p\u0142ynie - Best Best Global Meds","og_description":"Kup LSD Liquid 200ug drop w Wielkiej Brytanii, Europie na sprzeda\u017c w najlepszej cenie rynkowej. Wszystkie nasze produkty s\u0105 wykonane z czystych naturalnych sk\u0142adnik\u00f3w wolnych od THC. Zam\u00f3w online ju\u017c teraz!","og_url":"https:\/\/medicinasinc.com\/pl\/product\/kup-lsd-liquid-200ug-drop\/","og_site_name":"Medicinas Inc","article_modified_time":"2022-03-22T01:11:25+00:00","og_image":[{"width":363,"height":445,"url":"https:\/\/medicinasinc.com\/pl\/wp-content\/uploads\/sites\/13\/2022\/02\/Buy-LSD-liquid-200ug-Drop.jpg","type":"image\/jpeg"}],"twitter_card":"summary_large_image","twitter_misc":{"Est. reading time":"2 minutes"},"schema":{"@context":"https:\/\/schema.org","@graph":[{"@type":"WebPage","@id":"https:\/\/medicinasinc.com\/pl\/product\/kup-lsd-liquid-200ug-drop\/","url":"https:\/\/medicinasinc.com\/pl\/product\/kup-lsd-liquid-200ug-drop\/","name":"Kup 200 ug kropli LSD w p\u0142ynie - Best Best Global Meds","isPartOf":{"@id":"https:\/\/medicinasinc.com\/pl\/#website"},"primaryImageOfPage":{"@id":"https:\/\/medicinasinc.com\/pl\/product\/kup-lsd-liquid-200ug-drop\/#primaryimage"},"image":{"@id":"https:\/\/medicinasinc.com\/pl\/product\/kup-lsd-liquid-200ug-drop\/#primaryimage"},"thumbnailUrl":"https:\/\/medicinasinc.com\/pl\/wp-content\/uploads\/sites\/13\/2022\/02\/Buy-LSD-liquid-200ug-Drop.jpg","datePublished":"2022-02-20T16:56:44+00:00","dateModified":"2022-03-22T01:11:25+00:00","description":"Kup LSD Liquid 200ug drop w Wielkiej Brytanii, Europie na sprzeda\u017c w najlepszej cenie rynkowej. Wszystkie nasze produkty s\u0105 wykonane z czystych naturalnych sk\u0142adnik\u00f3w wolnych od THC. Zam\u00f3w online ju\u017c teraz!","breadcrumb":{"@id":"https:\/\/medicinasinc.com\/pl\/product\/kup-lsd-liquid-200ug-drop\/#breadcrumb"},"inLanguage":"en-US","potentialAction":[{"@type":"ReadAction","target":["https:\/\/medicinasinc.com\/pl\/product\/kup-lsd-liquid-200ug-drop\/"]}]},{"@type":"ImageObject","inLanguage":"en-US","@id":"https:\/\/medicinasinc.com\/pl\/product\/kup-lsd-liquid-200ug-drop\/#primaryimage","url":"https:\/\/medicinasinc.com\/pl\/wp-content\/uploads\/sites\/13\/2022\/02\/Buy-LSD-liquid-200ug-Drop.jpg","contentUrl":"https:\/\/medicinasinc.com\/pl\/wp-content\/uploads\/sites\/13\/2022\/02\/Buy-LSD-liquid-200ug-Drop.jpg","width":363,"height":445},{"@type":"BreadcrumbList","@id":"https:\/\/medicinasinc.com\/pl\/product\/kup-lsd-liquid-200ug-drop\/#breadcrumb","itemListElement":[{"@type":"ListItem","position":1,"name":"Sklep","item":"https:\/\/medicinasinc.com\/pl\/sklep\/"},{"@type":"ListItem","position":2,"name":"Kup p\u0142yn LSD 200ug Drop"}]},{"@type":"WebSite","@id":"https:\/\/medicinasinc.com\/pl\/#website","url":"https:\/\/medicinasinc.com\/pl\/","name":"Medicinas Inc","description":"Health Medical Clinic","potentialAction":[{"@type":"SearchAction","target":{"@type":"EntryPoint","urlTemplate":"https:\/\/medicinasinc.com\/pl\/?s={search_term_string}"},"query-input":{"@type":"PropertyValueSpecification","valueRequired":true,"valueName":"search_term_string"}}],"inLanguage":"en-US"}]}},"_links":{"self":[{"href":"https:\/\/medicinasinc.com\/pl\/wp-json\/wp\/v2\/product\/4854","targetHints":{"allow":["GET"]}}],"collection":[{"href":"https:\/\/medicinasinc.com\/pl\/wp-json\/wp\/v2\/product"}],"about":[{"href":"https:\/\/medicinasinc.com\/pl\/wp-json\/wp\/v2\/types\/product"}],"replies":[{"embeddable":true,"href":"https:\/\/medicinasinc.com\/pl\/wp-json\/wp\/v2\/comments?post=4854"}],"wp:featuredmedia":[{"embeddable":true,"href":"https:\/\/medicinasinc.com\/pl\/wp-json\/wp\/v2\/media\/4868"}],"wp:attachment":[{"href":"https:\/\/medicinasinc.com\/pl\/wp-json\/wp\/v2\/media?parent=4854"}],"wp:term":[{"taxonomy":"product_brand","embeddable":true,"href":"https:\/\/medicinasinc.com\/pl\/wp-json\/wp\/v2\/product_brand?post=4854"},{"taxonomy":"product_cat","embeddable":true,"href":"https:\/\/medicinasinc.com\/pl\/wp-json\/wp\/v2\/product_cat?post=4854"},{"taxonomy":"product_tag","embeddable":true,"href":"https:\/\/medicinasinc.com\/pl\/wp-json\/wp\/v2\/product_tag?post=4854"}],"curies":[{"name":"wp","href":"https:\/\/api.w.org\/{rel}","templated":true}]}}