{"id":4848,"date":"2022-02-20T16:50:30","date_gmt":"2022-02-20T16:50:30","guid":{"rendered":"https:\/\/medicinasinc.com\/pl\/?post_type=product&#038;p=4848"},"modified":"2022-03-22T01:11:47","modified_gmt":"2022-03-22T01:11:47","slug":"kup-ketamina-proszek","status":"publish","type":"product","link":"https:\/\/medicinasinc.com\/pl\/product\/kup-ketamina-proszek\/","title":{"rendered":"Kup ketamin\u0119 w proszku"},"content":{"rendered":"<p>Proszek ketaminowy mo\u017cna kupi\u0107 online.<\/p>\n<p>Kup proszek ketaminowy do leczenia b\u00f3lu pooperacyjnego<br \/> B\u00f3l pooperacyjny wyst\u0119puje po du\u017cej operacji, kt\u00f3ra obejmuje naci\u0119cie i przeszczep. Mo\u017ce utrzymywa\u0107 si\u0119 przez dwa do pi\u0119ciu dni i konieczne jest odpowiednie zarz\u0105dzanie nim. Niewystarczaj\u0105ca kontrola mo\u017ce spowodowa\u0107 unieruchomienie, trudniejszy czas na odzyskanie funkcji i op\u00f3\u017aniony powr\u00f3t do zdrowia. Celem jest z\u0142agodzenie dyskomfortu przy jak najmniejszej liczbie skutk\u00f3w ubocznych. Pomimo wieloletnich post\u0119p\u00f3w w leczeniu b\u00f3lu, podstawowym leczeniem pooperacyjnym pozostaj\u0105 \u015brodki znieczulaj\u0105ce, takie jak ketamina w proszku na sprzeda\u017c. Wi\u0105\u017c\u0105 si\u0119 z receptorami o\u015brodkowego uk\u0142adu nerwowego i hamuj\u0105 przekazywanie sygna\u0142\u00f3w b\u00f3lowych. Ma szybki pocz\u0105tek dzia\u0142ania i godzinny czas dzia\u0142ania. Osoby odpowiedzialne za podawanie leku powinny upewni\u0107 si\u0119, \u017ce nie wyst\u0105pi\u0105 \u017cadne \u015bmiertelne interakcje.<\/p>\n<p>Najlepsze globalne leki \u2013 jedyne \u017ar\u00f3d\u0142o niedrogiego proszku ketaminy<br \/> Szeroka gama lek\u00f3w na recept\u0119 jest teraz dost\u0119pna bez przesuwania cal od lokalizacji. W Best Global Meds mo\u017cesz zam\u00f3wi\u0107 proszek ketaminy w zaciszu swojego domu lub biura. Dok\u0142adamy wszelkich stara\u0144, aby zakupy online by\u0142y dla naszych klient\u00f3w proste i bezpieczne. Dlatego akceptujemy r\u00f3\u017cne metody p\u0142atno\u015bci, w tym kryptowalut\u0119, i chronimy informacje o Twojej karcie kredytowej za pomoc\u0105 szyfrowania karty kredytowej. Dodatkowo procedura wysy\u0142ki jest wolna od ryzyka. Wsp\u00f3\u0142pracujemy z renomowanymi przewo\u017anikami, aby zabezpieczy\u0107 Twoje leki i wys\u0142a\u0107 je bezpo\u015brednio do Twojego domu.<\/p>\n<p>Je\u015bli masz jakiekolwiek pytania dotycz\u0105ce nas lub naszych produkt\u00f3w, skontaktuj si\u0119 z jednym z naszych kierownik\u00f3w. Ch\u0119tnie odpowiemy na wszelkie pytania!<\/p>\n","protected":false},"excerpt":{"rendered":"<div class=\"woocommerce-product-details__short-description\">\n<p>Kup ketamin\u0119 w proszku Wysy\u0142ka do Unii Europejskiej, p\u0142atno\u015b\u0107 Bitcoinem. Ketamina w proszku ze zni\u017ck\u0105 &#8211; zakupu chemikali\u00f3w badawczych w Europie. Najwi\u0119kszy w Europie sprzedawca ketaminy w proszku.<\/p>\n<p>Ketamin\u0119 w proszku mo\u017cna kupi\u0107 online. Kup proszek ketaminy HCL online &#8211; Kup proszek ketaminy przez Internet &#8211; Zam\u00f3w proszek ketaminowy<\/p>\n<\/p><\/div>\n","protected":false},"featured_media":4860,"comment_status":"open","ping_status":"closed","template":"","meta":[],"product_brand":[],"product_cat":[703],"product_tag":[],"class_list":{"0":"post-4848","1":"product","2":"type-product","3":"status-publish","4":"has-post-thumbnail","6":"product_cat-kup-psychedeliki-leki","8":"first","9":"instock","10":"shipping-taxable","11":"purchasable","12":"product-type-variable","13":"has-default-attributes"},"yoast_head":"<!-- This site is optimized with the Yoast SEO plugin v27.3 - https:\/\/yoast.com\/product\/yoast-seo-wordpress\/ -->\n<title>Kup ketamin\u0119 w proszku - sprzeda\u017c ketaminy w Europie - najlepsze najlepsze globalne leki<\/title>\n<meta name=\"description\" content=\"Kup ketamin\u0119 w proszku na sprzeda\u017c Wysy\u0142ka do UE, p\u0142atno\u015b\u0107 Bitcoin. Tani dostawca ketaminy w proszku - kup chemikalia badawcze w Europie. Sklep z proszkiem ketaminy w Europie.\" \/>\n<meta name=\"robots\" content=\"index, follow, max-snippet:-1, max-image-preview:large, max-video-preview:-1\" \/>\n<link rel=\"canonical\" href=\"https:\/\/medicinasinc.com\/pl\/product\/kup-ketamina-proszek\/\" \/>\n<meta property=\"og:locale\" content=\"en_US\" \/>\n<meta property=\"og:type\" content=\"article\" \/>\n<meta property=\"og:title\" content=\"Kup ketamin\u0119 w proszku - sprzeda\u017c ketaminy w Europie - najlepsze najlepsze globalne leki\" \/>\n<meta property=\"og:description\" content=\"Kup ketamin\u0119 w proszku na sprzeda\u017c Wysy\u0142ka do UE, p\u0142atno\u015b\u0107 Bitcoin. Tani dostawca ketaminy w proszku - kup chemikalia badawcze w Europie. Sklep z proszkiem ketaminy w Europie.\" \/>\n<meta property=\"og:url\" content=\"https:\/\/medicinasinc.com\/pl\/product\/kup-ketamina-proszek\/\" \/>\n<meta property=\"og:site_name\" content=\"Medicinas Inc\" \/>\n<meta property=\"article:modified_time\" content=\"2022-03-22T01:11:47+00:00\" \/>\n<meta property=\"og:image\" content=\"https:\/\/medicinasinc.com\/pl\/wp-content\/uploads\/sites\/13\/2022\/02\/Buy-Ketamine-powder.jpg\" \/>\n\t<meta property=\"og:image:width\" content=\"900\" \/>\n\t<meta property=\"og:image:height\" content=\"675\" \/>\n\t<meta property=\"og:image:type\" content=\"image\/jpeg\" \/>\n<meta name=\"twitter:card\" content=\"summary_large_image\" \/>\n<meta name=\"twitter:label1\" content=\"Est. reading time\" \/>\n\t<meta name=\"twitter:data1\" content=\"2 minutes\" \/>\n<script type=\"application\/ld+json\" class=\"yoast-schema-graph\">{\"@context\":\"https:\\\/\\\/schema.org\",\"@graph\":[{\"@type\":\"WebPage\",\"@id\":\"https:\\\/\\\/medicinasinc.com\\\/pl\\\/product\\\/kup-ketamina-proszek\\\/\",\"url\":\"https:\\\/\\\/medicinasinc.com\\\/pl\\\/product\\\/kup-ketamina-proszek\\\/\",\"name\":\"Kup ketamin\u0119 w proszku - sprzeda\u017c ketaminy w Europie - najlepsze najlepsze globalne leki\",\"isPartOf\":{\"@id\":\"https:\\\/\\\/medicinasinc.com\\\/pl\\\/#website\"},\"primaryImageOfPage\":{\"@id\":\"https:\\\/\\\/medicinasinc.com\\\/pl\\\/product\\\/kup-ketamina-proszek\\\/#primaryimage\"},\"image\":{\"@id\":\"https:\\\/\\\/medicinasinc.com\\\/pl\\\/product\\\/kup-ketamina-proszek\\\/#primaryimage\"},\"thumbnailUrl\":\"https:\\\/\\\/medicinasinc.com\\\/pl\\\/wp-content\\\/uploads\\\/sites\\\/13\\\/2022\\\/02\\\/Buy-Ketamine-powder.jpg\",\"datePublished\":\"2022-02-20T16:50:30+00:00\",\"dateModified\":\"2022-03-22T01:11:47+00:00\",\"description\":\"Kup ketamin\u0119 w proszku na sprzeda\u017c Wysy\u0142ka do UE, p\u0142atno\u015b\u0107 Bitcoin. Tani dostawca ketaminy w proszku - kup chemikalia badawcze w Europie. Sklep z proszkiem ketaminy w Europie.\",\"breadcrumb\":{\"@id\":\"https:\\\/\\\/medicinasinc.com\\\/pl\\\/product\\\/kup-ketamina-proszek\\\/#breadcrumb\"},\"inLanguage\":\"en-US\",\"potentialAction\":[{\"@type\":\"ReadAction\",\"target\":[\"https:\\\/\\\/medicinasinc.com\\\/pl\\\/product\\\/kup-ketamina-proszek\\\/\"]}]},{\"@type\":\"ImageObject\",\"inLanguage\":\"en-US\",\"@id\":\"https:\\\/\\\/medicinasinc.com\\\/pl\\\/product\\\/kup-ketamina-proszek\\\/#primaryimage\",\"url\":\"https:\\\/\\\/medicinasinc.com\\\/pl\\\/wp-content\\\/uploads\\\/sites\\\/13\\\/2022\\\/02\\\/Buy-Ketamine-powder.jpg\",\"contentUrl\":\"https:\\\/\\\/medicinasinc.com\\\/pl\\\/wp-content\\\/uploads\\\/sites\\\/13\\\/2022\\\/02\\\/Buy-Ketamine-powder.jpg\",\"width\":900,\"height\":675},{\"@type\":\"BreadcrumbList\",\"@id\":\"https:\\\/\\\/medicinasinc.com\\\/pl\\\/product\\\/kup-ketamina-proszek\\\/#breadcrumb\",\"itemListElement\":[{\"@type\":\"ListItem\",\"position\":1,\"name\":\"Sklep\",\"item\":\"https:\\\/\\\/medicinasinc.com\\\/pl\\\/sklep\\\/\"},{\"@type\":\"ListItem\",\"position\":2,\"name\":\"Kup ketamin\u0119 w proszku\"}]},{\"@type\":\"WebSite\",\"@id\":\"https:\\\/\\\/medicinasinc.com\\\/pl\\\/#website\",\"url\":\"https:\\\/\\\/medicinasinc.com\\\/pl\\\/\",\"name\":\"Medicinas Inc\",\"description\":\"Health Medical Clinic\",\"potentialAction\":[{\"@type\":\"SearchAction\",\"target\":{\"@type\":\"EntryPoint\",\"urlTemplate\":\"https:\\\/\\\/medicinasinc.com\\\/pl\\\/?s={search_term_string}\"},\"query-input\":{\"@type\":\"PropertyValueSpecification\",\"valueRequired\":true,\"valueName\":\"search_term_string\"}}],\"inLanguage\":\"en-US\"}]}<\/script>\n<!-- \/ Yoast SEO plugin. -->","yoast_head_json":{"title":"Kup ketamin\u0119 w proszku - sprzeda\u017c ketaminy w Europie - najlepsze najlepsze globalne leki","description":"Kup ketamin\u0119 w proszku na sprzeda\u017c Wysy\u0142ka do UE, p\u0142atno\u015b\u0107 Bitcoin. Tani dostawca ketaminy w proszku - kup chemikalia badawcze w Europie. Sklep z proszkiem ketaminy w Europie.","robots":{"index":"index","follow":"follow","max-snippet":"max-snippet:-1","max-image-preview":"max-image-preview:large","max-video-preview":"max-video-preview:-1"},"canonical":"https:\/\/medicinasinc.com\/pl\/product\/kup-ketamina-proszek\/","og_locale":"en_US","og_type":"article","og_title":"Kup ketamin\u0119 w proszku - sprzeda\u017c ketaminy w Europie - najlepsze najlepsze globalne leki","og_description":"Kup ketamin\u0119 w proszku na sprzeda\u017c Wysy\u0142ka do UE, p\u0142atno\u015b\u0107 Bitcoin. Tani dostawca ketaminy w proszku - kup chemikalia badawcze w Europie. Sklep z proszkiem ketaminy w Europie.","og_url":"https:\/\/medicinasinc.com\/pl\/product\/kup-ketamina-proszek\/","og_site_name":"Medicinas Inc","article_modified_time":"2022-03-22T01:11:47+00:00","og_image":[{"width":900,"height":675,"url":"https:\/\/medicinasinc.com\/pl\/wp-content\/uploads\/sites\/13\/2022\/02\/Buy-Ketamine-powder.jpg","type":"image\/jpeg"}],"twitter_card":"summary_large_image","twitter_misc":{"Est. reading time":"2 minutes"},"schema":{"@context":"https:\/\/schema.org","@graph":[{"@type":"WebPage","@id":"https:\/\/medicinasinc.com\/pl\/product\/kup-ketamina-proszek\/","url":"https:\/\/medicinasinc.com\/pl\/product\/kup-ketamina-proszek\/","name":"Kup ketamin\u0119 w proszku - sprzeda\u017c ketaminy w Europie - najlepsze najlepsze globalne leki","isPartOf":{"@id":"https:\/\/medicinasinc.com\/pl\/#website"},"primaryImageOfPage":{"@id":"https:\/\/medicinasinc.com\/pl\/product\/kup-ketamina-proszek\/#primaryimage"},"image":{"@id":"https:\/\/medicinasinc.com\/pl\/product\/kup-ketamina-proszek\/#primaryimage"},"thumbnailUrl":"https:\/\/medicinasinc.com\/pl\/wp-content\/uploads\/sites\/13\/2022\/02\/Buy-Ketamine-powder.jpg","datePublished":"2022-02-20T16:50:30+00:00","dateModified":"2022-03-22T01:11:47+00:00","description":"Kup ketamin\u0119 w proszku na sprzeda\u017c Wysy\u0142ka do UE, p\u0142atno\u015b\u0107 Bitcoin. Tani dostawca ketaminy w proszku - kup chemikalia badawcze w Europie. Sklep z proszkiem ketaminy w Europie.","breadcrumb":{"@id":"https:\/\/medicinasinc.com\/pl\/product\/kup-ketamina-proszek\/#breadcrumb"},"inLanguage":"en-US","potentialAction":[{"@type":"ReadAction","target":["https:\/\/medicinasinc.com\/pl\/product\/kup-ketamina-proszek\/"]}]},{"@type":"ImageObject","inLanguage":"en-US","@id":"https:\/\/medicinasinc.com\/pl\/product\/kup-ketamina-proszek\/#primaryimage","url":"https:\/\/medicinasinc.com\/pl\/wp-content\/uploads\/sites\/13\/2022\/02\/Buy-Ketamine-powder.jpg","contentUrl":"https:\/\/medicinasinc.com\/pl\/wp-content\/uploads\/sites\/13\/2022\/02\/Buy-Ketamine-powder.jpg","width":900,"height":675},{"@type":"BreadcrumbList","@id":"https:\/\/medicinasinc.com\/pl\/product\/kup-ketamina-proszek\/#breadcrumb","itemListElement":[{"@type":"ListItem","position":1,"name":"Sklep","item":"https:\/\/medicinasinc.com\/pl\/sklep\/"},{"@type":"ListItem","position":2,"name":"Kup ketamin\u0119 w proszku"}]},{"@type":"WebSite","@id":"https:\/\/medicinasinc.com\/pl\/#website","url":"https:\/\/medicinasinc.com\/pl\/","name":"Medicinas Inc","description":"Health Medical Clinic","potentialAction":[{"@type":"SearchAction","target":{"@type":"EntryPoint","urlTemplate":"https:\/\/medicinasinc.com\/pl\/?s={search_term_string}"},"query-input":{"@type":"PropertyValueSpecification","valueRequired":true,"valueName":"search_term_string"}}],"inLanguage":"en-US"}]}},"_links":{"self":[{"href":"https:\/\/medicinasinc.com\/pl\/wp-json\/wp\/v2\/product\/4848","targetHints":{"allow":["GET"]}}],"collection":[{"href":"https:\/\/medicinasinc.com\/pl\/wp-json\/wp\/v2\/product"}],"about":[{"href":"https:\/\/medicinasinc.com\/pl\/wp-json\/wp\/v2\/types\/product"}],"replies":[{"embeddable":true,"href":"https:\/\/medicinasinc.com\/pl\/wp-json\/wp\/v2\/comments?post=4848"}],"wp:featuredmedia":[{"embeddable":true,"href":"https:\/\/medicinasinc.com\/pl\/wp-json\/wp\/v2\/media\/4860"}],"wp:attachment":[{"href":"https:\/\/medicinasinc.com\/pl\/wp-json\/wp\/v2\/media?parent=4848"}],"wp:term":[{"taxonomy":"product_brand","embeddable":true,"href":"https:\/\/medicinasinc.com\/pl\/wp-json\/wp\/v2\/product_brand?post=4848"},{"taxonomy":"product_cat","embeddable":true,"href":"https:\/\/medicinasinc.com\/pl\/wp-json\/wp\/v2\/product_cat?post=4848"},{"taxonomy":"product_tag","embeddable":true,"href":"https:\/\/medicinasinc.com\/pl\/wp-json\/wp\/v2\/product_tag?post=4848"}],"curies":[{"name":"wp","href":"https:\/\/api.w.org\/{rel}","templated":true}]}}