{"id":4830,"date":"2022-02-20T16:34:51","date_gmt":"2022-02-20T16:34:51","guid":{"rendered":"https:\/\/medicinasinc.com\/pl\/?post_type=product&#038;p=4830"},"modified":"2022-03-22T01:11:56","modified_gmt":"2022-03-22T01:11:56","slug":"kup-krysztal-met","status":"publish","type":"product","link":"https:\/\/medicinasinc.com\/pl\/product\/kup-krysztal-met\/","title":{"rendered":"Kup kryszta\u0142ow\u0105 met\u0119"},"content":{"rendered":"<p>Gdzie kupi\u0107 metamfetamin\u0119 w Crystal Meth?<\/p>\n<p>Ch\u0119tni do zakupu metamfetaminy, znanej r\u00f3wnie\u017c jako metamfetamina z kamieni szlachetnych, jest lekiem stymuluj\u0105cym o\u015brodkowy uk\u0142ad nerwowy (OUN), kt\u00f3ry wykazuje liczne podobie\u0144stwa do amfetaminy, drugiego na \u015bwiecie najpopularniejsza klasa nielegalnych lek\u00f3w, zaraz po maryjane.<br \/> Podobnie jak amfetamina, promuje zwi\u0119kszon\u0105 aktywno\u015b\u0107, zmniejszenie g\u0142odu i og\u00f3lne samopoczucie.<\/p>\n<p>Istnieje kilka uznanych zastosowa\u0144 leczniczych Crystal Meth \u2013 Metamfetamina, w tym leczenie narkolepsji, braku zdolno\u015bci do konsekwentnej koncentracji i do chwilowego u\u017cycia, np. t\u0119gi; jednak te zastosowania lecznicze s\u0105 ograniczone.<\/p>\n<p>Crystal Meth, podobnie jak kokain\u0119, mo\u017cna pali\u0107. Chemical Inc. sprzedaje Crystal Meth \u2013 metamfetamin\u0119.<\/p>\n<p>Metamfetaminy s\u0105 stosowane w leczeniu nast\u0119puj\u0105cych schorze\u0144:<\/p>\n<p>ADHD Narkolepsja<\/p>\n<p>Zastosowania medyczne s\u0105 ograniczone.<\/p>\n<p>Crystal Meth \u2013 Metamfetamin\u0119, podobnie jak kokain\u0119, mo\u017cna pali\u0107.<\/p>\n<p>Kup Crystal Meth za pomoc\u0105 Bitcoin\u00f3w<\/p>\n<p>Crystal Meth \u2013 Metamfetamina jest stosowana w leczeniu nast\u0119puj\u0105cych schorze\u0144:<\/p>\n<p> Zesp\u00f3\u0142 nadpobudliwo\u015bci psychoruchowej oty\u0142o\u015bci Narkolepsja W rezultacie sprzyja wzmo\u017conemu dzia\u0142aniu, zmniejszeniu g\u0142odu i og\u00f3lnemu poczuciu dobrobytu. Stosowany w nadmiarze ma stopniowo destrukcyjny wp\u0142yw na podstawowy uk\u0142ad sensoryczny.<br \/> Je\u015bli uwa\u017casz, \u017ce mog\u0142a\u015b zaj\u015b\u0107 w ci\u0105\u017c\u0119 podczas przyjmowania leku, natychmiast skontaktuj si\u0119 ze swoim specjalist\u0105, aby unikn\u0105\u0107 powik\u0142a\u0144.<br \/> Je\u015bli cierpisz na problemy z sercem,<\/p>\n<p>Metamfetaminy maj\u0105 szereg negatywnych konsekwencji, w tym:<\/p>\n<p>Wzrost t\u0119tna<br \/>Podwy\u017cszenie temperatury cia\u0142a<br \/>Wzrost t\u0119tna kt\u00f3ry odpr\u0119\u017ca<br \/>Uczniowie z rozszerzonymi \u017arenicami<br \/>Wstrz\u0105sy Emocje przypominaj\u0105ce zachwyt<br \/>Wzmo\u017cony l\u0119k<br \/>Dra\u017cliwo\u015b\u0107<br \/> Paranoja<br \/>Gwa\u0142towne i wymijaj\u0105ce zachowania<br \/> Nadpobudliwo\u015b\u0107 w\u0142\u0105czona tymczasowo Skonsultuj si\u0119 ze specjalist\u0105 w sprawie opcji terapeutycznych.<\/p>\n<p>Unikanie dawki metamfetaminy nie jest trudne, ale nale\u017cy unika\u0107 wykonywania podw\u00f3jnych pomiar\u00f3w.<\/p>\n<p>&nbsp;<\/p>\n<p> &nbsp;<\/p>\n<p>&nbsp;<\/p>\n<p>&nbsp;<\/p>\n<p>&nbsp;<\/p>\n<p>&nbsp;<\/p>\n<p>Podczas gdy metamfetamina jest przeznaczona do zachowa\u0107 koncentracj\u0119, pl nadu\u017cywany mo\u017ce \u0142atwo spowodowa\u0107 powa\u017cne problemy zdrowotne, dlatego najlepszym rozwi\u0105zaniem jest zwr\u00f3cenie si\u0119 o pomoc w sytuacjach kryzysowych do wykwalifikowanych pracownik\u00f3w s\u0142u\u017cby zdrowia.<\/p>\n<p>&nbsp;<\/p>\n<p>&nbsp;<\/p>\n<p>&nbsp;<\/p>\n<p>&nbsp;<\/p>\n<p>&nbsp;<\/p>\n<p>&nbsp;<\/p>\n<p>Najlepsze globalne leki. oferuje Crystal Meth \u2013 Metamfetamin\u0119 do sprzeda\u017cy online.<\/p>\n<p>Dodatkowo przechowuj metamfetamin\u0119 w temperaturze pokojowej w miejscach pozbawionych \u015bwiat\u0142a i ciep\u0142a. Podobnie nie sp\u0142ukuj tego leku. Twoje dzieci i zwierz\u0119ta nie mog\u0105 by\u0107 w \u017caden spos\u00f3b nara\u017cone na dzia\u0142anie tego leku.<\/p>\n<p>Mo\u017cesz jednak kupi\u0107 Crystal Meth \u2013 Metamfetamin\u0119 online od najbardziej renomowanego sprzedawcy internetowego \u2013 Chemical Inc.<\/p>\n<p> Kupuj metamfetaminy bez recepty, metamfetaminy mo\u017cna kupi\u0107 online w najlepszej mo\u017cliwej cenie.<br \/> Kup teraz najskuteczniejsze leki!<br \/> Kup kryszta\u0142ow\u0105 metamfetamin\u0119 online<\/p>\n<p>U\u017cytkownicy metamfetaminy powinni szuka\u0107 natychmiastowe leczenie.<\/p>\n<p>Podczas gdy wiele fizycznych objaw\u00f3w mo\u017cna odwr\u00f3ci\u0107 za pomoc\u0105 odpowiedniego leczenia, zaawansowane starzenie si\u0119 i pr\u00f3chnica z\u0119b\u00f3w s\u0105 trudniejsze do odwr\u00f3cenia, a uszkodzenia s\u0105 cz\u0119sto nieodwracalne.<\/p>\n<p>Ponadto stosowanie metamfetaminy mo\u017ce skutkowa\u0107 psychoz\u0105 lub zachowaniem psychotycznym, w kt\u00f3rym u\u017cytkownicy trac\u0105 kontakt z rzeczywisto\u015bci\u0105 i do\u015bwiadczaj\u0105 powa\u017cnych uroje\u0144, paranoi, halucynacji i obsesyjnych zachowa\u0144, kt\u00f3re uniemo\u017cliwiaj\u0105 im prawdziwe zrozumienie szk\u00f3d, jakie sobie wyrz\u0105dzaj\u0105.<\/p>\n<p>To ma kluczowe znaczenie dla uzale\u017cnionego natychmiast zwr\u00f3\u0107 si\u0119 o pomoc, w przeciwnym razie ponios\u0105 te fizyczne i psychiczne konsekwencje, a tak\u017ce inne typowe objawy, takie jak zniszczone zwi\u0105zki, n\u0119dza finansowa i oskar\u017cenia kryminalne.<\/p>\n<p>Prawie ka\u017cda rodzina jest dotkni\u0119ta uzale\u017cnieniem, kt\u00f3re sieje spustoszenie spustoszenie w zdrowiu fizycznym i psychicznym, zwi\u0105zkach i finansach osobistych. Matki, Ojcowie, bracia, siostry, c\u00f3rki i synowie nale\u017c\u0105 do tej kategorii.<\/p>\n<p>Nikt nie jest odporny na przera\u017caj\u0105ce, d\u0142ugoterminowe konsekwencje za\u017cywania twardych narkotyk\u00f3w.<br \/> Poni\u017cej znajduje si\u0119 otrze\u017awiaj\u0105cy obraz PRAWDZIWI ludzie.<\/p>\n<p>Ulegli\u015bmy urokowi za\u017cywania narkotyk\u00f3w \u2013 w tym przypadku metamfetaminy \u2013 a jej niszczycielskie konsekwencje s\u0105 a\u017c nazbyt oczywiste.<br \/> Je\u015bli Ty lub kto\u015b bliski zmaga si\u0119 z uzale\u017cnienie od metamfetaminy lub je\u015bli chcesz dowiedzie\u0107 si\u0119 wi\u0119cej, odwied\u017a nast\u0119puj\u0105ce strony internetowe, aby uzyska\u0107 pomoc w powrocie do zdrowia.<\/p>\n<p>&nbsp;<\/p>\n<p>Skutki uboczne metamfetaminy, struktura metamfetaminy, jak d\u0142ugo dzia\u0142a metamfetamina pozosta\u0144 w swoim organizmie, jak pali\u0107 metamfetamin\u0119, heroin\u0119, kokain\u0119, metamfetamin\u0119, papierosy i alkohol to przyk\u0142ady ________., r\u00f3\u017cowej metamfetaminy, wci\u0105gaj\u0105cej metamfetaminy kryszta\u0142owej, ceny metamfetaminy Jak smakuje metamfetamina, jak d\u0142ugo pozostaje w moczu , a jak wygl\u0105da metamfetamina? super metamfetamina, efekty uboczne metamfetaminy, struktura metamfetaminy, jak d\u0142ugo metamfetamina pozostaje w twoim systemie, jak pali\u0107 metamfetamin\u0119, heroin\u0119, kokain\u0119, metamfetamin\u0119, papierosy i alkohol to przyk\u0142ady ________., r\u00f3\u017cowej metamfetaminy, wdychania kryszta\u0142owej metamfetaminy, cen metamfetaminy Jak smakuje metamfetamina, jak d\u0142ugo pozostaje w moczu i jak wygl\u0105da metamfetamina? najwy\u017csza metamfetamina<\/p>\n","protected":false},"excerpt":{"rendered":"<p>Kup metamfetamin\u0119 na sprzeda\u017c w Wielkiej Brytanii, Europie, Azji, metamfetaminie online kup metamfetamin\u0119 z nami, mo\u017cemy dostarczy\u0107 Ci z dowolnego miejsca na \u015bwiecie.<\/p>\n<p>Kup tabletki metamfetaminy online \u2013 kup 96,8 procent czystej metamfetaminy krystalicznej \u2013 Gdzie kupi\u0107 metamfetamin\u0119 online \u2013 Kup 96,8 procent czystej metamfetaminy z lodem \u2013 Kup metamfetamin\u0119 online<\/p>\n","protected":false},"featured_media":4844,"comment_status":"open","ping_status":"closed","template":"","meta":[],"product_brand":[],"product_cat":[703],"product_tag":[706,707,724,709,710,711,716,717,718,719,720,721,715,712,713,708,714,704,705,723,722],"class_list":{"0":"post-4830","1":"product","2":"type-product","3":"status-publish","4":"has-post-thumbnail","6":"product_cat-kup-psychedeliki-leki","7":"product_tag-buy-crystal-meth-in-germany","8":"product_tag-buy-crystal-meth-in-spain","9":"product_tag-co-to-kryszta-met","10":"product_tag-crystal-meth-australia","11":"product_tag-crystal-meth-drugs","12":"product_tag-crystal-meth-effects","13":"product_tag-crystal-meth-sweden","14":"product_tag-crystal-meth-vendor-france","15":"product_tag-crystal-meth-vendor-usa","16":"product_tag-fake-crystal-meth","17":"product_tag-how-is-crystal-meth-smoked","18":"product_tag-metakryszta","19":"product_tag-kryszta-met-hiszpania","20":"product_tag-kryszta-met-niemcy","21":"product_tag-kryszta-met-pic","22":"product_tag-kryszta-meta","23":"product_tag-krysztaowa-rura-met","24":"product_tag-kup-kryszta-met-w-australii","25":"product_tag-kup-kryszta-met-we-france","26":"product_tag-parskanie-kryszta-meta","27":"product_tag-zdjcia-krysztau-mety","29":"first","30":"instock","31":"shipping-taxable","32":"purchasable","33":"product-type-variable"},"yoast_head":"<!-- This site is optimized with the Yoast SEO plugin v27.3 - https:\/\/yoast.com\/product\/yoast-seo-wordpress\/ -->\n<title>Kup Crystal Meth - Metamfetamina - Najlepsze \u015bwiatowe leki<\/title>\n<meta name=\"description\" content=\"Kup Crystal Meth na sprzeda\u017c Wielka Brytania, Europa Azja, Metamfetamina Online kup metamfetamin\u0119 z nami mo\u017cemy dostarczy\u0107 Ci z ka\u017cdego miejsca na \u015bwiecie.\" \/>\n<meta name=\"robots\" content=\"index, follow, max-snippet:-1, max-image-preview:large, max-video-preview:-1\" \/>\n<link rel=\"canonical\" href=\"https:\/\/medicinasinc.com\/pl\/product\/kup-krysztal-met\/\" \/>\n<meta property=\"og:locale\" content=\"en_US\" \/>\n<meta property=\"og:type\" content=\"article\" \/>\n<meta property=\"og:title\" content=\"Kup Crystal Meth - Metamfetamina - Najlepsze \u015bwiatowe leki\" \/>\n<meta property=\"og:description\" content=\"Kup Crystal Meth na sprzeda\u017c Wielka Brytania, Europa Azja, Metamfetamina Online kup metamfetamin\u0119 z nami mo\u017cemy dostarczy\u0107 Ci z ka\u017cdego miejsca na \u015bwiecie.\" \/>\n<meta property=\"og:url\" content=\"https:\/\/medicinasinc.com\/pl\/product\/kup-krysztal-met\/\" \/>\n<meta property=\"og:site_name\" content=\"Medicinas Inc\" \/>\n<meta property=\"article:modified_time\" content=\"2022-03-22T01:11:56+00:00\" \/>\n<meta property=\"og:image\" content=\"https:\/\/medicinasinc.com\/pl\/wp-content\/uploads\/sites\/13\/2022\/02\/Buy-Crystal-Meth-1.jpg\" \/>\n\t<meta property=\"og:image:width\" content=\"1024\" \/>\n\t<meta property=\"og:image:height\" content=\"768\" \/>\n\t<meta property=\"og:image:type\" content=\"image\/jpeg\" \/>\n<meta name=\"twitter:card\" content=\"summary_large_image\" \/>\n<meta name=\"twitter:label1\" content=\"Est. reading time\" \/>\n\t<meta name=\"twitter:data1\" content=\"4 minutes\" \/>\n<script type=\"application\/ld+json\" class=\"yoast-schema-graph\">{\"@context\":\"https:\\\/\\\/schema.org\",\"@graph\":[{\"@type\":\"WebPage\",\"@id\":\"https:\\\/\\\/medicinasinc.com\\\/pl\\\/product\\\/kup-krysztal-met\\\/\",\"url\":\"https:\\\/\\\/medicinasinc.com\\\/pl\\\/product\\\/kup-krysztal-met\\\/\",\"name\":\"Kup Crystal Meth - Metamfetamina - Najlepsze \u015bwiatowe leki\",\"isPartOf\":{\"@id\":\"https:\\\/\\\/medicinasinc.com\\\/pl\\\/#website\"},\"primaryImageOfPage\":{\"@id\":\"https:\\\/\\\/medicinasinc.com\\\/pl\\\/product\\\/kup-krysztal-met\\\/#primaryimage\"},\"image\":{\"@id\":\"https:\\\/\\\/medicinasinc.com\\\/pl\\\/product\\\/kup-krysztal-met\\\/#primaryimage\"},\"thumbnailUrl\":\"https:\\\/\\\/medicinasinc.com\\\/pl\\\/wp-content\\\/uploads\\\/sites\\\/13\\\/2022\\\/02\\\/Buy-Crystal-Meth-1.jpg\",\"datePublished\":\"2022-02-20T16:34:51+00:00\",\"dateModified\":\"2022-03-22T01:11:56+00:00\",\"description\":\"Kup Crystal Meth na sprzeda\u017c Wielka Brytania, Europa Azja, Metamfetamina Online kup metamfetamin\u0119 z nami mo\u017cemy dostarczy\u0107 Ci z ka\u017cdego miejsca na \u015bwiecie.\",\"breadcrumb\":{\"@id\":\"https:\\\/\\\/medicinasinc.com\\\/pl\\\/product\\\/kup-krysztal-met\\\/#breadcrumb\"},\"inLanguage\":\"en-US\",\"potentialAction\":[{\"@type\":\"ReadAction\",\"target\":[\"https:\\\/\\\/medicinasinc.com\\\/pl\\\/product\\\/kup-krysztal-met\\\/\"]}]},{\"@type\":\"ImageObject\",\"inLanguage\":\"en-US\",\"@id\":\"https:\\\/\\\/medicinasinc.com\\\/pl\\\/product\\\/kup-krysztal-met\\\/#primaryimage\",\"url\":\"https:\\\/\\\/medicinasinc.com\\\/pl\\\/wp-content\\\/uploads\\\/sites\\\/13\\\/2022\\\/02\\\/Buy-Crystal-Meth-1.jpg\",\"contentUrl\":\"https:\\\/\\\/medicinasinc.com\\\/pl\\\/wp-content\\\/uploads\\\/sites\\\/13\\\/2022\\\/02\\\/Buy-Crystal-Meth-1.jpg\",\"width\":1024,\"height\":768},{\"@type\":\"BreadcrumbList\",\"@id\":\"https:\\\/\\\/medicinasinc.com\\\/pl\\\/product\\\/kup-krysztal-met\\\/#breadcrumb\",\"itemListElement\":[{\"@type\":\"ListItem\",\"position\":1,\"name\":\"Sklep\",\"item\":\"https:\\\/\\\/medicinasinc.com\\\/pl\\\/sklep\\\/\"},{\"@type\":\"ListItem\",\"position\":2,\"name\":\"Kup kryszta\u0142ow\u0105 met\u0119\"}]},{\"@type\":\"WebSite\",\"@id\":\"https:\\\/\\\/medicinasinc.com\\\/pl\\\/#website\",\"url\":\"https:\\\/\\\/medicinasinc.com\\\/pl\\\/\",\"name\":\"Medicinas Inc\",\"description\":\"Health Medical Clinic\",\"potentialAction\":[{\"@type\":\"SearchAction\",\"target\":{\"@type\":\"EntryPoint\",\"urlTemplate\":\"https:\\\/\\\/medicinasinc.com\\\/pl\\\/?s={search_term_string}\"},\"query-input\":{\"@type\":\"PropertyValueSpecification\",\"valueRequired\":true,\"valueName\":\"search_term_string\"}}],\"inLanguage\":\"en-US\"}]}<\/script>\n<!-- \/ Yoast SEO plugin. -->","yoast_head_json":{"title":"Kup Crystal Meth - Metamfetamina - Najlepsze \u015bwiatowe leki","description":"Kup Crystal Meth na sprzeda\u017c Wielka Brytania, Europa Azja, Metamfetamina Online kup metamfetamin\u0119 z nami mo\u017cemy dostarczy\u0107 Ci z ka\u017cdego miejsca na \u015bwiecie.","robots":{"index":"index","follow":"follow","max-snippet":"max-snippet:-1","max-image-preview":"max-image-preview:large","max-video-preview":"max-video-preview:-1"},"canonical":"https:\/\/medicinasinc.com\/pl\/product\/kup-krysztal-met\/","og_locale":"en_US","og_type":"article","og_title":"Kup Crystal Meth - Metamfetamina - Najlepsze \u015bwiatowe leki","og_description":"Kup Crystal Meth na sprzeda\u017c Wielka Brytania, Europa Azja, Metamfetamina Online kup metamfetamin\u0119 z nami mo\u017cemy dostarczy\u0107 Ci z ka\u017cdego miejsca na \u015bwiecie.","og_url":"https:\/\/medicinasinc.com\/pl\/product\/kup-krysztal-met\/","og_site_name":"Medicinas Inc","article_modified_time":"2022-03-22T01:11:56+00:00","og_image":[{"width":1024,"height":768,"url":"https:\/\/medicinasinc.com\/pl\/wp-content\/uploads\/sites\/13\/2022\/02\/Buy-Crystal-Meth-1.jpg","type":"image\/jpeg"}],"twitter_card":"summary_large_image","twitter_misc":{"Est. reading time":"4 minutes"},"schema":{"@context":"https:\/\/schema.org","@graph":[{"@type":"WebPage","@id":"https:\/\/medicinasinc.com\/pl\/product\/kup-krysztal-met\/","url":"https:\/\/medicinasinc.com\/pl\/product\/kup-krysztal-met\/","name":"Kup Crystal Meth - Metamfetamina - Najlepsze \u015bwiatowe leki","isPartOf":{"@id":"https:\/\/medicinasinc.com\/pl\/#website"},"primaryImageOfPage":{"@id":"https:\/\/medicinasinc.com\/pl\/product\/kup-krysztal-met\/#primaryimage"},"image":{"@id":"https:\/\/medicinasinc.com\/pl\/product\/kup-krysztal-met\/#primaryimage"},"thumbnailUrl":"https:\/\/medicinasinc.com\/pl\/wp-content\/uploads\/sites\/13\/2022\/02\/Buy-Crystal-Meth-1.jpg","datePublished":"2022-02-20T16:34:51+00:00","dateModified":"2022-03-22T01:11:56+00:00","description":"Kup Crystal Meth na sprzeda\u017c Wielka Brytania, Europa Azja, Metamfetamina Online kup metamfetamin\u0119 z nami mo\u017cemy dostarczy\u0107 Ci z ka\u017cdego miejsca na \u015bwiecie.","breadcrumb":{"@id":"https:\/\/medicinasinc.com\/pl\/product\/kup-krysztal-met\/#breadcrumb"},"inLanguage":"en-US","potentialAction":[{"@type":"ReadAction","target":["https:\/\/medicinasinc.com\/pl\/product\/kup-krysztal-met\/"]}]},{"@type":"ImageObject","inLanguage":"en-US","@id":"https:\/\/medicinasinc.com\/pl\/product\/kup-krysztal-met\/#primaryimage","url":"https:\/\/medicinasinc.com\/pl\/wp-content\/uploads\/sites\/13\/2022\/02\/Buy-Crystal-Meth-1.jpg","contentUrl":"https:\/\/medicinasinc.com\/pl\/wp-content\/uploads\/sites\/13\/2022\/02\/Buy-Crystal-Meth-1.jpg","width":1024,"height":768},{"@type":"BreadcrumbList","@id":"https:\/\/medicinasinc.com\/pl\/product\/kup-krysztal-met\/#breadcrumb","itemListElement":[{"@type":"ListItem","position":1,"name":"Sklep","item":"https:\/\/medicinasinc.com\/pl\/sklep\/"},{"@type":"ListItem","position":2,"name":"Kup kryszta\u0142ow\u0105 met\u0119"}]},{"@type":"WebSite","@id":"https:\/\/medicinasinc.com\/pl\/#website","url":"https:\/\/medicinasinc.com\/pl\/","name":"Medicinas Inc","description":"Health Medical Clinic","potentialAction":[{"@type":"SearchAction","target":{"@type":"EntryPoint","urlTemplate":"https:\/\/medicinasinc.com\/pl\/?s={search_term_string}"},"query-input":{"@type":"PropertyValueSpecification","valueRequired":true,"valueName":"search_term_string"}}],"inLanguage":"en-US"}]}},"_links":{"self":[{"href":"https:\/\/medicinasinc.com\/pl\/wp-json\/wp\/v2\/product\/4830","targetHints":{"allow":["GET"]}}],"collection":[{"href":"https:\/\/medicinasinc.com\/pl\/wp-json\/wp\/v2\/product"}],"about":[{"href":"https:\/\/medicinasinc.com\/pl\/wp-json\/wp\/v2\/types\/product"}],"replies":[{"embeddable":true,"href":"https:\/\/medicinasinc.com\/pl\/wp-json\/wp\/v2\/comments?post=4830"}],"wp:featuredmedia":[{"embeddable":true,"href":"https:\/\/medicinasinc.com\/pl\/wp-json\/wp\/v2\/media\/4844"}],"wp:attachment":[{"href":"https:\/\/medicinasinc.com\/pl\/wp-json\/wp\/v2\/media?parent=4830"}],"wp:term":[{"taxonomy":"product_brand","embeddable":true,"href":"https:\/\/medicinasinc.com\/pl\/wp-json\/wp\/v2\/product_brand?post=4830"},{"taxonomy":"product_cat","embeddable":true,"href":"https:\/\/medicinasinc.com\/pl\/wp-json\/wp\/v2\/product_cat?post=4830"},{"taxonomy":"product_tag","embeddable":true,"href":"https:\/\/medicinasinc.com\/pl\/wp-json\/wp\/v2\/product_tag?post=4830"}],"curies":[{"name":"wp","href":"https:\/\/api.w.org\/{rel}","templated":true}]}}