{"id":4829,"date":"2022-02-20T16:33:58","date_gmt":"2022-02-20T16:33:58","guid":{"rendered":"https:\/\/medicinasinc.com\/pl\/?post_type=product&#038;p=4829"},"modified":"2022-03-22T01:12:07","modified_gmt":"2022-03-22T01:12:07","slug":"kup-plyn-lsd","status":"publish","type":"product","link":"https:\/\/medicinasinc.com\/pl\/product\/kup-plyn-lsd\/","title":{"rendered":"Kup p\u0142ynne LSD"},"content":{"rendered":"<p>Kup Liquid LSD z rabatem online<\/p>\n<p>Podobnie jak w przypadku Green Crack (i nie myli\u0107 z LSD), Acid to szczep nazwany na cze\u015b\u0107 lekko psychoaktywnej substancji. Bior\u0105c wszystko pod uwag\u0119, Acid ma si\u0142\u0119, \u0142\u0105cz\u0105c sprzeczne z intuicj\u0105 efekty z k\u0142opotliwym zapachem. Acid to szczep opracowany przez Paradise Seeds, hodowc\u00f3w Delahaze i Sensi Star. Wywodzi si\u0119 z dziedzicznych cech najpopularniejszego szczepu New York Sour Diesel. Jego urok zapewni\u0142 mu trzecie miejsce w hiszpa\u0144skiej Copa THC Valencia 2016 w kategorii Najlepszy kwiat uprawiany w pomieszczeniach. Zawarto\u015b\u0107 THC w produkcie Corrosive zosta\u0142a oszacowana na 16-23%.<\/p>\n<p>Koroduj\u0105cy ol\u015bniewa \u015brednimi lub ogromnymi kwiatami, kt\u00f3re maj\u0105 przegubowy kszta\u0142t przypominaj\u0105cy \u0142opat\u0119, przypominaj\u0105cy miniaturowe choinki, zw\u0119\u017caj\u0105ce si\u0119 od szerokiej okr\u0105g\u0142ej podstawy do spiczasta ko\u0144c\u00f3wka. Dzi\u0119ki zwartej, g\u0119stej strukturze te p\u0105ki s\u0105 bez w\u0105tpienia zdominowane przez indic\u0119. Li\u015bcie s\u0105 s\u0142abo zaro\u015bni\u0119te, zielone i s\u0105 powyginane z falistymi, ziemistymi s\u0142upkami. Wreszcie, b\u0142yszcz\u0105ce, bia\u0142e w\u0142osie pokrywaj\u0105 wewn\u0119trzn\u0105 i zewn\u0119trzn\u0105 powierzchni\u0119 kwiat\u00f3w Acida, nadaj\u0105c odmianie psychoaktywne w\u0142a\u015bciwo\u015bci i sprawiaj\u0105c, \u017ce p\u0105ki s\u0105 niezwykle trudne do oddzielenia bez pomocy procesora.<\/p>\n<p>Kiedy Acid jest w\u0142a\u015bciwie z\u0142agodzony, ma lekko kwa\u015bny zapach, kt\u00f3ry r\u00f3wnowa\u017cy ostry cytrusowy posmak. Podobnie, s\u0105 solidne, pi\u017cmowe nuty bazowe, przypominaj\u0105ce lepk\u0105 ziemi\u0119 i kadzid\u0142o. W mi\u0119dzyczasie oddzielanie lub granulowanie tych g\u0119stych bry\u0142ek wytwarza cierpkie spaliny, kt\u00f3re nadaj\u0105 macierzystej odmianie New York Sour Diesel ostry i dobrze znany smak. Kiedy materia\u0142y palne zapal\u0105 si\u0119 w linii lub przegubie, Acid wytwarza g\u0142adki, \u0142atwo przyswajalny dym. Podczas wydechu ten g\u0119sty dym pozostawia posmak cytryny i oleju nap\u0119dowego.<\/p>\n<p>Haj \u017cr\u0105cy zaczyna si\u0119 stopniowo i zniekszta\u0142ca postrzeganie zewn\u0119trznych ulepsze\u0144 przez palacza. Niekt\u00f3re d\u017awi\u0119ki mog\u0105 by\u0107 wzmacniane, tak jakby by\u0142y generowane w komorze pog\u0142osowej. Dodatkowo wyraziste tony i jasne \u015bwiat\u0142a mog\u0105 nabra\u0107 nowego znaczenia. Kiedy te namacalne efekty staj\u0105 si\u0119 przyt\u0142aczaj\u0105ce, zaczynaj\u0105 si\u0119 manifestowa\u0107 bardziej \u017cywe halucynogenne cuda, podobne do wewn\u0119trznych i zewn\u0119trznych skrzywie\u0144 wgl\u0105du i solidnego odczucia rozszerzania si\u0119 czasu. Palacze mog\u0105 z czasem do\u015bwiadczy\u0107 celowego obci\u0105\u017cania sanktuari\u00f3w i narz\u0105d\u00f3w limfatycznych, a tak\u017ce niewielkiego wzrostu wydzielania \u015bliny. Te dreszcze rozwijaj\u0105 si\u0119 w powodzie odpr\u0119\u017cania, kt\u00f3re przemieszczaj\u0105 si\u0119 w d\u00f3\u0142 kr\u0119gos\u0142upa i na zewn\u0105trz przez o\u015brodkowy uk\u0142ad nerwowy i przydatki. Chocia\u017c te \u0142agodz\u0105ce efekty mog\u0105 nie ca\u0142kowicie unieruchamia\u0107 klient\u00f3w, mog\u0105 oni czu\u0107 si\u0119 zmuszeni do odpr\u0119\u017cenia si\u0119 w najbli\u017cszym, przyjemnym \u015brodowisku.<\/p>\n<p>Haj \u017cr\u0105cy charakteryzuje si\u0119 r\u00f3wnie\u017c mentalno\u015bci\u0105 m\u00f3zgow\u0105, w kt\u00f3rej palacz mo\u017ce \u0142\u0105czy\u0107 si\u0119 z niezwyk\u0142ymi my\u015blami lub pomys\u0142ami. , uznaj\u0105c je za bardziej fascynuj\u0105ce ni\u017c w ka\u017cdym razie. Takie otwarcie znane rozumowanie mo\u017ce by\u0107 skuteczn\u0105 metod\u0105 odkrywania nowatorskich rozwi\u0105za\u0144 k\u0142opotliwych problem\u00f3w lub zarz\u0105dzania konkretnymi sprawami w pracy. Z biegiem czasu \u2013 lub w miar\u0119 zwi\u0119kszania si\u0119 pomiaru \u2013 psychologiczne efekty Acidu staj\u0105 si\u0119 bardziej cudowne ni\u017c oczywiste, co sprawia, \u017ce \u200b\u200bjakakolwiek wcze\u015bniejsza skuteczno\u015b\u0107 jest niewa\u017cna. Ze wzgl\u0119du na post\u0119puj\u0105c\u0105 utrat\u0119 energii, najlepiej spo\u017cywa\u0107 t\u0119 odmian\u0119 p\u00f3\u017anym wieczorem lub w nocy.<\/p>\n<p>P\u0142ynne LSD 200ug\/kropl\u0119, kwas na sprzeda\u017c online, LSD na sprzeda\u017c online, zakup LSD online, kwas LSD na sprzeda\u017c online, sklep internetowy lsd, p\u0142ynny lsd na sprzeda\u017c, kwas na sprzeda\u017c online<\/p>\n","protected":false},"excerpt":{"rendered":"<p>Kup LSD online P\u0142ynne LSD, szczeg\u00f3\u0142y Lysergide (LSD) jest p\u00f3\u0142syntetycznym halucynogenem i jednym z najsilniejszych znanych lek\u00f3w. Zastosowanie rekreacyjne .<\/p>\n<p>Kup tanie p\u0142ynne LSD przez Internet. Oryginalne LSD w p\u0142ynie do sprzeda\u017cy online | Kup p\u0142ynne LSD przez Internet | Kup p\u0142ynne LSD na sprzeda\u017c| Kup tanie p\u0142ynne LSD | Gdzie kupi\u0107 p\u0142ynne LSD online<\/p>\n","protected":false},"featured_media":4842,"comment_status":"open","ping_status":"closed","template":"","meta":[],"product_brand":[],"product_cat":[703],"product_tag":[],"class_list":{"0":"post-4829","1":"product","2":"type-product","3":"status-publish","4":"has-post-thumbnail","6":"product_cat-kup-psychedeliki-leki","8":"first","9":"instock","10":"shipping-taxable","11":"purchasable","12":"product-type-variable","13":"has-default-attributes"},"yoast_head":"<!-- This site is optimized with the Yoast SEO plugin v27.3 - https:\/\/yoast.com\/product\/yoast-seo-wordpress\/ -->\n<title>Kup p\u0142ynne LSD - najlepsze najlepsze globalne leki<\/title>\n<meta name=\"description\" content=\"Kup LSD Online P\u0142ynne LSD, Szczeg\u00f3\u0142y Lysergide (LSD) jest p\u00f3\u0142syntetycznym halucynogenem i jest jednym z najsilniejszych znanych lek\u00f3w. Wykorzystanie rekreacyjne .\" \/>\n<meta name=\"robots\" content=\"index, follow, max-snippet:-1, max-image-preview:large, max-video-preview:-1\" \/>\n<link rel=\"canonical\" href=\"https:\/\/medicinasinc.com\/pl\/product\/kup-plyn-lsd\/\" \/>\n<meta property=\"og:locale\" content=\"en_US\" \/>\n<meta property=\"og:type\" content=\"article\" \/>\n<meta property=\"og:title\" content=\"Kup p\u0142ynne LSD - najlepsze najlepsze globalne leki\" \/>\n<meta property=\"og:description\" content=\"Kup LSD Online P\u0142ynne LSD, Szczeg\u00f3\u0142y Lysergide (LSD) jest p\u00f3\u0142syntetycznym halucynogenem i jest jednym z najsilniejszych znanych lek\u00f3w. Wykorzystanie rekreacyjne .\" \/>\n<meta property=\"og:url\" content=\"https:\/\/medicinasinc.com\/pl\/product\/kup-plyn-lsd\/\" \/>\n<meta property=\"og:site_name\" content=\"Medicinas Inc\" \/>\n<meta property=\"article:modified_time\" content=\"2022-03-22T01:12:07+00:00\" \/>\n<meta property=\"og:image\" content=\"https:\/\/medicinasinc.com\/pl\/wp-content\/uploads\/sites\/13\/2022\/02\/Buy-Liquid-LSD.jpg\" \/>\n\t<meta property=\"og:image:width\" content=\"512\" \/>\n\t<meta property=\"og:image:height\" content=\"512\" \/>\n\t<meta property=\"og:image:type\" content=\"image\/jpeg\" \/>\n<meta name=\"twitter:card\" content=\"summary_large_image\" \/>\n<meta name=\"twitter:label1\" content=\"Est. reading time\" \/>\n\t<meta name=\"twitter:data1\" content=\"3 minutes\" \/>\n<script type=\"application\/ld+json\" class=\"yoast-schema-graph\">{\"@context\":\"https:\\\/\\\/schema.org\",\"@graph\":[{\"@type\":\"WebPage\",\"@id\":\"https:\\\/\\\/medicinasinc.com\\\/pl\\\/product\\\/kup-plyn-lsd\\\/\",\"url\":\"https:\\\/\\\/medicinasinc.com\\\/pl\\\/product\\\/kup-plyn-lsd\\\/\",\"name\":\"Kup p\u0142ynne LSD - najlepsze najlepsze globalne leki\",\"isPartOf\":{\"@id\":\"https:\\\/\\\/medicinasinc.com\\\/pl\\\/#website\"},\"primaryImageOfPage\":{\"@id\":\"https:\\\/\\\/medicinasinc.com\\\/pl\\\/product\\\/kup-plyn-lsd\\\/#primaryimage\"},\"image\":{\"@id\":\"https:\\\/\\\/medicinasinc.com\\\/pl\\\/product\\\/kup-plyn-lsd\\\/#primaryimage\"},\"thumbnailUrl\":\"https:\\\/\\\/medicinasinc.com\\\/pl\\\/wp-content\\\/uploads\\\/sites\\\/13\\\/2022\\\/02\\\/Buy-Liquid-LSD.jpg\",\"datePublished\":\"2022-02-20T16:33:58+00:00\",\"dateModified\":\"2022-03-22T01:12:07+00:00\",\"description\":\"Kup LSD Online P\u0142ynne LSD, Szczeg\u00f3\u0142y Lysergide (LSD) jest p\u00f3\u0142syntetycznym halucynogenem i jest jednym z najsilniejszych znanych lek\u00f3w. Wykorzystanie rekreacyjne .\",\"breadcrumb\":{\"@id\":\"https:\\\/\\\/medicinasinc.com\\\/pl\\\/product\\\/kup-plyn-lsd\\\/#breadcrumb\"},\"inLanguage\":\"en-US\",\"potentialAction\":[{\"@type\":\"ReadAction\",\"target\":[\"https:\\\/\\\/medicinasinc.com\\\/pl\\\/product\\\/kup-plyn-lsd\\\/\"]}]},{\"@type\":\"ImageObject\",\"inLanguage\":\"en-US\",\"@id\":\"https:\\\/\\\/medicinasinc.com\\\/pl\\\/product\\\/kup-plyn-lsd\\\/#primaryimage\",\"url\":\"https:\\\/\\\/medicinasinc.com\\\/pl\\\/wp-content\\\/uploads\\\/sites\\\/13\\\/2022\\\/02\\\/Buy-Liquid-LSD.jpg\",\"contentUrl\":\"https:\\\/\\\/medicinasinc.com\\\/pl\\\/wp-content\\\/uploads\\\/sites\\\/13\\\/2022\\\/02\\\/Buy-Liquid-LSD.jpg\",\"width\":512,\"height\":512},{\"@type\":\"BreadcrumbList\",\"@id\":\"https:\\\/\\\/medicinasinc.com\\\/pl\\\/product\\\/kup-plyn-lsd\\\/#breadcrumb\",\"itemListElement\":[{\"@type\":\"ListItem\",\"position\":1,\"name\":\"Sklep\",\"item\":\"https:\\\/\\\/medicinasinc.com\\\/pl\\\/sklep\\\/\"},{\"@type\":\"ListItem\",\"position\":2,\"name\":\"Kup p\u0142ynne LSD\"}]},{\"@type\":\"WebSite\",\"@id\":\"https:\\\/\\\/medicinasinc.com\\\/pl\\\/#website\",\"url\":\"https:\\\/\\\/medicinasinc.com\\\/pl\\\/\",\"name\":\"Medicinas Inc\",\"description\":\"Health Medical Clinic\",\"potentialAction\":[{\"@type\":\"SearchAction\",\"target\":{\"@type\":\"EntryPoint\",\"urlTemplate\":\"https:\\\/\\\/medicinasinc.com\\\/pl\\\/?s={search_term_string}\"},\"query-input\":{\"@type\":\"PropertyValueSpecification\",\"valueRequired\":true,\"valueName\":\"search_term_string\"}}],\"inLanguage\":\"en-US\"}]}<\/script>\n<!-- \/ Yoast SEO plugin. -->","yoast_head_json":{"title":"Kup p\u0142ynne LSD - najlepsze najlepsze globalne leki","description":"Kup LSD Online P\u0142ynne LSD, Szczeg\u00f3\u0142y Lysergide (LSD) jest p\u00f3\u0142syntetycznym halucynogenem i jest jednym z najsilniejszych znanych lek\u00f3w. Wykorzystanie rekreacyjne .","robots":{"index":"index","follow":"follow","max-snippet":"max-snippet:-1","max-image-preview":"max-image-preview:large","max-video-preview":"max-video-preview:-1"},"canonical":"https:\/\/medicinasinc.com\/pl\/product\/kup-plyn-lsd\/","og_locale":"en_US","og_type":"article","og_title":"Kup p\u0142ynne LSD - najlepsze najlepsze globalne leki","og_description":"Kup LSD Online P\u0142ynne LSD, Szczeg\u00f3\u0142y Lysergide (LSD) jest p\u00f3\u0142syntetycznym halucynogenem i jest jednym z najsilniejszych znanych lek\u00f3w. Wykorzystanie rekreacyjne .","og_url":"https:\/\/medicinasinc.com\/pl\/product\/kup-plyn-lsd\/","og_site_name":"Medicinas Inc","article_modified_time":"2022-03-22T01:12:07+00:00","og_image":[{"width":512,"height":512,"url":"https:\/\/medicinasinc.com\/pl\/wp-content\/uploads\/sites\/13\/2022\/02\/Buy-Liquid-LSD.jpg","type":"image\/jpeg"}],"twitter_card":"summary_large_image","twitter_misc":{"Est. reading time":"3 minutes"},"schema":{"@context":"https:\/\/schema.org","@graph":[{"@type":"WebPage","@id":"https:\/\/medicinasinc.com\/pl\/product\/kup-plyn-lsd\/","url":"https:\/\/medicinasinc.com\/pl\/product\/kup-plyn-lsd\/","name":"Kup p\u0142ynne LSD - najlepsze najlepsze globalne leki","isPartOf":{"@id":"https:\/\/medicinasinc.com\/pl\/#website"},"primaryImageOfPage":{"@id":"https:\/\/medicinasinc.com\/pl\/product\/kup-plyn-lsd\/#primaryimage"},"image":{"@id":"https:\/\/medicinasinc.com\/pl\/product\/kup-plyn-lsd\/#primaryimage"},"thumbnailUrl":"https:\/\/medicinasinc.com\/pl\/wp-content\/uploads\/sites\/13\/2022\/02\/Buy-Liquid-LSD.jpg","datePublished":"2022-02-20T16:33:58+00:00","dateModified":"2022-03-22T01:12:07+00:00","description":"Kup LSD Online P\u0142ynne LSD, Szczeg\u00f3\u0142y Lysergide (LSD) jest p\u00f3\u0142syntetycznym halucynogenem i jest jednym z najsilniejszych znanych lek\u00f3w. Wykorzystanie rekreacyjne .","breadcrumb":{"@id":"https:\/\/medicinasinc.com\/pl\/product\/kup-plyn-lsd\/#breadcrumb"},"inLanguage":"en-US","potentialAction":[{"@type":"ReadAction","target":["https:\/\/medicinasinc.com\/pl\/product\/kup-plyn-lsd\/"]}]},{"@type":"ImageObject","inLanguage":"en-US","@id":"https:\/\/medicinasinc.com\/pl\/product\/kup-plyn-lsd\/#primaryimage","url":"https:\/\/medicinasinc.com\/pl\/wp-content\/uploads\/sites\/13\/2022\/02\/Buy-Liquid-LSD.jpg","contentUrl":"https:\/\/medicinasinc.com\/pl\/wp-content\/uploads\/sites\/13\/2022\/02\/Buy-Liquid-LSD.jpg","width":512,"height":512},{"@type":"BreadcrumbList","@id":"https:\/\/medicinasinc.com\/pl\/product\/kup-plyn-lsd\/#breadcrumb","itemListElement":[{"@type":"ListItem","position":1,"name":"Sklep","item":"https:\/\/medicinasinc.com\/pl\/sklep\/"},{"@type":"ListItem","position":2,"name":"Kup p\u0142ynne LSD"}]},{"@type":"WebSite","@id":"https:\/\/medicinasinc.com\/pl\/#website","url":"https:\/\/medicinasinc.com\/pl\/","name":"Medicinas Inc","description":"Health Medical Clinic","potentialAction":[{"@type":"SearchAction","target":{"@type":"EntryPoint","urlTemplate":"https:\/\/medicinasinc.com\/pl\/?s={search_term_string}"},"query-input":{"@type":"PropertyValueSpecification","valueRequired":true,"valueName":"search_term_string"}}],"inLanguage":"en-US"}]}},"_links":{"self":[{"href":"https:\/\/medicinasinc.com\/pl\/wp-json\/wp\/v2\/product\/4829","targetHints":{"allow":["GET"]}}],"collection":[{"href":"https:\/\/medicinasinc.com\/pl\/wp-json\/wp\/v2\/product"}],"about":[{"href":"https:\/\/medicinasinc.com\/pl\/wp-json\/wp\/v2\/types\/product"}],"replies":[{"embeddable":true,"href":"https:\/\/medicinasinc.com\/pl\/wp-json\/wp\/v2\/comments?post=4829"}],"wp:featuredmedia":[{"embeddable":true,"href":"https:\/\/medicinasinc.com\/pl\/wp-json\/wp\/v2\/media\/4842"}],"wp:attachment":[{"href":"https:\/\/medicinasinc.com\/pl\/wp-json\/wp\/v2\/media?parent=4829"}],"wp:term":[{"taxonomy":"product_brand","embeddable":true,"href":"https:\/\/medicinasinc.com\/pl\/wp-json\/wp\/v2\/product_brand?post=4829"},{"taxonomy":"product_cat","embeddable":true,"href":"https:\/\/medicinasinc.com\/pl\/wp-json\/wp\/v2\/product_cat?post=4829"},{"taxonomy":"product_tag","embeddable":true,"href":"https:\/\/medicinasinc.com\/pl\/wp-json\/wp\/v2\/product_tag?post=4829"}],"curies":[{"name":"wp","href":"https:\/\/api.w.org\/{rel}","templated":true}]}}