{"id":4810,"date":"2022-02-20T16:18:47","date_gmt":"2022-02-20T16:18:47","guid":{"rendered":"https:\/\/medicinasinc.com\/pl\/?post_type=product&#038;p=4810"},"modified":"2022-03-22T01:12:27","modified_gmt":"2022-03-22T01:12:27","slug":"kupic-thca-krysztaly-gorna-polka","status":"publish","type":"product","link":"https:\/\/medicinasinc.com\/pl\/product\/kupic-thca-krysztaly-gorna-polka\/","title":{"rendered":"Kup kryszta\u0142y THCA &#8211; g\u00f3rna p\u00f3\u0142ka"},"content":{"rendered":"<p>Krystaliczne THCA<\/p>\n<p>THCA Krystaliczny, alternatywnie okre\u015blany jako \u201ekryszta\u0142y\u201d, \u201ekryszta\u0142y THC\u201d lub \u201ediamenty\u201d, to koncentrat konopi w stanie sta\u0142ym. Wygl\u0105da jak gruboziarnisty cukier, kt\u00f3rego zwykle u\u017cywa si\u0119 do ozdabiania ciasteczek z cukrem lub do b\u0142yszczenia wierzcho\u0142k\u00f3w pieczonych ciast owocowych. Crystalline jest wytwarzany w celu usuwania materii ro\u015blinnej i terpen\u00f3w, kt\u00f3re s\u0105 charakterystycznymi w\u0142a\u015bciwo\u015bciami aromatycznymi i smakowymi odmiany lub odmiany konopi.<\/p>\n<p>ZNACZENIE THCA Crystalline<\/p>\n<p>Mo\u017cliwe, \u017ce s\u0142ysza\u0142e\u015b termin \u201e Kryszta\u0142y THC\u201d lub \u201eTHC krystaliczny\u201d u\u017cywany w odniesieniu do krystalicznego, ale THC, kt\u00f3ry powoduje odurzaj\u0105cy haj, nie jest krystaliczny; chemicznie THC jest niezdolny do tworzenia struktury krystalicznej. Innymi s\u0142owy, to, co cz\u0119sto okre\u015bla si\u0119 jako \u201ekryszta\u0142y THC\u201d, nie jest czystym THC, ale form\u0105 czystego THCA. W momencie spo\u017cycia THCA krystalizuje w aktywny THC poprzez dekarboksylacj\u0119. Crystalline jest produkowany z jednego kannabinoidu. THCA, CBDA i CBD to jedyne kannabinoidy dost\u0119pne w postaci krystalicznej. Ka\u017cdy, kto spo\u017cywa THCA, CBDA lub CBD, nie odczuje odurzaj\u0105cego haju, chocia\u017c THCA zamieni si\u0119 w THC po podgrzaniu, czyni\u0105c krystaliczne odurzaj\u0105ce.<\/p>\n<p>JAK STWORZY\u0106 KRYSTALICZNE THCA<\/p>\n<p>Krystaliczne jest cz\u0119sto w\u0119dzony lub przetarty za pomoc\u0105 zestawu do palenia dab\u00f3w. Zestaw do palenia dab\u00f3w to przyrz\u0105d do palenia, podobny do ma\u0142ego bonga wodnego, kt\u00f3ry odparowuje ogrzany kryszta\u0142 do inhalacji w pojedynczych odmierzonych dawkach. Krystaliczne s\u0105 cz\u0119sto spo\u017cywane doustnie, jako sk\u0142adnik artyku\u0142\u00f3w spo\u017cywczych lub rozpuszczane w oleju, aby stworzy\u0107 produkt podobny do nalewki. Kryszta\u0142y s\u0105 cz\u0119sto rozpuszczane w oleju ro\u015blinnym lub ma\u015ble i wykorzystywane jako sk\u0142adnik domowych artyku\u0142\u00f3w spo\u017cywczych. Oleje ro\u015blinne i kopry s\u0105 najcz\u0119\u015bciej u\u017cywanymi rozpuszczalnikami do rozpuszczania kryszta\u0142\u00f3w w celu wytworzenia produktu podobnego do nalewki.<\/p>\n","protected":false},"excerpt":{"rendered":"<p>Kup thca crystalline przez Internet w Europie, thca crystal na sprzeda\u017c, krystaliczne diamenty w Holandii, thca crystalline blisko mnie, thc crystalline na sprzeda\u017c w Europie.<\/p>\n<ul>\n<li>Wysy\u0142ka na ca\u0142y \u015bwiat<\/li>\n<li><strong>Koncentrat sk\u0142adaj\u0105cy si\u0119 z 97-99% THC<\/strong><\/li>\n<li><strong>99% czystego THC-A<\/strong><\/li>\n<li><strong>Skontaktuj si\u0119 z nami <\/strong>\u00a0dla wi\u0119kszych zam\u00f3wie\u0144<\/li>\n<\/ul>\n","protected":false},"featured_media":4823,"comment_status":"open","ping_status":"closed","template":"","meta":[],"product_brand":[],"product_cat":[702],"product_tag":[],"class_list":{"0":"post-4810","1":"product","2":"type-product","3":"status-publish","4":"has-post-thumbnail","6":"product_cat-kup-konopny-wosk","8":"first","9":"instock","10":"shipping-taxable","11":"purchasable","12":"product-type-variable","13":"has-default-attributes"},"yoast_head":"<!-- This site is optimized with the Yoast SEO plugin v27.3 - https:\/\/yoast.com\/product\/yoast-seo-wordpress\/ -->\n<title>Kup kryszta\u0142y THCA - najwy\u017csza p\u00f3\u0142ka - najlepsze najlepsze \u015bwiatowe leki<\/title>\n<meta name=\"description\" content=\"Kup thca crystalline online w Europie, thca crystal na sprzeda\u017c, krystaliczne diamenty NL, thc crystalline blisko mnie, kup kryszta\u0142y thca w Europie.\" \/>\n<meta name=\"robots\" content=\"index, follow, max-snippet:-1, max-image-preview:large, max-video-preview:-1\" \/>\n<link rel=\"canonical\" href=\"https:\/\/medicinasinc.com\/pl\/product\/kupic-thca-krysztaly-gorna-polka\/\" \/>\n<meta property=\"og:locale\" content=\"en_US\" \/>\n<meta property=\"og:type\" content=\"article\" \/>\n<meta property=\"og:title\" content=\"Kup kryszta\u0142y THCA - najwy\u017csza p\u00f3\u0142ka - najlepsze najlepsze \u015bwiatowe leki\" \/>\n<meta property=\"og:description\" content=\"Kup thca crystalline online w Europie, thca crystal na sprzeda\u017c, krystaliczne diamenty NL, thc crystalline blisko mnie, kup kryszta\u0142y thca w Europie.\" \/>\n<meta property=\"og:url\" content=\"https:\/\/medicinasinc.com\/pl\/product\/kupic-thca-krysztaly-gorna-polka\/\" \/>\n<meta property=\"og:site_name\" content=\"Medicinas Inc\" \/>\n<meta property=\"article:modified_time\" content=\"2022-03-22T01:12:27+00:00\" \/>\n<meta property=\"og:image\" content=\"https:\/\/medicinasinc.com\/pl\/wp-content\/uploads\/sites\/13\/2022\/02\/Buy-THCA-Crystals-Top-Shelf.jpg\" \/>\n\t<meta property=\"og:image:width\" content=\"600\" \/>\n\t<meta property=\"og:image:height\" content=\"600\" \/>\n\t<meta property=\"og:image:type\" content=\"image\/jpeg\" \/>\n<meta name=\"twitter:card\" content=\"summary_large_image\" \/>\n<meta name=\"twitter:label1\" content=\"Est. reading time\" \/>\n\t<meta name=\"twitter:data1\" content=\"2 minutes\" \/>\n<script type=\"application\/ld+json\" class=\"yoast-schema-graph\">{\"@context\":\"https:\\\/\\\/schema.org\",\"@graph\":[{\"@type\":\"WebPage\",\"@id\":\"https:\\\/\\\/medicinasinc.com\\\/pl\\\/product\\\/kupic-thca-krysztaly-gorna-polka\\\/\",\"url\":\"https:\\\/\\\/medicinasinc.com\\\/pl\\\/product\\\/kupic-thca-krysztaly-gorna-polka\\\/\",\"name\":\"Kup kryszta\u0142y THCA - najwy\u017csza p\u00f3\u0142ka - najlepsze najlepsze \u015bwiatowe leki\",\"isPartOf\":{\"@id\":\"https:\\\/\\\/medicinasinc.com\\\/pl\\\/#website\"},\"primaryImageOfPage\":{\"@id\":\"https:\\\/\\\/medicinasinc.com\\\/pl\\\/product\\\/kupic-thca-krysztaly-gorna-polka\\\/#primaryimage\"},\"image\":{\"@id\":\"https:\\\/\\\/medicinasinc.com\\\/pl\\\/product\\\/kupic-thca-krysztaly-gorna-polka\\\/#primaryimage\"},\"thumbnailUrl\":\"https:\\\/\\\/medicinasinc.com\\\/pl\\\/wp-content\\\/uploads\\\/sites\\\/13\\\/2022\\\/02\\\/Buy-THCA-Crystals-Top-Shelf.jpg\",\"datePublished\":\"2022-02-20T16:18:47+00:00\",\"dateModified\":\"2022-03-22T01:12:27+00:00\",\"description\":\"Kup thca crystalline online w Europie, thca crystal na sprzeda\u017c, krystaliczne diamenty NL, thc crystalline blisko mnie, kup kryszta\u0142y thca w Europie.\",\"breadcrumb\":{\"@id\":\"https:\\\/\\\/medicinasinc.com\\\/pl\\\/product\\\/kupic-thca-krysztaly-gorna-polka\\\/#breadcrumb\"},\"inLanguage\":\"en-US\",\"potentialAction\":[{\"@type\":\"ReadAction\",\"target\":[\"https:\\\/\\\/medicinasinc.com\\\/pl\\\/product\\\/kupic-thca-krysztaly-gorna-polka\\\/\"]}]},{\"@type\":\"ImageObject\",\"inLanguage\":\"en-US\",\"@id\":\"https:\\\/\\\/medicinasinc.com\\\/pl\\\/product\\\/kupic-thca-krysztaly-gorna-polka\\\/#primaryimage\",\"url\":\"https:\\\/\\\/medicinasinc.com\\\/pl\\\/wp-content\\\/uploads\\\/sites\\\/13\\\/2022\\\/02\\\/Buy-THCA-Crystals-Top-Shelf.jpg\",\"contentUrl\":\"https:\\\/\\\/medicinasinc.com\\\/pl\\\/wp-content\\\/uploads\\\/sites\\\/13\\\/2022\\\/02\\\/Buy-THCA-Crystals-Top-Shelf.jpg\",\"width\":600,\"height\":600},{\"@type\":\"BreadcrumbList\",\"@id\":\"https:\\\/\\\/medicinasinc.com\\\/pl\\\/product\\\/kupic-thca-krysztaly-gorna-polka\\\/#breadcrumb\",\"itemListElement\":[{\"@type\":\"ListItem\",\"position\":1,\"name\":\"Sklep\",\"item\":\"https:\\\/\\\/medicinasinc.com\\\/pl\\\/sklep\\\/\"},{\"@type\":\"ListItem\",\"position\":2,\"name\":\"Kup kryszta\u0142y THCA &#8211; g\u00f3rna p\u00f3\u0142ka\"}]},{\"@type\":\"WebSite\",\"@id\":\"https:\\\/\\\/medicinasinc.com\\\/pl\\\/#website\",\"url\":\"https:\\\/\\\/medicinasinc.com\\\/pl\\\/\",\"name\":\"Medicinas Inc\",\"description\":\"Health Medical Clinic\",\"potentialAction\":[{\"@type\":\"SearchAction\",\"target\":{\"@type\":\"EntryPoint\",\"urlTemplate\":\"https:\\\/\\\/medicinasinc.com\\\/pl\\\/?s={search_term_string}\"},\"query-input\":{\"@type\":\"PropertyValueSpecification\",\"valueRequired\":true,\"valueName\":\"search_term_string\"}}],\"inLanguage\":\"en-US\"}]}<\/script>\n<!-- \/ Yoast SEO plugin. -->","yoast_head_json":{"title":"Kup kryszta\u0142y THCA - najwy\u017csza p\u00f3\u0142ka - najlepsze najlepsze \u015bwiatowe leki","description":"Kup thca crystalline online w Europie, thca crystal na sprzeda\u017c, krystaliczne diamenty NL, thc crystalline blisko mnie, kup kryszta\u0142y thca w Europie.","robots":{"index":"index","follow":"follow","max-snippet":"max-snippet:-1","max-image-preview":"max-image-preview:large","max-video-preview":"max-video-preview:-1"},"canonical":"https:\/\/medicinasinc.com\/pl\/product\/kupic-thca-krysztaly-gorna-polka\/","og_locale":"en_US","og_type":"article","og_title":"Kup kryszta\u0142y THCA - najwy\u017csza p\u00f3\u0142ka - najlepsze najlepsze \u015bwiatowe leki","og_description":"Kup thca crystalline online w Europie, thca crystal na sprzeda\u017c, krystaliczne diamenty NL, thc crystalline blisko mnie, kup kryszta\u0142y thca w Europie.","og_url":"https:\/\/medicinasinc.com\/pl\/product\/kupic-thca-krysztaly-gorna-polka\/","og_site_name":"Medicinas Inc","article_modified_time":"2022-03-22T01:12:27+00:00","og_image":[{"width":600,"height":600,"url":"https:\/\/medicinasinc.com\/pl\/wp-content\/uploads\/sites\/13\/2022\/02\/Buy-THCA-Crystals-Top-Shelf.jpg","type":"image\/jpeg"}],"twitter_card":"summary_large_image","twitter_misc":{"Est. reading time":"2 minutes"},"schema":{"@context":"https:\/\/schema.org","@graph":[{"@type":"WebPage","@id":"https:\/\/medicinasinc.com\/pl\/product\/kupic-thca-krysztaly-gorna-polka\/","url":"https:\/\/medicinasinc.com\/pl\/product\/kupic-thca-krysztaly-gorna-polka\/","name":"Kup kryszta\u0142y THCA - najwy\u017csza p\u00f3\u0142ka - najlepsze najlepsze \u015bwiatowe leki","isPartOf":{"@id":"https:\/\/medicinasinc.com\/pl\/#website"},"primaryImageOfPage":{"@id":"https:\/\/medicinasinc.com\/pl\/product\/kupic-thca-krysztaly-gorna-polka\/#primaryimage"},"image":{"@id":"https:\/\/medicinasinc.com\/pl\/product\/kupic-thca-krysztaly-gorna-polka\/#primaryimage"},"thumbnailUrl":"https:\/\/medicinasinc.com\/pl\/wp-content\/uploads\/sites\/13\/2022\/02\/Buy-THCA-Crystals-Top-Shelf.jpg","datePublished":"2022-02-20T16:18:47+00:00","dateModified":"2022-03-22T01:12:27+00:00","description":"Kup thca crystalline online w Europie, thca crystal na sprzeda\u017c, krystaliczne diamenty NL, thc crystalline blisko mnie, kup kryszta\u0142y thca w Europie.","breadcrumb":{"@id":"https:\/\/medicinasinc.com\/pl\/product\/kupic-thca-krysztaly-gorna-polka\/#breadcrumb"},"inLanguage":"en-US","potentialAction":[{"@type":"ReadAction","target":["https:\/\/medicinasinc.com\/pl\/product\/kupic-thca-krysztaly-gorna-polka\/"]}]},{"@type":"ImageObject","inLanguage":"en-US","@id":"https:\/\/medicinasinc.com\/pl\/product\/kupic-thca-krysztaly-gorna-polka\/#primaryimage","url":"https:\/\/medicinasinc.com\/pl\/wp-content\/uploads\/sites\/13\/2022\/02\/Buy-THCA-Crystals-Top-Shelf.jpg","contentUrl":"https:\/\/medicinasinc.com\/pl\/wp-content\/uploads\/sites\/13\/2022\/02\/Buy-THCA-Crystals-Top-Shelf.jpg","width":600,"height":600},{"@type":"BreadcrumbList","@id":"https:\/\/medicinasinc.com\/pl\/product\/kupic-thca-krysztaly-gorna-polka\/#breadcrumb","itemListElement":[{"@type":"ListItem","position":1,"name":"Sklep","item":"https:\/\/medicinasinc.com\/pl\/sklep\/"},{"@type":"ListItem","position":2,"name":"Kup kryszta\u0142y THCA &#8211; g\u00f3rna p\u00f3\u0142ka"}]},{"@type":"WebSite","@id":"https:\/\/medicinasinc.com\/pl\/#website","url":"https:\/\/medicinasinc.com\/pl\/","name":"Medicinas Inc","description":"Health Medical Clinic","potentialAction":[{"@type":"SearchAction","target":{"@type":"EntryPoint","urlTemplate":"https:\/\/medicinasinc.com\/pl\/?s={search_term_string}"},"query-input":{"@type":"PropertyValueSpecification","valueRequired":true,"valueName":"search_term_string"}}],"inLanguage":"en-US"}]}},"_links":{"self":[{"href":"https:\/\/medicinasinc.com\/pl\/wp-json\/wp\/v2\/product\/4810","targetHints":{"allow":["GET"]}}],"collection":[{"href":"https:\/\/medicinasinc.com\/pl\/wp-json\/wp\/v2\/product"}],"about":[{"href":"https:\/\/medicinasinc.com\/pl\/wp-json\/wp\/v2\/types\/product"}],"replies":[{"embeddable":true,"href":"https:\/\/medicinasinc.com\/pl\/wp-json\/wp\/v2\/comments?post=4810"}],"wp:featuredmedia":[{"embeddable":true,"href":"https:\/\/medicinasinc.com\/pl\/wp-json\/wp\/v2\/media\/4823"}],"wp:attachment":[{"href":"https:\/\/medicinasinc.com\/pl\/wp-json\/wp\/v2\/media?parent=4810"}],"wp:term":[{"taxonomy":"product_brand","embeddable":true,"href":"https:\/\/medicinasinc.com\/pl\/wp-json\/wp\/v2\/product_brand?post=4810"},{"taxonomy":"product_cat","embeddable":true,"href":"https:\/\/medicinasinc.com\/pl\/wp-json\/wp\/v2\/product_cat?post=4810"},{"taxonomy":"product_tag","embeddable":true,"href":"https:\/\/medicinasinc.com\/pl\/wp-json\/wp\/v2\/product_tag?post=4810"}],"curies":[{"name":"wp","href":"https:\/\/api.w.org\/{rel}","templated":true}]}}