{"id":4808,"date":"2022-02-20T16:17:53","date_gmt":"2022-02-20T16:17:53","guid":{"rendered":"https:\/\/medicinasinc.com\/pl\/?post_type=product&#038;p=4808"},"modified":"2022-03-22T01:12:36","modified_gmt":"2022-03-22T01:12:36","slug":"kup-1p-lsd-100mcg-blotters","status":"publish","type":"product","link":"https:\/\/medicinasinc.com\/pl\/product\/kup-1p-lsd-100mcg-blotters\/","title":{"rendered":"Kup 1P-LSD 100mcg Blotters"},"content":{"rendered":"<p>Kup 1P-LSD 100mcg Blotters ze zni\u017ck\u0105 online.<\/p>\n<p>L.S.D. jest g\u0142\u00f3wnie odmian\u0105 Indica, kt\u00f3ra zosta\u0142a nazwana na cze\u015b\u0107 ekstremalnie halucynogennego leku ze wzgl\u0119du na ekstremalnie halucynogenny i m\u00f3zgowy haj. Szczep zaczyna si\u0119 od energetycznego poczucia rado\u015bci, kt\u00f3re mo\u017ce zaciemni\u0107 umys\u0142 i pozostawi\u0107 kilku klient\u00f3w ca\u0142kowicie zdezorientowanych i \u201eutkni\u0119tych intelektualnie\u201d. Pomimo silnej stymulacji m\u00f3zgowej, niekt\u00f3rzy klienci zg\u0142aszaj\u0105, \u017ce po u\u017cyciu LSD czuj\u0105 si\u0119 bardziej innowacyjni lub bardziej towarzysko<\/p>\n<p>Kup 1P-LSD 100mcg Blotters online po obni\u017conej cenie.<\/p>\n<p>Ten poziom stymulacji umys\u0142owej jest niezwykle niezwyk\u0142y dla Indica. Jak mo\u017cna si\u0119 spodziewa\u0107 po substancji pochodz\u0105cej z Indica, L.S.D. ma r\u00f3wnie\u017c typowe efekty na ciele wywodz\u0105ce si\u0119 z Indica. Klienci cz\u0119sto zauwa\u017caj\u0105 rewolucyjny efekt odczulania organizmu po jednej do dw\u00f3ch godzin po spo\u017cyciu, kiedy wi\u0119kszo\u015b\u0107 efektu m\u00f3zgowego znikn\u0119\u0142a. Negatywne skutki mog\u0105 obejmowa\u0107 bawe\u0142n\u0119 w ustach, sucho\u015b\u0107 oczu, senno\u015b\u0107, b\u00f3le g\u0142owy i \u0142agodn\u0105 nieufno\u015b\u0107.<\/p>\n<p>W wi\u0119kszo\u015bci przypadk\u00f3w ten szczep mo\u017cna stosowa\u0107 o dowolnej porze dnia, aby z\u0142agodzi\u0107 \u0142agodny lub silny b\u00f3l pulsuj\u0105cy. LSD jest cz\u0119sto przepisywane, aby pom\u00f3c w radzeniu sobie z presj\u0105, niepokojem lub nieszcz\u0119\u015bciem. Dodatkowo pacjenci u\u017cywaj\u0105 szczepu do leczenia bezsenno\u015bci, a niekt\u00f3rzy u\u017cywaj\u0105 go do zwalczania b\u00f3l\u00f3w g\u0142owy.<\/p>\n<p>L.S.D. to skrzy\u017cowanie Mazara z niezwykle starym asortymentem skunks\u00f3w, Skunk #1, stworzonym przez Barney&#8217;s Farm. Chocia\u017c ten szczep nie jest zalecany dla nowych producent\u00f3w, jest niezwykle \u0142atwy w uprawie ze wzgl\u0119du na jego odporno\u015b\u0107 na liczne infekcje i mo\u017cliwo\u015b\u0107 uprawy zar\u00f3wno na zewn\u0105trz, jak i w pomieszczeniach. Z czasem kwitnienia od 65 do 78 dni, L.S.D. mo\u017ce wyprodukowa\u0107 do 650 gram\u00f3w na metr kwadratowy. Czasami przekracza 60 centymetr\u00f3w d\u0142ugo\u015bci, szczep zwykle ko\u0144czy si\u0119 w kwietniu na r\u00f3wniku po\u0142udniowym i pa\u017adzierniku na r\u00f3wniku p\u00f3\u0142nocnym. Ta odmiana ma zawarto\u015b\u0107 THC do 24%.<\/p>\n","protected":false},"excerpt":{"rendered":"<p>Gdzie mog\u0119 kupi\u0107 1P-LSD blotter? Najlepsze chemikalia badawcze na rynku &#8211; Szybka dostawa! Kup 1P-LSD Blotters za po\u015brednictwem Bitcoin, przelewu bankowego i innych metod.<\/p>\n","protected":false},"featured_media":4821,"comment_status":"open","ping_status":"closed","template":"","meta":[],"product_brand":[],"product_cat":[703],"product_tag":[],"class_list":{"0":"post-4808","1":"product","2":"type-product","3":"status-publish","4":"has-post-thumbnail","6":"product_cat-kup-psychedeliki-leki","8":"first","9":"instock","10":"shipping-taxable","11":"purchasable","12":"product-type-variable","13":"has-default-attributes"},"yoast_head":"<!-- This site is optimized with the Yoast SEO plugin v27.3 - https:\/\/yoast.com\/product\/yoast-seo-wordpress\/ -->\n<title>Kup tanie 1P-LSD 100mcg Blotters - najlepsze globalne leki<\/title>\n<meta name=\"description\" content=\"Chcesz zam\u00f3wi\u0107 Blottery 1P-LSD? Najlepsze chemikalia badawcze - szybka dostawa! Kup 1P-LSD Blotters za pomoc\u0105 Bitcoin, przelewu bankowego i nie tylko.\" \/>\n<meta name=\"robots\" content=\"index, follow, max-snippet:-1, max-image-preview:large, max-video-preview:-1\" \/>\n<link rel=\"canonical\" href=\"https:\/\/medicinasinc.com\/pl\/product\/kup-1p-lsd-100mcg-blotters\/\" \/>\n<meta property=\"og:locale\" content=\"en_US\" \/>\n<meta property=\"og:type\" content=\"article\" \/>\n<meta property=\"og:title\" content=\"Kup tanie 1P-LSD 100mcg Blotters - najlepsze globalne leki\" \/>\n<meta property=\"og:description\" content=\"Chcesz zam\u00f3wi\u0107 Blottery 1P-LSD? Najlepsze chemikalia badawcze - szybka dostawa! Kup 1P-LSD Blotters za pomoc\u0105 Bitcoin, przelewu bankowego i nie tylko.\" \/>\n<meta property=\"og:url\" content=\"https:\/\/medicinasinc.com\/pl\/product\/kup-1p-lsd-100mcg-blotters\/\" \/>\n<meta property=\"og:site_name\" content=\"Medicinas Inc\" \/>\n<meta property=\"article:modified_time\" content=\"2022-03-22T01:12:36+00:00\" \/>\n<meta property=\"og:image\" content=\"https:\/\/medicinasinc.com\/pl\/wp-content\/uploads\/sites\/13\/2022\/02\/Buy-1P-LSD-100mcg-Blotters-cheap-online.jpg\" \/>\n\t<meta property=\"og:image:width\" content=\"600\" \/>\n\t<meta property=\"og:image:height\" content=\"600\" \/>\n\t<meta property=\"og:image:type\" content=\"image\/jpeg\" \/>\n<meta name=\"twitter:card\" content=\"summary_large_image\" \/>\n<meta name=\"twitter:label1\" content=\"Est. reading time\" \/>\n\t<meta name=\"twitter:data1\" content=\"2 minutes\" \/>\n<script type=\"application\/ld+json\" class=\"yoast-schema-graph\">{\"@context\":\"https:\\\/\\\/schema.org\",\"@graph\":[{\"@type\":\"WebPage\",\"@id\":\"https:\\\/\\\/medicinasinc.com\\\/pl\\\/product\\\/kup-1p-lsd-100mcg-blotters\\\/\",\"url\":\"https:\\\/\\\/medicinasinc.com\\\/pl\\\/product\\\/kup-1p-lsd-100mcg-blotters\\\/\",\"name\":\"Kup tanie 1P-LSD 100mcg Blotters - najlepsze globalne leki\",\"isPartOf\":{\"@id\":\"https:\\\/\\\/medicinasinc.com\\\/pl\\\/#website\"},\"primaryImageOfPage\":{\"@id\":\"https:\\\/\\\/medicinasinc.com\\\/pl\\\/product\\\/kup-1p-lsd-100mcg-blotters\\\/#primaryimage\"},\"image\":{\"@id\":\"https:\\\/\\\/medicinasinc.com\\\/pl\\\/product\\\/kup-1p-lsd-100mcg-blotters\\\/#primaryimage\"},\"thumbnailUrl\":\"https:\\\/\\\/medicinasinc.com\\\/pl\\\/wp-content\\\/uploads\\\/sites\\\/13\\\/2022\\\/02\\\/Buy-1P-LSD-100mcg-Blotters-cheap-online.jpg\",\"datePublished\":\"2022-02-20T16:17:53+00:00\",\"dateModified\":\"2022-03-22T01:12:36+00:00\",\"description\":\"Chcesz zam\u00f3wi\u0107 Blottery 1P-LSD? Najlepsze chemikalia badawcze - szybka dostawa! Kup 1P-LSD Blotters za pomoc\u0105 Bitcoin, przelewu bankowego i nie tylko.\",\"breadcrumb\":{\"@id\":\"https:\\\/\\\/medicinasinc.com\\\/pl\\\/product\\\/kup-1p-lsd-100mcg-blotters\\\/#breadcrumb\"},\"inLanguage\":\"en-US\",\"potentialAction\":[{\"@type\":\"ReadAction\",\"target\":[\"https:\\\/\\\/medicinasinc.com\\\/pl\\\/product\\\/kup-1p-lsd-100mcg-blotters\\\/\"]}]},{\"@type\":\"ImageObject\",\"inLanguage\":\"en-US\",\"@id\":\"https:\\\/\\\/medicinasinc.com\\\/pl\\\/product\\\/kup-1p-lsd-100mcg-blotters\\\/#primaryimage\",\"url\":\"https:\\\/\\\/medicinasinc.com\\\/pl\\\/wp-content\\\/uploads\\\/sites\\\/13\\\/2022\\\/02\\\/Buy-1P-LSD-100mcg-Blotters-cheap-online.jpg\",\"contentUrl\":\"https:\\\/\\\/medicinasinc.com\\\/pl\\\/wp-content\\\/uploads\\\/sites\\\/13\\\/2022\\\/02\\\/Buy-1P-LSD-100mcg-Blotters-cheap-online.jpg\",\"width\":600,\"height\":600},{\"@type\":\"BreadcrumbList\",\"@id\":\"https:\\\/\\\/medicinasinc.com\\\/pl\\\/product\\\/kup-1p-lsd-100mcg-blotters\\\/#breadcrumb\",\"itemListElement\":[{\"@type\":\"ListItem\",\"position\":1,\"name\":\"Sklep\",\"item\":\"https:\\\/\\\/medicinasinc.com\\\/pl\\\/sklep\\\/\"},{\"@type\":\"ListItem\",\"position\":2,\"name\":\"Kup 1P-LSD 100mcg Blotters\"}]},{\"@type\":\"WebSite\",\"@id\":\"https:\\\/\\\/medicinasinc.com\\\/pl\\\/#website\",\"url\":\"https:\\\/\\\/medicinasinc.com\\\/pl\\\/\",\"name\":\"Medicinas Inc\",\"description\":\"Health Medical Clinic\",\"potentialAction\":[{\"@type\":\"SearchAction\",\"target\":{\"@type\":\"EntryPoint\",\"urlTemplate\":\"https:\\\/\\\/medicinasinc.com\\\/pl\\\/?s={search_term_string}\"},\"query-input\":{\"@type\":\"PropertyValueSpecification\",\"valueRequired\":true,\"valueName\":\"search_term_string\"}}],\"inLanguage\":\"en-US\"}]}<\/script>\n<!-- \/ Yoast SEO plugin. -->","yoast_head_json":{"title":"Kup tanie 1P-LSD 100mcg Blotters - najlepsze globalne leki","description":"Chcesz zam\u00f3wi\u0107 Blottery 1P-LSD? Najlepsze chemikalia badawcze - szybka dostawa! Kup 1P-LSD Blotters za pomoc\u0105 Bitcoin, przelewu bankowego i nie tylko.","robots":{"index":"index","follow":"follow","max-snippet":"max-snippet:-1","max-image-preview":"max-image-preview:large","max-video-preview":"max-video-preview:-1"},"canonical":"https:\/\/medicinasinc.com\/pl\/product\/kup-1p-lsd-100mcg-blotters\/","og_locale":"en_US","og_type":"article","og_title":"Kup tanie 1P-LSD 100mcg Blotters - najlepsze globalne leki","og_description":"Chcesz zam\u00f3wi\u0107 Blottery 1P-LSD? Najlepsze chemikalia badawcze - szybka dostawa! Kup 1P-LSD Blotters za pomoc\u0105 Bitcoin, przelewu bankowego i nie tylko.","og_url":"https:\/\/medicinasinc.com\/pl\/product\/kup-1p-lsd-100mcg-blotters\/","og_site_name":"Medicinas Inc","article_modified_time":"2022-03-22T01:12:36+00:00","og_image":[{"width":600,"height":600,"url":"https:\/\/medicinasinc.com\/pl\/wp-content\/uploads\/sites\/13\/2022\/02\/Buy-1P-LSD-100mcg-Blotters-cheap-online.jpg","type":"image\/jpeg"}],"twitter_card":"summary_large_image","twitter_misc":{"Est. reading time":"2 minutes"},"schema":{"@context":"https:\/\/schema.org","@graph":[{"@type":"WebPage","@id":"https:\/\/medicinasinc.com\/pl\/product\/kup-1p-lsd-100mcg-blotters\/","url":"https:\/\/medicinasinc.com\/pl\/product\/kup-1p-lsd-100mcg-blotters\/","name":"Kup tanie 1P-LSD 100mcg Blotters - najlepsze globalne leki","isPartOf":{"@id":"https:\/\/medicinasinc.com\/pl\/#website"},"primaryImageOfPage":{"@id":"https:\/\/medicinasinc.com\/pl\/product\/kup-1p-lsd-100mcg-blotters\/#primaryimage"},"image":{"@id":"https:\/\/medicinasinc.com\/pl\/product\/kup-1p-lsd-100mcg-blotters\/#primaryimage"},"thumbnailUrl":"https:\/\/medicinasinc.com\/pl\/wp-content\/uploads\/sites\/13\/2022\/02\/Buy-1P-LSD-100mcg-Blotters-cheap-online.jpg","datePublished":"2022-02-20T16:17:53+00:00","dateModified":"2022-03-22T01:12:36+00:00","description":"Chcesz zam\u00f3wi\u0107 Blottery 1P-LSD? Najlepsze chemikalia badawcze - szybka dostawa! Kup 1P-LSD Blotters za pomoc\u0105 Bitcoin, przelewu bankowego i nie tylko.","breadcrumb":{"@id":"https:\/\/medicinasinc.com\/pl\/product\/kup-1p-lsd-100mcg-blotters\/#breadcrumb"},"inLanguage":"en-US","potentialAction":[{"@type":"ReadAction","target":["https:\/\/medicinasinc.com\/pl\/product\/kup-1p-lsd-100mcg-blotters\/"]}]},{"@type":"ImageObject","inLanguage":"en-US","@id":"https:\/\/medicinasinc.com\/pl\/product\/kup-1p-lsd-100mcg-blotters\/#primaryimage","url":"https:\/\/medicinasinc.com\/pl\/wp-content\/uploads\/sites\/13\/2022\/02\/Buy-1P-LSD-100mcg-Blotters-cheap-online.jpg","contentUrl":"https:\/\/medicinasinc.com\/pl\/wp-content\/uploads\/sites\/13\/2022\/02\/Buy-1P-LSD-100mcg-Blotters-cheap-online.jpg","width":600,"height":600},{"@type":"BreadcrumbList","@id":"https:\/\/medicinasinc.com\/pl\/product\/kup-1p-lsd-100mcg-blotters\/#breadcrumb","itemListElement":[{"@type":"ListItem","position":1,"name":"Sklep","item":"https:\/\/medicinasinc.com\/pl\/sklep\/"},{"@type":"ListItem","position":2,"name":"Kup 1P-LSD 100mcg Blotters"}]},{"@type":"WebSite","@id":"https:\/\/medicinasinc.com\/pl\/#website","url":"https:\/\/medicinasinc.com\/pl\/","name":"Medicinas Inc","description":"Health Medical Clinic","potentialAction":[{"@type":"SearchAction","target":{"@type":"EntryPoint","urlTemplate":"https:\/\/medicinasinc.com\/pl\/?s={search_term_string}"},"query-input":{"@type":"PropertyValueSpecification","valueRequired":true,"valueName":"search_term_string"}}],"inLanguage":"en-US"}]}},"_links":{"self":[{"href":"https:\/\/medicinasinc.com\/pl\/wp-json\/wp\/v2\/product\/4808","targetHints":{"allow":["GET"]}}],"collection":[{"href":"https:\/\/medicinasinc.com\/pl\/wp-json\/wp\/v2\/product"}],"about":[{"href":"https:\/\/medicinasinc.com\/pl\/wp-json\/wp\/v2\/types\/product"}],"replies":[{"embeddable":true,"href":"https:\/\/medicinasinc.com\/pl\/wp-json\/wp\/v2\/comments?post=4808"}],"wp:featuredmedia":[{"embeddable":true,"href":"https:\/\/medicinasinc.com\/pl\/wp-json\/wp\/v2\/media\/4821"}],"wp:attachment":[{"href":"https:\/\/medicinasinc.com\/pl\/wp-json\/wp\/v2\/media?parent=4808"}],"wp:term":[{"taxonomy":"product_brand","embeddable":true,"href":"https:\/\/medicinasinc.com\/pl\/wp-json\/wp\/v2\/product_brand?post=4808"},{"taxonomy":"product_cat","embeddable":true,"href":"https:\/\/medicinasinc.com\/pl\/wp-json\/wp\/v2\/product_cat?post=4808"},{"taxonomy":"product_tag","embeddable":true,"href":"https:\/\/medicinasinc.com\/pl\/wp-json\/wp\/v2\/product_tag?post=4808"}],"curies":[{"name":"wp","href":"https:\/\/api.w.org\/{rel}","templated":true}]}}