{"id":4794,"date":"2022-02-20T16:06:08","date_gmt":"2022-02-20T16:06:08","guid":{"rendered":"https:\/\/medicinasinc.com\/pl\/?post_type=product&#038;p=4794"},"modified":"2022-03-22T01:12:56","modified_gmt":"2022-03-22T01:12:56","slug":"kup-nyc-diesel-budder-gorna-polka","status":"publish","type":"product","link":"https:\/\/medicinasinc.com\/pl\/product\/kup-nyc-diesel-budder-gorna-polka\/","title":{"rendered":"Kup NYC Diesel Budder \u2013 g\u00f3rna p\u00f3\u0142ka"},"content":{"rendered":"<p>Kup New York City Diesel Budder \u2013 Top Shelf<\/p>\n<p>NYC Diesel to 60% odmiana Sativa, kt\u00f3ra jest krzy\u017c\u00f3wk\u0105 genetyki meksyka\u0144skiej i afga\u0144skiej. Mocno pachnie cierpkimi grejpfrutami i kwa\u015bnymi cytrusami. NYC Diesel to doskona\u0142a odmiana w ci\u0105gu dnia ze wzgl\u0119du na wysok\u0105 stymulacj\u0119 m\u00f3zgow\u0105, kt\u00f3ra promuje jasno\u015b\u0107 umys\u0142u i czujno\u015b\u0107. Opr\u00f3cz dzia\u0142ania energetyzuj\u0105cego NYC Diesel poprawia nastr\u00f3j i stymuluje kreatywno\u015b\u0107, dzi\u0119ki czemu jest skutecznym lekiem na depresj\u0119. Z biegiem czasu dzia\u0142anie tego szczepu wywo\u0142uje w organizmie \u0142agodny stan odpr\u0119\u017cenia, kt\u00f3ry nie powoduje senno\u015bci, ale u niekt\u00f3rych u\u017cytkownik\u00f3w mo\u017ce pobudzi\u0107 apetyt. Najskuteczniejsze zastosowanie NYC Diesel to leczenie l\u0119ku \/ niepokoju spo\u0142ecznego, depresji, przewlek\u0142ego b\u00f3lu, utraty apetytu i obni\u017conego nastroju.<\/p>\n","protected":false},"excerpt":{"rendered":"<p>Kup NYC Diesel Budderl &#8211; Ta krzy\u017c\u00f3wka odmian meksyka\u0144skich i afga\u0144skich, ta z 60-procentow\u0105 dominacj\u0105 Sativy, jest teraz dost\u0119pna w najlepszej cenie.<\/p>\n<ul>\n<li>Wysy\u0142ka na ca\u0142y \u015bwiat<\/li>\n<li><strong>Koncentrat sk\u0142adaj\u0105cy si\u0119 z 97 -99% THC<\/strong><\/li>\n<li><strong>99% czystego THC-A<\/strong><\/li>\n<li><strong>Skontaktuj si\u0119 z nami<\/strong>\u00a0w przypadku wi\u0119kszych zam\u00f3wie\u0144<\/li>\n<\/ul>\n","protected":false},"featured_media":4807,"comment_status":"open","ping_status":"closed","template":"","meta":[],"product_brand":[],"product_cat":[702],"product_tag":[],"class_list":{"0":"post-4794","1":"product","2":"type-product","3":"status-publish","4":"has-post-thumbnail","6":"product_cat-kup-konopny-wosk","8":"first","9":"instock","10":"shipping-taxable","11":"purchasable","12":"product-type-variable","13":"has-default-attributes"},"yoast_head":"<!-- This site is optimized with the Yoast SEO plugin v27.3 - https:\/\/yoast.com\/product\/yoast-seo-wordpress\/ -->\n<title>Kup NYC Diesel Budder \u2013 Najwy\u017cszej P\u00f3\u0142ki \u2013 Najlepsze Najlepsze Globalne Medycyny<\/title>\n<meta name=\"description\" content=\"Kup NYC Diesel Budderl \u2014 skrzy\u017cowanie odmian meksyka\u0144skich i afga\u0144skich, to odmiana z przewag\u0105 60% Sativy, teraz dost\u0119pna w sprzeda\u017cy w najlepszej cenie.\" \/>\n<meta name=\"robots\" content=\"index, follow, max-snippet:-1, max-image-preview:large, max-video-preview:-1\" \/>\n<link rel=\"canonical\" href=\"https:\/\/medicinasinc.com\/pl\/product\/kup-nyc-diesel-budder-gorna-polka\/\" \/>\n<meta property=\"og:locale\" content=\"en_US\" \/>\n<meta property=\"og:type\" content=\"article\" \/>\n<meta property=\"og:title\" content=\"Kup NYC Diesel Budder \u2013 Najwy\u017cszej P\u00f3\u0142ki \u2013 Najlepsze Najlepsze Globalne Medycyny\" \/>\n<meta property=\"og:description\" content=\"Kup NYC Diesel Budderl \u2014 skrzy\u017cowanie odmian meksyka\u0144skich i afga\u0144skich, to odmiana z przewag\u0105 60% Sativy, teraz dost\u0119pna w sprzeda\u017cy w najlepszej cenie.\" \/>\n<meta property=\"og:url\" content=\"https:\/\/medicinasinc.com\/pl\/product\/kup-nyc-diesel-budder-gorna-polka\/\" \/>\n<meta property=\"og:site_name\" content=\"Medicinas Inc\" \/>\n<meta property=\"article:modified_time\" content=\"2022-03-22T01:12:56+00:00\" \/>\n<meta property=\"og:image\" content=\"https:\/\/medicinasinc.com\/pl\/wp-content\/uploads\/sites\/13\/2022\/02\/Buy-NYC-Diesel-Budder..jpg\" \/>\n\t<meta property=\"og:image:width\" content=\"600\" \/>\n\t<meta property=\"og:image:height\" content=\"600\" \/>\n\t<meta property=\"og:image:type\" content=\"image\/jpeg\" \/>\n<meta name=\"twitter:card\" content=\"summary_large_image\" \/>\n<meta name=\"twitter:label1\" content=\"Est. reading time\" \/>\n\t<meta name=\"twitter:data1\" content=\"1 minute\" \/>\n<script type=\"application\/ld+json\" class=\"yoast-schema-graph\">{\"@context\":\"https:\\\/\\\/schema.org\",\"@graph\":[{\"@type\":\"WebPage\",\"@id\":\"https:\\\/\\\/medicinasinc.com\\\/pl\\\/product\\\/kup-nyc-diesel-budder-gorna-polka\\\/\",\"url\":\"https:\\\/\\\/medicinasinc.com\\\/pl\\\/product\\\/kup-nyc-diesel-budder-gorna-polka\\\/\",\"name\":\"Kup NYC Diesel Budder \u2013 Najwy\u017cszej P\u00f3\u0142ki \u2013 Najlepsze Najlepsze Globalne Medycyny\",\"isPartOf\":{\"@id\":\"https:\\\/\\\/medicinasinc.com\\\/pl\\\/#website\"},\"primaryImageOfPage\":{\"@id\":\"https:\\\/\\\/medicinasinc.com\\\/pl\\\/product\\\/kup-nyc-diesel-budder-gorna-polka\\\/#primaryimage\"},\"image\":{\"@id\":\"https:\\\/\\\/medicinasinc.com\\\/pl\\\/product\\\/kup-nyc-diesel-budder-gorna-polka\\\/#primaryimage\"},\"thumbnailUrl\":\"https:\\\/\\\/medicinasinc.com\\\/pl\\\/wp-content\\\/uploads\\\/sites\\\/13\\\/2022\\\/02\\\/Buy-NYC-Diesel-Budder..jpg\",\"datePublished\":\"2022-02-20T16:06:08+00:00\",\"dateModified\":\"2022-03-22T01:12:56+00:00\",\"description\":\"Kup NYC Diesel Budderl \u2014 skrzy\u017cowanie odmian meksyka\u0144skich i afga\u0144skich, to odmiana z przewag\u0105 60% Sativy, teraz dost\u0119pna w sprzeda\u017cy w najlepszej cenie.\",\"breadcrumb\":{\"@id\":\"https:\\\/\\\/medicinasinc.com\\\/pl\\\/product\\\/kup-nyc-diesel-budder-gorna-polka\\\/#breadcrumb\"},\"inLanguage\":\"en-US\",\"potentialAction\":[{\"@type\":\"ReadAction\",\"target\":[\"https:\\\/\\\/medicinasinc.com\\\/pl\\\/product\\\/kup-nyc-diesel-budder-gorna-polka\\\/\"]}]},{\"@type\":\"ImageObject\",\"inLanguage\":\"en-US\",\"@id\":\"https:\\\/\\\/medicinasinc.com\\\/pl\\\/product\\\/kup-nyc-diesel-budder-gorna-polka\\\/#primaryimage\",\"url\":\"https:\\\/\\\/medicinasinc.com\\\/pl\\\/wp-content\\\/uploads\\\/sites\\\/13\\\/2022\\\/02\\\/Buy-NYC-Diesel-Budder..jpg\",\"contentUrl\":\"https:\\\/\\\/medicinasinc.com\\\/pl\\\/wp-content\\\/uploads\\\/sites\\\/13\\\/2022\\\/02\\\/Buy-NYC-Diesel-Budder..jpg\",\"width\":600,\"height\":600},{\"@type\":\"BreadcrumbList\",\"@id\":\"https:\\\/\\\/medicinasinc.com\\\/pl\\\/product\\\/kup-nyc-diesel-budder-gorna-polka\\\/#breadcrumb\",\"itemListElement\":[{\"@type\":\"ListItem\",\"position\":1,\"name\":\"Sklep\",\"item\":\"https:\\\/\\\/medicinasinc.com\\\/pl\\\/sklep\\\/\"},{\"@type\":\"ListItem\",\"position\":2,\"name\":\"Kup NYC Diesel Budder \u2013 g\u00f3rna p\u00f3\u0142ka\"}]},{\"@type\":\"WebSite\",\"@id\":\"https:\\\/\\\/medicinasinc.com\\\/pl\\\/#website\",\"url\":\"https:\\\/\\\/medicinasinc.com\\\/pl\\\/\",\"name\":\"Medicinas Inc\",\"description\":\"Health Medical Clinic\",\"potentialAction\":[{\"@type\":\"SearchAction\",\"target\":{\"@type\":\"EntryPoint\",\"urlTemplate\":\"https:\\\/\\\/medicinasinc.com\\\/pl\\\/?s={search_term_string}\"},\"query-input\":{\"@type\":\"PropertyValueSpecification\",\"valueRequired\":true,\"valueName\":\"search_term_string\"}}],\"inLanguage\":\"en-US\"}]}<\/script>\n<!-- \/ Yoast SEO plugin. -->","yoast_head_json":{"title":"Kup NYC Diesel Budder \u2013 Najwy\u017cszej P\u00f3\u0142ki \u2013 Najlepsze Najlepsze Globalne Medycyny","description":"Kup NYC Diesel Budderl \u2014 skrzy\u017cowanie odmian meksyka\u0144skich i afga\u0144skich, to odmiana z przewag\u0105 60% Sativy, teraz dost\u0119pna w sprzeda\u017cy w najlepszej cenie.","robots":{"index":"index","follow":"follow","max-snippet":"max-snippet:-1","max-image-preview":"max-image-preview:large","max-video-preview":"max-video-preview:-1"},"canonical":"https:\/\/medicinasinc.com\/pl\/product\/kup-nyc-diesel-budder-gorna-polka\/","og_locale":"en_US","og_type":"article","og_title":"Kup NYC Diesel Budder \u2013 Najwy\u017cszej P\u00f3\u0142ki \u2013 Najlepsze Najlepsze Globalne Medycyny","og_description":"Kup NYC Diesel Budderl \u2014 skrzy\u017cowanie odmian meksyka\u0144skich i afga\u0144skich, to odmiana z przewag\u0105 60% Sativy, teraz dost\u0119pna w sprzeda\u017cy w najlepszej cenie.","og_url":"https:\/\/medicinasinc.com\/pl\/product\/kup-nyc-diesel-budder-gorna-polka\/","og_site_name":"Medicinas Inc","article_modified_time":"2022-03-22T01:12:56+00:00","og_image":[{"width":600,"height":600,"url":"https:\/\/medicinasinc.com\/pl\/wp-content\/uploads\/sites\/13\/2022\/02\/Buy-NYC-Diesel-Budder..jpg","type":"image\/jpeg"}],"twitter_card":"summary_large_image","twitter_misc":{"Est. reading time":"1 minute"},"schema":{"@context":"https:\/\/schema.org","@graph":[{"@type":"WebPage","@id":"https:\/\/medicinasinc.com\/pl\/product\/kup-nyc-diesel-budder-gorna-polka\/","url":"https:\/\/medicinasinc.com\/pl\/product\/kup-nyc-diesel-budder-gorna-polka\/","name":"Kup NYC Diesel Budder \u2013 Najwy\u017cszej P\u00f3\u0142ki \u2013 Najlepsze Najlepsze Globalne Medycyny","isPartOf":{"@id":"https:\/\/medicinasinc.com\/pl\/#website"},"primaryImageOfPage":{"@id":"https:\/\/medicinasinc.com\/pl\/product\/kup-nyc-diesel-budder-gorna-polka\/#primaryimage"},"image":{"@id":"https:\/\/medicinasinc.com\/pl\/product\/kup-nyc-diesel-budder-gorna-polka\/#primaryimage"},"thumbnailUrl":"https:\/\/medicinasinc.com\/pl\/wp-content\/uploads\/sites\/13\/2022\/02\/Buy-NYC-Diesel-Budder..jpg","datePublished":"2022-02-20T16:06:08+00:00","dateModified":"2022-03-22T01:12:56+00:00","description":"Kup NYC Diesel Budderl \u2014 skrzy\u017cowanie odmian meksyka\u0144skich i afga\u0144skich, to odmiana z przewag\u0105 60% Sativy, teraz dost\u0119pna w sprzeda\u017cy w najlepszej cenie.","breadcrumb":{"@id":"https:\/\/medicinasinc.com\/pl\/product\/kup-nyc-diesel-budder-gorna-polka\/#breadcrumb"},"inLanguage":"en-US","potentialAction":[{"@type":"ReadAction","target":["https:\/\/medicinasinc.com\/pl\/product\/kup-nyc-diesel-budder-gorna-polka\/"]}]},{"@type":"ImageObject","inLanguage":"en-US","@id":"https:\/\/medicinasinc.com\/pl\/product\/kup-nyc-diesel-budder-gorna-polka\/#primaryimage","url":"https:\/\/medicinasinc.com\/pl\/wp-content\/uploads\/sites\/13\/2022\/02\/Buy-NYC-Diesel-Budder..jpg","contentUrl":"https:\/\/medicinasinc.com\/pl\/wp-content\/uploads\/sites\/13\/2022\/02\/Buy-NYC-Diesel-Budder..jpg","width":600,"height":600},{"@type":"BreadcrumbList","@id":"https:\/\/medicinasinc.com\/pl\/product\/kup-nyc-diesel-budder-gorna-polka\/#breadcrumb","itemListElement":[{"@type":"ListItem","position":1,"name":"Sklep","item":"https:\/\/medicinasinc.com\/pl\/sklep\/"},{"@type":"ListItem","position":2,"name":"Kup NYC Diesel Budder \u2013 g\u00f3rna p\u00f3\u0142ka"}]},{"@type":"WebSite","@id":"https:\/\/medicinasinc.com\/pl\/#website","url":"https:\/\/medicinasinc.com\/pl\/","name":"Medicinas Inc","description":"Health Medical Clinic","potentialAction":[{"@type":"SearchAction","target":{"@type":"EntryPoint","urlTemplate":"https:\/\/medicinasinc.com\/pl\/?s={search_term_string}"},"query-input":{"@type":"PropertyValueSpecification","valueRequired":true,"valueName":"search_term_string"}}],"inLanguage":"en-US"}]}},"_links":{"self":[{"href":"https:\/\/medicinasinc.com\/pl\/wp-json\/wp\/v2\/product\/4794","targetHints":{"allow":["GET"]}}],"collection":[{"href":"https:\/\/medicinasinc.com\/pl\/wp-json\/wp\/v2\/product"}],"about":[{"href":"https:\/\/medicinasinc.com\/pl\/wp-json\/wp\/v2\/types\/product"}],"replies":[{"embeddable":true,"href":"https:\/\/medicinasinc.com\/pl\/wp-json\/wp\/v2\/comments?post=4794"}],"wp:featuredmedia":[{"embeddable":true,"href":"https:\/\/medicinasinc.com\/pl\/wp-json\/wp\/v2\/media\/4807"}],"wp:attachment":[{"href":"https:\/\/medicinasinc.com\/pl\/wp-json\/wp\/v2\/media?parent=4794"}],"wp:term":[{"taxonomy":"product_brand","embeddable":true,"href":"https:\/\/medicinasinc.com\/pl\/wp-json\/wp\/v2\/product_brand?post=4794"},{"taxonomy":"product_cat","embeddable":true,"href":"https:\/\/medicinasinc.com\/pl\/wp-json\/wp\/v2\/product_cat?post=4794"},{"taxonomy":"product_tag","embeddable":true,"href":"https:\/\/medicinasinc.com\/pl\/wp-json\/wp\/v2\/product_tag?post=4794"}],"curies":[{"name":"wp","href":"https:\/\/api.w.org\/{rel}","templated":true}]}}