{"id":4780,"date":"2022-02-20T15:56:42","date_gmt":"2022-02-20T15:56:42","guid":{"rendered":"https:\/\/medicinasinc.com\/pl\/?post_type=product&#038;p=4780"},"modified":"2022-03-22T01:13:04","modified_gmt":"2022-03-22T01:13:04","slug":"kup-tlusty-rozowy-bubba-budder-gorna-polka","status":"publish","type":"product","link":"https:\/\/medicinasinc.com\/pl\/product\/kup-tlusty-rozowy-bubba-budder-gorna-polka\/","title":{"rendered":"Kup Greasy Pink Bubba Budder \u2013 g\u00f3rna p\u00f3\u0142ka"},"content":{"rendered":"<p>Kup Greasy Pink Bubba Budder od sprzedawcy z najwy\u017cszej p\u00f3\u0142ki.<\/p>\n<p>\u201eGreasy\u201d Pink Bubba to przede wszystkim szczep Indica wywodz\u0105cy si\u0119 z genetyki Pink Kush i Bubba Kush. By\u0107 mo\u017ce najlepiej smakowa\u0107 wieczorem, \u201eT\u0142usty\u201d Pink Bubba zapewnia pot\u0119\u017cn\u0105 dawk\u0119 fizycznego relaksu, kt\u00f3ra natychmiast \u0142agodzi b\u00f3le cia\u0142a. Temu spokojnemu odpr\u0119\u017ceniu towarzyszy spokojna euforia, stopniowo wprowadzaj\u0105c u\u017cytkownika w stan marzenia i spokoju. Efekty \u201eT\u0142ustego\u201d Pink Bubba stopniowo wkradaj\u0105 si\u0119 na u\u017cytkownika, delikatnie wci\u0105gaj\u0105c go w b\u0142ogie relaksuj\u0105ce efekty. Ta odmiana ma klasyczny aromat Kush, z ziemistymi i r\u00f3\u017cowymi odcieniami oraz kwiatowymi nutami, kt\u00f3re utrzymuj\u0105 si\u0119 na podniebieniu. Pink Bubba \u201eT\u0142usty\u201d mo\u017ce by\u0107 stosowany w leczeniu r\u00f3\u017cnych schorze\u0144, w tym depresji, l\u0119ku, przewlek\u0142ego stresu, nudno\u015bci, przewlek\u0142ego b\u00f3lu i stan\u00f3w zapalnych, migren\/b\u00f3l\u00f3w g\u0142owy i bezsenno\u015bci.<\/p>\n","protected":false},"excerpt":{"rendered":"<p>Kup Greasy Pink Bubba Budder od sprzedawcy z najwy\u017cszej p\u00f3\u0142ki.<\/p>\n<p>&nbsp;<\/p>\n<ul>\n<li>Wysy\u0142ka na ca\u0142y \u015bwiat<\/li>\n<li>Minimalna wielko\u015b\u0107 zam\u00f3wienia to <strong> 3<\/strong><\/li>\n<li><strong>Skontaktuj si\u0119 z nami<\/strong>\u00a0w przypadku wi\u0119kszych zam\u00f3wie\u0144<\/li>\n<\/ul>\n","protected":false},"featured_media":4795,"comment_status":"open","ping_status":"closed","template":"","meta":[],"product_brand":[],"product_cat":[702],"product_tag":[],"class_list":{"0":"post-4780","1":"product","2":"type-product","3":"status-publish","4":"has-post-thumbnail","6":"product_cat-kup-konopny-wosk","8":"first","9":"instock","10":"shipping-taxable","11":"purchasable","12":"product-type-variable","13":"has-default-attributes"},"yoast_head":"<!-- This site is optimized with the Yoast SEO plugin v27.3 - https:\/\/yoast.com\/product\/yoast-seo-wordpress\/ -->\n<title>Kup Greasy Pink Bubba Budder \u2013 g\u00f3rna p\u00f3\u0142ka - Medicinas Inc<\/title>\n<meta name=\"description\" content=\"Kup Greasy Pink Bubba Budder w sklepie z najwy\u017cszej p\u00f3\u0142ki.\" \/>\n<meta name=\"robots\" content=\"index, follow, max-snippet:-1, max-image-preview:large, max-video-preview:-1\" \/>\n<link rel=\"canonical\" href=\"https:\/\/medicinasinc.com\/pl\/product\/kup-tlusty-rozowy-bubba-budder-gorna-polka\/\" \/>\n<meta property=\"og:locale\" content=\"en_US\" \/>\n<meta property=\"og:type\" content=\"article\" \/>\n<meta property=\"og:title\" content=\"Kup Greasy Pink Bubba Budder \u2013 g\u00f3rna p\u00f3\u0142ka - Medicinas Inc\" \/>\n<meta property=\"og:description\" content=\"Kup Greasy Pink Bubba Budder w sklepie z najwy\u017cszej p\u00f3\u0142ki.\" \/>\n<meta property=\"og:url\" content=\"https:\/\/medicinasinc.com\/pl\/product\/kup-tlusty-rozowy-bubba-budder-gorna-polka\/\" \/>\n<meta property=\"og:site_name\" content=\"Medicinas Inc\" \/>\n<meta property=\"article:modified_time\" content=\"2022-03-22T01:13:04+00:00\" \/>\n<meta property=\"og:image\" content=\"https:\/\/medicinasinc.com\/pl\/wp-content\/uploads\/sites\/13\/2022\/02\/Buy-Greasy-Pink-Bubba-Budder.jpg\" \/>\n\t<meta property=\"og:image:width\" content=\"600\" \/>\n\t<meta property=\"og:image:height\" content=\"600\" \/>\n\t<meta property=\"og:image:type\" content=\"image\/jpeg\" \/>\n<meta name=\"twitter:card\" content=\"summary_large_image\" \/>\n<meta name=\"twitter:label1\" content=\"Est. reading time\" \/>\n\t<meta name=\"twitter:data1\" content=\"1 minute\" \/>\n<script type=\"application\/ld+json\" class=\"yoast-schema-graph\">{\"@context\":\"https:\\\/\\\/schema.org\",\"@graph\":[{\"@type\":\"WebPage\",\"@id\":\"https:\\\/\\\/medicinasinc.com\\\/pl\\\/product\\\/kup-tlusty-rozowy-bubba-budder-gorna-polka\\\/\",\"url\":\"https:\\\/\\\/medicinasinc.com\\\/pl\\\/product\\\/kup-tlusty-rozowy-bubba-budder-gorna-polka\\\/\",\"name\":\"Kup Greasy Pink Bubba Budder \u2013 g\u00f3rna p\u00f3\u0142ka - Medicinas Inc\",\"isPartOf\":{\"@id\":\"https:\\\/\\\/medicinasinc.com\\\/pl\\\/#website\"},\"primaryImageOfPage\":{\"@id\":\"https:\\\/\\\/medicinasinc.com\\\/pl\\\/product\\\/kup-tlusty-rozowy-bubba-budder-gorna-polka\\\/#primaryimage\"},\"image\":{\"@id\":\"https:\\\/\\\/medicinasinc.com\\\/pl\\\/product\\\/kup-tlusty-rozowy-bubba-budder-gorna-polka\\\/#primaryimage\"},\"thumbnailUrl\":\"https:\\\/\\\/medicinasinc.com\\\/pl\\\/wp-content\\\/uploads\\\/sites\\\/13\\\/2022\\\/02\\\/Buy-Greasy-Pink-Bubba-Budder.jpg\",\"datePublished\":\"2022-02-20T15:56:42+00:00\",\"dateModified\":\"2022-03-22T01:13:04+00:00\",\"description\":\"Kup Greasy Pink Bubba Budder w sklepie z najwy\u017cszej p\u00f3\u0142ki.\",\"breadcrumb\":{\"@id\":\"https:\\\/\\\/medicinasinc.com\\\/pl\\\/product\\\/kup-tlusty-rozowy-bubba-budder-gorna-polka\\\/#breadcrumb\"},\"inLanguage\":\"en-US\",\"potentialAction\":[{\"@type\":\"ReadAction\",\"target\":[\"https:\\\/\\\/medicinasinc.com\\\/pl\\\/product\\\/kup-tlusty-rozowy-bubba-budder-gorna-polka\\\/\"]}]},{\"@type\":\"ImageObject\",\"inLanguage\":\"en-US\",\"@id\":\"https:\\\/\\\/medicinasinc.com\\\/pl\\\/product\\\/kup-tlusty-rozowy-bubba-budder-gorna-polka\\\/#primaryimage\",\"url\":\"https:\\\/\\\/medicinasinc.com\\\/pl\\\/wp-content\\\/uploads\\\/sites\\\/13\\\/2022\\\/02\\\/Buy-Greasy-Pink-Bubba-Budder.jpg\",\"contentUrl\":\"https:\\\/\\\/medicinasinc.com\\\/pl\\\/wp-content\\\/uploads\\\/sites\\\/13\\\/2022\\\/02\\\/Buy-Greasy-Pink-Bubba-Budder.jpg\",\"width\":600,\"height\":600},{\"@type\":\"BreadcrumbList\",\"@id\":\"https:\\\/\\\/medicinasinc.com\\\/pl\\\/product\\\/kup-tlusty-rozowy-bubba-budder-gorna-polka\\\/#breadcrumb\",\"itemListElement\":[{\"@type\":\"ListItem\",\"position\":1,\"name\":\"Sklep\",\"item\":\"https:\\\/\\\/medicinasinc.com\\\/pl\\\/sklep\\\/\"},{\"@type\":\"ListItem\",\"position\":2,\"name\":\"Kup Greasy Pink Bubba Budder \u2013 g\u00f3rna p\u00f3\u0142ka\"}]},{\"@type\":\"WebSite\",\"@id\":\"https:\\\/\\\/medicinasinc.com\\\/pl\\\/#website\",\"url\":\"https:\\\/\\\/medicinasinc.com\\\/pl\\\/\",\"name\":\"Medicinas Inc\",\"description\":\"Health Medical Clinic\",\"potentialAction\":[{\"@type\":\"SearchAction\",\"target\":{\"@type\":\"EntryPoint\",\"urlTemplate\":\"https:\\\/\\\/medicinasinc.com\\\/pl\\\/?s={search_term_string}\"},\"query-input\":{\"@type\":\"PropertyValueSpecification\",\"valueRequired\":true,\"valueName\":\"search_term_string\"}}],\"inLanguage\":\"en-US\"}]}<\/script>\n<!-- \/ Yoast SEO plugin. -->","yoast_head_json":{"title":"Kup Greasy Pink Bubba Budder \u2013 g\u00f3rna p\u00f3\u0142ka - Medicinas Inc","description":"Kup Greasy Pink Bubba Budder w sklepie z najwy\u017cszej p\u00f3\u0142ki.","robots":{"index":"index","follow":"follow","max-snippet":"max-snippet:-1","max-image-preview":"max-image-preview:large","max-video-preview":"max-video-preview:-1"},"canonical":"https:\/\/medicinasinc.com\/pl\/product\/kup-tlusty-rozowy-bubba-budder-gorna-polka\/","og_locale":"en_US","og_type":"article","og_title":"Kup Greasy Pink Bubba Budder \u2013 g\u00f3rna p\u00f3\u0142ka - Medicinas Inc","og_description":"Kup Greasy Pink Bubba Budder w sklepie z najwy\u017cszej p\u00f3\u0142ki.","og_url":"https:\/\/medicinasinc.com\/pl\/product\/kup-tlusty-rozowy-bubba-budder-gorna-polka\/","og_site_name":"Medicinas Inc","article_modified_time":"2022-03-22T01:13:04+00:00","og_image":[{"width":600,"height":600,"url":"https:\/\/medicinasinc.com\/pl\/wp-content\/uploads\/sites\/13\/2022\/02\/Buy-Greasy-Pink-Bubba-Budder.jpg","type":"image\/jpeg"}],"twitter_card":"summary_large_image","twitter_misc":{"Est. reading time":"1 minute"},"schema":{"@context":"https:\/\/schema.org","@graph":[{"@type":"WebPage","@id":"https:\/\/medicinasinc.com\/pl\/product\/kup-tlusty-rozowy-bubba-budder-gorna-polka\/","url":"https:\/\/medicinasinc.com\/pl\/product\/kup-tlusty-rozowy-bubba-budder-gorna-polka\/","name":"Kup Greasy Pink Bubba Budder \u2013 g\u00f3rna p\u00f3\u0142ka - Medicinas Inc","isPartOf":{"@id":"https:\/\/medicinasinc.com\/pl\/#website"},"primaryImageOfPage":{"@id":"https:\/\/medicinasinc.com\/pl\/product\/kup-tlusty-rozowy-bubba-budder-gorna-polka\/#primaryimage"},"image":{"@id":"https:\/\/medicinasinc.com\/pl\/product\/kup-tlusty-rozowy-bubba-budder-gorna-polka\/#primaryimage"},"thumbnailUrl":"https:\/\/medicinasinc.com\/pl\/wp-content\/uploads\/sites\/13\/2022\/02\/Buy-Greasy-Pink-Bubba-Budder.jpg","datePublished":"2022-02-20T15:56:42+00:00","dateModified":"2022-03-22T01:13:04+00:00","description":"Kup Greasy Pink Bubba Budder w sklepie z najwy\u017cszej p\u00f3\u0142ki.","breadcrumb":{"@id":"https:\/\/medicinasinc.com\/pl\/product\/kup-tlusty-rozowy-bubba-budder-gorna-polka\/#breadcrumb"},"inLanguage":"en-US","potentialAction":[{"@type":"ReadAction","target":["https:\/\/medicinasinc.com\/pl\/product\/kup-tlusty-rozowy-bubba-budder-gorna-polka\/"]}]},{"@type":"ImageObject","inLanguage":"en-US","@id":"https:\/\/medicinasinc.com\/pl\/product\/kup-tlusty-rozowy-bubba-budder-gorna-polka\/#primaryimage","url":"https:\/\/medicinasinc.com\/pl\/wp-content\/uploads\/sites\/13\/2022\/02\/Buy-Greasy-Pink-Bubba-Budder.jpg","contentUrl":"https:\/\/medicinasinc.com\/pl\/wp-content\/uploads\/sites\/13\/2022\/02\/Buy-Greasy-Pink-Bubba-Budder.jpg","width":600,"height":600},{"@type":"BreadcrumbList","@id":"https:\/\/medicinasinc.com\/pl\/product\/kup-tlusty-rozowy-bubba-budder-gorna-polka\/#breadcrumb","itemListElement":[{"@type":"ListItem","position":1,"name":"Sklep","item":"https:\/\/medicinasinc.com\/pl\/sklep\/"},{"@type":"ListItem","position":2,"name":"Kup Greasy Pink Bubba Budder \u2013 g\u00f3rna p\u00f3\u0142ka"}]},{"@type":"WebSite","@id":"https:\/\/medicinasinc.com\/pl\/#website","url":"https:\/\/medicinasinc.com\/pl\/","name":"Medicinas Inc","description":"Health Medical Clinic","potentialAction":[{"@type":"SearchAction","target":{"@type":"EntryPoint","urlTemplate":"https:\/\/medicinasinc.com\/pl\/?s={search_term_string}"},"query-input":{"@type":"PropertyValueSpecification","valueRequired":true,"valueName":"search_term_string"}}],"inLanguage":"en-US"}]}},"_links":{"self":[{"href":"https:\/\/medicinasinc.com\/pl\/wp-json\/wp\/v2\/product\/4780","targetHints":{"allow":["GET"]}}],"collection":[{"href":"https:\/\/medicinasinc.com\/pl\/wp-json\/wp\/v2\/product"}],"about":[{"href":"https:\/\/medicinasinc.com\/pl\/wp-json\/wp\/v2\/types\/product"}],"replies":[{"embeddable":true,"href":"https:\/\/medicinasinc.com\/pl\/wp-json\/wp\/v2\/comments?post=4780"}],"wp:featuredmedia":[{"embeddable":true,"href":"https:\/\/medicinasinc.com\/pl\/wp-json\/wp\/v2\/media\/4795"}],"wp:attachment":[{"href":"https:\/\/medicinasinc.com\/pl\/wp-json\/wp\/v2\/media?parent=4780"}],"wp:term":[{"taxonomy":"product_brand","embeddable":true,"href":"https:\/\/medicinasinc.com\/pl\/wp-json\/wp\/v2\/product_brand?post=4780"},{"taxonomy":"product_cat","embeddable":true,"href":"https:\/\/medicinasinc.com\/pl\/wp-json\/wp\/v2\/product_cat?post=4780"},{"taxonomy":"product_tag","embeddable":true,"href":"https:\/\/medicinasinc.com\/pl\/wp-json\/wp\/v2\/product_tag?post=4780"}],"curies":[{"name":"wp","href":"https:\/\/api.w.org\/{rel}","templated":true}]}}