{"id":4768,"date":"2022-02-20T15:46:58","date_gmt":"2022-02-20T15:46:58","guid":{"rendered":"https:\/\/medicinasinc.com\/pl\/?post_type=product&#038;p=4768"},"modified":"2022-03-22T01:13:25","modified_gmt":"2022-03-22T01:13:25","slug":"kup-k2-kadzidlo-spray","status":"publish","type":"product","link":"https:\/\/medicinasinc.com\/pl\/product\/kup-k2-kadzidlo-spray\/","title":{"rendered":"Kup spray do kadzide\u0142 K2"},"content":{"rendered":"<p>Zakup online K2 Incense Spray<\/p>\n<p>Dodatkowo sprzedajemy papier K2.<\/p>\n<p>K2 spray jest dost\u0119pny w sprzeda\u017cy. Jest bezwonny i bezbarwny.<\/p>\n<p>25 ml wystarcza do rozpylenia ca\u0142ego arkusza papieru A4.<\/p>\n<p>Smak i K2 to dwie najpopularniejsze nazwy syntetycznej marihuany. S\u0105 zbudowane z suszonego materia\u0142u ro\u015blinnego, kt\u00f3ry zosta\u0142 nasycony zmodyfikowanym kannabinoidem. Zaprojektowane kannabinoidy to syntetyczne zwi\u0105zki, kt\u00f3re dzia\u0142aj\u0105 na m\u00f3zgowe receptory kannabinoidowe w taki sam spos\u00f3b, jak Delta9-tetrahydrokannabinol (THC). Osoby u\u017cywaj\u0105ce Spice zg\u0142aszaj\u0105, \u017ce do\u015bwiadczaj\u0105 podobnych odczu\u0107 do tych zwi\u0105zanych z marihuan\u0105. Marihuana to ro\u015blina zawieraj\u0105ca kannabinoidy, kt\u00f3re s\u0105 mieszankami. Smak i K2 to dwa terminy, kt\u00f3re odnosz\u0105 si\u0119 do zbioru recept okre\u015blanych jako zaprojektowane (zmodyfikowane) kannabinoidy. S\u0105 zbudowane z suszonych materia\u0142\u00f3w ro\u015blinnych, kt\u00f3re zosta\u0142y spryskane zmieniaj\u0105cymi umys\u0142 syntetycznymi chemikaliami. Analitycy pocz\u0105tkowo zaaran\u017cowali te produkowane leki, aby wykorzysta\u0107 je w badaniu.<\/p>\n<p>Dodatkowo K2 jest dost\u0119pny w postaci p\u0142ynnej, kt\u00f3ra ulega degradacji w e-papierosach. Dodatkowo jest w\u0119dzona w fajkach, jointach lub przerabiana na herbat\u0119. K2 jest nast\u0119pnie posypywany ro\u015blinami, papierem i w\u0142\u00f3knami w stanie p\u0142ynnym. Podczas gdy skutki palenia Spice mog\u0105 przypomina\u0107 skutki palenia marihuany, g\u0142\u00f3wnym powodem, dla kt\u00f3rego ludzie pal\u0105 Spice, jest to, \u017ce jest skromny, a bior\u0105c pod uwag\u0119, jak wiadomo, jest\u2026 Zazwyczaj ta substancja jest sprzedawana jako substancja ro\u015blinna. Niezale\u017cnie od tego, \u017ce sprzedajemy wyj\u0105tkowy smak K2, kruszywo naszych mieszanek in\u017cynieryjnych spe\u0142nia wszystkie obowi\u0105zuj\u0105ce przepisy. Kup kadzide\u0142ko zio\u0142owe online Rozpal swoje zmys\u0142y silnym kadzid\u0142em zio\u0142owym K2! Podczas gdy inni sprzedaj\u0105 martwe mieszanki bez udawania mocy, kupuj\u0105c od nas K2, nasza jako\u015b\u0107 m\u00f3wi sama za siebie! Sprzedajemy wyj\u0105tkowe kadzide\u0142ka zio\u0142owe i jeste\u015bmy unikatowi w\u015br\u00f3d handlarzy zi\u00f3\u0142. Dodatkowo okre\u015blany jako K2, Synthetic Marijuana i Synthetic Weed spray do kadzide\u0142, K2 spray na sprzeda\u017c to sztuczny uliczny \u015brodek uspokajaj\u0105cy, kt\u00f3ry zawiera opracowane substancje rozpylane na aromaty. Na papierze p\u0142yn k2. W sieci mo\u017cna kupi\u0107 K2 Spray i kadzide\u0142ko fluidalne. Kup wysokiej jako\u015bci papier zing K2 i dostarcz go pod Twoje drzwi. Trafi\u0142e\u015b we w\u0142a\u015bciwe miejsce, je\u015bli szukasz najlepszych lokalnych p\u0142yn\u00f3w kadzide\u0142kowych i e-liquid\u00f3w K2 w sieci. Sprzedajemy wi\u0119kszo\u015b\u0107 p\u0142yn\u00f3w lokalnych K2 angered po najni\u017cszych mo\u017cliwych cenach, aby sprosta\u0107 wymaganiom wszystkich klient\u00f3w w Stanach Zjednoczonych Ameryki i na ca\u0142ym \u015bwiecie. Inn\u0105 godn\u0105 uwagi aplikacj\u0105 jest stworzenie prysznica K2, kt\u00f3ry b\u0119dzie og\u00f3lnie stosowany miejscowo. Jest to absolutnie konieczne. Produkowane kannabinoidy, powszechnie okre\u015blane jako \u201esmak\u201d lub \u201eK2\u201d, sta\u0142y si\u0119 legalne w Stanach Zjednoczonych na pocz\u0105tku XXI wieku. Oryginalny papier przyprawowy K2. Sprzedajemy najlepszy papier mieszany K2 dost\u0119pny online. Kup to natychmiast. Z czego powstaje marihuana (znana r\u00f3wnie\u017c jako syntetyczne kannabinoidy, K2 lub Spice)? Mamy najlepszy wyb\u00f3r lokalnych kadzide\u0142 w sieci.<\/p>\n","protected":false},"excerpt":{"rendered":"<div class=\"woocommerce-product-details__short-description\">\n<p>Kup K2 Incense Spray, bezwonny i bezbarwny spray do kadzide\u0142. 25 ml wystarcza na spryskanie ca\u0142ego arkusza papieru A4. Dodatkowo sprzedajemy papier K2.<\/p>\n<p>K2 spray spice diablo amazon, hurtownia k2 spray, najsilniejszy spray k2 na sprzeda\u017c, legal high spray k2 na sprzeda\u017c, spray k2 na sprzeda\u017c online w Wielkiej Brytanii, kadzid\u0142o w sprayu w p\u0142ynie, papier k2 sk\u0142adniki, arkusze papieru przyprawowego k2<\/p>\n<\/p><\/div>\n","protected":false},"featured_media":4783,"comment_status":"open","ping_status":"closed","template":"","meta":[],"product_brand":[],"product_cat":[690],"product_tag":[695,694,697,696,698,699,700,701],"class_list":{"0":"post-4768","1":"product","2":"type-product","3":"status-publish","4":"has-post-thumbnail","6":"product_cat-kup-papier-k2","7":"product_tag-k2-przyprawy-papier-arkusze","8":"product_tag-k2-papier-skadniki","9":"product_tag-k2-spray-do-sprzeday-online-pl","10":"product_tag-k2-spice-spray-diablo-amazon","11":"product_tag-legal-high-spice-spray-na-sprzeda","12":"product_tag-liquid-spray-incense","13":"product_tag-najsilniejszy-k2-spray-do-sprzeday","14":"product_tag-hurtownia-k2-spray","16":"first","17":"instock","18":"shipping-taxable","19":"purchasable","20":"product-type-variable","21":"has-default-attributes"},"yoast_head":"<!-- This site is optimized with the Yoast SEO plugin v27.3 - https:\/\/yoast.com\/product\/yoast-seo-wordpress\/ -->\n<title>Kup kadzide\u0142ko K2 w sprayu online - najlepsze najlepsze \u015bwiatowe leki<\/title>\n<meta name=\"description\" content=\"Kupi\u0119 K2 Incense Spray, bezwonny i bezbarwny spray K2 dost\u0119pny w sprzeda\u017cy. Potrzebujesz 25 ml do spryskania ca\u0142ego arkusza papieru A4. W sprzeda\u017cy posiadamy r\u00f3wnie\u017c papier K2.\" \/>\n<meta name=\"robots\" content=\"index, follow, max-snippet:-1, max-image-preview:large, max-video-preview:-1\" \/>\n<link rel=\"canonical\" href=\"https:\/\/medicinasinc.com\/pl\/product\/kup-k2-kadzidlo-spray\/\" \/>\n<meta property=\"og:locale\" content=\"en_US\" \/>\n<meta property=\"og:type\" content=\"article\" \/>\n<meta property=\"og:title\" content=\"Kup kadzide\u0142ko K2 w sprayu online - najlepsze najlepsze \u015bwiatowe leki\" \/>\n<meta property=\"og:description\" content=\"Kupi\u0119 K2 Incense Spray, bezwonny i bezbarwny spray K2 dost\u0119pny w sprzeda\u017cy. Potrzebujesz 25 ml do spryskania ca\u0142ego arkusza papieru A4. W sprzeda\u017cy posiadamy r\u00f3wnie\u017c papier K2.\" \/>\n<meta property=\"og:url\" content=\"https:\/\/medicinasinc.com\/pl\/product\/kup-k2-kadzidlo-spray\/\" \/>\n<meta property=\"og:site_name\" content=\"Medicinas Inc\" \/>\n<meta property=\"article:modified_time\" content=\"2022-03-22T01:13:25+00:00\" \/>\n<meta property=\"og:image\" content=\"https:\/\/medicinasinc.com\/pl\/wp-content\/uploads\/sites\/13\/2022\/02\/Buy-K2-Incense-Spray.png\" \/>\n\t<meta property=\"og:image:width\" content=\"873\" \/>\n\t<meta property=\"og:image:height\" content=\"433\" \/>\n\t<meta property=\"og:image:type\" content=\"image\/png\" \/>\n<meta name=\"twitter:card\" content=\"summary_large_image\" \/>\n<meta name=\"twitter:label1\" content=\"Est. reading time\" \/>\n\t<meta name=\"twitter:data1\" content=\"3 minutes\" \/>\n<script type=\"application\/ld+json\" class=\"yoast-schema-graph\">{\"@context\":\"https:\\\/\\\/schema.org\",\"@graph\":[{\"@type\":\"WebPage\",\"@id\":\"https:\\\/\\\/medicinasinc.com\\\/pl\\\/product\\\/kup-k2-kadzidlo-spray\\\/\",\"url\":\"https:\\\/\\\/medicinasinc.com\\\/pl\\\/product\\\/kup-k2-kadzidlo-spray\\\/\",\"name\":\"Kup kadzide\u0142ko K2 w sprayu online - najlepsze najlepsze \u015bwiatowe leki\",\"isPartOf\":{\"@id\":\"https:\\\/\\\/medicinasinc.com\\\/pl\\\/#website\"},\"primaryImageOfPage\":{\"@id\":\"https:\\\/\\\/medicinasinc.com\\\/pl\\\/product\\\/kup-k2-kadzidlo-spray\\\/#primaryimage\"},\"image\":{\"@id\":\"https:\\\/\\\/medicinasinc.com\\\/pl\\\/product\\\/kup-k2-kadzidlo-spray\\\/#primaryimage\"},\"thumbnailUrl\":\"https:\\\/\\\/medicinasinc.com\\\/pl\\\/wp-content\\\/uploads\\\/sites\\\/13\\\/2022\\\/02\\\/Buy-K2-Incense-Spray.png\",\"datePublished\":\"2022-02-20T15:46:58+00:00\",\"dateModified\":\"2022-03-22T01:13:25+00:00\",\"description\":\"Kupi\u0119 K2 Incense Spray, bezwonny i bezbarwny spray K2 dost\u0119pny w sprzeda\u017cy. Potrzebujesz 25 ml do spryskania ca\u0142ego arkusza papieru A4. W sprzeda\u017cy posiadamy r\u00f3wnie\u017c papier K2.\",\"breadcrumb\":{\"@id\":\"https:\\\/\\\/medicinasinc.com\\\/pl\\\/product\\\/kup-k2-kadzidlo-spray\\\/#breadcrumb\"},\"inLanguage\":\"en-US\",\"potentialAction\":[{\"@type\":\"ReadAction\",\"target\":[\"https:\\\/\\\/medicinasinc.com\\\/pl\\\/product\\\/kup-k2-kadzidlo-spray\\\/\"]}]},{\"@type\":\"ImageObject\",\"inLanguage\":\"en-US\",\"@id\":\"https:\\\/\\\/medicinasinc.com\\\/pl\\\/product\\\/kup-k2-kadzidlo-spray\\\/#primaryimage\",\"url\":\"https:\\\/\\\/medicinasinc.com\\\/pl\\\/wp-content\\\/uploads\\\/sites\\\/13\\\/2022\\\/02\\\/Buy-K2-Incense-Spray.png\",\"contentUrl\":\"https:\\\/\\\/medicinasinc.com\\\/pl\\\/wp-content\\\/uploads\\\/sites\\\/13\\\/2022\\\/02\\\/Buy-K2-Incense-Spray.png\",\"width\":873,\"height\":433},{\"@type\":\"BreadcrumbList\",\"@id\":\"https:\\\/\\\/medicinasinc.com\\\/pl\\\/product\\\/kup-k2-kadzidlo-spray\\\/#breadcrumb\",\"itemListElement\":[{\"@type\":\"ListItem\",\"position\":1,\"name\":\"Sklep\",\"item\":\"https:\\\/\\\/medicinasinc.com\\\/pl\\\/sklep\\\/\"},{\"@type\":\"ListItem\",\"position\":2,\"name\":\"Kup spray do kadzide\u0142 K2\"}]},{\"@type\":\"WebSite\",\"@id\":\"https:\\\/\\\/medicinasinc.com\\\/pl\\\/#website\",\"url\":\"https:\\\/\\\/medicinasinc.com\\\/pl\\\/\",\"name\":\"Medicinas Inc\",\"description\":\"Health Medical Clinic\",\"potentialAction\":[{\"@type\":\"SearchAction\",\"target\":{\"@type\":\"EntryPoint\",\"urlTemplate\":\"https:\\\/\\\/medicinasinc.com\\\/pl\\\/?s={search_term_string}\"},\"query-input\":{\"@type\":\"PropertyValueSpecification\",\"valueRequired\":true,\"valueName\":\"search_term_string\"}}],\"inLanguage\":\"en-US\"}]}<\/script>\n<!-- \/ Yoast SEO plugin. -->","yoast_head_json":{"title":"Kup kadzide\u0142ko K2 w sprayu online - najlepsze najlepsze \u015bwiatowe leki","description":"Kupi\u0119 K2 Incense Spray, bezwonny i bezbarwny spray K2 dost\u0119pny w sprzeda\u017cy. Potrzebujesz 25 ml do spryskania ca\u0142ego arkusza papieru A4. W sprzeda\u017cy posiadamy r\u00f3wnie\u017c papier K2.","robots":{"index":"index","follow":"follow","max-snippet":"max-snippet:-1","max-image-preview":"max-image-preview:large","max-video-preview":"max-video-preview:-1"},"canonical":"https:\/\/medicinasinc.com\/pl\/product\/kup-k2-kadzidlo-spray\/","og_locale":"en_US","og_type":"article","og_title":"Kup kadzide\u0142ko K2 w sprayu online - najlepsze najlepsze \u015bwiatowe leki","og_description":"Kupi\u0119 K2 Incense Spray, bezwonny i bezbarwny spray K2 dost\u0119pny w sprzeda\u017cy. Potrzebujesz 25 ml do spryskania ca\u0142ego arkusza papieru A4. W sprzeda\u017cy posiadamy r\u00f3wnie\u017c papier K2.","og_url":"https:\/\/medicinasinc.com\/pl\/product\/kup-k2-kadzidlo-spray\/","og_site_name":"Medicinas Inc","article_modified_time":"2022-03-22T01:13:25+00:00","og_image":[{"width":873,"height":433,"url":"https:\/\/medicinasinc.com\/pl\/wp-content\/uploads\/sites\/13\/2022\/02\/Buy-K2-Incense-Spray.png","type":"image\/png"}],"twitter_card":"summary_large_image","twitter_misc":{"Est. reading time":"3 minutes"},"schema":{"@context":"https:\/\/schema.org","@graph":[{"@type":"WebPage","@id":"https:\/\/medicinasinc.com\/pl\/product\/kup-k2-kadzidlo-spray\/","url":"https:\/\/medicinasinc.com\/pl\/product\/kup-k2-kadzidlo-spray\/","name":"Kup kadzide\u0142ko K2 w sprayu online - najlepsze najlepsze \u015bwiatowe leki","isPartOf":{"@id":"https:\/\/medicinasinc.com\/pl\/#website"},"primaryImageOfPage":{"@id":"https:\/\/medicinasinc.com\/pl\/product\/kup-k2-kadzidlo-spray\/#primaryimage"},"image":{"@id":"https:\/\/medicinasinc.com\/pl\/product\/kup-k2-kadzidlo-spray\/#primaryimage"},"thumbnailUrl":"https:\/\/medicinasinc.com\/pl\/wp-content\/uploads\/sites\/13\/2022\/02\/Buy-K2-Incense-Spray.png","datePublished":"2022-02-20T15:46:58+00:00","dateModified":"2022-03-22T01:13:25+00:00","description":"Kupi\u0119 K2 Incense Spray, bezwonny i bezbarwny spray K2 dost\u0119pny w sprzeda\u017cy. Potrzebujesz 25 ml do spryskania ca\u0142ego arkusza papieru A4. W sprzeda\u017cy posiadamy r\u00f3wnie\u017c papier K2.","breadcrumb":{"@id":"https:\/\/medicinasinc.com\/pl\/product\/kup-k2-kadzidlo-spray\/#breadcrumb"},"inLanguage":"en-US","potentialAction":[{"@type":"ReadAction","target":["https:\/\/medicinasinc.com\/pl\/product\/kup-k2-kadzidlo-spray\/"]}]},{"@type":"ImageObject","inLanguage":"en-US","@id":"https:\/\/medicinasinc.com\/pl\/product\/kup-k2-kadzidlo-spray\/#primaryimage","url":"https:\/\/medicinasinc.com\/pl\/wp-content\/uploads\/sites\/13\/2022\/02\/Buy-K2-Incense-Spray.png","contentUrl":"https:\/\/medicinasinc.com\/pl\/wp-content\/uploads\/sites\/13\/2022\/02\/Buy-K2-Incense-Spray.png","width":873,"height":433},{"@type":"BreadcrumbList","@id":"https:\/\/medicinasinc.com\/pl\/product\/kup-k2-kadzidlo-spray\/#breadcrumb","itemListElement":[{"@type":"ListItem","position":1,"name":"Sklep","item":"https:\/\/medicinasinc.com\/pl\/sklep\/"},{"@type":"ListItem","position":2,"name":"Kup spray do kadzide\u0142 K2"}]},{"@type":"WebSite","@id":"https:\/\/medicinasinc.com\/pl\/#website","url":"https:\/\/medicinasinc.com\/pl\/","name":"Medicinas Inc","description":"Health Medical Clinic","potentialAction":[{"@type":"SearchAction","target":{"@type":"EntryPoint","urlTemplate":"https:\/\/medicinasinc.com\/pl\/?s={search_term_string}"},"query-input":{"@type":"PropertyValueSpecification","valueRequired":true,"valueName":"search_term_string"}}],"inLanguage":"en-US"}]}},"_links":{"self":[{"href":"https:\/\/medicinasinc.com\/pl\/wp-json\/wp\/v2\/product\/4768","targetHints":{"allow":["GET"]}}],"collection":[{"href":"https:\/\/medicinasinc.com\/pl\/wp-json\/wp\/v2\/product"}],"about":[{"href":"https:\/\/medicinasinc.com\/pl\/wp-json\/wp\/v2\/types\/product"}],"replies":[{"embeddable":true,"href":"https:\/\/medicinasinc.com\/pl\/wp-json\/wp\/v2\/comments?post=4768"}],"wp:featuredmedia":[{"embeddable":true,"href":"https:\/\/medicinasinc.com\/pl\/wp-json\/wp\/v2\/media\/4783"}],"wp:attachment":[{"href":"https:\/\/medicinasinc.com\/pl\/wp-json\/wp\/v2\/media?parent=4768"}],"wp:term":[{"taxonomy":"product_brand","embeddable":true,"href":"https:\/\/medicinasinc.com\/pl\/wp-json\/wp\/v2\/product_brand?post=4768"},{"taxonomy":"product_cat","embeddable":true,"href":"https:\/\/medicinasinc.com\/pl\/wp-json\/wp\/v2\/product_cat?post=4768"},{"taxonomy":"product_tag","embeddable":true,"href":"https:\/\/medicinasinc.com\/pl\/wp-json\/wp\/v2\/product_tag?post=4768"}],"curies":[{"name":"wp","href":"https:\/\/api.w.org\/{rel}","templated":true}]}}